{"id":7244,"date":"2021-04-09T10:14:33","date_gmt":"2021-04-09T09:14:33","guid":{"rendered":"https:\/\/zapateneo.net\/wordpress\/?post_type=product&#038;p=7244"},"modified":"2021-09-29T15:17:56","modified_gmt":"2021-09-29T14:17:56","slug":"ekintza-zuzena-37","status":"publish","type":"product","link":"https:\/\/zapateneo.net\/wordpress\/index.php\/producto\/ekintza-zuzena-37\/","title":{"rendered":"EKINTZA ZUZENA # 37"},"content":{"rendered":"<ul>\n<li>Todo y nada \u2013 Dena eta ezer ez (Gunther Anders, extracto de \u2018La obsolescencia del ser humano\u2019)<\/li>\n<li>Boceto de un posible anarquismo vasco (A. Luzarraga)<\/li>\n<li>Nabarra y el igualitarismo del tercer milenio (J. Estebaranz, traducci\u00f3n de la introducci\u00f3n a la edici\u00f3n en euskera de novela \u2018Q\u2019)<\/li>\n<li>C\u00f3mic: \u201cMantened la pose, congelad el rictus\u201d (Roger)<\/li>\n<li>La crisis como momento de dominaci\u00f3n social (J. Agulles)<\/li>\n<li>\u00bfCrisis? Economicismos vs. Econom\u00eda (J. A. L\u00f3pez y Qoliya)<\/li>\n<li>Hacer de la necesidad virtud. Aportaciones para el debate y la pr\u00e1ctica de alternativas econ\u00f3micas (Qoliya y J. A.)<\/li>\n<li>Apuntes pol\u00e9micos sobre econom\u00eda y revoluci\u00f3n<\/li>\n<li>C\u00f3mic: \u201cGuerra\u201d<\/li>\n<li>Defender la tierra. USA 1989: los debates en torno a la ecolog\u00eda radical (J. Ardillo)<\/li>\n<li>La fiesta como retrato de la izquierda (A. Landariz)<\/li>\n<li>Terapia y salud mental (Jornadas \u2018Lejos del manicomio. Locura y dominio en la era del consenso\u2019)<\/li>\n<li>Que significa estar sano mentalmente? (Jornadas \u2018Lejos del manicomio. Locura y dominio en la era del consenso\u2019)<\/li>\n<li>Antidepresivos (Extra\u00eddo del texto \u201cFalsas promesas: \u00bfmedicamentos contra las enfermedades mentales?, editado en el libro <em>UHP. Un\u00edos Hermanos Psiquiatrizados en la guerra contra la mercanc\u00eda<\/em>)<\/li>\n<li>\u00c1frica, saqueo y esclavitud eternas \u2013 Afrika: etangabeko arpilatze eta esklabotza<\/li>\n<li>El ethos bielorruso \u2013 Ethos bielorrusiarra (Liux)<\/li>\n<li>5 experiencias de comunicaci\u00f3n libre: Etc\u00e9tera, Resquicios, Pititako Informatzen, Desarrollismoari Egurre! y El P\u00e8sol Negre<\/li>\n<li>Chile. Una mirada a la historia presente de la Guerra Social (1990-2010). Entrevista a militantes libertarios chilenxs<\/li>\n<li>La feminizaci\u00f3n del Estado: la mujer en el ej\u00e9rcito (M. del Prado Esteban)<\/li>\n<li>\u00bfMadrid se quema o quema Madrid? Entrevista con miembros del Grupo Ruptura de Madrid)<\/li>\n<li>120 a\u00f1os de teatro libre (Herr Doktor Fleming (AT))<\/li>\n<\/ul>\n<p>Consulta:<\/p>\n<p><a href=\"https:\/\/www.nodo50.org\/ekintza\/seccion\/numeros\/numero37\/\" target=\"_blank\" rel=\"noopener\">https:\/\/www.nodo50.org\/ekintza\/seccion\/numeros\/numero37\/<\/a><\/p>\n","protected":false},"excerpt":{"rendered":"<p><strong>ekintza zuzena<\/strong><br \/>\n2010040300013 &#8211; N\u00fam.\/Zbk.: 36 &#8211; EKINTZA ZUZENA &#8211; 2010 &#8211; 115 p\u00e1ginas \/orri.<\/p>\n","protected":false},"featured_media":7737,"template":"","meta":[],"product_brand":[],"product_cat":[1868,164],"product_tag":[4626,4209],"class_list":{"0":"post-7244","1":"product","2":"type-product","3":"status-publish","4":"has-post-thumbnail","6":"product_cat-anarkismoa-anarquismo","7":"product_cat-revistas-aldizkariak","8":"product_tag-deskargak","9":"product_tag-ekintza-zuzena","11":"first","12":"instock","13":"sold-individually","14":"shipping-taxable","15":"purchasable","16":"product-type-simple"},"yoast_head":"<!-- This site is optimized with the Yoast SEO plugin v27.3 - https:\/\/yoast.com\/product\/yoast-seo-wordpress\/ -->\n<title>EKINTZA ZUZENA # 37 &#8212; Zapateneo<\/title>\n<meta name=\"robots\" content=\"index, follow, max-snippet:-1, max-image-preview:large, max-video-preview:-1\" \/>\n<link rel=\"canonical\" href=\"https:\/\/zapateneo.net\/wordpress\/index.php\/producto\/ekintza-zuzena-37\/\" \/>\n<meta property=\"og:locale\" content=\"es_ES\" \/>\n<meta property=\"og:type\" content=\"article\" \/>\n<meta property=\"og:title\" content=\"EKINTZA ZUZENA # 37 &#8212; Zapateneo\" \/>\n<meta property=\"og:description\" content=\"ekintza zuzena 2010040300013 - N\u00fam.\/Zbk.: 36 - EKINTZA ZUZENA - 2010 - 115 p\u00e1ginas \/orri.\" \/>\n<meta property=\"og:url\" content=\"https:\/\/zapateneo.net\/wordpress\/index.php\/producto\/ekintza-zuzena-37\/\" \/>\n<meta property=\"og:site_name\" content=\"Zapateneo\" \/>\n<meta property=\"article:modified_time\" content=\"2021-09-29T14:17:56+00:00\" \/>\n<meta property=\"og:image\" content=\"https:\/\/zapateneo.net\/wordpress\/wp-content\/uploads\/2021\/04\/37ezp-212x300-1.jpg\" \/>\n\t<meta property=\"og:image:width\" content=\"212\" \/>\n\t<meta property=\"og:image:height\" content=\"300\" \/>\n\t<meta property=\"og:image:type\" content=\"image\/jpeg\" \/>\n<meta name=\"twitter:card\" content=\"summary_large_image\" \/>\n<meta name=\"twitter:site\" content=\"@zapateneo\" \/>\n<meta name=\"twitter:label1\" content=\"Tiempo de lectura\" \/>\n\t<meta name=\"twitter:data1\" content=\"2 minutos\" \/>\n<script type=\"application\/ld+json\" class=\"yoast-schema-graph\">{\"@context\":\"https:\\\/\\\/schema.org\",\"@graph\":[{\"@type\":\"WebPage\",\"@id\":\"https:\\\/\\\/zapateneo.net\\\/wordpress\\\/index.php\\\/producto\\\/ekintza-zuzena-37\\\/\",\"url\":\"https:\\\/\\\/zapateneo.net\\\/wordpress\\\/index.php\\\/producto\\\/ekintza-zuzena-37\\\/\",\"name\":\"EKINTZA ZUZENA # 37 &#8212; Zapateneo\",\"isPartOf\":{\"@id\":\"https:\\\/\\\/zapateneo.net\\\/wordpress\\\/#website\"},\"primaryImageOfPage\":{\"@id\":\"https:\\\/\\\/zapateneo.net\\\/wordpress\\\/index.php\\\/producto\\\/ekintza-zuzena-37\\\/#primaryimage\"},\"image\":{\"@id\":\"https:\\\/\\\/zapateneo.net\\\/wordpress\\\/index.php\\\/producto\\\/ekintza-zuzena-37\\\/#primaryimage\"},\"thumbnailUrl\":\"https:\\\/\\\/zapateneo.net\\\/wordpress\\\/wp-content\\\/uploads\\\/2021\\\/04\\\/37ezp-212x300-1.jpg\",\"datePublished\":\"2021-04-09T09:14:33+00:00\",\"dateModified\":\"2021-09-29T14:17:56+00:00\",\"breadcrumb\":{\"@id\":\"https:\\\/\\\/zapateneo.net\\\/wordpress\\\/index.php\\\/producto\\\/ekintza-zuzena-37\\\/#breadcrumb\"},\"inLanguage\":\"es\",\"potentialAction\":[{\"@type\":\"ReadAction\",\"target\":[\"https:\\\/\\\/zapateneo.net\\\/wordpress\\\/index.php\\\/producto\\\/ekintza-zuzena-37\\\/\"]}]},{\"@type\":\"ImageObject\",\"inLanguage\":\"es\",\"@id\":\"https:\\\/\\\/zapateneo.net\\\/wordpress\\\/index.php\\\/producto\\\/ekintza-zuzena-37\\\/#primaryimage\",\"url\":\"https:\\\/\\\/zapateneo.net\\\/wordpress\\\/wp-content\\\/uploads\\\/2021\\\/04\\\/37ezp-212x300-1.jpg\",\"contentUrl\":\"https:\\\/\\\/zapateneo.net\\\/wordpress\\\/wp-content\\\/uploads\\\/2021\\\/04\\\/37ezp-212x300-1.jpg\",\"width\":212,\"height\":300},{\"@type\":\"BreadcrumbList\",\"@id\":\"https:\\\/\\\/zapateneo.net\\\/wordpress\\\/index.php\\\/producto\\\/ekintza-zuzena-37\\\/#breadcrumb\",\"itemListElement\":[{\"@type\":\"ListItem\",\"position\":1,\"name\":\"Portada\",\"item\":\"https:\\\/\\\/zapateneo.net\\\/wordpress\\\/\"},{\"@type\":\"ListItem\",\"position\":2,\"name\":\"Tienda\",\"item\":\"https:\\\/\\\/zapateneo.net\\\/wordpress\\\/\"},{\"@type\":\"ListItem\",\"position\":3,\"name\":\"EKINTZA ZUZENA # 37\"}]},{\"@type\":\"WebSite\",\"@id\":\"https:\\\/\\\/zapateneo.net\\\/wordpress\\\/#website\",\"url\":\"https:\\\/\\\/zapateneo.net\\\/wordpress\\\/\",\"name\":\"Zapateneo\",\"description\":\"Zapateneoaren webgunea\",\"publisher\":{\"@id\":\"https:\\\/\\\/zapateneo.net\\\/wordpress\\\/#organization\"},\"potentialAction\":[{\"@type\":\"SearchAction\",\"target\":{\"@type\":\"EntryPoint\",\"urlTemplate\":\"https:\\\/\\\/zapateneo.net\\\/wordpress\\\/?s={search_term_string}\"},\"query-input\":{\"@type\":\"PropertyValueSpecification\",\"valueRequired\":true,\"valueName\":\"search_term_string\"}}],\"inLanguage\":\"es\"},{\"@type\":\"Organization\",\"@id\":\"https:\\\/\\\/zapateneo.net\\\/wordpress\\\/#organization\",\"name\":\"Zapateneo Kultur Elkartea\",\"url\":\"https:\\\/\\\/zapateneo.net\\\/wordpress\\\/\",\"logo\":{\"@type\":\"ImageObject\",\"inLanguage\":\"es\",\"@id\":\"https:\\\/\\\/zapateneo.net\\\/wordpress\\\/#\\\/schema\\\/logo\\\/image\\\/\",\"url\":\"https:\\\/\\\/zapateneo.net\\\/wordpress\\\/wp-content\\\/uploads\\\/2021\\\/04\\\/zap-libu-kolec.jpg\",\"contentUrl\":\"https:\\\/\\\/zapateneo.net\\\/wordpress\\\/wp-content\\\/uploads\\\/2021\\\/04\\\/zap-libu-kolec.jpg\",\"width\":2234,\"height\":398,\"caption\":\"Zapateneo Kultur Elkartea\"},\"image\":{\"@id\":\"https:\\\/\\\/zapateneo.net\\\/wordpress\\\/#\\\/schema\\\/logo\\\/image\\\/\"},\"sameAs\":[\"https:\\\/\\\/x.com\\\/zapateneo\"]}]}<\/script>\n<!-- \/ Yoast SEO plugin. -->","yoast_head_json":{"title":"EKINTZA ZUZENA # 37 &#8212; Zapateneo","robots":{"index":"index","follow":"follow","max-snippet":"max-snippet:-1","max-image-preview":"max-image-preview:large","max-video-preview":"max-video-preview:-1"},"canonical":"https:\/\/zapateneo.net\/wordpress\/index.php\/producto\/ekintza-zuzena-37\/","og_locale":"es_ES","og_type":"article","og_title":"EKINTZA ZUZENA # 37 &#8212; Zapateneo","og_description":"ekintza zuzena 2010040300013 - N\u00fam.\/Zbk.: 36 - EKINTZA ZUZENA - 2010 - 115 p\u00e1ginas \/orri.","og_url":"https:\/\/zapateneo.net\/wordpress\/index.php\/producto\/ekintza-zuzena-37\/","og_site_name":"Zapateneo","article_modified_time":"2021-09-29T14:17:56+00:00","og_image":[{"width":212,"height":300,"url":"https:\/\/zapateneo.net\/wordpress\/wp-content\/uploads\/2021\/04\/37ezp-212x300-1.jpg","type":"image\/jpeg"}],"twitter_card":"summary_large_image","twitter_site":"@zapateneo","twitter_misc":{"Tiempo de lectura":"2 minutos"},"schema":{"@context":"https:\/\/schema.org","@graph":[{"@type":"WebPage","@id":"https:\/\/zapateneo.net\/wordpress\/index.php\/producto\/ekintza-zuzena-37\/","url":"https:\/\/zapateneo.net\/wordpress\/index.php\/producto\/ekintza-zuzena-37\/","name":"EKINTZA ZUZENA # 37 &#8212; Zapateneo","isPartOf":{"@id":"https:\/\/zapateneo.net\/wordpress\/#website"},"primaryImageOfPage":{"@id":"https:\/\/zapateneo.net\/wordpress\/index.php\/producto\/ekintza-zuzena-37\/#primaryimage"},"image":{"@id":"https:\/\/zapateneo.net\/wordpress\/index.php\/producto\/ekintza-zuzena-37\/#primaryimage"},"thumbnailUrl":"https:\/\/zapateneo.net\/wordpress\/wp-content\/uploads\/2021\/04\/37ezp-212x300-1.jpg","datePublished":"2021-04-09T09:14:33+00:00","dateModified":"2021-09-29T14:17:56+00:00","breadcrumb":{"@id":"https:\/\/zapateneo.net\/wordpress\/index.php\/producto\/ekintza-zuzena-37\/#breadcrumb"},"inLanguage":"es","potentialAction":[{"@type":"ReadAction","target":["https:\/\/zapateneo.net\/wordpress\/index.php\/producto\/ekintza-zuzena-37\/"]}]},{"@type":"ImageObject","inLanguage":"es","@id":"https:\/\/zapateneo.net\/wordpress\/index.php\/producto\/ekintza-zuzena-37\/#primaryimage","url":"https:\/\/zapateneo.net\/wordpress\/wp-content\/uploads\/2021\/04\/37ezp-212x300-1.jpg","contentUrl":"https:\/\/zapateneo.net\/wordpress\/wp-content\/uploads\/2021\/04\/37ezp-212x300-1.jpg","width":212,"height":300},{"@type":"BreadcrumbList","@id":"https:\/\/zapateneo.net\/wordpress\/index.php\/producto\/ekintza-zuzena-37\/#breadcrumb","itemListElement":[{"@type":"ListItem","position":1,"name":"Portada","item":"https:\/\/zapateneo.net\/wordpress\/"},{"@type":"ListItem","position":2,"name":"Tienda","item":"https:\/\/zapateneo.net\/wordpress\/"},{"@type":"ListItem","position":3,"name":"EKINTZA ZUZENA # 37"}]},{"@type":"WebSite","@id":"https:\/\/zapateneo.net\/wordpress\/#website","url":"https:\/\/zapateneo.net\/wordpress\/","name":"Zapateneo","description":"Zapateneoaren webgunea","publisher":{"@id":"https:\/\/zapateneo.net\/wordpress\/#organization"},"potentialAction":[{"@type":"SearchAction","target":{"@type":"EntryPoint","urlTemplate":"https:\/\/zapateneo.net\/wordpress\/?s={search_term_string}"},"query-input":{"@type":"PropertyValueSpecification","valueRequired":true,"valueName":"search_term_string"}}],"inLanguage":"es"},{"@type":"Organization","@id":"https:\/\/zapateneo.net\/wordpress\/#organization","name":"Zapateneo Kultur Elkartea","url":"https:\/\/zapateneo.net\/wordpress\/","logo":{"@type":"ImageObject","inLanguage":"es","@id":"https:\/\/zapateneo.net\/wordpress\/#\/schema\/logo\/image\/","url":"https:\/\/zapateneo.net\/wordpress\/wp-content\/uploads\/2021\/04\/zap-libu-kolec.jpg","contentUrl":"https:\/\/zapateneo.net\/wordpress\/wp-content\/uploads\/2021\/04\/zap-libu-kolec.jpg","width":2234,"height":398,"caption":"Zapateneo Kultur Elkartea"},"image":{"@id":"https:\/\/zapateneo.net\/wordpress\/#\/schema\/logo\/image\/"},"sameAs":["https:\/\/x.com\/zapateneo"]}]}},"_links":{"self":[{"href":"https:\/\/zapateneo.net\/wordpress\/index.php\/wp-json\/wp\/v2\/product\/7244","targetHints":{"allow":["GET"]}}],"collection":[{"href":"https:\/\/zapateneo.net\/wordpress\/index.php\/wp-json\/wp\/v2\/product"}],"about":[{"href":"https:\/\/zapateneo.net\/wordpress\/index.php\/wp-json\/wp\/v2\/types\/product"}],"wp:featuredmedia":[{"embeddable":true,"href":"https:\/\/zapateneo.net\/wordpress\/index.php\/wp-json\/wp\/v2\/media\/7737"}],"wp:attachment":[{"href":"https:\/\/zapateneo.net\/wordpress\/index.php\/wp-json\/wp\/v2\/media?parent=7244"}],"wp:term":[{"taxonomy":"product_brand","embeddable":true,"href":"https:\/\/zapateneo.net\/wordpress\/index.php\/wp-json\/wp\/v2\/product_brand?post=7244"},{"taxonomy":"product_cat","embeddable":true,"href":"https:\/\/zapateneo.net\/wordpress\/index.php\/wp-json\/wp\/v2\/product_cat?post=7244"},{"taxonomy":"product_tag","embeddable":true,"href":"https:\/\/zapateneo.net\/wordpress\/index.php\/wp-json\/wp\/v2\/product_tag?post=7244"}],"curies":[{"name":"wp","href":"https:\/\/api.w.org\/{rel}","templated":true}]}}