{"id":7226,"date":"2021-04-09T10:14:28","date_gmt":"2021-04-09T09:14:28","guid":{"rendered":"https:\/\/zapateneo.net\/wordpress\/?post_type=product&#038;p=7226"},"modified":"2021-09-29T15:32:27","modified_gmt":"2021-09-29T14:32:27","slug":"un-amargo-declinar-energia-y-totalitarismo-ecologico","status":"publish","type":"product","link":"https:\/\/zapateneo.net\/wordpress\/index.php\/producto\/un-amargo-declinar-energia-y-totalitarismo-ecologico\/","title":{"rendered":"un amargo declinar: energia y totalitarismo ecologico"},"content":{"rendered":"<div style=\"font-family: inherit; text-align: justify;\"><span style=\"font-size: small;\"><em>La motivaci\u00f3n que ha empujado a sacar esta publicaci\u00f3n es doble. Por un lado, queremos explicar por qu\u00e9 la situaci\u00f3n en la que se encuentra la humanidad es tremendamente delicada. Si hablamos de \u00abla humanidad\u00bb es porque con la globalizaci\u00f3n econ\u00f3mica vino tambi\u00e9n la universalizaci\u00f3n de las dependencias de un sistema econ\u00f3mico, que se extendi\u00f3 a todo el planeta, y de los problemas que pudieran derivarse de su voraz funcionamiento o de su colapso.<\/em><\/span><\/div>\n<div style=\"font-family: inherit; text-align: justify;\"><span style=\"font-size: small;\"><em>Intentaremos analizar el actual problema energ\u00e9tico (y las consecuencias que podr\u00e1 tener desde el punto de vista del acceso a los bienes materiales) en el que estamos inmersos, entendiendo que lo que se nos aparece como una crisis financiera, econ\u00f3mica, laboral, etc. tienen en la contracci\u00f3n de los recursos energ\u00e9ticos y en los desequilibrios ecol\u00f3gicos una base f\u00edsica ineludible si se quieren explicar todos estos aspectos, pues el problema energ\u00e9tico (y en extensi\u00f3n, el ecol\u00f3gico) subyace a todos los dem\u00e1s. Por otra parte, queremos intentar transmitir una inquietud ante el ascenso de la dominaci\u00f3n que podr\u00eda tener lugar cuando empiecen a alcanzar una magnitud suficiente los problemas derivados de la crisis, en forma de escasez material cotidiana y proliferaci\u00f3n de desastres de todo tipo. Una crisis que no ha hecho m\u00e1s que empezar.\u00bb<\/em><\/span><\/div>\n<div style=\"font-family: inherit; text-align: justify;\"><\/div>\n<div style=\"font-family: inherit; text-align: justify;\"><span style=\"font-size: small;\">\u00cdndice:<\/span><\/div>\n<div style=\"font-family: inherit; text-align: justify;\"><span style=\"font-size: small;\">\u00a0 \u00b7 Introducci\u00f3n <\/span><\/div>\n<div style=\"font-family: inherit; text-align: justify;\"><span style=\"font-size: small;\">\u00a0 \u00b7 El dilema energ\u00e9tico mundial<\/span><\/div>\n<div style=\"font-family: inherit; text-align: justify;\"><span style=\"font-size: small;\">\u00a0 \u00b7 Aprendiendo la lecci\u00f3n de la experiencia: las crisis agr\u00edcolas de Corea del Norte y Cuba.<\/span><\/div>\n<div style=\"font-family: inherit; text-align: justify;\"><span style=\"font-size: small;\">\u00a0 \u00b7 Entendiendo la crisis energ\u00e9tica: un cuestionario a Pedro Prieto.<\/span><\/div>\n<div style=\"font-family: inherit; text-align: justify;\"><span style=\"font-size: small;\">\u00a0 \u00b7 Lecciones sobre historia y energ\u00eda<\/span><\/div>\n<div style=\"font-family: inherit; text-align: justify;\"><span style=\"font-size: small;\">\u00a0 \u00b7 En torno a \u00abEl salario del gigante\u00bb<\/span><\/div>\n<div style=\"font-family: inherit; text-align: justify;\"><span style=\"font-size: small;\">\u00a0 \u00b7 Rese\u00f1as: algunos documentos sobre energ\u00eda nuclear<\/span><\/div>\n<div style=\"font-family: inherit; text-align: justify;\"><span style=\"font-size: small;\">\u00a0 \u00b7 Catastrofismo: Recensi\u00f3n y comentarios.<\/span><\/div>\n<div style=\"font-family: inherit; text-align: justify;\"><\/div>\n<div style=\"font-family: inherit; text-align: justify;\"><span style=\"font-size: small;\">Editado por Invierno (Zaragoza).<\/span><\/div>\n<div style=\"font-family: inherit; text-align: justify;\"><span style=\"font-size: small;\">110 p\u00e1ginas. <\/span><\/div>\n<div><\/div>\n<div>Deskarga:<\/div>\n<p><a href=\"http:\/\/www.cenit-del-petroleo.info\/arquivos\/colectivo-invierno-un-amargo-declinar-energia-totalitarismo-ecologico-2012.pdf\">http:\/\/www.cenit-del-petroleo.info\/arquivos\/colectivo-invierno-un-amargo-declinar-energia-totalitarismo-ecologico-2012.pdf<\/a><\/p>\n<p>&nbsp;<\/p>\n<p>&nbsp;<\/p>\n<p>&nbsp;<\/p>\n<p>&nbsp;<\/p>\n<p>&nbsp;<\/p>\n<p>&nbsp;<\/p>\n<p>&nbsp;<\/p>\n<p>&nbsp;<\/p>\n<p>&nbsp;<\/p>\n<p>&nbsp;<\/p>\n<p>&nbsp;<\/p>\n","protected":false},"excerpt":{"rendered":"<p>2012040500189 &#8211; N\u00fam.\/Zbk.: 1 &#8211; invierno &#8211; 2012 &#8211; 109 p\u00e1ginas \/orri.<\/p>\n","protected":false},"featured_media":0,"template":"","meta":[],"product_brand":[],"product_cat":[180,164],"product_tag":[4626],"class_list":{"0":"post-7226","1":"product","2":"type-product","3":"status-publish","5":"product_cat-ekologia-ecologia","6":"product_cat-revistas-aldizkariak","7":"product_tag-deskargak","9":"first","10":"instock","11":"sold-individually","12":"shipping-taxable","13":"purchasable","14":"product-type-simple"},"yoast_head":"<!-- This site is optimized with the Yoast SEO plugin v27.3 - https:\/\/yoast.com\/product\/yoast-seo-wordpress\/ -->\n<title>un amargo declinar: energia y totalitarismo ecologico &#8212; Zapateneo<\/title>\n<meta name=\"robots\" content=\"index, follow, max-snippet:-1, max-image-preview:large, max-video-preview:-1\" \/>\n<link rel=\"canonical\" href=\"https:\/\/zapateneo.net\/wordpress\/index.php\/producto\/un-amargo-declinar-energia-y-totalitarismo-ecologico\/\" \/>\n<meta property=\"og:locale\" content=\"es_ES\" \/>\n<meta property=\"og:type\" content=\"article\" \/>\n<meta property=\"og:title\" content=\"un amargo declinar: energia y totalitarismo ecologico &#8212; Zapateneo\" \/>\n<meta property=\"og:description\" content=\"2012040500189 - N\u00fam.\/Zbk.: 1 - invierno - 2012 - 109 p\u00e1ginas \/orri.\" \/>\n<meta property=\"og:url\" content=\"https:\/\/zapateneo.net\/wordpress\/index.php\/producto\/un-amargo-declinar-energia-y-totalitarismo-ecologico\/\" \/>\n<meta property=\"og:site_name\" content=\"Zapateneo\" \/>\n<meta property=\"article:modified_time\" content=\"2021-09-29T14:32:27+00:00\" \/>\n<meta name=\"twitter:card\" content=\"summary_large_image\" \/>\n<meta name=\"twitter:site\" content=\"@zapateneo\" \/>\n<meta name=\"twitter:label1\" content=\"Tiempo de lectura\" \/>\n\t<meta name=\"twitter:data1\" content=\"2 minutos\" \/>\n<script type=\"application\/ld+json\" class=\"yoast-schema-graph\">{\"@context\":\"https:\\\/\\\/schema.org\",\"@graph\":[{\"@type\":\"WebPage\",\"@id\":\"https:\\\/\\\/zapateneo.net\\\/wordpress\\\/index.php\\\/producto\\\/un-amargo-declinar-energia-y-totalitarismo-ecologico\\\/\",\"url\":\"https:\\\/\\\/zapateneo.net\\\/wordpress\\\/index.php\\\/producto\\\/un-amargo-declinar-energia-y-totalitarismo-ecologico\\\/\",\"name\":\"un amargo declinar: energia y totalitarismo ecologico &#8212; Zapateneo\",\"isPartOf\":{\"@id\":\"https:\\\/\\\/zapateneo.net\\\/wordpress\\\/#website\"},\"datePublished\":\"2021-04-09T09:14:28+00:00\",\"dateModified\":\"2021-09-29T14:32:27+00:00\",\"breadcrumb\":{\"@id\":\"https:\\\/\\\/zapateneo.net\\\/wordpress\\\/index.php\\\/producto\\\/un-amargo-declinar-energia-y-totalitarismo-ecologico\\\/#breadcrumb\"},\"inLanguage\":\"es\",\"potentialAction\":[{\"@type\":\"ReadAction\",\"target\":[\"https:\\\/\\\/zapateneo.net\\\/wordpress\\\/index.php\\\/producto\\\/un-amargo-declinar-energia-y-totalitarismo-ecologico\\\/\"]}]},{\"@type\":\"BreadcrumbList\",\"@id\":\"https:\\\/\\\/zapateneo.net\\\/wordpress\\\/index.php\\\/producto\\\/un-amargo-declinar-energia-y-totalitarismo-ecologico\\\/#breadcrumb\",\"itemListElement\":[{\"@type\":\"ListItem\",\"position\":1,\"name\":\"Portada\",\"item\":\"https:\\\/\\\/zapateneo.net\\\/wordpress\\\/\"},{\"@type\":\"ListItem\",\"position\":2,\"name\":\"Tienda\",\"item\":\"https:\\\/\\\/zapateneo.net\\\/wordpress\\\/\"},{\"@type\":\"ListItem\",\"position\":3,\"name\":\"un amargo declinar: energia y totalitarismo ecologico\"}]},{\"@type\":\"WebSite\",\"@id\":\"https:\\\/\\\/zapateneo.net\\\/wordpress\\\/#website\",\"url\":\"https:\\\/\\\/zapateneo.net\\\/wordpress\\\/\",\"name\":\"Zapateneo\",\"description\":\"Zapateneoaren webgunea\",\"publisher\":{\"@id\":\"https:\\\/\\\/zapateneo.net\\\/wordpress\\\/#organization\"},\"potentialAction\":[{\"@type\":\"SearchAction\",\"target\":{\"@type\":\"EntryPoint\",\"urlTemplate\":\"https:\\\/\\\/zapateneo.net\\\/wordpress\\\/?s={search_term_string}\"},\"query-input\":{\"@type\":\"PropertyValueSpecification\",\"valueRequired\":true,\"valueName\":\"search_term_string\"}}],\"inLanguage\":\"es\"},{\"@type\":\"Organization\",\"@id\":\"https:\\\/\\\/zapateneo.net\\\/wordpress\\\/#organization\",\"name\":\"Zapateneo Kultur Elkartea\",\"url\":\"https:\\\/\\\/zapateneo.net\\\/wordpress\\\/\",\"logo\":{\"@type\":\"ImageObject\",\"inLanguage\":\"es\",\"@id\":\"https:\\\/\\\/zapateneo.net\\\/wordpress\\\/#\\\/schema\\\/logo\\\/image\\\/\",\"url\":\"https:\\\/\\\/zapateneo.net\\\/wordpress\\\/wp-content\\\/uploads\\\/2021\\\/04\\\/zap-libu-kolec.jpg\",\"contentUrl\":\"https:\\\/\\\/zapateneo.net\\\/wordpress\\\/wp-content\\\/uploads\\\/2021\\\/04\\\/zap-libu-kolec.jpg\",\"width\":2234,\"height\":398,\"caption\":\"Zapateneo Kultur Elkartea\"},\"image\":{\"@id\":\"https:\\\/\\\/zapateneo.net\\\/wordpress\\\/#\\\/schema\\\/logo\\\/image\\\/\"},\"sameAs\":[\"https:\\\/\\\/x.com\\\/zapateneo\"]}]}<\/script>\n<!-- \/ Yoast SEO plugin. -->","yoast_head_json":{"title":"un amargo declinar: energia y totalitarismo ecologico &#8212; Zapateneo","robots":{"index":"index","follow":"follow","max-snippet":"max-snippet:-1","max-image-preview":"max-image-preview:large","max-video-preview":"max-video-preview:-1"},"canonical":"https:\/\/zapateneo.net\/wordpress\/index.php\/producto\/un-amargo-declinar-energia-y-totalitarismo-ecologico\/","og_locale":"es_ES","og_type":"article","og_title":"un amargo declinar: energia y totalitarismo ecologico &#8212; Zapateneo","og_description":"2012040500189 - N\u00fam.\/Zbk.: 1 - invierno - 2012 - 109 p\u00e1ginas \/orri.","og_url":"https:\/\/zapateneo.net\/wordpress\/index.php\/producto\/un-amargo-declinar-energia-y-totalitarismo-ecologico\/","og_site_name":"Zapateneo","article_modified_time":"2021-09-29T14:32:27+00:00","twitter_card":"summary_large_image","twitter_site":"@zapateneo","twitter_misc":{"Tiempo de lectura":"2 minutos"},"schema":{"@context":"https:\/\/schema.org","@graph":[{"@type":"WebPage","@id":"https:\/\/zapateneo.net\/wordpress\/index.php\/producto\/un-amargo-declinar-energia-y-totalitarismo-ecologico\/","url":"https:\/\/zapateneo.net\/wordpress\/index.php\/producto\/un-amargo-declinar-energia-y-totalitarismo-ecologico\/","name":"un amargo declinar: energia y totalitarismo ecologico &#8212; Zapateneo","isPartOf":{"@id":"https:\/\/zapateneo.net\/wordpress\/#website"},"datePublished":"2021-04-09T09:14:28+00:00","dateModified":"2021-09-29T14:32:27+00:00","breadcrumb":{"@id":"https:\/\/zapateneo.net\/wordpress\/index.php\/producto\/un-amargo-declinar-energia-y-totalitarismo-ecologico\/#breadcrumb"},"inLanguage":"es","potentialAction":[{"@type":"ReadAction","target":["https:\/\/zapateneo.net\/wordpress\/index.php\/producto\/un-amargo-declinar-energia-y-totalitarismo-ecologico\/"]}]},{"@type":"BreadcrumbList","@id":"https:\/\/zapateneo.net\/wordpress\/index.php\/producto\/un-amargo-declinar-energia-y-totalitarismo-ecologico\/#breadcrumb","itemListElement":[{"@type":"ListItem","position":1,"name":"Portada","item":"https:\/\/zapateneo.net\/wordpress\/"},{"@type":"ListItem","position":2,"name":"Tienda","item":"https:\/\/zapateneo.net\/wordpress\/"},{"@type":"ListItem","position":3,"name":"un amargo declinar: energia y totalitarismo ecologico"}]},{"@type":"WebSite","@id":"https:\/\/zapateneo.net\/wordpress\/#website","url":"https:\/\/zapateneo.net\/wordpress\/","name":"Zapateneo","description":"Zapateneoaren webgunea","publisher":{"@id":"https:\/\/zapateneo.net\/wordpress\/#organization"},"potentialAction":[{"@type":"SearchAction","target":{"@type":"EntryPoint","urlTemplate":"https:\/\/zapateneo.net\/wordpress\/?s={search_term_string}"},"query-input":{"@type":"PropertyValueSpecification","valueRequired":true,"valueName":"search_term_string"}}],"inLanguage":"es"},{"@type":"Organization","@id":"https:\/\/zapateneo.net\/wordpress\/#organization","name":"Zapateneo Kultur Elkartea","url":"https:\/\/zapateneo.net\/wordpress\/","logo":{"@type":"ImageObject","inLanguage":"es","@id":"https:\/\/zapateneo.net\/wordpress\/#\/schema\/logo\/image\/","url":"https:\/\/zapateneo.net\/wordpress\/wp-content\/uploads\/2021\/04\/zap-libu-kolec.jpg","contentUrl":"https:\/\/zapateneo.net\/wordpress\/wp-content\/uploads\/2021\/04\/zap-libu-kolec.jpg","width":2234,"height":398,"caption":"Zapateneo Kultur Elkartea"},"image":{"@id":"https:\/\/zapateneo.net\/wordpress\/#\/schema\/logo\/image\/"},"sameAs":["https:\/\/x.com\/zapateneo"]}]}},"_links":{"self":[{"href":"https:\/\/zapateneo.net\/wordpress\/index.php\/wp-json\/wp\/v2\/product\/7226","targetHints":{"allow":["GET"]}}],"collection":[{"href":"https:\/\/zapateneo.net\/wordpress\/index.php\/wp-json\/wp\/v2\/product"}],"about":[{"href":"https:\/\/zapateneo.net\/wordpress\/index.php\/wp-json\/wp\/v2\/types\/product"}],"wp:attachment":[{"href":"https:\/\/zapateneo.net\/wordpress\/index.php\/wp-json\/wp\/v2\/media?parent=7226"}],"wp:term":[{"taxonomy":"product_brand","embeddable":true,"href":"https:\/\/zapateneo.net\/wordpress\/index.php\/wp-json\/wp\/v2\/product_brand?post=7226"},{"taxonomy":"product_cat","embeddable":true,"href":"https:\/\/zapateneo.net\/wordpress\/index.php\/wp-json\/wp\/v2\/product_cat?post=7226"},{"taxonomy":"product_tag","embeddable":true,"href":"https:\/\/zapateneo.net\/wordpress\/index.php\/wp-json\/wp\/v2\/product_tag?post=7226"}],"curies":[{"name":"wp","href":"https:\/\/api.w.org\/{rel}","templated":true}]}}