{"id":716,"date":"2021-04-07T07:40:54","date_gmt":"2021-04-07T06:40:54","guid":{"rendered":"https:\/\/zapateneo.net\/wordpress\/?post_type=product&#038;p=716"},"modified":"2021-12-27T18:36:27","modified_gmt":"2021-12-27T17:36:27","slug":"la-politica-contra-la-historia","status":"publish","type":"product","link":"https:\/\/zapateneo.net\/wordpress\/index.php\/producto\/la-politica-contra-la-historia\/","title":{"rendered":"La pol\u00edtica contra la historia"},"content":{"rendered":"<p>En estos tres textos Mario Tronti presenta su teor\u00eda de la pol\u00edtica del siglo XX, que en su opini\u00f3n es la historia de la pol\u00edtica de la clase obrera, la pol\u00edtica del comunismo como horizonte de la lucha de clases y la constituci\u00f3n de las clases subalternas como clases dirigentes y sujeto pol\u00edtico capaz, por primera vez en la historia, de producir un proyecto racional de liberaci\u00f3n colectiva susceptible de arrancar a las clases dominantes el control de la reproducci\u00f3n social. La pol\u00edtica del sujeto obrero ha sido durante el siglo XX la fuerza primordial para definir el proyecto pol\u00edtico de la modernidad y la primera forma de constituci\u00f3n pol\u00edtica que ha presentado un desaf\u00edo estructural por parte de las clases subalternas al proyecto secular de dominaci\u00f3n construido por las clases y elites dominantes capitalistas. La pol\u00edtica comunista entendida como una apuesta racional de introducci\u00f3n del antagonismo del sujeto productivo como variable independiente de la reproducci\u00f3n social y de destrucci\u00f3n del proyecto de subordinaci\u00f3n y explotaci\u00f3n global de la riqueza planetaria.<\/p>\n<p>Las preguntas esenciales que plantea Tronti en este libro ?c\u00f3mo puede pensarse hoy la pol\u00edtica tras la derrota del proyecto comunista en el largo siglo XX y cu\u00e1les son las relaciones entre antagonismo social y constituci\u00f3n pol\u00edtica de las clases dominadas en un entorno de grave crisis del capitalismo, de mutaci\u00f3n geopol\u00edtica del contexto global y de reacci\u00f3n neoautoritaria de las elites occidentales? constituyen una l\u00facida reflexi\u00f3n sobre la construcci\u00f3n necesaria de sujetos pol\u00edticos fuertes capaces de orientar su acci\u00f3n en t\u00e9rminos netamente poscapitalistas y revolucionarios en este momento hist\u00f3rico. \u00bfC\u00f3mo construir en consecuencia una pol\u00edtica radical, dotada de un fuerte impacto antisist\u00e9mico, que logre poner fin a la dominaci\u00f3n capitalista cuando la crisis es multidimensional y ecol\u00f3gicamente compleja y la composici\u00f3n t\u00e9cnica y pol\u00edtica de la fuerza de trabajo ha cambiado radicalmente, oscilando entre el trabajo cognitivo de alta valencia productiva y la vigencia de modelos de explotaci\u00f3n neofeudales de una brutalidad y extensi\u00f3n enormes? \u00bfC\u00f3mo pensar ese sujeto pol\u00edtico en una coyuntura en la que la violencia del capital y sus elites vuelve a imponerse como un expediente cotidiano de gesti\u00f3n del antagonismo social, cuya virulencia se evidencia en las formas de administraci\u00f3n de la crisis de 2008, en la gesti\u00f3n de los flujos migratorios y en el incremento exponencial de la desigualdad dentro de los pa\u00edses individualmente considerados? Si la pol\u00edtica de la fuerza de trabajo, que ha vertebrado el siglo XX, constituye la premisa para pensar un mundo en el que la igualdad y la justicia sean fruto de la potencia de los sujetos productivos y no el resultado miserable de su explotaci\u00f3n estructural por las relaciones capitalistas de producci\u00f3n, entonces las formas in\u00e9ditas de cooperaci\u00f3n social y de organizaci\u00f3n pol\u00edtica posnacionales indican el horizonte de construcci\u00f3n de los nuevos sujetos pol\u00edticos en el momento presente.<\/p>\n","protected":false},"excerpt":{"rendered":"<p><strong>Tronti, Mario<\/strong><br \/>\n9788494460098 &#8211; Traficantes de Sue\u00f1os &#8211; 2016 &#8211; 427 p\u00e1ginas \/orri.<\/p>\n","protected":false},"featured_media":742,"template":"","meta":[],"product_brand":[],"product_cat":[16,173],"product_tag":[72,587],"class_list":{"0":"post-716","1":"product","2":"type-product","3":"status-publish","4":"has-post-thumbnail","6":"product_cat-libros","7":"product_cat-saiakera-ensayo","8":"product_tag-traficantes-de-suenos","9":"product_tag-tronti","11":"first","12":"instock","13":"sold-individually","14":"shipping-taxable","15":"purchasable","16":"product-type-simple"},"yoast_head":"<!-- This site is optimized with the Yoast SEO plugin v27.3 - https:\/\/yoast.com\/product\/yoast-seo-wordpress\/ -->\n<title>La pol\u00edtica contra la historia &#8212; Zapateneo<\/title>\n<meta name=\"robots\" content=\"index, follow, max-snippet:-1, max-image-preview:large, max-video-preview:-1\" \/>\n<link rel=\"canonical\" href=\"https:\/\/zapateneo.net\/wordpress\/index.php\/producto\/la-politica-contra-la-historia\/\" \/>\n<meta property=\"og:locale\" content=\"es_ES\" \/>\n<meta property=\"og:type\" content=\"article\" \/>\n<meta property=\"og:title\" content=\"La pol\u00edtica contra la historia &#8212; Zapateneo\" \/>\n<meta property=\"og:description\" content=\"Tronti, Mario 9788494460098 - Traficantes de Sue\u00f1os - 2016 - 427 p\u00e1ginas \/orri.\" \/>\n<meta property=\"og:url\" content=\"https:\/\/zapateneo.net\/wordpress\/index.php\/producto\/la-politica-contra-la-historia\/\" \/>\n<meta property=\"og:site_name\" content=\"Zapateneo\" \/>\n<meta property=\"article:modified_time\" content=\"2021-12-27T17:36:27+00:00\" \/>\n<meta property=\"og:image\" content=\"https:\/\/zapateneo.net\/wordpress\/wp-content\/uploads\/2021\/04\/9788494460098.jpg\" \/>\n\t<meta property=\"og:image:width\" content=\"120\" \/>\n\t<meta property=\"og:image:height\" content=\"192\" \/>\n\t<meta property=\"og:image:type\" content=\"image\/jpeg\" \/>\n<meta name=\"twitter:card\" content=\"summary_large_image\" \/>\n<meta name=\"twitter:site\" content=\"@zapateneo\" \/>\n<meta name=\"twitter:label1\" content=\"Tiempo de lectura\" \/>\n\t<meta name=\"twitter:data1\" content=\"3 minutos\" \/>\n<script type=\"application\/ld+json\" class=\"yoast-schema-graph\">{\"@context\":\"https:\\\/\\\/schema.org\",\"@graph\":[{\"@type\":\"WebPage\",\"@id\":\"https:\\\/\\\/zapateneo.net\\\/wordpress\\\/index.php\\\/producto\\\/la-politica-contra-la-historia\\\/\",\"url\":\"https:\\\/\\\/zapateneo.net\\\/wordpress\\\/index.php\\\/producto\\\/la-politica-contra-la-historia\\\/\",\"name\":\"La pol\u00edtica contra la historia &#8212; Zapateneo\",\"isPartOf\":{\"@id\":\"https:\\\/\\\/zapateneo.net\\\/wordpress\\\/#website\"},\"primaryImageOfPage\":{\"@id\":\"https:\\\/\\\/zapateneo.net\\\/wordpress\\\/index.php\\\/producto\\\/la-politica-contra-la-historia\\\/#primaryimage\"},\"image\":{\"@id\":\"https:\\\/\\\/zapateneo.net\\\/wordpress\\\/index.php\\\/producto\\\/la-politica-contra-la-historia\\\/#primaryimage\"},\"thumbnailUrl\":\"https:\\\/\\\/zapateneo.net\\\/wordpress\\\/wp-content\\\/uploads\\\/2021\\\/04\\\/9788494460098.jpg\",\"datePublished\":\"2021-04-07T06:40:54+00:00\",\"dateModified\":\"2021-12-27T17:36:27+00:00\",\"breadcrumb\":{\"@id\":\"https:\\\/\\\/zapateneo.net\\\/wordpress\\\/index.php\\\/producto\\\/la-politica-contra-la-historia\\\/#breadcrumb\"},\"inLanguage\":\"es\",\"potentialAction\":[{\"@type\":\"ReadAction\",\"target\":[\"https:\\\/\\\/zapateneo.net\\\/wordpress\\\/index.php\\\/producto\\\/la-politica-contra-la-historia\\\/\"]}]},{\"@type\":\"ImageObject\",\"inLanguage\":\"es\",\"@id\":\"https:\\\/\\\/zapateneo.net\\\/wordpress\\\/index.php\\\/producto\\\/la-politica-contra-la-historia\\\/#primaryimage\",\"url\":\"https:\\\/\\\/zapateneo.net\\\/wordpress\\\/wp-content\\\/uploads\\\/2021\\\/04\\\/9788494460098.jpg\",\"contentUrl\":\"https:\\\/\\\/zapateneo.net\\\/wordpress\\\/wp-content\\\/uploads\\\/2021\\\/04\\\/9788494460098.jpg\",\"width\":120,\"height\":192},{\"@type\":\"BreadcrumbList\",\"@id\":\"https:\\\/\\\/zapateneo.net\\\/wordpress\\\/index.php\\\/producto\\\/la-politica-contra-la-historia\\\/#breadcrumb\",\"itemListElement\":[{\"@type\":\"ListItem\",\"position\":1,\"name\":\"Portada\",\"item\":\"https:\\\/\\\/zapateneo.net\\\/wordpress\\\/\"},{\"@type\":\"ListItem\",\"position\":2,\"name\":\"Tienda\",\"item\":\"https:\\\/\\\/zapateneo.net\\\/wordpress\\\/\"},{\"@type\":\"ListItem\",\"position\":3,\"name\":\"La pol\u00edtica contra la historia\"}]},{\"@type\":\"WebSite\",\"@id\":\"https:\\\/\\\/zapateneo.net\\\/wordpress\\\/#website\",\"url\":\"https:\\\/\\\/zapateneo.net\\\/wordpress\\\/\",\"name\":\"Zapateneo\",\"description\":\"Zapateneoaren webgunea\",\"publisher\":{\"@id\":\"https:\\\/\\\/zapateneo.net\\\/wordpress\\\/#organization\"},\"potentialAction\":[{\"@type\":\"SearchAction\",\"target\":{\"@type\":\"EntryPoint\",\"urlTemplate\":\"https:\\\/\\\/zapateneo.net\\\/wordpress\\\/?s={search_term_string}\"},\"query-input\":{\"@type\":\"PropertyValueSpecification\",\"valueRequired\":true,\"valueName\":\"search_term_string\"}}],\"inLanguage\":\"es\"},{\"@type\":\"Organization\",\"@id\":\"https:\\\/\\\/zapateneo.net\\\/wordpress\\\/#organization\",\"name\":\"Zapateneo Kultur Elkartea\",\"url\":\"https:\\\/\\\/zapateneo.net\\\/wordpress\\\/\",\"logo\":{\"@type\":\"ImageObject\",\"inLanguage\":\"es\",\"@id\":\"https:\\\/\\\/zapateneo.net\\\/wordpress\\\/#\\\/schema\\\/logo\\\/image\\\/\",\"url\":\"https:\\\/\\\/zapateneo.net\\\/wordpress\\\/wp-content\\\/uploads\\\/2021\\\/04\\\/zap-libu-kolec.jpg\",\"contentUrl\":\"https:\\\/\\\/zapateneo.net\\\/wordpress\\\/wp-content\\\/uploads\\\/2021\\\/04\\\/zap-libu-kolec.jpg\",\"width\":2234,\"height\":398,\"caption\":\"Zapateneo Kultur Elkartea\"},\"image\":{\"@id\":\"https:\\\/\\\/zapateneo.net\\\/wordpress\\\/#\\\/schema\\\/logo\\\/image\\\/\"},\"sameAs\":[\"https:\\\/\\\/x.com\\\/zapateneo\"]}]}<\/script>\n<!-- \/ Yoast SEO plugin. -->","yoast_head_json":{"title":"La pol\u00edtica contra la historia &#8212; Zapateneo","robots":{"index":"index","follow":"follow","max-snippet":"max-snippet:-1","max-image-preview":"max-image-preview:large","max-video-preview":"max-video-preview:-1"},"canonical":"https:\/\/zapateneo.net\/wordpress\/index.php\/producto\/la-politica-contra-la-historia\/","og_locale":"es_ES","og_type":"article","og_title":"La pol\u00edtica contra la historia &#8212; Zapateneo","og_description":"Tronti, Mario 9788494460098 - Traficantes de Sue\u00f1os - 2016 - 427 p\u00e1ginas \/orri.","og_url":"https:\/\/zapateneo.net\/wordpress\/index.php\/producto\/la-politica-contra-la-historia\/","og_site_name":"Zapateneo","article_modified_time":"2021-12-27T17:36:27+00:00","og_image":[{"width":120,"height":192,"url":"https:\/\/zapateneo.net\/wordpress\/wp-content\/uploads\/2021\/04\/9788494460098.jpg","type":"image\/jpeg"}],"twitter_card":"summary_large_image","twitter_site":"@zapateneo","twitter_misc":{"Tiempo de lectura":"3 minutos"},"schema":{"@context":"https:\/\/schema.org","@graph":[{"@type":"WebPage","@id":"https:\/\/zapateneo.net\/wordpress\/index.php\/producto\/la-politica-contra-la-historia\/","url":"https:\/\/zapateneo.net\/wordpress\/index.php\/producto\/la-politica-contra-la-historia\/","name":"La pol\u00edtica contra la historia &#8212; Zapateneo","isPartOf":{"@id":"https:\/\/zapateneo.net\/wordpress\/#website"},"primaryImageOfPage":{"@id":"https:\/\/zapateneo.net\/wordpress\/index.php\/producto\/la-politica-contra-la-historia\/#primaryimage"},"image":{"@id":"https:\/\/zapateneo.net\/wordpress\/index.php\/producto\/la-politica-contra-la-historia\/#primaryimage"},"thumbnailUrl":"https:\/\/zapateneo.net\/wordpress\/wp-content\/uploads\/2021\/04\/9788494460098.jpg","datePublished":"2021-04-07T06:40:54+00:00","dateModified":"2021-12-27T17:36:27+00:00","breadcrumb":{"@id":"https:\/\/zapateneo.net\/wordpress\/index.php\/producto\/la-politica-contra-la-historia\/#breadcrumb"},"inLanguage":"es","potentialAction":[{"@type":"ReadAction","target":["https:\/\/zapateneo.net\/wordpress\/index.php\/producto\/la-politica-contra-la-historia\/"]}]},{"@type":"ImageObject","inLanguage":"es","@id":"https:\/\/zapateneo.net\/wordpress\/index.php\/producto\/la-politica-contra-la-historia\/#primaryimage","url":"https:\/\/zapateneo.net\/wordpress\/wp-content\/uploads\/2021\/04\/9788494460098.jpg","contentUrl":"https:\/\/zapateneo.net\/wordpress\/wp-content\/uploads\/2021\/04\/9788494460098.jpg","width":120,"height":192},{"@type":"BreadcrumbList","@id":"https:\/\/zapateneo.net\/wordpress\/index.php\/producto\/la-politica-contra-la-historia\/#breadcrumb","itemListElement":[{"@type":"ListItem","position":1,"name":"Portada","item":"https:\/\/zapateneo.net\/wordpress\/"},{"@type":"ListItem","position":2,"name":"Tienda","item":"https:\/\/zapateneo.net\/wordpress\/"},{"@type":"ListItem","position":3,"name":"La pol\u00edtica contra la historia"}]},{"@type":"WebSite","@id":"https:\/\/zapateneo.net\/wordpress\/#website","url":"https:\/\/zapateneo.net\/wordpress\/","name":"Zapateneo","description":"Zapateneoaren webgunea","publisher":{"@id":"https:\/\/zapateneo.net\/wordpress\/#organization"},"potentialAction":[{"@type":"SearchAction","target":{"@type":"EntryPoint","urlTemplate":"https:\/\/zapateneo.net\/wordpress\/?s={search_term_string}"},"query-input":{"@type":"PropertyValueSpecification","valueRequired":true,"valueName":"search_term_string"}}],"inLanguage":"es"},{"@type":"Organization","@id":"https:\/\/zapateneo.net\/wordpress\/#organization","name":"Zapateneo Kultur Elkartea","url":"https:\/\/zapateneo.net\/wordpress\/","logo":{"@type":"ImageObject","inLanguage":"es","@id":"https:\/\/zapateneo.net\/wordpress\/#\/schema\/logo\/image\/","url":"https:\/\/zapateneo.net\/wordpress\/wp-content\/uploads\/2021\/04\/zap-libu-kolec.jpg","contentUrl":"https:\/\/zapateneo.net\/wordpress\/wp-content\/uploads\/2021\/04\/zap-libu-kolec.jpg","width":2234,"height":398,"caption":"Zapateneo Kultur Elkartea"},"image":{"@id":"https:\/\/zapateneo.net\/wordpress\/#\/schema\/logo\/image\/"},"sameAs":["https:\/\/x.com\/zapateneo"]}]}},"_links":{"self":[{"href":"https:\/\/zapateneo.net\/wordpress\/index.php\/wp-json\/wp\/v2\/product\/716","targetHints":{"allow":["GET"]}}],"collection":[{"href":"https:\/\/zapateneo.net\/wordpress\/index.php\/wp-json\/wp\/v2\/product"}],"about":[{"href":"https:\/\/zapateneo.net\/wordpress\/index.php\/wp-json\/wp\/v2\/types\/product"}],"wp:featuredmedia":[{"embeddable":true,"href":"https:\/\/zapateneo.net\/wordpress\/index.php\/wp-json\/wp\/v2\/media\/742"}],"wp:attachment":[{"href":"https:\/\/zapateneo.net\/wordpress\/index.php\/wp-json\/wp\/v2\/media?parent=716"}],"wp:term":[{"taxonomy":"product_brand","embeddable":true,"href":"https:\/\/zapateneo.net\/wordpress\/index.php\/wp-json\/wp\/v2\/product_brand?post=716"},{"taxonomy":"product_cat","embeddable":true,"href":"https:\/\/zapateneo.net\/wordpress\/index.php\/wp-json\/wp\/v2\/product_cat?post=716"},{"taxonomy":"product_tag","embeddable":true,"href":"https:\/\/zapateneo.net\/wordpress\/index.php\/wp-json\/wp\/v2\/product_tag?post=716"}],"curies":[{"name":"wp","href":"https:\/\/api.w.org\/{rel}","templated":true}]}}