{"id":6970,"date":"2021-04-09T09:52:52","date_gmt":"2021-04-09T08:52:52","guid":{"rendered":"https:\/\/zapateneo.net\/wordpress\/?post_type=product&#038;p=6970"},"modified":"2021-04-10T07:33:15","modified_gmt":"2021-04-10T06:33:15","slug":"rescoldos-24-1er-semestre-de-2011-etica-estetica-educacion-el-arte-de-hacer-escuela","status":"publish","type":"product","link":"https:\/\/zapateneo.net\/wordpress\/index.php\/producto\/rescoldos-24-1er-semestre-de-2011-etica-estetica-educacion-el-arte-de-hacer-escuela\/","title":{"rendered":"Rescoldos # 24 1er semestre de 2011 \u00c9tica, est\u00e9tica, educaci\u00f3n: el arte de hacer escuela"},"content":{"rendered":"<p>&nbsp;<\/p>\n<p>de Varios autores<\/p>\n<p>Editorial: Asociaci&oacute;n Cultural Candela<\/p>\n<p>Tema: Pedagog&iacute;a<\/p>\n<p>Revista de di&aacute;logo social. N&uacute;mero 24<\/p>\n<p>&Eacute;tica, est&eacute;tica, educaci&oacute;n: el arte de hacer escuela<br \/>Para reflexionar<\/p>\n<p>* Necesidad del arte hoy. Carmen Alcaide<br \/> * La socializaci&oacute;n de la belleza. Cristina Sola<br \/> * Educaci&oacute;n musical y desarrollo integral. Zoralla Sampedro<\/p>\n<p>Voces como coces<\/p>\n<p>* Pedagog&iacute;a de la reparaci&oacute;n. Ang&eacute;lica Oliva<br \/> * Manifiesto. OPelouro Comunidad escolar<br \/> * Segregaci&oacute;n de excelencia. Asociaci&oacute;n Cultural la Candela<\/p>\n<p>De nuestros barrios<\/p>\n<p>* La Ca&ntilde;ada Real Galiana. Un barrio por construir. Javier Rubio<br \/> * Rebeli&oacute;n de usuari@s, familiares y trabajadores\/as, contra la privatizaci&oacute;n de los Servicios sociales en la Comunidad de Madrid. Ver&oacute;nica Gonz&aacute;lez<br \/> * La ruleta rusa de la energ&iacute;a nuclear. Emilio Santiago Mui&ntilde;o<\/p>\n<p>* Relatos desdeel callej&oacute;n&#8230;. Lo razonable. Gonzalo Romero<\/p>\n<p>N&uacute;mero de p&aacute;ginas: 74<\/p>\n","protected":false},"excerpt":{"rendered":"<p><strong><\/strong><br \/>\n2012012500056 &#8211; N\u00fam.\/Zbk.: 24 &#8211; Asociaci\u00f3n Cultural Candela &#8211; 2011 &#8211; 72 p\u00e1ginas \/orri.<\/p>\n","protected":false},"featured_media":6998,"template":"","meta":[],"product_brand":[],"product_cat":[177,164],"product_tag":[1964],"class_list":{"0":"post-6970","1":"product","2":"type-product","3":"status-publish","4":"has-post-thumbnail","6":"product_cat-gizarte-mugimenduak-movimientos-sociales","7":"product_cat-revistas-aldizkariak","8":"product_tag-asociacion-cultural-candela","10":"first","11":"instock","12":"sold-individually","13":"shipping-taxable","14":"purchasable","15":"product-type-simple"},"yoast_head":"<!-- This site is optimized with the Yoast SEO plugin v27.3 - https:\/\/yoast.com\/product\/yoast-seo-wordpress\/ -->\n<title>Rescoldos # 24 1er semestre de 2011 \u00c9tica, est\u00e9tica, educaci\u00f3n: el arte de hacer escuela &#8212; Zapateneo<\/title>\n<meta name=\"robots\" content=\"index, follow, max-snippet:-1, max-image-preview:large, max-video-preview:-1\" \/>\n<link rel=\"canonical\" href=\"https:\/\/zapateneo.net\/wordpress\/index.php\/producto\/rescoldos-24-1er-semestre-de-2011-etica-estetica-educacion-el-arte-de-hacer-escuela\/\" \/>\n<meta property=\"og:locale\" content=\"es_ES\" \/>\n<meta property=\"og:type\" content=\"article\" \/>\n<meta property=\"og:title\" content=\"Rescoldos # 24 1er semestre de 2011 \u00c9tica, est\u00e9tica, educaci\u00f3n: el arte de hacer escuela &#8212; Zapateneo\" \/>\n<meta property=\"og:description\" content=\"2012012500056 - N\u00fam.\/Zbk.: 24 - Asociaci\u00f3n Cultural Candela - 2011 - 72 p\u00e1ginas \/orri.\" \/>\n<meta property=\"og:url\" content=\"https:\/\/zapateneo.net\/wordpress\/index.php\/producto\/rescoldos-24-1er-semestre-de-2011-etica-estetica-educacion-el-arte-de-hacer-escuela\/\" \/>\n<meta property=\"og:site_name\" content=\"Zapateneo\" \/>\n<meta property=\"article:modified_time\" content=\"2021-04-10T06:33:15+00:00\" \/>\n<meta property=\"og:image\" content=\"https:\/\/zapateneo.net\/wordpress\/wp-content\/uploads\/2021\/04\/7098.jpg\" \/>\n\t<meta property=\"og:image:width\" content=\"200\" \/>\n\t<meta property=\"og:image:height\" content=\"283\" \/>\n\t<meta property=\"og:image:type\" content=\"image\/jpeg\" \/>\n<meta name=\"twitter:card\" content=\"summary_large_image\" \/>\n<meta name=\"twitter:site\" content=\"@zapateneo\" \/>\n<meta name=\"twitter:label1\" content=\"Tiempo de lectura\" \/>\n\t<meta name=\"twitter:data1\" content=\"1 minuto\" \/>\n<script type=\"application\/ld+json\" class=\"yoast-schema-graph\">{\"@context\":\"https:\\\/\\\/schema.org\",\"@graph\":[{\"@type\":\"WebPage\",\"@id\":\"https:\\\/\\\/zapateneo.net\\\/wordpress\\\/index.php\\\/producto\\\/rescoldos-24-1er-semestre-de-2011-etica-estetica-educacion-el-arte-de-hacer-escuela\\\/\",\"url\":\"https:\\\/\\\/zapateneo.net\\\/wordpress\\\/index.php\\\/producto\\\/rescoldos-24-1er-semestre-de-2011-etica-estetica-educacion-el-arte-de-hacer-escuela\\\/\",\"name\":\"Rescoldos # 24 1er semestre de 2011 \u00c9tica, est\u00e9tica, educaci\u00f3n: el arte de hacer escuela &#8212; Zapateneo\",\"isPartOf\":{\"@id\":\"https:\\\/\\\/zapateneo.net\\\/wordpress\\\/#website\"},\"primaryImageOfPage\":{\"@id\":\"https:\\\/\\\/zapateneo.net\\\/wordpress\\\/index.php\\\/producto\\\/rescoldos-24-1er-semestre-de-2011-etica-estetica-educacion-el-arte-de-hacer-escuela\\\/#primaryimage\"},\"image\":{\"@id\":\"https:\\\/\\\/zapateneo.net\\\/wordpress\\\/index.php\\\/producto\\\/rescoldos-24-1er-semestre-de-2011-etica-estetica-educacion-el-arte-de-hacer-escuela\\\/#primaryimage\"},\"thumbnailUrl\":\"https:\\\/\\\/zapateneo.net\\\/wordpress\\\/wp-content\\\/uploads\\\/2021\\\/04\\\/7098.jpg\",\"datePublished\":\"2021-04-09T08:52:52+00:00\",\"dateModified\":\"2021-04-10T06:33:15+00:00\",\"breadcrumb\":{\"@id\":\"https:\\\/\\\/zapateneo.net\\\/wordpress\\\/index.php\\\/producto\\\/rescoldos-24-1er-semestre-de-2011-etica-estetica-educacion-el-arte-de-hacer-escuela\\\/#breadcrumb\"},\"inLanguage\":\"es\",\"potentialAction\":[{\"@type\":\"ReadAction\",\"target\":[\"https:\\\/\\\/zapateneo.net\\\/wordpress\\\/index.php\\\/producto\\\/rescoldos-24-1er-semestre-de-2011-etica-estetica-educacion-el-arte-de-hacer-escuela\\\/\"]}]},{\"@type\":\"ImageObject\",\"inLanguage\":\"es\",\"@id\":\"https:\\\/\\\/zapateneo.net\\\/wordpress\\\/index.php\\\/producto\\\/rescoldos-24-1er-semestre-de-2011-etica-estetica-educacion-el-arte-de-hacer-escuela\\\/#primaryimage\",\"url\":\"https:\\\/\\\/zapateneo.net\\\/wordpress\\\/wp-content\\\/uploads\\\/2021\\\/04\\\/7098.jpg\",\"contentUrl\":\"https:\\\/\\\/zapateneo.net\\\/wordpress\\\/wp-content\\\/uploads\\\/2021\\\/04\\\/7098.jpg\",\"width\":200,\"height\":283},{\"@type\":\"BreadcrumbList\",\"@id\":\"https:\\\/\\\/zapateneo.net\\\/wordpress\\\/index.php\\\/producto\\\/rescoldos-24-1er-semestre-de-2011-etica-estetica-educacion-el-arte-de-hacer-escuela\\\/#breadcrumb\",\"itemListElement\":[{\"@type\":\"ListItem\",\"position\":1,\"name\":\"Portada\",\"item\":\"https:\\\/\\\/zapateneo.net\\\/wordpress\\\/\"},{\"@type\":\"ListItem\",\"position\":2,\"name\":\"Tienda\",\"item\":\"https:\\\/\\\/zapateneo.net\\\/wordpress\\\/\"},{\"@type\":\"ListItem\",\"position\":3,\"name\":\"Rescoldos # 24 1er semestre de 2011 \u00c9tica, est\u00e9tica, educaci\u00f3n: el arte de hacer escuela\"}]},{\"@type\":\"WebSite\",\"@id\":\"https:\\\/\\\/zapateneo.net\\\/wordpress\\\/#website\",\"url\":\"https:\\\/\\\/zapateneo.net\\\/wordpress\\\/\",\"name\":\"Zapateneo\",\"description\":\"Zapateneoaren webgunea\",\"publisher\":{\"@id\":\"https:\\\/\\\/zapateneo.net\\\/wordpress\\\/#organization\"},\"potentialAction\":[{\"@type\":\"SearchAction\",\"target\":{\"@type\":\"EntryPoint\",\"urlTemplate\":\"https:\\\/\\\/zapateneo.net\\\/wordpress\\\/?s={search_term_string}\"},\"query-input\":{\"@type\":\"PropertyValueSpecification\",\"valueRequired\":true,\"valueName\":\"search_term_string\"}}],\"inLanguage\":\"es\"},{\"@type\":\"Organization\",\"@id\":\"https:\\\/\\\/zapateneo.net\\\/wordpress\\\/#organization\",\"name\":\"Zapateneo Kultur Elkartea\",\"url\":\"https:\\\/\\\/zapateneo.net\\\/wordpress\\\/\",\"logo\":{\"@type\":\"ImageObject\",\"inLanguage\":\"es\",\"@id\":\"https:\\\/\\\/zapateneo.net\\\/wordpress\\\/#\\\/schema\\\/logo\\\/image\\\/\",\"url\":\"https:\\\/\\\/zapateneo.net\\\/wordpress\\\/wp-content\\\/uploads\\\/2021\\\/04\\\/zap-libu-kolec.jpg\",\"contentUrl\":\"https:\\\/\\\/zapateneo.net\\\/wordpress\\\/wp-content\\\/uploads\\\/2021\\\/04\\\/zap-libu-kolec.jpg\",\"width\":2234,\"height\":398,\"caption\":\"Zapateneo Kultur Elkartea\"},\"image\":{\"@id\":\"https:\\\/\\\/zapateneo.net\\\/wordpress\\\/#\\\/schema\\\/logo\\\/image\\\/\"},\"sameAs\":[\"https:\\\/\\\/x.com\\\/zapateneo\"]}]}<\/script>\n<!-- \/ Yoast SEO plugin. -->","yoast_head_json":{"title":"Rescoldos # 24 1er semestre de 2011 \u00c9tica, est\u00e9tica, educaci\u00f3n: el arte de hacer escuela &#8212; Zapateneo","robots":{"index":"index","follow":"follow","max-snippet":"max-snippet:-1","max-image-preview":"max-image-preview:large","max-video-preview":"max-video-preview:-1"},"canonical":"https:\/\/zapateneo.net\/wordpress\/index.php\/producto\/rescoldos-24-1er-semestre-de-2011-etica-estetica-educacion-el-arte-de-hacer-escuela\/","og_locale":"es_ES","og_type":"article","og_title":"Rescoldos # 24 1er semestre de 2011 \u00c9tica, est\u00e9tica, educaci\u00f3n: el arte de hacer escuela &#8212; Zapateneo","og_description":"2012012500056 - N\u00fam.\/Zbk.: 24 - Asociaci\u00f3n Cultural Candela - 2011 - 72 p\u00e1ginas \/orri.","og_url":"https:\/\/zapateneo.net\/wordpress\/index.php\/producto\/rescoldos-24-1er-semestre-de-2011-etica-estetica-educacion-el-arte-de-hacer-escuela\/","og_site_name":"Zapateneo","article_modified_time":"2021-04-10T06:33:15+00:00","og_image":[{"width":200,"height":283,"url":"https:\/\/zapateneo.net\/wordpress\/wp-content\/uploads\/2021\/04\/7098.jpg","type":"image\/jpeg"}],"twitter_card":"summary_large_image","twitter_site":"@zapateneo","twitter_misc":{"Tiempo de lectura":"1 minuto"},"schema":{"@context":"https:\/\/schema.org","@graph":[{"@type":"WebPage","@id":"https:\/\/zapateneo.net\/wordpress\/index.php\/producto\/rescoldos-24-1er-semestre-de-2011-etica-estetica-educacion-el-arte-de-hacer-escuela\/","url":"https:\/\/zapateneo.net\/wordpress\/index.php\/producto\/rescoldos-24-1er-semestre-de-2011-etica-estetica-educacion-el-arte-de-hacer-escuela\/","name":"Rescoldos # 24 1er semestre de 2011 \u00c9tica, est\u00e9tica, educaci\u00f3n: el arte de hacer escuela &#8212; Zapateneo","isPartOf":{"@id":"https:\/\/zapateneo.net\/wordpress\/#website"},"primaryImageOfPage":{"@id":"https:\/\/zapateneo.net\/wordpress\/index.php\/producto\/rescoldos-24-1er-semestre-de-2011-etica-estetica-educacion-el-arte-de-hacer-escuela\/#primaryimage"},"image":{"@id":"https:\/\/zapateneo.net\/wordpress\/index.php\/producto\/rescoldos-24-1er-semestre-de-2011-etica-estetica-educacion-el-arte-de-hacer-escuela\/#primaryimage"},"thumbnailUrl":"https:\/\/zapateneo.net\/wordpress\/wp-content\/uploads\/2021\/04\/7098.jpg","datePublished":"2021-04-09T08:52:52+00:00","dateModified":"2021-04-10T06:33:15+00:00","breadcrumb":{"@id":"https:\/\/zapateneo.net\/wordpress\/index.php\/producto\/rescoldos-24-1er-semestre-de-2011-etica-estetica-educacion-el-arte-de-hacer-escuela\/#breadcrumb"},"inLanguage":"es","potentialAction":[{"@type":"ReadAction","target":["https:\/\/zapateneo.net\/wordpress\/index.php\/producto\/rescoldos-24-1er-semestre-de-2011-etica-estetica-educacion-el-arte-de-hacer-escuela\/"]}]},{"@type":"ImageObject","inLanguage":"es","@id":"https:\/\/zapateneo.net\/wordpress\/index.php\/producto\/rescoldos-24-1er-semestre-de-2011-etica-estetica-educacion-el-arte-de-hacer-escuela\/#primaryimage","url":"https:\/\/zapateneo.net\/wordpress\/wp-content\/uploads\/2021\/04\/7098.jpg","contentUrl":"https:\/\/zapateneo.net\/wordpress\/wp-content\/uploads\/2021\/04\/7098.jpg","width":200,"height":283},{"@type":"BreadcrumbList","@id":"https:\/\/zapateneo.net\/wordpress\/index.php\/producto\/rescoldos-24-1er-semestre-de-2011-etica-estetica-educacion-el-arte-de-hacer-escuela\/#breadcrumb","itemListElement":[{"@type":"ListItem","position":1,"name":"Portada","item":"https:\/\/zapateneo.net\/wordpress\/"},{"@type":"ListItem","position":2,"name":"Tienda","item":"https:\/\/zapateneo.net\/wordpress\/"},{"@type":"ListItem","position":3,"name":"Rescoldos # 24 1er semestre de 2011 \u00c9tica, est\u00e9tica, educaci\u00f3n: el arte de hacer escuela"}]},{"@type":"WebSite","@id":"https:\/\/zapateneo.net\/wordpress\/#website","url":"https:\/\/zapateneo.net\/wordpress\/","name":"Zapateneo","description":"Zapateneoaren webgunea","publisher":{"@id":"https:\/\/zapateneo.net\/wordpress\/#organization"},"potentialAction":[{"@type":"SearchAction","target":{"@type":"EntryPoint","urlTemplate":"https:\/\/zapateneo.net\/wordpress\/?s={search_term_string}"},"query-input":{"@type":"PropertyValueSpecification","valueRequired":true,"valueName":"search_term_string"}}],"inLanguage":"es"},{"@type":"Organization","@id":"https:\/\/zapateneo.net\/wordpress\/#organization","name":"Zapateneo Kultur Elkartea","url":"https:\/\/zapateneo.net\/wordpress\/","logo":{"@type":"ImageObject","inLanguage":"es","@id":"https:\/\/zapateneo.net\/wordpress\/#\/schema\/logo\/image\/","url":"https:\/\/zapateneo.net\/wordpress\/wp-content\/uploads\/2021\/04\/zap-libu-kolec.jpg","contentUrl":"https:\/\/zapateneo.net\/wordpress\/wp-content\/uploads\/2021\/04\/zap-libu-kolec.jpg","width":2234,"height":398,"caption":"Zapateneo Kultur Elkartea"},"image":{"@id":"https:\/\/zapateneo.net\/wordpress\/#\/schema\/logo\/image\/"},"sameAs":["https:\/\/x.com\/zapateneo"]}]}},"_links":{"self":[{"href":"https:\/\/zapateneo.net\/wordpress\/index.php\/wp-json\/wp\/v2\/product\/6970","targetHints":{"allow":["GET"]}}],"collection":[{"href":"https:\/\/zapateneo.net\/wordpress\/index.php\/wp-json\/wp\/v2\/product"}],"about":[{"href":"https:\/\/zapateneo.net\/wordpress\/index.php\/wp-json\/wp\/v2\/types\/product"}],"wp:featuredmedia":[{"embeddable":true,"href":"https:\/\/zapateneo.net\/wordpress\/index.php\/wp-json\/wp\/v2\/media\/6998"}],"wp:attachment":[{"href":"https:\/\/zapateneo.net\/wordpress\/index.php\/wp-json\/wp\/v2\/media?parent=6970"}],"wp:term":[{"taxonomy":"product_brand","embeddable":true,"href":"https:\/\/zapateneo.net\/wordpress\/index.php\/wp-json\/wp\/v2\/product_brand?post=6970"},{"taxonomy":"product_cat","embeddable":true,"href":"https:\/\/zapateneo.net\/wordpress\/index.php\/wp-json\/wp\/v2\/product_cat?post=6970"},{"taxonomy":"product_tag","embeddable":true,"href":"https:\/\/zapateneo.net\/wordpress\/index.php\/wp-json\/wp\/v2\/product_tag?post=6970"}],"curies":[{"name":"wp","href":"https:\/\/api.w.org\/{rel}","templated":true}]}}