{"id":6739,"date":"2021-04-09T09:02:45","date_gmt":"2021-04-09T08:02:45","guid":{"rendered":"https:\/\/zapateneo.net\/wordpress\/?post_type=product&#038;p=6739"},"modified":"2021-04-10T08:25:11","modified_gmt":"2021-04-10T07:25:11","slug":"cuadernos-de-negacion-3-contra-la-sociedad-mercantil-generalizada","status":"publish","type":"product","link":"https:\/\/zapateneo.net\/wordpress\/index.php\/producto\/cuadernos-de-negacion-3-contra-la-sociedad-mercantil-generalizada\/","title":{"rendered":"Cuadernos de negacion # 3 Contra la sociedad mercantil generalizada"},"content":{"rendered":"<p>Si hoy respirar, alimentarse, abrigarse, divertirse o buscar amor est\u00e1 condicionado por la necesidad de la comercializaci\u00f3n, no significa que siempre fue as\u00ed o que deba seguir si\u00e9ndolo.<\/p>\n<p>Hoy toda relaci\u00f3n social lleva el sello de la mercanc\u00eda, \u00e9sta ha ocupado la totalidad de la vida social. Incluso los seres humanos nos vemos unos a otros como mercanc\u00edas.<\/p>\n<p>El capitalismo, como relaci\u00f3n social y no s\u00f3lo como concepto, es la sociedad mercantil generalizada, una sociedad en la que toda la producci\u00f3n es producci\u00f3n de mercanc\u00edas: la dictadura totalitaria y generalizada de la ley del valor contra los seres humanos.<\/p>\n<p>Contenido:<br \/>\n\u25aa Presentaci\u00f3n<br \/>\n&#8211; Buscando la ra\u00edz de la \u201cradicalidad\u201d<br \/>\n\u25aa Contra la sociedad mercantil generalizada<br \/>\n&#8211; El tiempo es oro<br \/>\n&#8211; \u00bfSiempre hemos vivido as\u00ed?<br \/>\n\u25aa \u00bfContra qu\u00e9 Capital?<br \/>\n&#8211; Capital ficticio<br \/>\n\u25aa Abajo el trabajo<br \/>\n&#8211; &#8230;y abajo el ocio<br \/>\n&#8211; Ya no somos esclavos \u00bfviva la libertad?<br \/>\n&#8211; Ideolog\u00eda del sacrificio<br \/>\n&#8211; Ideolog\u00eda del anti-sacrificio<br \/>\n\u25aa La mercanc\u00eda como objeto y relaci\u00f3n social<br \/>\n&#8211; Las sutilezas metaf\u00edsicas de la mercanc\u00eda<br \/>\n&#8211; \u00bfLiberar el trabajo? \u00a1Liberarnos del trabajo!<br \/>\n&#8211; Gesti\u00f3n y auto-gesti\u00f3n<br \/>\n\u25aa Negaci\u00f3n de lo que nos niega<\/p>\n","protected":false},"excerpt":{"rendered":"<p><strong><\/strong><br \/>\n2020112700030 &#8211; N\u00fam.\/Zbk.:  &#8211; Cuadernos de negaci\u00f3n &#8211; 2010 &#8211; 26 p\u00e1ginas \/orri.<\/p>\n","protected":false},"featured_media":6787,"template":"","meta":[],"product_brand":[],"product_cat":[164,173],"product_tag":[4208],"class_list":{"0":"post-6739","1":"product","2":"type-product","3":"status-publish","4":"has-post-thumbnail","6":"product_cat-revistas-aldizkariak","7":"product_cat-saiakera-ensayo","8":"product_tag-cuadernos-de-negacion","10":"first","11":"instock","12":"sold-individually","13":"shipping-taxable","14":"purchasable","15":"product-type-simple"},"yoast_head":"<!-- This site is optimized with the Yoast SEO plugin v27.3 - https:\/\/yoast.com\/product\/yoast-seo-wordpress\/ -->\n<title>Cuadernos de negacion # 3 Contra la sociedad mercantil generalizada &#8212; Zapateneo<\/title>\n<meta name=\"robots\" content=\"index, follow, max-snippet:-1, max-image-preview:large, max-video-preview:-1\" \/>\n<link rel=\"canonical\" href=\"https:\/\/zapateneo.net\/wordpress\/index.php\/producto\/cuadernos-de-negacion-3-contra-la-sociedad-mercantil-generalizada\/\" \/>\n<meta property=\"og:locale\" content=\"es_ES\" \/>\n<meta property=\"og:type\" content=\"article\" \/>\n<meta property=\"og:title\" content=\"Cuadernos de negacion # 3 Contra la sociedad mercantil generalizada &#8212; Zapateneo\" \/>\n<meta property=\"og:description\" content=\"2020112700030 - N\u00fam.\/Zbk.: - Cuadernos de negaci\u00f3n - 2010 - 26 p\u00e1ginas \/orri.\" \/>\n<meta property=\"og:url\" content=\"https:\/\/zapateneo.net\/wordpress\/index.php\/producto\/cuadernos-de-negacion-3-contra-la-sociedad-mercantil-generalizada\/\" \/>\n<meta property=\"og:site_name\" content=\"Zapateneo\" \/>\n<meta property=\"article:modified_time\" content=\"2021-04-10T07:25:11+00:00\" \/>\n<meta property=\"og:image\" content=\"https:\/\/zapateneo.net\/wordpress\/wp-content\/uploads\/2021\/04\/tapa_cuaderno_3_-_reedicin_2020.jpg\" \/>\n\t<meta property=\"og:image:width\" content=\"226\" \/>\n\t<meta property=\"og:image:height\" content=\"320\" \/>\n\t<meta property=\"og:image:type\" content=\"image\/jpeg\" \/>\n<meta name=\"twitter:card\" content=\"summary_large_image\" \/>\n<meta name=\"twitter:site\" content=\"@zapateneo\" \/>\n<meta name=\"twitter:label1\" content=\"Tiempo de lectura\" \/>\n\t<meta name=\"twitter:data1\" content=\"1 minuto\" \/>\n<script type=\"application\/ld+json\" class=\"yoast-schema-graph\">{\"@context\":\"https:\\\/\\\/schema.org\",\"@graph\":[{\"@type\":\"WebPage\",\"@id\":\"https:\\\/\\\/zapateneo.net\\\/wordpress\\\/index.php\\\/producto\\\/cuadernos-de-negacion-3-contra-la-sociedad-mercantil-generalizada\\\/\",\"url\":\"https:\\\/\\\/zapateneo.net\\\/wordpress\\\/index.php\\\/producto\\\/cuadernos-de-negacion-3-contra-la-sociedad-mercantil-generalizada\\\/\",\"name\":\"Cuadernos de negacion # 3 Contra la sociedad mercantil generalizada &#8212; Zapateneo\",\"isPartOf\":{\"@id\":\"https:\\\/\\\/zapateneo.net\\\/wordpress\\\/#website\"},\"primaryImageOfPage\":{\"@id\":\"https:\\\/\\\/zapateneo.net\\\/wordpress\\\/index.php\\\/producto\\\/cuadernos-de-negacion-3-contra-la-sociedad-mercantil-generalizada\\\/#primaryimage\"},\"image\":{\"@id\":\"https:\\\/\\\/zapateneo.net\\\/wordpress\\\/index.php\\\/producto\\\/cuadernos-de-negacion-3-contra-la-sociedad-mercantil-generalizada\\\/#primaryimage\"},\"thumbnailUrl\":\"https:\\\/\\\/zapateneo.net\\\/wordpress\\\/wp-content\\\/uploads\\\/2021\\\/04\\\/tapa_cuaderno_3_-_reedicin_2020.jpg\",\"datePublished\":\"2021-04-09T08:02:45+00:00\",\"dateModified\":\"2021-04-10T07:25:11+00:00\",\"breadcrumb\":{\"@id\":\"https:\\\/\\\/zapateneo.net\\\/wordpress\\\/index.php\\\/producto\\\/cuadernos-de-negacion-3-contra-la-sociedad-mercantil-generalizada\\\/#breadcrumb\"},\"inLanguage\":\"es\",\"potentialAction\":[{\"@type\":\"ReadAction\",\"target\":[\"https:\\\/\\\/zapateneo.net\\\/wordpress\\\/index.php\\\/producto\\\/cuadernos-de-negacion-3-contra-la-sociedad-mercantil-generalizada\\\/\"]}]},{\"@type\":\"ImageObject\",\"inLanguage\":\"es\",\"@id\":\"https:\\\/\\\/zapateneo.net\\\/wordpress\\\/index.php\\\/producto\\\/cuadernos-de-negacion-3-contra-la-sociedad-mercantil-generalizada\\\/#primaryimage\",\"url\":\"https:\\\/\\\/zapateneo.net\\\/wordpress\\\/wp-content\\\/uploads\\\/2021\\\/04\\\/tapa_cuaderno_3_-_reedicin_2020.jpg\",\"contentUrl\":\"https:\\\/\\\/zapateneo.net\\\/wordpress\\\/wp-content\\\/uploads\\\/2021\\\/04\\\/tapa_cuaderno_3_-_reedicin_2020.jpg\",\"width\":226,\"height\":320},{\"@type\":\"BreadcrumbList\",\"@id\":\"https:\\\/\\\/zapateneo.net\\\/wordpress\\\/index.php\\\/producto\\\/cuadernos-de-negacion-3-contra-la-sociedad-mercantil-generalizada\\\/#breadcrumb\",\"itemListElement\":[{\"@type\":\"ListItem\",\"position\":1,\"name\":\"Portada\",\"item\":\"https:\\\/\\\/zapateneo.net\\\/wordpress\\\/\"},{\"@type\":\"ListItem\",\"position\":2,\"name\":\"Tienda\",\"item\":\"https:\\\/\\\/zapateneo.net\\\/wordpress\\\/\"},{\"@type\":\"ListItem\",\"position\":3,\"name\":\"Cuadernos de negacion # 3 Contra la sociedad mercantil generalizada\"}]},{\"@type\":\"WebSite\",\"@id\":\"https:\\\/\\\/zapateneo.net\\\/wordpress\\\/#website\",\"url\":\"https:\\\/\\\/zapateneo.net\\\/wordpress\\\/\",\"name\":\"Zapateneo\",\"description\":\"Zapateneoaren webgunea\",\"publisher\":{\"@id\":\"https:\\\/\\\/zapateneo.net\\\/wordpress\\\/#organization\"},\"potentialAction\":[{\"@type\":\"SearchAction\",\"target\":{\"@type\":\"EntryPoint\",\"urlTemplate\":\"https:\\\/\\\/zapateneo.net\\\/wordpress\\\/?s={search_term_string}\"},\"query-input\":{\"@type\":\"PropertyValueSpecification\",\"valueRequired\":true,\"valueName\":\"search_term_string\"}}],\"inLanguage\":\"es\"},{\"@type\":\"Organization\",\"@id\":\"https:\\\/\\\/zapateneo.net\\\/wordpress\\\/#organization\",\"name\":\"Zapateneo Kultur Elkartea\",\"url\":\"https:\\\/\\\/zapateneo.net\\\/wordpress\\\/\",\"logo\":{\"@type\":\"ImageObject\",\"inLanguage\":\"es\",\"@id\":\"https:\\\/\\\/zapateneo.net\\\/wordpress\\\/#\\\/schema\\\/logo\\\/image\\\/\",\"url\":\"https:\\\/\\\/zapateneo.net\\\/wordpress\\\/wp-content\\\/uploads\\\/2021\\\/04\\\/zap-libu-kolec.jpg\",\"contentUrl\":\"https:\\\/\\\/zapateneo.net\\\/wordpress\\\/wp-content\\\/uploads\\\/2021\\\/04\\\/zap-libu-kolec.jpg\",\"width\":2234,\"height\":398,\"caption\":\"Zapateneo Kultur Elkartea\"},\"image\":{\"@id\":\"https:\\\/\\\/zapateneo.net\\\/wordpress\\\/#\\\/schema\\\/logo\\\/image\\\/\"},\"sameAs\":[\"https:\\\/\\\/x.com\\\/zapateneo\"]}]}<\/script>\n<!-- \/ Yoast SEO plugin. -->","yoast_head_json":{"title":"Cuadernos de negacion # 3 Contra la sociedad mercantil generalizada &#8212; Zapateneo","robots":{"index":"index","follow":"follow","max-snippet":"max-snippet:-1","max-image-preview":"max-image-preview:large","max-video-preview":"max-video-preview:-1"},"canonical":"https:\/\/zapateneo.net\/wordpress\/index.php\/producto\/cuadernos-de-negacion-3-contra-la-sociedad-mercantil-generalizada\/","og_locale":"es_ES","og_type":"article","og_title":"Cuadernos de negacion # 3 Contra la sociedad mercantil generalizada &#8212; Zapateneo","og_description":"2020112700030 - N\u00fam.\/Zbk.: - Cuadernos de negaci\u00f3n - 2010 - 26 p\u00e1ginas \/orri.","og_url":"https:\/\/zapateneo.net\/wordpress\/index.php\/producto\/cuadernos-de-negacion-3-contra-la-sociedad-mercantil-generalizada\/","og_site_name":"Zapateneo","article_modified_time":"2021-04-10T07:25:11+00:00","og_image":[{"width":226,"height":320,"url":"https:\/\/zapateneo.net\/wordpress\/wp-content\/uploads\/2021\/04\/tapa_cuaderno_3_-_reedicin_2020.jpg","type":"image\/jpeg"}],"twitter_card":"summary_large_image","twitter_site":"@zapateneo","twitter_misc":{"Tiempo de lectura":"1 minuto"},"schema":{"@context":"https:\/\/schema.org","@graph":[{"@type":"WebPage","@id":"https:\/\/zapateneo.net\/wordpress\/index.php\/producto\/cuadernos-de-negacion-3-contra-la-sociedad-mercantil-generalizada\/","url":"https:\/\/zapateneo.net\/wordpress\/index.php\/producto\/cuadernos-de-negacion-3-contra-la-sociedad-mercantil-generalizada\/","name":"Cuadernos de negacion # 3 Contra la sociedad mercantil generalizada &#8212; Zapateneo","isPartOf":{"@id":"https:\/\/zapateneo.net\/wordpress\/#website"},"primaryImageOfPage":{"@id":"https:\/\/zapateneo.net\/wordpress\/index.php\/producto\/cuadernos-de-negacion-3-contra-la-sociedad-mercantil-generalizada\/#primaryimage"},"image":{"@id":"https:\/\/zapateneo.net\/wordpress\/index.php\/producto\/cuadernos-de-negacion-3-contra-la-sociedad-mercantil-generalizada\/#primaryimage"},"thumbnailUrl":"https:\/\/zapateneo.net\/wordpress\/wp-content\/uploads\/2021\/04\/tapa_cuaderno_3_-_reedicin_2020.jpg","datePublished":"2021-04-09T08:02:45+00:00","dateModified":"2021-04-10T07:25:11+00:00","breadcrumb":{"@id":"https:\/\/zapateneo.net\/wordpress\/index.php\/producto\/cuadernos-de-negacion-3-contra-la-sociedad-mercantil-generalizada\/#breadcrumb"},"inLanguage":"es","potentialAction":[{"@type":"ReadAction","target":["https:\/\/zapateneo.net\/wordpress\/index.php\/producto\/cuadernos-de-negacion-3-contra-la-sociedad-mercantil-generalizada\/"]}]},{"@type":"ImageObject","inLanguage":"es","@id":"https:\/\/zapateneo.net\/wordpress\/index.php\/producto\/cuadernos-de-negacion-3-contra-la-sociedad-mercantil-generalizada\/#primaryimage","url":"https:\/\/zapateneo.net\/wordpress\/wp-content\/uploads\/2021\/04\/tapa_cuaderno_3_-_reedicin_2020.jpg","contentUrl":"https:\/\/zapateneo.net\/wordpress\/wp-content\/uploads\/2021\/04\/tapa_cuaderno_3_-_reedicin_2020.jpg","width":226,"height":320},{"@type":"BreadcrumbList","@id":"https:\/\/zapateneo.net\/wordpress\/index.php\/producto\/cuadernos-de-negacion-3-contra-la-sociedad-mercantil-generalizada\/#breadcrumb","itemListElement":[{"@type":"ListItem","position":1,"name":"Portada","item":"https:\/\/zapateneo.net\/wordpress\/"},{"@type":"ListItem","position":2,"name":"Tienda","item":"https:\/\/zapateneo.net\/wordpress\/"},{"@type":"ListItem","position":3,"name":"Cuadernos de negacion # 3 Contra la sociedad mercantil generalizada"}]},{"@type":"WebSite","@id":"https:\/\/zapateneo.net\/wordpress\/#website","url":"https:\/\/zapateneo.net\/wordpress\/","name":"Zapateneo","description":"Zapateneoaren webgunea","publisher":{"@id":"https:\/\/zapateneo.net\/wordpress\/#organization"},"potentialAction":[{"@type":"SearchAction","target":{"@type":"EntryPoint","urlTemplate":"https:\/\/zapateneo.net\/wordpress\/?s={search_term_string}"},"query-input":{"@type":"PropertyValueSpecification","valueRequired":true,"valueName":"search_term_string"}}],"inLanguage":"es"},{"@type":"Organization","@id":"https:\/\/zapateneo.net\/wordpress\/#organization","name":"Zapateneo Kultur Elkartea","url":"https:\/\/zapateneo.net\/wordpress\/","logo":{"@type":"ImageObject","inLanguage":"es","@id":"https:\/\/zapateneo.net\/wordpress\/#\/schema\/logo\/image\/","url":"https:\/\/zapateneo.net\/wordpress\/wp-content\/uploads\/2021\/04\/zap-libu-kolec.jpg","contentUrl":"https:\/\/zapateneo.net\/wordpress\/wp-content\/uploads\/2021\/04\/zap-libu-kolec.jpg","width":2234,"height":398,"caption":"Zapateneo Kultur Elkartea"},"image":{"@id":"https:\/\/zapateneo.net\/wordpress\/#\/schema\/logo\/image\/"},"sameAs":["https:\/\/x.com\/zapateneo"]}]}},"_links":{"self":[{"href":"https:\/\/zapateneo.net\/wordpress\/index.php\/wp-json\/wp\/v2\/product\/6739","targetHints":{"allow":["GET"]}}],"collection":[{"href":"https:\/\/zapateneo.net\/wordpress\/index.php\/wp-json\/wp\/v2\/product"}],"about":[{"href":"https:\/\/zapateneo.net\/wordpress\/index.php\/wp-json\/wp\/v2\/types\/product"}],"wp:featuredmedia":[{"embeddable":true,"href":"https:\/\/zapateneo.net\/wordpress\/index.php\/wp-json\/wp\/v2\/media\/6787"}],"wp:attachment":[{"href":"https:\/\/zapateneo.net\/wordpress\/index.php\/wp-json\/wp\/v2\/media?parent=6739"}],"wp:term":[{"taxonomy":"product_brand","embeddable":true,"href":"https:\/\/zapateneo.net\/wordpress\/index.php\/wp-json\/wp\/v2\/product_brand?post=6739"},{"taxonomy":"product_cat","embeddable":true,"href":"https:\/\/zapateneo.net\/wordpress\/index.php\/wp-json\/wp\/v2\/product_cat?post=6739"},{"taxonomy":"product_tag","embeddable":true,"href":"https:\/\/zapateneo.net\/wordpress\/index.php\/wp-json\/wp\/v2\/product_tag?post=6739"}],"curies":[{"name":"wp","href":"https:\/\/api.w.org\/{rel}","templated":true}]}}