{"id":6660,"date":"2021-04-09T09:01:38","date_gmt":"2021-04-09T08:01:38","guid":{"rendered":"https:\/\/zapateneo.net\/wordpress\/?post_type=product&#038;p=6660"},"modified":"2021-04-10T16:24:09","modified_gmt":"2021-04-10T15:24:09","slug":"cuadernos-de-negacion-13-notas-sobre-patriarcado","status":"publish","type":"product","link":"https:\/\/zapateneo.net\/wordpress\/index.php\/producto\/cuadernos-de-negacion-13-notas-sobre-patriarcado\/","title":{"rendered":"Cuadernos de negacion # 13 Notas sobre patriarcado"},"content":{"rendered":"<p>En el \u00e1mbito pol\u00edtico y acad\u00e9mico se ha popularizado en las \u00faltimas d\u00e9cadas la noci\u00f3n de patriarcado. Parece un concepto de uso obligado para cualquier cr\u00edtica seria de la realidad que busque la transformaci\u00f3n social. Para algunas corrientes pareciera estar fuera de toda discusi\u00f3n que esta sociedad es patriarcal, incluso m\u00e1s fuera de discusi\u00f3n que si es capitalista.<\/p>\n<p>Uno de los grandes problemas que encontramos al abordar la cuesti\u00f3n del patriarcado es asumirlo como el sujeto que determinar\u00eda la sociedad. As\u00ed, el Capital dejar\u00eda de ser el sujeto de esta sociedad, el que lo subsume todo, para dar paso a otro: el patriarcado. Hay una diferencia fundamental entre considerar el patriarcado como algo exterior al Capital y considerarlo como una realidad interna del Capital. La primera comprensi\u00f3n nos presenta el patriarcado por un lado y el Capital por otro, o en el mejor de los casos patriarcado y Capital como dos sujetos separados que en un momento dado se vinculan.<\/p>\n<p>Por el contrario, la comprensi\u00f3n del patriarcado como realidad interna del Capital, lo asume en tanto que incluido y dominado, es decir subsumido. El proceso hist\u00f3rico de esa subsunci\u00f3n incluye y a su vez transforma al antiguo patriarcado. Y aunque puede mantenerse dicho vocablo, debemos tener en cuenta que no estamos hablando de lo mismo. Comprendemos el hecho de que en la propia lucha se siga nombrando al sexismo de esta sociedad como \u00abpatriarcado\u00bb, aunque nos parece poco preciso. Si bien emplearlo es importante para ver la continuidad hist\u00f3rica del sexismo en relaci\u00f3n a sociedades de clase anteriores, de alguna manera tambi\u00e9n oculta las condiciones del sexismo en la actualidad.<\/p>\n<p>Contenido:<br \/>\n\u2022 Presentaci\u00f3n<br \/>\nNota para posibles correcciones ortogr\u00e1ficas<br \/>\n\u2022 \u00bfPatriarcado?<br \/>\nPatriarcado y Capital<br \/>\n\u00bfInterseccionalidad?<br \/>\nDefiniciones e indefinciones<br \/>\nEsclavitud y patriarcado<br \/>\n\u00bfEstado patriarcal?<br \/>\n\u2022 Alguna vez estuvo todo al rev\u00e9s&#8230;<br \/>\n\u2022 Mujeres y acumulaci\u00f3n originaria<br \/>\nDescenso de la poblaci\u00f3n y disciplinamiento<br \/>\nAnticoncepci\u00f3n y trabajo<br \/>\nHogar, familiar y salario<br \/>\nLa domesticaci\u00f3n de las mujeres y la redefinici\u00f3n de la feminidad y la masculinidad<br \/>\nLa gran caza de brujas en Europa<br \/>\n\u2022 Mujeres y colonizaci\u00f3n<br \/>\nLa imposici\u00f3n va por dentro<br \/>\nDistintas opresiones, un mismo proceso<br \/>\n\u2022 Mujeres y esclavitud<br \/>\n\u2022 Post-data<\/p>\n","protected":false},"excerpt":{"rendered":"<p><strong><\/strong><br \/>\n2020112700061 &#8211; N\u00fam.\/Zbk.:  &#8211; Cuadernos de negaci\u00f3n &#8211; 2019 &#8211; 46 p\u00e1ginas \/orri.<\/p>\n","protected":false},"featured_media":6688,"template":"","meta":[],"product_brand":[],"product_cat":[164,173],"product_tag":[4208],"class_list":{"0":"post-6660","1":"product","2":"type-product","3":"status-publish","4":"has-post-thumbnail","6":"product_cat-revistas-aldizkariak","7":"product_cat-saiakera-ensayo","8":"product_tag-cuadernos-de-negacion","10":"first","11":"instock","12":"sold-individually","13":"shipping-taxable","14":"purchasable","15":"product-type-simple"},"yoast_head":"<!-- This site is optimized with the Yoast SEO plugin v27.3 - https:\/\/yoast.com\/product\/yoast-seo-wordpress\/ -->\n<title>Cuadernos de negacion # 13 Notas sobre patriarcado &#8212; Zapateneo<\/title>\n<meta name=\"robots\" content=\"index, follow, max-snippet:-1, max-image-preview:large, max-video-preview:-1\" \/>\n<link rel=\"canonical\" href=\"https:\/\/zapateneo.net\/wordpress\/index.php\/producto\/cuadernos-de-negacion-13-notas-sobre-patriarcado\/\" \/>\n<meta property=\"og:locale\" content=\"es_ES\" \/>\n<meta property=\"og:type\" content=\"article\" \/>\n<meta property=\"og:title\" content=\"Cuadernos de negacion # 13 Notas sobre patriarcado &#8212; Zapateneo\" \/>\n<meta property=\"og:description\" content=\"2020112700061 - N\u00fam.\/Zbk.: - Cuadernos de negaci\u00f3n - 2019 - 46 p\u00e1ginas \/orri.\" \/>\n<meta property=\"og:url\" content=\"https:\/\/zapateneo.net\/wordpress\/index.php\/producto\/cuadernos-de-negacion-13-notas-sobre-patriarcado\/\" \/>\n<meta property=\"og:site_name\" content=\"Zapateneo\" \/>\n<meta property=\"article:modified_time\" content=\"2021-04-10T15:24:09+00:00\" \/>\n<meta property=\"og:image\" content=\"https:\/\/zapateneo.net\/wordpress\/wp-content\/uploads\/2021\/04\/cuadernosdenegacion13patriarcado.jpg\" \/>\n\t<meta property=\"og:image:width\" content=\"226\" \/>\n\t<meta property=\"og:image:height\" content=\"320\" \/>\n\t<meta property=\"og:image:type\" content=\"image\/jpeg\" \/>\n<meta name=\"twitter:card\" content=\"summary_large_image\" \/>\n<meta name=\"twitter:site\" content=\"@zapateneo\" \/>\n<meta name=\"twitter:label1\" content=\"Tiempo de lectura\" \/>\n\t<meta name=\"twitter:data1\" content=\"2 minutos\" \/>\n<script type=\"application\/ld+json\" class=\"yoast-schema-graph\">{\"@context\":\"https:\\\/\\\/schema.org\",\"@graph\":[{\"@type\":\"WebPage\",\"@id\":\"https:\\\/\\\/zapateneo.net\\\/wordpress\\\/index.php\\\/producto\\\/cuadernos-de-negacion-13-notas-sobre-patriarcado\\\/\",\"url\":\"https:\\\/\\\/zapateneo.net\\\/wordpress\\\/index.php\\\/producto\\\/cuadernos-de-negacion-13-notas-sobre-patriarcado\\\/\",\"name\":\"Cuadernos de negacion # 13 Notas sobre patriarcado &#8212; Zapateneo\",\"isPartOf\":{\"@id\":\"https:\\\/\\\/zapateneo.net\\\/wordpress\\\/#website\"},\"primaryImageOfPage\":{\"@id\":\"https:\\\/\\\/zapateneo.net\\\/wordpress\\\/index.php\\\/producto\\\/cuadernos-de-negacion-13-notas-sobre-patriarcado\\\/#primaryimage\"},\"image\":{\"@id\":\"https:\\\/\\\/zapateneo.net\\\/wordpress\\\/index.php\\\/producto\\\/cuadernos-de-negacion-13-notas-sobre-patriarcado\\\/#primaryimage\"},\"thumbnailUrl\":\"https:\\\/\\\/zapateneo.net\\\/wordpress\\\/wp-content\\\/uploads\\\/2021\\\/04\\\/cuadernosdenegacion13patriarcado.jpg\",\"datePublished\":\"2021-04-09T08:01:38+00:00\",\"dateModified\":\"2021-04-10T15:24:09+00:00\",\"breadcrumb\":{\"@id\":\"https:\\\/\\\/zapateneo.net\\\/wordpress\\\/index.php\\\/producto\\\/cuadernos-de-negacion-13-notas-sobre-patriarcado\\\/#breadcrumb\"},\"inLanguage\":\"es\",\"potentialAction\":[{\"@type\":\"ReadAction\",\"target\":[\"https:\\\/\\\/zapateneo.net\\\/wordpress\\\/index.php\\\/producto\\\/cuadernos-de-negacion-13-notas-sobre-patriarcado\\\/\"]}]},{\"@type\":\"ImageObject\",\"inLanguage\":\"es\",\"@id\":\"https:\\\/\\\/zapateneo.net\\\/wordpress\\\/index.php\\\/producto\\\/cuadernos-de-negacion-13-notas-sobre-patriarcado\\\/#primaryimage\",\"url\":\"https:\\\/\\\/zapateneo.net\\\/wordpress\\\/wp-content\\\/uploads\\\/2021\\\/04\\\/cuadernosdenegacion13patriarcado.jpg\",\"contentUrl\":\"https:\\\/\\\/zapateneo.net\\\/wordpress\\\/wp-content\\\/uploads\\\/2021\\\/04\\\/cuadernosdenegacion13patriarcado.jpg\",\"width\":226,\"height\":320},{\"@type\":\"BreadcrumbList\",\"@id\":\"https:\\\/\\\/zapateneo.net\\\/wordpress\\\/index.php\\\/producto\\\/cuadernos-de-negacion-13-notas-sobre-patriarcado\\\/#breadcrumb\",\"itemListElement\":[{\"@type\":\"ListItem\",\"position\":1,\"name\":\"Portada\",\"item\":\"https:\\\/\\\/zapateneo.net\\\/wordpress\\\/\"},{\"@type\":\"ListItem\",\"position\":2,\"name\":\"Tienda\",\"item\":\"https:\\\/\\\/zapateneo.net\\\/wordpress\\\/\"},{\"@type\":\"ListItem\",\"position\":3,\"name\":\"Cuadernos de negacion # 13 Notas sobre patriarcado\"}]},{\"@type\":\"WebSite\",\"@id\":\"https:\\\/\\\/zapateneo.net\\\/wordpress\\\/#website\",\"url\":\"https:\\\/\\\/zapateneo.net\\\/wordpress\\\/\",\"name\":\"Zapateneo\",\"description\":\"Zapateneoaren webgunea\",\"publisher\":{\"@id\":\"https:\\\/\\\/zapateneo.net\\\/wordpress\\\/#organization\"},\"potentialAction\":[{\"@type\":\"SearchAction\",\"target\":{\"@type\":\"EntryPoint\",\"urlTemplate\":\"https:\\\/\\\/zapateneo.net\\\/wordpress\\\/?s={search_term_string}\"},\"query-input\":{\"@type\":\"PropertyValueSpecification\",\"valueRequired\":true,\"valueName\":\"search_term_string\"}}],\"inLanguage\":\"es\"},{\"@type\":\"Organization\",\"@id\":\"https:\\\/\\\/zapateneo.net\\\/wordpress\\\/#organization\",\"name\":\"Zapateneo Kultur Elkartea\",\"url\":\"https:\\\/\\\/zapateneo.net\\\/wordpress\\\/\",\"logo\":{\"@type\":\"ImageObject\",\"inLanguage\":\"es\",\"@id\":\"https:\\\/\\\/zapateneo.net\\\/wordpress\\\/#\\\/schema\\\/logo\\\/image\\\/\",\"url\":\"https:\\\/\\\/zapateneo.net\\\/wordpress\\\/wp-content\\\/uploads\\\/2021\\\/04\\\/zap-libu-kolec.jpg\",\"contentUrl\":\"https:\\\/\\\/zapateneo.net\\\/wordpress\\\/wp-content\\\/uploads\\\/2021\\\/04\\\/zap-libu-kolec.jpg\",\"width\":2234,\"height\":398,\"caption\":\"Zapateneo Kultur Elkartea\"},\"image\":{\"@id\":\"https:\\\/\\\/zapateneo.net\\\/wordpress\\\/#\\\/schema\\\/logo\\\/image\\\/\"},\"sameAs\":[\"https:\\\/\\\/x.com\\\/zapateneo\"]}]}<\/script>\n<!-- \/ Yoast SEO plugin. -->","yoast_head_json":{"title":"Cuadernos de negacion # 13 Notas sobre patriarcado &#8212; Zapateneo","robots":{"index":"index","follow":"follow","max-snippet":"max-snippet:-1","max-image-preview":"max-image-preview:large","max-video-preview":"max-video-preview:-1"},"canonical":"https:\/\/zapateneo.net\/wordpress\/index.php\/producto\/cuadernos-de-negacion-13-notas-sobre-patriarcado\/","og_locale":"es_ES","og_type":"article","og_title":"Cuadernos de negacion # 13 Notas sobre patriarcado &#8212; Zapateneo","og_description":"2020112700061 - N\u00fam.\/Zbk.: - Cuadernos de negaci\u00f3n - 2019 - 46 p\u00e1ginas \/orri.","og_url":"https:\/\/zapateneo.net\/wordpress\/index.php\/producto\/cuadernos-de-negacion-13-notas-sobre-patriarcado\/","og_site_name":"Zapateneo","article_modified_time":"2021-04-10T15:24:09+00:00","og_image":[{"width":226,"height":320,"url":"https:\/\/zapateneo.net\/wordpress\/wp-content\/uploads\/2021\/04\/cuadernosdenegacion13patriarcado.jpg","type":"image\/jpeg"}],"twitter_card":"summary_large_image","twitter_site":"@zapateneo","twitter_misc":{"Tiempo de lectura":"2 minutos"},"schema":{"@context":"https:\/\/schema.org","@graph":[{"@type":"WebPage","@id":"https:\/\/zapateneo.net\/wordpress\/index.php\/producto\/cuadernos-de-negacion-13-notas-sobre-patriarcado\/","url":"https:\/\/zapateneo.net\/wordpress\/index.php\/producto\/cuadernos-de-negacion-13-notas-sobre-patriarcado\/","name":"Cuadernos de negacion # 13 Notas sobre patriarcado &#8212; Zapateneo","isPartOf":{"@id":"https:\/\/zapateneo.net\/wordpress\/#website"},"primaryImageOfPage":{"@id":"https:\/\/zapateneo.net\/wordpress\/index.php\/producto\/cuadernos-de-negacion-13-notas-sobre-patriarcado\/#primaryimage"},"image":{"@id":"https:\/\/zapateneo.net\/wordpress\/index.php\/producto\/cuadernos-de-negacion-13-notas-sobre-patriarcado\/#primaryimage"},"thumbnailUrl":"https:\/\/zapateneo.net\/wordpress\/wp-content\/uploads\/2021\/04\/cuadernosdenegacion13patriarcado.jpg","datePublished":"2021-04-09T08:01:38+00:00","dateModified":"2021-04-10T15:24:09+00:00","breadcrumb":{"@id":"https:\/\/zapateneo.net\/wordpress\/index.php\/producto\/cuadernos-de-negacion-13-notas-sobre-patriarcado\/#breadcrumb"},"inLanguage":"es","potentialAction":[{"@type":"ReadAction","target":["https:\/\/zapateneo.net\/wordpress\/index.php\/producto\/cuadernos-de-negacion-13-notas-sobre-patriarcado\/"]}]},{"@type":"ImageObject","inLanguage":"es","@id":"https:\/\/zapateneo.net\/wordpress\/index.php\/producto\/cuadernos-de-negacion-13-notas-sobre-patriarcado\/#primaryimage","url":"https:\/\/zapateneo.net\/wordpress\/wp-content\/uploads\/2021\/04\/cuadernosdenegacion13patriarcado.jpg","contentUrl":"https:\/\/zapateneo.net\/wordpress\/wp-content\/uploads\/2021\/04\/cuadernosdenegacion13patriarcado.jpg","width":226,"height":320},{"@type":"BreadcrumbList","@id":"https:\/\/zapateneo.net\/wordpress\/index.php\/producto\/cuadernos-de-negacion-13-notas-sobre-patriarcado\/#breadcrumb","itemListElement":[{"@type":"ListItem","position":1,"name":"Portada","item":"https:\/\/zapateneo.net\/wordpress\/"},{"@type":"ListItem","position":2,"name":"Tienda","item":"https:\/\/zapateneo.net\/wordpress\/"},{"@type":"ListItem","position":3,"name":"Cuadernos de negacion # 13 Notas sobre patriarcado"}]},{"@type":"WebSite","@id":"https:\/\/zapateneo.net\/wordpress\/#website","url":"https:\/\/zapateneo.net\/wordpress\/","name":"Zapateneo","description":"Zapateneoaren webgunea","publisher":{"@id":"https:\/\/zapateneo.net\/wordpress\/#organization"},"potentialAction":[{"@type":"SearchAction","target":{"@type":"EntryPoint","urlTemplate":"https:\/\/zapateneo.net\/wordpress\/?s={search_term_string}"},"query-input":{"@type":"PropertyValueSpecification","valueRequired":true,"valueName":"search_term_string"}}],"inLanguage":"es"},{"@type":"Organization","@id":"https:\/\/zapateneo.net\/wordpress\/#organization","name":"Zapateneo Kultur Elkartea","url":"https:\/\/zapateneo.net\/wordpress\/","logo":{"@type":"ImageObject","inLanguage":"es","@id":"https:\/\/zapateneo.net\/wordpress\/#\/schema\/logo\/image\/","url":"https:\/\/zapateneo.net\/wordpress\/wp-content\/uploads\/2021\/04\/zap-libu-kolec.jpg","contentUrl":"https:\/\/zapateneo.net\/wordpress\/wp-content\/uploads\/2021\/04\/zap-libu-kolec.jpg","width":2234,"height":398,"caption":"Zapateneo Kultur Elkartea"},"image":{"@id":"https:\/\/zapateneo.net\/wordpress\/#\/schema\/logo\/image\/"},"sameAs":["https:\/\/x.com\/zapateneo"]}]}},"_links":{"self":[{"href":"https:\/\/zapateneo.net\/wordpress\/index.php\/wp-json\/wp\/v2\/product\/6660","targetHints":{"allow":["GET"]}}],"collection":[{"href":"https:\/\/zapateneo.net\/wordpress\/index.php\/wp-json\/wp\/v2\/product"}],"about":[{"href":"https:\/\/zapateneo.net\/wordpress\/index.php\/wp-json\/wp\/v2\/types\/product"}],"wp:featuredmedia":[{"embeddable":true,"href":"https:\/\/zapateneo.net\/wordpress\/index.php\/wp-json\/wp\/v2\/media\/6688"}],"wp:attachment":[{"href":"https:\/\/zapateneo.net\/wordpress\/index.php\/wp-json\/wp\/v2\/media?parent=6660"}],"wp:term":[{"taxonomy":"product_brand","embeddable":true,"href":"https:\/\/zapateneo.net\/wordpress\/index.php\/wp-json\/wp\/v2\/product_brand?post=6660"},{"taxonomy":"product_cat","embeddable":true,"href":"https:\/\/zapateneo.net\/wordpress\/index.php\/wp-json\/wp\/v2\/product_cat?post=6660"},{"taxonomy":"product_tag","embeddable":true,"href":"https:\/\/zapateneo.net\/wordpress\/index.php\/wp-json\/wp\/v2\/product_tag?post=6660"}],"curies":[{"name":"wp","href":"https:\/\/api.w.org\/{rel}","templated":true}]}}