{"id":6601,"date":"2021-04-09T07:55:48","date_gmt":"2021-04-09T06:55:48","guid":{"rendered":"https:\/\/zapateneo.net\/wordpress\/?post_type=product&#038;p=6601"},"modified":"2021-10-06T11:46:22","modified_gmt":"2021-10-06T10:46:22","slug":"imperialismo-democracia-y-nuevas-formas-de-resist","status":"publish","type":"product","link":"https:\/\/zapateneo.net\/wordpress\/index.php\/producto\/imperialismo-democracia-y-nuevas-formas-de-resist\/","title":{"rendered":"IMPERIALISMO, DEMOCRACIA Y NUEVAS FORMAS DE RESISTENCIA"},"content":{"rendered":"<p>A trav\u00e9s de una cuidada selecci\u00f3n de art\u00edculos, se busca penetrar en los problemas centrales de la actual situaci\u00f3n mundial. As\u00ed, se realiza un acercamiento al estado del imperialismo estadounidense tras el 11-S y los conflictos interimperialistas existentes.<\/p>\n<p>Se ponen las bases para sanear el debate sobre el terrorismo, presentado hoy como el principal problema de la humanidad y utilizado como excusa para responder a los intereses imperialistas. Se analiza la funci\u00f3n actual de las llamadas democracias y de los medios de comunicaci\u00f3n, y se hace una aproximaci\u00f3n cr\u00edtica a las nuevas formas de lucha (movimientos antiglobalizaci\u00f3n, etc.). Se analizan las principales luchas de masas actuales y los conflictos m\u00e1s sangrientos del momento, y se intenta comprender en qu\u00e9 medida ponen en jaque o, por el contrario, ayudan a los intereses geoestrat\u00e9gicos capitalistas y pro-imperialistas.<\/p>\n<p>Se estudia tambi\u00e9n la funci\u00f3n que, contra la lucha popular de Euskal Herria, cumplen peones como el PNV o la represi\u00f3n en sus distintas formas.<\/p>\n<p>El colaborador de <a href=\"http:\/\/www.lahaine.org\/\">La Haine<\/a> Roberto Delgado participa en la elaboraci\u00f3n de este libro de la editorial donostiarra \u201cBasandere\u201d, que ya se puede solicitar desde Internet en el mail <i><a href=\"mailto:basandere@euskalnet.net\" target=\"_blank\" rel=\"noopener\">basandere@euskalnet.net<\/a><\/i> y el cual incluye textos extra\u00eddos de <a href=\"http:\/\/www.lahaine.org\">www.lahaine.org<\/a> y otras webs alternativas.<\/p>\n<p>Entre los autores de los textos recopilados se puede encontrar a J. Petras, R. Delgado, A. M. Ruiz, M.T. Klare, H. Weltmeyer, N. Kohan, O. Bayer, N. Narbona, J. De la Cueva, CAES y G. Kape.<\/p>\n","protected":false},"excerpt":{"rendered":"<p><strong>VVAA<\/strong><br \/>\n9788493169350 &#8211; BASANDERE &#8211; 2002\u00a0 -328 p\u00e1ginas \/orri.<\/p>\n","protected":false},"featured_media":8494,"template":"","meta":[],"product_brand":[],"product_cat":[16,15],"product_tag":[1710],"class_list":{"0":"post-6601","1":"product","2":"type-product","3":"status-publish","4":"has-post-thumbnail","6":"product_cat-libros","7":"product_cat-otros-bestelakoak","8":"product_tag-basandere","10":"first","11":"instock","12":"sold-individually","13":"shipping-taxable","14":"purchasable","15":"product-type-simple"},"yoast_head":"<!-- This site is optimized with the Yoast SEO plugin v27.3 - https:\/\/yoast.com\/product\/yoast-seo-wordpress\/ -->\n<title>IMPERIALISMO, DEMOCRACIA Y NUEVAS FORMAS DE RESISTENCIA &#8212; Zapateneo<\/title>\n<meta name=\"robots\" content=\"index, follow, max-snippet:-1, max-image-preview:large, max-video-preview:-1\" \/>\n<link rel=\"canonical\" href=\"https:\/\/zapateneo.net\/wordpress\/index.php\/producto\/imperialismo-democracia-y-nuevas-formas-de-resist\/\" \/>\n<meta property=\"og:locale\" content=\"es_ES\" \/>\n<meta property=\"og:type\" content=\"article\" \/>\n<meta property=\"og:title\" content=\"IMPERIALISMO, DEMOCRACIA Y NUEVAS FORMAS DE RESISTENCIA &#8212; Zapateneo\" \/>\n<meta property=\"og:description\" content=\"VVAA 9788493169350 - BASANDERE - 2002\u00a0 -328 p\u00e1ginas \/orri.\" \/>\n<meta property=\"og:url\" content=\"https:\/\/zapateneo.net\/wordpress\/index.php\/producto\/imperialismo-democracia-y-nuevas-formas-de-resist\/\" \/>\n<meta property=\"og:site_name\" content=\"Zapateneo\" \/>\n<meta property=\"article:modified_time\" content=\"2021-10-06T10:46:22+00:00\" \/>\n<meta property=\"og:image\" content=\"https:\/\/zapateneo.net\/wordpress\/wp-content\/uploads\/2021\/04\/9788493169350.jpg\" \/>\n\t<meta property=\"og:image:width\" content=\"300\" \/>\n\t<meta property=\"og:image:height\" content=\"459\" \/>\n\t<meta property=\"og:image:type\" content=\"image\/jpeg\" \/>\n<meta name=\"twitter:card\" content=\"summary_large_image\" \/>\n<meta name=\"twitter:site\" content=\"@zapateneo\" \/>\n<meta name=\"twitter:label1\" content=\"Tiempo de lectura\" \/>\n\t<meta name=\"twitter:data1\" content=\"1 minuto\" \/>\n<script type=\"application\/ld+json\" class=\"yoast-schema-graph\">{\"@context\":\"https:\\\/\\\/schema.org\",\"@graph\":[{\"@type\":\"WebPage\",\"@id\":\"https:\\\/\\\/zapateneo.net\\\/wordpress\\\/index.php\\\/producto\\\/imperialismo-democracia-y-nuevas-formas-de-resist\\\/\",\"url\":\"https:\\\/\\\/zapateneo.net\\\/wordpress\\\/index.php\\\/producto\\\/imperialismo-democracia-y-nuevas-formas-de-resist\\\/\",\"name\":\"IMPERIALISMO, DEMOCRACIA Y NUEVAS FORMAS DE RESISTENCIA &#8212; Zapateneo\",\"isPartOf\":{\"@id\":\"https:\\\/\\\/zapateneo.net\\\/wordpress\\\/#website\"},\"primaryImageOfPage\":{\"@id\":\"https:\\\/\\\/zapateneo.net\\\/wordpress\\\/index.php\\\/producto\\\/imperialismo-democracia-y-nuevas-formas-de-resist\\\/#primaryimage\"},\"image\":{\"@id\":\"https:\\\/\\\/zapateneo.net\\\/wordpress\\\/index.php\\\/producto\\\/imperialismo-democracia-y-nuevas-formas-de-resist\\\/#primaryimage\"},\"thumbnailUrl\":\"https:\\\/\\\/zapateneo.net\\\/wordpress\\\/wp-content\\\/uploads\\\/2021\\\/04\\\/9788493169350.jpg\",\"datePublished\":\"2021-04-09T06:55:48+00:00\",\"dateModified\":\"2021-10-06T10:46:22+00:00\",\"breadcrumb\":{\"@id\":\"https:\\\/\\\/zapateneo.net\\\/wordpress\\\/index.php\\\/producto\\\/imperialismo-democracia-y-nuevas-formas-de-resist\\\/#breadcrumb\"},\"inLanguage\":\"es\",\"potentialAction\":[{\"@type\":\"ReadAction\",\"target\":[\"https:\\\/\\\/zapateneo.net\\\/wordpress\\\/index.php\\\/producto\\\/imperialismo-democracia-y-nuevas-formas-de-resist\\\/\"]}]},{\"@type\":\"ImageObject\",\"inLanguage\":\"es\",\"@id\":\"https:\\\/\\\/zapateneo.net\\\/wordpress\\\/index.php\\\/producto\\\/imperialismo-democracia-y-nuevas-formas-de-resist\\\/#primaryimage\",\"url\":\"https:\\\/\\\/zapateneo.net\\\/wordpress\\\/wp-content\\\/uploads\\\/2021\\\/04\\\/9788493169350.jpg\",\"contentUrl\":\"https:\\\/\\\/zapateneo.net\\\/wordpress\\\/wp-content\\\/uploads\\\/2021\\\/04\\\/9788493169350.jpg\",\"width\":300,\"height\":459},{\"@type\":\"BreadcrumbList\",\"@id\":\"https:\\\/\\\/zapateneo.net\\\/wordpress\\\/index.php\\\/producto\\\/imperialismo-democracia-y-nuevas-formas-de-resist\\\/#breadcrumb\",\"itemListElement\":[{\"@type\":\"ListItem\",\"position\":1,\"name\":\"Portada\",\"item\":\"https:\\\/\\\/zapateneo.net\\\/wordpress\\\/\"},{\"@type\":\"ListItem\",\"position\":2,\"name\":\"Tienda\",\"item\":\"https:\\\/\\\/zapateneo.net\\\/wordpress\\\/\"},{\"@type\":\"ListItem\",\"position\":3,\"name\":\"IMPERIALISMO, DEMOCRACIA Y NUEVAS FORMAS DE RESISTENCIA\"}]},{\"@type\":\"WebSite\",\"@id\":\"https:\\\/\\\/zapateneo.net\\\/wordpress\\\/#website\",\"url\":\"https:\\\/\\\/zapateneo.net\\\/wordpress\\\/\",\"name\":\"Zapateneo\",\"description\":\"Zapateneoaren webgunea\",\"publisher\":{\"@id\":\"https:\\\/\\\/zapateneo.net\\\/wordpress\\\/#organization\"},\"potentialAction\":[{\"@type\":\"SearchAction\",\"target\":{\"@type\":\"EntryPoint\",\"urlTemplate\":\"https:\\\/\\\/zapateneo.net\\\/wordpress\\\/?s={search_term_string}\"},\"query-input\":{\"@type\":\"PropertyValueSpecification\",\"valueRequired\":true,\"valueName\":\"search_term_string\"}}],\"inLanguage\":\"es\"},{\"@type\":\"Organization\",\"@id\":\"https:\\\/\\\/zapateneo.net\\\/wordpress\\\/#organization\",\"name\":\"Zapateneo Kultur Elkartea\",\"url\":\"https:\\\/\\\/zapateneo.net\\\/wordpress\\\/\",\"logo\":{\"@type\":\"ImageObject\",\"inLanguage\":\"es\",\"@id\":\"https:\\\/\\\/zapateneo.net\\\/wordpress\\\/#\\\/schema\\\/logo\\\/image\\\/\",\"url\":\"https:\\\/\\\/zapateneo.net\\\/wordpress\\\/wp-content\\\/uploads\\\/2021\\\/04\\\/zap-libu-kolec.jpg\",\"contentUrl\":\"https:\\\/\\\/zapateneo.net\\\/wordpress\\\/wp-content\\\/uploads\\\/2021\\\/04\\\/zap-libu-kolec.jpg\",\"width\":2234,\"height\":398,\"caption\":\"Zapateneo Kultur Elkartea\"},\"image\":{\"@id\":\"https:\\\/\\\/zapateneo.net\\\/wordpress\\\/#\\\/schema\\\/logo\\\/image\\\/\"},\"sameAs\":[\"https:\\\/\\\/x.com\\\/zapateneo\"]}]}<\/script>\n<!-- \/ Yoast SEO plugin. -->","yoast_head_json":{"title":"IMPERIALISMO, DEMOCRACIA Y NUEVAS FORMAS DE RESISTENCIA &#8212; Zapateneo","robots":{"index":"index","follow":"follow","max-snippet":"max-snippet:-1","max-image-preview":"max-image-preview:large","max-video-preview":"max-video-preview:-1"},"canonical":"https:\/\/zapateneo.net\/wordpress\/index.php\/producto\/imperialismo-democracia-y-nuevas-formas-de-resist\/","og_locale":"es_ES","og_type":"article","og_title":"IMPERIALISMO, DEMOCRACIA Y NUEVAS FORMAS DE RESISTENCIA &#8212; Zapateneo","og_description":"VVAA 9788493169350 - BASANDERE - 2002\u00a0 -328 p\u00e1ginas \/orri.","og_url":"https:\/\/zapateneo.net\/wordpress\/index.php\/producto\/imperialismo-democracia-y-nuevas-formas-de-resist\/","og_site_name":"Zapateneo","article_modified_time":"2021-10-06T10:46:22+00:00","og_image":[{"width":300,"height":459,"url":"https:\/\/zapateneo.net\/wordpress\/wp-content\/uploads\/2021\/04\/9788493169350.jpg","type":"image\/jpeg"}],"twitter_card":"summary_large_image","twitter_site":"@zapateneo","twitter_misc":{"Tiempo de lectura":"1 minuto"},"schema":{"@context":"https:\/\/schema.org","@graph":[{"@type":"WebPage","@id":"https:\/\/zapateneo.net\/wordpress\/index.php\/producto\/imperialismo-democracia-y-nuevas-formas-de-resist\/","url":"https:\/\/zapateneo.net\/wordpress\/index.php\/producto\/imperialismo-democracia-y-nuevas-formas-de-resist\/","name":"IMPERIALISMO, DEMOCRACIA Y NUEVAS FORMAS DE RESISTENCIA &#8212; Zapateneo","isPartOf":{"@id":"https:\/\/zapateneo.net\/wordpress\/#website"},"primaryImageOfPage":{"@id":"https:\/\/zapateneo.net\/wordpress\/index.php\/producto\/imperialismo-democracia-y-nuevas-formas-de-resist\/#primaryimage"},"image":{"@id":"https:\/\/zapateneo.net\/wordpress\/index.php\/producto\/imperialismo-democracia-y-nuevas-formas-de-resist\/#primaryimage"},"thumbnailUrl":"https:\/\/zapateneo.net\/wordpress\/wp-content\/uploads\/2021\/04\/9788493169350.jpg","datePublished":"2021-04-09T06:55:48+00:00","dateModified":"2021-10-06T10:46:22+00:00","breadcrumb":{"@id":"https:\/\/zapateneo.net\/wordpress\/index.php\/producto\/imperialismo-democracia-y-nuevas-formas-de-resist\/#breadcrumb"},"inLanguage":"es","potentialAction":[{"@type":"ReadAction","target":["https:\/\/zapateneo.net\/wordpress\/index.php\/producto\/imperialismo-democracia-y-nuevas-formas-de-resist\/"]}]},{"@type":"ImageObject","inLanguage":"es","@id":"https:\/\/zapateneo.net\/wordpress\/index.php\/producto\/imperialismo-democracia-y-nuevas-formas-de-resist\/#primaryimage","url":"https:\/\/zapateneo.net\/wordpress\/wp-content\/uploads\/2021\/04\/9788493169350.jpg","contentUrl":"https:\/\/zapateneo.net\/wordpress\/wp-content\/uploads\/2021\/04\/9788493169350.jpg","width":300,"height":459},{"@type":"BreadcrumbList","@id":"https:\/\/zapateneo.net\/wordpress\/index.php\/producto\/imperialismo-democracia-y-nuevas-formas-de-resist\/#breadcrumb","itemListElement":[{"@type":"ListItem","position":1,"name":"Portada","item":"https:\/\/zapateneo.net\/wordpress\/"},{"@type":"ListItem","position":2,"name":"Tienda","item":"https:\/\/zapateneo.net\/wordpress\/"},{"@type":"ListItem","position":3,"name":"IMPERIALISMO, DEMOCRACIA Y NUEVAS FORMAS DE RESISTENCIA"}]},{"@type":"WebSite","@id":"https:\/\/zapateneo.net\/wordpress\/#website","url":"https:\/\/zapateneo.net\/wordpress\/","name":"Zapateneo","description":"Zapateneoaren webgunea","publisher":{"@id":"https:\/\/zapateneo.net\/wordpress\/#organization"},"potentialAction":[{"@type":"SearchAction","target":{"@type":"EntryPoint","urlTemplate":"https:\/\/zapateneo.net\/wordpress\/?s={search_term_string}"},"query-input":{"@type":"PropertyValueSpecification","valueRequired":true,"valueName":"search_term_string"}}],"inLanguage":"es"},{"@type":"Organization","@id":"https:\/\/zapateneo.net\/wordpress\/#organization","name":"Zapateneo Kultur Elkartea","url":"https:\/\/zapateneo.net\/wordpress\/","logo":{"@type":"ImageObject","inLanguage":"es","@id":"https:\/\/zapateneo.net\/wordpress\/#\/schema\/logo\/image\/","url":"https:\/\/zapateneo.net\/wordpress\/wp-content\/uploads\/2021\/04\/zap-libu-kolec.jpg","contentUrl":"https:\/\/zapateneo.net\/wordpress\/wp-content\/uploads\/2021\/04\/zap-libu-kolec.jpg","width":2234,"height":398,"caption":"Zapateneo Kultur Elkartea"},"image":{"@id":"https:\/\/zapateneo.net\/wordpress\/#\/schema\/logo\/image\/"},"sameAs":["https:\/\/x.com\/zapateneo"]}]}},"_links":{"self":[{"href":"https:\/\/zapateneo.net\/wordpress\/index.php\/wp-json\/wp\/v2\/product\/6601","targetHints":{"allow":["GET"]}}],"collection":[{"href":"https:\/\/zapateneo.net\/wordpress\/index.php\/wp-json\/wp\/v2\/product"}],"about":[{"href":"https:\/\/zapateneo.net\/wordpress\/index.php\/wp-json\/wp\/v2\/types\/product"}],"wp:featuredmedia":[{"embeddable":true,"href":"https:\/\/zapateneo.net\/wordpress\/index.php\/wp-json\/wp\/v2\/media\/8494"}],"wp:attachment":[{"href":"https:\/\/zapateneo.net\/wordpress\/index.php\/wp-json\/wp\/v2\/media?parent=6601"}],"wp:term":[{"taxonomy":"product_brand","embeddable":true,"href":"https:\/\/zapateneo.net\/wordpress\/index.php\/wp-json\/wp\/v2\/product_brand?post=6601"},{"taxonomy":"product_cat","embeddable":true,"href":"https:\/\/zapateneo.net\/wordpress\/index.php\/wp-json\/wp\/v2\/product_cat?post=6601"},{"taxonomy":"product_tag","embeddable":true,"href":"https:\/\/zapateneo.net\/wordpress\/index.php\/wp-json\/wp\/v2\/product_tag?post=6601"}],"curies":[{"name":"wp","href":"https:\/\/api.w.org\/{rel}","templated":true}]}}