{"id":6416,"date":"2021-04-09T07:00:12","date_gmt":"2021-04-09T06:00:12","guid":{"rendered":"https:\/\/zapateneo.net\/wordpress\/?post_type=product&#038;p=6416"},"modified":"2021-04-09T07:00:58","modified_gmt":"2021-04-09T06:00:58","slug":"espacios-compartidos","status":"publish","type":"product","link":"https:\/\/zapateneo.net\/wordpress\/index.php\/producto\/espacios-compartidos\/","title":{"rendered":"Espacios compartidos"},"content":{"rendered":"<p><span><\/p>\n<p>&nbsp;<\/p>\n<p><span><\/p>\n<p>&nbsp;<\/p>\n<p><span><\/p>\n<p>&nbsp;<\/p>\n<p><span><\/p>\n<p>&nbsp;<\/p>\n<p style=\"margin-bottom: 0cm;\">Espacios compartidos &laquo;Fanzine Po&eacute;tico&raquo;, nuevo g&eacute;nero literario pict&oacute;rico, donde la obra de Juan Kalvellido se integra en los textos po&eacute;ticos de Miguel &Aacute;ngel Rinc&oacute;n consiguiendo que adquieran una nueva dimensi&oacute;n.<\/p>\n<p style=\"margin-bottom: 0cm;\">En un mundo de im&aacute;genes constantes, la poes&iacute;a y la pintura deber&aacute;n acompa&ntilde;arse indefectiblemente.<\/p>\n<p style=\"margin-bottom: 0cm;\">&nbsp;<\/p>\n<p class=\"Estilo5\" style=\"margin-bottom: 0cm;\" align=\"center\">MIGUEL &Aacute;NGEL RINC&Oacute;N PE&Ntilde;A<\/p>\n<p style=\"margin-bottom: 0cm;\" align=\"center\">&nbsp;<\/p>\n<p style=\"margin-bottom: 0cm;\" align=\"center\"><img loading=\"lazy\" decoding=\"async\" src=\"http:\/\/www.tiempodecerezas.com\/imgs\/autores\/caricatura_peq.jpg\" alt=\"\" width=\"177\" height=\"194\" \/><\/p>\n<p style=\"margin-bottom: 0cm;\" align=\"center\">Caricatura del autor realizada por J. Kalvellido<\/p>\n<p style=\"margin-bottom: 0cm;\" align=\"center\">&nbsp;<\/p>\n<p style=\"margin-bottom: 0cm;\">Nace el 10 de noviembre de 1977 en Ronda (M&aacute;laga); actualmente reside en Prado del Rey (Sierra de C&aacute;diz).<\/p>\n<p style=\"margin-bottom: 0cm;\">Desde el a&ntilde;o 2000 viene publicando art&iacute;culos de opini&oacute;n y poemas para varias revistas y peri&oacute;dicos, tanto impresos como digitales. Tambi&eacute;n colabora habitualmente en varias emisoras de radio.<\/p>\n<p style=\"margin-bottom: 0cm;\">En la primavera de 2003 public&oacute; su primer libro de poemas llamado <em>La Tormenta<\/em>. Editado por el Ayto. de Prado del Rey (C&aacute;diz). En 2004 codirigi&oacute; y colabor&oacute; en una antolog&iacute;a po&eacute;tica llamada <em>Voces del pueblo<\/em>. Editado por AFADEN-Prado, donde se re&uacute;nen poemas de una docena de poetas locales.<\/p>\n<p style=\"margin-bottom: 0cm;\">En el verano de 2005 realiz&oacute; una exposici&oacute;n de poemas visuales en la localidad gaditana de Espera. Dentro del programa del <strong>II Fatetar Folk Festival<\/strong>.<\/p>\n<p style=\"margin-bottom: 0cm;\">En septiembre de 2006 publica su &uacute;ltimo trabajo literario llamado <em>Elucubraciones de un superviviente<\/em>. Editado por Castellarte, SL. Pr&oacute;logo escrito por el escritor Juan Jos&eacute; T&eacute;llez. Es fundador y director de la revista cultural &ldquo;<strong>El Div&aacute;n<\/strong>&rdquo; (de contenidos filos&oacute;ficos, po&eacute;ticos y art&iacute;sticos). Tiene, adem&aacute;s, su propia p&aacute;gina web:<a href=\"http:\/\/www.miguelangelrincon.com\/\"> www.miguelangelrincon.com<\/a><\/p>\n<p style=\"margin-bottom: 0cm;\">Con &eacute;ste, <em>Espacios compartidos<\/em>, son ya tres sus poemarios publicados.<\/p>\n<p style=\"margin-bottom: 0cm;\">&nbsp;<\/p>\n<p class=\"Estilo5\" style=\"margin-bottom: 0cm;\">Lee aqu&iacute; algunos poemas de Miguel &Aacute;ngel<\/p>\n<p style=\"margin-bottom: 0cm;\">&nbsp;<\/p>\n<p>&nbsp;<\/p>\n<p style=\"margin-bottom: 0cm;\" align=\"center\"><strong>A QU&Eacute; SABEN LOS POEMAS<\/strong><\/p>\n<p style=\"margin-bottom: 0cm;\" align=\"center\">&nbsp;<\/p>\n<p>Este poema<br \/> lleva el sabor amargo<br \/> de los que corren<br \/> tras su destino,<br \/> de los que huyen<br \/> de la realidad,<br \/> de aquellos que se pierden<br \/> entre la multitud.          Este poema <br \/> lleva el sabor de tu piel,<br \/> de todas las pieles<br \/> de este planeta,<br \/> de todos los cuerpos<br \/> que intentan nadar<br \/> d&iacute;a a d&iacute;a<br \/> a contracorriente.          Este poema<br \/> lleva el sabor a miel<br \/> de los ojos febriles<br \/> de toda la humanidad,<br \/> el sabor a cielo,<br \/> a universo azul,<br \/> a lejanas galaxias<br \/> a&uacute;n por descubrir.          Este poema<br \/> lleva entre sus l&iacute;neas<br \/> el sabor de una despedida,<br \/> de un adi&oacute;s,<br \/> de un desencuentro,<br \/> quiz&aacute;s, de una partida.<br \/> Tal vez s&oacute;lo sea el sabor<br \/> quim&eacute;rico de un poema.<\/p>\n<p>&nbsp;<\/p>\n<p style=\"margin-bottom: 0cm;\" align=\"center\"><strong>&Aacute;FRICA<\/strong><\/p>\n<p style=\"margin-bottom: 0cm;\" align=\"center\">&nbsp;<\/p>\n<p>&Aacute;frica, entre junglas y desiertos,<br \/> entre siglos y milenios, ah&iacute; est&aacute;s.          &Aacute;frica, cuna de vida y de lamentos.<br \/> Continente negro, coraz&oacute;n multicolor.       &Aacute;frica, tras el fr&iacute;o tel&oacute;n del olvido <br \/> te haces invisible a ojos de occidente.          &Aacute;frica, hambre, marginaci&oacute;n, dolor,<br \/> SIDA, injusticias, prepotencia&hellip;          &Aacute;frica, dormida en las jaimas<br \/> del bochornoso y triste destierro.          &Aacute;frica, grita todo lo fuerte que puedas,<br \/> occidente sigue sorda y a veces ciega.<\/p>\n<p>&nbsp;<\/p>\n<p style=\"margin-bottom: 0cm;\" align=\"center\"><strong>NO SE EXTINGUIR&Aacute; ESTE AMOR<\/strong><\/p>\n<p style=\"margin-bottom: 0cm;\" align=\"center\">&nbsp;<\/p>\n<p>No se extinguir&aacute; este amor<br \/> que huele a p&oacute;lvora encendida,<br \/> ni mis manos dejar&aacute;n tu pelo<br \/> ni tus ojos dejar&aacute;n los m&iacute;os&hellip;          No se acabar&aacute; esta noche<br \/> de estrellas galopantes,<br \/> de lunas blanquecinas,<br \/> de amores e insomnios.          Y quemaremos las horas<br \/> en esta oscura habitaci&oacute;n<br \/> donde se mezclan deseos<br \/> ba&ntilde;ados en nuestra cama.          Ignoraremos los rayos de sol<br \/> que entren por nuestra ventana.<br \/> Aislados del fr&iacute;o mundo,<br \/> s&oacute;lo existiremos los dos.<\/p>\n<p>&nbsp;<\/p>\n<p><\/span><\/p>\n<p>&nbsp;<\/p>\n<p><\/span><\/p>\n<p>&nbsp;<\/p>\n<p><\/span><\/p>\n<p>&nbsp;<\/p>\n<p><\/span><\/p>\n","protected":false},"excerpt":{"rendered":"<p><strong>Miguel \u00c1ngel Rinc\u00f3n Pe\u00f1a<\/strong><br \/>\n9788493469689 &#8211; Tiempo de Cerezas &#8211; 2008 &#8211; 72 p\u00e1ginas \/orri.<\/p>\n","protected":false},"featured_media":6459,"template":"","meta":[],"product_brand":[],"product_cat":[16,4063],"product_tag":[4118,3384],"class_list":{"0":"post-6416","1":"product","2":"type-product","3":"status-publish","4":"has-post-thumbnail","6":"product_cat-libros","7":"product_cat-olerkigintza-poesia","8":"product_tag-miguel-angel-rincon-pena","9":"product_tag-tiempo-de-cerezas","11":"first","12":"instock","13":"sold-individually","14":"shipping-taxable","15":"purchasable","16":"product-type-simple"},"yoast_head":"<!-- This site is optimized with the Yoast SEO plugin v27.3 - https:\/\/yoast.com\/product\/yoast-seo-wordpress\/ -->\n<title>Espacios compartidos &#8212; Zapateneo<\/title>\n<meta name=\"robots\" content=\"index, follow, max-snippet:-1, max-image-preview:large, max-video-preview:-1\" \/>\n<link rel=\"canonical\" href=\"https:\/\/zapateneo.net\/wordpress\/index.php\/producto\/espacios-compartidos\/\" \/>\n<meta property=\"og:locale\" content=\"es_ES\" \/>\n<meta property=\"og:type\" content=\"article\" \/>\n<meta property=\"og:title\" content=\"Espacios compartidos &#8212; Zapateneo\" \/>\n<meta property=\"og:description\" content=\"Miguel \u00c1ngel Rinc\u00f3n Pe\u00f1a 9788493469689 - Tiempo de Cerezas - 2008 - 72 p\u00e1ginas \/orri.\" \/>\n<meta property=\"og:url\" content=\"https:\/\/zapateneo.net\/wordpress\/index.php\/producto\/espacios-compartidos\/\" \/>\n<meta property=\"og:site_name\" content=\"Zapateneo\" \/>\n<meta property=\"article:modified_time\" content=\"2021-04-09T06:00:58+00:00\" \/>\n<meta property=\"og:image\" content=\"https:\/\/zapateneo.net\/wordpress\/wp-content\/uploads\/2021\/04\/6021.jpg\" \/>\n\t<meta property=\"og:image:width\" content=\"205\" \/>\n\t<meta property=\"og:image:height\" content=\"303\" \/>\n\t<meta property=\"og:image:type\" content=\"image\/jpeg\" \/>\n<meta name=\"twitter:card\" content=\"summary_large_image\" \/>\n<meta name=\"twitter:site\" content=\"@zapateneo\" \/>\n<meta name=\"twitter:label1\" content=\"Tiempo de lectura\" \/>\n\t<meta name=\"twitter:data1\" content=\"3 minutos\" \/>\n<script type=\"application\/ld+json\" class=\"yoast-schema-graph\">{\"@context\":\"https:\\\/\\\/schema.org\",\"@graph\":[{\"@type\":\"WebPage\",\"@id\":\"https:\\\/\\\/zapateneo.net\\\/wordpress\\\/index.php\\\/producto\\\/espacios-compartidos\\\/\",\"url\":\"https:\\\/\\\/zapateneo.net\\\/wordpress\\\/index.php\\\/producto\\\/espacios-compartidos\\\/\",\"name\":\"Espacios compartidos &#8212; Zapateneo\",\"isPartOf\":{\"@id\":\"https:\\\/\\\/zapateneo.net\\\/wordpress\\\/#website\"},\"primaryImageOfPage\":{\"@id\":\"https:\\\/\\\/zapateneo.net\\\/wordpress\\\/index.php\\\/producto\\\/espacios-compartidos\\\/#primaryimage\"},\"image\":{\"@id\":\"https:\\\/\\\/zapateneo.net\\\/wordpress\\\/index.php\\\/producto\\\/espacios-compartidos\\\/#primaryimage\"},\"thumbnailUrl\":\"https:\\\/\\\/zapateneo.net\\\/wordpress\\\/wp-content\\\/uploads\\\/2021\\\/04\\\/6021.jpg\",\"datePublished\":\"2021-04-09T06:00:12+00:00\",\"dateModified\":\"2021-04-09T06:00:58+00:00\",\"breadcrumb\":{\"@id\":\"https:\\\/\\\/zapateneo.net\\\/wordpress\\\/index.php\\\/producto\\\/espacios-compartidos\\\/#breadcrumb\"},\"inLanguage\":\"es\",\"potentialAction\":[{\"@type\":\"ReadAction\",\"target\":[\"https:\\\/\\\/zapateneo.net\\\/wordpress\\\/index.php\\\/producto\\\/espacios-compartidos\\\/\"]}]},{\"@type\":\"ImageObject\",\"inLanguage\":\"es\",\"@id\":\"https:\\\/\\\/zapateneo.net\\\/wordpress\\\/index.php\\\/producto\\\/espacios-compartidos\\\/#primaryimage\",\"url\":\"https:\\\/\\\/zapateneo.net\\\/wordpress\\\/wp-content\\\/uploads\\\/2021\\\/04\\\/6021.jpg\",\"contentUrl\":\"https:\\\/\\\/zapateneo.net\\\/wordpress\\\/wp-content\\\/uploads\\\/2021\\\/04\\\/6021.jpg\",\"width\":205,\"height\":303},{\"@type\":\"BreadcrumbList\",\"@id\":\"https:\\\/\\\/zapateneo.net\\\/wordpress\\\/index.php\\\/producto\\\/espacios-compartidos\\\/#breadcrumb\",\"itemListElement\":[{\"@type\":\"ListItem\",\"position\":1,\"name\":\"Portada\",\"item\":\"https:\\\/\\\/zapateneo.net\\\/wordpress\\\/\"},{\"@type\":\"ListItem\",\"position\":2,\"name\":\"Tienda\",\"item\":\"https:\\\/\\\/zapateneo.net\\\/wordpress\\\/\"},{\"@type\":\"ListItem\",\"position\":3,\"name\":\"Espacios compartidos\"}]},{\"@type\":\"WebSite\",\"@id\":\"https:\\\/\\\/zapateneo.net\\\/wordpress\\\/#website\",\"url\":\"https:\\\/\\\/zapateneo.net\\\/wordpress\\\/\",\"name\":\"Zapateneo\",\"description\":\"Zapateneoaren webgunea\",\"publisher\":{\"@id\":\"https:\\\/\\\/zapateneo.net\\\/wordpress\\\/#organization\"},\"potentialAction\":[{\"@type\":\"SearchAction\",\"target\":{\"@type\":\"EntryPoint\",\"urlTemplate\":\"https:\\\/\\\/zapateneo.net\\\/wordpress\\\/?s={search_term_string}\"},\"query-input\":{\"@type\":\"PropertyValueSpecification\",\"valueRequired\":true,\"valueName\":\"search_term_string\"}}],\"inLanguage\":\"es\"},{\"@type\":\"Organization\",\"@id\":\"https:\\\/\\\/zapateneo.net\\\/wordpress\\\/#organization\",\"name\":\"Zapateneo Kultur Elkartea\",\"url\":\"https:\\\/\\\/zapateneo.net\\\/wordpress\\\/\",\"logo\":{\"@type\":\"ImageObject\",\"inLanguage\":\"es\",\"@id\":\"https:\\\/\\\/zapateneo.net\\\/wordpress\\\/#\\\/schema\\\/logo\\\/image\\\/\",\"url\":\"https:\\\/\\\/zapateneo.net\\\/wordpress\\\/wp-content\\\/uploads\\\/2021\\\/04\\\/zap-libu-kolec.jpg\",\"contentUrl\":\"https:\\\/\\\/zapateneo.net\\\/wordpress\\\/wp-content\\\/uploads\\\/2021\\\/04\\\/zap-libu-kolec.jpg\",\"width\":2234,\"height\":398,\"caption\":\"Zapateneo Kultur Elkartea\"},\"image\":{\"@id\":\"https:\\\/\\\/zapateneo.net\\\/wordpress\\\/#\\\/schema\\\/logo\\\/image\\\/\"},\"sameAs\":[\"https:\\\/\\\/x.com\\\/zapateneo\"]}]}<\/script>\n<!-- \/ Yoast SEO plugin. -->","yoast_head_json":{"title":"Espacios compartidos &#8212; Zapateneo","robots":{"index":"index","follow":"follow","max-snippet":"max-snippet:-1","max-image-preview":"max-image-preview:large","max-video-preview":"max-video-preview:-1"},"canonical":"https:\/\/zapateneo.net\/wordpress\/index.php\/producto\/espacios-compartidos\/","og_locale":"es_ES","og_type":"article","og_title":"Espacios compartidos &#8212; Zapateneo","og_description":"Miguel \u00c1ngel Rinc\u00f3n Pe\u00f1a 9788493469689 - Tiempo de Cerezas - 2008 - 72 p\u00e1ginas \/orri.","og_url":"https:\/\/zapateneo.net\/wordpress\/index.php\/producto\/espacios-compartidos\/","og_site_name":"Zapateneo","article_modified_time":"2021-04-09T06:00:58+00:00","og_image":[{"width":205,"height":303,"url":"https:\/\/zapateneo.net\/wordpress\/wp-content\/uploads\/2021\/04\/6021.jpg","type":"image\/jpeg"}],"twitter_card":"summary_large_image","twitter_site":"@zapateneo","twitter_misc":{"Tiempo de lectura":"3 minutos"},"schema":{"@context":"https:\/\/schema.org","@graph":[{"@type":"WebPage","@id":"https:\/\/zapateneo.net\/wordpress\/index.php\/producto\/espacios-compartidos\/","url":"https:\/\/zapateneo.net\/wordpress\/index.php\/producto\/espacios-compartidos\/","name":"Espacios compartidos &#8212; Zapateneo","isPartOf":{"@id":"https:\/\/zapateneo.net\/wordpress\/#website"},"primaryImageOfPage":{"@id":"https:\/\/zapateneo.net\/wordpress\/index.php\/producto\/espacios-compartidos\/#primaryimage"},"image":{"@id":"https:\/\/zapateneo.net\/wordpress\/index.php\/producto\/espacios-compartidos\/#primaryimage"},"thumbnailUrl":"https:\/\/zapateneo.net\/wordpress\/wp-content\/uploads\/2021\/04\/6021.jpg","datePublished":"2021-04-09T06:00:12+00:00","dateModified":"2021-04-09T06:00:58+00:00","breadcrumb":{"@id":"https:\/\/zapateneo.net\/wordpress\/index.php\/producto\/espacios-compartidos\/#breadcrumb"},"inLanguage":"es","potentialAction":[{"@type":"ReadAction","target":["https:\/\/zapateneo.net\/wordpress\/index.php\/producto\/espacios-compartidos\/"]}]},{"@type":"ImageObject","inLanguage":"es","@id":"https:\/\/zapateneo.net\/wordpress\/index.php\/producto\/espacios-compartidos\/#primaryimage","url":"https:\/\/zapateneo.net\/wordpress\/wp-content\/uploads\/2021\/04\/6021.jpg","contentUrl":"https:\/\/zapateneo.net\/wordpress\/wp-content\/uploads\/2021\/04\/6021.jpg","width":205,"height":303},{"@type":"BreadcrumbList","@id":"https:\/\/zapateneo.net\/wordpress\/index.php\/producto\/espacios-compartidos\/#breadcrumb","itemListElement":[{"@type":"ListItem","position":1,"name":"Portada","item":"https:\/\/zapateneo.net\/wordpress\/"},{"@type":"ListItem","position":2,"name":"Tienda","item":"https:\/\/zapateneo.net\/wordpress\/"},{"@type":"ListItem","position":3,"name":"Espacios compartidos"}]},{"@type":"WebSite","@id":"https:\/\/zapateneo.net\/wordpress\/#website","url":"https:\/\/zapateneo.net\/wordpress\/","name":"Zapateneo","description":"Zapateneoaren webgunea","publisher":{"@id":"https:\/\/zapateneo.net\/wordpress\/#organization"},"potentialAction":[{"@type":"SearchAction","target":{"@type":"EntryPoint","urlTemplate":"https:\/\/zapateneo.net\/wordpress\/?s={search_term_string}"},"query-input":{"@type":"PropertyValueSpecification","valueRequired":true,"valueName":"search_term_string"}}],"inLanguage":"es"},{"@type":"Organization","@id":"https:\/\/zapateneo.net\/wordpress\/#organization","name":"Zapateneo Kultur Elkartea","url":"https:\/\/zapateneo.net\/wordpress\/","logo":{"@type":"ImageObject","inLanguage":"es","@id":"https:\/\/zapateneo.net\/wordpress\/#\/schema\/logo\/image\/","url":"https:\/\/zapateneo.net\/wordpress\/wp-content\/uploads\/2021\/04\/zap-libu-kolec.jpg","contentUrl":"https:\/\/zapateneo.net\/wordpress\/wp-content\/uploads\/2021\/04\/zap-libu-kolec.jpg","width":2234,"height":398,"caption":"Zapateneo Kultur Elkartea"},"image":{"@id":"https:\/\/zapateneo.net\/wordpress\/#\/schema\/logo\/image\/"},"sameAs":["https:\/\/x.com\/zapateneo"]}]}},"_links":{"self":[{"href":"https:\/\/zapateneo.net\/wordpress\/index.php\/wp-json\/wp\/v2\/product\/6416","targetHints":{"allow":["GET"]}}],"collection":[{"href":"https:\/\/zapateneo.net\/wordpress\/index.php\/wp-json\/wp\/v2\/product"}],"about":[{"href":"https:\/\/zapateneo.net\/wordpress\/index.php\/wp-json\/wp\/v2\/types\/product"}],"wp:featuredmedia":[{"embeddable":true,"href":"https:\/\/zapateneo.net\/wordpress\/index.php\/wp-json\/wp\/v2\/media\/6459"}],"wp:attachment":[{"href":"https:\/\/zapateneo.net\/wordpress\/index.php\/wp-json\/wp\/v2\/media?parent=6416"}],"wp:term":[{"taxonomy":"product_brand","embeddable":true,"href":"https:\/\/zapateneo.net\/wordpress\/index.php\/wp-json\/wp\/v2\/product_brand?post=6416"},{"taxonomy":"product_cat","embeddable":true,"href":"https:\/\/zapateneo.net\/wordpress\/index.php\/wp-json\/wp\/v2\/product_cat?post=6416"},{"taxonomy":"product_tag","embeddable":true,"href":"https:\/\/zapateneo.net\/wordpress\/index.php\/wp-json\/wp\/v2\/product_tag?post=6416"}],"curies":[{"name":"wp","href":"https:\/\/api.w.org\/{rel}","templated":true}]}}