{"id":6326,"date":"2021-04-09T06:24:47","date_gmt":"2021-04-09T05:24:47","guid":{"rendered":"https:\/\/zapateneo.net\/wordpress\/?post_type=product&#038;p=6326"},"modified":"2023-04-12T17:22:17","modified_gmt":"2023-04-12T16:22:17","slug":"el-futbol-a-sol-y-sombra","status":"publish","type":"product","link":"https:\/\/zapateneo.net\/wordpress\/index.php\/producto\/el-futbol-a-sol-y-sombra\/","title":{"rendered":"EL FUTBOL A SOL Y SOMBRA"},"content":{"rendered":"<p><strong>Para comprender el planeta f\u00fatbol<\/strong><\/p>\n<p>Eduardo Galeano nos va dando un breve, pero sustancioso, resumen acerca de toda la historia del f\u00fatbol. Comienza con definiciones de sus personajes: el jugador; el arquero; encargado de impedir goles; el \u00eddolo, a quien la pelota necesita; el hincha, que apoya al equipo sin jugar en \u00e9l; el fan\u00e1tico, a quien describe como el hincha en el manicomio; el gol, el orgasmo del f\u00fatbol; el \u00e1rbitro, el abominable tirano que ejerce su dictadura sin oposici\u00f3n; el director t\u00e9cnico, que obliga a los jugadores a convertirse en disciplinados atletas; los especialistas, los cronistas; el estadio, el escenario y la pelota, que al principio era de cuero y rellena de estopa.<\/p>\n<p>El f\u00fatbol tiene su origen hace cinco mil a\u00f1os en China donde malabaristas evitaban, sin usar las manos, que la pelota tocara el suelo. Se sabe tambi\u00e9n que el juego era practicado de diversas maneras por egipcios, japoneses, romanos, italianos para luego extenderse al continente americano. En 1846 Cambridge estableci\u00f3 algunas reglas del f\u00fatbol y en 1872 ya se contaba con arquero y \u00e1rbitro. En 1904 surgi\u00f3 la FIFA y para 1934 se profesionaliz\u00f3 en la mayor parte de Am\u00e9rica.<\/p>\n<p>\u201cLa tecnocracia del deporte profesional \u00ad\u2013escribe el autor\u2013 ha ido imponiendo un f\u00fatbol de pura velocidad y mucha fuerza, que renuncia a la alegr\u00eda, atrofia la fantas\u00eda y proh\u00edbe la osad\u00eda. Por suerte todav\u00eda aparece en las canchas, aunque sea muy de vez en cuando, alg\u00fan descarado carasucia que se sale del libreto y comete el disparate de gambetear a todo el equipo rival, y al juez, y al p\u00fablico de las tribunas, por el puro goce del cuerpo que se lanza a la prohibida aventura de la libertad\u201d.<\/p>\n<p>El autor, escribiendo este libro, ha querido hacer con las manos lo que nunca pudo hacer con las piernas. Cuando era ni\u00f1o, Galeano quer\u00eda ser jugador de f\u00fatbol, \u201cpero s\u00f3lo jugaba bien, y hasta muy bien, mientras dorm\u00eda\u201d.<\/p>\n<p>En este libro sorprendente, uno de los mejores escritores actuales nos hace el regalo de una divertid\u00edsima historia del f\u00fatbol diseminada en c\u00e1psulas breves, en las que saltan cientos de an\u00e9cdotas, recuerdos y consideraciones llenas de humor y de iron\u00eda. Desde la indumentaria de Zamora hasta la efedrina de Maradona, nada escapa a este hincha del Nacional de Montevideo que se da gusto contando chistes y recordando tambi\u00e9n los dramas y las tragedias del deporte m\u00e1s universal.<\/p>\n<p>Este libro rinde homenaje al f\u00fatbol, m\u00fasica del cuerpo, fiesta de los ojos, y tambi\u00e9n denuncia las estructuras de poder de uno de los negocios m\u00e1s lucrativos del mundo.<\/p>\n<p>Y hay mucho m\u00e1s&#8230; Un libro escrito por un \u201cmendigo del buen f\u00fatbol\u201d, que recorre los estadios y pide una linda jugadita, por amor de Dios.<\/p>\n<p>&nbsp;<\/p>\n","protected":false},"excerpt":{"rendered":"<p><strong>GALEANO, EDUARDO<\/strong><br \/>\n9788432314858 &#8211; SIGLO XXI &#8211; 2010 &#8211; 312 p\u00e1ginas \/orri.<\/p>\n","protected":false},"featured_media":8559,"template":"","meta":[],"product_brand":[],"product_cat":[16,187],"product_tag":[4649,423],"class_list":{"0":"post-6326","1":"product","2":"type-product","3":"status-publish","4":"has-post-thumbnail","6":"product_cat-libros","7":"product_cat-narratiba-narrativa","8":"product_tag-eduardo-galeano","9":"product_tag-siglo-xxi","11":"first","12":"instock","13":"sold-individually","14":"shipping-taxable","15":"purchasable","16":"product-type-simple"},"yoast_head":"<!-- This site is optimized with the Yoast SEO plugin v27.3 - https:\/\/yoast.com\/product\/yoast-seo-wordpress\/ -->\n<title>EL FUTBOL A SOL Y SOMBRA &#8212; Zapateneo<\/title>\n<meta name=\"robots\" content=\"index, follow, max-snippet:-1, max-image-preview:large, max-video-preview:-1\" \/>\n<link rel=\"canonical\" href=\"https:\/\/zapateneo.net\/wordpress\/index.php\/producto\/el-futbol-a-sol-y-sombra\/\" \/>\n<meta property=\"og:locale\" content=\"es_ES\" \/>\n<meta property=\"og:type\" content=\"article\" \/>\n<meta property=\"og:title\" content=\"EL FUTBOL A SOL Y SOMBRA &#8212; Zapateneo\" \/>\n<meta property=\"og:description\" content=\"GALEANO, EDUARDO 9788432314858 - SIGLO XXI - 2010 - 312 p\u00e1ginas \/orri.\" \/>\n<meta property=\"og:url\" content=\"https:\/\/zapateneo.net\/wordpress\/index.php\/producto\/el-futbol-a-sol-y-sombra\/\" \/>\n<meta property=\"og:site_name\" content=\"Zapateneo\" \/>\n<meta property=\"article:modified_time\" content=\"2023-04-12T16:22:17+00:00\" \/>\n<meta property=\"og:image\" content=\"https:\/\/zapateneo.net\/wordpress\/wp-content\/uploads\/2021\/04\/eduardo-galeano-el-fc3batbol-a-sol-y-sombra-y-otros-escritos_ml.jpg\" \/>\n\t<meta property=\"og:image:width\" content=\"633\" \/>\n\t<meta property=\"og:image:height\" content=\"1000\" \/>\n\t<meta property=\"og:image:type\" content=\"image\/jpeg\" \/>\n<meta name=\"twitter:card\" content=\"summary_large_image\" \/>\n<meta name=\"twitter:site\" content=\"@zapateneo\" \/>\n<meta name=\"twitter:label1\" content=\"Tiempo de lectura\" \/>\n\t<meta name=\"twitter:data1\" content=\"2 minutos\" \/>\n<script type=\"application\/ld+json\" class=\"yoast-schema-graph\">{\"@context\":\"https:\\\/\\\/schema.org\",\"@graph\":[{\"@type\":\"WebPage\",\"@id\":\"https:\\\/\\\/zapateneo.net\\\/wordpress\\\/index.php\\\/producto\\\/el-futbol-a-sol-y-sombra\\\/\",\"url\":\"https:\\\/\\\/zapateneo.net\\\/wordpress\\\/index.php\\\/producto\\\/el-futbol-a-sol-y-sombra\\\/\",\"name\":\"EL FUTBOL A SOL Y SOMBRA &#8212; Zapateneo\",\"isPartOf\":{\"@id\":\"https:\\\/\\\/zapateneo.net\\\/wordpress\\\/#website\"},\"primaryImageOfPage\":{\"@id\":\"https:\\\/\\\/zapateneo.net\\\/wordpress\\\/index.php\\\/producto\\\/el-futbol-a-sol-y-sombra\\\/#primaryimage\"},\"image\":{\"@id\":\"https:\\\/\\\/zapateneo.net\\\/wordpress\\\/index.php\\\/producto\\\/el-futbol-a-sol-y-sombra\\\/#primaryimage\"},\"thumbnailUrl\":\"https:\\\/\\\/zapateneo.net\\\/wordpress\\\/wp-content\\\/uploads\\\/2021\\\/04\\\/eduardo-galeano-el-fc3batbol-a-sol-y-sombra-y-otros-escritos_ml.jpg\",\"datePublished\":\"2021-04-09T05:24:47+00:00\",\"dateModified\":\"2023-04-12T16:22:17+00:00\",\"breadcrumb\":{\"@id\":\"https:\\\/\\\/zapateneo.net\\\/wordpress\\\/index.php\\\/producto\\\/el-futbol-a-sol-y-sombra\\\/#breadcrumb\"},\"inLanguage\":\"es\",\"potentialAction\":[{\"@type\":\"ReadAction\",\"target\":[\"https:\\\/\\\/zapateneo.net\\\/wordpress\\\/index.php\\\/producto\\\/el-futbol-a-sol-y-sombra\\\/\"]}]},{\"@type\":\"ImageObject\",\"inLanguage\":\"es\",\"@id\":\"https:\\\/\\\/zapateneo.net\\\/wordpress\\\/index.php\\\/producto\\\/el-futbol-a-sol-y-sombra\\\/#primaryimage\",\"url\":\"https:\\\/\\\/zapateneo.net\\\/wordpress\\\/wp-content\\\/uploads\\\/2021\\\/04\\\/eduardo-galeano-el-fc3batbol-a-sol-y-sombra-y-otros-escritos_ml.jpg\",\"contentUrl\":\"https:\\\/\\\/zapateneo.net\\\/wordpress\\\/wp-content\\\/uploads\\\/2021\\\/04\\\/eduardo-galeano-el-fc3batbol-a-sol-y-sombra-y-otros-escritos_ml.jpg\",\"width\":633,\"height\":1000},{\"@type\":\"BreadcrumbList\",\"@id\":\"https:\\\/\\\/zapateneo.net\\\/wordpress\\\/index.php\\\/producto\\\/el-futbol-a-sol-y-sombra\\\/#breadcrumb\",\"itemListElement\":[{\"@type\":\"ListItem\",\"position\":1,\"name\":\"Portada\",\"item\":\"https:\\\/\\\/zapateneo.net\\\/wordpress\\\/\"},{\"@type\":\"ListItem\",\"position\":2,\"name\":\"Tienda\",\"item\":\"https:\\\/\\\/zapateneo.net\\\/wordpress\\\/\"},{\"@type\":\"ListItem\",\"position\":3,\"name\":\"EL FUTBOL A SOL Y SOMBRA\"}]},{\"@type\":\"WebSite\",\"@id\":\"https:\\\/\\\/zapateneo.net\\\/wordpress\\\/#website\",\"url\":\"https:\\\/\\\/zapateneo.net\\\/wordpress\\\/\",\"name\":\"Zapateneo\",\"description\":\"Zapateneoaren webgunea\",\"publisher\":{\"@id\":\"https:\\\/\\\/zapateneo.net\\\/wordpress\\\/#organization\"},\"potentialAction\":[{\"@type\":\"SearchAction\",\"target\":{\"@type\":\"EntryPoint\",\"urlTemplate\":\"https:\\\/\\\/zapateneo.net\\\/wordpress\\\/?s={search_term_string}\"},\"query-input\":{\"@type\":\"PropertyValueSpecification\",\"valueRequired\":true,\"valueName\":\"search_term_string\"}}],\"inLanguage\":\"es\"},{\"@type\":\"Organization\",\"@id\":\"https:\\\/\\\/zapateneo.net\\\/wordpress\\\/#organization\",\"name\":\"Zapateneo Kultur Elkartea\",\"url\":\"https:\\\/\\\/zapateneo.net\\\/wordpress\\\/\",\"logo\":{\"@type\":\"ImageObject\",\"inLanguage\":\"es\",\"@id\":\"https:\\\/\\\/zapateneo.net\\\/wordpress\\\/#\\\/schema\\\/logo\\\/image\\\/\",\"url\":\"https:\\\/\\\/zapateneo.net\\\/wordpress\\\/wp-content\\\/uploads\\\/2021\\\/04\\\/zap-libu-kolec.jpg\",\"contentUrl\":\"https:\\\/\\\/zapateneo.net\\\/wordpress\\\/wp-content\\\/uploads\\\/2021\\\/04\\\/zap-libu-kolec.jpg\",\"width\":2234,\"height\":398,\"caption\":\"Zapateneo Kultur Elkartea\"},\"image\":{\"@id\":\"https:\\\/\\\/zapateneo.net\\\/wordpress\\\/#\\\/schema\\\/logo\\\/image\\\/\"},\"sameAs\":[\"https:\\\/\\\/x.com\\\/zapateneo\"]}]}<\/script>\n<!-- \/ Yoast SEO plugin. -->","yoast_head_json":{"title":"EL FUTBOL A SOL Y SOMBRA &#8212; Zapateneo","robots":{"index":"index","follow":"follow","max-snippet":"max-snippet:-1","max-image-preview":"max-image-preview:large","max-video-preview":"max-video-preview:-1"},"canonical":"https:\/\/zapateneo.net\/wordpress\/index.php\/producto\/el-futbol-a-sol-y-sombra\/","og_locale":"es_ES","og_type":"article","og_title":"EL FUTBOL A SOL Y SOMBRA &#8212; Zapateneo","og_description":"GALEANO, EDUARDO 9788432314858 - SIGLO XXI - 2010 - 312 p\u00e1ginas \/orri.","og_url":"https:\/\/zapateneo.net\/wordpress\/index.php\/producto\/el-futbol-a-sol-y-sombra\/","og_site_name":"Zapateneo","article_modified_time":"2023-04-12T16:22:17+00:00","og_image":[{"width":633,"height":1000,"url":"https:\/\/zapateneo.net\/wordpress\/wp-content\/uploads\/2021\/04\/eduardo-galeano-el-fc3batbol-a-sol-y-sombra-y-otros-escritos_ml.jpg","type":"image\/jpeg"}],"twitter_card":"summary_large_image","twitter_site":"@zapateneo","twitter_misc":{"Tiempo de lectura":"2 minutos"},"schema":{"@context":"https:\/\/schema.org","@graph":[{"@type":"WebPage","@id":"https:\/\/zapateneo.net\/wordpress\/index.php\/producto\/el-futbol-a-sol-y-sombra\/","url":"https:\/\/zapateneo.net\/wordpress\/index.php\/producto\/el-futbol-a-sol-y-sombra\/","name":"EL FUTBOL A SOL Y SOMBRA &#8212; Zapateneo","isPartOf":{"@id":"https:\/\/zapateneo.net\/wordpress\/#website"},"primaryImageOfPage":{"@id":"https:\/\/zapateneo.net\/wordpress\/index.php\/producto\/el-futbol-a-sol-y-sombra\/#primaryimage"},"image":{"@id":"https:\/\/zapateneo.net\/wordpress\/index.php\/producto\/el-futbol-a-sol-y-sombra\/#primaryimage"},"thumbnailUrl":"https:\/\/zapateneo.net\/wordpress\/wp-content\/uploads\/2021\/04\/eduardo-galeano-el-fc3batbol-a-sol-y-sombra-y-otros-escritos_ml.jpg","datePublished":"2021-04-09T05:24:47+00:00","dateModified":"2023-04-12T16:22:17+00:00","breadcrumb":{"@id":"https:\/\/zapateneo.net\/wordpress\/index.php\/producto\/el-futbol-a-sol-y-sombra\/#breadcrumb"},"inLanguage":"es","potentialAction":[{"@type":"ReadAction","target":["https:\/\/zapateneo.net\/wordpress\/index.php\/producto\/el-futbol-a-sol-y-sombra\/"]}]},{"@type":"ImageObject","inLanguage":"es","@id":"https:\/\/zapateneo.net\/wordpress\/index.php\/producto\/el-futbol-a-sol-y-sombra\/#primaryimage","url":"https:\/\/zapateneo.net\/wordpress\/wp-content\/uploads\/2021\/04\/eduardo-galeano-el-fc3batbol-a-sol-y-sombra-y-otros-escritos_ml.jpg","contentUrl":"https:\/\/zapateneo.net\/wordpress\/wp-content\/uploads\/2021\/04\/eduardo-galeano-el-fc3batbol-a-sol-y-sombra-y-otros-escritos_ml.jpg","width":633,"height":1000},{"@type":"BreadcrumbList","@id":"https:\/\/zapateneo.net\/wordpress\/index.php\/producto\/el-futbol-a-sol-y-sombra\/#breadcrumb","itemListElement":[{"@type":"ListItem","position":1,"name":"Portada","item":"https:\/\/zapateneo.net\/wordpress\/"},{"@type":"ListItem","position":2,"name":"Tienda","item":"https:\/\/zapateneo.net\/wordpress\/"},{"@type":"ListItem","position":3,"name":"EL FUTBOL A SOL Y SOMBRA"}]},{"@type":"WebSite","@id":"https:\/\/zapateneo.net\/wordpress\/#website","url":"https:\/\/zapateneo.net\/wordpress\/","name":"Zapateneo","description":"Zapateneoaren webgunea","publisher":{"@id":"https:\/\/zapateneo.net\/wordpress\/#organization"},"potentialAction":[{"@type":"SearchAction","target":{"@type":"EntryPoint","urlTemplate":"https:\/\/zapateneo.net\/wordpress\/?s={search_term_string}"},"query-input":{"@type":"PropertyValueSpecification","valueRequired":true,"valueName":"search_term_string"}}],"inLanguage":"es"},{"@type":"Organization","@id":"https:\/\/zapateneo.net\/wordpress\/#organization","name":"Zapateneo Kultur Elkartea","url":"https:\/\/zapateneo.net\/wordpress\/","logo":{"@type":"ImageObject","inLanguage":"es","@id":"https:\/\/zapateneo.net\/wordpress\/#\/schema\/logo\/image\/","url":"https:\/\/zapateneo.net\/wordpress\/wp-content\/uploads\/2021\/04\/zap-libu-kolec.jpg","contentUrl":"https:\/\/zapateneo.net\/wordpress\/wp-content\/uploads\/2021\/04\/zap-libu-kolec.jpg","width":2234,"height":398,"caption":"Zapateneo Kultur Elkartea"},"image":{"@id":"https:\/\/zapateneo.net\/wordpress\/#\/schema\/logo\/image\/"},"sameAs":["https:\/\/x.com\/zapateneo"]}]}},"_links":{"self":[{"href":"https:\/\/zapateneo.net\/wordpress\/index.php\/wp-json\/wp\/v2\/product\/6326","targetHints":{"allow":["GET"]}}],"collection":[{"href":"https:\/\/zapateneo.net\/wordpress\/index.php\/wp-json\/wp\/v2\/product"}],"about":[{"href":"https:\/\/zapateneo.net\/wordpress\/index.php\/wp-json\/wp\/v2\/types\/product"}],"wp:featuredmedia":[{"embeddable":true,"href":"https:\/\/zapateneo.net\/wordpress\/index.php\/wp-json\/wp\/v2\/media\/8559"}],"wp:attachment":[{"href":"https:\/\/zapateneo.net\/wordpress\/index.php\/wp-json\/wp\/v2\/media?parent=6326"}],"wp:term":[{"taxonomy":"product_brand","embeddable":true,"href":"https:\/\/zapateneo.net\/wordpress\/index.php\/wp-json\/wp\/v2\/product_brand?post=6326"},{"taxonomy":"product_cat","embeddable":true,"href":"https:\/\/zapateneo.net\/wordpress\/index.php\/wp-json\/wp\/v2\/product_cat?post=6326"},{"taxonomy":"product_tag","embeddable":true,"href":"https:\/\/zapateneo.net\/wordpress\/index.php\/wp-json\/wp\/v2\/product_tag?post=6326"}],"curies":[{"name":"wp","href":"https:\/\/api.w.org\/{rel}","templated":true}]}}