{"id":5982,"date":"2021-04-09T06:21:05","date_gmt":"2021-04-09T05:21:05","guid":{"rendered":"https:\/\/zapateneo.net\/wordpress\/?post_type=product&#038;p=5982"},"modified":"2023-09-02T11:34:00","modified_gmt":"2023-09-02T10:34:00","slug":"las-ninas-salvajes","status":"publish","type":"product","link":"https:\/\/zapateneo.net\/wordpress\/index.php\/producto\/las-ninas-salvajes\/","title":{"rendered":"Las ni\u00f1as salvajes"},"content":{"rendered":"<div>\n<p><em>Las ni\u00f1as salvajes<\/em>\u00a0narra la historia de dos j\u00f3venes n\u00f3madas que son raptadas y criadas en una sociedad de espada y seda. Las protagonistas \u2014rebautizadas por sus captores como Mal y Modh\u2014 son despojadas de su cultura y socializadas como esclavas en una civilizaci\u00f3n de complejas jerarqu\u00edas que se nos antoja a la vez extranjera y familiar. A pesar de ello, las ni\u00f1as conservar\u00e1n una identidad dual que impregna la narraci\u00f3n de esta historia a medio camino entre el relato de madurez y el cuento de fantasmas.<\/p>\n<p>Mostrando con prosa sobria y afilada las l\u00edneas de contacto entre esclavitud, supervivencia y parentesco, Le Guin nos lanza una serie de preguntas sobre el poder, el g\u00e9nero y la econom\u00eda, ninguna de las cuales tiene f\u00e1cil respuesta. Al fin y al cabo, en esta breve fantas\u00eda, oscura y arenosa, la estabilidad en las condiciones de vida supone una tarea compleja: la negociaci\u00f3n constante del grado al que cada cual se doblega ante la autoridad.<\/p>\n<p>&nbsp;<\/p>\n<p><em>\u00abSus mundos son inquietantes visiones psicol\u00f3gicas moldeadas con habilidad\u00bb<\/em>. The Library Journal<\/p>\n<p><em>\u00abSi quieres exceso, riesgo e inteligencia, prueba con Le Guin\u00bb<\/em>. San Francisco Chronicle<\/p>\n<p><em>\u00abManeja la pluma con una sofisticaci\u00f3n moral y psicol\u00f3gica rara vez vista. Lo que realmente hace es escribir f\u00e1bulas: cuentos espl\u00e9ndidamente intrincados y enormemente imaginativos sobre preocupaciones tan mundanas como la vida, la muerte, el amor y el sexo\u00bb<\/em>. Newsweek<\/p>\n<p>&nbsp;<\/p>\n<\/div>\n<div class=\"row\">\n<div class=\"col-12 col-12-small\">\n<p><span class=\"image left autor\"><img decoding=\"async\" class=\"alignleft\" src=\"https:\/\/www.viruseditorial.net\/\/fotos-autor\/ursula-k-le-guin-with.png\" alt=\"ursula-k-le-guin\" \/><\/span><\/p>\n<p><strong>Ursula K. Le Guin<\/strong>\u00a0(1929-2018). La K es de Kroeber. Conocida principalmente por sus contribuciones a la ciencia ficci\u00f3n y la fantas\u00eda, ha publicado poes\u00eda, novelas, cuentos, ensayos y libros infantiles. Ha recibido docenas de premios literarios, entre ellos algunos cert\u00e1menes prestigiosos como Locus, Nebula o Hugo. Sus obras m\u00e1s populares son\u00a0<em>La mano izquierda de la oscuridad<\/em>\u00a0(1969),\u00a0<em>El nombre del mundo es bosque<\/em>\u00a0(1972),\u00a0<em>Los despose\u00eddos<\/em>\u00a0(1974) y\u00a0<em>Lavinia<\/em>\u00a0(2008), adem\u00e1s de las series Terramar y Ekumen.\u00a0<em>Las ni\u00f1as salvajes<\/em>\u00a0fue ganadora del Premio Locus y del Asimov\u2019s Readers del a\u00f1o 2003. Est\u00e1 considerada una de las maestras de la literatura fant\u00e1stica del siglo xx. Licenciada en Antropolog\u00eda, Le Guin ha trasladado su inter\u00e9s por la sociedad humana, su origen y evoluci\u00f3n, a la mayor parte de su producci\u00f3n literaria.<\/p>\n<p>&nbsp;<\/p>\n<p><strong><img loading=\"lazy\" decoding=\"async\" src=\"https:\/\/www.viruseditorial.net\/imagenes_subidas\/adara-sanchez-white.png\" alt=\"\" width=\"220\" height=\"318\" align=\"left\" \/>Adara S\u00e1nchez<\/strong>\u00a0(Sevilla, 1987) Exponente de una nueva generaci\u00f3n de ilustradoras, la obra de Adara S\u00e1nchez se caracteriza por la sutileza, la alegor\u00eda y el trabajo con lo simb\u00f3lico. Licenciada en Bellas Artes por la Universidad de Sevilla y m\u00e1ster en Ilustraci\u00f3n por la Escuela bau de Barcelona, ha trabajado en diferentes \u00e1mbitos como el cartelismo, la publicidad o el dise\u00f1o editorial, realizando encargos para marcas tanto nacionales como internacionales.<\/p>\n<p>&nbsp;<\/p>\n<\/div>\n<\/div>\n<p>&nbsp;<\/p>\n<p>&nbsp;<\/p>\n<p>&nbsp;<\/p>\n<div>\n<p>Traducci\u00f3n de\u00a0<strong>Arrate Hidalgo |\u00a0<\/strong>Pr\u00f3logo de<strong>\u00a0Arwen Curry |\u00a0<\/strong>Epilogo de<strong>\u00a0Layla Mart\u00ednez<\/strong><\/p>\n<div>\n<h2><a href=\"https:\/\/www.viruseditorial.net\/es\/editorial\/descargar-pdf\" target=\"_blank\" rel=\"noopener\">Libro en libre descarga de Virus Editorial<\/a><\/h2>\n<\/div>\n<aside class=\"mashsb-container mashsb-main mashsb-stretched\">\n<div class=\"mashsb-box\">\n<div class=\"mashsb-count mash-large\"><\/div>\n<\/div>\n<\/aside>\n<\/div>\n","protected":false},"excerpt":{"rendered":"<p><strong>Le Guin, Ursula K.<\/strong><br \/>\n9788417870003 &#8211; Virus &#8211; 2020 &#8211; 128 p\u00e1ginas \/orri.<\/p>\n","protected":false},"featured_media":6012,"template":"","meta":[],"product_brand":[],"product_cat":[16,187],"product_tag":[4626,3764,5367,5366,5368,57],"class_list":{"0":"post-5982","1":"product","2":"type-product","3":"status-publish","4":"has-post-thumbnail","6":"product_cat-libros","7":"product_cat-narratiba-narrativa","8":"product_tag-deskargak","9":"product_tag-le-guin","10":"product_tag-leguin","11":"product_tag-ursula-k-le-guin","12":"product_tag-ursula-k-leguin","13":"product_tag-virus","15":"first","16":"outofstock","17":"sold-individually","18":"shipping-taxable","19":"purchasable","20":"product-type-simple"},"yoast_head":"<!-- This site is optimized with the Yoast SEO plugin v27.3 - https:\/\/yoast.com\/product\/yoast-seo-wordpress\/ -->\n<title>Las ni\u00f1as salvajes &#8212; Zapateneo<\/title>\n<meta name=\"robots\" content=\"index, follow, max-snippet:-1, max-image-preview:large, max-video-preview:-1\" \/>\n<link rel=\"canonical\" href=\"https:\/\/zapateneo.net\/wordpress\/index.php\/producto\/las-ninas-salvajes\/\" \/>\n<meta property=\"og:locale\" content=\"es_ES\" \/>\n<meta property=\"og:type\" content=\"article\" \/>\n<meta property=\"og:title\" content=\"Las ni\u00f1as salvajes &#8212; Zapateneo\" \/>\n<meta property=\"og:description\" content=\"Le Guin, Ursula K. 9788417870003 - Virus - 2020 - 128 p\u00e1ginas \/orri.\" \/>\n<meta property=\"og:url\" content=\"https:\/\/zapateneo.net\/wordpress\/index.php\/producto\/las-ninas-salvajes\/\" \/>\n<meta property=\"og:site_name\" content=\"Zapateneo\" \/>\n<meta property=\"article:modified_time\" content=\"2023-09-02T10:34:00+00:00\" \/>\n<meta property=\"og:image\" content=\"https:\/\/zapateneo.net\/wordpress\/wp-content\/uploads\/2021\/04\/las_ninas_salvajes.jpg\" \/>\n\t<meta property=\"og:image:width\" content=\"200\" \/>\n\t<meta property=\"og:image:height\" content=\"296\" \/>\n\t<meta property=\"og:image:type\" content=\"image\/jpeg\" \/>\n<meta name=\"twitter:card\" content=\"summary_large_image\" \/>\n<meta name=\"twitter:site\" content=\"@zapateneo\" \/>\n<meta name=\"twitter:label1\" content=\"Tiempo de lectura\" \/>\n\t<meta name=\"twitter:data1\" content=\"3 minutos\" \/>\n<script type=\"application\/ld+json\" class=\"yoast-schema-graph\">{\"@context\":\"https:\\\/\\\/schema.org\",\"@graph\":[{\"@type\":\"WebPage\",\"@id\":\"https:\\\/\\\/zapateneo.net\\\/wordpress\\\/index.php\\\/producto\\\/las-ninas-salvajes\\\/\",\"url\":\"https:\\\/\\\/zapateneo.net\\\/wordpress\\\/index.php\\\/producto\\\/las-ninas-salvajes\\\/\",\"name\":\"Las ni\u00f1as salvajes &#8212; Zapateneo\",\"isPartOf\":{\"@id\":\"https:\\\/\\\/zapateneo.net\\\/wordpress\\\/#website\"},\"primaryImageOfPage\":{\"@id\":\"https:\\\/\\\/zapateneo.net\\\/wordpress\\\/index.php\\\/producto\\\/las-ninas-salvajes\\\/#primaryimage\"},\"image\":{\"@id\":\"https:\\\/\\\/zapateneo.net\\\/wordpress\\\/index.php\\\/producto\\\/las-ninas-salvajes\\\/#primaryimage\"},\"thumbnailUrl\":\"https:\\\/\\\/zapateneo.net\\\/wordpress\\\/wp-content\\\/uploads\\\/2021\\\/04\\\/las_ninas_salvajes.jpg\",\"datePublished\":\"2021-04-09T05:21:05+00:00\",\"dateModified\":\"2023-09-02T10:34:00+00:00\",\"breadcrumb\":{\"@id\":\"https:\\\/\\\/zapateneo.net\\\/wordpress\\\/index.php\\\/producto\\\/las-ninas-salvajes\\\/#breadcrumb\"},\"inLanguage\":\"es\",\"potentialAction\":[{\"@type\":\"ReadAction\",\"target\":[\"https:\\\/\\\/zapateneo.net\\\/wordpress\\\/index.php\\\/producto\\\/las-ninas-salvajes\\\/\"]}]},{\"@type\":\"ImageObject\",\"inLanguage\":\"es\",\"@id\":\"https:\\\/\\\/zapateneo.net\\\/wordpress\\\/index.php\\\/producto\\\/las-ninas-salvajes\\\/#primaryimage\",\"url\":\"https:\\\/\\\/zapateneo.net\\\/wordpress\\\/wp-content\\\/uploads\\\/2021\\\/04\\\/las_ninas_salvajes.jpg\",\"contentUrl\":\"https:\\\/\\\/zapateneo.net\\\/wordpress\\\/wp-content\\\/uploads\\\/2021\\\/04\\\/las_ninas_salvajes.jpg\",\"width\":200,\"height\":296},{\"@type\":\"BreadcrumbList\",\"@id\":\"https:\\\/\\\/zapateneo.net\\\/wordpress\\\/index.php\\\/producto\\\/las-ninas-salvajes\\\/#breadcrumb\",\"itemListElement\":[{\"@type\":\"ListItem\",\"position\":1,\"name\":\"Portada\",\"item\":\"https:\\\/\\\/zapateneo.net\\\/wordpress\\\/\"},{\"@type\":\"ListItem\",\"position\":2,\"name\":\"Tienda\",\"item\":\"https:\\\/\\\/zapateneo.net\\\/wordpress\\\/\"},{\"@type\":\"ListItem\",\"position\":3,\"name\":\"Las ni\u00f1as salvajes\"}]},{\"@type\":\"WebSite\",\"@id\":\"https:\\\/\\\/zapateneo.net\\\/wordpress\\\/#website\",\"url\":\"https:\\\/\\\/zapateneo.net\\\/wordpress\\\/\",\"name\":\"Zapateneo\",\"description\":\"Zapateneoaren webgunea\",\"publisher\":{\"@id\":\"https:\\\/\\\/zapateneo.net\\\/wordpress\\\/#organization\"},\"potentialAction\":[{\"@type\":\"SearchAction\",\"target\":{\"@type\":\"EntryPoint\",\"urlTemplate\":\"https:\\\/\\\/zapateneo.net\\\/wordpress\\\/?s={search_term_string}\"},\"query-input\":{\"@type\":\"PropertyValueSpecification\",\"valueRequired\":true,\"valueName\":\"search_term_string\"}}],\"inLanguage\":\"es\"},{\"@type\":\"Organization\",\"@id\":\"https:\\\/\\\/zapateneo.net\\\/wordpress\\\/#organization\",\"name\":\"Zapateneo Kultur Elkartea\",\"url\":\"https:\\\/\\\/zapateneo.net\\\/wordpress\\\/\",\"logo\":{\"@type\":\"ImageObject\",\"inLanguage\":\"es\",\"@id\":\"https:\\\/\\\/zapateneo.net\\\/wordpress\\\/#\\\/schema\\\/logo\\\/image\\\/\",\"url\":\"https:\\\/\\\/zapateneo.net\\\/wordpress\\\/wp-content\\\/uploads\\\/2021\\\/04\\\/zap-libu-kolec.jpg\",\"contentUrl\":\"https:\\\/\\\/zapateneo.net\\\/wordpress\\\/wp-content\\\/uploads\\\/2021\\\/04\\\/zap-libu-kolec.jpg\",\"width\":2234,\"height\":398,\"caption\":\"Zapateneo Kultur Elkartea\"},\"image\":{\"@id\":\"https:\\\/\\\/zapateneo.net\\\/wordpress\\\/#\\\/schema\\\/logo\\\/image\\\/\"},\"sameAs\":[\"https:\\\/\\\/x.com\\\/zapateneo\"]}]}<\/script>\n<!-- \/ Yoast SEO plugin. -->","yoast_head_json":{"title":"Las ni\u00f1as salvajes &#8212; Zapateneo","robots":{"index":"index","follow":"follow","max-snippet":"max-snippet:-1","max-image-preview":"max-image-preview:large","max-video-preview":"max-video-preview:-1"},"canonical":"https:\/\/zapateneo.net\/wordpress\/index.php\/producto\/las-ninas-salvajes\/","og_locale":"es_ES","og_type":"article","og_title":"Las ni\u00f1as salvajes &#8212; Zapateneo","og_description":"Le Guin, Ursula K. 9788417870003 - Virus - 2020 - 128 p\u00e1ginas \/orri.","og_url":"https:\/\/zapateneo.net\/wordpress\/index.php\/producto\/las-ninas-salvajes\/","og_site_name":"Zapateneo","article_modified_time":"2023-09-02T10:34:00+00:00","og_image":[{"width":200,"height":296,"url":"https:\/\/zapateneo.net\/wordpress\/wp-content\/uploads\/2021\/04\/las_ninas_salvajes.jpg","type":"image\/jpeg"}],"twitter_card":"summary_large_image","twitter_site":"@zapateneo","twitter_misc":{"Tiempo de lectura":"3 minutos"},"schema":{"@context":"https:\/\/schema.org","@graph":[{"@type":"WebPage","@id":"https:\/\/zapateneo.net\/wordpress\/index.php\/producto\/las-ninas-salvajes\/","url":"https:\/\/zapateneo.net\/wordpress\/index.php\/producto\/las-ninas-salvajes\/","name":"Las ni\u00f1as salvajes &#8212; Zapateneo","isPartOf":{"@id":"https:\/\/zapateneo.net\/wordpress\/#website"},"primaryImageOfPage":{"@id":"https:\/\/zapateneo.net\/wordpress\/index.php\/producto\/las-ninas-salvajes\/#primaryimage"},"image":{"@id":"https:\/\/zapateneo.net\/wordpress\/index.php\/producto\/las-ninas-salvajes\/#primaryimage"},"thumbnailUrl":"https:\/\/zapateneo.net\/wordpress\/wp-content\/uploads\/2021\/04\/las_ninas_salvajes.jpg","datePublished":"2021-04-09T05:21:05+00:00","dateModified":"2023-09-02T10:34:00+00:00","breadcrumb":{"@id":"https:\/\/zapateneo.net\/wordpress\/index.php\/producto\/las-ninas-salvajes\/#breadcrumb"},"inLanguage":"es","potentialAction":[{"@type":"ReadAction","target":["https:\/\/zapateneo.net\/wordpress\/index.php\/producto\/las-ninas-salvajes\/"]}]},{"@type":"ImageObject","inLanguage":"es","@id":"https:\/\/zapateneo.net\/wordpress\/index.php\/producto\/las-ninas-salvajes\/#primaryimage","url":"https:\/\/zapateneo.net\/wordpress\/wp-content\/uploads\/2021\/04\/las_ninas_salvajes.jpg","contentUrl":"https:\/\/zapateneo.net\/wordpress\/wp-content\/uploads\/2021\/04\/las_ninas_salvajes.jpg","width":200,"height":296},{"@type":"BreadcrumbList","@id":"https:\/\/zapateneo.net\/wordpress\/index.php\/producto\/las-ninas-salvajes\/#breadcrumb","itemListElement":[{"@type":"ListItem","position":1,"name":"Portada","item":"https:\/\/zapateneo.net\/wordpress\/"},{"@type":"ListItem","position":2,"name":"Tienda","item":"https:\/\/zapateneo.net\/wordpress\/"},{"@type":"ListItem","position":3,"name":"Las ni\u00f1as salvajes"}]},{"@type":"WebSite","@id":"https:\/\/zapateneo.net\/wordpress\/#website","url":"https:\/\/zapateneo.net\/wordpress\/","name":"Zapateneo","description":"Zapateneoaren webgunea","publisher":{"@id":"https:\/\/zapateneo.net\/wordpress\/#organization"},"potentialAction":[{"@type":"SearchAction","target":{"@type":"EntryPoint","urlTemplate":"https:\/\/zapateneo.net\/wordpress\/?s={search_term_string}"},"query-input":{"@type":"PropertyValueSpecification","valueRequired":true,"valueName":"search_term_string"}}],"inLanguage":"es"},{"@type":"Organization","@id":"https:\/\/zapateneo.net\/wordpress\/#organization","name":"Zapateneo Kultur Elkartea","url":"https:\/\/zapateneo.net\/wordpress\/","logo":{"@type":"ImageObject","inLanguage":"es","@id":"https:\/\/zapateneo.net\/wordpress\/#\/schema\/logo\/image\/","url":"https:\/\/zapateneo.net\/wordpress\/wp-content\/uploads\/2021\/04\/zap-libu-kolec.jpg","contentUrl":"https:\/\/zapateneo.net\/wordpress\/wp-content\/uploads\/2021\/04\/zap-libu-kolec.jpg","width":2234,"height":398,"caption":"Zapateneo Kultur Elkartea"},"image":{"@id":"https:\/\/zapateneo.net\/wordpress\/#\/schema\/logo\/image\/"},"sameAs":["https:\/\/x.com\/zapateneo"]}]}},"_links":{"self":[{"href":"https:\/\/zapateneo.net\/wordpress\/index.php\/wp-json\/wp\/v2\/product\/5982","targetHints":{"allow":["GET"]}}],"collection":[{"href":"https:\/\/zapateneo.net\/wordpress\/index.php\/wp-json\/wp\/v2\/product"}],"about":[{"href":"https:\/\/zapateneo.net\/wordpress\/index.php\/wp-json\/wp\/v2\/types\/product"}],"wp:featuredmedia":[{"embeddable":true,"href":"https:\/\/zapateneo.net\/wordpress\/index.php\/wp-json\/wp\/v2\/media\/6012"}],"wp:attachment":[{"href":"https:\/\/zapateneo.net\/wordpress\/index.php\/wp-json\/wp\/v2\/media?parent=5982"}],"wp:term":[{"taxonomy":"product_brand","embeddable":true,"href":"https:\/\/zapateneo.net\/wordpress\/index.php\/wp-json\/wp\/v2\/product_brand?post=5982"},{"taxonomy":"product_cat","embeddable":true,"href":"https:\/\/zapateneo.net\/wordpress\/index.php\/wp-json\/wp\/v2\/product_cat?post=5982"},{"taxonomy":"product_tag","embeddable":true,"href":"https:\/\/zapateneo.net\/wordpress\/index.php\/wp-json\/wp\/v2\/product_tag?post=5982"}],"curies":[{"name":"wp","href":"https:\/\/api.w.org\/{rel}","templated":true}]}}