{"id":5897,"date":"2021-04-09T06:20:11","date_gmt":"2021-04-09T05:20:11","guid":{"rendered":"https:\/\/zapateneo.net\/wordpress\/?post_type=product&#038;p=5897"},"modified":"2022-01-03T09:32:34","modified_gmt":"2022-01-03T08:32:34","slug":"el-editor","status":"publish","type":"product","link":"https:\/\/zapateneo.net\/wordpress\/index.php\/producto\/el-editor\/","title":{"rendered":"El editor"},"content":{"rendered":"<div>\n<p><em>\u00ab&#8230; las gafas gruesas los labios apretados [\u2026] la foto en los diarios aquella ma\u00f1ana a toda plana [\u2026] foto gris de pasaporte de las hechas en los fotomatones [\u2026] me he quedado all\u00ed sin aliento pero ese es \u00e9l [\u2026] leo inmediatamente el art\u00edculo tr\u00e1gico final de un saboteador [\u2026] a partir de ah\u00ed ha comenzando esta historia.\u00bb<\/em><\/p>\n<p>El 14 de marzo de 1972, el cad\u00e1ver del editor Giangiacomo Feltrinelli fue encontrado a los pies de una torre de alta tensi\u00f3n en las afueras de Mil\u00e1n, junto a algunas cargas explosivas sin detonar. En plena \u00abestrategia de la tensi\u00f3n\u00bb, Potere Operaio revela la pertenencia del Comandante Osvaldo (su nombre de batalla) a los Grupos de Acci\u00f3n Partisana: \u00abUn rivoluzionario e\u2019\u02bccaduto\u00bb, rezaba el t\u00edtulo del comunicado. D\u00edas despu\u00e9s, un joven director de cine, un profesor de universidad, un bibliotecario y un periodista especulan con escribir un gui\u00f3n para una pel\u00edcula \u2014a\u00fan sin filmar\u2014 sobre el editor guevarista.<\/p>\n<p>Feltrinelli particip\u00f3 en la resistenza durante la Segunda Guerra Mundial, y desempe\u00f1\u00f3 un papel activo en el debate cultural a partir de finales de la d\u00e9cada de 1950. Su editorial y el entramado de librer\u00edas que ide\u00f3 fueron un ejemplo de renovaci\u00f3n tanto cultural como pol\u00edtica. Se alej\u00f3 progresivamente del monocarril de la izquierda italiana, redirigiendo su mirada a las luchas revolucionarias del Tercer Mundo.<\/p>\n<p>Su historia, y cuantas transitaron caminos pr\u00f3ximos o paralelos, suponen una contradicci\u00f3n irresoluble en la acci\u00f3n; volar por los aires el dominio burgu\u00e9s formando parte de \u00e9l. Sin embargo, esta encrucijada tit\u00e1nica concede un valor emblem\u00e1tico a su figura, dotando a esta novela de un sentido m\u00e1s pol\u00edtico que literario.<\/p>\n<p>&#8212;&#8212;&#8212;-<\/p>\n<p>[Con la publicaci\u00f3n de esta novela se completa la trilog\u00eda de La grande rivolta, de la que Traficantes de Sue\u00f1os public\u00f3 los dos primeros vol\u00famenes, y compuesta por\u00a0<em>Lo queremos todo<\/em>\u00a0(Vogliamo tutto, 1971),\u00a0<em>Los invisibles<\/em>\u00a0(Gli invisibili, 1987) y\u00a0<em>El editor<\/em>\u00a0(L\u2019editore, 1989); estas dos \u00faltimas traducidas por Joaqu\u00edn Jord\u00e0.]<\/p>\n<p>&nbsp;<\/p>\n<\/div>\n<div class=\"row\">\n<div class=\"col-12 col-12-small\">\n<p><span class=\"image left autor\"><img decoding=\"async\" class=\"alignleft\" src=\"https:\/\/www.viruseditorial.net\/\/fotos-autor\/ballestrini-web.png\" alt=\"nanni-balestrini\" \/><\/span><\/p>\n<p><strong>Nanni Balestrini\u00a0<\/strong>(Mil\u00e1n, 1935) Agitador cultural y cronista de las revueltas insurreccionales, form\u00f3 parte de la neovanguardia italiana a partir de 1965. Su obra se caracteriza por una fuerte experimentaci\u00f3n formal, consiguiendo aliteraciones aleatorias mediante la introducci\u00f3n de computadoras IBM en la elaboraci\u00f3n de su prosa po\u00e9tica. Adem\u00e1s de integrar el Gruppo 63, fue redactor de las revistas culturales\u00a0<em>Il Verri<\/em>,\u00a0<em>Quindici<\/em>,\u00a0<em>Alfabeta<\/em>\u00a0y\u00a0<em>Zoooom<\/em>. Algunas de sus obras de referencia son\u00a0<em>Le ballate della signorina Richmond<\/em>,\u00a0<em>Blackout<\/em>,\u00a0<em>La violenza illustrata<\/em>\u00a0y\u00a0<em>I furiosi<\/em>.<\/p>\n<p>Con la publicaci\u00f3n de esta novela se completa la trilog\u00eda de La grande rivolta, de la que Traficantes de Sue\u00f1os public\u00f3 los dos primeros vol\u00famenes, y compuesta por\u00a0<em>Lo queremos todo<\/em>\u00a0(Vogliamo tutto, 1971),\u00a0<em>Los invisibles<\/em>\u00a0(Gli invisibili, 1987) y\u00a0<em>El editor<\/em>\u00a0(L\u2019editore, 1989); estas dos \u00faltimas traducidas por Joaqu\u00edn Jord\u00e0.<\/p>\n<p><strong>[coedici\u00f3n con Traficantes de Sue\u00f1os]<\/strong><\/p>\n<\/div>\n<\/div>\n<div>\n<p>Traducci\u00f3n del italiano de<strong>\u00a0Joaqu\u00edn Jord\u00e0<\/strong><\/p>\n<p><a href=\"http:\/\/www.viruseditorial.net\/file\/mailing-el-editor-def.pdf\">Ficha<\/a><\/p>\n<div>\n<h2><a href=\"https:\/\/www.viruseditorial.net\/es\/editorial\/descargar-pdf\" target=\"_blank\" rel=\"noopener\">Libro en libre descarga de Virus Editorial<\/a><\/h2>\n<\/div>\n<aside class=\"mashsb-container mashsb-main mashsb-stretched\">\n<div class=\"mashsb-box\">\n<div class=\"mashsb-count mash-large\"><\/div>\n<\/div>\n<\/aside>\n<\/div>\n","protected":false},"excerpt":{"rendered":"<p><strong>Balestrini, Nanni<\/strong><br \/>\n9788492559749 &#8211; Virus \/ Traficantes de sue\u00f1os &#8211; 2016 &#8211; 139 p\u00e1ginas \/orri.<\/p>\n","protected":false},"featured_media":5927,"template":"","meta":[],"product_brand":[],"product_cat":[16,187],"product_tag":[871,4626,1946,72,57],"class_list":{"0":"post-5897","1":"product","2":"type-product","3":"status-publish","4":"has-post-thumbnail","6":"product_cat-libros","7":"product_cat-narratiba-narrativa","8":"product_tag-balestrini","9":"product_tag-deskargak","10":"product_tag-nanni-balestrini","11":"product_tag-traficantes-de-suenos","12":"product_tag-virus","14":"first","15":"instock","16":"sold-individually","17":"shipping-taxable","18":"purchasable","19":"product-type-simple"},"yoast_head":"<!-- This site is optimized with the Yoast SEO plugin v27.3 - https:\/\/yoast.com\/product\/yoast-seo-wordpress\/ -->\n<title>El editor &#8212; Zapateneo<\/title>\n<meta name=\"robots\" content=\"index, follow, max-snippet:-1, max-image-preview:large, max-video-preview:-1\" \/>\n<link rel=\"canonical\" href=\"https:\/\/zapateneo.net\/wordpress\/index.php\/producto\/el-editor\/\" \/>\n<meta property=\"og:locale\" content=\"es_ES\" \/>\n<meta property=\"og:type\" content=\"article\" \/>\n<meta property=\"og:title\" content=\"El editor &#8212; Zapateneo\" \/>\n<meta property=\"og:description\" content=\"Balestrini, Nanni 9788492559749 - Virus \/ Traficantes de sue\u00f1os - 2016 - 139 p\u00e1ginas \/orri.\" \/>\n<meta property=\"og:url\" content=\"https:\/\/zapateneo.net\/wordpress\/index.php\/producto\/el-editor\/\" \/>\n<meta property=\"og:site_name\" content=\"Zapateneo\" \/>\n<meta property=\"article:modified_time\" content=\"2022-01-03T08:32:34+00:00\" \/>\n<meta property=\"og:image\" content=\"https:\/\/zapateneo.net\/wordpress\/wp-content\/uploads\/2021\/04\/9788492559749.jpg\" \/>\n\t<meta property=\"og:image:width\" content=\"120\" \/>\n\t<meta property=\"og:image:height\" content=\"176\" \/>\n\t<meta property=\"og:image:type\" content=\"image\/jpeg\" \/>\n<meta name=\"twitter:card\" content=\"summary_large_image\" \/>\n<meta name=\"twitter:site\" content=\"@zapateneo\" \/>\n<meta name=\"twitter:label1\" content=\"Tiempo de lectura\" \/>\n\t<meta name=\"twitter:data1\" content=\"3 minutos\" \/>\n<script type=\"application\/ld+json\" class=\"yoast-schema-graph\">{\"@context\":\"https:\\\/\\\/schema.org\",\"@graph\":[{\"@type\":\"WebPage\",\"@id\":\"https:\\\/\\\/zapateneo.net\\\/wordpress\\\/index.php\\\/producto\\\/el-editor\\\/\",\"url\":\"https:\\\/\\\/zapateneo.net\\\/wordpress\\\/index.php\\\/producto\\\/el-editor\\\/\",\"name\":\"El editor &#8212; Zapateneo\",\"isPartOf\":{\"@id\":\"https:\\\/\\\/zapateneo.net\\\/wordpress\\\/#website\"},\"primaryImageOfPage\":{\"@id\":\"https:\\\/\\\/zapateneo.net\\\/wordpress\\\/index.php\\\/producto\\\/el-editor\\\/#primaryimage\"},\"image\":{\"@id\":\"https:\\\/\\\/zapateneo.net\\\/wordpress\\\/index.php\\\/producto\\\/el-editor\\\/#primaryimage\"},\"thumbnailUrl\":\"https:\\\/\\\/zapateneo.net\\\/wordpress\\\/wp-content\\\/uploads\\\/2021\\\/04\\\/9788492559749.jpg\",\"datePublished\":\"2021-04-09T05:20:11+00:00\",\"dateModified\":\"2022-01-03T08:32:34+00:00\",\"breadcrumb\":{\"@id\":\"https:\\\/\\\/zapateneo.net\\\/wordpress\\\/index.php\\\/producto\\\/el-editor\\\/#breadcrumb\"},\"inLanguage\":\"es\",\"potentialAction\":[{\"@type\":\"ReadAction\",\"target\":[\"https:\\\/\\\/zapateneo.net\\\/wordpress\\\/index.php\\\/producto\\\/el-editor\\\/\"]}]},{\"@type\":\"ImageObject\",\"inLanguage\":\"es\",\"@id\":\"https:\\\/\\\/zapateneo.net\\\/wordpress\\\/index.php\\\/producto\\\/el-editor\\\/#primaryimage\",\"url\":\"https:\\\/\\\/zapateneo.net\\\/wordpress\\\/wp-content\\\/uploads\\\/2021\\\/04\\\/9788492559749.jpg\",\"contentUrl\":\"https:\\\/\\\/zapateneo.net\\\/wordpress\\\/wp-content\\\/uploads\\\/2021\\\/04\\\/9788492559749.jpg\",\"width\":120,\"height\":176},{\"@type\":\"BreadcrumbList\",\"@id\":\"https:\\\/\\\/zapateneo.net\\\/wordpress\\\/index.php\\\/producto\\\/el-editor\\\/#breadcrumb\",\"itemListElement\":[{\"@type\":\"ListItem\",\"position\":1,\"name\":\"Portada\",\"item\":\"https:\\\/\\\/zapateneo.net\\\/wordpress\\\/\"},{\"@type\":\"ListItem\",\"position\":2,\"name\":\"Tienda\",\"item\":\"https:\\\/\\\/zapateneo.net\\\/wordpress\\\/\"},{\"@type\":\"ListItem\",\"position\":3,\"name\":\"El editor\"}]},{\"@type\":\"WebSite\",\"@id\":\"https:\\\/\\\/zapateneo.net\\\/wordpress\\\/#website\",\"url\":\"https:\\\/\\\/zapateneo.net\\\/wordpress\\\/\",\"name\":\"Zapateneo\",\"description\":\"Zapateneoaren webgunea\",\"publisher\":{\"@id\":\"https:\\\/\\\/zapateneo.net\\\/wordpress\\\/#organization\"},\"potentialAction\":[{\"@type\":\"SearchAction\",\"target\":{\"@type\":\"EntryPoint\",\"urlTemplate\":\"https:\\\/\\\/zapateneo.net\\\/wordpress\\\/?s={search_term_string}\"},\"query-input\":{\"@type\":\"PropertyValueSpecification\",\"valueRequired\":true,\"valueName\":\"search_term_string\"}}],\"inLanguage\":\"es\"},{\"@type\":\"Organization\",\"@id\":\"https:\\\/\\\/zapateneo.net\\\/wordpress\\\/#organization\",\"name\":\"Zapateneo Kultur Elkartea\",\"url\":\"https:\\\/\\\/zapateneo.net\\\/wordpress\\\/\",\"logo\":{\"@type\":\"ImageObject\",\"inLanguage\":\"es\",\"@id\":\"https:\\\/\\\/zapateneo.net\\\/wordpress\\\/#\\\/schema\\\/logo\\\/image\\\/\",\"url\":\"https:\\\/\\\/zapateneo.net\\\/wordpress\\\/wp-content\\\/uploads\\\/2021\\\/04\\\/zap-libu-kolec.jpg\",\"contentUrl\":\"https:\\\/\\\/zapateneo.net\\\/wordpress\\\/wp-content\\\/uploads\\\/2021\\\/04\\\/zap-libu-kolec.jpg\",\"width\":2234,\"height\":398,\"caption\":\"Zapateneo Kultur Elkartea\"},\"image\":{\"@id\":\"https:\\\/\\\/zapateneo.net\\\/wordpress\\\/#\\\/schema\\\/logo\\\/image\\\/\"},\"sameAs\":[\"https:\\\/\\\/x.com\\\/zapateneo\"]}]}<\/script>\n<!-- \/ Yoast SEO plugin. -->","yoast_head_json":{"title":"El editor &#8212; Zapateneo","robots":{"index":"index","follow":"follow","max-snippet":"max-snippet:-1","max-image-preview":"max-image-preview:large","max-video-preview":"max-video-preview:-1"},"canonical":"https:\/\/zapateneo.net\/wordpress\/index.php\/producto\/el-editor\/","og_locale":"es_ES","og_type":"article","og_title":"El editor &#8212; Zapateneo","og_description":"Balestrini, Nanni 9788492559749 - Virus \/ Traficantes de sue\u00f1os - 2016 - 139 p\u00e1ginas \/orri.","og_url":"https:\/\/zapateneo.net\/wordpress\/index.php\/producto\/el-editor\/","og_site_name":"Zapateneo","article_modified_time":"2022-01-03T08:32:34+00:00","og_image":[{"width":120,"height":176,"url":"https:\/\/zapateneo.net\/wordpress\/wp-content\/uploads\/2021\/04\/9788492559749.jpg","type":"image\/jpeg"}],"twitter_card":"summary_large_image","twitter_site":"@zapateneo","twitter_misc":{"Tiempo de lectura":"3 minutos"},"schema":{"@context":"https:\/\/schema.org","@graph":[{"@type":"WebPage","@id":"https:\/\/zapateneo.net\/wordpress\/index.php\/producto\/el-editor\/","url":"https:\/\/zapateneo.net\/wordpress\/index.php\/producto\/el-editor\/","name":"El editor &#8212; Zapateneo","isPartOf":{"@id":"https:\/\/zapateneo.net\/wordpress\/#website"},"primaryImageOfPage":{"@id":"https:\/\/zapateneo.net\/wordpress\/index.php\/producto\/el-editor\/#primaryimage"},"image":{"@id":"https:\/\/zapateneo.net\/wordpress\/index.php\/producto\/el-editor\/#primaryimage"},"thumbnailUrl":"https:\/\/zapateneo.net\/wordpress\/wp-content\/uploads\/2021\/04\/9788492559749.jpg","datePublished":"2021-04-09T05:20:11+00:00","dateModified":"2022-01-03T08:32:34+00:00","breadcrumb":{"@id":"https:\/\/zapateneo.net\/wordpress\/index.php\/producto\/el-editor\/#breadcrumb"},"inLanguage":"es","potentialAction":[{"@type":"ReadAction","target":["https:\/\/zapateneo.net\/wordpress\/index.php\/producto\/el-editor\/"]}]},{"@type":"ImageObject","inLanguage":"es","@id":"https:\/\/zapateneo.net\/wordpress\/index.php\/producto\/el-editor\/#primaryimage","url":"https:\/\/zapateneo.net\/wordpress\/wp-content\/uploads\/2021\/04\/9788492559749.jpg","contentUrl":"https:\/\/zapateneo.net\/wordpress\/wp-content\/uploads\/2021\/04\/9788492559749.jpg","width":120,"height":176},{"@type":"BreadcrumbList","@id":"https:\/\/zapateneo.net\/wordpress\/index.php\/producto\/el-editor\/#breadcrumb","itemListElement":[{"@type":"ListItem","position":1,"name":"Portada","item":"https:\/\/zapateneo.net\/wordpress\/"},{"@type":"ListItem","position":2,"name":"Tienda","item":"https:\/\/zapateneo.net\/wordpress\/"},{"@type":"ListItem","position":3,"name":"El editor"}]},{"@type":"WebSite","@id":"https:\/\/zapateneo.net\/wordpress\/#website","url":"https:\/\/zapateneo.net\/wordpress\/","name":"Zapateneo","description":"Zapateneoaren webgunea","publisher":{"@id":"https:\/\/zapateneo.net\/wordpress\/#organization"},"potentialAction":[{"@type":"SearchAction","target":{"@type":"EntryPoint","urlTemplate":"https:\/\/zapateneo.net\/wordpress\/?s={search_term_string}"},"query-input":{"@type":"PropertyValueSpecification","valueRequired":true,"valueName":"search_term_string"}}],"inLanguage":"es"},{"@type":"Organization","@id":"https:\/\/zapateneo.net\/wordpress\/#organization","name":"Zapateneo Kultur Elkartea","url":"https:\/\/zapateneo.net\/wordpress\/","logo":{"@type":"ImageObject","inLanguage":"es","@id":"https:\/\/zapateneo.net\/wordpress\/#\/schema\/logo\/image\/","url":"https:\/\/zapateneo.net\/wordpress\/wp-content\/uploads\/2021\/04\/zap-libu-kolec.jpg","contentUrl":"https:\/\/zapateneo.net\/wordpress\/wp-content\/uploads\/2021\/04\/zap-libu-kolec.jpg","width":2234,"height":398,"caption":"Zapateneo Kultur Elkartea"},"image":{"@id":"https:\/\/zapateneo.net\/wordpress\/#\/schema\/logo\/image\/"},"sameAs":["https:\/\/x.com\/zapateneo"]}]}},"_links":{"self":[{"href":"https:\/\/zapateneo.net\/wordpress\/index.php\/wp-json\/wp\/v2\/product\/5897","targetHints":{"allow":["GET"]}}],"collection":[{"href":"https:\/\/zapateneo.net\/wordpress\/index.php\/wp-json\/wp\/v2\/product"}],"about":[{"href":"https:\/\/zapateneo.net\/wordpress\/index.php\/wp-json\/wp\/v2\/types\/product"}],"wp:featuredmedia":[{"embeddable":true,"href":"https:\/\/zapateneo.net\/wordpress\/index.php\/wp-json\/wp\/v2\/media\/5927"}],"wp:attachment":[{"href":"https:\/\/zapateneo.net\/wordpress\/index.php\/wp-json\/wp\/v2\/media?parent=5897"}],"wp:term":[{"taxonomy":"product_brand","embeddable":true,"href":"https:\/\/zapateneo.net\/wordpress\/index.php\/wp-json\/wp\/v2\/product_brand?post=5897"},{"taxonomy":"product_cat","embeddable":true,"href":"https:\/\/zapateneo.net\/wordpress\/index.php\/wp-json\/wp\/v2\/product_cat?post=5897"},{"taxonomy":"product_tag","embeddable":true,"href":"https:\/\/zapateneo.net\/wordpress\/index.php\/wp-json\/wp\/v2\/product_tag?post=5897"}],"curies":[{"name":"wp","href":"https:\/\/api.w.org\/{rel}","templated":true}]}}