{"id":5819,"date":"2021-04-09T06:18:52","date_gmt":"2021-04-09T05:18:52","guid":{"rendered":"https:\/\/zapateneo.net\/wordpress\/?post_type=product&#038;p=5819"},"modified":"2021-04-09T06:19:50","modified_gmt":"2021-04-09T05:19:50","slug":"la-bastarda","status":"publish","type":"product","link":"https:\/\/zapateneo.net\/wordpress\/index.php\/producto\/la-bastarda\/","title":{"rendered":"La bastarda"},"content":{"rendered":"<p>\u00abMi caso no es \u00fanico: tengo miedo de morir y me desgarra estar en el mundo. No he trabajado, no he estudiado. He llorado, he gritado. Las l\u00e1grimas y los lamentos me han llevado mucho tiempo. La tortura del tiempo perdido en cuanto reflexiono en ello. No puedo pensar mucho tiempo, pero puedo complacerme ante una hoja de lechuga marchita ante la cual no tengo m\u00e1s que penas para rumiar. El pasado no alimenta. Me ir\u00e9 como he llegado: intacta y cargada con los defectos que me han torturado. Hubiera querido nacer estatua, y soy una babosa en mi propio estercolero. Las virtudes, las cualidades, el valor, la meditaci\u00f3n, la cultura. De brazos cruzados, me he destrozado ante esas palabras\u00bb. Un autorretrato obsesivo y revelador de una mujer notable humillada por las circunstancias de su nacimiento y por su apariencia f\u00edsica. La bastarda relata la larga b\u00fasqueda de Violette Leduc de su propia identidad a trav\u00e9s de una serie de agonizantes y apasionados amores con hombres y mujeres. Cuando se public\u00f3 por primera vez, La bastarda logr\u00f3 que se comparara a Leduc con Jean Genet por la descripci\u00f3n franca de sus escapadas sexuales y su comportamiento inmoral. Una obra confesional que contiene retratos de varios autores y autoras franceses famosos, que hacen de este libro mucho m\u00e1s que una memoria centelleante. El brillante estilo de Leduc y su delicada atenci\u00f3n al lenguaje transforman esta autobiograf\u00eda en una verdadera obra de arte. La calidad de sus escritos fue reivindicada por otras destacadas figuras como Simone de Beauvoir, Albert Camus o Jean-Paul Sartre.<\/p>\n<p>Violette Leduc pas\u00f3 la mayor parte de su ni\u00f1ez con baja autoestima, exacerbada por la hostilidad y falta de protecci\u00f3n de su madre. Su educaci\u00f3n se vio interrumpida por la Primera Guerra Mundial. Finalizada esta, Leduc regres\u00f3 a la escuela, en el Coll\u00e8ge de Douai, donde experiment\u00f3 una relaci\u00f3n l\u00e9sbica con una compa\u00f1era de curso y una instructora de m\u00fasica, que fue despedida al conocerse el incidente. En 1926, se mud\u00f3 a Par\u00eds y se matricul\u00f3 en el Lyc\u00e9e Racine. Ese mismo a\u00f1o no aprob\u00f3 el examen de ingreso y comenz\u00f3 a trabajar como operadora telef\u00f3nica y secretaria en la editorial Plon. En 1942 conoci\u00f3 a Maurice Sachs y Simone de Beauvoir, quienes la animaron a escribir su primera novela, L\u2019Asphyxie, que fue publicada por Albert Camus en Gallimard y elogiada por Jean-Paul Sartre, Jean Cocteau y Jean Genet. En 1955, Leduc fue obligada a eliminar parte de su novela Ravages debido a los pasajes sexualmente expl\u00edcitos que describ\u00edan escenas de lesbianismo. Los fragmentos censurados fueron finalmente publicados como una novela, Th\u00e9r\u00e8se e Isabelle, en 1966. Otra de sus novelas, Le taxi, caus\u00f3 controversia debido a la descripci\u00f3n de un incesto entre hermano y hermana. Su obra m\u00e1s conocida, las memorias La bastarda (1964), se convirti\u00f3 r\u00e1pidamente en un best seller. Leduc escribi\u00f3 otros muchos libros, entre ellos La folie en t\u00eate, la segunda parte de su autobiograf\u00eda literaria. Desarroll\u00f3 c\u00e1ncer de mama y falleci\u00f3 con sesenta y cinco a\u00f1os.<\/p>\n<p>Pr\u00f3logo de Simone de Beavoir<\/p>\n","protected":false},"excerpt":{"rendered":"<p><strong>Leduc, Violette<\/strong><br \/>\n9788412135473 &#8211; Capit\u00e1n Swing &#8211; 2020 &#8211; 512 p\u00e1ginas \/orri.<\/p>\n","protected":false},"featured_media":5865,"template":"","meta":[],"product_brand":[],"product_cat":[16,187],"product_tag":[102,3666],"class_list":{"0":"post-5819","1":"product","2":"type-product","3":"status-publish","4":"has-post-thumbnail","6":"product_cat-libros","7":"product_cat-narratiba-narrativa","8":"product_tag-capitan-swing","9":"product_tag-leduc","11":"first","12":"instock","13":"sold-individually","14":"shipping-taxable","15":"purchasable","16":"product-type-simple"},"yoast_head":"<!-- This site is optimized with the Yoast SEO plugin v27.3 - https:\/\/yoast.com\/product\/yoast-seo-wordpress\/ -->\n<title>La bastarda &#8212; Zapateneo<\/title>\n<meta name=\"robots\" content=\"index, follow, max-snippet:-1, max-image-preview:large, max-video-preview:-1\" \/>\n<link rel=\"canonical\" href=\"https:\/\/zapateneo.net\/wordpress\/index.php\/producto\/la-bastarda\/\" \/>\n<meta property=\"og:locale\" content=\"es_ES\" \/>\n<meta property=\"og:type\" content=\"article\" \/>\n<meta property=\"og:title\" content=\"La bastarda &#8212; Zapateneo\" \/>\n<meta property=\"og:description\" content=\"Leduc, Violette 9788412135473 - Capit\u00e1n Swing - 2020 - 512 p\u00e1ginas \/orri.\" \/>\n<meta property=\"og:url\" content=\"https:\/\/zapateneo.net\/wordpress\/index.php\/producto\/la-bastarda\/\" \/>\n<meta property=\"og:site_name\" content=\"Zapateneo\" \/>\n<meta property=\"article:modified_time\" content=\"2021-04-09T05:19:50+00:00\" \/>\n<meta property=\"og:image\" content=\"https:\/\/zapateneo.net\/wordpress\/wp-content\/uploads\/2021\/04\/9788412135473.jpg\" \/>\n\t<meta property=\"og:image:width\" content=\"200\" \/>\n\t<meta property=\"og:image:height\" content=\"312\" \/>\n\t<meta property=\"og:image:type\" content=\"image\/jpeg\" \/>\n<meta name=\"twitter:card\" content=\"summary_large_image\" \/>\n<meta name=\"twitter:site\" content=\"@zapateneo\" \/>\n<meta name=\"twitter:label1\" content=\"Tiempo de lectura\" \/>\n\t<meta name=\"twitter:data1\" content=\"3 minutos\" \/>\n<script type=\"application\/ld+json\" class=\"yoast-schema-graph\">{\"@context\":\"https:\\\/\\\/schema.org\",\"@graph\":[{\"@type\":\"WebPage\",\"@id\":\"https:\\\/\\\/zapateneo.net\\\/wordpress\\\/index.php\\\/producto\\\/la-bastarda\\\/\",\"url\":\"https:\\\/\\\/zapateneo.net\\\/wordpress\\\/index.php\\\/producto\\\/la-bastarda\\\/\",\"name\":\"La bastarda &#8212; Zapateneo\",\"isPartOf\":{\"@id\":\"https:\\\/\\\/zapateneo.net\\\/wordpress\\\/#website\"},\"primaryImageOfPage\":{\"@id\":\"https:\\\/\\\/zapateneo.net\\\/wordpress\\\/index.php\\\/producto\\\/la-bastarda\\\/#primaryimage\"},\"image\":{\"@id\":\"https:\\\/\\\/zapateneo.net\\\/wordpress\\\/index.php\\\/producto\\\/la-bastarda\\\/#primaryimage\"},\"thumbnailUrl\":\"https:\\\/\\\/zapateneo.net\\\/wordpress\\\/wp-content\\\/uploads\\\/2021\\\/04\\\/9788412135473.jpg\",\"datePublished\":\"2021-04-09T05:18:52+00:00\",\"dateModified\":\"2021-04-09T05:19:50+00:00\",\"breadcrumb\":{\"@id\":\"https:\\\/\\\/zapateneo.net\\\/wordpress\\\/index.php\\\/producto\\\/la-bastarda\\\/#breadcrumb\"},\"inLanguage\":\"es\",\"potentialAction\":[{\"@type\":\"ReadAction\",\"target\":[\"https:\\\/\\\/zapateneo.net\\\/wordpress\\\/index.php\\\/producto\\\/la-bastarda\\\/\"]}]},{\"@type\":\"ImageObject\",\"inLanguage\":\"es\",\"@id\":\"https:\\\/\\\/zapateneo.net\\\/wordpress\\\/index.php\\\/producto\\\/la-bastarda\\\/#primaryimage\",\"url\":\"https:\\\/\\\/zapateneo.net\\\/wordpress\\\/wp-content\\\/uploads\\\/2021\\\/04\\\/9788412135473.jpg\",\"contentUrl\":\"https:\\\/\\\/zapateneo.net\\\/wordpress\\\/wp-content\\\/uploads\\\/2021\\\/04\\\/9788412135473.jpg\",\"width\":200,\"height\":312},{\"@type\":\"BreadcrumbList\",\"@id\":\"https:\\\/\\\/zapateneo.net\\\/wordpress\\\/index.php\\\/producto\\\/la-bastarda\\\/#breadcrumb\",\"itemListElement\":[{\"@type\":\"ListItem\",\"position\":1,\"name\":\"Portada\",\"item\":\"https:\\\/\\\/zapateneo.net\\\/wordpress\\\/\"},{\"@type\":\"ListItem\",\"position\":2,\"name\":\"Tienda\",\"item\":\"https:\\\/\\\/zapateneo.net\\\/wordpress\\\/\"},{\"@type\":\"ListItem\",\"position\":3,\"name\":\"La bastarda\"}]},{\"@type\":\"WebSite\",\"@id\":\"https:\\\/\\\/zapateneo.net\\\/wordpress\\\/#website\",\"url\":\"https:\\\/\\\/zapateneo.net\\\/wordpress\\\/\",\"name\":\"Zapateneo\",\"description\":\"Zapateneoaren webgunea\",\"publisher\":{\"@id\":\"https:\\\/\\\/zapateneo.net\\\/wordpress\\\/#organization\"},\"potentialAction\":[{\"@type\":\"SearchAction\",\"target\":{\"@type\":\"EntryPoint\",\"urlTemplate\":\"https:\\\/\\\/zapateneo.net\\\/wordpress\\\/?s={search_term_string}\"},\"query-input\":{\"@type\":\"PropertyValueSpecification\",\"valueRequired\":true,\"valueName\":\"search_term_string\"}}],\"inLanguage\":\"es\"},{\"@type\":\"Organization\",\"@id\":\"https:\\\/\\\/zapateneo.net\\\/wordpress\\\/#organization\",\"name\":\"Zapateneo Kultur Elkartea\",\"url\":\"https:\\\/\\\/zapateneo.net\\\/wordpress\\\/\",\"logo\":{\"@type\":\"ImageObject\",\"inLanguage\":\"es\",\"@id\":\"https:\\\/\\\/zapateneo.net\\\/wordpress\\\/#\\\/schema\\\/logo\\\/image\\\/\",\"url\":\"https:\\\/\\\/zapateneo.net\\\/wordpress\\\/wp-content\\\/uploads\\\/2021\\\/04\\\/zap-libu-kolec.jpg\",\"contentUrl\":\"https:\\\/\\\/zapateneo.net\\\/wordpress\\\/wp-content\\\/uploads\\\/2021\\\/04\\\/zap-libu-kolec.jpg\",\"width\":2234,\"height\":398,\"caption\":\"Zapateneo Kultur Elkartea\"},\"image\":{\"@id\":\"https:\\\/\\\/zapateneo.net\\\/wordpress\\\/#\\\/schema\\\/logo\\\/image\\\/\"},\"sameAs\":[\"https:\\\/\\\/x.com\\\/zapateneo\"]}]}<\/script>\n<!-- \/ Yoast SEO plugin. -->","yoast_head_json":{"title":"La bastarda &#8212; Zapateneo","robots":{"index":"index","follow":"follow","max-snippet":"max-snippet:-1","max-image-preview":"max-image-preview:large","max-video-preview":"max-video-preview:-1"},"canonical":"https:\/\/zapateneo.net\/wordpress\/index.php\/producto\/la-bastarda\/","og_locale":"es_ES","og_type":"article","og_title":"La bastarda &#8212; Zapateneo","og_description":"Leduc, Violette 9788412135473 - Capit\u00e1n Swing - 2020 - 512 p\u00e1ginas \/orri.","og_url":"https:\/\/zapateneo.net\/wordpress\/index.php\/producto\/la-bastarda\/","og_site_name":"Zapateneo","article_modified_time":"2021-04-09T05:19:50+00:00","og_image":[{"width":200,"height":312,"url":"https:\/\/zapateneo.net\/wordpress\/wp-content\/uploads\/2021\/04\/9788412135473.jpg","type":"image\/jpeg"}],"twitter_card":"summary_large_image","twitter_site":"@zapateneo","twitter_misc":{"Tiempo de lectura":"3 minutos"},"schema":{"@context":"https:\/\/schema.org","@graph":[{"@type":"WebPage","@id":"https:\/\/zapateneo.net\/wordpress\/index.php\/producto\/la-bastarda\/","url":"https:\/\/zapateneo.net\/wordpress\/index.php\/producto\/la-bastarda\/","name":"La bastarda &#8212; Zapateneo","isPartOf":{"@id":"https:\/\/zapateneo.net\/wordpress\/#website"},"primaryImageOfPage":{"@id":"https:\/\/zapateneo.net\/wordpress\/index.php\/producto\/la-bastarda\/#primaryimage"},"image":{"@id":"https:\/\/zapateneo.net\/wordpress\/index.php\/producto\/la-bastarda\/#primaryimage"},"thumbnailUrl":"https:\/\/zapateneo.net\/wordpress\/wp-content\/uploads\/2021\/04\/9788412135473.jpg","datePublished":"2021-04-09T05:18:52+00:00","dateModified":"2021-04-09T05:19:50+00:00","breadcrumb":{"@id":"https:\/\/zapateneo.net\/wordpress\/index.php\/producto\/la-bastarda\/#breadcrumb"},"inLanguage":"es","potentialAction":[{"@type":"ReadAction","target":["https:\/\/zapateneo.net\/wordpress\/index.php\/producto\/la-bastarda\/"]}]},{"@type":"ImageObject","inLanguage":"es","@id":"https:\/\/zapateneo.net\/wordpress\/index.php\/producto\/la-bastarda\/#primaryimage","url":"https:\/\/zapateneo.net\/wordpress\/wp-content\/uploads\/2021\/04\/9788412135473.jpg","contentUrl":"https:\/\/zapateneo.net\/wordpress\/wp-content\/uploads\/2021\/04\/9788412135473.jpg","width":200,"height":312},{"@type":"BreadcrumbList","@id":"https:\/\/zapateneo.net\/wordpress\/index.php\/producto\/la-bastarda\/#breadcrumb","itemListElement":[{"@type":"ListItem","position":1,"name":"Portada","item":"https:\/\/zapateneo.net\/wordpress\/"},{"@type":"ListItem","position":2,"name":"Tienda","item":"https:\/\/zapateneo.net\/wordpress\/"},{"@type":"ListItem","position":3,"name":"La bastarda"}]},{"@type":"WebSite","@id":"https:\/\/zapateneo.net\/wordpress\/#website","url":"https:\/\/zapateneo.net\/wordpress\/","name":"Zapateneo","description":"Zapateneoaren webgunea","publisher":{"@id":"https:\/\/zapateneo.net\/wordpress\/#organization"},"potentialAction":[{"@type":"SearchAction","target":{"@type":"EntryPoint","urlTemplate":"https:\/\/zapateneo.net\/wordpress\/?s={search_term_string}"},"query-input":{"@type":"PropertyValueSpecification","valueRequired":true,"valueName":"search_term_string"}}],"inLanguage":"es"},{"@type":"Organization","@id":"https:\/\/zapateneo.net\/wordpress\/#organization","name":"Zapateneo Kultur Elkartea","url":"https:\/\/zapateneo.net\/wordpress\/","logo":{"@type":"ImageObject","inLanguage":"es","@id":"https:\/\/zapateneo.net\/wordpress\/#\/schema\/logo\/image\/","url":"https:\/\/zapateneo.net\/wordpress\/wp-content\/uploads\/2021\/04\/zap-libu-kolec.jpg","contentUrl":"https:\/\/zapateneo.net\/wordpress\/wp-content\/uploads\/2021\/04\/zap-libu-kolec.jpg","width":2234,"height":398,"caption":"Zapateneo Kultur Elkartea"},"image":{"@id":"https:\/\/zapateneo.net\/wordpress\/#\/schema\/logo\/image\/"},"sameAs":["https:\/\/x.com\/zapateneo"]}]}},"_links":{"self":[{"href":"https:\/\/zapateneo.net\/wordpress\/index.php\/wp-json\/wp\/v2\/product\/5819","targetHints":{"allow":["GET"]}}],"collection":[{"href":"https:\/\/zapateneo.net\/wordpress\/index.php\/wp-json\/wp\/v2\/product"}],"about":[{"href":"https:\/\/zapateneo.net\/wordpress\/index.php\/wp-json\/wp\/v2\/types\/product"}],"wp:featuredmedia":[{"embeddable":true,"href":"https:\/\/zapateneo.net\/wordpress\/index.php\/wp-json\/wp\/v2\/media\/5865"}],"wp:attachment":[{"href":"https:\/\/zapateneo.net\/wordpress\/index.php\/wp-json\/wp\/v2\/media?parent=5819"}],"wp:term":[{"taxonomy":"product_brand","embeddable":true,"href":"https:\/\/zapateneo.net\/wordpress\/index.php\/wp-json\/wp\/v2\/product_brand?post=5819"},{"taxonomy":"product_cat","embeddable":true,"href":"https:\/\/zapateneo.net\/wordpress\/index.php\/wp-json\/wp\/v2\/product_cat?post=5819"},{"taxonomy":"product_tag","embeddable":true,"href":"https:\/\/zapateneo.net\/wordpress\/index.php\/wp-json\/wp\/v2\/product_tag?post=5819"}],"curies":[{"name":"wp","href":"https:\/\/api.w.org\/{rel}","templated":true}]}}