{"id":5800,"date":"2021-04-09T06:18:47","date_gmt":"2021-04-09T05:18:47","guid":{"rendered":"https:\/\/zapateneo.net\/wordpress\/?post_type=product&#038;p=5800"},"modified":"2021-04-09T06:19:00","modified_gmt":"2021-04-09T05:19:00","slug":"si-esta-calle-fuera-mia","status":"publish","type":"product","link":"https:\/\/zapateneo.net\/wordpress\/index.php\/producto\/si-esta-calle-fuera-mia\/","title":{"rendered":"Si esta calle fuera m\u00cda"},"content":{"rendered":"<p>Escrita con ternura y una gran vivacidad, Si esta calle fuera m\u00eda es un paseo por las veintid\u00f3s direcciones en las que ha vivido la autora hasta hoy. As\u00ed, Stefanie Kremser se adentra en la narraci\u00f3n autobiogr\u00e1fica para trazar la memoria de las llegadas y las despedidas que ha experimentado a lo largo de los a\u00f1os en cinco pa\u00edses distintos, entre las Am\u00e9ricas y Europa. A trav\u00e9s de su mirada curiosa, afilada y a la vez introspectiva, este libro de las direcciones tambi\u00e9n dibuja el mosaico de una experiencia multimigratoria, cosmopolita y, no obstante, llena de contradicciones sociales, pol\u00edticas, culturales y biogr\u00e1ficas, al mismo tiempo que invita al lector a reflexionar sobre la cuesti\u00f3n de qui\u00e9n se puede ser, cuando no se es de un lugar concreto y definido.<BR>\t\u00abTal vez lo \u00fanico parecido en Gierath y en S\u00e3o Paulo era la aparici\u00f3n repentina del vendedor de helados. En Gierath pasaba por la calle con una furgoneta adaptada como helader\u00eda ambulante, anunciando su presencia con una serie de campanadas agudas; en S\u00e3o Paulo recorr\u00eda las calles a pie, empujando un carrito de dos ruedas y tocando un claxon de mano para avisarnos. Los sabores y las formas de los helados eran distintos cremosos y con cucurucho en Alemania; afrutados y con palo en Brasil, pero la sorpresa era id\u00e9ntica: la magia de lo inesperado en una \u00e9poca sin calendarios. Era como si los vendedores de helados de los dos hemisferios formasen el par\u00e9ntesis en el cual vive el recuerdo de un tiempo que, lleno de contrastes en mundos incompatibles, ser\u00e1 para siempre uno solo: la infancia con su dulce ignorancia\u00bb.<BR>\t<BR>\tStefanie Kremser naci\u00f3 en D\u00fcsseldorf, Alemania, en 1967 y creci\u00f3 con su familia germano-boliviana en S\u00e3o Paulo, Brasil. Estudi\u00f3 cine documental en M\u00fanich y ha estrenado varias pel\u00edculas como guionista. Tambi\u00e9n es autora de tres novelas, dos de las cuales est\u00e1n traducidas al castellano: Calle de los olvidados (Edhasa, 2012) y El d\u00eda en que aprend\u00ed a volar (Entre Ambos, 2017). Desde 2003 vive en Barcelona.<\/p>\n","protected":false},"excerpt":{"rendered":"<p><strong>Kremser,  Stefanie<\/strong><br \/>\n9788416379187 &#8211; Entre Ambos &#8211; 2020 &#8211; 256 p\u00e1ginas \/orri.<\/p>\n","protected":false},"featured_media":5830,"template":"","meta":[],"product_brand":[],"product_cat":[16,187],"product_tag":[3642,3640],"class_list":{"0":"post-5800","1":"product","2":"type-product","3":"status-publish","4":"has-post-thumbnail","6":"product_cat-libros","7":"product_cat-narratiba-narrativa","8":"product_tag-entre-ambos","9":"product_tag-kremser","11":"first","12":"instock","13":"sold-individually","14":"shipping-taxable","15":"purchasable","16":"product-type-simple"},"yoast_head":"<!-- This site is optimized with the Yoast SEO plugin v27.3 - https:\/\/yoast.com\/product\/yoast-seo-wordpress\/ -->\n<title>Si esta calle fuera m\u00cda &#8212; Zapateneo<\/title>\n<meta name=\"robots\" content=\"index, follow, max-snippet:-1, max-image-preview:large, max-video-preview:-1\" \/>\n<link rel=\"canonical\" href=\"https:\/\/zapateneo.net\/wordpress\/index.php\/producto\/si-esta-calle-fuera-mia\/\" \/>\n<meta property=\"og:locale\" content=\"es_ES\" \/>\n<meta property=\"og:type\" content=\"article\" \/>\n<meta property=\"og:title\" content=\"Si esta calle fuera m\u00cda &#8212; Zapateneo\" \/>\n<meta property=\"og:description\" content=\"Kremser, Stefanie 9788416379187 - Entre Ambos - 2020 - 256 p\u00e1ginas \/orri.\" \/>\n<meta property=\"og:url\" content=\"https:\/\/zapateneo.net\/wordpress\/index.php\/producto\/si-esta-calle-fuera-mia\/\" \/>\n<meta property=\"og:site_name\" content=\"Zapateneo\" \/>\n<meta property=\"article:modified_time\" content=\"2021-04-09T05:19:00+00:00\" \/>\n<meta property=\"og:image\" content=\"https:\/\/zapateneo.net\/wordpress\/wp-content\/uploads\/2021\/04\/var_www_vhosts_hontzanet_httpdocs_es_imagenes_9788416_978841637918.gif\" \/>\n\t<meta property=\"og:image:width\" content=\"234\" \/>\n\t<meta property=\"og:image:height\" content=\"350\" \/>\n\t<meta property=\"og:image:type\" content=\"image\/gif\" \/>\n<meta name=\"twitter:card\" content=\"summary_large_image\" \/>\n<meta name=\"twitter:site\" content=\"@zapateneo\" \/>\n<meta name=\"twitter:label1\" content=\"Tiempo de lectura\" \/>\n\t<meta name=\"twitter:data1\" content=\"2 minutos\" \/>\n<script type=\"application\/ld+json\" class=\"yoast-schema-graph\">{\"@context\":\"https:\\\/\\\/schema.org\",\"@graph\":[{\"@type\":\"WebPage\",\"@id\":\"https:\\\/\\\/zapateneo.net\\\/wordpress\\\/index.php\\\/producto\\\/si-esta-calle-fuera-mia\\\/\",\"url\":\"https:\\\/\\\/zapateneo.net\\\/wordpress\\\/index.php\\\/producto\\\/si-esta-calle-fuera-mia\\\/\",\"name\":\"Si esta calle fuera m\u00cda &#8212; Zapateneo\",\"isPartOf\":{\"@id\":\"https:\\\/\\\/zapateneo.net\\\/wordpress\\\/#website\"},\"primaryImageOfPage\":{\"@id\":\"https:\\\/\\\/zapateneo.net\\\/wordpress\\\/index.php\\\/producto\\\/si-esta-calle-fuera-mia\\\/#primaryimage\"},\"image\":{\"@id\":\"https:\\\/\\\/zapateneo.net\\\/wordpress\\\/index.php\\\/producto\\\/si-esta-calle-fuera-mia\\\/#primaryimage\"},\"thumbnailUrl\":\"https:\\\/\\\/zapateneo.net\\\/wordpress\\\/wp-content\\\/uploads\\\/2021\\\/04\\\/var_www_vhosts_hontzanet_httpdocs_es_imagenes_9788416_978841637918.gif\",\"datePublished\":\"2021-04-09T05:18:47+00:00\",\"dateModified\":\"2021-04-09T05:19:00+00:00\",\"breadcrumb\":{\"@id\":\"https:\\\/\\\/zapateneo.net\\\/wordpress\\\/index.php\\\/producto\\\/si-esta-calle-fuera-mia\\\/#breadcrumb\"},\"inLanguage\":\"es\",\"potentialAction\":[{\"@type\":\"ReadAction\",\"target\":[\"https:\\\/\\\/zapateneo.net\\\/wordpress\\\/index.php\\\/producto\\\/si-esta-calle-fuera-mia\\\/\"]}]},{\"@type\":\"ImageObject\",\"inLanguage\":\"es\",\"@id\":\"https:\\\/\\\/zapateneo.net\\\/wordpress\\\/index.php\\\/producto\\\/si-esta-calle-fuera-mia\\\/#primaryimage\",\"url\":\"https:\\\/\\\/zapateneo.net\\\/wordpress\\\/wp-content\\\/uploads\\\/2021\\\/04\\\/var_www_vhosts_hontzanet_httpdocs_es_imagenes_9788416_978841637918.gif\",\"contentUrl\":\"https:\\\/\\\/zapateneo.net\\\/wordpress\\\/wp-content\\\/uploads\\\/2021\\\/04\\\/var_www_vhosts_hontzanet_httpdocs_es_imagenes_9788416_978841637918.gif\",\"width\":234,\"height\":350},{\"@type\":\"BreadcrumbList\",\"@id\":\"https:\\\/\\\/zapateneo.net\\\/wordpress\\\/index.php\\\/producto\\\/si-esta-calle-fuera-mia\\\/#breadcrumb\",\"itemListElement\":[{\"@type\":\"ListItem\",\"position\":1,\"name\":\"Portada\",\"item\":\"https:\\\/\\\/zapateneo.net\\\/wordpress\\\/\"},{\"@type\":\"ListItem\",\"position\":2,\"name\":\"Tienda\",\"item\":\"https:\\\/\\\/zapateneo.net\\\/wordpress\\\/\"},{\"@type\":\"ListItem\",\"position\":3,\"name\":\"Si esta calle fuera m\u00cda\"}]},{\"@type\":\"WebSite\",\"@id\":\"https:\\\/\\\/zapateneo.net\\\/wordpress\\\/#website\",\"url\":\"https:\\\/\\\/zapateneo.net\\\/wordpress\\\/\",\"name\":\"Zapateneo\",\"description\":\"Zapateneoaren webgunea\",\"publisher\":{\"@id\":\"https:\\\/\\\/zapateneo.net\\\/wordpress\\\/#organization\"},\"potentialAction\":[{\"@type\":\"SearchAction\",\"target\":{\"@type\":\"EntryPoint\",\"urlTemplate\":\"https:\\\/\\\/zapateneo.net\\\/wordpress\\\/?s={search_term_string}\"},\"query-input\":{\"@type\":\"PropertyValueSpecification\",\"valueRequired\":true,\"valueName\":\"search_term_string\"}}],\"inLanguage\":\"es\"},{\"@type\":\"Organization\",\"@id\":\"https:\\\/\\\/zapateneo.net\\\/wordpress\\\/#organization\",\"name\":\"Zapateneo Kultur Elkartea\",\"url\":\"https:\\\/\\\/zapateneo.net\\\/wordpress\\\/\",\"logo\":{\"@type\":\"ImageObject\",\"inLanguage\":\"es\",\"@id\":\"https:\\\/\\\/zapateneo.net\\\/wordpress\\\/#\\\/schema\\\/logo\\\/image\\\/\",\"url\":\"https:\\\/\\\/zapateneo.net\\\/wordpress\\\/wp-content\\\/uploads\\\/2021\\\/04\\\/zap-libu-kolec.jpg\",\"contentUrl\":\"https:\\\/\\\/zapateneo.net\\\/wordpress\\\/wp-content\\\/uploads\\\/2021\\\/04\\\/zap-libu-kolec.jpg\",\"width\":2234,\"height\":398,\"caption\":\"Zapateneo Kultur Elkartea\"},\"image\":{\"@id\":\"https:\\\/\\\/zapateneo.net\\\/wordpress\\\/#\\\/schema\\\/logo\\\/image\\\/\"},\"sameAs\":[\"https:\\\/\\\/x.com\\\/zapateneo\"]}]}<\/script>\n<!-- \/ Yoast SEO plugin. -->","yoast_head_json":{"title":"Si esta calle fuera m\u00cda &#8212; Zapateneo","robots":{"index":"index","follow":"follow","max-snippet":"max-snippet:-1","max-image-preview":"max-image-preview:large","max-video-preview":"max-video-preview:-1"},"canonical":"https:\/\/zapateneo.net\/wordpress\/index.php\/producto\/si-esta-calle-fuera-mia\/","og_locale":"es_ES","og_type":"article","og_title":"Si esta calle fuera m\u00cda &#8212; Zapateneo","og_description":"Kremser, Stefanie 9788416379187 - Entre Ambos - 2020 - 256 p\u00e1ginas \/orri.","og_url":"https:\/\/zapateneo.net\/wordpress\/index.php\/producto\/si-esta-calle-fuera-mia\/","og_site_name":"Zapateneo","article_modified_time":"2021-04-09T05:19:00+00:00","og_image":[{"width":234,"height":350,"url":"https:\/\/zapateneo.net\/wordpress\/wp-content\/uploads\/2021\/04\/var_www_vhosts_hontzanet_httpdocs_es_imagenes_9788416_978841637918.gif","type":"image\/gif"}],"twitter_card":"summary_large_image","twitter_site":"@zapateneo","twitter_misc":{"Tiempo de lectura":"2 minutos"},"schema":{"@context":"https:\/\/schema.org","@graph":[{"@type":"WebPage","@id":"https:\/\/zapateneo.net\/wordpress\/index.php\/producto\/si-esta-calle-fuera-mia\/","url":"https:\/\/zapateneo.net\/wordpress\/index.php\/producto\/si-esta-calle-fuera-mia\/","name":"Si esta calle fuera m\u00cda &#8212; Zapateneo","isPartOf":{"@id":"https:\/\/zapateneo.net\/wordpress\/#website"},"primaryImageOfPage":{"@id":"https:\/\/zapateneo.net\/wordpress\/index.php\/producto\/si-esta-calle-fuera-mia\/#primaryimage"},"image":{"@id":"https:\/\/zapateneo.net\/wordpress\/index.php\/producto\/si-esta-calle-fuera-mia\/#primaryimage"},"thumbnailUrl":"https:\/\/zapateneo.net\/wordpress\/wp-content\/uploads\/2021\/04\/var_www_vhosts_hontzanet_httpdocs_es_imagenes_9788416_978841637918.gif","datePublished":"2021-04-09T05:18:47+00:00","dateModified":"2021-04-09T05:19:00+00:00","breadcrumb":{"@id":"https:\/\/zapateneo.net\/wordpress\/index.php\/producto\/si-esta-calle-fuera-mia\/#breadcrumb"},"inLanguage":"es","potentialAction":[{"@type":"ReadAction","target":["https:\/\/zapateneo.net\/wordpress\/index.php\/producto\/si-esta-calle-fuera-mia\/"]}]},{"@type":"ImageObject","inLanguage":"es","@id":"https:\/\/zapateneo.net\/wordpress\/index.php\/producto\/si-esta-calle-fuera-mia\/#primaryimage","url":"https:\/\/zapateneo.net\/wordpress\/wp-content\/uploads\/2021\/04\/var_www_vhosts_hontzanet_httpdocs_es_imagenes_9788416_978841637918.gif","contentUrl":"https:\/\/zapateneo.net\/wordpress\/wp-content\/uploads\/2021\/04\/var_www_vhosts_hontzanet_httpdocs_es_imagenes_9788416_978841637918.gif","width":234,"height":350},{"@type":"BreadcrumbList","@id":"https:\/\/zapateneo.net\/wordpress\/index.php\/producto\/si-esta-calle-fuera-mia\/#breadcrumb","itemListElement":[{"@type":"ListItem","position":1,"name":"Portada","item":"https:\/\/zapateneo.net\/wordpress\/"},{"@type":"ListItem","position":2,"name":"Tienda","item":"https:\/\/zapateneo.net\/wordpress\/"},{"@type":"ListItem","position":3,"name":"Si esta calle fuera m\u00cda"}]},{"@type":"WebSite","@id":"https:\/\/zapateneo.net\/wordpress\/#website","url":"https:\/\/zapateneo.net\/wordpress\/","name":"Zapateneo","description":"Zapateneoaren webgunea","publisher":{"@id":"https:\/\/zapateneo.net\/wordpress\/#organization"},"potentialAction":[{"@type":"SearchAction","target":{"@type":"EntryPoint","urlTemplate":"https:\/\/zapateneo.net\/wordpress\/?s={search_term_string}"},"query-input":{"@type":"PropertyValueSpecification","valueRequired":true,"valueName":"search_term_string"}}],"inLanguage":"es"},{"@type":"Organization","@id":"https:\/\/zapateneo.net\/wordpress\/#organization","name":"Zapateneo Kultur Elkartea","url":"https:\/\/zapateneo.net\/wordpress\/","logo":{"@type":"ImageObject","inLanguage":"es","@id":"https:\/\/zapateneo.net\/wordpress\/#\/schema\/logo\/image\/","url":"https:\/\/zapateneo.net\/wordpress\/wp-content\/uploads\/2021\/04\/zap-libu-kolec.jpg","contentUrl":"https:\/\/zapateneo.net\/wordpress\/wp-content\/uploads\/2021\/04\/zap-libu-kolec.jpg","width":2234,"height":398,"caption":"Zapateneo Kultur Elkartea"},"image":{"@id":"https:\/\/zapateneo.net\/wordpress\/#\/schema\/logo\/image\/"},"sameAs":["https:\/\/x.com\/zapateneo"]}]}},"_links":{"self":[{"href":"https:\/\/zapateneo.net\/wordpress\/index.php\/wp-json\/wp\/v2\/product\/5800","targetHints":{"allow":["GET"]}}],"collection":[{"href":"https:\/\/zapateneo.net\/wordpress\/index.php\/wp-json\/wp\/v2\/product"}],"about":[{"href":"https:\/\/zapateneo.net\/wordpress\/index.php\/wp-json\/wp\/v2\/types\/product"}],"wp:featuredmedia":[{"embeddable":true,"href":"https:\/\/zapateneo.net\/wordpress\/index.php\/wp-json\/wp\/v2\/media\/5830"}],"wp:attachment":[{"href":"https:\/\/zapateneo.net\/wordpress\/index.php\/wp-json\/wp\/v2\/media?parent=5800"}],"wp:term":[{"taxonomy":"product_brand","embeddable":true,"href":"https:\/\/zapateneo.net\/wordpress\/index.php\/wp-json\/wp\/v2\/product_brand?post=5800"},{"taxonomy":"product_cat","embeddable":true,"href":"https:\/\/zapateneo.net\/wordpress\/index.php\/wp-json\/wp\/v2\/product_cat?post=5800"},{"taxonomy":"product_tag","embeddable":true,"href":"https:\/\/zapateneo.net\/wordpress\/index.php\/wp-json\/wp\/v2\/product_tag?post=5800"}],"curies":[{"name":"wp","href":"https:\/\/api.w.org\/{rel}","templated":true}]}}