{"id":5766,"date":"2021-04-08T17:14:58","date_gmt":"2021-04-08T16:14:58","guid":{"rendered":"https:\/\/zapateneo.net\/wordpress\/?post_type=product&#038;p=5766"},"modified":"2021-04-08T17:15:33","modified_gmt":"2021-04-08T16:15:33","slug":"la-mediacion-en-el-ambito-escolar","status":"publish","type":"product","link":"https:\/\/zapateneo.net\/wordpress\/index.php\/producto\/la-mediacion-en-el-ambito-escolar\/","title":{"rendered":"LA MEDIACI\u00d3N EN EL \u00c1MBITO ESCOLAR"},"content":{"rendered":"<p><span><\/p>\n<p>&nbsp;<\/p>\n<p><span><\/p>\n<p>&nbsp;<\/p>\n<p><span><\/p>\n<p>&nbsp;<\/p>\n<p><span><\/p>\n<p>&nbsp;<\/p>\n<p><span><\/p>\n<p>LA MEDIACION EN EL AMBITO ESCOLAR<\/p>\n<p><span style=\"text-decoration: underline;\">Aurkibidea<\/span>:<\/p>\n<p><span>Introducci&oacute;n<br \/> Hacia un cambio de cultura<\/span><\/p>\n<p><\/span><\/p>\n<p>&nbsp;Guy Dechaux, Jo&euml;lle Timmermans<\/p>\n<p>pags. 5-10<\/p>\n<p> Perspectivas generales<\/p>\n<p> El desarrollo emocional y social en el <br \/> programa escolar<\/p>\n<p>Jeannine Blomart<\/p>\n<p>pags. 11-20<\/p>\n<p> Autoridad del profesorado y mediaci&oacute;n <br \/> pedag&oacute;gica<\/p>\n<p>Bernard Rey<\/p>\n<p>pags. 21-30<\/p>\n<p> La justicia restauradora en las escuelas<\/p>\n<p>Belinda Hopkins<\/p>\n<p>pags. 31-38<\/p>\n<p> Mediaci&oacute;n o psicoan&aacute;lisis en la escuela<\/p>\n<p>Violaine Cl&eacute;ment<\/p>\n<p>pags. 39-56<\/p>\n<p> Experiencias en diferentes pa&iacute;ses<\/p>\n<p> Qu&eacute;bec: la mediaci&oacute;n entre iguales <br \/> practicada por alumnos con dificultades<\/p>\n<p>Claire Beaumont<\/p>\n<p>pags. 57-68<\/p>\n<p> Alemania: &iquest;una \u00abmoda\u00bb o una nueva forma de <br \/> gestionar los conflictos?<\/p>\n<p>Consolata<br \/>\n Peyron, Susanne Schuler<\/p>\n<p>pags. 69-80<\/p>\n<p> Francia: una gama de actividades al <br \/> servicio de la educaci&oacute;n para la ciudadan&iacute;a<\/p>\n<p>Marianne Souquet<\/p>\n<p>pags. 81-90<\/p>\n<p> Espa&ntilde;a: implicaci&oacute;n de los padres en la <br \/> resoluci&oacute;n de conflictos: la mediaci&oacute;n como <br \/> recurso<\/p>\n<p>Carmen Ricou Barcel&oacute;<\/p>\n<p>pags. 91-102<\/p>\n<p> Espa&ntilde;a: un espacio de libertad<\/p>\n<p>Merc&egrave; Otero Vidal<\/p>\n<p>pags. 103-108<\/p>\n<p>&nbsp;<\/p>\n<p>&nbsp;<\/p>\n<p>&nbsp;<\/p>\n<p>&nbsp;<\/p>\n<p><\/span><\/p>\n<p>&nbsp;<\/p>\n<p><\/span><\/p>\n<p>&nbsp;<\/p>\n<p><\/span><\/p>\n<p>&nbsp;<\/p>\n<p><\/span><\/p>\n","protected":false},"excerpt":{"rendered":"<p><strong>vvaa<\/strong><br \/>\n2006042100034 &#8211; HACER &#8211; 2006 &#8211; 120 p\u00e1ginas \/orri.<\/p>\n","protected":false},"featured_media":5792,"template":"","meta":[],"product_brand":[],"product_cat":[186,16],"product_tag":[1122],"class_list":{"0":"post-5766","1":"product","2":"type-product","3":"status-publish","4":"has-post-thumbnail","6":"product_cat-hezkuntza-educacion","7":"product_cat-libros","8":"product_tag-hacer","10":"first","11":"instock","12":"sold-individually","13":"shipping-taxable","14":"purchasable","15":"product-type-simple"},"yoast_head":"<!-- This site is optimized with the Yoast SEO plugin v27.3 - https:\/\/yoast.com\/product\/yoast-seo-wordpress\/ -->\n<title>LA MEDIACI\u00d3N EN EL \u00c1MBITO ESCOLAR &#8212; Zapateneo<\/title>\n<meta name=\"robots\" content=\"index, follow, max-snippet:-1, max-image-preview:large, max-video-preview:-1\" \/>\n<link rel=\"canonical\" href=\"https:\/\/zapateneo.net\/wordpress\/index.php\/producto\/la-mediacion-en-el-ambito-escolar\/\" \/>\n<meta property=\"og:locale\" content=\"es_ES\" \/>\n<meta property=\"og:type\" content=\"article\" \/>\n<meta property=\"og:title\" content=\"LA MEDIACI\u00d3N EN EL \u00c1MBITO ESCOLAR &#8212; Zapateneo\" \/>\n<meta property=\"og:description\" content=\"vvaa 2006042100034 - HACER - 2006 - 120 p\u00e1ginas \/orri.\" \/>\n<meta property=\"og:url\" content=\"https:\/\/zapateneo.net\/wordpress\/index.php\/producto\/la-mediacion-en-el-ambito-escolar\/\" \/>\n<meta property=\"og:site_name\" content=\"Zapateneo\" \/>\n<meta property=\"article:modified_time\" content=\"2021-04-08T16:15:33+00:00\" \/>\n<meta property=\"og:image\" content=\"https:\/\/zapateneo.net\/wordpress\/wp-content\/uploads\/2021\/04\/3681.jpg\" \/>\n\t<meta property=\"og:image:width\" content=\"256\" \/>\n\t<meta property=\"og:image:height\" content=\"350\" \/>\n\t<meta property=\"og:image:type\" content=\"image\/jpeg\" \/>\n<meta name=\"twitter:card\" content=\"summary_large_image\" \/>\n<meta name=\"twitter:site\" content=\"@zapateneo\" \/>\n<meta name=\"twitter:label1\" content=\"Tiempo de lectura\" \/>\n\t<meta name=\"twitter:data1\" content=\"1 minuto\" \/>\n<script type=\"application\/ld+json\" class=\"yoast-schema-graph\">{\"@context\":\"https:\\\/\\\/schema.org\",\"@graph\":[{\"@type\":\"WebPage\",\"@id\":\"https:\\\/\\\/zapateneo.net\\\/wordpress\\\/index.php\\\/producto\\\/la-mediacion-en-el-ambito-escolar\\\/\",\"url\":\"https:\\\/\\\/zapateneo.net\\\/wordpress\\\/index.php\\\/producto\\\/la-mediacion-en-el-ambito-escolar\\\/\",\"name\":\"LA MEDIACI\u00d3N EN EL \u00c1MBITO ESCOLAR &#8212; Zapateneo\",\"isPartOf\":{\"@id\":\"https:\\\/\\\/zapateneo.net\\\/wordpress\\\/#website\"},\"primaryImageOfPage\":{\"@id\":\"https:\\\/\\\/zapateneo.net\\\/wordpress\\\/index.php\\\/producto\\\/la-mediacion-en-el-ambito-escolar\\\/#primaryimage\"},\"image\":{\"@id\":\"https:\\\/\\\/zapateneo.net\\\/wordpress\\\/index.php\\\/producto\\\/la-mediacion-en-el-ambito-escolar\\\/#primaryimage\"},\"thumbnailUrl\":\"https:\\\/\\\/zapateneo.net\\\/wordpress\\\/wp-content\\\/uploads\\\/2021\\\/04\\\/3681.jpg\",\"datePublished\":\"2021-04-08T16:14:58+00:00\",\"dateModified\":\"2021-04-08T16:15:33+00:00\",\"breadcrumb\":{\"@id\":\"https:\\\/\\\/zapateneo.net\\\/wordpress\\\/index.php\\\/producto\\\/la-mediacion-en-el-ambito-escolar\\\/#breadcrumb\"},\"inLanguage\":\"es\",\"potentialAction\":[{\"@type\":\"ReadAction\",\"target\":[\"https:\\\/\\\/zapateneo.net\\\/wordpress\\\/index.php\\\/producto\\\/la-mediacion-en-el-ambito-escolar\\\/\"]}]},{\"@type\":\"ImageObject\",\"inLanguage\":\"es\",\"@id\":\"https:\\\/\\\/zapateneo.net\\\/wordpress\\\/index.php\\\/producto\\\/la-mediacion-en-el-ambito-escolar\\\/#primaryimage\",\"url\":\"https:\\\/\\\/zapateneo.net\\\/wordpress\\\/wp-content\\\/uploads\\\/2021\\\/04\\\/3681.jpg\",\"contentUrl\":\"https:\\\/\\\/zapateneo.net\\\/wordpress\\\/wp-content\\\/uploads\\\/2021\\\/04\\\/3681.jpg\",\"width\":256,\"height\":350},{\"@type\":\"BreadcrumbList\",\"@id\":\"https:\\\/\\\/zapateneo.net\\\/wordpress\\\/index.php\\\/producto\\\/la-mediacion-en-el-ambito-escolar\\\/#breadcrumb\",\"itemListElement\":[{\"@type\":\"ListItem\",\"position\":1,\"name\":\"Portada\",\"item\":\"https:\\\/\\\/zapateneo.net\\\/wordpress\\\/\"},{\"@type\":\"ListItem\",\"position\":2,\"name\":\"Tienda\",\"item\":\"https:\\\/\\\/zapateneo.net\\\/wordpress\\\/\"},{\"@type\":\"ListItem\",\"position\":3,\"name\":\"LA MEDIACI\u00d3N EN EL \u00c1MBITO ESCOLAR\"}]},{\"@type\":\"WebSite\",\"@id\":\"https:\\\/\\\/zapateneo.net\\\/wordpress\\\/#website\",\"url\":\"https:\\\/\\\/zapateneo.net\\\/wordpress\\\/\",\"name\":\"Zapateneo\",\"description\":\"Zapateneoaren webgunea\",\"publisher\":{\"@id\":\"https:\\\/\\\/zapateneo.net\\\/wordpress\\\/#organization\"},\"potentialAction\":[{\"@type\":\"SearchAction\",\"target\":{\"@type\":\"EntryPoint\",\"urlTemplate\":\"https:\\\/\\\/zapateneo.net\\\/wordpress\\\/?s={search_term_string}\"},\"query-input\":{\"@type\":\"PropertyValueSpecification\",\"valueRequired\":true,\"valueName\":\"search_term_string\"}}],\"inLanguage\":\"es\"},{\"@type\":\"Organization\",\"@id\":\"https:\\\/\\\/zapateneo.net\\\/wordpress\\\/#organization\",\"name\":\"Zapateneo Kultur Elkartea\",\"url\":\"https:\\\/\\\/zapateneo.net\\\/wordpress\\\/\",\"logo\":{\"@type\":\"ImageObject\",\"inLanguage\":\"es\",\"@id\":\"https:\\\/\\\/zapateneo.net\\\/wordpress\\\/#\\\/schema\\\/logo\\\/image\\\/\",\"url\":\"https:\\\/\\\/zapateneo.net\\\/wordpress\\\/wp-content\\\/uploads\\\/2021\\\/04\\\/zap-libu-kolec.jpg\",\"contentUrl\":\"https:\\\/\\\/zapateneo.net\\\/wordpress\\\/wp-content\\\/uploads\\\/2021\\\/04\\\/zap-libu-kolec.jpg\",\"width\":2234,\"height\":398,\"caption\":\"Zapateneo Kultur Elkartea\"},\"image\":{\"@id\":\"https:\\\/\\\/zapateneo.net\\\/wordpress\\\/#\\\/schema\\\/logo\\\/image\\\/\"},\"sameAs\":[\"https:\\\/\\\/x.com\\\/zapateneo\"]}]}<\/script>\n<!-- \/ Yoast SEO plugin. -->","yoast_head_json":{"title":"LA MEDIACI\u00d3N EN EL \u00c1MBITO ESCOLAR &#8212; Zapateneo","robots":{"index":"index","follow":"follow","max-snippet":"max-snippet:-1","max-image-preview":"max-image-preview:large","max-video-preview":"max-video-preview:-1"},"canonical":"https:\/\/zapateneo.net\/wordpress\/index.php\/producto\/la-mediacion-en-el-ambito-escolar\/","og_locale":"es_ES","og_type":"article","og_title":"LA MEDIACI\u00d3N EN EL \u00c1MBITO ESCOLAR &#8212; Zapateneo","og_description":"vvaa 2006042100034 - HACER - 2006 - 120 p\u00e1ginas \/orri.","og_url":"https:\/\/zapateneo.net\/wordpress\/index.php\/producto\/la-mediacion-en-el-ambito-escolar\/","og_site_name":"Zapateneo","article_modified_time":"2021-04-08T16:15:33+00:00","og_image":[{"width":256,"height":350,"url":"https:\/\/zapateneo.net\/wordpress\/wp-content\/uploads\/2021\/04\/3681.jpg","type":"image\/jpeg"}],"twitter_card":"summary_large_image","twitter_site":"@zapateneo","twitter_misc":{"Tiempo de lectura":"1 minuto"},"schema":{"@context":"https:\/\/schema.org","@graph":[{"@type":"WebPage","@id":"https:\/\/zapateneo.net\/wordpress\/index.php\/producto\/la-mediacion-en-el-ambito-escolar\/","url":"https:\/\/zapateneo.net\/wordpress\/index.php\/producto\/la-mediacion-en-el-ambito-escolar\/","name":"LA MEDIACI\u00d3N EN EL \u00c1MBITO ESCOLAR &#8212; Zapateneo","isPartOf":{"@id":"https:\/\/zapateneo.net\/wordpress\/#website"},"primaryImageOfPage":{"@id":"https:\/\/zapateneo.net\/wordpress\/index.php\/producto\/la-mediacion-en-el-ambito-escolar\/#primaryimage"},"image":{"@id":"https:\/\/zapateneo.net\/wordpress\/index.php\/producto\/la-mediacion-en-el-ambito-escolar\/#primaryimage"},"thumbnailUrl":"https:\/\/zapateneo.net\/wordpress\/wp-content\/uploads\/2021\/04\/3681.jpg","datePublished":"2021-04-08T16:14:58+00:00","dateModified":"2021-04-08T16:15:33+00:00","breadcrumb":{"@id":"https:\/\/zapateneo.net\/wordpress\/index.php\/producto\/la-mediacion-en-el-ambito-escolar\/#breadcrumb"},"inLanguage":"es","potentialAction":[{"@type":"ReadAction","target":["https:\/\/zapateneo.net\/wordpress\/index.php\/producto\/la-mediacion-en-el-ambito-escolar\/"]}]},{"@type":"ImageObject","inLanguage":"es","@id":"https:\/\/zapateneo.net\/wordpress\/index.php\/producto\/la-mediacion-en-el-ambito-escolar\/#primaryimage","url":"https:\/\/zapateneo.net\/wordpress\/wp-content\/uploads\/2021\/04\/3681.jpg","contentUrl":"https:\/\/zapateneo.net\/wordpress\/wp-content\/uploads\/2021\/04\/3681.jpg","width":256,"height":350},{"@type":"BreadcrumbList","@id":"https:\/\/zapateneo.net\/wordpress\/index.php\/producto\/la-mediacion-en-el-ambito-escolar\/#breadcrumb","itemListElement":[{"@type":"ListItem","position":1,"name":"Portada","item":"https:\/\/zapateneo.net\/wordpress\/"},{"@type":"ListItem","position":2,"name":"Tienda","item":"https:\/\/zapateneo.net\/wordpress\/"},{"@type":"ListItem","position":3,"name":"LA MEDIACI\u00d3N EN EL \u00c1MBITO ESCOLAR"}]},{"@type":"WebSite","@id":"https:\/\/zapateneo.net\/wordpress\/#website","url":"https:\/\/zapateneo.net\/wordpress\/","name":"Zapateneo","description":"Zapateneoaren webgunea","publisher":{"@id":"https:\/\/zapateneo.net\/wordpress\/#organization"},"potentialAction":[{"@type":"SearchAction","target":{"@type":"EntryPoint","urlTemplate":"https:\/\/zapateneo.net\/wordpress\/?s={search_term_string}"},"query-input":{"@type":"PropertyValueSpecification","valueRequired":true,"valueName":"search_term_string"}}],"inLanguage":"es"},{"@type":"Organization","@id":"https:\/\/zapateneo.net\/wordpress\/#organization","name":"Zapateneo Kultur Elkartea","url":"https:\/\/zapateneo.net\/wordpress\/","logo":{"@type":"ImageObject","inLanguage":"es","@id":"https:\/\/zapateneo.net\/wordpress\/#\/schema\/logo\/image\/","url":"https:\/\/zapateneo.net\/wordpress\/wp-content\/uploads\/2021\/04\/zap-libu-kolec.jpg","contentUrl":"https:\/\/zapateneo.net\/wordpress\/wp-content\/uploads\/2021\/04\/zap-libu-kolec.jpg","width":2234,"height":398,"caption":"Zapateneo Kultur Elkartea"},"image":{"@id":"https:\/\/zapateneo.net\/wordpress\/#\/schema\/logo\/image\/"},"sameAs":["https:\/\/x.com\/zapateneo"]}]}},"_links":{"self":[{"href":"https:\/\/zapateneo.net\/wordpress\/index.php\/wp-json\/wp\/v2\/product\/5766","targetHints":{"allow":["GET"]}}],"collection":[{"href":"https:\/\/zapateneo.net\/wordpress\/index.php\/wp-json\/wp\/v2\/product"}],"about":[{"href":"https:\/\/zapateneo.net\/wordpress\/index.php\/wp-json\/wp\/v2\/types\/product"}],"wp:featuredmedia":[{"embeddable":true,"href":"https:\/\/zapateneo.net\/wordpress\/index.php\/wp-json\/wp\/v2\/media\/5792"}],"wp:attachment":[{"href":"https:\/\/zapateneo.net\/wordpress\/index.php\/wp-json\/wp\/v2\/media?parent=5766"}],"wp:term":[{"taxonomy":"product_brand","embeddable":true,"href":"https:\/\/zapateneo.net\/wordpress\/index.php\/wp-json\/wp\/v2\/product_brand?post=5766"},{"taxonomy":"product_cat","embeddable":true,"href":"https:\/\/zapateneo.net\/wordpress\/index.php\/wp-json\/wp\/v2\/product_cat?post=5766"},{"taxonomy":"product_tag","embeddable":true,"href":"https:\/\/zapateneo.net\/wordpress\/index.php\/wp-json\/wp\/v2\/product_tag?post=5766"}],"curies":[{"name":"wp","href":"https:\/\/api.w.org\/{rel}","templated":true}]}}