{"id":5691,"date":"2021-04-08T17:13:10","date_gmt":"2021-04-08T16:13:10","guid":{"rendered":"https:\/\/zapateneo.net\/wordpress\/?post_type=product&#038;p=5691"},"modified":"2022-01-03T09:50:22","modified_gmt":"2022-01-03T08:50:22","slug":"dejadnos-crecer-menores-migrantes-bajo-tutela-institucional","status":"publish","type":"product","link":"https:\/\/zapateneo.net\/wordpress\/index.php\/producto\/dejadnos-crecer-menores-migrantes-bajo-tutela-institucional\/","title":{"rendered":"Dejadnos crecer. Menores migrantes bajo tutela institucional"},"content":{"rendered":"<div>\n<p>Dejadnos crecer intenta franquear desde una perspectiva multidisciplinar<br \/>\nesa enorme barrera que rodea la realidad de los menores migrantes en el Estado espa\u00f1ol. Es una llamada general a seguir de cerca la situaci\u00f3n de este colectivo de ni\u00f1os, ni\u00f1as y adolescentes aut\u00f3nomos y audaces que, despu\u00e9s de cruzar las fronteras, encuentran en Europa infinidad de trabas legales y sociales, que dificultan su proyecto migratorio y un<br \/>\nfuturo tantas veces so\u00f1ado en sus pa\u00edses de origen. Los entresijos del sistema de protecci\u00f3n a la infancia, la realidad de los centros de acogida y el abandono institucional al cumplir 18 a\u00f1os son el crudo hilo argumental de estos textos, redactados tanto desde la academia como desde la experiencia del trabajo social. Quienes escriben, han apostado, independientemente de su formaci\u00f3n, por adentrarse en la compleja<br \/>\ntrama que rodea a este grupo de j\u00f3venes y compartir camino,<br \/>\napoy\u00e1ndolos y aprendiendo de ellos<\/p>\n<p>Todas las personas que hemos participado en la elaboraci\u00f3n de este libro trabajamos desde el mundo acad\u00e9mico y\/o como educadores o educadoras, y somos activistas en diferentes espacios relacionados con la infancia y la juventud y la educaci\u00f3n. A pesar de las cr\u00edticas al sistema de acogida y ayuda a los menores, seguimos pensando que es necesario que existan estructuras de acogida y apoyo, pero sobre bases educativas muy diferentes a las actuales.<\/p>\n<\/div>\n<div class=\"row\">\n<div class=\"col-12 col-12-small\">\n<p>Pr\u00f3logo de <strong>Enrique Mart\u00ednez Reguera<\/strong><\/p>\n<\/div>\n<\/div>\n<div>\n<p><a href=\"http:\/\/www.viruseditorial.net\/file\/mailing-dejadnos-crecer.pdf\"><strong>Ficha<\/strong><\/a><\/p>\n<\/div>\n<p><a href=\"http:\/\/www.viruseditorial.net\/pags\/noticia.php?id=537\" target=\"_blank\" rel=\"noopener\">Cuando el Estado es una mala madrastra<\/a>\u00a0(Ignacio Gonz\u00e1lez,\u00a0<em>Revista Rambl@<\/em>)<\/p>\n<p><a href=\"http:\/\/www.viruseditorial.net\/pags\/noticia.php?id=553\" target=\"_blank\" rel=\"noopener\">\u00abLos chicos que salen felices de los centros de menores lo hacen a pesar del sistema, no gracias a \u00e9l\u00bb<\/a>\u00a0(N\u00faria Empez,\u00a0<em>eldiario.es<\/em>)<\/p>\n<p><a href=\"http:\/\/www.viruseditorial.net\/pags\/noticia.php?id=552\">\u00abTratan a los menores como un problema del que protegerse\u00bb<\/a>\u00a0(N\u00faria Empez,\u00a0<em>Diagonal<\/em>)<\/p>\n<p><a href=\"http:\/\/cadenaser.com\/programa\/2014\/11\/21\/a_vivir_que_son_dos_dias\/1416575069_774481.html\" target=\"_blank\" rel=\"noopener\">\u00abCuando los menores acaban la mayor\u00eda de edad quedan en la calle y sin recursos ni permiso de trabajo\u00bb<\/a>\u00a0(N\u00faria Empez,\u00a0<em>Cadena Ser<\/em>)<\/p>\n<p><a href=\"http:\/\/www.viruseditorial.net\/pags\/noticia.php?id=558\" target=\"_blank\" rel=\"noopener\">\u00abNosotras no estamos de acuerdo con los mecanismos de contenci\u00f3n y aislamiento\u00bb<\/a>\u00a0(N\u00faria Empez,\u00a0<em>Canal Sur Radio<\/em>)<\/p>\n<p><a href=\"http:\/\/www.viruseditorial.net\/pags\/noticia.php?id=572\" target=\"_blank\" rel=\"noopener\">\u00abDejadnos crecer abarca de una manera amplia la situaci\u00f3n de los chavales en el sistema de protecci\u00f3n\u00bb<\/a>\u00a0(N\u00faria Empez,\u00a0<em>Los Sonidos de mi Barrio<\/em>)<\/p>\n<p><a href=\"http:\/\/www.viruseditorial.net\/pags\/noticia.php?id=576\" target=\"_blank\" rel=\"noopener\">\u00abUna apuesta sincera de responsabilidad, denuncia y reflexi\u00f3n\u00bb<\/a>\u00a0(Neus Llop,\u00a0<em>La Huella Digital<\/em>)<\/p>\n<p><a href=\"http:\/\/viruseditorial.net\/pags\/noticia.php?id=579\" target=\"_blank\" rel=\"noopener\">Un manifest per denunciar les l\u00f2giques de control a qu\u00e8 s\u00f3n sotmeses totes les menors<\/a>\u00a0(Guille Larios,\u00a0<em>La Intervia<\/em>)<\/p>\n<p><a href=\"http:\/\/www.viruseditorial.net\/editorial\/noticia\/589\" target=\"_blank\" rel=\"noopener\">Deixeu-los cr\u00e9ixer<\/a>\u00a0(Pau Lanao,\u00a0<em>El Punt-Avui<\/em>)<\/p>\n<p><a href=\"http:\/\/www.viruseditorial.net\/editorial\/noticia\/601\" target=\"_blank\" rel=\"noopener\">Infants i migrants: discriminaci\u00f3 per partida doble<\/a>\u00a0(David Bou,\u00a0<em>Directa<\/em>)<\/p>\n<hr \/>\n<div>\n<h2><a href=\"https:\/\/www.viruseditorial.net\/es\/editorial\/descargar-pdf\" target=\"_blank\" rel=\"noopener\">Libro en libre descarga de Virus Editorial<\/a><\/h2>\n<\/div>\n<aside class=\"mashsb-container mashsb-main mashsb-stretched\">\n<div class=\"mashsb-box\">\n<div class=\"mashsb-count mash-large\"><\/div>\n<\/div>\n<\/aside>\n","protected":false},"excerpt":{"rendered":"<p><strong>vvaa<\/strong><br \/>\n9788492559565 &#8211; Virus &#8211; 2014 &#8211; 299 p\u00e1ginas \/orri.<\/p>\n","protected":false},"featured_media":5747,"template":"","meta":[],"product_brand":[],"product_cat":[186,16],"product_tag":[4626,57],"class_list":{"0":"post-5691","1":"product","2":"type-product","3":"status-publish","4":"has-post-thumbnail","6":"product_cat-hezkuntza-educacion","7":"product_cat-libros","8":"product_tag-deskargak","9":"product_tag-virus","11":"first","12":"instock","13":"sold-individually","14":"shipping-taxable","15":"purchasable","16":"product-type-simple"},"yoast_head":"<!-- This site is optimized with the Yoast SEO plugin v27.3 - https:\/\/yoast.com\/product\/yoast-seo-wordpress\/ -->\n<title>Dejadnos crecer. Menores migrantes bajo tutela institucional &#8212; Zapateneo<\/title>\n<meta name=\"robots\" content=\"index, follow, max-snippet:-1, max-image-preview:large, max-video-preview:-1\" \/>\n<link rel=\"canonical\" href=\"https:\/\/zapateneo.net\/wordpress\/index.php\/producto\/dejadnos-crecer-menores-migrantes-bajo-tutela-institucional\/\" \/>\n<meta property=\"og:locale\" content=\"es_ES\" \/>\n<meta property=\"og:type\" content=\"article\" \/>\n<meta property=\"og:title\" content=\"Dejadnos crecer. Menores migrantes bajo tutela institucional &#8212; Zapateneo\" \/>\n<meta property=\"og:description\" content=\"vvaa 9788492559565 - Virus - 2014 - 299 p\u00e1ginas \/orri.\" \/>\n<meta property=\"og:url\" content=\"https:\/\/zapateneo.net\/wordpress\/index.php\/producto\/dejadnos-crecer-menores-migrantes-bajo-tutela-institucional\/\" \/>\n<meta property=\"og:site_name\" content=\"Zapateneo\" \/>\n<meta property=\"article:modified_time\" content=\"2022-01-03T08:50:22+00:00\" \/>\n<meta property=\"og:image\" content=\"https:\/\/zapateneo.net\/wordpress\/wp-content\/uploads\/2021\/04\/8011.jpg\" \/>\n\t<meta property=\"og:image:width\" content=\"120\" \/>\n\t<meta property=\"og:image:height\" content=\"177\" \/>\n\t<meta property=\"og:image:type\" content=\"image\/jpeg\" \/>\n<meta name=\"twitter:card\" content=\"summary_large_image\" \/>\n<meta name=\"twitter:site\" content=\"@zapateneo\" \/>\n<meta name=\"twitter:label1\" content=\"Tiempo de lectura\" \/>\n\t<meta name=\"twitter:data1\" content=\"2 minutos\" \/>\n<script type=\"application\/ld+json\" class=\"yoast-schema-graph\">{\"@context\":\"https:\\\/\\\/schema.org\",\"@graph\":[{\"@type\":\"WebPage\",\"@id\":\"https:\\\/\\\/zapateneo.net\\\/wordpress\\\/index.php\\\/producto\\\/dejadnos-crecer-menores-migrantes-bajo-tutela-institucional\\\/\",\"url\":\"https:\\\/\\\/zapateneo.net\\\/wordpress\\\/index.php\\\/producto\\\/dejadnos-crecer-menores-migrantes-bajo-tutela-institucional\\\/\",\"name\":\"Dejadnos crecer. Menores migrantes bajo tutela institucional &#8212; Zapateneo\",\"isPartOf\":{\"@id\":\"https:\\\/\\\/zapateneo.net\\\/wordpress\\\/#website\"},\"primaryImageOfPage\":{\"@id\":\"https:\\\/\\\/zapateneo.net\\\/wordpress\\\/index.php\\\/producto\\\/dejadnos-crecer-menores-migrantes-bajo-tutela-institucional\\\/#primaryimage\"},\"image\":{\"@id\":\"https:\\\/\\\/zapateneo.net\\\/wordpress\\\/index.php\\\/producto\\\/dejadnos-crecer-menores-migrantes-bajo-tutela-institucional\\\/#primaryimage\"},\"thumbnailUrl\":\"https:\\\/\\\/zapateneo.net\\\/wordpress\\\/wp-content\\\/uploads\\\/2021\\\/04\\\/8011.jpg\",\"datePublished\":\"2021-04-08T16:13:10+00:00\",\"dateModified\":\"2022-01-03T08:50:22+00:00\",\"breadcrumb\":{\"@id\":\"https:\\\/\\\/zapateneo.net\\\/wordpress\\\/index.php\\\/producto\\\/dejadnos-crecer-menores-migrantes-bajo-tutela-institucional\\\/#breadcrumb\"},\"inLanguage\":\"es\",\"potentialAction\":[{\"@type\":\"ReadAction\",\"target\":[\"https:\\\/\\\/zapateneo.net\\\/wordpress\\\/index.php\\\/producto\\\/dejadnos-crecer-menores-migrantes-bajo-tutela-institucional\\\/\"]}]},{\"@type\":\"ImageObject\",\"inLanguage\":\"es\",\"@id\":\"https:\\\/\\\/zapateneo.net\\\/wordpress\\\/index.php\\\/producto\\\/dejadnos-crecer-menores-migrantes-bajo-tutela-institucional\\\/#primaryimage\",\"url\":\"https:\\\/\\\/zapateneo.net\\\/wordpress\\\/wp-content\\\/uploads\\\/2021\\\/04\\\/8011.jpg\",\"contentUrl\":\"https:\\\/\\\/zapateneo.net\\\/wordpress\\\/wp-content\\\/uploads\\\/2021\\\/04\\\/8011.jpg\",\"width\":120,\"height\":177},{\"@type\":\"BreadcrumbList\",\"@id\":\"https:\\\/\\\/zapateneo.net\\\/wordpress\\\/index.php\\\/producto\\\/dejadnos-crecer-menores-migrantes-bajo-tutela-institucional\\\/#breadcrumb\",\"itemListElement\":[{\"@type\":\"ListItem\",\"position\":1,\"name\":\"Portada\",\"item\":\"https:\\\/\\\/zapateneo.net\\\/wordpress\\\/\"},{\"@type\":\"ListItem\",\"position\":2,\"name\":\"Tienda\",\"item\":\"https:\\\/\\\/zapateneo.net\\\/wordpress\\\/\"},{\"@type\":\"ListItem\",\"position\":3,\"name\":\"Dejadnos crecer. Menores migrantes bajo tutela institucional\"}]},{\"@type\":\"WebSite\",\"@id\":\"https:\\\/\\\/zapateneo.net\\\/wordpress\\\/#website\",\"url\":\"https:\\\/\\\/zapateneo.net\\\/wordpress\\\/\",\"name\":\"Zapateneo\",\"description\":\"Zapateneoaren webgunea\",\"publisher\":{\"@id\":\"https:\\\/\\\/zapateneo.net\\\/wordpress\\\/#organization\"},\"potentialAction\":[{\"@type\":\"SearchAction\",\"target\":{\"@type\":\"EntryPoint\",\"urlTemplate\":\"https:\\\/\\\/zapateneo.net\\\/wordpress\\\/?s={search_term_string}\"},\"query-input\":{\"@type\":\"PropertyValueSpecification\",\"valueRequired\":true,\"valueName\":\"search_term_string\"}}],\"inLanguage\":\"es\"},{\"@type\":\"Organization\",\"@id\":\"https:\\\/\\\/zapateneo.net\\\/wordpress\\\/#organization\",\"name\":\"Zapateneo Kultur Elkartea\",\"url\":\"https:\\\/\\\/zapateneo.net\\\/wordpress\\\/\",\"logo\":{\"@type\":\"ImageObject\",\"inLanguage\":\"es\",\"@id\":\"https:\\\/\\\/zapateneo.net\\\/wordpress\\\/#\\\/schema\\\/logo\\\/image\\\/\",\"url\":\"https:\\\/\\\/zapateneo.net\\\/wordpress\\\/wp-content\\\/uploads\\\/2021\\\/04\\\/zap-libu-kolec.jpg\",\"contentUrl\":\"https:\\\/\\\/zapateneo.net\\\/wordpress\\\/wp-content\\\/uploads\\\/2021\\\/04\\\/zap-libu-kolec.jpg\",\"width\":2234,\"height\":398,\"caption\":\"Zapateneo Kultur Elkartea\"},\"image\":{\"@id\":\"https:\\\/\\\/zapateneo.net\\\/wordpress\\\/#\\\/schema\\\/logo\\\/image\\\/\"},\"sameAs\":[\"https:\\\/\\\/x.com\\\/zapateneo\"]}]}<\/script>\n<!-- \/ Yoast SEO plugin. -->","yoast_head_json":{"title":"Dejadnos crecer. Menores migrantes bajo tutela institucional &#8212; Zapateneo","robots":{"index":"index","follow":"follow","max-snippet":"max-snippet:-1","max-image-preview":"max-image-preview:large","max-video-preview":"max-video-preview:-1"},"canonical":"https:\/\/zapateneo.net\/wordpress\/index.php\/producto\/dejadnos-crecer-menores-migrantes-bajo-tutela-institucional\/","og_locale":"es_ES","og_type":"article","og_title":"Dejadnos crecer. Menores migrantes bajo tutela institucional &#8212; Zapateneo","og_description":"vvaa 9788492559565 - Virus - 2014 - 299 p\u00e1ginas \/orri.","og_url":"https:\/\/zapateneo.net\/wordpress\/index.php\/producto\/dejadnos-crecer-menores-migrantes-bajo-tutela-institucional\/","og_site_name":"Zapateneo","article_modified_time":"2022-01-03T08:50:22+00:00","og_image":[{"width":120,"height":177,"url":"https:\/\/zapateneo.net\/wordpress\/wp-content\/uploads\/2021\/04\/8011.jpg","type":"image\/jpeg"}],"twitter_card":"summary_large_image","twitter_site":"@zapateneo","twitter_misc":{"Tiempo de lectura":"2 minutos"},"schema":{"@context":"https:\/\/schema.org","@graph":[{"@type":"WebPage","@id":"https:\/\/zapateneo.net\/wordpress\/index.php\/producto\/dejadnos-crecer-menores-migrantes-bajo-tutela-institucional\/","url":"https:\/\/zapateneo.net\/wordpress\/index.php\/producto\/dejadnos-crecer-menores-migrantes-bajo-tutela-institucional\/","name":"Dejadnos crecer. Menores migrantes bajo tutela institucional &#8212; Zapateneo","isPartOf":{"@id":"https:\/\/zapateneo.net\/wordpress\/#website"},"primaryImageOfPage":{"@id":"https:\/\/zapateneo.net\/wordpress\/index.php\/producto\/dejadnos-crecer-menores-migrantes-bajo-tutela-institucional\/#primaryimage"},"image":{"@id":"https:\/\/zapateneo.net\/wordpress\/index.php\/producto\/dejadnos-crecer-menores-migrantes-bajo-tutela-institucional\/#primaryimage"},"thumbnailUrl":"https:\/\/zapateneo.net\/wordpress\/wp-content\/uploads\/2021\/04\/8011.jpg","datePublished":"2021-04-08T16:13:10+00:00","dateModified":"2022-01-03T08:50:22+00:00","breadcrumb":{"@id":"https:\/\/zapateneo.net\/wordpress\/index.php\/producto\/dejadnos-crecer-menores-migrantes-bajo-tutela-institucional\/#breadcrumb"},"inLanguage":"es","potentialAction":[{"@type":"ReadAction","target":["https:\/\/zapateneo.net\/wordpress\/index.php\/producto\/dejadnos-crecer-menores-migrantes-bajo-tutela-institucional\/"]}]},{"@type":"ImageObject","inLanguage":"es","@id":"https:\/\/zapateneo.net\/wordpress\/index.php\/producto\/dejadnos-crecer-menores-migrantes-bajo-tutela-institucional\/#primaryimage","url":"https:\/\/zapateneo.net\/wordpress\/wp-content\/uploads\/2021\/04\/8011.jpg","contentUrl":"https:\/\/zapateneo.net\/wordpress\/wp-content\/uploads\/2021\/04\/8011.jpg","width":120,"height":177},{"@type":"BreadcrumbList","@id":"https:\/\/zapateneo.net\/wordpress\/index.php\/producto\/dejadnos-crecer-menores-migrantes-bajo-tutela-institucional\/#breadcrumb","itemListElement":[{"@type":"ListItem","position":1,"name":"Portada","item":"https:\/\/zapateneo.net\/wordpress\/"},{"@type":"ListItem","position":2,"name":"Tienda","item":"https:\/\/zapateneo.net\/wordpress\/"},{"@type":"ListItem","position":3,"name":"Dejadnos crecer. Menores migrantes bajo tutela institucional"}]},{"@type":"WebSite","@id":"https:\/\/zapateneo.net\/wordpress\/#website","url":"https:\/\/zapateneo.net\/wordpress\/","name":"Zapateneo","description":"Zapateneoaren webgunea","publisher":{"@id":"https:\/\/zapateneo.net\/wordpress\/#organization"},"potentialAction":[{"@type":"SearchAction","target":{"@type":"EntryPoint","urlTemplate":"https:\/\/zapateneo.net\/wordpress\/?s={search_term_string}"},"query-input":{"@type":"PropertyValueSpecification","valueRequired":true,"valueName":"search_term_string"}}],"inLanguage":"es"},{"@type":"Organization","@id":"https:\/\/zapateneo.net\/wordpress\/#organization","name":"Zapateneo Kultur Elkartea","url":"https:\/\/zapateneo.net\/wordpress\/","logo":{"@type":"ImageObject","inLanguage":"es","@id":"https:\/\/zapateneo.net\/wordpress\/#\/schema\/logo\/image\/","url":"https:\/\/zapateneo.net\/wordpress\/wp-content\/uploads\/2021\/04\/zap-libu-kolec.jpg","contentUrl":"https:\/\/zapateneo.net\/wordpress\/wp-content\/uploads\/2021\/04\/zap-libu-kolec.jpg","width":2234,"height":398,"caption":"Zapateneo Kultur Elkartea"},"image":{"@id":"https:\/\/zapateneo.net\/wordpress\/#\/schema\/logo\/image\/"},"sameAs":["https:\/\/x.com\/zapateneo"]}]}},"_links":{"self":[{"href":"https:\/\/zapateneo.net\/wordpress\/index.php\/wp-json\/wp\/v2\/product\/5691","targetHints":{"allow":["GET"]}}],"collection":[{"href":"https:\/\/zapateneo.net\/wordpress\/index.php\/wp-json\/wp\/v2\/product"}],"about":[{"href":"https:\/\/zapateneo.net\/wordpress\/index.php\/wp-json\/wp\/v2\/types\/product"}],"wp:featuredmedia":[{"embeddable":true,"href":"https:\/\/zapateneo.net\/wordpress\/index.php\/wp-json\/wp\/v2\/media\/5747"}],"wp:attachment":[{"href":"https:\/\/zapateneo.net\/wordpress\/index.php\/wp-json\/wp\/v2\/media?parent=5691"}],"wp:term":[{"taxonomy":"product_brand","embeddable":true,"href":"https:\/\/zapateneo.net\/wordpress\/index.php\/wp-json\/wp\/v2\/product_brand?post=5691"},{"taxonomy":"product_cat","embeddable":true,"href":"https:\/\/zapateneo.net\/wordpress\/index.php\/wp-json\/wp\/v2\/product_cat?post=5691"},{"taxonomy":"product_tag","embeddable":true,"href":"https:\/\/zapateneo.net\/wordpress\/index.php\/wp-json\/wp\/v2\/product_tag?post=5691"}],"curies":[{"name":"wp","href":"https:\/\/api.w.org\/{rel}","templated":true}]}}