{"id":5685,"date":"2021-04-08T17:13:08","date_gmt":"2021-04-08T16:13:08","guid":{"rendered":"https:\/\/zapateneo.net\/wordpress\/?post_type=product&#038;p=5685"},"modified":"2021-12-26T18:44:14","modified_gmt":"2021-12-26T17:44:14","slug":"ninos-y-adolescentes-con-grandes-dificultades-la-revolucion-socioterapeutica","status":"publish","type":"product","link":"https:\/\/zapateneo.net\/wordpress\/index.php\/producto\/ninos-y-adolescentes-con-grandes-dificultades-la-revolucion-socioterapeutica\/","title":{"rendered":"NI\u00d1OS Y ADOLESCENTES CON GRANDES DIFICULTADES. LA REVOLUCION SOCIOTERAPEUTICA"},"content":{"rendered":"<p>La educaci\u00f3n especial se enfrenta a una revoluci\u00f3n: seg\u00fan el autor, m\u00e1s del 80% de los ni\u00f1os y adolescentes bajo cuidado son diagnosticados con S\u00edndrome de estr\u00e9s politraum\u00e1tico. El trabajo de Jean-Paul Gaillard, inspirado en particular por experiencias exitosas en muchos centros educativos y diversos tipos de instituciones, est\u00e1 respaldado por descubrimientos recientes en epigen\u00e9tica. Este \u00faltimo punto evidencia en los ni\u00f1os y adolescentes un proceso inhibitorio de los genes reguladores del estr\u00e9s. La ignorancia de este grave trastorno con demasiada frecuencia lleva a los profesionales de educaci\u00f3n especial a persistir en rituales \u00abeducativos\u00bb, que agravan las dificultades de estos j\u00f3venes. El modelo construido por el autor, al que llam\u00f3 Socioterapia, hace posible revertir este proceso gracias a una forma particular de apoyo.<\/p>\n","protected":false},"excerpt":{"rendered":"<p><strong>GAILLARD, JEAN-PAUL<\/strong><br \/>\n9788478848119 &#8211; POPULAR &#8211; 2020 &#8211; 324 p\u00e1ginas \/orri.<\/p>\n","protected":false},"featured_media":5731,"template":"","meta":[],"product_brand":[],"product_cat":[186,16],"product_tag":[3388,3592],"class_list":{"0":"post-5685","1":"product","2":"type-product","3":"status-publish","4":"has-post-thumbnail","6":"product_cat-hezkuntza-educacion","7":"product_cat-libros","8":"product_tag-gaillard","9":"product_tag-popular","11":"first","12":"instock","13":"sold-individually","14":"shipping-taxable","15":"purchasable","16":"product-type-simple"},"yoast_head":"<!-- This site is optimized with the Yoast SEO plugin v27.3 - https:\/\/yoast.com\/product\/yoast-seo-wordpress\/ -->\n<title>NI\u00d1OS Y ADOLESCENTES CON GRANDES DIFICULTADES. LA REVOLUCION SOCIOTERAPEUTICA &#8212; Zapateneo<\/title>\n<meta name=\"robots\" content=\"index, follow, max-snippet:-1, max-image-preview:large, max-video-preview:-1\" \/>\n<link rel=\"canonical\" href=\"https:\/\/zapateneo.net\/wordpress\/index.php\/producto\/ninos-y-adolescentes-con-grandes-dificultades-la-revolucion-socioterapeutica\/\" \/>\n<meta property=\"og:locale\" content=\"es_ES\" \/>\n<meta property=\"og:type\" content=\"article\" \/>\n<meta property=\"og:title\" content=\"NI\u00d1OS Y ADOLESCENTES CON GRANDES DIFICULTADES. LA REVOLUCION SOCIOTERAPEUTICA &#8212; Zapateneo\" \/>\n<meta property=\"og:description\" content=\"GAILLARD, JEAN-PAUL 9788478848119 - POPULAR - 2020 - 324 p\u00e1ginas \/orri.\" \/>\n<meta property=\"og:url\" content=\"https:\/\/zapateneo.net\/wordpress\/index.php\/producto\/ninos-y-adolescentes-con-grandes-dificultades-la-revolucion-socioterapeutica\/\" \/>\n<meta property=\"og:site_name\" content=\"Zapateneo\" \/>\n<meta property=\"article:modified_time\" content=\"2021-12-26T17:44:14+00:00\" \/>\n<meta property=\"og:image\" content=\"https:\/\/zapateneo.net\/wordpress\/wp-content\/uploads\/2021\/04\/nios_dificultades.gif\" \/>\n\t<meta property=\"og:image:width\" content=\"240\" \/>\n\t<meta property=\"og:image:height\" content=\"367\" \/>\n\t<meta property=\"og:image:type\" content=\"image\/gif\" \/>\n<meta name=\"twitter:card\" content=\"summary_large_image\" \/>\n<meta name=\"twitter:site\" content=\"@zapateneo\" \/>\n<meta name=\"twitter:label1\" content=\"Tiempo de lectura\" \/>\n\t<meta name=\"twitter:data1\" content=\"1 minuto\" \/>\n<script type=\"application\/ld+json\" class=\"yoast-schema-graph\">{\"@context\":\"https:\\\/\\\/schema.org\",\"@graph\":[{\"@type\":\"WebPage\",\"@id\":\"https:\\\/\\\/zapateneo.net\\\/wordpress\\\/index.php\\\/producto\\\/ninos-y-adolescentes-con-grandes-dificultades-la-revolucion-socioterapeutica\\\/\",\"url\":\"https:\\\/\\\/zapateneo.net\\\/wordpress\\\/index.php\\\/producto\\\/ninos-y-adolescentes-con-grandes-dificultades-la-revolucion-socioterapeutica\\\/\",\"name\":\"NI\u00d1OS Y ADOLESCENTES CON GRANDES DIFICULTADES. LA REVOLUCION SOCIOTERAPEUTICA &#8212; Zapateneo\",\"isPartOf\":{\"@id\":\"https:\\\/\\\/zapateneo.net\\\/wordpress\\\/#website\"},\"primaryImageOfPage\":{\"@id\":\"https:\\\/\\\/zapateneo.net\\\/wordpress\\\/index.php\\\/producto\\\/ninos-y-adolescentes-con-grandes-dificultades-la-revolucion-socioterapeutica\\\/#primaryimage\"},\"image\":{\"@id\":\"https:\\\/\\\/zapateneo.net\\\/wordpress\\\/index.php\\\/producto\\\/ninos-y-adolescentes-con-grandes-dificultades-la-revolucion-socioterapeutica\\\/#primaryimage\"},\"thumbnailUrl\":\"https:\\\/\\\/zapateneo.net\\\/wordpress\\\/wp-content\\\/uploads\\\/2021\\\/04\\\/nios_dificultades.gif\",\"datePublished\":\"2021-04-08T16:13:08+00:00\",\"dateModified\":\"2021-12-26T17:44:14+00:00\",\"breadcrumb\":{\"@id\":\"https:\\\/\\\/zapateneo.net\\\/wordpress\\\/index.php\\\/producto\\\/ninos-y-adolescentes-con-grandes-dificultades-la-revolucion-socioterapeutica\\\/#breadcrumb\"},\"inLanguage\":\"es\",\"potentialAction\":[{\"@type\":\"ReadAction\",\"target\":[\"https:\\\/\\\/zapateneo.net\\\/wordpress\\\/index.php\\\/producto\\\/ninos-y-adolescentes-con-grandes-dificultades-la-revolucion-socioterapeutica\\\/\"]}]},{\"@type\":\"ImageObject\",\"inLanguage\":\"es\",\"@id\":\"https:\\\/\\\/zapateneo.net\\\/wordpress\\\/index.php\\\/producto\\\/ninos-y-adolescentes-con-grandes-dificultades-la-revolucion-socioterapeutica\\\/#primaryimage\",\"url\":\"https:\\\/\\\/zapateneo.net\\\/wordpress\\\/wp-content\\\/uploads\\\/2021\\\/04\\\/nios_dificultades.gif\",\"contentUrl\":\"https:\\\/\\\/zapateneo.net\\\/wordpress\\\/wp-content\\\/uploads\\\/2021\\\/04\\\/nios_dificultades.gif\",\"width\":240,\"height\":367},{\"@type\":\"BreadcrumbList\",\"@id\":\"https:\\\/\\\/zapateneo.net\\\/wordpress\\\/index.php\\\/producto\\\/ninos-y-adolescentes-con-grandes-dificultades-la-revolucion-socioterapeutica\\\/#breadcrumb\",\"itemListElement\":[{\"@type\":\"ListItem\",\"position\":1,\"name\":\"Portada\",\"item\":\"https:\\\/\\\/zapateneo.net\\\/wordpress\\\/\"},{\"@type\":\"ListItem\",\"position\":2,\"name\":\"Tienda\",\"item\":\"https:\\\/\\\/zapateneo.net\\\/wordpress\\\/\"},{\"@type\":\"ListItem\",\"position\":3,\"name\":\"NI\u00d1OS Y ADOLESCENTES CON GRANDES DIFICULTADES. LA REVOLUCION SOCIOTERAPEUTICA\"}]},{\"@type\":\"WebSite\",\"@id\":\"https:\\\/\\\/zapateneo.net\\\/wordpress\\\/#website\",\"url\":\"https:\\\/\\\/zapateneo.net\\\/wordpress\\\/\",\"name\":\"Zapateneo\",\"description\":\"Zapateneoaren webgunea\",\"publisher\":{\"@id\":\"https:\\\/\\\/zapateneo.net\\\/wordpress\\\/#organization\"},\"potentialAction\":[{\"@type\":\"SearchAction\",\"target\":{\"@type\":\"EntryPoint\",\"urlTemplate\":\"https:\\\/\\\/zapateneo.net\\\/wordpress\\\/?s={search_term_string}\"},\"query-input\":{\"@type\":\"PropertyValueSpecification\",\"valueRequired\":true,\"valueName\":\"search_term_string\"}}],\"inLanguage\":\"es\"},{\"@type\":\"Organization\",\"@id\":\"https:\\\/\\\/zapateneo.net\\\/wordpress\\\/#organization\",\"name\":\"Zapateneo Kultur Elkartea\",\"url\":\"https:\\\/\\\/zapateneo.net\\\/wordpress\\\/\",\"logo\":{\"@type\":\"ImageObject\",\"inLanguage\":\"es\",\"@id\":\"https:\\\/\\\/zapateneo.net\\\/wordpress\\\/#\\\/schema\\\/logo\\\/image\\\/\",\"url\":\"https:\\\/\\\/zapateneo.net\\\/wordpress\\\/wp-content\\\/uploads\\\/2021\\\/04\\\/zap-libu-kolec.jpg\",\"contentUrl\":\"https:\\\/\\\/zapateneo.net\\\/wordpress\\\/wp-content\\\/uploads\\\/2021\\\/04\\\/zap-libu-kolec.jpg\",\"width\":2234,\"height\":398,\"caption\":\"Zapateneo Kultur Elkartea\"},\"image\":{\"@id\":\"https:\\\/\\\/zapateneo.net\\\/wordpress\\\/#\\\/schema\\\/logo\\\/image\\\/\"},\"sameAs\":[\"https:\\\/\\\/x.com\\\/zapateneo\"]}]}<\/script>\n<!-- \/ Yoast SEO plugin. -->","yoast_head_json":{"title":"NI\u00d1OS Y ADOLESCENTES CON GRANDES DIFICULTADES. LA REVOLUCION SOCIOTERAPEUTICA &#8212; Zapateneo","robots":{"index":"index","follow":"follow","max-snippet":"max-snippet:-1","max-image-preview":"max-image-preview:large","max-video-preview":"max-video-preview:-1"},"canonical":"https:\/\/zapateneo.net\/wordpress\/index.php\/producto\/ninos-y-adolescentes-con-grandes-dificultades-la-revolucion-socioterapeutica\/","og_locale":"es_ES","og_type":"article","og_title":"NI\u00d1OS Y ADOLESCENTES CON GRANDES DIFICULTADES. LA REVOLUCION SOCIOTERAPEUTICA &#8212; Zapateneo","og_description":"GAILLARD, JEAN-PAUL 9788478848119 - POPULAR - 2020 - 324 p\u00e1ginas \/orri.","og_url":"https:\/\/zapateneo.net\/wordpress\/index.php\/producto\/ninos-y-adolescentes-con-grandes-dificultades-la-revolucion-socioterapeutica\/","og_site_name":"Zapateneo","article_modified_time":"2021-12-26T17:44:14+00:00","og_image":[{"width":240,"height":367,"url":"https:\/\/zapateneo.net\/wordpress\/wp-content\/uploads\/2021\/04\/nios_dificultades.gif","type":"image\/gif"}],"twitter_card":"summary_large_image","twitter_site":"@zapateneo","twitter_misc":{"Tiempo de lectura":"1 minuto"},"schema":{"@context":"https:\/\/schema.org","@graph":[{"@type":"WebPage","@id":"https:\/\/zapateneo.net\/wordpress\/index.php\/producto\/ninos-y-adolescentes-con-grandes-dificultades-la-revolucion-socioterapeutica\/","url":"https:\/\/zapateneo.net\/wordpress\/index.php\/producto\/ninos-y-adolescentes-con-grandes-dificultades-la-revolucion-socioterapeutica\/","name":"NI\u00d1OS Y ADOLESCENTES CON GRANDES DIFICULTADES. LA REVOLUCION SOCIOTERAPEUTICA &#8212; Zapateneo","isPartOf":{"@id":"https:\/\/zapateneo.net\/wordpress\/#website"},"primaryImageOfPage":{"@id":"https:\/\/zapateneo.net\/wordpress\/index.php\/producto\/ninos-y-adolescentes-con-grandes-dificultades-la-revolucion-socioterapeutica\/#primaryimage"},"image":{"@id":"https:\/\/zapateneo.net\/wordpress\/index.php\/producto\/ninos-y-adolescentes-con-grandes-dificultades-la-revolucion-socioterapeutica\/#primaryimage"},"thumbnailUrl":"https:\/\/zapateneo.net\/wordpress\/wp-content\/uploads\/2021\/04\/nios_dificultades.gif","datePublished":"2021-04-08T16:13:08+00:00","dateModified":"2021-12-26T17:44:14+00:00","breadcrumb":{"@id":"https:\/\/zapateneo.net\/wordpress\/index.php\/producto\/ninos-y-adolescentes-con-grandes-dificultades-la-revolucion-socioterapeutica\/#breadcrumb"},"inLanguage":"es","potentialAction":[{"@type":"ReadAction","target":["https:\/\/zapateneo.net\/wordpress\/index.php\/producto\/ninos-y-adolescentes-con-grandes-dificultades-la-revolucion-socioterapeutica\/"]}]},{"@type":"ImageObject","inLanguage":"es","@id":"https:\/\/zapateneo.net\/wordpress\/index.php\/producto\/ninos-y-adolescentes-con-grandes-dificultades-la-revolucion-socioterapeutica\/#primaryimage","url":"https:\/\/zapateneo.net\/wordpress\/wp-content\/uploads\/2021\/04\/nios_dificultades.gif","contentUrl":"https:\/\/zapateneo.net\/wordpress\/wp-content\/uploads\/2021\/04\/nios_dificultades.gif","width":240,"height":367},{"@type":"BreadcrumbList","@id":"https:\/\/zapateneo.net\/wordpress\/index.php\/producto\/ninos-y-adolescentes-con-grandes-dificultades-la-revolucion-socioterapeutica\/#breadcrumb","itemListElement":[{"@type":"ListItem","position":1,"name":"Portada","item":"https:\/\/zapateneo.net\/wordpress\/"},{"@type":"ListItem","position":2,"name":"Tienda","item":"https:\/\/zapateneo.net\/wordpress\/"},{"@type":"ListItem","position":3,"name":"NI\u00d1OS Y ADOLESCENTES CON GRANDES DIFICULTADES. LA REVOLUCION SOCIOTERAPEUTICA"}]},{"@type":"WebSite","@id":"https:\/\/zapateneo.net\/wordpress\/#website","url":"https:\/\/zapateneo.net\/wordpress\/","name":"Zapateneo","description":"Zapateneoaren webgunea","publisher":{"@id":"https:\/\/zapateneo.net\/wordpress\/#organization"},"potentialAction":[{"@type":"SearchAction","target":{"@type":"EntryPoint","urlTemplate":"https:\/\/zapateneo.net\/wordpress\/?s={search_term_string}"},"query-input":{"@type":"PropertyValueSpecification","valueRequired":true,"valueName":"search_term_string"}}],"inLanguage":"es"},{"@type":"Organization","@id":"https:\/\/zapateneo.net\/wordpress\/#organization","name":"Zapateneo Kultur Elkartea","url":"https:\/\/zapateneo.net\/wordpress\/","logo":{"@type":"ImageObject","inLanguage":"es","@id":"https:\/\/zapateneo.net\/wordpress\/#\/schema\/logo\/image\/","url":"https:\/\/zapateneo.net\/wordpress\/wp-content\/uploads\/2021\/04\/zap-libu-kolec.jpg","contentUrl":"https:\/\/zapateneo.net\/wordpress\/wp-content\/uploads\/2021\/04\/zap-libu-kolec.jpg","width":2234,"height":398,"caption":"Zapateneo Kultur Elkartea"},"image":{"@id":"https:\/\/zapateneo.net\/wordpress\/#\/schema\/logo\/image\/"},"sameAs":["https:\/\/x.com\/zapateneo"]}]}},"_links":{"self":[{"href":"https:\/\/zapateneo.net\/wordpress\/index.php\/wp-json\/wp\/v2\/product\/5685","targetHints":{"allow":["GET"]}}],"collection":[{"href":"https:\/\/zapateneo.net\/wordpress\/index.php\/wp-json\/wp\/v2\/product"}],"about":[{"href":"https:\/\/zapateneo.net\/wordpress\/index.php\/wp-json\/wp\/v2\/types\/product"}],"wp:featuredmedia":[{"embeddable":true,"href":"https:\/\/zapateneo.net\/wordpress\/index.php\/wp-json\/wp\/v2\/media\/5731"}],"wp:attachment":[{"href":"https:\/\/zapateneo.net\/wordpress\/index.php\/wp-json\/wp\/v2\/media?parent=5685"}],"wp:term":[{"taxonomy":"product_brand","embeddable":true,"href":"https:\/\/zapateneo.net\/wordpress\/index.php\/wp-json\/wp\/v2\/product_brand?post=5685"},{"taxonomy":"product_cat","embeddable":true,"href":"https:\/\/zapateneo.net\/wordpress\/index.php\/wp-json\/wp\/v2\/product_cat?post=5685"},{"taxonomy":"product_tag","embeddable":true,"href":"https:\/\/zapateneo.net\/wordpress\/index.php\/wp-json\/wp\/v2\/product_tag?post=5685"}],"curies":[{"name":"wp","href":"https:\/\/api.w.org\/{rel}","templated":true}]}}