{"id":5664,"date":"2021-04-08T17:12:34","date_gmt":"2021-04-08T16:12:34","guid":{"rendered":"https:\/\/zapateneo.net\/wordpress\/?post_type=product&#038;p=5664"},"modified":"2021-04-08T17:13:23","modified_gmt":"2021-04-08T16:13:23","slug":"como-se-hace-una-criatura","status":"publish","type":"product","link":"https:\/\/zapateneo.net\/wordpress\/index.php\/producto\/como-se-hace-una-criatura\/","title":{"rendered":"C\u00f3mo se hace una criatura"},"content":{"rendered":"<p>Para las personas adultas que lean este libro en un momento dado, los ni\u00f1os y las ni\u00f1as sienten curiosidad sobre las criaturas. Esto por lo general ocurre cuando una nueva criatura llega a la familia (o est\u00e1 a punto de llegar y todas las personas adultas est\u00e1n hablando sobre ella). Pero tambi\u00e9n puede ocurrir en otros momentos.<\/p>\n<p>Los ni\u00f1os y las ni\u00f1as quieren saber de d\u00f3nde vienen las criaturas, de manera general. Tambi\u00e9n quieren saber, de forma espec\u00edfica, de d\u00f3nde vienen ellos y ellas. Estas preguntas no son iguales, y no tienen la misma respuesta.<\/p>\n<p>Una respuesta explica la historia \u00fanica de su concepci\u00f3n y nacimiento, mientras que la otra expone los aspectos b\u00e1sicos de c\u00f3mo nacen todos los seres humanos. Ambas historias son valiosas. La primera conecta a la criatura con su historia personal, as\u00ed como con la de su contexto familiar, cultural y \u00e9tnico. La segunda conecta a todas las criaturas entre s\u00ed, record\u00e1ndonos que, aunque las diferencias son importantes, y no deber\u00edan ser eliminadas, la humanidad que compartimos tambi\u00e9n es algo que mola un mont\u00f3n.<\/p>\n<p>Este libro ayuda a las personas adultas a contar a las criaturas esta segunda historia. No incluye informaci\u00f3n sobre el coito, la inseminaci\u00f3n por medio de donantes, los tratamientos de fertilidad, la subrogaci\u00f3n, o la adopci\u00f3n. Pero le ofrece un espacio para que hable de estos detalles en la medida que lo desee.<\/p>\n<p>Hay pocas personas adultas que se sientan c\u00f3modas autom\u00e1ticamente hablando de estas cosas con las criaturas. Por esta raz\u00f3n, he escrito una gu\u00eda de lectura sencilla para padres y madres que se encuentra al final de este libro. Tambi\u00e9n puede contactar conmigo directamente por medio de la web con sus preguntas y sus impresiones. Me encantar\u00eda escuchar sus ideas.<\/p>\n","protected":false},"excerpt":{"rendered":"<p><strong>Cory Silverberg con ilustraciones de fiona Smyth<\/strong><br \/>\n9788472909540 &#8211; Bellaterra &#8211; 2019 &#8211; 84 p\u00e1ginas \/orri.<\/p>\n","protected":false},"featured_media":5703,"template":"","meta":[],"product_brand":[],"product_cat":[186,16],"product_tag":[92,3581],"class_list":{"0":"post-5664","1":"product","2":"type-product","3":"status-publish","4":"has-post-thumbnail","6":"product_cat-hezkuntza-educacion","7":"product_cat-libros","8":"product_tag-bellaterra","9":"product_tag-cory-silverberg-con-ilustraciones-de-fiona-smyth","11":"first","12":"instock","13":"sold-individually","14":"shipping-taxable","15":"purchasable","16":"product-type-simple"},"yoast_head":"<!-- This site is optimized with the Yoast SEO plugin v27.3 - https:\/\/yoast.com\/product\/yoast-seo-wordpress\/ -->\n<title>C\u00f3mo se hace una criatura &#8212; Zapateneo<\/title>\n<meta name=\"robots\" content=\"index, follow, max-snippet:-1, max-image-preview:large, max-video-preview:-1\" \/>\n<link rel=\"canonical\" href=\"https:\/\/zapateneo.net\/wordpress\/index.php\/producto\/como-se-hace-una-criatura\/\" \/>\n<meta property=\"og:locale\" content=\"es_ES\" \/>\n<meta property=\"og:type\" content=\"article\" \/>\n<meta property=\"og:title\" content=\"C\u00f3mo se hace una criatura &#8212; Zapateneo\" \/>\n<meta property=\"og:description\" content=\"Cory Silverberg con ilustraciones de fiona Smyth 9788472909540 - Bellaterra - 2019 - 84 p\u00e1ginas \/orri.\" \/>\n<meta property=\"og:url\" content=\"https:\/\/zapateneo.net\/wordpress\/index.php\/producto\/como-se-hace-una-criatura\/\" \/>\n<meta property=\"og:site_name\" content=\"Zapateneo\" \/>\n<meta property=\"article:modified_time\" content=\"2021-04-08T16:13:23+00:00\" \/>\n<meta property=\"og:image\" content=\"https:\/\/zapateneo.net\/wordpress\/wp-content\/uploads\/2021\/04\/comosehacecriarura.jpeg\" \/>\n\t<meta property=\"og:image:width\" content=\"200\" \/>\n\t<meta property=\"og:image:height\" content=\"197\" \/>\n\t<meta property=\"og:image:type\" content=\"image\/jpeg\" \/>\n<meta name=\"twitter:card\" content=\"summary_large_image\" \/>\n<meta name=\"twitter:site\" content=\"@zapateneo\" \/>\n<meta name=\"twitter:label1\" content=\"Tiempo de lectura\" \/>\n\t<meta name=\"twitter:data1\" content=\"2 minutos\" \/>\n<script type=\"application\/ld+json\" class=\"yoast-schema-graph\">{\"@context\":\"https:\\\/\\\/schema.org\",\"@graph\":[{\"@type\":\"WebPage\",\"@id\":\"https:\\\/\\\/zapateneo.net\\\/wordpress\\\/index.php\\\/producto\\\/como-se-hace-una-criatura\\\/\",\"url\":\"https:\\\/\\\/zapateneo.net\\\/wordpress\\\/index.php\\\/producto\\\/como-se-hace-una-criatura\\\/\",\"name\":\"C\u00f3mo se hace una criatura &#8212; Zapateneo\",\"isPartOf\":{\"@id\":\"https:\\\/\\\/zapateneo.net\\\/wordpress\\\/#website\"},\"primaryImageOfPage\":{\"@id\":\"https:\\\/\\\/zapateneo.net\\\/wordpress\\\/index.php\\\/producto\\\/como-se-hace-una-criatura\\\/#primaryimage\"},\"image\":{\"@id\":\"https:\\\/\\\/zapateneo.net\\\/wordpress\\\/index.php\\\/producto\\\/como-se-hace-una-criatura\\\/#primaryimage\"},\"thumbnailUrl\":\"https:\\\/\\\/zapateneo.net\\\/wordpress\\\/wp-content\\\/uploads\\\/2021\\\/04\\\/comosehacecriarura.jpeg\",\"datePublished\":\"2021-04-08T16:12:34+00:00\",\"dateModified\":\"2021-04-08T16:13:23+00:00\",\"breadcrumb\":{\"@id\":\"https:\\\/\\\/zapateneo.net\\\/wordpress\\\/index.php\\\/producto\\\/como-se-hace-una-criatura\\\/#breadcrumb\"},\"inLanguage\":\"es\",\"potentialAction\":[{\"@type\":\"ReadAction\",\"target\":[\"https:\\\/\\\/zapateneo.net\\\/wordpress\\\/index.php\\\/producto\\\/como-se-hace-una-criatura\\\/\"]}]},{\"@type\":\"ImageObject\",\"inLanguage\":\"es\",\"@id\":\"https:\\\/\\\/zapateneo.net\\\/wordpress\\\/index.php\\\/producto\\\/como-se-hace-una-criatura\\\/#primaryimage\",\"url\":\"https:\\\/\\\/zapateneo.net\\\/wordpress\\\/wp-content\\\/uploads\\\/2021\\\/04\\\/comosehacecriarura.jpeg\",\"contentUrl\":\"https:\\\/\\\/zapateneo.net\\\/wordpress\\\/wp-content\\\/uploads\\\/2021\\\/04\\\/comosehacecriarura.jpeg\",\"width\":200,\"height\":197},{\"@type\":\"BreadcrumbList\",\"@id\":\"https:\\\/\\\/zapateneo.net\\\/wordpress\\\/index.php\\\/producto\\\/como-se-hace-una-criatura\\\/#breadcrumb\",\"itemListElement\":[{\"@type\":\"ListItem\",\"position\":1,\"name\":\"Portada\",\"item\":\"https:\\\/\\\/zapateneo.net\\\/wordpress\\\/\"},{\"@type\":\"ListItem\",\"position\":2,\"name\":\"Tienda\",\"item\":\"https:\\\/\\\/zapateneo.net\\\/wordpress\\\/\"},{\"@type\":\"ListItem\",\"position\":3,\"name\":\"C\u00f3mo se hace una criatura\"}]},{\"@type\":\"WebSite\",\"@id\":\"https:\\\/\\\/zapateneo.net\\\/wordpress\\\/#website\",\"url\":\"https:\\\/\\\/zapateneo.net\\\/wordpress\\\/\",\"name\":\"Zapateneo\",\"description\":\"Zapateneoaren webgunea\",\"publisher\":{\"@id\":\"https:\\\/\\\/zapateneo.net\\\/wordpress\\\/#organization\"},\"potentialAction\":[{\"@type\":\"SearchAction\",\"target\":{\"@type\":\"EntryPoint\",\"urlTemplate\":\"https:\\\/\\\/zapateneo.net\\\/wordpress\\\/?s={search_term_string}\"},\"query-input\":{\"@type\":\"PropertyValueSpecification\",\"valueRequired\":true,\"valueName\":\"search_term_string\"}}],\"inLanguage\":\"es\"},{\"@type\":\"Organization\",\"@id\":\"https:\\\/\\\/zapateneo.net\\\/wordpress\\\/#organization\",\"name\":\"Zapateneo Kultur Elkartea\",\"url\":\"https:\\\/\\\/zapateneo.net\\\/wordpress\\\/\",\"logo\":{\"@type\":\"ImageObject\",\"inLanguage\":\"es\",\"@id\":\"https:\\\/\\\/zapateneo.net\\\/wordpress\\\/#\\\/schema\\\/logo\\\/image\\\/\",\"url\":\"https:\\\/\\\/zapateneo.net\\\/wordpress\\\/wp-content\\\/uploads\\\/2021\\\/04\\\/zap-libu-kolec.jpg\",\"contentUrl\":\"https:\\\/\\\/zapateneo.net\\\/wordpress\\\/wp-content\\\/uploads\\\/2021\\\/04\\\/zap-libu-kolec.jpg\",\"width\":2234,\"height\":398,\"caption\":\"Zapateneo Kultur Elkartea\"},\"image\":{\"@id\":\"https:\\\/\\\/zapateneo.net\\\/wordpress\\\/#\\\/schema\\\/logo\\\/image\\\/\"},\"sameAs\":[\"https:\\\/\\\/x.com\\\/zapateneo\"]}]}<\/script>\n<!-- \/ Yoast SEO plugin. -->","yoast_head_json":{"title":"C\u00f3mo se hace una criatura &#8212; Zapateneo","robots":{"index":"index","follow":"follow","max-snippet":"max-snippet:-1","max-image-preview":"max-image-preview:large","max-video-preview":"max-video-preview:-1"},"canonical":"https:\/\/zapateneo.net\/wordpress\/index.php\/producto\/como-se-hace-una-criatura\/","og_locale":"es_ES","og_type":"article","og_title":"C\u00f3mo se hace una criatura &#8212; Zapateneo","og_description":"Cory Silverberg con ilustraciones de fiona Smyth 9788472909540 - Bellaterra - 2019 - 84 p\u00e1ginas \/orri.","og_url":"https:\/\/zapateneo.net\/wordpress\/index.php\/producto\/como-se-hace-una-criatura\/","og_site_name":"Zapateneo","article_modified_time":"2021-04-08T16:13:23+00:00","og_image":[{"width":200,"height":197,"url":"https:\/\/zapateneo.net\/wordpress\/wp-content\/uploads\/2021\/04\/comosehacecriarura.jpeg","type":"image\/jpeg"}],"twitter_card":"summary_large_image","twitter_site":"@zapateneo","twitter_misc":{"Tiempo de lectura":"2 minutos"},"schema":{"@context":"https:\/\/schema.org","@graph":[{"@type":"WebPage","@id":"https:\/\/zapateneo.net\/wordpress\/index.php\/producto\/como-se-hace-una-criatura\/","url":"https:\/\/zapateneo.net\/wordpress\/index.php\/producto\/como-se-hace-una-criatura\/","name":"C\u00f3mo se hace una criatura &#8212; Zapateneo","isPartOf":{"@id":"https:\/\/zapateneo.net\/wordpress\/#website"},"primaryImageOfPage":{"@id":"https:\/\/zapateneo.net\/wordpress\/index.php\/producto\/como-se-hace-una-criatura\/#primaryimage"},"image":{"@id":"https:\/\/zapateneo.net\/wordpress\/index.php\/producto\/como-se-hace-una-criatura\/#primaryimage"},"thumbnailUrl":"https:\/\/zapateneo.net\/wordpress\/wp-content\/uploads\/2021\/04\/comosehacecriarura.jpeg","datePublished":"2021-04-08T16:12:34+00:00","dateModified":"2021-04-08T16:13:23+00:00","breadcrumb":{"@id":"https:\/\/zapateneo.net\/wordpress\/index.php\/producto\/como-se-hace-una-criatura\/#breadcrumb"},"inLanguage":"es","potentialAction":[{"@type":"ReadAction","target":["https:\/\/zapateneo.net\/wordpress\/index.php\/producto\/como-se-hace-una-criatura\/"]}]},{"@type":"ImageObject","inLanguage":"es","@id":"https:\/\/zapateneo.net\/wordpress\/index.php\/producto\/como-se-hace-una-criatura\/#primaryimage","url":"https:\/\/zapateneo.net\/wordpress\/wp-content\/uploads\/2021\/04\/comosehacecriarura.jpeg","contentUrl":"https:\/\/zapateneo.net\/wordpress\/wp-content\/uploads\/2021\/04\/comosehacecriarura.jpeg","width":200,"height":197},{"@type":"BreadcrumbList","@id":"https:\/\/zapateneo.net\/wordpress\/index.php\/producto\/como-se-hace-una-criatura\/#breadcrumb","itemListElement":[{"@type":"ListItem","position":1,"name":"Portada","item":"https:\/\/zapateneo.net\/wordpress\/"},{"@type":"ListItem","position":2,"name":"Tienda","item":"https:\/\/zapateneo.net\/wordpress\/"},{"@type":"ListItem","position":3,"name":"C\u00f3mo se hace una criatura"}]},{"@type":"WebSite","@id":"https:\/\/zapateneo.net\/wordpress\/#website","url":"https:\/\/zapateneo.net\/wordpress\/","name":"Zapateneo","description":"Zapateneoaren webgunea","publisher":{"@id":"https:\/\/zapateneo.net\/wordpress\/#organization"},"potentialAction":[{"@type":"SearchAction","target":{"@type":"EntryPoint","urlTemplate":"https:\/\/zapateneo.net\/wordpress\/?s={search_term_string}"},"query-input":{"@type":"PropertyValueSpecification","valueRequired":true,"valueName":"search_term_string"}}],"inLanguage":"es"},{"@type":"Organization","@id":"https:\/\/zapateneo.net\/wordpress\/#organization","name":"Zapateneo Kultur Elkartea","url":"https:\/\/zapateneo.net\/wordpress\/","logo":{"@type":"ImageObject","inLanguage":"es","@id":"https:\/\/zapateneo.net\/wordpress\/#\/schema\/logo\/image\/","url":"https:\/\/zapateneo.net\/wordpress\/wp-content\/uploads\/2021\/04\/zap-libu-kolec.jpg","contentUrl":"https:\/\/zapateneo.net\/wordpress\/wp-content\/uploads\/2021\/04\/zap-libu-kolec.jpg","width":2234,"height":398,"caption":"Zapateneo Kultur Elkartea"},"image":{"@id":"https:\/\/zapateneo.net\/wordpress\/#\/schema\/logo\/image\/"},"sameAs":["https:\/\/x.com\/zapateneo"]}]}},"_links":{"self":[{"href":"https:\/\/zapateneo.net\/wordpress\/index.php\/wp-json\/wp\/v2\/product\/5664","targetHints":{"allow":["GET"]}}],"collection":[{"href":"https:\/\/zapateneo.net\/wordpress\/index.php\/wp-json\/wp\/v2\/product"}],"about":[{"href":"https:\/\/zapateneo.net\/wordpress\/index.php\/wp-json\/wp\/v2\/types\/product"}],"wp:featuredmedia":[{"embeddable":true,"href":"https:\/\/zapateneo.net\/wordpress\/index.php\/wp-json\/wp\/v2\/media\/5703"}],"wp:attachment":[{"href":"https:\/\/zapateneo.net\/wordpress\/index.php\/wp-json\/wp\/v2\/media?parent=5664"}],"wp:term":[{"taxonomy":"product_brand","embeddable":true,"href":"https:\/\/zapateneo.net\/wordpress\/index.php\/wp-json\/wp\/v2\/product_brand?post=5664"},{"taxonomy":"product_cat","embeddable":true,"href":"https:\/\/zapateneo.net\/wordpress\/index.php\/wp-json\/wp\/v2\/product_cat?post=5664"},{"taxonomy":"product_tag","embeddable":true,"href":"https:\/\/zapateneo.net\/wordpress\/index.php\/wp-json\/wp\/v2\/product_tag?post=5664"}],"curies":[{"name":"wp","href":"https:\/\/api.w.org\/{rel}","templated":true}]}}