{"id":5661,"date":"2021-04-08T17:12:33","date_gmt":"2021-04-08T16:12:33","guid":{"rendered":"https:\/\/zapateneo.net\/wordpress\/?post_type=product&#038;p=5661"},"modified":"2021-04-08T17:13:21","modified_gmt":"2021-04-08T16:13:21","slug":"la-quimera-de-la-creatividad-la-deriva-ideologica-de-la-neurociencia","status":"publish","type":"product","link":"https:\/\/zapateneo.net\/wordpress\/index.php\/producto\/la-quimera-de-la-creatividad-la-deriva-ideologica-de-la-neurociencia\/","title":{"rendered":"La quimera de la creatividad. La deriva ideol\u00f3gica de la neurociencia"},"content":{"rendered":"<p>Lo que algunos fil\u00f3sofos ya hab\u00edan advertido, que nuestra raz\u00f3n es incapaz de dotarnos de una imagen objetiva del mundo y de nosotros mismos, los neur\u00f3logos actuales lo han acabado de corroborar: lo que piensa el ser humano del mundo y de s\u00ed mismo es una ficci\u00f3n de su cerebro.<\/p>\n<p>Desde que el cerebro ha dejado de ser una c\u00e1mara oscura y se ha convertido en un \u00f3rgano transparente, gracias a las t\u00e9cnicas de neuroimagen, pocas son las disciplinas acad\u00e9micas que se niegan a abrazar el prefijo \u00abneuro\u00bb: neuropol\u00edtica, neurom\u00e1rqueting, neuroeducaci\u00f3n, neuroest\u00e9tica&#8230;<\/p>\n<p>Esta invasi\u00f3n de lo \u00abneuro\u00bb coincide, por otro lado, con una potenciaci\u00f3n de lo creativo en diferentes \u00e1mbitos. No existe taller, oficina, escuela, empresa o universidad en la que no se exija ser creativo. Parafraseando a Descartes, ya no es la raz\u00f3n sino el talento creativo la cosa mejor repartida del mundo. Para el poder actual no hay problema productivo, demogr\u00e1fico o educativo que no tenga una respuesta imaginativa.<\/p>\n<p>\u00bfCu\u00e1les son las razones de ese recelo actual hacia la raz\u00f3n, cuando la neurociencia nos ha abierto de par en par la sala de m\u00e1quinas de donde emerge? \u00bfQu\u00e9 responsabilidad corresponde a la neurociencia en este desplazamiento del conocimiento a lo creativo? \u00bfQu\u00e9 mundo se est\u00e1 cociendo con estos ingredientes fundamentales, lo \u00abneuro\u00bb y lo creativo? \u00bfC\u00f3mo afectar\u00e1 a los diferentes \u00e1mbitos de la existencia humana una creatividad auspiciada por los descubrimientos neurocient\u00edficos? \u00bfEste nuevo paradigma neurocreativo no ser\u00e1 una de las muchas estratagemas del capitalismo para postergar un poco m\u00e1s su necesario colapso?<\/p>\n<p>Todas estas ideas, y algunas m\u00e1s, que aparecen en este libro son el resultado de un proceso que se inici\u00f3 en el a\u00f1o 2014, en el que participamos en el Festival de Arte y Pensamiento Milestone Project de Girona con una conferencia y una exposici\u00f3n, y que continu\u00f3 dos a\u00f1os despu\u00e9s en forma de ponencia y exposici\u00f3n en el IV Congr\u00e9s Catal\u00e0 de Filosofia.<\/p>\n","protected":false},"excerpt":{"rendered":"<p><strong>AAVV<\/strong><br \/>\n9788498889253 &#8211; Icaria &#8211; 2019 &#8211; 117 p\u00e1ginas \/orri.<\/p>\n","protected":false},"featured_media":5701,"template":"","meta":[],"product_brand":[],"product_cat":[186,16],"product_tag":[643],"class_list":{"0":"post-5661","1":"product","2":"type-product","3":"status-publish","4":"has-post-thumbnail","6":"product_cat-hezkuntza-educacion","7":"product_cat-libros","8":"product_tag-icaria","10":"first","11":"instock","12":"sold-individually","13":"shipping-taxable","14":"purchasable","15":"product-type-simple"},"yoast_head":"<!-- This site is optimized with the Yoast SEO plugin v27.3 - https:\/\/yoast.com\/product\/yoast-seo-wordpress\/ -->\n<title>La quimera de la creatividad. La deriva ideol\u00f3gica de la neurociencia &#8212; Zapateneo<\/title>\n<meta name=\"robots\" content=\"index, follow, max-snippet:-1, max-image-preview:large, max-video-preview:-1\" \/>\n<link rel=\"canonical\" href=\"https:\/\/zapateneo.net\/wordpress\/index.php\/producto\/la-quimera-de-la-creatividad-la-deriva-ideologica-de-la-neurociencia\/\" \/>\n<meta property=\"og:locale\" content=\"es_ES\" \/>\n<meta property=\"og:type\" content=\"article\" \/>\n<meta property=\"og:title\" content=\"La quimera de la creatividad. La deriva ideol\u00f3gica de la neurociencia &#8212; Zapateneo\" \/>\n<meta property=\"og:description\" content=\"AAVV 9788498889253 - Icaria - 2019 - 117 p\u00e1ginas \/orri.\" \/>\n<meta property=\"og:url\" content=\"https:\/\/zapateneo.net\/wordpress\/index.php\/producto\/la-quimera-de-la-creatividad-la-deriva-ideologica-de-la-neurociencia\/\" \/>\n<meta property=\"og:site_name\" content=\"Zapateneo\" \/>\n<meta property=\"article:modified_time\" content=\"2021-04-08T16:13:21+00:00\" \/>\n<meta property=\"og:image\" content=\"https:\/\/zapateneo.net\/wordpress\/wp-content\/uploads\/2021\/04\/9788498889253.jpg\" \/>\n\t<meta property=\"og:image:width\" content=\"120\" \/>\n\t<meta property=\"og:image:height\" content=\"180\" \/>\n\t<meta property=\"og:image:type\" content=\"image\/jpeg\" \/>\n<meta name=\"twitter:card\" content=\"summary_large_image\" \/>\n<meta name=\"twitter:site\" content=\"@zapateneo\" \/>\n<meta name=\"twitter:label1\" content=\"Tiempo de lectura\" \/>\n\t<meta name=\"twitter:data1\" content=\"2 minutos\" \/>\n<script type=\"application\/ld+json\" class=\"yoast-schema-graph\">{\"@context\":\"https:\\\/\\\/schema.org\",\"@graph\":[{\"@type\":\"WebPage\",\"@id\":\"https:\\\/\\\/zapateneo.net\\\/wordpress\\\/index.php\\\/producto\\\/la-quimera-de-la-creatividad-la-deriva-ideologica-de-la-neurociencia\\\/\",\"url\":\"https:\\\/\\\/zapateneo.net\\\/wordpress\\\/index.php\\\/producto\\\/la-quimera-de-la-creatividad-la-deriva-ideologica-de-la-neurociencia\\\/\",\"name\":\"La quimera de la creatividad. La deriva ideol\u00f3gica de la neurociencia &#8212; Zapateneo\",\"isPartOf\":{\"@id\":\"https:\\\/\\\/zapateneo.net\\\/wordpress\\\/#website\"},\"primaryImageOfPage\":{\"@id\":\"https:\\\/\\\/zapateneo.net\\\/wordpress\\\/index.php\\\/producto\\\/la-quimera-de-la-creatividad-la-deriva-ideologica-de-la-neurociencia\\\/#primaryimage\"},\"image\":{\"@id\":\"https:\\\/\\\/zapateneo.net\\\/wordpress\\\/index.php\\\/producto\\\/la-quimera-de-la-creatividad-la-deriva-ideologica-de-la-neurociencia\\\/#primaryimage\"},\"thumbnailUrl\":\"https:\\\/\\\/zapateneo.net\\\/wordpress\\\/wp-content\\\/uploads\\\/2021\\\/04\\\/9788498889253.jpg\",\"datePublished\":\"2021-04-08T16:12:33+00:00\",\"dateModified\":\"2021-04-08T16:13:21+00:00\",\"breadcrumb\":{\"@id\":\"https:\\\/\\\/zapateneo.net\\\/wordpress\\\/index.php\\\/producto\\\/la-quimera-de-la-creatividad-la-deriva-ideologica-de-la-neurociencia\\\/#breadcrumb\"},\"inLanguage\":\"es\",\"potentialAction\":[{\"@type\":\"ReadAction\",\"target\":[\"https:\\\/\\\/zapateneo.net\\\/wordpress\\\/index.php\\\/producto\\\/la-quimera-de-la-creatividad-la-deriva-ideologica-de-la-neurociencia\\\/\"]}]},{\"@type\":\"ImageObject\",\"inLanguage\":\"es\",\"@id\":\"https:\\\/\\\/zapateneo.net\\\/wordpress\\\/index.php\\\/producto\\\/la-quimera-de-la-creatividad-la-deriva-ideologica-de-la-neurociencia\\\/#primaryimage\",\"url\":\"https:\\\/\\\/zapateneo.net\\\/wordpress\\\/wp-content\\\/uploads\\\/2021\\\/04\\\/9788498889253.jpg\",\"contentUrl\":\"https:\\\/\\\/zapateneo.net\\\/wordpress\\\/wp-content\\\/uploads\\\/2021\\\/04\\\/9788498889253.jpg\",\"width\":120,\"height\":180},{\"@type\":\"BreadcrumbList\",\"@id\":\"https:\\\/\\\/zapateneo.net\\\/wordpress\\\/index.php\\\/producto\\\/la-quimera-de-la-creatividad-la-deriva-ideologica-de-la-neurociencia\\\/#breadcrumb\",\"itemListElement\":[{\"@type\":\"ListItem\",\"position\":1,\"name\":\"Portada\",\"item\":\"https:\\\/\\\/zapateneo.net\\\/wordpress\\\/\"},{\"@type\":\"ListItem\",\"position\":2,\"name\":\"Tienda\",\"item\":\"https:\\\/\\\/zapateneo.net\\\/wordpress\\\/\"},{\"@type\":\"ListItem\",\"position\":3,\"name\":\"La quimera de la creatividad. La deriva ideol\u00f3gica de la neurociencia\"}]},{\"@type\":\"WebSite\",\"@id\":\"https:\\\/\\\/zapateneo.net\\\/wordpress\\\/#website\",\"url\":\"https:\\\/\\\/zapateneo.net\\\/wordpress\\\/\",\"name\":\"Zapateneo\",\"description\":\"Zapateneoaren webgunea\",\"publisher\":{\"@id\":\"https:\\\/\\\/zapateneo.net\\\/wordpress\\\/#organization\"},\"potentialAction\":[{\"@type\":\"SearchAction\",\"target\":{\"@type\":\"EntryPoint\",\"urlTemplate\":\"https:\\\/\\\/zapateneo.net\\\/wordpress\\\/?s={search_term_string}\"},\"query-input\":{\"@type\":\"PropertyValueSpecification\",\"valueRequired\":true,\"valueName\":\"search_term_string\"}}],\"inLanguage\":\"es\"},{\"@type\":\"Organization\",\"@id\":\"https:\\\/\\\/zapateneo.net\\\/wordpress\\\/#organization\",\"name\":\"Zapateneo Kultur Elkartea\",\"url\":\"https:\\\/\\\/zapateneo.net\\\/wordpress\\\/\",\"logo\":{\"@type\":\"ImageObject\",\"inLanguage\":\"es\",\"@id\":\"https:\\\/\\\/zapateneo.net\\\/wordpress\\\/#\\\/schema\\\/logo\\\/image\\\/\",\"url\":\"https:\\\/\\\/zapateneo.net\\\/wordpress\\\/wp-content\\\/uploads\\\/2021\\\/04\\\/zap-libu-kolec.jpg\",\"contentUrl\":\"https:\\\/\\\/zapateneo.net\\\/wordpress\\\/wp-content\\\/uploads\\\/2021\\\/04\\\/zap-libu-kolec.jpg\",\"width\":2234,\"height\":398,\"caption\":\"Zapateneo Kultur Elkartea\"},\"image\":{\"@id\":\"https:\\\/\\\/zapateneo.net\\\/wordpress\\\/#\\\/schema\\\/logo\\\/image\\\/\"},\"sameAs\":[\"https:\\\/\\\/x.com\\\/zapateneo\"]}]}<\/script>\n<!-- \/ Yoast SEO plugin. -->","yoast_head_json":{"title":"La quimera de la creatividad. La deriva ideol\u00f3gica de la neurociencia &#8212; Zapateneo","robots":{"index":"index","follow":"follow","max-snippet":"max-snippet:-1","max-image-preview":"max-image-preview:large","max-video-preview":"max-video-preview:-1"},"canonical":"https:\/\/zapateneo.net\/wordpress\/index.php\/producto\/la-quimera-de-la-creatividad-la-deriva-ideologica-de-la-neurociencia\/","og_locale":"es_ES","og_type":"article","og_title":"La quimera de la creatividad. La deriva ideol\u00f3gica de la neurociencia &#8212; Zapateneo","og_description":"AAVV 9788498889253 - Icaria - 2019 - 117 p\u00e1ginas \/orri.","og_url":"https:\/\/zapateneo.net\/wordpress\/index.php\/producto\/la-quimera-de-la-creatividad-la-deriva-ideologica-de-la-neurociencia\/","og_site_name":"Zapateneo","article_modified_time":"2021-04-08T16:13:21+00:00","og_image":[{"width":120,"height":180,"url":"https:\/\/zapateneo.net\/wordpress\/wp-content\/uploads\/2021\/04\/9788498889253.jpg","type":"image\/jpeg"}],"twitter_card":"summary_large_image","twitter_site":"@zapateneo","twitter_misc":{"Tiempo de lectura":"2 minutos"},"schema":{"@context":"https:\/\/schema.org","@graph":[{"@type":"WebPage","@id":"https:\/\/zapateneo.net\/wordpress\/index.php\/producto\/la-quimera-de-la-creatividad-la-deriva-ideologica-de-la-neurociencia\/","url":"https:\/\/zapateneo.net\/wordpress\/index.php\/producto\/la-quimera-de-la-creatividad-la-deriva-ideologica-de-la-neurociencia\/","name":"La quimera de la creatividad. La deriva ideol\u00f3gica de la neurociencia &#8212; Zapateneo","isPartOf":{"@id":"https:\/\/zapateneo.net\/wordpress\/#website"},"primaryImageOfPage":{"@id":"https:\/\/zapateneo.net\/wordpress\/index.php\/producto\/la-quimera-de-la-creatividad-la-deriva-ideologica-de-la-neurociencia\/#primaryimage"},"image":{"@id":"https:\/\/zapateneo.net\/wordpress\/index.php\/producto\/la-quimera-de-la-creatividad-la-deriva-ideologica-de-la-neurociencia\/#primaryimage"},"thumbnailUrl":"https:\/\/zapateneo.net\/wordpress\/wp-content\/uploads\/2021\/04\/9788498889253.jpg","datePublished":"2021-04-08T16:12:33+00:00","dateModified":"2021-04-08T16:13:21+00:00","breadcrumb":{"@id":"https:\/\/zapateneo.net\/wordpress\/index.php\/producto\/la-quimera-de-la-creatividad-la-deriva-ideologica-de-la-neurociencia\/#breadcrumb"},"inLanguage":"es","potentialAction":[{"@type":"ReadAction","target":["https:\/\/zapateneo.net\/wordpress\/index.php\/producto\/la-quimera-de-la-creatividad-la-deriva-ideologica-de-la-neurociencia\/"]}]},{"@type":"ImageObject","inLanguage":"es","@id":"https:\/\/zapateneo.net\/wordpress\/index.php\/producto\/la-quimera-de-la-creatividad-la-deriva-ideologica-de-la-neurociencia\/#primaryimage","url":"https:\/\/zapateneo.net\/wordpress\/wp-content\/uploads\/2021\/04\/9788498889253.jpg","contentUrl":"https:\/\/zapateneo.net\/wordpress\/wp-content\/uploads\/2021\/04\/9788498889253.jpg","width":120,"height":180},{"@type":"BreadcrumbList","@id":"https:\/\/zapateneo.net\/wordpress\/index.php\/producto\/la-quimera-de-la-creatividad-la-deriva-ideologica-de-la-neurociencia\/#breadcrumb","itemListElement":[{"@type":"ListItem","position":1,"name":"Portada","item":"https:\/\/zapateneo.net\/wordpress\/"},{"@type":"ListItem","position":2,"name":"Tienda","item":"https:\/\/zapateneo.net\/wordpress\/"},{"@type":"ListItem","position":3,"name":"La quimera de la creatividad. La deriva ideol\u00f3gica de la neurociencia"}]},{"@type":"WebSite","@id":"https:\/\/zapateneo.net\/wordpress\/#website","url":"https:\/\/zapateneo.net\/wordpress\/","name":"Zapateneo","description":"Zapateneoaren webgunea","publisher":{"@id":"https:\/\/zapateneo.net\/wordpress\/#organization"},"potentialAction":[{"@type":"SearchAction","target":{"@type":"EntryPoint","urlTemplate":"https:\/\/zapateneo.net\/wordpress\/?s={search_term_string}"},"query-input":{"@type":"PropertyValueSpecification","valueRequired":true,"valueName":"search_term_string"}}],"inLanguage":"es"},{"@type":"Organization","@id":"https:\/\/zapateneo.net\/wordpress\/#organization","name":"Zapateneo Kultur Elkartea","url":"https:\/\/zapateneo.net\/wordpress\/","logo":{"@type":"ImageObject","inLanguage":"es","@id":"https:\/\/zapateneo.net\/wordpress\/#\/schema\/logo\/image\/","url":"https:\/\/zapateneo.net\/wordpress\/wp-content\/uploads\/2021\/04\/zap-libu-kolec.jpg","contentUrl":"https:\/\/zapateneo.net\/wordpress\/wp-content\/uploads\/2021\/04\/zap-libu-kolec.jpg","width":2234,"height":398,"caption":"Zapateneo Kultur Elkartea"},"image":{"@id":"https:\/\/zapateneo.net\/wordpress\/#\/schema\/logo\/image\/"},"sameAs":["https:\/\/x.com\/zapateneo"]}]}},"_links":{"self":[{"href":"https:\/\/zapateneo.net\/wordpress\/index.php\/wp-json\/wp\/v2\/product\/5661","targetHints":{"allow":["GET"]}}],"collection":[{"href":"https:\/\/zapateneo.net\/wordpress\/index.php\/wp-json\/wp\/v2\/product"}],"about":[{"href":"https:\/\/zapateneo.net\/wordpress\/index.php\/wp-json\/wp\/v2\/types\/product"}],"wp:featuredmedia":[{"embeddable":true,"href":"https:\/\/zapateneo.net\/wordpress\/index.php\/wp-json\/wp\/v2\/media\/5701"}],"wp:attachment":[{"href":"https:\/\/zapateneo.net\/wordpress\/index.php\/wp-json\/wp\/v2\/media?parent=5661"}],"wp:term":[{"taxonomy":"product_brand","embeddable":true,"href":"https:\/\/zapateneo.net\/wordpress\/index.php\/wp-json\/wp\/v2\/product_brand?post=5661"},{"taxonomy":"product_cat","embeddable":true,"href":"https:\/\/zapateneo.net\/wordpress\/index.php\/wp-json\/wp\/v2\/product_cat?post=5661"},{"taxonomy":"product_tag","embeddable":true,"href":"https:\/\/zapateneo.net\/wordpress\/index.php\/wp-json\/wp\/v2\/product_tag?post=5661"}],"curies":[{"name":"wp","href":"https:\/\/api.w.org\/{rel}","templated":true}]}}