{"id":5641,"date":"2021-04-08T17:12:23","date_gmt":"2021-04-08T16:12:23","guid":{"rendered":"https:\/\/zapateneo.net\/wordpress\/?post_type=product&#038;p=5641"},"modified":"2023-09-02T11:05:31","modified_gmt":"2023-09-02T10:05:31","slug":"enigma-de-la-docilidad-el","status":"publish","type":"product","link":"https:\/\/zapateneo.net\/wordpress\/index.php\/producto\/enigma-de-la-docilidad-el\/","title":{"rendered":"ENIGMA DE LA DOCILIDAD, EL"},"content":{"rendered":"<div>\n<p>\u00abLas democracias liberales avanzan, por caminos in\u00e9ditos, hacia un modelo de sociedad y de gesti\u00f3n pol\u00edtica que [&#8230;] denominar\u00eda neofascismo\u00bb o \u00abfascismo de nuevo cu\u00f1o\u00bb. Esta formaci\u00f3n sociopol\u00edtica se caracterizar\u00eda, en lo exterior, por la beligerancia (af\u00e1n de hegemon\u00eda universal); y, en lo interior, por una enigm\u00e1tica e inquietante docilidad de la poblaci\u00f3n (letargo del criticismo y de la disidencia), circunstancia que har\u00eda casi innecesario el actual aparato de represi\u00f3n f\u00edsica al ejercer cada hombre, en suficiente medida, como un polic\u00eda de s\u00ed mismo. [&#8230;] Quisiera subrayar la responsabilidad de la Escuela en este adocenamiento planetario del car\u00e1cter; su implicaci\u00f3n en la forja de la Subjetividad \u00danica.\u00bb<\/p>\n<p>&nbsp;<\/p>\n<\/div>\n<div class=\"row\">\n<div class=\"col-12 col-12-small\">\n<p><span class=\"image left autor\"><img decoding=\"async\" class=\"alignleft\" src=\"https:\/\/www.viruseditorial.net\/\/fotos-autor\/pedro-garcia-olivo.jpg\" alt=\"pedro-garcia-olivo\" \/><\/span><\/p>\n<p>Nac\u00ed en 1961 en una pedan\u00eda de Fuente-\u00c1lamo, Cartagena, en el seno de una familia de clase baja. Mi infancia supo, quiz\u00e1s por ello, de la emigraci\u00f3n, las dificultades econ\u00f3micas, la delincuencia alimenticia, los trastornos mentales, la escolarizaci\u00f3n tard\u00eda e intermitente&#8230; He ah\u00ed un cuadro t\u00edpico. Me licenci\u00e9 en Geograf\u00eda e Historia por la Universidad de Murcia, donde curs\u00e9 tambi\u00e9n estudios de Filosof\u00eda. Me doctor\u00e9 en esa Universidad, con la tesis La polic\u00eda de la Historia Cient\u00edfica. Cr\u00edtica del discurso historiogr\u00e1fico. Cooper\u00e9 en Nicaragua con el r\u00e9gimen sandinista, en los tiempos del asedio de la Contra, trabajando en las cooperativas de desplazados de guerra de Matagalpa. M\u00e1s tarde resid\u00ed en la Hungr\u00eda tardo-socialista de fines de los 80, donde fui acogido como investigador-hu\u00e9sped por la Universidad de Budapest. Antes de eso, aprob\u00e9 una oposici\u00f3n y ejerc\u00ed no demasiados a\u00f1os como profesor agregado de bachillerato. Fueron los d\u00edas de las denuncias, de los expedientes, de los esc\u00e1ndalos de prensa, etc. D\u00edas de una pr\u00e1ctica deliberada de la insubordinaci\u00f3n docente. Otro cuadro t\u00edpico&#8230; Abandon\u00e9 la Ense\u00f1anza y durante ocho a\u00f1os me dediqu\u00e9 al pastoreo, viviendo de la explotaci\u00f3n de un peque\u00f1o reba\u00f1o de cabras en una aldea de monta\u00f1a del interior valenciano. Por razones de pobreza atenazante, solicit\u00e9 en el est\u00edo del 2001 el reingreso de excedencia, y doy en la actualidad clases de historia y \u00e9tica en el IES de Alpuente. Padezco esta circunstancia como una contradicci\u00f3n intolerable. Me alivia pensar que, como ayer, estoy s\u00f3lo de paso por la educaci\u00f3n; y que este ba\u00f1o de infamia acabar\u00e1 pronto. Pero no estoy tan seguro&#8230; A ra\u00edz de la publicaci\u00f3n de El irresponsable, y en parte debido a la pol\u00e9mica suscitada por sus planteamientos anti-escolares, que afectan tambi\u00e9n a las experiencias pedag\u00f3gicas \u2018alternativas\u2019 (escuelas libres, escuelas \u201cconvivenciales\u201d, pedagog\u00edas no-directivas, etc), he intervenido como conferenciante en Universidades del Estado espa\u00f1ol (Sevilla, Albacete, Valencia, Madrid, Salamanca, Huesca,&#8230;) y de Latinoam\u00e9rica (Venezuela y Colombia) y en todos los Centros Sociales, Colectivos, Ateneos, Bibliotecas,&#8230; que se han interesado por estas cuestiones y me han propuesto una charla-debate. A partir de julio de 2005, el centro de gravedad de mis inquietudes se desplaza hacia las comunidades ind\u00edgeno-campesinas del \u00e1rea centroamericana, donde procuro residir intermitentemente. Convierto su problem\u00e1tica en el eje de mis \u00faltimos trabajos literarios y videogr\u00e1ficos. Para contribuir a la difusi\u00f3n de las literaturas enemigas, he proyectado una editorial no-econ\u00f3mica, que distribuir\u00e1 de forma gratuita sus realizaciones: \u201cLos Discursos Peligrosos Editorial\u201d. Fund\u00e9 una familia, y luego se rompi\u00f3. Llevo toda la vida escribiendo, no s\u00e9 por qu\u00e9. (Fuente: www.pedrogarciaolivoliteratura.com)<\/p>\n<hr \/>\n<div>\n<h2><a href=\"https:\/\/www.viruseditorial.net\/es\/editorial\/descargar-pdf\" target=\"_blank\" rel=\"noopener\">Libro en libre descarga de Virus Editorial<\/a><\/h2>\n<\/div>\n<\/div>\n<\/div>\n","protected":false},"excerpt":{"rendered":"<p><strong>GARCIA OLIVO, PEDRO<\/strong><br \/>\n9788496044579 &#8211; VIRUS &#8211; 2005 &#8211; 126 p\u00e1ginas \/orri.<\/p>\n","protected":false},"featured_media":5671,"template":"","meta":[],"product_brand":[],"product_cat":[186,16],"product_tag":[4640,3557,922,57],"class_list":{"0":"post-5641","1":"product","2":"type-product","3":"status-publish","4":"has-post-thumbnail","6":"product_cat-hezkuntza-educacion","7":"product_cat-libros","8":"product_tag-desk","9":"product_tag-garcia-olivo","10":"product_tag-pedro-garcia-olivo","11":"product_tag-virus","13":"first","14":"outofstock","15":"sold-individually","16":"shipping-taxable","17":"purchasable","18":"product-type-simple"},"yoast_head":"<!-- This site is optimized with the Yoast SEO plugin v27.3 - https:\/\/yoast.com\/product\/yoast-seo-wordpress\/ -->\n<title>ENIGMA DE LA DOCILIDAD, EL &#8212; Zapateneo<\/title>\n<meta name=\"robots\" content=\"index, follow, max-snippet:-1, max-image-preview:large, max-video-preview:-1\" \/>\n<link rel=\"canonical\" href=\"https:\/\/zapateneo.net\/wordpress\/index.php\/producto\/enigma-de-la-docilidad-el\/\" \/>\n<meta property=\"og:locale\" content=\"es_ES\" \/>\n<meta property=\"og:type\" content=\"article\" \/>\n<meta property=\"og:title\" content=\"ENIGMA DE LA DOCILIDAD, EL &#8212; Zapateneo\" \/>\n<meta property=\"og:description\" content=\"GARCIA OLIVO, PEDRO 9788496044579 - VIRUS - 2005 - 126 p\u00e1ginas \/orri.\" \/>\n<meta property=\"og:url\" content=\"https:\/\/zapateneo.net\/wordpress\/index.php\/producto\/enigma-de-la-docilidad-el\/\" \/>\n<meta property=\"og:site_name\" content=\"Zapateneo\" \/>\n<meta property=\"article:modified_time\" content=\"2023-09-02T10:05:31+00:00\" \/>\n<meta property=\"og:image\" content=\"https:\/\/zapateneo.net\/wordpress\/wp-content\/uploads\/2021\/04\/2408gif.png\" \/>\n\t<meta property=\"og:image:width\" content=\"111\" \/>\n\t<meta property=\"og:image:height\" content=\"172\" \/>\n\t<meta property=\"og:image:type\" content=\"image\/png\" \/>\n<meta name=\"twitter:card\" content=\"summary_large_image\" \/>\n<meta name=\"twitter:site\" content=\"@zapateneo\" \/>\n<meta name=\"twitter:label1\" content=\"Tiempo de lectura\" \/>\n\t<meta name=\"twitter:data1\" content=\"3 minutos\" \/>\n<script type=\"application\/ld+json\" class=\"yoast-schema-graph\">{\"@context\":\"https:\\\/\\\/schema.org\",\"@graph\":[{\"@type\":\"WebPage\",\"@id\":\"https:\\\/\\\/zapateneo.net\\\/wordpress\\\/index.php\\\/producto\\\/enigma-de-la-docilidad-el\\\/\",\"url\":\"https:\\\/\\\/zapateneo.net\\\/wordpress\\\/index.php\\\/producto\\\/enigma-de-la-docilidad-el\\\/\",\"name\":\"ENIGMA DE LA DOCILIDAD, EL &#8212; Zapateneo\",\"isPartOf\":{\"@id\":\"https:\\\/\\\/zapateneo.net\\\/wordpress\\\/#website\"},\"primaryImageOfPage\":{\"@id\":\"https:\\\/\\\/zapateneo.net\\\/wordpress\\\/index.php\\\/producto\\\/enigma-de-la-docilidad-el\\\/#primaryimage\"},\"image\":{\"@id\":\"https:\\\/\\\/zapateneo.net\\\/wordpress\\\/index.php\\\/producto\\\/enigma-de-la-docilidad-el\\\/#primaryimage\"},\"thumbnailUrl\":\"https:\\\/\\\/zapateneo.net\\\/wordpress\\\/wp-content\\\/uploads\\\/2021\\\/04\\\/2408gif.png\",\"datePublished\":\"2021-04-08T16:12:23+00:00\",\"dateModified\":\"2023-09-02T10:05:31+00:00\",\"breadcrumb\":{\"@id\":\"https:\\\/\\\/zapateneo.net\\\/wordpress\\\/index.php\\\/producto\\\/enigma-de-la-docilidad-el\\\/#breadcrumb\"},\"inLanguage\":\"es\",\"potentialAction\":[{\"@type\":\"ReadAction\",\"target\":[\"https:\\\/\\\/zapateneo.net\\\/wordpress\\\/index.php\\\/producto\\\/enigma-de-la-docilidad-el\\\/\"]}]},{\"@type\":\"ImageObject\",\"inLanguage\":\"es\",\"@id\":\"https:\\\/\\\/zapateneo.net\\\/wordpress\\\/index.php\\\/producto\\\/enigma-de-la-docilidad-el\\\/#primaryimage\",\"url\":\"https:\\\/\\\/zapateneo.net\\\/wordpress\\\/wp-content\\\/uploads\\\/2021\\\/04\\\/2408gif.png\",\"contentUrl\":\"https:\\\/\\\/zapateneo.net\\\/wordpress\\\/wp-content\\\/uploads\\\/2021\\\/04\\\/2408gif.png\",\"width\":111,\"height\":172},{\"@type\":\"BreadcrumbList\",\"@id\":\"https:\\\/\\\/zapateneo.net\\\/wordpress\\\/index.php\\\/producto\\\/enigma-de-la-docilidad-el\\\/#breadcrumb\",\"itemListElement\":[{\"@type\":\"ListItem\",\"position\":1,\"name\":\"Portada\",\"item\":\"https:\\\/\\\/zapateneo.net\\\/wordpress\\\/\"},{\"@type\":\"ListItem\",\"position\":2,\"name\":\"Tienda\",\"item\":\"https:\\\/\\\/zapateneo.net\\\/wordpress\\\/\"},{\"@type\":\"ListItem\",\"position\":3,\"name\":\"ENIGMA DE LA DOCILIDAD, EL\"}]},{\"@type\":\"WebSite\",\"@id\":\"https:\\\/\\\/zapateneo.net\\\/wordpress\\\/#website\",\"url\":\"https:\\\/\\\/zapateneo.net\\\/wordpress\\\/\",\"name\":\"Zapateneo\",\"description\":\"Zapateneoaren webgunea\",\"publisher\":{\"@id\":\"https:\\\/\\\/zapateneo.net\\\/wordpress\\\/#organization\"},\"potentialAction\":[{\"@type\":\"SearchAction\",\"target\":{\"@type\":\"EntryPoint\",\"urlTemplate\":\"https:\\\/\\\/zapateneo.net\\\/wordpress\\\/?s={search_term_string}\"},\"query-input\":{\"@type\":\"PropertyValueSpecification\",\"valueRequired\":true,\"valueName\":\"search_term_string\"}}],\"inLanguage\":\"es\"},{\"@type\":\"Organization\",\"@id\":\"https:\\\/\\\/zapateneo.net\\\/wordpress\\\/#organization\",\"name\":\"Zapateneo Kultur Elkartea\",\"url\":\"https:\\\/\\\/zapateneo.net\\\/wordpress\\\/\",\"logo\":{\"@type\":\"ImageObject\",\"inLanguage\":\"es\",\"@id\":\"https:\\\/\\\/zapateneo.net\\\/wordpress\\\/#\\\/schema\\\/logo\\\/image\\\/\",\"url\":\"https:\\\/\\\/zapateneo.net\\\/wordpress\\\/wp-content\\\/uploads\\\/2021\\\/04\\\/zap-libu-kolec.jpg\",\"contentUrl\":\"https:\\\/\\\/zapateneo.net\\\/wordpress\\\/wp-content\\\/uploads\\\/2021\\\/04\\\/zap-libu-kolec.jpg\",\"width\":2234,\"height\":398,\"caption\":\"Zapateneo Kultur Elkartea\"},\"image\":{\"@id\":\"https:\\\/\\\/zapateneo.net\\\/wordpress\\\/#\\\/schema\\\/logo\\\/image\\\/\"},\"sameAs\":[\"https:\\\/\\\/x.com\\\/zapateneo\"]}]}<\/script>\n<!-- \/ Yoast SEO plugin. -->","yoast_head_json":{"title":"ENIGMA DE LA DOCILIDAD, EL &#8212; Zapateneo","robots":{"index":"index","follow":"follow","max-snippet":"max-snippet:-1","max-image-preview":"max-image-preview:large","max-video-preview":"max-video-preview:-1"},"canonical":"https:\/\/zapateneo.net\/wordpress\/index.php\/producto\/enigma-de-la-docilidad-el\/","og_locale":"es_ES","og_type":"article","og_title":"ENIGMA DE LA DOCILIDAD, EL &#8212; Zapateneo","og_description":"GARCIA OLIVO, PEDRO 9788496044579 - VIRUS - 2005 - 126 p\u00e1ginas \/orri.","og_url":"https:\/\/zapateneo.net\/wordpress\/index.php\/producto\/enigma-de-la-docilidad-el\/","og_site_name":"Zapateneo","article_modified_time":"2023-09-02T10:05:31+00:00","og_image":[{"width":111,"height":172,"url":"https:\/\/zapateneo.net\/wordpress\/wp-content\/uploads\/2021\/04\/2408gif.png","type":"image\/png"}],"twitter_card":"summary_large_image","twitter_site":"@zapateneo","twitter_misc":{"Tiempo de lectura":"3 minutos"},"schema":{"@context":"https:\/\/schema.org","@graph":[{"@type":"WebPage","@id":"https:\/\/zapateneo.net\/wordpress\/index.php\/producto\/enigma-de-la-docilidad-el\/","url":"https:\/\/zapateneo.net\/wordpress\/index.php\/producto\/enigma-de-la-docilidad-el\/","name":"ENIGMA DE LA DOCILIDAD, EL &#8212; Zapateneo","isPartOf":{"@id":"https:\/\/zapateneo.net\/wordpress\/#website"},"primaryImageOfPage":{"@id":"https:\/\/zapateneo.net\/wordpress\/index.php\/producto\/enigma-de-la-docilidad-el\/#primaryimage"},"image":{"@id":"https:\/\/zapateneo.net\/wordpress\/index.php\/producto\/enigma-de-la-docilidad-el\/#primaryimage"},"thumbnailUrl":"https:\/\/zapateneo.net\/wordpress\/wp-content\/uploads\/2021\/04\/2408gif.png","datePublished":"2021-04-08T16:12:23+00:00","dateModified":"2023-09-02T10:05:31+00:00","breadcrumb":{"@id":"https:\/\/zapateneo.net\/wordpress\/index.php\/producto\/enigma-de-la-docilidad-el\/#breadcrumb"},"inLanguage":"es","potentialAction":[{"@type":"ReadAction","target":["https:\/\/zapateneo.net\/wordpress\/index.php\/producto\/enigma-de-la-docilidad-el\/"]}]},{"@type":"ImageObject","inLanguage":"es","@id":"https:\/\/zapateneo.net\/wordpress\/index.php\/producto\/enigma-de-la-docilidad-el\/#primaryimage","url":"https:\/\/zapateneo.net\/wordpress\/wp-content\/uploads\/2021\/04\/2408gif.png","contentUrl":"https:\/\/zapateneo.net\/wordpress\/wp-content\/uploads\/2021\/04\/2408gif.png","width":111,"height":172},{"@type":"BreadcrumbList","@id":"https:\/\/zapateneo.net\/wordpress\/index.php\/producto\/enigma-de-la-docilidad-el\/#breadcrumb","itemListElement":[{"@type":"ListItem","position":1,"name":"Portada","item":"https:\/\/zapateneo.net\/wordpress\/"},{"@type":"ListItem","position":2,"name":"Tienda","item":"https:\/\/zapateneo.net\/wordpress\/"},{"@type":"ListItem","position":3,"name":"ENIGMA DE LA DOCILIDAD, EL"}]},{"@type":"WebSite","@id":"https:\/\/zapateneo.net\/wordpress\/#website","url":"https:\/\/zapateneo.net\/wordpress\/","name":"Zapateneo","description":"Zapateneoaren webgunea","publisher":{"@id":"https:\/\/zapateneo.net\/wordpress\/#organization"},"potentialAction":[{"@type":"SearchAction","target":{"@type":"EntryPoint","urlTemplate":"https:\/\/zapateneo.net\/wordpress\/?s={search_term_string}"},"query-input":{"@type":"PropertyValueSpecification","valueRequired":true,"valueName":"search_term_string"}}],"inLanguage":"es"},{"@type":"Organization","@id":"https:\/\/zapateneo.net\/wordpress\/#organization","name":"Zapateneo Kultur Elkartea","url":"https:\/\/zapateneo.net\/wordpress\/","logo":{"@type":"ImageObject","inLanguage":"es","@id":"https:\/\/zapateneo.net\/wordpress\/#\/schema\/logo\/image\/","url":"https:\/\/zapateneo.net\/wordpress\/wp-content\/uploads\/2021\/04\/zap-libu-kolec.jpg","contentUrl":"https:\/\/zapateneo.net\/wordpress\/wp-content\/uploads\/2021\/04\/zap-libu-kolec.jpg","width":2234,"height":398,"caption":"Zapateneo Kultur Elkartea"},"image":{"@id":"https:\/\/zapateneo.net\/wordpress\/#\/schema\/logo\/image\/"},"sameAs":["https:\/\/x.com\/zapateneo"]}]}},"_links":{"self":[{"href":"https:\/\/zapateneo.net\/wordpress\/index.php\/wp-json\/wp\/v2\/product\/5641","targetHints":{"allow":["GET"]}}],"collection":[{"href":"https:\/\/zapateneo.net\/wordpress\/index.php\/wp-json\/wp\/v2\/product"}],"about":[{"href":"https:\/\/zapateneo.net\/wordpress\/index.php\/wp-json\/wp\/v2\/types\/product"}],"wp:featuredmedia":[{"embeddable":true,"href":"https:\/\/zapateneo.net\/wordpress\/index.php\/wp-json\/wp\/v2\/media\/5671"}],"wp:attachment":[{"href":"https:\/\/zapateneo.net\/wordpress\/index.php\/wp-json\/wp\/v2\/media?parent=5641"}],"wp:term":[{"taxonomy":"product_brand","embeddable":true,"href":"https:\/\/zapateneo.net\/wordpress\/index.php\/wp-json\/wp\/v2\/product_brand?post=5641"},{"taxonomy":"product_cat","embeddable":true,"href":"https:\/\/zapateneo.net\/wordpress\/index.php\/wp-json\/wp\/v2\/product_cat?post=5641"},{"taxonomy":"product_tag","embeddable":true,"href":"https:\/\/zapateneo.net\/wordpress\/index.php\/wp-json\/wp\/v2\/product_tag?post=5641"}],"curies":[{"name":"wp","href":"https:\/\/api.w.org\/{rel}","templated":true}]}}