{"id":5621,"date":"2021-04-08T17:05:47","date_gmt":"2021-04-08T16:05:47","guid":{"rendered":"https:\/\/zapateneo.net\/wordpress\/?post_type=product&#038;p=5621"},"modified":"2021-10-18T15:57:15","modified_gmt":"2021-10-18T14:57:15","slug":"el-tribuno-del-pueblo","status":"publish","type":"product","link":"https:\/\/zapateneo.net\/wordpress\/index.php\/producto\/el-tribuno-del-pueblo\/","title":{"rendered":"EL TRIBUNO DEL PUEBLO"},"content":{"rendered":"<p><em>Un libro fundamental para el estudio de la Revoluci\u00f3n Francesa, para la discusi\u00f3n pol\u00edtica sobre todos los procesos revolucionarios, para el trabajo acad\u00e9mico y docente en todos los niveles, para una lectura entretenida e interesante sobre un personaje injustamente poco conocido.<br \/>\n<\/em><\/p>\n<p>Este libro es una compilaci\u00f3n de fuentes en donde pueden leerse las ideas que constituyeron el eje de la famosa \u00abConspiraci\u00f3n de los Iguales\u00bb en 1796 y que guiaron al primer movimiento comunista de todos los tiempos. Adem\u00e1s, inlcuye una completa biograf\u00eda de Graco Babeuf: su vida, su rol en la Revoluci\u00f3n Francesa y su legado como revolucionario.<\/p>\n<p>Graco Babeuf naci\u00f3 en 1760 bajo el nombre de Francois No\u00ebl Babeuf. Agitador y publicista de la Revoluci\u00f3n Francesa. Fue varias veces encarcelado por su acci\u00f3n pol\u00edtica, que no s\u00f3lo reclamaba la profundizaci\u00f3n de la Revoluci\u00f3n y la destrucci\u00f3n de los resabios feudales, sino tambi\u00e9n la igualdad social. En 1794 adopt\u00f3 el seud\u00f3nimo Graco, en homenaje a los tribunos romanos. Organizador del primer partido revolucionario y de la primera revoluci\u00f3n comunista de la historia (la Conspiraci\u00f3n de los Iguales), muere en 1797 guillotinado por el gobierno reaccionario de Termidor.<\/p>\n<p>Fragmentos del estudio introductorio de Eduardo Sartelli &#8211; Graco Babeuf y los problemas permanentes del proceso revolucionario &#8211; En todas las grandes revoluciones modernas, dice Marx en El Manifiesto Comunista, el proletariado tiene una literatura que expresa su voz. Estas expresiones te\u00f3ricas son el correlato literario de las guerras campesinas en Alemania y las tendencias anabaptistas, de Thomas M\u00fcnzer, de los \u00ablevelers\u00bb en la Revoluci\u00f3n Inglesa y de Babeuf en la francesa. Siendo cr\u00edticos, Marx y Engels distinguen a Babeuf de la otra gran corriente del socialismo, el socialismo ut\u00f3pico. Babeuf no construye sociedades ideales al margen de la sociedad real, ni repudia la acci\u00f3n directa. Todo lo contrario, es el primer te\u00f3rico moderno de la insurrecci\u00f3n y del partido, un producto muy temprano de la propia revoluci\u00f3n burguesa. Como tal, el babuvismo es la primera manifestaci\u00f3n org\u00e1nica del movimiento comunista que retomar\u00e1n Marx y Engels. Reivindica la lucha de clases, las transformaciones en la base material de la sociedad y la b\u00fasqueda<br \/>\ndel poder estatal. Es abiertamente pol\u00edtico. Como sostiene el historiador Albert Soboul, \u00abpor primera vez, la idea comunista se hab\u00eda convertido en fuerza pol\u00edtica: de ah\u00ed deriva la importancia de Babeuf, del babuvismo y de la Conspiraci\u00f3n de los Iguales en la historia del socialismo.\u00bb (&#8230;)<\/p>\n<p>&nbsp;<\/p>\n<p><strong><span style=\"text-decoration: underline;\">Babeuf y la Conspiraci\u00f3n de los Iguales<\/span><\/strong> &#8211; Francois N\u00f6el Babeuf, nace en St Quentin, Picard\u00eda, el 23 de noviembre de 1760. Se caracteriza por un profundo conocimiento del mundo feudal, a partir de su profesi\u00f3n como especialista en derecho y comisionado de tierras. Esta situaci\u00f3n le conceder\u00e1 un horizonte cr\u00edtico superior a cualquier otro en su \u00e9poca. Fue un autodidacta educado fundamentalmente por su padre, en particular algo de lat\u00edn, alem\u00e1n y matem\u00e1ticas. A los quince a\u00f1os entr\u00f3 al servicio de un comisionado de tierras del que aprender\u00e1 el oficio. A los 25 a\u00f1os ya casado, mantendr\u00e1 a su familia en una posici\u00f3n social acomodada, como jefe de una oficina con empleados y tiempo suficiente como para dedicarse a cuestiones literarias y asuntos p\u00fablicos. (&#8230;)<\/p>\n<p>El a\u00f1o de 1789 no lo sorprende, habiendo activado pol\u00edticamente en su distrito. El primer art\u00edculo con el cual Babeuf expone sus ideas sobre la transformaci\u00f3n social en marcha, es una propuesta sobre la abolici\u00f3n de la propiedad feudal y el reemplazo de la masa de impuestos por una tasa \u00fanica cobrable a todos. Esta propuesta bast\u00f3 para hacerle perder su puesto, perseguido por un \u00abgallo de aldea\u00bb (personaje poderoso econ\u00f3micamente e influyente pol\u00edticamente) local. Parece, seg\u00fan Belfort Bax, que su primer acto revolucionario fue su participaci\u00f3n en la destrucci\u00f3n de los archivos se\u00f1oriales de la zona. No se sabe si por esto o por otras razones, se traslada a Par\u00eds y est\u00e1 presente en la ciudad el d\u00eda de la toma de la Bastilla. Babeuf se convierte ya en un revolucionario hecho y derecho. (&#8230;)<\/p>\n<p>Su principal instrumento pol\u00edtico es su peri\u00f3dico El Tribuno del pueblo, cuyo nombre est\u00e1 \u00edntimamente ligado a esa costumbre de la \u00e9poca revolucionaria de leer el presente como un renacimiento de las instituciones de la rep\u00fablica romana. \u00c9l mismo va a abandonar su recientemente adquirido nombre de Camilo por el de Graco, en alusi\u00f3n a Tiberio y Cayo Graco, los famosos tribunos romanos de la plebe, asesinados por los grandes terratenientes a causa de su pol\u00edtica de reforma agraria. (&#8230;)<\/p>\n<p>Babeuf no puede evitar la persecuci\u00f3n a la que es sometido por el r\u00e9gimen surgido de Termidor y termina nuevamente en prisi\u00f3n en febrero de 1795. Es all\u00ed donde escribe un manifiesto titulado Babeuf, el Tribuno del Pueblo, a sus ciudadanos amigos, una defensa de sus actividades pol\u00edticas. Es en prisi\u00f3n donde el Tribuno va a reclutar importantes adeptos para su causa, en particular miembros de la Monta\u00f1a detenidos luego de la ca\u00edda de Robespierre. Sale de la c\u00e1rcel, en setiembre de 1795, gracias a una amnist\u00eda decretada por la Convenci\u00f3n Nacional. Comienza aqu\u00ed, se\u00f1ala Bax, el gran momento de la actividad pol\u00edtica de Babeuf. (&#8230;)<\/p>\n<p>En este clima de reacci\u00f3n pol\u00edtica, Babeuf va a organizar, en octubre de 1795, con sus numerosos seguidores en su Picard\u00eda natal, los nuevos adquiridos en Par\u00eds, y los restos proscriptos de la Monta\u00f1a, la Sociedad del Pante\u00f3n, su primera estructura pol\u00edtica importante. El eje pol\u00edtico es la defensa de la igualdad econ\u00f3mica como base de la igualdad pol\u00edtica. El Tribuno del Pueblo se transform\u00f3 en el \u00f3rgano oficial de la sociedad, que comenz\u00f3 a crecer r\u00e1pidamente, al amparo de la crisis del asignado, la inflaci\u00f3n y el marasmo econ\u00f3mico. (&#8230;)<\/p>\n<p>Partidario de la insurrecci\u00f3n popular, entiende que necesita una organizaci\u00f3n aceitada para evitar que se repitan los fracasos de Germinal y Pradial (abril-mayo de 1795), donde la lucha popular culmin\u00f3 en nada por falta de direcci\u00f3n. Esa direcci\u00f3n no puede ser p\u00fablica, concluye Babeuf, sin exponerse a la represi\u00f3n f\u00e1cil. La insurrecci\u00f3n debe ser organizada por un comit\u00e9 secreto. Se forma as\u00ed un Comit\u00e9 General de Seguridad, organismo secreto, formado por Babeuf, Debon, Buonarroti, Darth\u00e9, Lepelletier y Mar\u00e9chal. Este directorio secreto se transform\u00f3 en el centro de la Conspiraci\u00f3n de los Iguales. El eje pol\u00edtico de la conspiraci\u00f3n consiste en el repudio a la Constituci\u00f3n de 1795 y en la defensa de la igualdad econ\u00f3mica. El Directorio Secreto dar\u00e1 a conocer sus ideas en un documento titulado An\u00e1lisis de la doctrina de Babeuf, Tribuno del pueblo, proscripto por el Directorio por haber dicho la verdad. Entre sus definiciones se encuentran las siguientes, seg\u00fan Belfort Bax:<\/p>\n<p><em>1. La naturaleza ha dado a todo hombre un derecho igual a disfrutar de todos los bienes.<br \/>\n2. El objeto de la sociedad es la defensa de esta igualdad, a menudo atacada por el fuerte, y, mediante la cooperaci\u00f3n de todos, incrementar los medios de disfrute comunes.<br \/>\n3. La naturaleza le impone a todos la obligaci\u00f3n de trabajar, nadie puede evadirla sin cometer un crimen.<br \/>\n4. El trabajo y el goce deben ser comunes a todos.<br \/>\n5. Existe la opresi\u00f3n cuando un hombre, despu\u00e9s de cansarse trabajando, no obtiene nada mientras otros nadan en la abundancia sin haber hecho nada.<br \/>\n6. Nadie, sin cometer un crimen, puede apropiarse para s\u00ed los resultados de la tierra y la industria.<br \/>\n7. En una sociedad verdadera no debe haber ni ricos ni pobres.<br \/>\n8. El rico que es incapaz de renunciar a sus excedentes a favor de los indigentes, es enemigo del pueblo.<br \/>\n9. Nadie debe ser capaz, mediante la acumulaci\u00f3n de los medios necesarios para la vida, de privar a nadie de la educaci\u00f3n esencial para su bienestar, educaci\u00f3n que debe ser com\u00fan.<br \/>\n10. El objetivo de una revoluci\u00f3n es destruir toda desigualdad y establecer el bienestar de todos.<br \/>\n11. La Revoluci\u00f3n no ha terminado, porque los ricos absorben los bienes necesarios para la vida, mientras los pobres son transformados en esclavos, languidecen en la miseria y cuentan como nada en la vida del Estado.<br \/>\n12. La Constituci\u00f3n de 1793 es la verdadera ley del franc\u00e9s, porque el pueblo la ha aceptado solemnemente. (&#8230;)<br \/>\n13. Todo ciudadano est\u00e1 obligado a reestablecer y defender la Constituci\u00f3n de 1793, la voluntad y el bienestar del pueblo.<br \/>\n14. Todos los poderes derivados de la pretendida Constituci\u00f3n de 1795 son ilegales y contra-revolucionarios.<br \/>\n15. Aquellos que han alzado su mano contra la Constituci\u00f3n de 1793 son culpables de traici\u00f3n contra el pueblo.<\/em><\/p>\n<p>La influencia de los \u00abIguales\u00bb se esparce junto con la inflaci\u00f3n galopante: los panfletos babuvistas llegan a todos lados. Incluso comienzan a organizarse manifestaciones p\u00fablicas. (&#8230;)<\/p>\n<p>A medida que la insurrecci\u00f3n parece ir tomando forma, Babeuf precisa a\u00fan m\u00e1s sus detalles. Triunfante en un primer momento, su tarea no consistir\u00e1 en entregarse a los mecanismos electivos de la Constituci\u00f3n del &#8217;93, que no pueden implementarse de la noche a la ma\u00f1ana sin que se corra el peligro de un reagrupamiento contra-revolucionario. El tiempo entre el golpe de mano triunfante y el reestablecimiento de la Constituci\u00f3n deb\u00eda ser cubierto por una dictadura revolucionaria, a cuya cabeza estar\u00eda el propio Babeuf y un Comit\u00e9 de Bienestar Universal. La \u00abdictadura del proletariado\u00bb, como concepto, comienza a tomar forma hist\u00f3rica. Ese Comit\u00e9 tomar\u00eda inmediatamente dos decretos (que nunca pasaron de ser borradores redactados por Babeuf, aparentemente). El primero ordena la expropiaci\u00f3n de las casas de los contra-revolucionarios y su reparto, junto con sus muebles, entre los sans-culottes, y llama a los comit\u00e9s revolucionarios de Par\u00eds a ejecutar la medida. El segundo, se\u00f1ala el establecimiento de una comunidad nacional de bienes sobre la base de la expropiaci\u00f3n de los enemigos de la revoluci\u00f3n, la abolici\u00f3n del derecho de herencia y la apropiaci\u00f3n, por la naci\u00f3n de todos los bienes correspondientes a las personas que murieran de all\u00ed en adelante. Consagra, adem\u00e1s, la pertenencia a la naci\u00f3n de toda persona, sin distinci\u00f3n de sexos, que entregue sus bienes y dedique su trabajo a ella. Tambi\u00e9n se se\u00f1ala que la propiedad nacional debe ser explotada en beneficio de todos y que la comunidad debe garantizar a todos sus miembros una existencia igual y moderada. Para conseguirlo, el borrador se extiende en consideraciones sobre el comercio, el transporte, los impuestos, las deudas, las finanzas, la distribuci\u00f3n y el manejo de los bienes nacionales, etc. Constituye un verdadero programa comunista para reorganizar el conjunto del pa\u00eds. (&#8230;)<\/p>\n<p>Finalmente, la represi\u00f3n consigue atrapar a los insurrectos. Termina aqu\u00ed la etapa ascendente de la conspiraci\u00f3n, con centenares de detenidos que ser\u00e1n sometidos a juicio en condiciones especiales,<br \/>\nno sin que a fines de mayo miembros de la Sociedad del Pante\u00f3n y monta\u00f1istas intenten en vano sublevar a la poblaci\u00f3n para liberar a los prisioneros. Otra insurrecci\u00f3n fue preparada por seguidores de Babeuf en septiembre, que tambi\u00e9n fracasa y deja como resultado 800 nuevos detenidos y m\u00e1s de treinta fusilados.<br \/>\n(&#8230;)<\/p>\n<p><strong><span style=\"text-decoration: underline;\">El legado de un revolucionario<\/span><\/strong> &#8211; El babuvismo es el resultado del agotamiento de una experiencia hist\u00f3rica, la de la revoluci\u00f3n burguesa. En el seno de su propio proceso, la revoluci\u00f3n burguesa muestra sus l\u00edmites: la libertad s\u00f3lo puede ser \u00abante la ley\u00bb, la igualdad es la igualdad \u00ablegal\u00bb. De la fraternidad, ni hablemos. Esa contradicci\u00f3n entre lo que dice la ley y lo que manda la econom\u00eda, es el c\u00e1ncer que corroe la sociedad capitalista, el resorte secreto que impulsa toda rebeli\u00f3n, el motor \u00faltimo de la revoluci\u00f3n socialista. Si la idea de que no puede existir libertad e igualdad sin una distribuci\u00f3n equitativa del poder econ\u00f3mico, es tan vieja como la humanidad, el descubrimiento de que la burgues\u00eda nunca va a cumplir sus promesas porque de ese fraude vive y prospera, es propio del babuvismo. Son ellos, los Iguales, los que describen pr\u00e1cticamente la frontera de la experiencia humana bajo el capitalismo, frontera que deja fuera la libertad y la igualdad para la inmensa mayor\u00eda.<\/p>\n<p>&nbsp;<\/p>\n<p>&nbsp;<\/p>\n<p>&nbsp;<\/p>\n<p>&nbsp;<\/p>\n<p>&nbsp;<\/p>\n<p>&nbsp;<\/p>\n","protected":false},"excerpt":{"rendered":"<p><strong>BABEUF, G.<\/strong><br \/>\n9788433415059 &#8211; JUCAR &#8211; 1981 &#8211; 248 p\u00e1ginas \/orri.<\/p>\n","protected":false},"featured_media":8584,"template":"","meta":[],"product_brand":[],"product_cat":[185,16],"product_tag":[3556,1105],"class_list":{"0":"post-5621","1":"product","2":"type-product","3":"status-publish","4":"has-post-thumbnail","6":"product_cat-historia","7":"product_cat-libros","8":"product_tag-babeuf","9":"product_tag-jucar","11":"first","12":"instock","13":"sold-individually","14":"shipping-taxable","15":"purchasable","16":"product-type-simple"},"yoast_head":"<!-- This site is optimized with the Yoast SEO plugin v27.4 - https:\/\/yoast.com\/product\/yoast-seo-wordpress\/ -->\n<title>EL TRIBUNO DEL PUEBLO &#8212; Zapateneo<\/title>\n<meta name=\"robots\" content=\"index, follow, max-snippet:-1, max-image-preview:large, max-video-preview:-1\" \/>\n<link rel=\"canonical\" href=\"https:\/\/zapateneo.net\/wordpress\/index.php\/producto\/el-tribuno-del-pueblo\/\" \/>\n<meta property=\"og:locale\" content=\"es_ES\" \/>\n<meta property=\"og:type\" content=\"article\" \/>\n<meta property=\"og:title\" content=\"EL TRIBUNO DEL PUEBLO &#8212; Zapateneo\" \/>\n<meta property=\"og:description\" content=\"BABEUF, G. 9788433415059 - JUCAR - 1981 - 248 p\u00e1ginas \/orri.\" \/>\n<meta property=\"og:url\" content=\"https:\/\/zapateneo.net\/wordpress\/index.php\/producto\/el-tribuno-del-pueblo\/\" \/>\n<meta property=\"og:site_name\" content=\"Zapateneo\" \/>\n<meta property=\"article:modified_time\" content=\"2021-10-18T14:57:15+00:00\" \/>\n<meta property=\"og:image\" content=\"https:\/\/zapateneo.net\/wordpress\/wp-content\/uploads\/2021\/04\/41UYdVwquiL._SX213_BO1204203200_.jpg\" \/>\n\t<meta property=\"og:image:width\" content=\"215\" \/>\n\t<meta property=\"og:image:height\" content=\"351\" \/>\n\t<meta property=\"og:image:type\" content=\"image\/jpeg\" \/>\n<meta name=\"twitter:card\" content=\"summary_large_image\" \/>\n<meta name=\"twitter:site\" content=\"@zapateneo\" \/>\n<meta name=\"twitter:label1\" content=\"Tiempo de lectura\" \/>\n\t<meta name=\"twitter:data1\" content=\"11 minutos\" \/>\n<script type=\"application\/ld+json\" class=\"yoast-schema-graph\">{\"@context\":\"https:\\\/\\\/schema.org\",\"@graph\":[{\"@type\":\"WebPage\",\"@id\":\"https:\\\/\\\/zapateneo.net\\\/wordpress\\\/index.php\\\/producto\\\/el-tribuno-del-pueblo\\\/\",\"url\":\"https:\\\/\\\/zapateneo.net\\\/wordpress\\\/index.php\\\/producto\\\/el-tribuno-del-pueblo\\\/\",\"name\":\"EL TRIBUNO DEL PUEBLO &#8212; Zapateneo\",\"isPartOf\":{\"@id\":\"https:\\\/\\\/zapateneo.net\\\/wordpress\\\/#website\"},\"primaryImageOfPage\":{\"@id\":\"https:\\\/\\\/zapateneo.net\\\/wordpress\\\/index.php\\\/producto\\\/el-tribuno-del-pueblo\\\/#primaryimage\"},\"image\":{\"@id\":\"https:\\\/\\\/zapateneo.net\\\/wordpress\\\/index.php\\\/producto\\\/el-tribuno-del-pueblo\\\/#primaryimage\"},\"thumbnailUrl\":\"https:\\\/\\\/zapateneo.net\\\/wordpress\\\/wp-content\\\/uploads\\\/2021\\\/04\\\/41UYdVwquiL._SX213_BO1204203200_.jpg\",\"datePublished\":\"2021-04-08T16:05:47+00:00\",\"dateModified\":\"2021-10-18T14:57:15+00:00\",\"breadcrumb\":{\"@id\":\"https:\\\/\\\/zapateneo.net\\\/wordpress\\\/index.php\\\/producto\\\/el-tribuno-del-pueblo\\\/#breadcrumb\"},\"inLanguage\":\"es\",\"potentialAction\":[{\"@type\":\"ReadAction\",\"target\":[\"https:\\\/\\\/zapateneo.net\\\/wordpress\\\/index.php\\\/producto\\\/el-tribuno-del-pueblo\\\/\"]}]},{\"@type\":\"ImageObject\",\"inLanguage\":\"es\",\"@id\":\"https:\\\/\\\/zapateneo.net\\\/wordpress\\\/index.php\\\/producto\\\/el-tribuno-del-pueblo\\\/#primaryimage\",\"url\":\"https:\\\/\\\/zapateneo.net\\\/wordpress\\\/wp-content\\\/uploads\\\/2021\\\/04\\\/41UYdVwquiL._SX213_BO1204203200_.jpg\",\"contentUrl\":\"https:\\\/\\\/zapateneo.net\\\/wordpress\\\/wp-content\\\/uploads\\\/2021\\\/04\\\/41UYdVwquiL._SX213_BO1204203200_.jpg\",\"width\":215,\"height\":351},{\"@type\":\"BreadcrumbList\",\"@id\":\"https:\\\/\\\/zapateneo.net\\\/wordpress\\\/index.php\\\/producto\\\/el-tribuno-del-pueblo\\\/#breadcrumb\",\"itemListElement\":[{\"@type\":\"ListItem\",\"position\":1,\"name\":\"Portada\",\"item\":\"https:\\\/\\\/zapateneo.net\\\/wordpress\\\/\"},{\"@type\":\"ListItem\",\"position\":2,\"name\":\"Tienda\",\"item\":\"https:\\\/\\\/zapateneo.net\\\/wordpress\\\/\"},{\"@type\":\"ListItem\",\"position\":3,\"name\":\"EL TRIBUNO DEL PUEBLO\"}]},{\"@type\":\"WebSite\",\"@id\":\"https:\\\/\\\/zapateneo.net\\\/wordpress\\\/#website\",\"url\":\"https:\\\/\\\/zapateneo.net\\\/wordpress\\\/\",\"name\":\"Zapateneo\",\"description\":\"Zapateneoaren webgunea\",\"publisher\":{\"@id\":\"https:\\\/\\\/zapateneo.net\\\/wordpress\\\/#organization\"},\"potentialAction\":[{\"@type\":\"SearchAction\",\"target\":{\"@type\":\"EntryPoint\",\"urlTemplate\":\"https:\\\/\\\/zapateneo.net\\\/wordpress\\\/?s={search_term_string}\"},\"query-input\":{\"@type\":\"PropertyValueSpecification\",\"valueRequired\":true,\"valueName\":\"search_term_string\"}}],\"inLanguage\":\"es\"},{\"@type\":\"Organization\",\"@id\":\"https:\\\/\\\/zapateneo.net\\\/wordpress\\\/#organization\",\"name\":\"Zapateneo Kultur Elkartea\",\"url\":\"https:\\\/\\\/zapateneo.net\\\/wordpress\\\/\",\"logo\":{\"@type\":\"ImageObject\",\"inLanguage\":\"es\",\"@id\":\"https:\\\/\\\/zapateneo.net\\\/wordpress\\\/#\\\/schema\\\/logo\\\/image\\\/\",\"url\":\"https:\\\/\\\/zapateneo.net\\\/wordpress\\\/wp-content\\\/uploads\\\/2021\\\/04\\\/zap-libu-kolec.jpg\",\"contentUrl\":\"https:\\\/\\\/zapateneo.net\\\/wordpress\\\/wp-content\\\/uploads\\\/2021\\\/04\\\/zap-libu-kolec.jpg\",\"width\":2234,\"height\":398,\"caption\":\"Zapateneo Kultur Elkartea\"},\"image\":{\"@id\":\"https:\\\/\\\/zapateneo.net\\\/wordpress\\\/#\\\/schema\\\/logo\\\/image\\\/\"},\"sameAs\":[\"https:\\\/\\\/x.com\\\/zapateneo\"]}]}<\/script>\n<!-- \/ Yoast SEO plugin. -->","yoast_head_json":{"title":"EL TRIBUNO DEL PUEBLO &#8212; Zapateneo","robots":{"index":"index","follow":"follow","max-snippet":"max-snippet:-1","max-image-preview":"max-image-preview:large","max-video-preview":"max-video-preview:-1"},"canonical":"https:\/\/zapateneo.net\/wordpress\/index.php\/producto\/el-tribuno-del-pueblo\/","og_locale":"es_ES","og_type":"article","og_title":"EL TRIBUNO DEL PUEBLO &#8212; Zapateneo","og_description":"BABEUF, G. 9788433415059 - JUCAR - 1981 - 248 p\u00e1ginas \/orri.","og_url":"https:\/\/zapateneo.net\/wordpress\/index.php\/producto\/el-tribuno-del-pueblo\/","og_site_name":"Zapateneo","article_modified_time":"2021-10-18T14:57:15+00:00","og_image":[{"width":215,"height":351,"url":"https:\/\/zapateneo.net\/wordpress\/wp-content\/uploads\/2021\/04\/41UYdVwquiL._SX213_BO1204203200_.jpg","type":"image\/jpeg"}],"twitter_card":"summary_large_image","twitter_site":"@zapateneo","twitter_misc":{"Tiempo de lectura":"11 minutos"},"schema":{"@context":"https:\/\/schema.org","@graph":[{"@type":"WebPage","@id":"https:\/\/zapateneo.net\/wordpress\/index.php\/producto\/el-tribuno-del-pueblo\/","url":"https:\/\/zapateneo.net\/wordpress\/index.php\/producto\/el-tribuno-del-pueblo\/","name":"EL TRIBUNO DEL PUEBLO &#8212; Zapateneo","isPartOf":{"@id":"https:\/\/zapateneo.net\/wordpress\/#website"},"primaryImageOfPage":{"@id":"https:\/\/zapateneo.net\/wordpress\/index.php\/producto\/el-tribuno-del-pueblo\/#primaryimage"},"image":{"@id":"https:\/\/zapateneo.net\/wordpress\/index.php\/producto\/el-tribuno-del-pueblo\/#primaryimage"},"thumbnailUrl":"https:\/\/zapateneo.net\/wordpress\/wp-content\/uploads\/2021\/04\/41UYdVwquiL._SX213_BO1204203200_.jpg","datePublished":"2021-04-08T16:05:47+00:00","dateModified":"2021-10-18T14:57:15+00:00","breadcrumb":{"@id":"https:\/\/zapateneo.net\/wordpress\/index.php\/producto\/el-tribuno-del-pueblo\/#breadcrumb"},"inLanguage":"es","potentialAction":[{"@type":"ReadAction","target":["https:\/\/zapateneo.net\/wordpress\/index.php\/producto\/el-tribuno-del-pueblo\/"]}]},{"@type":"ImageObject","inLanguage":"es","@id":"https:\/\/zapateneo.net\/wordpress\/index.php\/producto\/el-tribuno-del-pueblo\/#primaryimage","url":"https:\/\/zapateneo.net\/wordpress\/wp-content\/uploads\/2021\/04\/41UYdVwquiL._SX213_BO1204203200_.jpg","contentUrl":"https:\/\/zapateneo.net\/wordpress\/wp-content\/uploads\/2021\/04\/41UYdVwquiL._SX213_BO1204203200_.jpg","width":215,"height":351},{"@type":"BreadcrumbList","@id":"https:\/\/zapateneo.net\/wordpress\/index.php\/producto\/el-tribuno-del-pueblo\/#breadcrumb","itemListElement":[{"@type":"ListItem","position":1,"name":"Portada","item":"https:\/\/zapateneo.net\/wordpress\/"},{"@type":"ListItem","position":2,"name":"Tienda","item":"https:\/\/zapateneo.net\/wordpress\/"},{"@type":"ListItem","position":3,"name":"EL TRIBUNO DEL PUEBLO"}]},{"@type":"WebSite","@id":"https:\/\/zapateneo.net\/wordpress\/#website","url":"https:\/\/zapateneo.net\/wordpress\/","name":"Zapateneo","description":"Zapateneoaren webgunea","publisher":{"@id":"https:\/\/zapateneo.net\/wordpress\/#organization"},"potentialAction":[{"@type":"SearchAction","target":{"@type":"EntryPoint","urlTemplate":"https:\/\/zapateneo.net\/wordpress\/?s={search_term_string}"},"query-input":{"@type":"PropertyValueSpecification","valueRequired":true,"valueName":"search_term_string"}}],"inLanguage":"es"},{"@type":"Organization","@id":"https:\/\/zapateneo.net\/wordpress\/#organization","name":"Zapateneo Kultur Elkartea","url":"https:\/\/zapateneo.net\/wordpress\/","logo":{"@type":"ImageObject","inLanguage":"es","@id":"https:\/\/zapateneo.net\/wordpress\/#\/schema\/logo\/image\/","url":"https:\/\/zapateneo.net\/wordpress\/wp-content\/uploads\/2021\/04\/zap-libu-kolec.jpg","contentUrl":"https:\/\/zapateneo.net\/wordpress\/wp-content\/uploads\/2021\/04\/zap-libu-kolec.jpg","width":2234,"height":398,"caption":"Zapateneo Kultur Elkartea"},"image":{"@id":"https:\/\/zapateneo.net\/wordpress\/#\/schema\/logo\/image\/"},"sameAs":["https:\/\/x.com\/zapateneo"]}]}},"_links":{"self":[{"href":"https:\/\/zapateneo.net\/wordpress\/index.php\/wp-json\/wp\/v2\/product\/5621","targetHints":{"allow":["GET"]}}],"collection":[{"href":"https:\/\/zapateneo.net\/wordpress\/index.php\/wp-json\/wp\/v2\/product"}],"about":[{"href":"https:\/\/zapateneo.net\/wordpress\/index.php\/wp-json\/wp\/v2\/types\/product"}],"wp:featuredmedia":[{"embeddable":true,"href":"https:\/\/zapateneo.net\/wordpress\/index.php\/wp-json\/wp\/v2\/media\/8584"}],"wp:attachment":[{"href":"https:\/\/zapateneo.net\/wordpress\/index.php\/wp-json\/wp\/v2\/media?parent=5621"}],"wp:term":[{"taxonomy":"product_brand","embeddable":true,"href":"https:\/\/zapateneo.net\/wordpress\/index.php\/wp-json\/wp\/v2\/product_brand?post=5621"},{"taxonomy":"product_cat","embeddable":true,"href":"https:\/\/zapateneo.net\/wordpress\/index.php\/wp-json\/wp\/v2\/product_cat?post=5621"},{"taxonomy":"product_tag","embeddable":true,"href":"https:\/\/zapateneo.net\/wordpress\/index.php\/wp-json\/wp\/v2\/product_tag?post=5621"}],"curies":[{"name":"wp","href":"https:\/\/api.w.org\/{rel}","templated":true}]}}