{"id":5618,"date":"2021-04-08T17:05:46","date_gmt":"2021-04-08T16:05:46","guid":{"rendered":"https:\/\/zapateneo.net\/wordpress\/?post_type=product&#038;p=5618"},"modified":"2021-10-18T16:11:17","modified_gmt":"2021-10-18T15:11:17","slug":"mito-y-politica-en-la-historiografia-del-proximo-oriente-antiguo","status":"publish","type":"product","link":"https:\/\/zapateneo.net\/wordpress\/index.php\/producto\/mito-y-politica-en-la-historiografia-del-proximo-oriente-antiguo\/","title":{"rendered":"MITO Y POLITICA EN LA HISTORIOGRAFIA DEL PROXIMO ORIENTE ANTIGUO"},"content":{"rendered":"<p>&nbsp;<\/p>\n<p>En este libro se re\u00fane una selecci\u00f3n de ensayos que a lo largo de los a\u00f1os setenta y ochenta dedic\u00f3 el autor a la historiograf\u00eda del Pr\u00f3ximo Oriente antiguo. La mayor\u00eda de ellos son reconstrucciones hist\u00f3ricas basadas en antiguos mitos y leyendas. Todos son investigaciones rigurosas e innovadoras sobre la forma de abordar los documentos antiguos por parte del historiador. Una de las principales aportaciones metodol\u00f3gicas es la aplicaci\u00f3n del an\u00e1lisis estructural a estos mitos. Es el caso del mito babil\u00f3nico de Adapa, una saga antidiluviana vinculada al ciclo de la vegetaci\u00f3n y de la muerte, cuyas claves est\u00e1n en la lectura antropol\u00f3gica de la \u00abhospitalidad\u00bb y de la reciprocidad. O el car\u00e1cter propagand\u00edstico de los edictos reales hititas, su manipulaci\u00f3n pol\u00edtica y ret\u00f3rica, donde la paridad, la simetr\u00eda y la igualdad de rango entre reyes enmascaran situaciones de sumisi\u00f3n y subordinaci\u00f3n, o bien la forma en que reyes usurpadores, como Idrimi de Alalah, Sarg\u00f3n de Akkad o Hattushili III, presentaron sus respectivas historias como un \u00abcuento de hadas\u00bb, a fin de justificar sus aspiraciones al trono. O la insistente y reiterativa correspondencia entre el rey de Biblos, Rib-Adda, y el fara\u00f3n egipcio, en la que aquel utiliza recursos literarios para presentar el lamento por la p\u00e9rdida de la \u00abedad de oro\u00bb de su ciudad, en un contexto de frustraci\u00f3n pol\u00edtica. Por \u00faltimo, la leyenda b\u00edblica de Jo\u00e1s salvado de ni\u00f1o por un pariente y reconocido a\u00f1os despu\u00e9s como monarca a trav\u00e9s de un relato dirigido a legitimar sus derechos.<\/p>\n<p>&nbsp;<\/p>\n","protected":false},"excerpt":{"rendered":"<p><strong>LIVERANI, MARIO<\/strong><br \/>\n9788472903265 &#8211; Bellaterra &#8211; 2006 &#8211; 254 p\u00e1ginas \/orri.<\/p>\n","protected":false},"featured_media":8590,"template":"","meta":[],"product_brand":[],"product_cat":[185,16],"product_tag":[92,3549],"class_list":{"0":"post-5618","1":"product","2":"type-product","3":"status-publish","4":"has-post-thumbnail","6":"product_cat-historia","7":"product_cat-libros","8":"product_tag-bellaterra","9":"product_tag-liverani","11":"first","12":"instock","13":"sold-individually","14":"shipping-taxable","15":"purchasable","16":"product-type-simple"},"yoast_head":"<!-- This site is optimized with the Yoast SEO plugin v27.4 - https:\/\/yoast.com\/product\/yoast-seo-wordpress\/ -->\n<title>MITO Y POLITICA EN LA HISTORIOGRAFIA DEL PROXIMO ORIENTE ANTIGUO &#8212; Zapateneo<\/title>\n<meta name=\"robots\" content=\"index, follow, max-snippet:-1, max-image-preview:large, max-video-preview:-1\" \/>\n<link rel=\"canonical\" href=\"https:\/\/zapateneo.net\/wordpress\/index.php\/producto\/mito-y-politica-en-la-historiografia-del-proximo-oriente-antiguo\/\" \/>\n<meta property=\"og:locale\" content=\"es_ES\" \/>\n<meta property=\"og:type\" content=\"article\" \/>\n<meta property=\"og:title\" content=\"MITO Y POLITICA EN LA HISTORIOGRAFIA DEL PROXIMO ORIENTE ANTIGUO &#8212; Zapateneo\" \/>\n<meta property=\"og:description\" content=\"LIVERANI, MARIO 9788472903265 - Bellaterra - 2006 - 254 p\u00e1ginas \/orri.\" \/>\n<meta property=\"og:url\" content=\"https:\/\/zapateneo.net\/wordpress\/index.php\/producto\/mito-y-politica-en-la-historiografia-del-proximo-oriente-antiguo\/\" \/>\n<meta property=\"og:site_name\" content=\"Zapateneo\" \/>\n<meta property=\"article:modified_time\" content=\"2021-10-18T15:11:17+00:00\" \/>\n<meta property=\"og:image\" content=\"https:\/\/zapateneo.net\/wordpress\/wp-content\/uploads\/2021\/04\/histo-anti.jpg\" \/>\n\t<meta property=\"og:image:width\" content=\"183\" \/>\n\t<meta property=\"og:image:height\" content=\"275\" \/>\n\t<meta property=\"og:image:type\" content=\"image\/jpeg\" \/>\n<meta name=\"twitter:card\" content=\"summary_large_image\" \/>\n<meta name=\"twitter:site\" content=\"@zapateneo\" \/>\n<meta name=\"twitter:label1\" content=\"Tiempo de lectura\" \/>\n\t<meta name=\"twitter:data1\" content=\"1 minuto\" \/>\n<script type=\"application\/ld+json\" class=\"yoast-schema-graph\">{\"@context\":\"https:\\\/\\\/schema.org\",\"@graph\":[{\"@type\":\"WebPage\",\"@id\":\"https:\\\/\\\/zapateneo.net\\\/wordpress\\\/index.php\\\/producto\\\/mito-y-politica-en-la-historiografia-del-proximo-oriente-antiguo\\\/\",\"url\":\"https:\\\/\\\/zapateneo.net\\\/wordpress\\\/index.php\\\/producto\\\/mito-y-politica-en-la-historiografia-del-proximo-oriente-antiguo\\\/\",\"name\":\"MITO Y POLITICA EN LA HISTORIOGRAFIA DEL PROXIMO ORIENTE ANTIGUO &#8212; Zapateneo\",\"isPartOf\":{\"@id\":\"https:\\\/\\\/zapateneo.net\\\/wordpress\\\/#website\"},\"primaryImageOfPage\":{\"@id\":\"https:\\\/\\\/zapateneo.net\\\/wordpress\\\/index.php\\\/producto\\\/mito-y-politica-en-la-historiografia-del-proximo-oriente-antiguo\\\/#primaryimage\"},\"image\":{\"@id\":\"https:\\\/\\\/zapateneo.net\\\/wordpress\\\/index.php\\\/producto\\\/mito-y-politica-en-la-historiografia-del-proximo-oriente-antiguo\\\/#primaryimage\"},\"thumbnailUrl\":\"https:\\\/\\\/zapateneo.net\\\/wordpress\\\/wp-content\\\/uploads\\\/2021\\\/04\\\/histo-anti.jpg\",\"datePublished\":\"2021-04-08T16:05:46+00:00\",\"dateModified\":\"2021-10-18T15:11:17+00:00\",\"breadcrumb\":{\"@id\":\"https:\\\/\\\/zapateneo.net\\\/wordpress\\\/index.php\\\/producto\\\/mito-y-politica-en-la-historiografia-del-proximo-oriente-antiguo\\\/#breadcrumb\"},\"inLanguage\":\"es\",\"potentialAction\":[{\"@type\":\"ReadAction\",\"target\":[\"https:\\\/\\\/zapateneo.net\\\/wordpress\\\/index.php\\\/producto\\\/mito-y-politica-en-la-historiografia-del-proximo-oriente-antiguo\\\/\"]}]},{\"@type\":\"ImageObject\",\"inLanguage\":\"es\",\"@id\":\"https:\\\/\\\/zapateneo.net\\\/wordpress\\\/index.php\\\/producto\\\/mito-y-politica-en-la-historiografia-del-proximo-oriente-antiguo\\\/#primaryimage\",\"url\":\"https:\\\/\\\/zapateneo.net\\\/wordpress\\\/wp-content\\\/uploads\\\/2021\\\/04\\\/histo-anti.jpg\",\"contentUrl\":\"https:\\\/\\\/zapateneo.net\\\/wordpress\\\/wp-content\\\/uploads\\\/2021\\\/04\\\/histo-anti.jpg\",\"width\":183,\"height\":275},{\"@type\":\"BreadcrumbList\",\"@id\":\"https:\\\/\\\/zapateneo.net\\\/wordpress\\\/index.php\\\/producto\\\/mito-y-politica-en-la-historiografia-del-proximo-oriente-antiguo\\\/#breadcrumb\",\"itemListElement\":[{\"@type\":\"ListItem\",\"position\":1,\"name\":\"Portada\",\"item\":\"https:\\\/\\\/zapateneo.net\\\/wordpress\\\/\"},{\"@type\":\"ListItem\",\"position\":2,\"name\":\"Tienda\",\"item\":\"https:\\\/\\\/zapateneo.net\\\/wordpress\\\/\"},{\"@type\":\"ListItem\",\"position\":3,\"name\":\"MITO Y POLITICA EN LA HISTORIOGRAFIA DEL PROXIMO ORIENTE ANTIGUO\"}]},{\"@type\":\"WebSite\",\"@id\":\"https:\\\/\\\/zapateneo.net\\\/wordpress\\\/#website\",\"url\":\"https:\\\/\\\/zapateneo.net\\\/wordpress\\\/\",\"name\":\"Zapateneo\",\"description\":\"Zapateneoaren webgunea\",\"publisher\":{\"@id\":\"https:\\\/\\\/zapateneo.net\\\/wordpress\\\/#organization\"},\"potentialAction\":[{\"@type\":\"SearchAction\",\"target\":{\"@type\":\"EntryPoint\",\"urlTemplate\":\"https:\\\/\\\/zapateneo.net\\\/wordpress\\\/?s={search_term_string}\"},\"query-input\":{\"@type\":\"PropertyValueSpecification\",\"valueRequired\":true,\"valueName\":\"search_term_string\"}}],\"inLanguage\":\"es\"},{\"@type\":\"Organization\",\"@id\":\"https:\\\/\\\/zapateneo.net\\\/wordpress\\\/#organization\",\"name\":\"Zapateneo Kultur Elkartea\",\"url\":\"https:\\\/\\\/zapateneo.net\\\/wordpress\\\/\",\"logo\":{\"@type\":\"ImageObject\",\"inLanguage\":\"es\",\"@id\":\"https:\\\/\\\/zapateneo.net\\\/wordpress\\\/#\\\/schema\\\/logo\\\/image\\\/\",\"url\":\"https:\\\/\\\/zapateneo.net\\\/wordpress\\\/wp-content\\\/uploads\\\/2021\\\/04\\\/zap-libu-kolec.jpg\",\"contentUrl\":\"https:\\\/\\\/zapateneo.net\\\/wordpress\\\/wp-content\\\/uploads\\\/2021\\\/04\\\/zap-libu-kolec.jpg\",\"width\":2234,\"height\":398,\"caption\":\"Zapateneo Kultur Elkartea\"},\"image\":{\"@id\":\"https:\\\/\\\/zapateneo.net\\\/wordpress\\\/#\\\/schema\\\/logo\\\/image\\\/\"},\"sameAs\":[\"https:\\\/\\\/x.com\\\/zapateneo\"]}]}<\/script>\n<!-- \/ Yoast SEO plugin. -->","yoast_head_json":{"title":"MITO Y POLITICA EN LA HISTORIOGRAFIA DEL PROXIMO ORIENTE ANTIGUO &#8212; Zapateneo","robots":{"index":"index","follow":"follow","max-snippet":"max-snippet:-1","max-image-preview":"max-image-preview:large","max-video-preview":"max-video-preview:-1"},"canonical":"https:\/\/zapateneo.net\/wordpress\/index.php\/producto\/mito-y-politica-en-la-historiografia-del-proximo-oriente-antiguo\/","og_locale":"es_ES","og_type":"article","og_title":"MITO Y POLITICA EN LA HISTORIOGRAFIA DEL PROXIMO ORIENTE ANTIGUO &#8212; Zapateneo","og_description":"LIVERANI, MARIO 9788472903265 - Bellaterra - 2006 - 254 p\u00e1ginas \/orri.","og_url":"https:\/\/zapateneo.net\/wordpress\/index.php\/producto\/mito-y-politica-en-la-historiografia-del-proximo-oriente-antiguo\/","og_site_name":"Zapateneo","article_modified_time":"2021-10-18T15:11:17+00:00","og_image":[{"width":183,"height":275,"url":"https:\/\/zapateneo.net\/wordpress\/wp-content\/uploads\/2021\/04\/histo-anti.jpg","type":"image\/jpeg"}],"twitter_card":"summary_large_image","twitter_site":"@zapateneo","twitter_misc":{"Tiempo de lectura":"1 minuto"},"schema":{"@context":"https:\/\/schema.org","@graph":[{"@type":"WebPage","@id":"https:\/\/zapateneo.net\/wordpress\/index.php\/producto\/mito-y-politica-en-la-historiografia-del-proximo-oriente-antiguo\/","url":"https:\/\/zapateneo.net\/wordpress\/index.php\/producto\/mito-y-politica-en-la-historiografia-del-proximo-oriente-antiguo\/","name":"MITO Y POLITICA EN LA HISTORIOGRAFIA DEL PROXIMO ORIENTE ANTIGUO &#8212; Zapateneo","isPartOf":{"@id":"https:\/\/zapateneo.net\/wordpress\/#website"},"primaryImageOfPage":{"@id":"https:\/\/zapateneo.net\/wordpress\/index.php\/producto\/mito-y-politica-en-la-historiografia-del-proximo-oriente-antiguo\/#primaryimage"},"image":{"@id":"https:\/\/zapateneo.net\/wordpress\/index.php\/producto\/mito-y-politica-en-la-historiografia-del-proximo-oriente-antiguo\/#primaryimage"},"thumbnailUrl":"https:\/\/zapateneo.net\/wordpress\/wp-content\/uploads\/2021\/04\/histo-anti.jpg","datePublished":"2021-04-08T16:05:46+00:00","dateModified":"2021-10-18T15:11:17+00:00","breadcrumb":{"@id":"https:\/\/zapateneo.net\/wordpress\/index.php\/producto\/mito-y-politica-en-la-historiografia-del-proximo-oriente-antiguo\/#breadcrumb"},"inLanguage":"es","potentialAction":[{"@type":"ReadAction","target":["https:\/\/zapateneo.net\/wordpress\/index.php\/producto\/mito-y-politica-en-la-historiografia-del-proximo-oriente-antiguo\/"]}]},{"@type":"ImageObject","inLanguage":"es","@id":"https:\/\/zapateneo.net\/wordpress\/index.php\/producto\/mito-y-politica-en-la-historiografia-del-proximo-oriente-antiguo\/#primaryimage","url":"https:\/\/zapateneo.net\/wordpress\/wp-content\/uploads\/2021\/04\/histo-anti.jpg","contentUrl":"https:\/\/zapateneo.net\/wordpress\/wp-content\/uploads\/2021\/04\/histo-anti.jpg","width":183,"height":275},{"@type":"BreadcrumbList","@id":"https:\/\/zapateneo.net\/wordpress\/index.php\/producto\/mito-y-politica-en-la-historiografia-del-proximo-oriente-antiguo\/#breadcrumb","itemListElement":[{"@type":"ListItem","position":1,"name":"Portada","item":"https:\/\/zapateneo.net\/wordpress\/"},{"@type":"ListItem","position":2,"name":"Tienda","item":"https:\/\/zapateneo.net\/wordpress\/"},{"@type":"ListItem","position":3,"name":"MITO Y POLITICA EN LA HISTORIOGRAFIA DEL PROXIMO ORIENTE ANTIGUO"}]},{"@type":"WebSite","@id":"https:\/\/zapateneo.net\/wordpress\/#website","url":"https:\/\/zapateneo.net\/wordpress\/","name":"Zapateneo","description":"Zapateneoaren webgunea","publisher":{"@id":"https:\/\/zapateneo.net\/wordpress\/#organization"},"potentialAction":[{"@type":"SearchAction","target":{"@type":"EntryPoint","urlTemplate":"https:\/\/zapateneo.net\/wordpress\/?s={search_term_string}"},"query-input":{"@type":"PropertyValueSpecification","valueRequired":true,"valueName":"search_term_string"}}],"inLanguage":"es"},{"@type":"Organization","@id":"https:\/\/zapateneo.net\/wordpress\/#organization","name":"Zapateneo Kultur Elkartea","url":"https:\/\/zapateneo.net\/wordpress\/","logo":{"@type":"ImageObject","inLanguage":"es","@id":"https:\/\/zapateneo.net\/wordpress\/#\/schema\/logo\/image\/","url":"https:\/\/zapateneo.net\/wordpress\/wp-content\/uploads\/2021\/04\/zap-libu-kolec.jpg","contentUrl":"https:\/\/zapateneo.net\/wordpress\/wp-content\/uploads\/2021\/04\/zap-libu-kolec.jpg","width":2234,"height":398,"caption":"Zapateneo Kultur Elkartea"},"image":{"@id":"https:\/\/zapateneo.net\/wordpress\/#\/schema\/logo\/image\/"},"sameAs":["https:\/\/x.com\/zapateneo"]}]}},"_links":{"self":[{"href":"https:\/\/zapateneo.net\/wordpress\/index.php\/wp-json\/wp\/v2\/product\/5618","targetHints":{"allow":["GET"]}}],"collection":[{"href":"https:\/\/zapateneo.net\/wordpress\/index.php\/wp-json\/wp\/v2\/product"}],"about":[{"href":"https:\/\/zapateneo.net\/wordpress\/index.php\/wp-json\/wp\/v2\/types\/product"}],"wp:featuredmedia":[{"embeddable":true,"href":"https:\/\/zapateneo.net\/wordpress\/index.php\/wp-json\/wp\/v2\/media\/8590"}],"wp:attachment":[{"href":"https:\/\/zapateneo.net\/wordpress\/index.php\/wp-json\/wp\/v2\/media?parent=5618"}],"wp:term":[{"taxonomy":"product_brand","embeddable":true,"href":"https:\/\/zapateneo.net\/wordpress\/index.php\/wp-json\/wp\/v2\/product_brand?post=5618"},{"taxonomy":"product_cat","embeddable":true,"href":"https:\/\/zapateneo.net\/wordpress\/index.php\/wp-json\/wp\/v2\/product_cat?post=5618"},{"taxonomy":"product_tag","embeddable":true,"href":"https:\/\/zapateneo.net\/wordpress\/index.php\/wp-json\/wp\/v2\/product_tag?post=5618"}],"curies":[{"name":"wp","href":"https:\/\/api.w.org\/{rel}","templated":true}]}}