{"id":5582,"date":"2021-04-08T17:05:22","date_gmt":"2021-04-08T16:05:22","guid":{"rendered":"https:\/\/zapateneo.net\/wordpress\/?post_type=product&#038;p=5582"},"modified":"2022-01-03T10:09:25","modified_gmt":"2022-01-03T09:09:25","slug":"fuimos-tan-terriblemente-consecuentes-r-a-f","status":"publish","type":"product","link":"https:\/\/zapateneo.net\/wordpress\/index.php\/producto\/fuimos-tan-terriblemente-consecuentes-r-a-f\/","title":{"rendered":"FUIMOS TAN TERRIBLEMENTE CONSECUENTES-R.A.F"},"content":{"rendered":"<div>\n<p><em>\u00abFuimos tan terriblemente consecuentes \u2014cuando lo importante hubiera sido mostrar nuestra fuerza humana y nuestra generosidad\u2014 y pol\u00edticamente muy poco radicales, hasta inofensivos, a la hora de subvertir las condiciones sociales y hacerlas que se tambaleen.\u00bb<\/em><\/p>\n<p>As\u00ed se refiere Stefan Wisniewski, militante de la segunda generaci\u00f3n de la Fracci\u00f3n del Ej\u00e9rcito Rojo (RAF), a los hechos del oto\u00f1o alem\u00e1n de 1977 y, por extensi\u00f3n, a la propia trayectoria de la organizaci\u00f3n armada m\u00e1s relevante de la Alemania posterior a la Segunda Guerra Mundial.<\/p>\n<p>En esta entrevista concedida en 1997 a Petra Groll y J\u00fcrgen Gottschlich \u2014complementada con el comunicado de disoluci\u00f3n de la RAF, publicado en 1998\u2014, Wisniewski reflexiona sobre la ofensiva para la liberaci\u00f3n de los presos de la organizaci\u00f3n lanzada entre julio y octubre de 1977, el secuestro y posterior ejecuci\u00f3n del exdirigente nazi y presidente de la patronal alemana Hanns Martin Schleyer, y el rapto del avi\u00f3n de Lufthansa que acab\u00f3 con la muerte de tres militantes palestinos.<\/p>\n<p>A lo largo de la entrevista, realizada con \u00e9l todav\u00eda en prisi\u00f3n, Wisniewski aborda de manera cr\u00edtica las diferentes apuestas estrat\u00e9gicas de la organizaci\u00f3n o las manipulaciones medi\u00e1ticas y pol\u00edticas en torno al grupo, ofreciendo el testimonio inestimable y en primera persona de alguien que particip\u00f3 tanto de la coherencia como de las contradicciones del ciclo de la experiencia armada en la izquierda radical europea.<\/p>\n<\/div>\n<div class=\"row\">\n<div class=\"col-12 col-12-small\">\n<p><strong>STEFAN WISNIEWSKI<\/strong>\u00a0(KLOSTERREICHENBACH, 1953)<\/p>\n<p>Hijo de deportados polacos (su padre, que muri\u00f3 en 1953, fue trabajador forzado del Servicio Laboral Alem\u00e1n durante la Segunda Guerra Mundial), Stefan Wisniewski se form\u00f3 como electricista. Tras pasar por el reformatorio, del que se escap\u00f3 siete veces, trabaj\u00f3 en un nav\u00edo visitando diferentes pa\u00edses y, a su regreso, se instal\u00f3 en Hamburgo. All\u00ed contact\u00f3 con las nuevas tendencias de la izquierda radical del momento y se uni\u00f3 a la RAF entre 1974 y 1975. Wisniewski particip\u00f3 en m\u00faltiples acciones hasta mayo de 1978, cuando fue detenido en el aeropuerto de Par\u00eds-Orly. Condenado a dos cadenas perpetuas, pas\u00f3 veinti\u00fan a\u00f1os en prisi\u00f3n, hasta que obtuvo la libertad condicional en 1999.<\/p>\n<hr \/>\n<div>\n<h2><a href=\"https:\/\/www.viruseditorial.net\/es\/editorial\/descargar-pdf\" target=\"_blank\" rel=\"noopener\">Libro en libre descarga de Virus Editorial<\/a><\/h2>\n<\/div>\n<\/div>\n<\/div>\n","protected":false},"excerpt":{"rendered":"<p><strong>STEFAN WISNIESWKI<\/strong><br \/>\n9788496044036 &#8211; VIRUS &#8211; 2002 &#8211; 68 p\u00e1ginas \/orri.<\/p>\n","protected":false},"featured_media":5631,"template":"","meta":[],"product_brand":[],"product_cat":[185,16],"product_tag":[4626,3534,57],"class_list":{"0":"post-5582","1":"product","2":"type-product","3":"status-publish","4":"has-post-thumbnail","6":"product_cat-historia","7":"product_cat-libros","8":"product_tag-deskargak","9":"product_tag-stefan-wisnieswki","10":"product_tag-virus","12":"first","13":"instock","14":"sold-individually","15":"shipping-taxable","16":"purchasable","17":"product-type-simple"},"yoast_head":"<!-- This site is optimized with the Yoast SEO plugin v27.4 - https:\/\/yoast.com\/product\/yoast-seo-wordpress\/ -->\n<title>FUIMOS TAN TERRIBLEMENTE CONSECUENTES-R.A.F &#8212; Zapateneo<\/title>\n<meta name=\"robots\" content=\"index, follow, max-snippet:-1, max-image-preview:large, max-video-preview:-1\" \/>\n<link rel=\"canonical\" href=\"https:\/\/zapateneo.net\/wordpress\/index.php\/producto\/fuimos-tan-terriblemente-consecuentes-r-a-f\/\" \/>\n<meta property=\"og:locale\" content=\"es_ES\" \/>\n<meta property=\"og:type\" content=\"article\" \/>\n<meta property=\"og:title\" content=\"FUIMOS TAN TERRIBLEMENTE CONSECUENTES-R.A.F &#8212; Zapateneo\" \/>\n<meta property=\"og:description\" content=\"STEFAN WISNIESWKI 9788496044036 - VIRUS - 2002 - 68 p\u00e1ginas \/orri.\" \/>\n<meta property=\"og:url\" content=\"https:\/\/zapateneo.net\/wordpress\/index.php\/producto\/fuimos-tan-terriblemente-consecuentes-r-a-f\/\" \/>\n<meta property=\"og:site_name\" content=\"Zapateneo\" \/>\n<meta property=\"article:modified_time\" content=\"2022-01-03T09:09:25+00:00\" \/>\n<meta property=\"og:image\" content=\"https:\/\/zapateneo.net\/wordpress\/wp-content\/uploads\/2021\/04\/1341.jpg\" \/>\n\t<meta property=\"og:image:width\" content=\"148\" \/>\n\t<meta property=\"og:image:height\" content=\"216\" \/>\n\t<meta property=\"og:image:type\" content=\"image\/jpeg\" \/>\n<meta name=\"twitter:card\" content=\"summary_large_image\" \/>\n<meta name=\"twitter:site\" content=\"@zapateneo\" \/>\n<meta name=\"twitter:label1\" content=\"Tiempo de lectura\" \/>\n\t<meta name=\"twitter:data1\" content=\"2 minutos\" \/>\n<script type=\"application\/ld+json\" class=\"yoast-schema-graph\">{\"@context\":\"https:\\\/\\\/schema.org\",\"@graph\":[{\"@type\":\"WebPage\",\"@id\":\"https:\\\/\\\/zapateneo.net\\\/wordpress\\\/index.php\\\/producto\\\/fuimos-tan-terriblemente-consecuentes-r-a-f\\\/\",\"url\":\"https:\\\/\\\/zapateneo.net\\\/wordpress\\\/index.php\\\/producto\\\/fuimos-tan-terriblemente-consecuentes-r-a-f\\\/\",\"name\":\"FUIMOS TAN TERRIBLEMENTE CONSECUENTES-R.A.F &#8212; Zapateneo\",\"isPartOf\":{\"@id\":\"https:\\\/\\\/zapateneo.net\\\/wordpress\\\/#website\"},\"primaryImageOfPage\":{\"@id\":\"https:\\\/\\\/zapateneo.net\\\/wordpress\\\/index.php\\\/producto\\\/fuimos-tan-terriblemente-consecuentes-r-a-f\\\/#primaryimage\"},\"image\":{\"@id\":\"https:\\\/\\\/zapateneo.net\\\/wordpress\\\/index.php\\\/producto\\\/fuimos-tan-terriblemente-consecuentes-r-a-f\\\/#primaryimage\"},\"thumbnailUrl\":\"https:\\\/\\\/zapateneo.net\\\/wordpress\\\/wp-content\\\/uploads\\\/2021\\\/04\\\/1341.jpg\",\"datePublished\":\"2021-04-08T16:05:22+00:00\",\"dateModified\":\"2022-01-03T09:09:25+00:00\",\"breadcrumb\":{\"@id\":\"https:\\\/\\\/zapateneo.net\\\/wordpress\\\/index.php\\\/producto\\\/fuimos-tan-terriblemente-consecuentes-r-a-f\\\/#breadcrumb\"},\"inLanguage\":\"es\",\"potentialAction\":[{\"@type\":\"ReadAction\",\"target\":[\"https:\\\/\\\/zapateneo.net\\\/wordpress\\\/index.php\\\/producto\\\/fuimos-tan-terriblemente-consecuentes-r-a-f\\\/\"]}]},{\"@type\":\"ImageObject\",\"inLanguage\":\"es\",\"@id\":\"https:\\\/\\\/zapateneo.net\\\/wordpress\\\/index.php\\\/producto\\\/fuimos-tan-terriblemente-consecuentes-r-a-f\\\/#primaryimage\",\"url\":\"https:\\\/\\\/zapateneo.net\\\/wordpress\\\/wp-content\\\/uploads\\\/2021\\\/04\\\/1341.jpg\",\"contentUrl\":\"https:\\\/\\\/zapateneo.net\\\/wordpress\\\/wp-content\\\/uploads\\\/2021\\\/04\\\/1341.jpg\",\"width\":148,\"height\":216},{\"@type\":\"BreadcrumbList\",\"@id\":\"https:\\\/\\\/zapateneo.net\\\/wordpress\\\/index.php\\\/producto\\\/fuimos-tan-terriblemente-consecuentes-r-a-f\\\/#breadcrumb\",\"itemListElement\":[{\"@type\":\"ListItem\",\"position\":1,\"name\":\"Portada\",\"item\":\"https:\\\/\\\/zapateneo.net\\\/wordpress\\\/\"},{\"@type\":\"ListItem\",\"position\":2,\"name\":\"Tienda\",\"item\":\"https:\\\/\\\/zapateneo.net\\\/wordpress\\\/\"},{\"@type\":\"ListItem\",\"position\":3,\"name\":\"FUIMOS TAN TERRIBLEMENTE CONSECUENTES-R.A.F\"}]},{\"@type\":\"WebSite\",\"@id\":\"https:\\\/\\\/zapateneo.net\\\/wordpress\\\/#website\",\"url\":\"https:\\\/\\\/zapateneo.net\\\/wordpress\\\/\",\"name\":\"Zapateneo\",\"description\":\"Zapateneoaren webgunea\",\"publisher\":{\"@id\":\"https:\\\/\\\/zapateneo.net\\\/wordpress\\\/#organization\"},\"potentialAction\":[{\"@type\":\"SearchAction\",\"target\":{\"@type\":\"EntryPoint\",\"urlTemplate\":\"https:\\\/\\\/zapateneo.net\\\/wordpress\\\/?s={search_term_string}\"},\"query-input\":{\"@type\":\"PropertyValueSpecification\",\"valueRequired\":true,\"valueName\":\"search_term_string\"}}],\"inLanguage\":\"es\"},{\"@type\":\"Organization\",\"@id\":\"https:\\\/\\\/zapateneo.net\\\/wordpress\\\/#organization\",\"name\":\"Zapateneo Kultur Elkartea\",\"url\":\"https:\\\/\\\/zapateneo.net\\\/wordpress\\\/\",\"logo\":{\"@type\":\"ImageObject\",\"inLanguage\":\"es\",\"@id\":\"https:\\\/\\\/zapateneo.net\\\/wordpress\\\/#\\\/schema\\\/logo\\\/image\\\/\",\"url\":\"https:\\\/\\\/zapateneo.net\\\/wordpress\\\/wp-content\\\/uploads\\\/2021\\\/04\\\/zap-libu-kolec.jpg\",\"contentUrl\":\"https:\\\/\\\/zapateneo.net\\\/wordpress\\\/wp-content\\\/uploads\\\/2021\\\/04\\\/zap-libu-kolec.jpg\",\"width\":2234,\"height\":398,\"caption\":\"Zapateneo Kultur Elkartea\"},\"image\":{\"@id\":\"https:\\\/\\\/zapateneo.net\\\/wordpress\\\/#\\\/schema\\\/logo\\\/image\\\/\"},\"sameAs\":[\"https:\\\/\\\/x.com\\\/zapateneo\"]}]}<\/script>\n<!-- \/ Yoast SEO plugin. -->","yoast_head_json":{"title":"FUIMOS TAN TERRIBLEMENTE CONSECUENTES-R.A.F &#8212; Zapateneo","robots":{"index":"index","follow":"follow","max-snippet":"max-snippet:-1","max-image-preview":"max-image-preview:large","max-video-preview":"max-video-preview:-1"},"canonical":"https:\/\/zapateneo.net\/wordpress\/index.php\/producto\/fuimos-tan-terriblemente-consecuentes-r-a-f\/","og_locale":"es_ES","og_type":"article","og_title":"FUIMOS TAN TERRIBLEMENTE CONSECUENTES-R.A.F &#8212; Zapateneo","og_description":"STEFAN WISNIESWKI 9788496044036 - VIRUS - 2002 - 68 p\u00e1ginas \/orri.","og_url":"https:\/\/zapateneo.net\/wordpress\/index.php\/producto\/fuimos-tan-terriblemente-consecuentes-r-a-f\/","og_site_name":"Zapateneo","article_modified_time":"2022-01-03T09:09:25+00:00","og_image":[{"width":148,"height":216,"url":"https:\/\/zapateneo.net\/wordpress\/wp-content\/uploads\/2021\/04\/1341.jpg","type":"image\/jpeg"}],"twitter_card":"summary_large_image","twitter_site":"@zapateneo","twitter_misc":{"Tiempo de lectura":"2 minutos"},"schema":{"@context":"https:\/\/schema.org","@graph":[{"@type":"WebPage","@id":"https:\/\/zapateneo.net\/wordpress\/index.php\/producto\/fuimos-tan-terriblemente-consecuentes-r-a-f\/","url":"https:\/\/zapateneo.net\/wordpress\/index.php\/producto\/fuimos-tan-terriblemente-consecuentes-r-a-f\/","name":"FUIMOS TAN TERRIBLEMENTE CONSECUENTES-R.A.F &#8212; Zapateneo","isPartOf":{"@id":"https:\/\/zapateneo.net\/wordpress\/#website"},"primaryImageOfPage":{"@id":"https:\/\/zapateneo.net\/wordpress\/index.php\/producto\/fuimos-tan-terriblemente-consecuentes-r-a-f\/#primaryimage"},"image":{"@id":"https:\/\/zapateneo.net\/wordpress\/index.php\/producto\/fuimos-tan-terriblemente-consecuentes-r-a-f\/#primaryimage"},"thumbnailUrl":"https:\/\/zapateneo.net\/wordpress\/wp-content\/uploads\/2021\/04\/1341.jpg","datePublished":"2021-04-08T16:05:22+00:00","dateModified":"2022-01-03T09:09:25+00:00","breadcrumb":{"@id":"https:\/\/zapateneo.net\/wordpress\/index.php\/producto\/fuimos-tan-terriblemente-consecuentes-r-a-f\/#breadcrumb"},"inLanguage":"es","potentialAction":[{"@type":"ReadAction","target":["https:\/\/zapateneo.net\/wordpress\/index.php\/producto\/fuimos-tan-terriblemente-consecuentes-r-a-f\/"]}]},{"@type":"ImageObject","inLanguage":"es","@id":"https:\/\/zapateneo.net\/wordpress\/index.php\/producto\/fuimos-tan-terriblemente-consecuentes-r-a-f\/#primaryimage","url":"https:\/\/zapateneo.net\/wordpress\/wp-content\/uploads\/2021\/04\/1341.jpg","contentUrl":"https:\/\/zapateneo.net\/wordpress\/wp-content\/uploads\/2021\/04\/1341.jpg","width":148,"height":216},{"@type":"BreadcrumbList","@id":"https:\/\/zapateneo.net\/wordpress\/index.php\/producto\/fuimos-tan-terriblemente-consecuentes-r-a-f\/#breadcrumb","itemListElement":[{"@type":"ListItem","position":1,"name":"Portada","item":"https:\/\/zapateneo.net\/wordpress\/"},{"@type":"ListItem","position":2,"name":"Tienda","item":"https:\/\/zapateneo.net\/wordpress\/"},{"@type":"ListItem","position":3,"name":"FUIMOS TAN TERRIBLEMENTE CONSECUENTES-R.A.F"}]},{"@type":"WebSite","@id":"https:\/\/zapateneo.net\/wordpress\/#website","url":"https:\/\/zapateneo.net\/wordpress\/","name":"Zapateneo","description":"Zapateneoaren webgunea","publisher":{"@id":"https:\/\/zapateneo.net\/wordpress\/#organization"},"potentialAction":[{"@type":"SearchAction","target":{"@type":"EntryPoint","urlTemplate":"https:\/\/zapateneo.net\/wordpress\/?s={search_term_string}"},"query-input":{"@type":"PropertyValueSpecification","valueRequired":true,"valueName":"search_term_string"}}],"inLanguage":"es"},{"@type":"Organization","@id":"https:\/\/zapateneo.net\/wordpress\/#organization","name":"Zapateneo Kultur Elkartea","url":"https:\/\/zapateneo.net\/wordpress\/","logo":{"@type":"ImageObject","inLanguage":"es","@id":"https:\/\/zapateneo.net\/wordpress\/#\/schema\/logo\/image\/","url":"https:\/\/zapateneo.net\/wordpress\/wp-content\/uploads\/2021\/04\/zap-libu-kolec.jpg","contentUrl":"https:\/\/zapateneo.net\/wordpress\/wp-content\/uploads\/2021\/04\/zap-libu-kolec.jpg","width":2234,"height":398,"caption":"Zapateneo Kultur Elkartea"},"image":{"@id":"https:\/\/zapateneo.net\/wordpress\/#\/schema\/logo\/image\/"},"sameAs":["https:\/\/x.com\/zapateneo"]}]}},"_links":{"self":[{"href":"https:\/\/zapateneo.net\/wordpress\/index.php\/wp-json\/wp\/v2\/product\/5582","targetHints":{"allow":["GET"]}}],"collection":[{"href":"https:\/\/zapateneo.net\/wordpress\/index.php\/wp-json\/wp\/v2\/product"}],"about":[{"href":"https:\/\/zapateneo.net\/wordpress\/index.php\/wp-json\/wp\/v2\/types\/product"}],"wp:featuredmedia":[{"embeddable":true,"href":"https:\/\/zapateneo.net\/wordpress\/index.php\/wp-json\/wp\/v2\/media\/5631"}],"wp:attachment":[{"href":"https:\/\/zapateneo.net\/wordpress\/index.php\/wp-json\/wp\/v2\/media?parent=5582"}],"wp:term":[{"taxonomy":"product_brand","embeddable":true,"href":"https:\/\/zapateneo.net\/wordpress\/index.php\/wp-json\/wp\/v2\/product_brand?post=5582"},{"taxonomy":"product_cat","embeddable":true,"href":"https:\/\/zapateneo.net\/wordpress\/index.php\/wp-json\/wp\/v2\/product_cat?post=5582"},{"taxonomy":"product_tag","embeddable":true,"href":"https:\/\/zapateneo.net\/wordpress\/index.php\/wp-json\/wp\/v2\/product_tag?post=5582"}],"curies":[{"name":"wp","href":"https:\/\/api.w.org\/{rel}","templated":true}]}}