{"id":5579,"date":"2021-04-08T17:05:21","date_gmt":"2021-04-08T16:05:21","guid":{"rendered":"https:\/\/zapateneo.net\/wordpress\/?post_type=product&#038;p=5579"},"modified":"2021-04-08T17:05:54","modified_gmt":"2021-04-08T16:05:54","slug":"dos-victorias-de-la-burguesia-dos-50-anos-de-guerra-social-en-el-estado-espanol-1931-1980","status":"publish","type":"product","link":"https:\/\/zapateneo.net\/wordpress\/index.php\/producto\/dos-victorias-de-la-burguesia-dos-50-anos-de-guerra-social-en-el-estado-espanol-1931-1980\/","title":{"rendered":"DOS VICTORIAS DE LA BURGUESIA, DOS.  50 a\u00f1os de Guerra Social en el estado espa\u00f1ol (1931-1980)"},"content":{"rendered":"<p><span><\/p>\n<p>&nbsp;<\/p>\n<p><span> <\/span><\/p>\n<p>&nbsp;<\/p>\n<p><span> <\/span><\/p>\n<p>&nbsp;<\/p>\n<p><span> <\/span><\/p>\n<p>&nbsp;<\/p>\n<p><span> <\/span><\/p>\n<p>&nbsp;<\/p>\n<p><span> <\/span><\/p>\n<p>&nbsp;<\/p>\n<p><span> <\/span><\/p>\n<p><span> <\/span><\/p>\n<p><span> <\/span><\/p>\n<p><span> <\/span><\/p>\n<p><span style=\"font-family: Verdana,Arial,Helvetica,sans-serif; color: #386161;\"><em>Historia            social y militante de los 50 a&ntilde;os decisivos en 275 fotomontajes            en 105&#215;155 mm<\/em><\/span><\/p>\n<p>Desde 1931, fecha de la proclamaci&oacute;n del r&eacute;gimen republicano espa&ntilde;ol, hasta el fin del proceso de instauraci&oacute;n de la democracia formal en 1980, aun hoy en d&iacute;a vigente, median 50 a&ntilde;os decisivos.<\/p>\n<p>Un tiempo donde se han medido en la arena del conflicto social un<br \/>proletariado emergente y una burgues&iacute;a con la suficiente cintura como para utilizar la guerra, el fascismo o la restauraci&oacute;n mon&aacute;rquica, para contener y encauzar las tensiones emancipatorias que lo recorrieron. Este libro habla de dos derrotas proletarias: la que termin&oacute; con el exterminio de las fuerzas revolucionarias mediante la<br \/>guerra y la represi&oacute;n fascista y la que descabez&oacute; la protesta social a trav&eacute;s de la reconversi&oacute;n institucional del franquismo en r&eacute;gimen democr&aacute;tico.<\/p>\n<p>Cincuenta a&ntilde;os falsificados por el relato del Orden y presentados como un arduo proceso de advenimiento del capitalismo industrial que actualmente padecemos.<\/p>\n<p>Cincuenta a&ntilde;os que recomponer, desde el empe&ntilde;o de la historia militante, en los que se condensan profundos cambios sociales y pol&iacute;ticos, fruto de la dial&eacute;ctica entre iniciativas liberadoras y recomposici&oacute;n reaccionaria.<\/p>\n<p>\u00abDos Victorias de la Burgues&iacute;a, dos\u00bb, es tambi&eacute;n una propuesta de elaboraci&oacute;n colectiva de la historia social. Huyendo de las rutinas acad&eacute;micas (con sus mamotretos amuermantes), de las abstracciones ideol&oacute;gicas (alejadas voluntariamente de su posibilidad de comprensi&oacute;n), o de los experimentos para minor&iacute;as de las vanguardias art&iacute;sticas, este libro propone un recorrido contundente pero ameno por las luchas sociales de aquel periodo.<\/p>\n<p>Combinando textos de elaboraci&oacute;n propia, con ilustraciones \u00abprestadas\u00bb de la prensa de &eacute;poca, se lleva a cabo este primer libro gr&aacute;fico, que tuvo su continuaci&oacute;n en \u00abA precio de saldo\u00bb. En este &uacute;ltimo volumen se abordaban los quince a&ntilde;os de dominio socialista<br \/>en el estado espa&ntilde;ol, y la culminaci&oacute;n de la modernizaci&oacute;n de la antigua burgues&iacute;a espa&ntilde;ola, reconvertida, gracias a la gesti&oacute;n de aquel partido, en una clase managerial caracterizada como tecnoburocracia. Una f&oacute;rmula de elaboraci&oacute;n de la historia social, militante, colectiva y l&uacute;dica a reconsiderar y que hemos reeditado con el expl&iacute;cito prop&oacute;sito de combatir esta gris amnesia programada.<\/p>\n<p>La edici&oacute;n de \u00abDos Victorias\u00bb, entonces, lejos de ser un ejercicio de nostalgia para con un pasado inmediato repleto de grandes hitos revolucionarios, es, en todo caso, una mirada hacia atr&aacute;s con ira. Mediante la misma, no es nuestra intenci&oacute;n invocar a las certezas de las ideolog&iacute;as, y su estructuraci&oacute;n helada de la realidad, ni regodearnos en las banalidades huecas de una revoluci&oacute;n del deseo.<\/p>\n<p>Los profundos cambios que en este volumen se analizan, son tratados desde el lenguaje y la concepci&oacute;n militante del momento hist&oacute;rico de su realizaci&oacute;n, y as&iacute; han de ser vistos, por aquellas\/os que, aun hoy en d&iacute;a, pretendemos la subversi&oacute;n del estado de dominio que nos subyuga. Pero la posesi&oacute;n de una perspectiva hist&oacute;rica sigue siendo el arma imprescindible para romper con el perpetuo presente<br \/>que nos atenaza.<\/p>\n<p>&nbsp;<\/p>\n<p>&nbsp;<\/p>\n<p>&nbsp;<\/p>\n<p>&nbsp;<\/p>\n<p>&nbsp;<\/p>\n<p>&nbsp;<\/p>\n<p>&nbsp;<\/p>\n<p>&nbsp;<\/p>\n<p>&nbsp;<\/p>\n<p>&nbsp;<\/p>\n<p>&nbsp;<\/p>\n<p>&nbsp;<\/p>\n<p>&nbsp;<\/p>\n<p>&nbsp;<\/p>\n<p>&nbsp;<\/p>\n<p>&nbsp;<\/p>\n<p>&nbsp;<\/p>\n<p>&nbsp;<\/p>\n<p>&nbsp;<\/p>\n<p>&nbsp;<\/p>\n<p><\/span><\/p>\n","protected":false},"excerpt":{"rendered":"<p><strong>vvaa<\/strong><br \/>\n9788496044210 &#8211; MUTURREKO BURUTAZIOAK &#8211; 2003 &#8211; 144 p\u00e1ginas \/orri.<\/p>\n","protected":false},"featured_media":5628,"template":"","meta":[],"product_brand":[],"product_cat":[185,16],"product_tag":[780],"class_list":{"0":"post-5579","1":"product","2":"type-product","3":"status-publish","4":"has-post-thumbnail","6":"product_cat-historia","7":"product_cat-libros","8":"product_tag-muturreko-burutazioak","10":"first","11":"instock","12":"sold-individually","13":"shipping-taxable","14":"purchasable","15":"product-type-simple"},"yoast_head":"<!-- This site is optimized with the Yoast SEO plugin v27.3 - https:\/\/yoast.com\/product\/yoast-seo-wordpress\/ -->\n<title>DOS VICTORIAS DE LA BURGUESIA, DOS. 50 a\u00f1os de Guerra Social en el estado espa\u00f1ol (1931-1980) &#8212; Zapateneo<\/title>\n<meta name=\"robots\" content=\"index, follow, max-snippet:-1, max-image-preview:large, max-video-preview:-1\" \/>\n<link rel=\"canonical\" href=\"https:\/\/zapateneo.net\/wordpress\/index.php\/producto\/dos-victorias-de-la-burguesia-dos-50-anos-de-guerra-social-en-el-estado-espanol-1931-1980\/\" \/>\n<meta property=\"og:locale\" content=\"es_ES\" \/>\n<meta property=\"og:type\" content=\"article\" \/>\n<meta property=\"og:title\" content=\"DOS VICTORIAS DE LA BURGUESIA, DOS. 50 a\u00f1os de Guerra Social en el estado espa\u00f1ol (1931-1980) &#8212; Zapateneo\" \/>\n<meta property=\"og:description\" content=\"vvaa 9788496044210 - MUTURREKO BURUTAZIOAK - 2003 - 144 p\u00e1ginas \/orri.\" \/>\n<meta property=\"og:url\" content=\"https:\/\/zapateneo.net\/wordpress\/index.php\/producto\/dos-victorias-de-la-burguesia-dos-50-anos-de-guerra-social-en-el-estado-espanol-1931-1980\/\" \/>\n<meta property=\"og:site_name\" content=\"Zapateneo\" \/>\n<meta property=\"article:modified_time\" content=\"2021-04-08T16:05:54+00:00\" \/>\n<meta property=\"og:image\" content=\"https:\/\/zapateneo.net\/wordpress\/wp-content\/uploads\/2021\/04\/1663.jpg\" \/>\n\t<meta property=\"og:image:width\" content=\"282\" \/>\n\t<meta property=\"og:image:height\" content=\"209\" \/>\n\t<meta property=\"og:image:type\" content=\"image\/jpeg\" \/>\n<meta name=\"twitter:card\" content=\"summary_large_image\" \/>\n<meta name=\"twitter:site\" content=\"@zapateneo\" \/>\n<meta name=\"twitter:label1\" content=\"Tiempo de lectura\" \/>\n\t<meta name=\"twitter:data1\" content=\"3 minutos\" \/>\n<script type=\"application\/ld+json\" class=\"yoast-schema-graph\">{\"@context\":\"https:\\\/\\\/schema.org\",\"@graph\":[{\"@type\":\"WebPage\",\"@id\":\"https:\\\/\\\/zapateneo.net\\\/wordpress\\\/index.php\\\/producto\\\/dos-victorias-de-la-burguesia-dos-50-anos-de-guerra-social-en-el-estado-espanol-1931-1980\\\/\",\"url\":\"https:\\\/\\\/zapateneo.net\\\/wordpress\\\/index.php\\\/producto\\\/dos-victorias-de-la-burguesia-dos-50-anos-de-guerra-social-en-el-estado-espanol-1931-1980\\\/\",\"name\":\"DOS VICTORIAS DE LA BURGUESIA, DOS. 50 a\u00f1os de Guerra Social en el estado espa\u00f1ol (1931-1980) &#8212; Zapateneo\",\"isPartOf\":{\"@id\":\"https:\\\/\\\/zapateneo.net\\\/wordpress\\\/#website\"},\"primaryImageOfPage\":{\"@id\":\"https:\\\/\\\/zapateneo.net\\\/wordpress\\\/index.php\\\/producto\\\/dos-victorias-de-la-burguesia-dos-50-anos-de-guerra-social-en-el-estado-espanol-1931-1980\\\/#primaryimage\"},\"image\":{\"@id\":\"https:\\\/\\\/zapateneo.net\\\/wordpress\\\/index.php\\\/producto\\\/dos-victorias-de-la-burguesia-dos-50-anos-de-guerra-social-en-el-estado-espanol-1931-1980\\\/#primaryimage\"},\"thumbnailUrl\":\"https:\\\/\\\/zapateneo.net\\\/wordpress\\\/wp-content\\\/uploads\\\/2021\\\/04\\\/1663.jpg\",\"datePublished\":\"2021-04-08T16:05:21+00:00\",\"dateModified\":\"2021-04-08T16:05:54+00:00\",\"breadcrumb\":{\"@id\":\"https:\\\/\\\/zapateneo.net\\\/wordpress\\\/index.php\\\/producto\\\/dos-victorias-de-la-burguesia-dos-50-anos-de-guerra-social-en-el-estado-espanol-1931-1980\\\/#breadcrumb\"},\"inLanguage\":\"es\",\"potentialAction\":[{\"@type\":\"ReadAction\",\"target\":[\"https:\\\/\\\/zapateneo.net\\\/wordpress\\\/index.php\\\/producto\\\/dos-victorias-de-la-burguesia-dos-50-anos-de-guerra-social-en-el-estado-espanol-1931-1980\\\/\"]}]},{\"@type\":\"ImageObject\",\"inLanguage\":\"es\",\"@id\":\"https:\\\/\\\/zapateneo.net\\\/wordpress\\\/index.php\\\/producto\\\/dos-victorias-de-la-burguesia-dos-50-anos-de-guerra-social-en-el-estado-espanol-1931-1980\\\/#primaryimage\",\"url\":\"https:\\\/\\\/zapateneo.net\\\/wordpress\\\/wp-content\\\/uploads\\\/2021\\\/04\\\/1663.jpg\",\"contentUrl\":\"https:\\\/\\\/zapateneo.net\\\/wordpress\\\/wp-content\\\/uploads\\\/2021\\\/04\\\/1663.jpg\",\"width\":282,\"height\":209},{\"@type\":\"BreadcrumbList\",\"@id\":\"https:\\\/\\\/zapateneo.net\\\/wordpress\\\/index.php\\\/producto\\\/dos-victorias-de-la-burguesia-dos-50-anos-de-guerra-social-en-el-estado-espanol-1931-1980\\\/#breadcrumb\",\"itemListElement\":[{\"@type\":\"ListItem\",\"position\":1,\"name\":\"Portada\",\"item\":\"https:\\\/\\\/zapateneo.net\\\/wordpress\\\/\"},{\"@type\":\"ListItem\",\"position\":2,\"name\":\"Tienda\",\"item\":\"https:\\\/\\\/zapateneo.net\\\/wordpress\\\/\"},{\"@type\":\"ListItem\",\"position\":3,\"name\":\"DOS VICTORIAS DE LA BURGUESIA, DOS. 50 a\u00f1os de Guerra Social en el estado espa\u00f1ol (1931-1980)\"}]},{\"@type\":\"WebSite\",\"@id\":\"https:\\\/\\\/zapateneo.net\\\/wordpress\\\/#website\",\"url\":\"https:\\\/\\\/zapateneo.net\\\/wordpress\\\/\",\"name\":\"Zapateneo\",\"description\":\"Zapateneoaren webgunea\",\"publisher\":{\"@id\":\"https:\\\/\\\/zapateneo.net\\\/wordpress\\\/#organization\"},\"potentialAction\":[{\"@type\":\"SearchAction\",\"target\":{\"@type\":\"EntryPoint\",\"urlTemplate\":\"https:\\\/\\\/zapateneo.net\\\/wordpress\\\/?s={search_term_string}\"},\"query-input\":{\"@type\":\"PropertyValueSpecification\",\"valueRequired\":true,\"valueName\":\"search_term_string\"}}],\"inLanguage\":\"es\"},{\"@type\":\"Organization\",\"@id\":\"https:\\\/\\\/zapateneo.net\\\/wordpress\\\/#organization\",\"name\":\"Zapateneo Kultur Elkartea\",\"url\":\"https:\\\/\\\/zapateneo.net\\\/wordpress\\\/\",\"logo\":{\"@type\":\"ImageObject\",\"inLanguage\":\"es\",\"@id\":\"https:\\\/\\\/zapateneo.net\\\/wordpress\\\/#\\\/schema\\\/logo\\\/image\\\/\",\"url\":\"https:\\\/\\\/zapateneo.net\\\/wordpress\\\/wp-content\\\/uploads\\\/2021\\\/04\\\/zap-libu-kolec.jpg\",\"contentUrl\":\"https:\\\/\\\/zapateneo.net\\\/wordpress\\\/wp-content\\\/uploads\\\/2021\\\/04\\\/zap-libu-kolec.jpg\",\"width\":2234,\"height\":398,\"caption\":\"Zapateneo Kultur Elkartea\"},\"image\":{\"@id\":\"https:\\\/\\\/zapateneo.net\\\/wordpress\\\/#\\\/schema\\\/logo\\\/image\\\/\"},\"sameAs\":[\"https:\\\/\\\/x.com\\\/zapateneo\"]}]}<\/script>\n<!-- \/ Yoast SEO plugin. -->","yoast_head_json":{"title":"DOS VICTORIAS DE LA BURGUESIA, DOS. 50 a\u00f1os de Guerra Social en el estado espa\u00f1ol (1931-1980) &#8212; Zapateneo","robots":{"index":"index","follow":"follow","max-snippet":"max-snippet:-1","max-image-preview":"max-image-preview:large","max-video-preview":"max-video-preview:-1"},"canonical":"https:\/\/zapateneo.net\/wordpress\/index.php\/producto\/dos-victorias-de-la-burguesia-dos-50-anos-de-guerra-social-en-el-estado-espanol-1931-1980\/","og_locale":"es_ES","og_type":"article","og_title":"DOS VICTORIAS DE LA BURGUESIA, DOS. 50 a\u00f1os de Guerra Social en el estado espa\u00f1ol (1931-1980) &#8212; Zapateneo","og_description":"vvaa 9788496044210 - MUTURREKO BURUTAZIOAK - 2003 - 144 p\u00e1ginas \/orri.","og_url":"https:\/\/zapateneo.net\/wordpress\/index.php\/producto\/dos-victorias-de-la-burguesia-dos-50-anos-de-guerra-social-en-el-estado-espanol-1931-1980\/","og_site_name":"Zapateneo","article_modified_time":"2021-04-08T16:05:54+00:00","og_image":[{"width":282,"height":209,"url":"https:\/\/zapateneo.net\/wordpress\/wp-content\/uploads\/2021\/04\/1663.jpg","type":"image\/jpeg"}],"twitter_card":"summary_large_image","twitter_site":"@zapateneo","twitter_misc":{"Tiempo de lectura":"3 minutos"},"schema":{"@context":"https:\/\/schema.org","@graph":[{"@type":"WebPage","@id":"https:\/\/zapateneo.net\/wordpress\/index.php\/producto\/dos-victorias-de-la-burguesia-dos-50-anos-de-guerra-social-en-el-estado-espanol-1931-1980\/","url":"https:\/\/zapateneo.net\/wordpress\/index.php\/producto\/dos-victorias-de-la-burguesia-dos-50-anos-de-guerra-social-en-el-estado-espanol-1931-1980\/","name":"DOS VICTORIAS DE LA BURGUESIA, DOS. 50 a\u00f1os de Guerra Social en el estado espa\u00f1ol (1931-1980) &#8212; Zapateneo","isPartOf":{"@id":"https:\/\/zapateneo.net\/wordpress\/#website"},"primaryImageOfPage":{"@id":"https:\/\/zapateneo.net\/wordpress\/index.php\/producto\/dos-victorias-de-la-burguesia-dos-50-anos-de-guerra-social-en-el-estado-espanol-1931-1980\/#primaryimage"},"image":{"@id":"https:\/\/zapateneo.net\/wordpress\/index.php\/producto\/dos-victorias-de-la-burguesia-dos-50-anos-de-guerra-social-en-el-estado-espanol-1931-1980\/#primaryimage"},"thumbnailUrl":"https:\/\/zapateneo.net\/wordpress\/wp-content\/uploads\/2021\/04\/1663.jpg","datePublished":"2021-04-08T16:05:21+00:00","dateModified":"2021-04-08T16:05:54+00:00","breadcrumb":{"@id":"https:\/\/zapateneo.net\/wordpress\/index.php\/producto\/dos-victorias-de-la-burguesia-dos-50-anos-de-guerra-social-en-el-estado-espanol-1931-1980\/#breadcrumb"},"inLanguage":"es","potentialAction":[{"@type":"ReadAction","target":["https:\/\/zapateneo.net\/wordpress\/index.php\/producto\/dos-victorias-de-la-burguesia-dos-50-anos-de-guerra-social-en-el-estado-espanol-1931-1980\/"]}]},{"@type":"ImageObject","inLanguage":"es","@id":"https:\/\/zapateneo.net\/wordpress\/index.php\/producto\/dos-victorias-de-la-burguesia-dos-50-anos-de-guerra-social-en-el-estado-espanol-1931-1980\/#primaryimage","url":"https:\/\/zapateneo.net\/wordpress\/wp-content\/uploads\/2021\/04\/1663.jpg","contentUrl":"https:\/\/zapateneo.net\/wordpress\/wp-content\/uploads\/2021\/04\/1663.jpg","width":282,"height":209},{"@type":"BreadcrumbList","@id":"https:\/\/zapateneo.net\/wordpress\/index.php\/producto\/dos-victorias-de-la-burguesia-dos-50-anos-de-guerra-social-en-el-estado-espanol-1931-1980\/#breadcrumb","itemListElement":[{"@type":"ListItem","position":1,"name":"Portada","item":"https:\/\/zapateneo.net\/wordpress\/"},{"@type":"ListItem","position":2,"name":"Tienda","item":"https:\/\/zapateneo.net\/wordpress\/"},{"@type":"ListItem","position":3,"name":"DOS VICTORIAS DE LA BURGUESIA, DOS. 50 a\u00f1os de Guerra Social en el estado espa\u00f1ol (1931-1980)"}]},{"@type":"WebSite","@id":"https:\/\/zapateneo.net\/wordpress\/#website","url":"https:\/\/zapateneo.net\/wordpress\/","name":"Zapateneo","description":"Zapateneoaren webgunea","publisher":{"@id":"https:\/\/zapateneo.net\/wordpress\/#organization"},"potentialAction":[{"@type":"SearchAction","target":{"@type":"EntryPoint","urlTemplate":"https:\/\/zapateneo.net\/wordpress\/?s={search_term_string}"},"query-input":{"@type":"PropertyValueSpecification","valueRequired":true,"valueName":"search_term_string"}}],"inLanguage":"es"},{"@type":"Organization","@id":"https:\/\/zapateneo.net\/wordpress\/#organization","name":"Zapateneo Kultur Elkartea","url":"https:\/\/zapateneo.net\/wordpress\/","logo":{"@type":"ImageObject","inLanguage":"es","@id":"https:\/\/zapateneo.net\/wordpress\/#\/schema\/logo\/image\/","url":"https:\/\/zapateneo.net\/wordpress\/wp-content\/uploads\/2021\/04\/zap-libu-kolec.jpg","contentUrl":"https:\/\/zapateneo.net\/wordpress\/wp-content\/uploads\/2021\/04\/zap-libu-kolec.jpg","width":2234,"height":398,"caption":"Zapateneo Kultur Elkartea"},"image":{"@id":"https:\/\/zapateneo.net\/wordpress\/#\/schema\/logo\/image\/"},"sameAs":["https:\/\/x.com\/zapateneo"]}]}},"_links":{"self":[{"href":"https:\/\/zapateneo.net\/wordpress\/index.php\/wp-json\/wp\/v2\/product\/5579","targetHints":{"allow":["GET"]}}],"collection":[{"href":"https:\/\/zapateneo.net\/wordpress\/index.php\/wp-json\/wp\/v2\/product"}],"about":[{"href":"https:\/\/zapateneo.net\/wordpress\/index.php\/wp-json\/wp\/v2\/types\/product"}],"wp:featuredmedia":[{"embeddable":true,"href":"https:\/\/zapateneo.net\/wordpress\/index.php\/wp-json\/wp\/v2\/media\/5628"}],"wp:attachment":[{"href":"https:\/\/zapateneo.net\/wordpress\/index.php\/wp-json\/wp\/v2\/media?parent=5579"}],"wp:term":[{"taxonomy":"product_brand","embeddable":true,"href":"https:\/\/zapateneo.net\/wordpress\/index.php\/wp-json\/wp\/v2\/product_brand?post=5579"},{"taxonomy":"product_cat","embeddable":true,"href":"https:\/\/zapateneo.net\/wordpress\/index.php\/wp-json\/wp\/v2\/product_cat?post=5579"},{"taxonomy":"product_tag","embeddable":true,"href":"https:\/\/zapateneo.net\/wordpress\/index.php\/wp-json\/wp\/v2\/product_tag?post=5579"}],"curies":[{"name":"wp","href":"https:\/\/api.w.org\/{rel}","templated":true}]}}