{"id":5578,"date":"2021-04-08T17:05:21","date_gmt":"2021-04-08T16:05:21","guid":{"rendered":"https:\/\/zapateneo.net\/wordpress\/?post_type=product&#038;p=5578"},"modified":"2023-07-25T18:22:25","modified_gmt":"2023-07-25T17:22:25","slug":"revolucion-traicionada-la","status":"publish","type":"product","link":"https:\/\/zapateneo.net\/wordpress\/index.php\/producto\/revolucion-traicionada-la\/","title":{"rendered":"REVOLUCION TRAICIONADA, LA"},"content":{"rendered":"<div>\n<p>A partir de documentaci\u00f3n en parte in\u00e9dita del movimiento libertario espa\u00f1ol y siguiendo el hilo conductor de la biograf\u00eda de Balius, una de las figuras destacadas de la Agrupaci\u00f3n Los Amigos de Durruti, Miquel Amor\u00f3s reconstruye con gran exhaustividad los debates y enfrentamientos a los que se vio abocado el movimiento libertario espa\u00f1ol ante la disyuntiva Guerra-Revoluci\u00f3n y la participaci\u00f3n de la CNT en responsabilidades de gobierno. Las aportaciones te\u00f3ricas y pr\u00e1cticas de Los Amigos de Durruti fueron importantes porque reflejaban una corriente de opini\u00f3n creciente dentro de los medios libertarios que qued\u00f3 plasmada en hechos como los de Mayo del 37 en Barcelona.<\/p>\n<p>&nbsp;<\/p>\n<\/div>\n<div class=\"row\">\n<div class=\"col-12 col-12-small\">\n<p><span class=\"image left autor\"><img decoding=\"async\" class=\"alignleft\" src=\"https:\/\/www.viruseditorial.net\/\/fotos-autor\/amoros_miquel.jpg\" alt=\"miquel-amoros\" \/><\/span><\/p>\n<p><strong>Miquel Amor\u00f3s.<\/strong>\u00a0Traductor, historiador y analista social no acad\u00e9mico, entre 1984 y 1992 form\u00f3 parte del equipo redactor de la revista\u00a0<em>Encyclop\u00e9die des Nuisances<\/em>. Para la editorial\u00a0<em>Muturreko Burutazioak<\/em>\u00a0ha compilado\u00a0<em>Terrorismo en busca de dos autores<\/em>\u00a0y\u00a0<em>Escritos del Comit\u00e9 des Irradi\u00e9s<\/em>, y ha escrito\u00a0<em>Las armas de la cr\u00edtica<\/em>;\u00a0<em>Los situacionistas y la anarqu\u00eda<\/em>\u00a0y\u00a0<em>1968. El a\u00f1o sublime de la acracia<\/em>. Con Pepitas de Calabaza ha publicado\u00a0<em>Golpes y contragolpes<\/em>;\u00a0<em>Salida de emergencia<\/em>; y ha preparado la edici\u00f3n cr\u00edtica de\u00a0<em>Manuscrito encontrado en Vitoria<\/em>. Tambi\u00e9n ha publicado\u00a0<em>Jos\u00e9 Peidro, de la CNT<\/em>\u00a0(en colaboraci\u00f3n con Andreu Amor\u00f3s y editado por Likiniano Elkartea);<em>\u00a0Desde abajo y desde afuera<\/em>\u00a0(Brulot);\u00a0<em>Registro de cat\u00e1strofes<\/em>\u00a0(Anagal) y\u00a0<em>Perspectivas antidesarrollistas<\/em>\u00a0(coeditada entre ocho colectivos editoriales). En la actualidad, forma parte de la redacci\u00f3n de la revista<em>\u00a0Argelaga<\/em>\u00a0y de la fundaci\u00f3n\u00a0<em>Amis de la Roue<\/em>. Con Virus ha publicado una trilog\u00eda que recoge la memoria del anarquismo disidente durante la Guerra Civil:\u00a0<em>La revoluci\u00f3n traicionada<\/em>;\u00a0<em>Jos\u00e9 Pellicer, el anarquista \u00edntegro<\/em>\u00a0y\u00a0<em>Maroto, el h\u00e9roe. Una biograf\u00eda del anarquismo andaluz<\/em>.<\/p>\n<hr \/>\n<div>\n<h2><a href=\"https:\/\/www.viruseditorial.net\/es\/editorial\/descargar-pdf\" target=\"_blank\" rel=\"noopener\">Libro en libre descarga de Virus Editorial<\/a><\/h2>\n<\/div>\n<\/div>\n<\/div>\n","protected":false},"excerpt":{"rendered":"<p><strong>AMOROS, MIQUEL<\/strong><br \/>\n9788496960442 &#8211; VIRUS &#8211; 2004 &#8211; 450 p\u00e1ginas \/orri.<\/p>\n","protected":false},"featured_media":5627,"template":"","meta":[],"product_brand":[],"product_cat":[185,16],"product_tag":[4626,2097,57],"class_list":{"0":"post-5578","1":"product","2":"type-product","3":"status-publish","4":"has-post-thumbnail","6":"product_cat-historia","7":"product_cat-libros","8":"product_tag-deskargak","9":"product_tag-miquel-amoros","10":"product_tag-virus","12":"first","13":"outofstock","14":"sold-individually","15":"shipping-taxable","16":"purchasable","17":"product-type-simple"},"yoast_head":"<!-- This site is optimized with the Yoast SEO plugin v27.3 - https:\/\/yoast.com\/product\/yoast-seo-wordpress\/ -->\n<title>REVOLUCION TRAICIONADA, LA &#8212; Zapateneo<\/title>\n<meta name=\"robots\" content=\"index, follow, max-snippet:-1, max-image-preview:large, max-video-preview:-1\" \/>\n<link rel=\"canonical\" href=\"https:\/\/zapateneo.net\/wordpress\/index.php\/producto\/revolucion-traicionada-la\/\" \/>\n<meta property=\"og:locale\" content=\"es_ES\" \/>\n<meta property=\"og:type\" content=\"article\" \/>\n<meta property=\"og:title\" content=\"REVOLUCION TRAICIONADA, LA &#8212; Zapateneo\" \/>\n<meta property=\"og:description\" content=\"AMOROS, MIQUEL 9788496960442 - VIRUS - 2004 - 450 p\u00e1ginas \/orri.\" \/>\n<meta property=\"og:url\" content=\"https:\/\/zapateneo.net\/wordpress\/index.php\/producto\/revolucion-traicionada-la\/\" \/>\n<meta property=\"og:site_name\" content=\"Zapateneo\" \/>\n<meta property=\"article:modified_time\" content=\"2023-07-25T17:22:25+00:00\" \/>\n<meta property=\"og:image\" content=\"https:\/\/zapateneo.net\/wordpress\/wp-content\/uploads\/2021\/04\/1699.png\" \/>\n\t<meta property=\"og:image:width\" content=\"111\" \/>\n\t<meta property=\"og:image:height\" content=\"172\" \/>\n\t<meta property=\"og:image:type\" content=\"image\/png\" \/>\n<meta name=\"twitter:card\" content=\"summary_large_image\" \/>\n<meta name=\"twitter:site\" content=\"@zapateneo\" \/>\n<meta name=\"twitter:label1\" content=\"Tiempo de lectura\" \/>\n\t<meta name=\"twitter:data1\" content=\"2 minutos\" \/>\n<script type=\"application\/ld+json\" class=\"yoast-schema-graph\">{\"@context\":\"https:\\\/\\\/schema.org\",\"@graph\":[{\"@type\":\"WebPage\",\"@id\":\"https:\\\/\\\/zapateneo.net\\\/wordpress\\\/index.php\\\/producto\\\/revolucion-traicionada-la\\\/\",\"url\":\"https:\\\/\\\/zapateneo.net\\\/wordpress\\\/index.php\\\/producto\\\/revolucion-traicionada-la\\\/\",\"name\":\"REVOLUCION TRAICIONADA, LA &#8212; Zapateneo\",\"isPartOf\":{\"@id\":\"https:\\\/\\\/zapateneo.net\\\/wordpress\\\/#website\"},\"primaryImageOfPage\":{\"@id\":\"https:\\\/\\\/zapateneo.net\\\/wordpress\\\/index.php\\\/producto\\\/revolucion-traicionada-la\\\/#primaryimage\"},\"image\":{\"@id\":\"https:\\\/\\\/zapateneo.net\\\/wordpress\\\/index.php\\\/producto\\\/revolucion-traicionada-la\\\/#primaryimage\"},\"thumbnailUrl\":\"https:\\\/\\\/zapateneo.net\\\/wordpress\\\/wp-content\\\/uploads\\\/2021\\\/04\\\/1699.png\",\"datePublished\":\"2021-04-08T16:05:21+00:00\",\"dateModified\":\"2023-07-25T17:22:25+00:00\",\"breadcrumb\":{\"@id\":\"https:\\\/\\\/zapateneo.net\\\/wordpress\\\/index.php\\\/producto\\\/revolucion-traicionada-la\\\/#breadcrumb\"},\"inLanguage\":\"es\",\"potentialAction\":[{\"@type\":\"ReadAction\",\"target\":[\"https:\\\/\\\/zapateneo.net\\\/wordpress\\\/index.php\\\/producto\\\/revolucion-traicionada-la\\\/\"]}]},{\"@type\":\"ImageObject\",\"inLanguage\":\"es\",\"@id\":\"https:\\\/\\\/zapateneo.net\\\/wordpress\\\/index.php\\\/producto\\\/revolucion-traicionada-la\\\/#primaryimage\",\"url\":\"https:\\\/\\\/zapateneo.net\\\/wordpress\\\/wp-content\\\/uploads\\\/2021\\\/04\\\/1699.png\",\"contentUrl\":\"https:\\\/\\\/zapateneo.net\\\/wordpress\\\/wp-content\\\/uploads\\\/2021\\\/04\\\/1699.png\",\"width\":111,\"height\":172},{\"@type\":\"BreadcrumbList\",\"@id\":\"https:\\\/\\\/zapateneo.net\\\/wordpress\\\/index.php\\\/producto\\\/revolucion-traicionada-la\\\/#breadcrumb\",\"itemListElement\":[{\"@type\":\"ListItem\",\"position\":1,\"name\":\"Portada\",\"item\":\"https:\\\/\\\/zapateneo.net\\\/wordpress\\\/\"},{\"@type\":\"ListItem\",\"position\":2,\"name\":\"Tienda\",\"item\":\"https:\\\/\\\/zapateneo.net\\\/wordpress\\\/\"},{\"@type\":\"ListItem\",\"position\":3,\"name\":\"REVOLUCION TRAICIONADA, LA\"}]},{\"@type\":\"WebSite\",\"@id\":\"https:\\\/\\\/zapateneo.net\\\/wordpress\\\/#website\",\"url\":\"https:\\\/\\\/zapateneo.net\\\/wordpress\\\/\",\"name\":\"Zapateneo\",\"description\":\"Zapateneoaren webgunea\",\"publisher\":{\"@id\":\"https:\\\/\\\/zapateneo.net\\\/wordpress\\\/#organization\"},\"potentialAction\":[{\"@type\":\"SearchAction\",\"target\":{\"@type\":\"EntryPoint\",\"urlTemplate\":\"https:\\\/\\\/zapateneo.net\\\/wordpress\\\/?s={search_term_string}\"},\"query-input\":{\"@type\":\"PropertyValueSpecification\",\"valueRequired\":true,\"valueName\":\"search_term_string\"}}],\"inLanguage\":\"es\"},{\"@type\":\"Organization\",\"@id\":\"https:\\\/\\\/zapateneo.net\\\/wordpress\\\/#organization\",\"name\":\"Zapateneo Kultur Elkartea\",\"url\":\"https:\\\/\\\/zapateneo.net\\\/wordpress\\\/\",\"logo\":{\"@type\":\"ImageObject\",\"inLanguage\":\"es\",\"@id\":\"https:\\\/\\\/zapateneo.net\\\/wordpress\\\/#\\\/schema\\\/logo\\\/image\\\/\",\"url\":\"https:\\\/\\\/zapateneo.net\\\/wordpress\\\/wp-content\\\/uploads\\\/2021\\\/04\\\/zap-libu-kolec.jpg\",\"contentUrl\":\"https:\\\/\\\/zapateneo.net\\\/wordpress\\\/wp-content\\\/uploads\\\/2021\\\/04\\\/zap-libu-kolec.jpg\",\"width\":2234,\"height\":398,\"caption\":\"Zapateneo Kultur Elkartea\"},\"image\":{\"@id\":\"https:\\\/\\\/zapateneo.net\\\/wordpress\\\/#\\\/schema\\\/logo\\\/image\\\/\"},\"sameAs\":[\"https:\\\/\\\/x.com\\\/zapateneo\"]}]}<\/script>\n<!-- \/ Yoast SEO plugin. -->","yoast_head_json":{"title":"REVOLUCION TRAICIONADA, LA &#8212; Zapateneo","robots":{"index":"index","follow":"follow","max-snippet":"max-snippet:-1","max-image-preview":"max-image-preview:large","max-video-preview":"max-video-preview:-1"},"canonical":"https:\/\/zapateneo.net\/wordpress\/index.php\/producto\/revolucion-traicionada-la\/","og_locale":"es_ES","og_type":"article","og_title":"REVOLUCION TRAICIONADA, LA &#8212; Zapateneo","og_description":"AMOROS, MIQUEL 9788496960442 - VIRUS - 2004 - 450 p\u00e1ginas \/orri.","og_url":"https:\/\/zapateneo.net\/wordpress\/index.php\/producto\/revolucion-traicionada-la\/","og_site_name":"Zapateneo","article_modified_time":"2023-07-25T17:22:25+00:00","og_image":[{"width":111,"height":172,"url":"https:\/\/zapateneo.net\/wordpress\/wp-content\/uploads\/2021\/04\/1699.png","type":"image\/png"}],"twitter_card":"summary_large_image","twitter_site":"@zapateneo","twitter_misc":{"Tiempo de lectura":"2 minutos"},"schema":{"@context":"https:\/\/schema.org","@graph":[{"@type":"WebPage","@id":"https:\/\/zapateneo.net\/wordpress\/index.php\/producto\/revolucion-traicionada-la\/","url":"https:\/\/zapateneo.net\/wordpress\/index.php\/producto\/revolucion-traicionada-la\/","name":"REVOLUCION TRAICIONADA, LA &#8212; Zapateneo","isPartOf":{"@id":"https:\/\/zapateneo.net\/wordpress\/#website"},"primaryImageOfPage":{"@id":"https:\/\/zapateneo.net\/wordpress\/index.php\/producto\/revolucion-traicionada-la\/#primaryimage"},"image":{"@id":"https:\/\/zapateneo.net\/wordpress\/index.php\/producto\/revolucion-traicionada-la\/#primaryimage"},"thumbnailUrl":"https:\/\/zapateneo.net\/wordpress\/wp-content\/uploads\/2021\/04\/1699.png","datePublished":"2021-04-08T16:05:21+00:00","dateModified":"2023-07-25T17:22:25+00:00","breadcrumb":{"@id":"https:\/\/zapateneo.net\/wordpress\/index.php\/producto\/revolucion-traicionada-la\/#breadcrumb"},"inLanguage":"es","potentialAction":[{"@type":"ReadAction","target":["https:\/\/zapateneo.net\/wordpress\/index.php\/producto\/revolucion-traicionada-la\/"]}]},{"@type":"ImageObject","inLanguage":"es","@id":"https:\/\/zapateneo.net\/wordpress\/index.php\/producto\/revolucion-traicionada-la\/#primaryimage","url":"https:\/\/zapateneo.net\/wordpress\/wp-content\/uploads\/2021\/04\/1699.png","contentUrl":"https:\/\/zapateneo.net\/wordpress\/wp-content\/uploads\/2021\/04\/1699.png","width":111,"height":172},{"@type":"BreadcrumbList","@id":"https:\/\/zapateneo.net\/wordpress\/index.php\/producto\/revolucion-traicionada-la\/#breadcrumb","itemListElement":[{"@type":"ListItem","position":1,"name":"Portada","item":"https:\/\/zapateneo.net\/wordpress\/"},{"@type":"ListItem","position":2,"name":"Tienda","item":"https:\/\/zapateneo.net\/wordpress\/"},{"@type":"ListItem","position":3,"name":"REVOLUCION TRAICIONADA, LA"}]},{"@type":"WebSite","@id":"https:\/\/zapateneo.net\/wordpress\/#website","url":"https:\/\/zapateneo.net\/wordpress\/","name":"Zapateneo","description":"Zapateneoaren webgunea","publisher":{"@id":"https:\/\/zapateneo.net\/wordpress\/#organization"},"potentialAction":[{"@type":"SearchAction","target":{"@type":"EntryPoint","urlTemplate":"https:\/\/zapateneo.net\/wordpress\/?s={search_term_string}"},"query-input":{"@type":"PropertyValueSpecification","valueRequired":true,"valueName":"search_term_string"}}],"inLanguage":"es"},{"@type":"Organization","@id":"https:\/\/zapateneo.net\/wordpress\/#organization","name":"Zapateneo Kultur Elkartea","url":"https:\/\/zapateneo.net\/wordpress\/","logo":{"@type":"ImageObject","inLanguage":"es","@id":"https:\/\/zapateneo.net\/wordpress\/#\/schema\/logo\/image\/","url":"https:\/\/zapateneo.net\/wordpress\/wp-content\/uploads\/2021\/04\/zap-libu-kolec.jpg","contentUrl":"https:\/\/zapateneo.net\/wordpress\/wp-content\/uploads\/2021\/04\/zap-libu-kolec.jpg","width":2234,"height":398,"caption":"Zapateneo Kultur Elkartea"},"image":{"@id":"https:\/\/zapateneo.net\/wordpress\/#\/schema\/logo\/image\/"},"sameAs":["https:\/\/x.com\/zapateneo"]}]}},"_links":{"self":[{"href":"https:\/\/zapateneo.net\/wordpress\/index.php\/wp-json\/wp\/v2\/product\/5578","targetHints":{"allow":["GET"]}}],"collection":[{"href":"https:\/\/zapateneo.net\/wordpress\/index.php\/wp-json\/wp\/v2\/product"}],"about":[{"href":"https:\/\/zapateneo.net\/wordpress\/index.php\/wp-json\/wp\/v2\/types\/product"}],"wp:featuredmedia":[{"embeddable":true,"href":"https:\/\/zapateneo.net\/wordpress\/index.php\/wp-json\/wp\/v2\/media\/5627"}],"wp:attachment":[{"href":"https:\/\/zapateneo.net\/wordpress\/index.php\/wp-json\/wp\/v2\/media?parent=5578"}],"wp:term":[{"taxonomy":"product_brand","embeddable":true,"href":"https:\/\/zapateneo.net\/wordpress\/index.php\/wp-json\/wp\/v2\/product_brand?post=5578"},{"taxonomy":"product_cat","embeddable":true,"href":"https:\/\/zapateneo.net\/wordpress\/index.php\/wp-json\/wp\/v2\/product_cat?post=5578"},{"taxonomy":"product_tag","embeddable":true,"href":"https:\/\/zapateneo.net\/wordpress\/index.php\/wp-json\/wp\/v2\/product_tag?post=5578"}],"curies":[{"name":"wp","href":"https:\/\/api.w.org\/{rel}","templated":true}]}}