{"id":5576,"date":"2021-04-08T17:05:20","date_gmt":"2021-04-08T16:05:20","guid":{"rendered":"https:\/\/zapateneo.net\/wordpress\/?post_type=product&#038;p=5576"},"modified":"2023-04-12T15:57:54","modified_gmt":"2023-04-12T14:57:54","slug":"el-ultimo-verano-sovietico","status":"publish","type":"product","link":"https:\/\/zapateneo.net\/wordpress\/index.php\/producto\/el-ultimo-verano-sovietico\/","title":{"rendered":"El \u00faltimo verano sovi\u00e9tico"},"content":{"rendered":"<p><span><\/p>\n<p>&nbsp;<\/p>\n<p><span><\/p>\n<p>&nbsp;<\/p>\n<p><span><\/p>\n<p>&nbsp;<\/p>\n<p><span><\/p>\n<p><span><\/p>\n<p>En el verano de 1991, el compa&ntilde;ero Ignacio de Llorens viaja a San Petersburgo para estudiar ruso. Durante su estancia en el pa&iacute;s sovi&eacute;tico le sorprende el golpe de Estado militar que pretende anular las incipientes aperturas democr&aacute;ticas. Entusiasmado por su primera experiencia en suelo sovi&eacute;tico, el autor realiza una profunda reflexi&oacute;n no solo de la historia reciente de Rusia, sino que hace un recorrido por las calles de Crimen y castigo, recordando a los autores m&aacute;s apasionantes de la literatura rusa. Las an&eacute;cdotas del viaje se unen a un serio an&aacute;lisis del devenir de las transformaciones sociales. Lo que fuera para algunos el ansiado para&iacute;so comunista, Llorens nos lo presenta como una cruda realidad: una sociedad autoritaria donde la miseria est&aacute; generalizada, la desconfianza es habitual, la tristeza se percibe en la cara de los ciudadanos&#8230; Una muy penosa situaci&oacute;n para un pueblo que ha sufrido tanto. Despu&eacute;s de soportar al zar han tenido que sufrir las arbitrariedades e irracionalidades del Partido. Los &uacute;ltimos cambios pol&iacute;ticos han favorecido las mafias y el enriquecimiento r&aacute;pido de unos pocos. Las largas colas siguen siendo interminables ante los mercados vacios. En estas lamentables e indeseables circunstancias los rusos se las agencian como pueden para poder sobrevivir. De los grupos libertarios con los que toma contacto, Ignacio de Llorens nos habla sobre sus actividades, publicaciones peri&oacute;dicas y sobre sus ilusiones, pocas ante este panorama. Tratan de recuperar el sendero de la libertad en la lucha contra las injusticias, rescatando los textos de los pioneros del anarquismo ruso: Bakunin, Kropotkin&#8230; Curiosamente, algunos peri&oacute;dicos anarquistas tienen tiradas considerables para la poca militancia y compa&ntilde;eros que han podido sobrevivir al terror del Partido, aunque en general suele ser gente joven. El libro es muy ameno, y frente a esta fotograf&iacute;a tan triste de la realidad del pueblo, el autor sabe contar de forma muy atractiva y graciosas algunas an&eacute;cdotas que provocan la hilaridad del lector, para momentos despu&eacute;s sumergirse otra vez en la cruda realidad. El libro tiene numerosas fotograf&iacute;as, unas sobre monumentos hist&oacute;ricos y personajes literarios, otras de la actualidad, de las barricadas y manifestaciones anarquista en contra de los militares. Documentos gr&aacute;ficos que pudo traer de regreso del viaje. Poco despu&eacute;s de triunfar la revoluci&oacute;n sovi&eacute;tica, Emma Goldman denunci&oacute; a los comunistas rusos. Ella, como tantos otros compa&ntilde;eros, tuvieron que sufrir la represi&oacute;n del aparato del partido. Desde entonces, las corrientes libertarias han venido denunciando lo que es un camino err&oacute;neo, una pseudosoluci&oacute;n para la libertad y justica por las que lucha el pueblo. Y en la actualidad se sigue haciendo. No es el &uacute;nico libro que va a sacar la Fundaci&oacute;n sobre la barbarie autoritaria del capitalismo de Estado. Ahora se est&aacute; preparando la edici&oacute;n de un libro sobre el anarquismo en Cuba, donde se denuncia a Batista, pero donde tambi&eacute;n se pone en claro la represi&oacute;n de la dictadura castrista. Las denuncias contra el neoliberalismo econ&oacute;mico que sufrimos las seguiremos sacando a la luz, pero las barbaridades autoritarias de los llamados pa&iacute;ses comunistas tambi&eacute;n las vamos a dar a conocer.<\/p>\n<p><\/span><\/p>\n<p>Fundaci&oacute;n de Estudios Libertarios Anselmo Lorenzo, Cuadernos Libertarios n&ordm;5, Madrid 1999 125 p&aacute;gs. R&uacute;stica il. 2NULL13 cm ISBN 978-84-86864-35-4<\/p>\n<p><span class=\"pageHeading\"> <\/span><\/p>\n<p><\/span><\/p>\n<table border=\"0\" cellspacing=\"0\" cellpadding=\"2\" width=\"50%\">\n<tbody>\n<tr>\n<td class=\"main\"><\/td>\n<\/tr>\n<\/tbody>\n<\/table>\n<p><span><\/p>\n<p><span class=\"pageHeading\"> <\/span><\/p>\n<p><\/span><\/p>\n<p>&nbsp;<\/p>\n<p><\/span><\/p>\n<p>&nbsp;<\/p>\n<p><\/span><\/p>\n<p>&nbsp;<\/p>\n<p><\/span><\/p>\n","protected":false},"excerpt":{"rendered":"<p><strong>Llorens Garc\u00eda, Ignacio de<\/strong><br \/>\n9788486864354 &#8211; Fundaci\u00f3n de Estudios Libertarios Anselmo Lorenzo &#8211; 1999 &#8211; 125 p\u00e1ginas \/orri.<\/p>\n","protected":false},"featured_media":5625,"template":"","meta":[],"product_brand":[],"product_cat":[185,16],"product_tag":[561,6099],"class_list":{"0":"post-5576","1":"product","2":"type-product","3":"status-publish","4":"has-post-thumbnail","6":"product_cat-historia","7":"product_cat-libros","8":"product_tag-fundacion-anselmo-lorenzo","9":"product_tag-ignacio-de-llorens-garcia","11":"first","12":"instock","13":"sold-individually","14":"shipping-taxable","15":"purchasable","16":"product-type-simple"},"yoast_head":"<!-- This site is optimized with the Yoast SEO plugin v27.4 - https:\/\/yoast.com\/product\/yoast-seo-wordpress\/ -->\n<title>El \u00faltimo verano sovi\u00e9tico &#8212; Zapateneo<\/title>\n<meta name=\"robots\" content=\"index, follow, max-snippet:-1, max-image-preview:large, max-video-preview:-1\" \/>\n<link rel=\"canonical\" href=\"https:\/\/zapateneo.net\/wordpress\/index.php\/producto\/el-ultimo-verano-sovietico\/\" \/>\n<meta property=\"og:locale\" content=\"es_ES\" \/>\n<meta property=\"og:type\" content=\"article\" \/>\n<meta property=\"og:title\" content=\"El \u00faltimo verano sovi\u00e9tico &#8212; Zapateneo\" \/>\n<meta property=\"og:description\" content=\"Llorens Garc\u00eda, Ignacio de 9788486864354 - Fundaci\u00f3n de Estudios Libertarios Anselmo Lorenzo - 1999 - 125 p\u00e1ginas \/orri.\" \/>\n<meta property=\"og:url\" content=\"https:\/\/zapateneo.net\/wordpress\/index.php\/producto\/el-ultimo-verano-sovietico\/\" \/>\n<meta property=\"og:site_name\" content=\"Zapateneo\" \/>\n<meta property=\"article:modified_time\" content=\"2023-04-12T14:57:54+00:00\" \/>\n<meta property=\"og:image\" content=\"https:\/\/zapateneo.net\/wordpress\/wp-content\/uploads\/2021\/04\/1799.gif\" \/>\n\t<meta property=\"og:image:width\" content=\"120\" \/>\n\t<meta property=\"og:image:height\" content=\"182\" \/>\n\t<meta property=\"og:image:type\" content=\"image\/gif\" \/>\n<meta name=\"twitter:card\" content=\"summary_large_image\" \/>\n<meta name=\"twitter:site\" content=\"@zapateneo\" \/>\n<meta name=\"twitter:label1\" content=\"Tiempo de lectura\" \/>\n\t<meta name=\"twitter:data1\" content=\"3 minutos\" \/>\n<script type=\"application\/ld+json\" class=\"yoast-schema-graph\">{\"@context\":\"https:\\\/\\\/schema.org\",\"@graph\":[{\"@type\":\"WebPage\",\"@id\":\"https:\\\/\\\/zapateneo.net\\\/wordpress\\\/index.php\\\/producto\\\/el-ultimo-verano-sovietico\\\/\",\"url\":\"https:\\\/\\\/zapateneo.net\\\/wordpress\\\/index.php\\\/producto\\\/el-ultimo-verano-sovietico\\\/\",\"name\":\"El \u00faltimo verano sovi\u00e9tico &#8212; Zapateneo\",\"isPartOf\":{\"@id\":\"https:\\\/\\\/zapateneo.net\\\/wordpress\\\/#website\"},\"primaryImageOfPage\":{\"@id\":\"https:\\\/\\\/zapateneo.net\\\/wordpress\\\/index.php\\\/producto\\\/el-ultimo-verano-sovietico\\\/#primaryimage\"},\"image\":{\"@id\":\"https:\\\/\\\/zapateneo.net\\\/wordpress\\\/index.php\\\/producto\\\/el-ultimo-verano-sovietico\\\/#primaryimage\"},\"thumbnailUrl\":\"https:\\\/\\\/zapateneo.net\\\/wordpress\\\/wp-content\\\/uploads\\\/2021\\\/04\\\/1799.gif\",\"datePublished\":\"2021-04-08T16:05:20+00:00\",\"dateModified\":\"2023-04-12T14:57:54+00:00\",\"breadcrumb\":{\"@id\":\"https:\\\/\\\/zapateneo.net\\\/wordpress\\\/index.php\\\/producto\\\/el-ultimo-verano-sovietico\\\/#breadcrumb\"},\"inLanguage\":\"es\",\"potentialAction\":[{\"@type\":\"ReadAction\",\"target\":[\"https:\\\/\\\/zapateneo.net\\\/wordpress\\\/index.php\\\/producto\\\/el-ultimo-verano-sovietico\\\/\"]}]},{\"@type\":\"ImageObject\",\"inLanguage\":\"es\",\"@id\":\"https:\\\/\\\/zapateneo.net\\\/wordpress\\\/index.php\\\/producto\\\/el-ultimo-verano-sovietico\\\/#primaryimage\",\"url\":\"https:\\\/\\\/zapateneo.net\\\/wordpress\\\/wp-content\\\/uploads\\\/2021\\\/04\\\/1799.gif\",\"contentUrl\":\"https:\\\/\\\/zapateneo.net\\\/wordpress\\\/wp-content\\\/uploads\\\/2021\\\/04\\\/1799.gif\",\"width\":120,\"height\":182},{\"@type\":\"BreadcrumbList\",\"@id\":\"https:\\\/\\\/zapateneo.net\\\/wordpress\\\/index.php\\\/producto\\\/el-ultimo-verano-sovietico\\\/#breadcrumb\",\"itemListElement\":[{\"@type\":\"ListItem\",\"position\":1,\"name\":\"Portada\",\"item\":\"https:\\\/\\\/zapateneo.net\\\/wordpress\\\/\"},{\"@type\":\"ListItem\",\"position\":2,\"name\":\"Tienda\",\"item\":\"https:\\\/\\\/zapateneo.net\\\/wordpress\\\/\"},{\"@type\":\"ListItem\",\"position\":3,\"name\":\"El \u00faltimo verano sovi\u00e9tico\"}]},{\"@type\":\"WebSite\",\"@id\":\"https:\\\/\\\/zapateneo.net\\\/wordpress\\\/#website\",\"url\":\"https:\\\/\\\/zapateneo.net\\\/wordpress\\\/\",\"name\":\"Zapateneo\",\"description\":\"Zapateneoaren webgunea\",\"publisher\":{\"@id\":\"https:\\\/\\\/zapateneo.net\\\/wordpress\\\/#organization\"},\"potentialAction\":[{\"@type\":\"SearchAction\",\"target\":{\"@type\":\"EntryPoint\",\"urlTemplate\":\"https:\\\/\\\/zapateneo.net\\\/wordpress\\\/?s={search_term_string}\"},\"query-input\":{\"@type\":\"PropertyValueSpecification\",\"valueRequired\":true,\"valueName\":\"search_term_string\"}}],\"inLanguage\":\"es\"},{\"@type\":\"Organization\",\"@id\":\"https:\\\/\\\/zapateneo.net\\\/wordpress\\\/#organization\",\"name\":\"Zapateneo Kultur Elkartea\",\"url\":\"https:\\\/\\\/zapateneo.net\\\/wordpress\\\/\",\"logo\":{\"@type\":\"ImageObject\",\"inLanguage\":\"es\",\"@id\":\"https:\\\/\\\/zapateneo.net\\\/wordpress\\\/#\\\/schema\\\/logo\\\/image\\\/\",\"url\":\"https:\\\/\\\/zapateneo.net\\\/wordpress\\\/wp-content\\\/uploads\\\/2021\\\/04\\\/zap-libu-kolec.jpg\",\"contentUrl\":\"https:\\\/\\\/zapateneo.net\\\/wordpress\\\/wp-content\\\/uploads\\\/2021\\\/04\\\/zap-libu-kolec.jpg\",\"width\":2234,\"height\":398,\"caption\":\"Zapateneo Kultur Elkartea\"},\"image\":{\"@id\":\"https:\\\/\\\/zapateneo.net\\\/wordpress\\\/#\\\/schema\\\/logo\\\/image\\\/\"},\"sameAs\":[\"https:\\\/\\\/x.com\\\/zapateneo\"]}]}<\/script>\n<!-- \/ Yoast SEO plugin. -->","yoast_head_json":{"title":"El \u00faltimo verano sovi\u00e9tico &#8212; Zapateneo","robots":{"index":"index","follow":"follow","max-snippet":"max-snippet:-1","max-image-preview":"max-image-preview:large","max-video-preview":"max-video-preview:-1"},"canonical":"https:\/\/zapateneo.net\/wordpress\/index.php\/producto\/el-ultimo-verano-sovietico\/","og_locale":"es_ES","og_type":"article","og_title":"El \u00faltimo verano sovi\u00e9tico &#8212; Zapateneo","og_description":"Llorens Garc\u00eda, Ignacio de 9788486864354 - Fundaci\u00f3n de Estudios Libertarios Anselmo Lorenzo - 1999 - 125 p\u00e1ginas \/orri.","og_url":"https:\/\/zapateneo.net\/wordpress\/index.php\/producto\/el-ultimo-verano-sovietico\/","og_site_name":"Zapateneo","article_modified_time":"2023-04-12T14:57:54+00:00","og_image":[{"width":120,"height":182,"url":"https:\/\/zapateneo.net\/wordpress\/wp-content\/uploads\/2021\/04\/1799.gif","type":"image\/gif"}],"twitter_card":"summary_large_image","twitter_site":"@zapateneo","twitter_misc":{"Tiempo de lectura":"3 minutos"},"schema":{"@context":"https:\/\/schema.org","@graph":[{"@type":"WebPage","@id":"https:\/\/zapateneo.net\/wordpress\/index.php\/producto\/el-ultimo-verano-sovietico\/","url":"https:\/\/zapateneo.net\/wordpress\/index.php\/producto\/el-ultimo-verano-sovietico\/","name":"El \u00faltimo verano sovi\u00e9tico &#8212; Zapateneo","isPartOf":{"@id":"https:\/\/zapateneo.net\/wordpress\/#website"},"primaryImageOfPage":{"@id":"https:\/\/zapateneo.net\/wordpress\/index.php\/producto\/el-ultimo-verano-sovietico\/#primaryimage"},"image":{"@id":"https:\/\/zapateneo.net\/wordpress\/index.php\/producto\/el-ultimo-verano-sovietico\/#primaryimage"},"thumbnailUrl":"https:\/\/zapateneo.net\/wordpress\/wp-content\/uploads\/2021\/04\/1799.gif","datePublished":"2021-04-08T16:05:20+00:00","dateModified":"2023-04-12T14:57:54+00:00","breadcrumb":{"@id":"https:\/\/zapateneo.net\/wordpress\/index.php\/producto\/el-ultimo-verano-sovietico\/#breadcrumb"},"inLanguage":"es","potentialAction":[{"@type":"ReadAction","target":["https:\/\/zapateneo.net\/wordpress\/index.php\/producto\/el-ultimo-verano-sovietico\/"]}]},{"@type":"ImageObject","inLanguage":"es","@id":"https:\/\/zapateneo.net\/wordpress\/index.php\/producto\/el-ultimo-verano-sovietico\/#primaryimage","url":"https:\/\/zapateneo.net\/wordpress\/wp-content\/uploads\/2021\/04\/1799.gif","contentUrl":"https:\/\/zapateneo.net\/wordpress\/wp-content\/uploads\/2021\/04\/1799.gif","width":120,"height":182},{"@type":"BreadcrumbList","@id":"https:\/\/zapateneo.net\/wordpress\/index.php\/producto\/el-ultimo-verano-sovietico\/#breadcrumb","itemListElement":[{"@type":"ListItem","position":1,"name":"Portada","item":"https:\/\/zapateneo.net\/wordpress\/"},{"@type":"ListItem","position":2,"name":"Tienda","item":"https:\/\/zapateneo.net\/wordpress\/"},{"@type":"ListItem","position":3,"name":"El \u00faltimo verano sovi\u00e9tico"}]},{"@type":"WebSite","@id":"https:\/\/zapateneo.net\/wordpress\/#website","url":"https:\/\/zapateneo.net\/wordpress\/","name":"Zapateneo","description":"Zapateneoaren webgunea","publisher":{"@id":"https:\/\/zapateneo.net\/wordpress\/#organization"},"potentialAction":[{"@type":"SearchAction","target":{"@type":"EntryPoint","urlTemplate":"https:\/\/zapateneo.net\/wordpress\/?s={search_term_string}"},"query-input":{"@type":"PropertyValueSpecification","valueRequired":true,"valueName":"search_term_string"}}],"inLanguage":"es"},{"@type":"Organization","@id":"https:\/\/zapateneo.net\/wordpress\/#organization","name":"Zapateneo Kultur Elkartea","url":"https:\/\/zapateneo.net\/wordpress\/","logo":{"@type":"ImageObject","inLanguage":"es","@id":"https:\/\/zapateneo.net\/wordpress\/#\/schema\/logo\/image\/","url":"https:\/\/zapateneo.net\/wordpress\/wp-content\/uploads\/2021\/04\/zap-libu-kolec.jpg","contentUrl":"https:\/\/zapateneo.net\/wordpress\/wp-content\/uploads\/2021\/04\/zap-libu-kolec.jpg","width":2234,"height":398,"caption":"Zapateneo Kultur Elkartea"},"image":{"@id":"https:\/\/zapateneo.net\/wordpress\/#\/schema\/logo\/image\/"},"sameAs":["https:\/\/x.com\/zapateneo"]}]}},"_links":{"self":[{"href":"https:\/\/zapateneo.net\/wordpress\/index.php\/wp-json\/wp\/v2\/product\/5576","targetHints":{"allow":["GET"]}}],"collection":[{"href":"https:\/\/zapateneo.net\/wordpress\/index.php\/wp-json\/wp\/v2\/product"}],"about":[{"href":"https:\/\/zapateneo.net\/wordpress\/index.php\/wp-json\/wp\/v2\/types\/product"}],"wp:featuredmedia":[{"embeddable":true,"href":"https:\/\/zapateneo.net\/wordpress\/index.php\/wp-json\/wp\/v2\/media\/5625"}],"wp:attachment":[{"href":"https:\/\/zapateneo.net\/wordpress\/index.php\/wp-json\/wp\/v2\/media?parent=5576"}],"wp:term":[{"taxonomy":"product_brand","embeddable":true,"href":"https:\/\/zapateneo.net\/wordpress\/index.php\/wp-json\/wp\/v2\/product_brand?post=5576"},{"taxonomy":"product_cat","embeddable":true,"href":"https:\/\/zapateneo.net\/wordpress\/index.php\/wp-json\/wp\/v2\/product_cat?post=5576"},{"taxonomy":"product_tag","embeddable":true,"href":"https:\/\/zapateneo.net\/wordpress\/index.php\/wp-json\/wp\/v2\/product_tag?post=5576"}],"curies":[{"name":"wp","href":"https:\/\/api.w.org\/{rel}","templated":true}]}}