{"id":5502,"date":"2021-04-08T17:04:18","date_gmt":"2021-04-08T16:04:18","guid":{"rendered":"https:\/\/zapateneo.net\/wordpress\/?post_type=product&#038;p=5502"},"modified":"2023-04-02T16:45:31","modified_gmt":"2023-04-02T15:45:31","slug":"momentos-insurreccionales-revueltas-algaradas-y-procesos-revolucionarios","status":"publish","type":"product","link":"https:\/\/zapateneo.net\/wordpress\/index.php\/producto\/momentos-insurreccionales-revueltas-algaradas-y-procesos-revolucionarios\/","title":{"rendered":"Momentos insurreccionales. Revueltas, algaradas y procesos revolucionarios."},"content":{"rendered":"<p>La presente obra es una recopilaci\u00f3n de momentos insurreccionales, algaradas o revueltas que se vivieron en distintos lugares del mundo, principalmente a lo largo del siglo XX. As\u00ed, en sus p\u00e1ginas encontramos desde la respuesta popular a la sublevaci\u00f3n militar que se produjo en Barcelona el 19 de julio de 1936, hasta las revueltas acontecidas en Bolivia en 2003, pasando por otras muchas explosiones populares, como en Par\u00eds en 1968, Albania en 1997, Argentina en 1969 o, mucho m\u00e1s atr\u00e1s, Hungr\u00eda en 1956 o Rusia en 1917, por citar s\u00f3lo algunos de los acontecimientos narrados en este libro, cuyas p\u00e1ginas est\u00e1n impregnadas del olor del caucho quemado de unos neum\u00e1ticos ardiendo, y en ellas podemos visualizar, sin necesidad de fotograf\u00edas, los adoquines amontonados en barricadas o lanzados contra la polic\u00eda, el resplandor de un c\u00f3ctel molotov estallando contra un concesionario de coches, los edificios gubernamentales tomados o quemados, el reparto de mercanc\u00edas de supermercados saqueados, las asambleas multitudinarias en las que se deciden los pasos a seguir, la liberaci\u00f3n de presos y el ajusticiamiento de torturadores y verdugos. Aqu\u00ed se describen d\u00edas de amor y rabia, de destrucci\u00f3n y creaci\u00f3n, que marcaron a las generaciones que los vivieron. Fueron insurrecciones y rebeliones imperfectas, llenas de errores y limitaciones, aparentemente fracasadas, pero que han dejado una huella imborrable en la conciencia de todos los que luchan por otro orden social.<\/p>\n","protected":false},"excerpt":{"rendered":"<p><strong>VVAA<\/strong><br \/>\n9788496356948 &#8211; el viejo topo &#8211; 2006 &#8211; p\u00e1ginas \/orri.<\/p>\n","protected":false},"featured_media":5550,"template":"","meta":[],"product_brand":[],"product_cat":[185,16],"product_tag":[111],"class_list":{"0":"post-5502","1":"product","2":"type-product","3":"status-publish","4":"has-post-thumbnail","6":"product_cat-historia","7":"product_cat-libros","8":"product_tag-el-viejo-topo","10":"first","11":"instock","12":"sold-individually","13":"shipping-taxable","14":"purchasable","15":"product-type-simple"},"yoast_head":"<!-- This site is optimized with the Yoast SEO plugin v27.4 - https:\/\/yoast.com\/product\/yoast-seo-wordpress\/ -->\n<title>Momentos insurreccionales. Revueltas, algaradas y procesos revolucionarios. &#8212; Zapateneo<\/title>\n<meta name=\"robots\" content=\"index, follow, max-snippet:-1, max-image-preview:large, max-video-preview:-1\" \/>\n<link rel=\"canonical\" href=\"https:\/\/zapateneo.net\/wordpress\/index.php\/producto\/momentos-insurreccionales-revueltas-algaradas-y-procesos-revolucionarios\/\" \/>\n<meta property=\"og:locale\" content=\"es_ES\" \/>\n<meta property=\"og:type\" content=\"article\" \/>\n<meta property=\"og:title\" content=\"Momentos insurreccionales. Revueltas, algaradas y procesos revolucionarios. &#8212; Zapateneo\" \/>\n<meta property=\"og:description\" content=\"VVAA 9788496356948 - el viejo topo - 2006 - p\u00e1ginas \/orri.\" \/>\n<meta property=\"og:url\" content=\"https:\/\/zapateneo.net\/wordpress\/index.php\/producto\/momentos-insurreccionales-revueltas-algaradas-y-procesos-revolucionarios\/\" \/>\n<meta property=\"og:site_name\" content=\"Zapateneo\" \/>\n<meta property=\"article:modified_time\" content=\"2023-04-02T15:45:31+00:00\" \/>\n<meta property=\"og:image\" content=\"https:\/\/zapateneo.net\/wordpress\/wp-content\/uploads\/2021\/04\/4862.jpg\" \/>\n\t<meta property=\"og:image:width\" content=\"412\" \/>\n\t<meta property=\"og:image:height\" content=\"600\" \/>\n\t<meta property=\"og:image:type\" content=\"image\/jpeg\" \/>\n<meta name=\"twitter:card\" content=\"summary_large_image\" \/>\n<meta name=\"twitter:site\" content=\"@zapateneo\" \/>\n<meta name=\"twitter:label1\" content=\"Tiempo de lectura\" \/>\n\t<meta name=\"twitter:data1\" content=\"1 minuto\" \/>\n<script type=\"application\/ld+json\" class=\"yoast-schema-graph\">{\"@context\":\"https:\\\/\\\/schema.org\",\"@graph\":[{\"@type\":\"WebPage\",\"@id\":\"https:\\\/\\\/zapateneo.net\\\/wordpress\\\/index.php\\\/producto\\\/momentos-insurreccionales-revueltas-algaradas-y-procesos-revolucionarios\\\/\",\"url\":\"https:\\\/\\\/zapateneo.net\\\/wordpress\\\/index.php\\\/producto\\\/momentos-insurreccionales-revueltas-algaradas-y-procesos-revolucionarios\\\/\",\"name\":\"Momentos insurreccionales. Revueltas, algaradas y procesos revolucionarios. &#8212; Zapateneo\",\"isPartOf\":{\"@id\":\"https:\\\/\\\/zapateneo.net\\\/wordpress\\\/#website\"},\"primaryImageOfPage\":{\"@id\":\"https:\\\/\\\/zapateneo.net\\\/wordpress\\\/index.php\\\/producto\\\/momentos-insurreccionales-revueltas-algaradas-y-procesos-revolucionarios\\\/#primaryimage\"},\"image\":{\"@id\":\"https:\\\/\\\/zapateneo.net\\\/wordpress\\\/index.php\\\/producto\\\/momentos-insurreccionales-revueltas-algaradas-y-procesos-revolucionarios\\\/#primaryimage\"},\"thumbnailUrl\":\"https:\\\/\\\/zapateneo.net\\\/wordpress\\\/wp-content\\\/uploads\\\/2021\\\/04\\\/4862.jpg\",\"datePublished\":\"2021-04-08T16:04:18+00:00\",\"dateModified\":\"2023-04-02T15:45:31+00:00\",\"breadcrumb\":{\"@id\":\"https:\\\/\\\/zapateneo.net\\\/wordpress\\\/index.php\\\/producto\\\/momentos-insurreccionales-revueltas-algaradas-y-procesos-revolucionarios\\\/#breadcrumb\"},\"inLanguage\":\"es\",\"potentialAction\":[{\"@type\":\"ReadAction\",\"target\":[\"https:\\\/\\\/zapateneo.net\\\/wordpress\\\/index.php\\\/producto\\\/momentos-insurreccionales-revueltas-algaradas-y-procesos-revolucionarios\\\/\"]}]},{\"@type\":\"ImageObject\",\"inLanguage\":\"es\",\"@id\":\"https:\\\/\\\/zapateneo.net\\\/wordpress\\\/index.php\\\/producto\\\/momentos-insurreccionales-revueltas-algaradas-y-procesos-revolucionarios\\\/#primaryimage\",\"url\":\"https:\\\/\\\/zapateneo.net\\\/wordpress\\\/wp-content\\\/uploads\\\/2021\\\/04\\\/4862.jpg\",\"contentUrl\":\"https:\\\/\\\/zapateneo.net\\\/wordpress\\\/wp-content\\\/uploads\\\/2021\\\/04\\\/4862.jpg\",\"width\":412,\"height\":600},{\"@type\":\"BreadcrumbList\",\"@id\":\"https:\\\/\\\/zapateneo.net\\\/wordpress\\\/index.php\\\/producto\\\/momentos-insurreccionales-revueltas-algaradas-y-procesos-revolucionarios\\\/#breadcrumb\",\"itemListElement\":[{\"@type\":\"ListItem\",\"position\":1,\"name\":\"Portada\",\"item\":\"https:\\\/\\\/zapateneo.net\\\/wordpress\\\/\"},{\"@type\":\"ListItem\",\"position\":2,\"name\":\"Tienda\",\"item\":\"https:\\\/\\\/zapateneo.net\\\/wordpress\\\/\"},{\"@type\":\"ListItem\",\"position\":3,\"name\":\"Momentos insurreccionales. Revueltas, algaradas y procesos revolucionarios.\"}]},{\"@type\":\"WebSite\",\"@id\":\"https:\\\/\\\/zapateneo.net\\\/wordpress\\\/#website\",\"url\":\"https:\\\/\\\/zapateneo.net\\\/wordpress\\\/\",\"name\":\"Zapateneo\",\"description\":\"Zapateneoaren webgunea\",\"publisher\":{\"@id\":\"https:\\\/\\\/zapateneo.net\\\/wordpress\\\/#organization\"},\"potentialAction\":[{\"@type\":\"SearchAction\",\"target\":{\"@type\":\"EntryPoint\",\"urlTemplate\":\"https:\\\/\\\/zapateneo.net\\\/wordpress\\\/?s={search_term_string}\"},\"query-input\":{\"@type\":\"PropertyValueSpecification\",\"valueRequired\":true,\"valueName\":\"search_term_string\"}}],\"inLanguage\":\"es\"},{\"@type\":\"Organization\",\"@id\":\"https:\\\/\\\/zapateneo.net\\\/wordpress\\\/#organization\",\"name\":\"Zapateneo Kultur Elkartea\",\"url\":\"https:\\\/\\\/zapateneo.net\\\/wordpress\\\/\",\"logo\":{\"@type\":\"ImageObject\",\"inLanguage\":\"es\",\"@id\":\"https:\\\/\\\/zapateneo.net\\\/wordpress\\\/#\\\/schema\\\/logo\\\/image\\\/\",\"url\":\"https:\\\/\\\/zapateneo.net\\\/wordpress\\\/wp-content\\\/uploads\\\/2021\\\/04\\\/zap-libu-kolec.jpg\",\"contentUrl\":\"https:\\\/\\\/zapateneo.net\\\/wordpress\\\/wp-content\\\/uploads\\\/2021\\\/04\\\/zap-libu-kolec.jpg\",\"width\":2234,\"height\":398,\"caption\":\"Zapateneo Kultur Elkartea\"},\"image\":{\"@id\":\"https:\\\/\\\/zapateneo.net\\\/wordpress\\\/#\\\/schema\\\/logo\\\/image\\\/\"},\"sameAs\":[\"https:\\\/\\\/x.com\\\/zapateneo\"]}]}<\/script>\n<!-- \/ Yoast SEO plugin. -->","yoast_head_json":{"title":"Momentos insurreccionales. Revueltas, algaradas y procesos revolucionarios. &#8212; Zapateneo","robots":{"index":"index","follow":"follow","max-snippet":"max-snippet:-1","max-image-preview":"max-image-preview:large","max-video-preview":"max-video-preview:-1"},"canonical":"https:\/\/zapateneo.net\/wordpress\/index.php\/producto\/momentos-insurreccionales-revueltas-algaradas-y-procesos-revolucionarios\/","og_locale":"es_ES","og_type":"article","og_title":"Momentos insurreccionales. Revueltas, algaradas y procesos revolucionarios. &#8212; Zapateneo","og_description":"VVAA 9788496356948 - el viejo topo - 2006 - p\u00e1ginas \/orri.","og_url":"https:\/\/zapateneo.net\/wordpress\/index.php\/producto\/momentos-insurreccionales-revueltas-algaradas-y-procesos-revolucionarios\/","og_site_name":"Zapateneo","article_modified_time":"2023-04-02T15:45:31+00:00","og_image":[{"width":412,"height":600,"url":"https:\/\/zapateneo.net\/wordpress\/wp-content\/uploads\/2021\/04\/4862.jpg","type":"image\/jpeg"}],"twitter_card":"summary_large_image","twitter_site":"@zapateneo","twitter_misc":{"Tiempo de lectura":"1 minuto"},"schema":{"@context":"https:\/\/schema.org","@graph":[{"@type":"WebPage","@id":"https:\/\/zapateneo.net\/wordpress\/index.php\/producto\/momentos-insurreccionales-revueltas-algaradas-y-procesos-revolucionarios\/","url":"https:\/\/zapateneo.net\/wordpress\/index.php\/producto\/momentos-insurreccionales-revueltas-algaradas-y-procesos-revolucionarios\/","name":"Momentos insurreccionales. Revueltas, algaradas y procesos revolucionarios. &#8212; Zapateneo","isPartOf":{"@id":"https:\/\/zapateneo.net\/wordpress\/#website"},"primaryImageOfPage":{"@id":"https:\/\/zapateneo.net\/wordpress\/index.php\/producto\/momentos-insurreccionales-revueltas-algaradas-y-procesos-revolucionarios\/#primaryimage"},"image":{"@id":"https:\/\/zapateneo.net\/wordpress\/index.php\/producto\/momentos-insurreccionales-revueltas-algaradas-y-procesos-revolucionarios\/#primaryimage"},"thumbnailUrl":"https:\/\/zapateneo.net\/wordpress\/wp-content\/uploads\/2021\/04\/4862.jpg","datePublished":"2021-04-08T16:04:18+00:00","dateModified":"2023-04-02T15:45:31+00:00","breadcrumb":{"@id":"https:\/\/zapateneo.net\/wordpress\/index.php\/producto\/momentos-insurreccionales-revueltas-algaradas-y-procesos-revolucionarios\/#breadcrumb"},"inLanguage":"es","potentialAction":[{"@type":"ReadAction","target":["https:\/\/zapateneo.net\/wordpress\/index.php\/producto\/momentos-insurreccionales-revueltas-algaradas-y-procesos-revolucionarios\/"]}]},{"@type":"ImageObject","inLanguage":"es","@id":"https:\/\/zapateneo.net\/wordpress\/index.php\/producto\/momentos-insurreccionales-revueltas-algaradas-y-procesos-revolucionarios\/#primaryimage","url":"https:\/\/zapateneo.net\/wordpress\/wp-content\/uploads\/2021\/04\/4862.jpg","contentUrl":"https:\/\/zapateneo.net\/wordpress\/wp-content\/uploads\/2021\/04\/4862.jpg","width":412,"height":600},{"@type":"BreadcrumbList","@id":"https:\/\/zapateneo.net\/wordpress\/index.php\/producto\/momentos-insurreccionales-revueltas-algaradas-y-procesos-revolucionarios\/#breadcrumb","itemListElement":[{"@type":"ListItem","position":1,"name":"Portada","item":"https:\/\/zapateneo.net\/wordpress\/"},{"@type":"ListItem","position":2,"name":"Tienda","item":"https:\/\/zapateneo.net\/wordpress\/"},{"@type":"ListItem","position":3,"name":"Momentos insurreccionales. Revueltas, algaradas y procesos revolucionarios."}]},{"@type":"WebSite","@id":"https:\/\/zapateneo.net\/wordpress\/#website","url":"https:\/\/zapateneo.net\/wordpress\/","name":"Zapateneo","description":"Zapateneoaren webgunea","publisher":{"@id":"https:\/\/zapateneo.net\/wordpress\/#organization"},"potentialAction":[{"@type":"SearchAction","target":{"@type":"EntryPoint","urlTemplate":"https:\/\/zapateneo.net\/wordpress\/?s={search_term_string}"},"query-input":{"@type":"PropertyValueSpecification","valueRequired":true,"valueName":"search_term_string"}}],"inLanguage":"es"},{"@type":"Organization","@id":"https:\/\/zapateneo.net\/wordpress\/#organization","name":"Zapateneo Kultur Elkartea","url":"https:\/\/zapateneo.net\/wordpress\/","logo":{"@type":"ImageObject","inLanguage":"es","@id":"https:\/\/zapateneo.net\/wordpress\/#\/schema\/logo\/image\/","url":"https:\/\/zapateneo.net\/wordpress\/wp-content\/uploads\/2021\/04\/zap-libu-kolec.jpg","contentUrl":"https:\/\/zapateneo.net\/wordpress\/wp-content\/uploads\/2021\/04\/zap-libu-kolec.jpg","width":2234,"height":398,"caption":"Zapateneo Kultur Elkartea"},"image":{"@id":"https:\/\/zapateneo.net\/wordpress\/#\/schema\/logo\/image\/"},"sameAs":["https:\/\/x.com\/zapateneo"]}]}},"_links":{"self":[{"href":"https:\/\/zapateneo.net\/wordpress\/index.php\/wp-json\/wp\/v2\/product\/5502","targetHints":{"allow":["GET"]}}],"collection":[{"href":"https:\/\/zapateneo.net\/wordpress\/index.php\/wp-json\/wp\/v2\/product"}],"about":[{"href":"https:\/\/zapateneo.net\/wordpress\/index.php\/wp-json\/wp\/v2\/types\/product"}],"wp:featuredmedia":[{"embeddable":true,"href":"https:\/\/zapateneo.net\/wordpress\/index.php\/wp-json\/wp\/v2\/media\/5550"}],"wp:attachment":[{"href":"https:\/\/zapateneo.net\/wordpress\/index.php\/wp-json\/wp\/v2\/media?parent=5502"}],"wp:term":[{"taxonomy":"product_brand","embeddable":true,"href":"https:\/\/zapateneo.net\/wordpress\/index.php\/wp-json\/wp\/v2\/product_brand?post=5502"},{"taxonomy":"product_cat","embeddable":true,"href":"https:\/\/zapateneo.net\/wordpress\/index.php\/wp-json\/wp\/v2\/product_cat?post=5502"},{"taxonomy":"product_tag","embeddable":true,"href":"https:\/\/zapateneo.net\/wordpress\/index.php\/wp-json\/wp\/v2\/product_tag?post=5502"}],"curies":[{"name":"wp","href":"https:\/\/api.w.org\/{rel}","templated":true}]}}