{"id":5465,"date":"2021-04-08T17:03:43","date_gmt":"2021-04-08T16:03:43","guid":{"rendered":"https:\/\/zapateneo.net\/wordpress\/?post_type=product&#038;p=5465"},"modified":"2023-04-12T19:20:54","modified_gmt":"2023-04-12T18:20:54","slug":"expectativas-fallidas-espana-1934-1939","status":"publish","type":"product","link":"https:\/\/zapateneo.net\/wordpress\/index.php\/producto\/expectativas-fallidas-espana-1934-1939\/","title":{"rendered":"Expectativas fallidas (Espa\u00f1a 1934-1939)"},"content":{"rendered":"<p style=\"font-style: inherit; font-weight: inherit;\"><span style=\"font-style: inherit; font-weight: inherit;\">Este volumen recoge los art\u00edculos aparecidos en las revistas norteamericanas\u00a0<u style=\"font-style: inherit; font-weight: inherit;\">International Council Correspondence<\/u>\u00a0y\u00a0<u style=\"font-style: inherit; font-weight: inherit;\">Living Marxism<\/u>\u00a0en el periodo comprendido entre noviembre de 1934 y abril de 1939 que hacen referencia a la situaci\u00f3n socio-pol\u00edtica de\u00a0la II\u00aa Rep\u00fablica y Guerra Civil en Espa\u00f1a. En su conjunto, reflejan el punto de vista acerca del proceso espa\u00f1ol de los comunistas de izquierda alemanes, exiliados en Holanda y en los EE.UU. que, junto con sus compa\u00f1eros holandeses, hab\u00edan roto con las directrices de\u00a0la III\u00aa Internacional. La influencia de esta corriente (conocida bajo la denominaci\u00f3n de comunistas de los consejos) se ha extendido hasta nuestros d\u00edas en \u00e1mbitos acad\u00e9micos y sociales de Centroeuropa, con implicaciones en la teor\u00eda econ\u00f3mica, la filosof\u00eda y sociolog\u00eda (Paul Mattick, Karl Korsch. etc.). Concretamente, en lo que se refiere a los art\u00edculos sobre\u00a0la II\u00aa Rep\u00fablica y\u00a0la Guerra\u00a0de Espa\u00f1a aqu\u00ed recopilados, abordan las posiciones pol\u00edticas de las fuerzas contendientes en el marco de los movimientos sociales y las relaciones internacionales de la primera mitad del S. XX, bajo un \u00f3ptica que contribuye a enriquecer la problem\u00e1tica historiogr\u00e1fica de ese periodo, en la medida que se trata de un an\u00e1lisis y una documentaci\u00f3n que se compila por primera vez y que ha permanecido in\u00e9dita hasta este momento en castellano. El volumen se completa con una introducci\u00f3n a cargo de Cajo Brendel, escritor e historiador holand\u00e9s, autor del libro m\u00e1s importante sobre la guerra civil espa\u00f1ola en holand\u00e9s (Revolutie en Contrarrevolutie in Spanje. Een Analyse. Vert. Het Wereldvenster, 1977), una presentaci\u00f3n (Carlos Garc\u00eda Velasco) y una nota bibliogr\u00e1fica (Sergi Ros\u00e9s Cordovilla).<\/span><\/p>\n<p style=\"font-style: inherit; font-weight: inherit;\">Introducci\u00f3n de\u00a0<strong style=\"font-style: inherit; font-weight: 600;\">Cajo Brendel<\/strong><\/p>\n<p style=\"font-style: inherit; font-weight: inherit;\">Presentaci\u00f3n de\u00a0<strong style=\"font-style: inherit; font-weight: 600;\">Carlos Garc\u00eda Velasco<\/strong><\/p>\n<p style=\"font-style: inherit; font-weight: inherit;\">Nota bibliogr\u00e1fica de\u00a0<strong style=\"font-style: inherit; font-weight: 600;\">Sergi Ros\u00e9s Codovilla<\/strong><\/p>\n","protected":false},"excerpt":{"rendered":"<p><strong>vvaa<\/strong><br \/>\n9788488455697 &#8211; Adrede Ediciones &#8211; 1999 &#8211; 176 p\u00e1ginas \/orri.<\/p>\n","protected":false},"featured_media":5516,"template":"","meta":[],"product_brand":[],"product_cat":[185,16],"product_tag":[3478],"class_list":{"0":"post-5465","1":"product","2":"type-product","3":"status-publish","4":"has-post-thumbnail","6":"product_cat-historia","7":"product_cat-libros","8":"product_tag-adrede-ediciones","10":"first","11":"instock","12":"sold-individually","13":"shipping-taxable","14":"purchasable","15":"product-type-simple"},"yoast_head":"<!-- This site is optimized with the Yoast SEO plugin v27.4 - https:\/\/yoast.com\/product\/yoast-seo-wordpress\/ -->\n<title>Expectativas fallidas (Espa\u00f1a 1934-1939) &#8212; Zapateneo<\/title>\n<meta name=\"robots\" content=\"index, follow, max-snippet:-1, max-image-preview:large, max-video-preview:-1\" \/>\n<link rel=\"canonical\" href=\"https:\/\/zapateneo.net\/wordpress\/index.php\/producto\/expectativas-fallidas-espana-1934-1939\/\" \/>\n<meta property=\"og:locale\" content=\"es_ES\" \/>\n<meta property=\"og:type\" content=\"article\" \/>\n<meta property=\"og:title\" content=\"Expectativas fallidas (Espa\u00f1a 1934-1939) &#8212; Zapateneo\" \/>\n<meta property=\"og:description\" content=\"vvaa 9788488455697 - Adrede Ediciones - 1999 - 176 p\u00e1ginas \/orri.\" \/>\n<meta property=\"og:url\" content=\"https:\/\/zapateneo.net\/wordpress\/index.php\/producto\/expectativas-fallidas-espana-1934-1939\/\" \/>\n<meta property=\"og:site_name\" content=\"Zapateneo\" \/>\n<meta property=\"article:modified_time\" content=\"2023-04-12T18:20:54+00:00\" \/>\n<meta property=\"og:image\" content=\"https:\/\/zapateneo.net\/wordpress\/wp-content\/uploads\/2021\/04\/5706.jpg\" \/>\n\t<meta property=\"og:image:width\" content=\"200\" \/>\n\t<meta property=\"og:image:height\" content=\"317\" \/>\n\t<meta property=\"og:image:type\" content=\"image\/jpeg\" \/>\n<meta name=\"twitter:card\" content=\"summary_large_image\" \/>\n<meta name=\"twitter:site\" content=\"@zapateneo\" \/>\n<meta name=\"twitter:label1\" content=\"Tiempo de lectura\" \/>\n\t<meta name=\"twitter:data1\" content=\"2 minutos\" \/>\n<script type=\"application\/ld+json\" class=\"yoast-schema-graph\">{\"@context\":\"https:\\\/\\\/schema.org\",\"@graph\":[{\"@type\":\"WebPage\",\"@id\":\"https:\\\/\\\/zapateneo.net\\\/wordpress\\\/index.php\\\/producto\\\/expectativas-fallidas-espana-1934-1939\\\/\",\"url\":\"https:\\\/\\\/zapateneo.net\\\/wordpress\\\/index.php\\\/producto\\\/expectativas-fallidas-espana-1934-1939\\\/\",\"name\":\"Expectativas fallidas (Espa\u00f1a 1934-1939) &#8212; Zapateneo\",\"isPartOf\":{\"@id\":\"https:\\\/\\\/zapateneo.net\\\/wordpress\\\/#website\"},\"primaryImageOfPage\":{\"@id\":\"https:\\\/\\\/zapateneo.net\\\/wordpress\\\/index.php\\\/producto\\\/expectativas-fallidas-espana-1934-1939\\\/#primaryimage\"},\"image\":{\"@id\":\"https:\\\/\\\/zapateneo.net\\\/wordpress\\\/index.php\\\/producto\\\/expectativas-fallidas-espana-1934-1939\\\/#primaryimage\"},\"thumbnailUrl\":\"https:\\\/\\\/zapateneo.net\\\/wordpress\\\/wp-content\\\/uploads\\\/2021\\\/04\\\/5706.jpg\",\"datePublished\":\"2021-04-08T16:03:43+00:00\",\"dateModified\":\"2023-04-12T18:20:54+00:00\",\"breadcrumb\":{\"@id\":\"https:\\\/\\\/zapateneo.net\\\/wordpress\\\/index.php\\\/producto\\\/expectativas-fallidas-espana-1934-1939\\\/#breadcrumb\"},\"inLanguage\":\"es\",\"potentialAction\":[{\"@type\":\"ReadAction\",\"target\":[\"https:\\\/\\\/zapateneo.net\\\/wordpress\\\/index.php\\\/producto\\\/expectativas-fallidas-espana-1934-1939\\\/\"]}]},{\"@type\":\"ImageObject\",\"inLanguage\":\"es\",\"@id\":\"https:\\\/\\\/zapateneo.net\\\/wordpress\\\/index.php\\\/producto\\\/expectativas-fallidas-espana-1934-1939\\\/#primaryimage\",\"url\":\"https:\\\/\\\/zapateneo.net\\\/wordpress\\\/wp-content\\\/uploads\\\/2021\\\/04\\\/5706.jpg\",\"contentUrl\":\"https:\\\/\\\/zapateneo.net\\\/wordpress\\\/wp-content\\\/uploads\\\/2021\\\/04\\\/5706.jpg\",\"width\":200,\"height\":317},{\"@type\":\"BreadcrumbList\",\"@id\":\"https:\\\/\\\/zapateneo.net\\\/wordpress\\\/index.php\\\/producto\\\/expectativas-fallidas-espana-1934-1939\\\/#breadcrumb\",\"itemListElement\":[{\"@type\":\"ListItem\",\"position\":1,\"name\":\"Portada\",\"item\":\"https:\\\/\\\/zapateneo.net\\\/wordpress\\\/\"},{\"@type\":\"ListItem\",\"position\":2,\"name\":\"Tienda\",\"item\":\"https:\\\/\\\/zapateneo.net\\\/wordpress\\\/\"},{\"@type\":\"ListItem\",\"position\":3,\"name\":\"Expectativas fallidas (Espa\u00f1a 1934-1939)\"}]},{\"@type\":\"WebSite\",\"@id\":\"https:\\\/\\\/zapateneo.net\\\/wordpress\\\/#website\",\"url\":\"https:\\\/\\\/zapateneo.net\\\/wordpress\\\/\",\"name\":\"Zapateneo\",\"description\":\"Zapateneoaren webgunea\",\"publisher\":{\"@id\":\"https:\\\/\\\/zapateneo.net\\\/wordpress\\\/#organization\"},\"potentialAction\":[{\"@type\":\"SearchAction\",\"target\":{\"@type\":\"EntryPoint\",\"urlTemplate\":\"https:\\\/\\\/zapateneo.net\\\/wordpress\\\/?s={search_term_string}\"},\"query-input\":{\"@type\":\"PropertyValueSpecification\",\"valueRequired\":true,\"valueName\":\"search_term_string\"}}],\"inLanguage\":\"es\"},{\"@type\":\"Organization\",\"@id\":\"https:\\\/\\\/zapateneo.net\\\/wordpress\\\/#organization\",\"name\":\"Zapateneo Kultur Elkartea\",\"url\":\"https:\\\/\\\/zapateneo.net\\\/wordpress\\\/\",\"logo\":{\"@type\":\"ImageObject\",\"inLanguage\":\"es\",\"@id\":\"https:\\\/\\\/zapateneo.net\\\/wordpress\\\/#\\\/schema\\\/logo\\\/image\\\/\",\"url\":\"https:\\\/\\\/zapateneo.net\\\/wordpress\\\/wp-content\\\/uploads\\\/2021\\\/04\\\/zap-libu-kolec.jpg\",\"contentUrl\":\"https:\\\/\\\/zapateneo.net\\\/wordpress\\\/wp-content\\\/uploads\\\/2021\\\/04\\\/zap-libu-kolec.jpg\",\"width\":2234,\"height\":398,\"caption\":\"Zapateneo Kultur Elkartea\"},\"image\":{\"@id\":\"https:\\\/\\\/zapateneo.net\\\/wordpress\\\/#\\\/schema\\\/logo\\\/image\\\/\"},\"sameAs\":[\"https:\\\/\\\/x.com\\\/zapateneo\"]}]}<\/script>\n<!-- \/ Yoast SEO plugin. -->","yoast_head_json":{"title":"Expectativas fallidas (Espa\u00f1a 1934-1939) &#8212; Zapateneo","robots":{"index":"index","follow":"follow","max-snippet":"max-snippet:-1","max-image-preview":"max-image-preview:large","max-video-preview":"max-video-preview:-1"},"canonical":"https:\/\/zapateneo.net\/wordpress\/index.php\/producto\/expectativas-fallidas-espana-1934-1939\/","og_locale":"es_ES","og_type":"article","og_title":"Expectativas fallidas (Espa\u00f1a 1934-1939) &#8212; Zapateneo","og_description":"vvaa 9788488455697 - Adrede Ediciones - 1999 - 176 p\u00e1ginas \/orri.","og_url":"https:\/\/zapateneo.net\/wordpress\/index.php\/producto\/expectativas-fallidas-espana-1934-1939\/","og_site_name":"Zapateneo","article_modified_time":"2023-04-12T18:20:54+00:00","og_image":[{"width":200,"height":317,"url":"https:\/\/zapateneo.net\/wordpress\/wp-content\/uploads\/2021\/04\/5706.jpg","type":"image\/jpeg"}],"twitter_card":"summary_large_image","twitter_site":"@zapateneo","twitter_misc":{"Tiempo de lectura":"2 minutos"},"schema":{"@context":"https:\/\/schema.org","@graph":[{"@type":"WebPage","@id":"https:\/\/zapateneo.net\/wordpress\/index.php\/producto\/expectativas-fallidas-espana-1934-1939\/","url":"https:\/\/zapateneo.net\/wordpress\/index.php\/producto\/expectativas-fallidas-espana-1934-1939\/","name":"Expectativas fallidas (Espa\u00f1a 1934-1939) &#8212; Zapateneo","isPartOf":{"@id":"https:\/\/zapateneo.net\/wordpress\/#website"},"primaryImageOfPage":{"@id":"https:\/\/zapateneo.net\/wordpress\/index.php\/producto\/expectativas-fallidas-espana-1934-1939\/#primaryimage"},"image":{"@id":"https:\/\/zapateneo.net\/wordpress\/index.php\/producto\/expectativas-fallidas-espana-1934-1939\/#primaryimage"},"thumbnailUrl":"https:\/\/zapateneo.net\/wordpress\/wp-content\/uploads\/2021\/04\/5706.jpg","datePublished":"2021-04-08T16:03:43+00:00","dateModified":"2023-04-12T18:20:54+00:00","breadcrumb":{"@id":"https:\/\/zapateneo.net\/wordpress\/index.php\/producto\/expectativas-fallidas-espana-1934-1939\/#breadcrumb"},"inLanguage":"es","potentialAction":[{"@type":"ReadAction","target":["https:\/\/zapateneo.net\/wordpress\/index.php\/producto\/expectativas-fallidas-espana-1934-1939\/"]}]},{"@type":"ImageObject","inLanguage":"es","@id":"https:\/\/zapateneo.net\/wordpress\/index.php\/producto\/expectativas-fallidas-espana-1934-1939\/#primaryimage","url":"https:\/\/zapateneo.net\/wordpress\/wp-content\/uploads\/2021\/04\/5706.jpg","contentUrl":"https:\/\/zapateneo.net\/wordpress\/wp-content\/uploads\/2021\/04\/5706.jpg","width":200,"height":317},{"@type":"BreadcrumbList","@id":"https:\/\/zapateneo.net\/wordpress\/index.php\/producto\/expectativas-fallidas-espana-1934-1939\/#breadcrumb","itemListElement":[{"@type":"ListItem","position":1,"name":"Portada","item":"https:\/\/zapateneo.net\/wordpress\/"},{"@type":"ListItem","position":2,"name":"Tienda","item":"https:\/\/zapateneo.net\/wordpress\/"},{"@type":"ListItem","position":3,"name":"Expectativas fallidas (Espa\u00f1a 1934-1939)"}]},{"@type":"WebSite","@id":"https:\/\/zapateneo.net\/wordpress\/#website","url":"https:\/\/zapateneo.net\/wordpress\/","name":"Zapateneo","description":"Zapateneoaren webgunea","publisher":{"@id":"https:\/\/zapateneo.net\/wordpress\/#organization"},"potentialAction":[{"@type":"SearchAction","target":{"@type":"EntryPoint","urlTemplate":"https:\/\/zapateneo.net\/wordpress\/?s={search_term_string}"},"query-input":{"@type":"PropertyValueSpecification","valueRequired":true,"valueName":"search_term_string"}}],"inLanguage":"es"},{"@type":"Organization","@id":"https:\/\/zapateneo.net\/wordpress\/#organization","name":"Zapateneo Kultur Elkartea","url":"https:\/\/zapateneo.net\/wordpress\/","logo":{"@type":"ImageObject","inLanguage":"es","@id":"https:\/\/zapateneo.net\/wordpress\/#\/schema\/logo\/image\/","url":"https:\/\/zapateneo.net\/wordpress\/wp-content\/uploads\/2021\/04\/zap-libu-kolec.jpg","contentUrl":"https:\/\/zapateneo.net\/wordpress\/wp-content\/uploads\/2021\/04\/zap-libu-kolec.jpg","width":2234,"height":398,"caption":"Zapateneo Kultur Elkartea"},"image":{"@id":"https:\/\/zapateneo.net\/wordpress\/#\/schema\/logo\/image\/"},"sameAs":["https:\/\/x.com\/zapateneo"]}]}},"_links":{"self":[{"href":"https:\/\/zapateneo.net\/wordpress\/index.php\/wp-json\/wp\/v2\/product\/5465","targetHints":{"allow":["GET"]}}],"collection":[{"href":"https:\/\/zapateneo.net\/wordpress\/index.php\/wp-json\/wp\/v2\/product"}],"about":[{"href":"https:\/\/zapateneo.net\/wordpress\/index.php\/wp-json\/wp\/v2\/types\/product"}],"wp:featuredmedia":[{"embeddable":true,"href":"https:\/\/zapateneo.net\/wordpress\/index.php\/wp-json\/wp\/v2\/media\/5516"}],"wp:attachment":[{"href":"https:\/\/zapateneo.net\/wordpress\/index.php\/wp-json\/wp\/v2\/media?parent=5465"}],"wp:term":[{"taxonomy":"product_brand","embeddable":true,"href":"https:\/\/zapateneo.net\/wordpress\/index.php\/wp-json\/wp\/v2\/product_brand?post=5465"},{"taxonomy":"product_cat","embeddable":true,"href":"https:\/\/zapateneo.net\/wordpress\/index.php\/wp-json\/wp\/v2\/product_cat?post=5465"},{"taxonomy":"product_tag","embeddable":true,"href":"https:\/\/zapateneo.net\/wordpress\/index.php\/wp-json\/wp\/v2\/product_tag?post=5465"}],"curies":[{"name":"wp","href":"https:\/\/api.w.org\/{rel}","templated":true}]}}