{"id":5461,"date":"2021-04-08T17:03:42","date_gmt":"2021-04-08T16:03:42","guid":{"rendered":"https:\/\/zapateneo.net\/wordpress\/?post_type=product&#038;p=5461"},"modified":"2022-01-03T10:44:06","modified_gmt":"2022-01-03T09:44:06","slug":"de-memoria-i-los-comienzos-otono-de-1970-en-toulouse","status":"publish","type":"product","link":"https:\/\/zapateneo.net\/wordpress\/index.php\/producto\/de-memoria-i-los-comienzos-otono-de-1970-en-toulouse\/","title":{"rendered":"De memoria (I) &#8211; Los comienzos: oto\u00f1o de 1970 en Toulouse"},"content":{"rendered":"<div>\n<p>\u00abDesde Mayo del 68, como si no hubi\u00e9semos o\u00eddo la campana que anunciaba el final del recreo, continuamos en perpetuo estado de insurrecci\u00f3n. Nuestra revoluci\u00f3n vibraba con esa rebeli\u00f3n sin reservas. Tanto en invierno como en verano, nosotros nos calent\u00e1bamos con combustibles de primavera y adoquines. Y nuestras sediciones nos parec\u00edan eternas, en el acoso sin piedad a la claudicaci\u00f3n y al tedio. Ni interpretaci\u00f3n ni maquillaje. \u00c9ramos sinceros hasta las \u00faltimas consecuencias de nuestros sue\u00f1os incendiarios.\u00bb<\/p>\n<p>En esta primera entrega de sus memorias, Jann-Marc Rouillan nos acerca a los a\u00f1os del final de su adolescencia en Toulouse: los primeros amigos, los primeros compa\u00f1eros, las primeras acciones militantes, pero tambi\u00e9n la vida en comuna, la contracultura, los primeros amores y, sobre todo, los deseos de vivir intensamente todas las facetas de la vida.<\/p>\n<p>En\u00a0<em>De memoria (I)<\/em>\u00a0cobra vida una ciudad en la que el peso de la historia reciente se deja sentir a\u00fan con especial fuerza. La importante comunidad de refugiados espa\u00f1oles, el ocultamiento del papel de Francia en la Guerra Civil y durante la ocupaci\u00f3n nazi, las atrocidades cometidas por el Ej\u00e9rcito franc\u00e9s en la guerra de Argelia y otras guerras coloniales, la guerra del Vietnam, la agitaci\u00f3n que precede y culmina en Mayo del 68 y el Proceso de Burgos son factores determinantes en la toma de conciencia del autor y sus compa\u00f1eros.<\/p>\n<p>El proceso de politizaci\u00f3n de Jann-Marc, que le llevar\u00e1 a seguir el camino de la lucha armada, est\u00e1 profundamente asociado a su rechazo de la historia edulcorada oficial de la Patria de los Derechos Humanos, su admiraci\u00f3n por los obreros y obreras que en Espa\u00f1a intentaron hacer realidad la utop\u00eda en 1936, y el desenga\u00f1o respecto a los aprendices de pol\u00edtico que, pasados los calores de Mayo y tras recargados discursos ultrarradicales, anunciaban ya su impotencia y entreguismo. No es de sorprender que fuese la dictadura franquista el primero de los objetivos de su deriva guerrillera.<\/p>\n<p>&nbsp;<\/p>\n<\/div>\n<div class=\"row\">\n<div class=\"col-12 col-12-small\">\n<p><span class=\"image left autor\"><img decoding=\"async\" class=\"alignleft\" src=\"https:\/\/www.viruseditorial.net\/\/fotos-autor\/jann-marc-rouillan.jpg\" alt=\"jann-marc-rouillan\" \/><\/span><\/p>\n<p><strong>Jann-Marc Rouillan<\/strong>\u00a0(Auch, 1952) particip\u00f3 en la constituci\u00f3n del Movimiento Ib\u00e9rico de Liberaci\u00f3n (MIL) as\u00ed como en la de los Grupos de Acci\u00f3n Revolucionaria Internacionalista (GARI), actividad por la que sufri\u00f3 varios procesos y encarcelamiento en Francia, y por la que estuvo perseguido en el Estado espa\u00f1ol hasta ser amnistiado en marzo de 1977. Particip\u00f3, asimismo, en la creaci\u00f3n del grupo armado Action Directe en 1979, militancia que le costar\u00eda el encarcelamiento en 1980 para ser amnistiado en 1981. En febrero de 1987 vuelve a ser detenido acusado de haber participado en varios atentados y asesinatos, siendo condenado a varias cadenas perpetuas. Tras m\u00e1s de veinte a\u00f1os en prisi\u00f3n, once de ellos en c\u00e1rceles de alta seguridad, sale el 6 de diciembre de 2007 de la c\u00e1rcel, en r\u00e9gimen de tercer grado, r\u00e9gimen que le es retirado tras una entrevista concedida al diario L\u2019Express, perdiendo de esta manera la posibilidad de acceder a la libertad condicional. Rouillan es autor de varios libros de memoria carcelaria y novelas. En castellano se han publicado\u00a0<em>Odio las ma\u00f1anas\u00a0<\/em>(Lla\u00fct) y\u00a0<em>Paul de \u00c9pinettes o la mixomatosis pan\u00f3ptica<\/em>\u00a0(Pepitas de calabaza).<\/p>\n<\/div>\n<\/div>\n<p><a href=\"http:\/\/www.viruseditorial.net\/pags\/noticia.php?id=138\"><strong>La mem\u00f2ria de Jann-Marc Rouillan<\/strong><\/a>\u00a0(<em>Al darrera la nevera<\/em>, juny de 2009)<\/p>\n<p><a href=\"http:\/\/www.viruseditorial.net\/pags\/noticia.php?id=140\"><strong>Un apasionante viaje por la izquierda espa\u00f1ola y francesa en los estertores del franquismo<\/strong><\/a>\u00a0(<em>El Pa\u00eds<\/em>, agosto de 2009)<\/p>\n<p><a href=\"http:\/\/www.viruseditorial.net\/pags\/noticia.php?id=145\"><strong>Un revolucionario contumaz partidario de la acci\u00f3n directa<\/strong><\/a>\u00a0(<em>El Viejo Topo<\/em>, octubre de 2009)<\/p>\n<p><a href=\"http:\/\/www.viruseditorial.net\/pags\/noticia.php?id=195\" target=\"_blank\" rel=\"noopener\"><strong>Jann-Marc Rouillan, un revolucionari que t\u00e9 moltes coses a explicar<\/strong><\/a>\u00a0(<em>El Pesol Negre<\/em>, octubre 2009)<\/p>\n<p><a href=\"http:\/\/www.viruseditorial.net\/pags\/noticia.php?id=164\"><strong>Un gran riu que recull les a\u00efgues de l&#8217;esperit rebel del Maig del 68<\/strong><\/a>\u00a0(En Veu Alta, mar\u00e7 de 2010)<\/p>\n<p><a href=\"http:\/\/www.viruseditorial.net\/pags\/noticia.php?id=378\" target=\"_blank\" rel=\"noopener\"><strong>\u00abEspero que aix\u00f2 peti aviat\u00bb<\/strong><\/a>\u00a0(El Pesol Negre, novembre de 2012)<\/p>\n<hr \/>\n<div>\n<h2><a href=\"https:\/\/www.viruseditorial.net\/es\/editorial\/descargar-pdf\" target=\"_blank\" rel=\"noopener\">Libro en libre descarga de Virus Editorial<\/a><\/h2>\n<\/div>\n","protected":false},"excerpt":{"rendered":"<p><strong>Jann-Marc Rouillan<\/strong><br \/>\n9788492559107 &#8211; Virus &#8211; 2009 &#8211; 191 p\u00e1ginas \/orri.<\/p>\n","protected":false},"featured_media":5512,"template":"","meta":[],"product_brand":[],"product_cat":[185,16],"product_tag":[4626,3461,2842,57],"class_list":{"0":"post-5461","1":"product","2":"type-product","3":"status-publish","4":"has-post-thumbnail","6":"product_cat-historia","7":"product_cat-libros","8":"product_tag-deskargak","9":"product_tag-jann-marc-rouillan","10":"product_tag-rouillan","11":"product_tag-virus","13":"first","14":"instock","15":"sold-individually","16":"shipping-taxable","17":"purchasable","18":"product-type-simple"},"yoast_head":"<!-- This site is optimized with the Yoast SEO plugin v27.3 - https:\/\/yoast.com\/product\/yoast-seo-wordpress\/ -->\n<title>De memoria (I) - Los comienzos: oto\u00f1o de 1970 en Toulouse &#8212; Zapateneo<\/title>\n<meta name=\"robots\" content=\"index, follow, max-snippet:-1, max-image-preview:large, max-video-preview:-1\" \/>\n<link rel=\"canonical\" href=\"https:\/\/zapateneo.net\/wordpress\/index.php\/producto\/de-memoria-i-los-comienzos-otono-de-1970-en-toulouse\/\" \/>\n<meta property=\"og:locale\" content=\"es_ES\" \/>\n<meta property=\"og:type\" content=\"article\" \/>\n<meta property=\"og:title\" content=\"De memoria (I) - Los comienzos: oto\u00f1o de 1970 en Toulouse &#8212; Zapateneo\" \/>\n<meta property=\"og:description\" content=\"Jann-Marc Rouillan 9788492559107 - Virus - 2009 - 191 p\u00e1ginas \/orri.\" \/>\n<meta property=\"og:url\" content=\"https:\/\/zapateneo.net\/wordpress\/index.php\/producto\/de-memoria-i-los-comienzos-otono-de-1970-en-toulouse\/\" \/>\n<meta property=\"og:site_name\" content=\"Zapateneo\" \/>\n<meta property=\"article:modified_time\" content=\"2022-01-03T09:44:06+00:00\" \/>\n<meta property=\"og:image\" content=\"https:\/\/zapateneo.net\/wordpress\/wp-content\/uploads\/2021\/04\/5929.jpg\" \/>\n\t<meta property=\"og:image:width\" content=\"201\" \/>\n\t<meta property=\"og:image:height\" content=\"285\" \/>\n\t<meta property=\"og:image:type\" content=\"image\/jpeg\" \/>\n<meta name=\"twitter:card\" content=\"summary_large_image\" \/>\n<meta name=\"twitter:site\" content=\"@zapateneo\" \/>\n<meta name=\"twitter:label1\" content=\"Tiempo de lectura\" \/>\n\t<meta name=\"twitter:data1\" content=\"3 minutos\" \/>\n<script type=\"application\/ld+json\" class=\"yoast-schema-graph\">{\"@context\":\"https:\\\/\\\/schema.org\",\"@graph\":[{\"@type\":\"WebPage\",\"@id\":\"https:\\\/\\\/zapateneo.net\\\/wordpress\\\/index.php\\\/producto\\\/de-memoria-i-los-comienzos-otono-de-1970-en-toulouse\\\/\",\"url\":\"https:\\\/\\\/zapateneo.net\\\/wordpress\\\/index.php\\\/producto\\\/de-memoria-i-los-comienzos-otono-de-1970-en-toulouse\\\/\",\"name\":\"De memoria (I) - Los comienzos: oto\u00f1o de 1970 en Toulouse &#8212; Zapateneo\",\"isPartOf\":{\"@id\":\"https:\\\/\\\/zapateneo.net\\\/wordpress\\\/#website\"},\"primaryImageOfPage\":{\"@id\":\"https:\\\/\\\/zapateneo.net\\\/wordpress\\\/index.php\\\/producto\\\/de-memoria-i-los-comienzos-otono-de-1970-en-toulouse\\\/#primaryimage\"},\"image\":{\"@id\":\"https:\\\/\\\/zapateneo.net\\\/wordpress\\\/index.php\\\/producto\\\/de-memoria-i-los-comienzos-otono-de-1970-en-toulouse\\\/#primaryimage\"},\"thumbnailUrl\":\"https:\\\/\\\/zapateneo.net\\\/wordpress\\\/wp-content\\\/uploads\\\/2021\\\/04\\\/5929.jpg\",\"datePublished\":\"2021-04-08T16:03:42+00:00\",\"dateModified\":\"2022-01-03T09:44:06+00:00\",\"breadcrumb\":{\"@id\":\"https:\\\/\\\/zapateneo.net\\\/wordpress\\\/index.php\\\/producto\\\/de-memoria-i-los-comienzos-otono-de-1970-en-toulouse\\\/#breadcrumb\"},\"inLanguage\":\"es\",\"potentialAction\":[{\"@type\":\"ReadAction\",\"target\":[\"https:\\\/\\\/zapateneo.net\\\/wordpress\\\/index.php\\\/producto\\\/de-memoria-i-los-comienzos-otono-de-1970-en-toulouse\\\/\"]}]},{\"@type\":\"ImageObject\",\"inLanguage\":\"es\",\"@id\":\"https:\\\/\\\/zapateneo.net\\\/wordpress\\\/index.php\\\/producto\\\/de-memoria-i-los-comienzos-otono-de-1970-en-toulouse\\\/#primaryimage\",\"url\":\"https:\\\/\\\/zapateneo.net\\\/wordpress\\\/wp-content\\\/uploads\\\/2021\\\/04\\\/5929.jpg\",\"contentUrl\":\"https:\\\/\\\/zapateneo.net\\\/wordpress\\\/wp-content\\\/uploads\\\/2021\\\/04\\\/5929.jpg\",\"width\":201,\"height\":285},{\"@type\":\"BreadcrumbList\",\"@id\":\"https:\\\/\\\/zapateneo.net\\\/wordpress\\\/index.php\\\/producto\\\/de-memoria-i-los-comienzos-otono-de-1970-en-toulouse\\\/#breadcrumb\",\"itemListElement\":[{\"@type\":\"ListItem\",\"position\":1,\"name\":\"Portada\",\"item\":\"https:\\\/\\\/zapateneo.net\\\/wordpress\\\/\"},{\"@type\":\"ListItem\",\"position\":2,\"name\":\"Tienda\",\"item\":\"https:\\\/\\\/zapateneo.net\\\/wordpress\\\/\"},{\"@type\":\"ListItem\",\"position\":3,\"name\":\"De memoria (I) &#8211; Los comienzos: oto\u00f1o de 1970 en Toulouse\"}]},{\"@type\":\"WebSite\",\"@id\":\"https:\\\/\\\/zapateneo.net\\\/wordpress\\\/#website\",\"url\":\"https:\\\/\\\/zapateneo.net\\\/wordpress\\\/\",\"name\":\"Zapateneo\",\"description\":\"Zapateneoaren webgunea\",\"publisher\":{\"@id\":\"https:\\\/\\\/zapateneo.net\\\/wordpress\\\/#organization\"},\"potentialAction\":[{\"@type\":\"SearchAction\",\"target\":{\"@type\":\"EntryPoint\",\"urlTemplate\":\"https:\\\/\\\/zapateneo.net\\\/wordpress\\\/?s={search_term_string}\"},\"query-input\":{\"@type\":\"PropertyValueSpecification\",\"valueRequired\":true,\"valueName\":\"search_term_string\"}}],\"inLanguage\":\"es\"},{\"@type\":\"Organization\",\"@id\":\"https:\\\/\\\/zapateneo.net\\\/wordpress\\\/#organization\",\"name\":\"Zapateneo Kultur Elkartea\",\"url\":\"https:\\\/\\\/zapateneo.net\\\/wordpress\\\/\",\"logo\":{\"@type\":\"ImageObject\",\"inLanguage\":\"es\",\"@id\":\"https:\\\/\\\/zapateneo.net\\\/wordpress\\\/#\\\/schema\\\/logo\\\/image\\\/\",\"url\":\"https:\\\/\\\/zapateneo.net\\\/wordpress\\\/wp-content\\\/uploads\\\/2021\\\/04\\\/zap-libu-kolec.jpg\",\"contentUrl\":\"https:\\\/\\\/zapateneo.net\\\/wordpress\\\/wp-content\\\/uploads\\\/2021\\\/04\\\/zap-libu-kolec.jpg\",\"width\":2234,\"height\":398,\"caption\":\"Zapateneo Kultur Elkartea\"},\"image\":{\"@id\":\"https:\\\/\\\/zapateneo.net\\\/wordpress\\\/#\\\/schema\\\/logo\\\/image\\\/\"},\"sameAs\":[\"https:\\\/\\\/x.com\\\/zapateneo\"]}]}<\/script>\n<!-- \/ Yoast SEO plugin. -->","yoast_head_json":{"title":"De memoria (I) - Los comienzos: oto\u00f1o de 1970 en Toulouse &#8212; Zapateneo","robots":{"index":"index","follow":"follow","max-snippet":"max-snippet:-1","max-image-preview":"max-image-preview:large","max-video-preview":"max-video-preview:-1"},"canonical":"https:\/\/zapateneo.net\/wordpress\/index.php\/producto\/de-memoria-i-los-comienzos-otono-de-1970-en-toulouse\/","og_locale":"es_ES","og_type":"article","og_title":"De memoria (I) - Los comienzos: oto\u00f1o de 1970 en Toulouse &#8212; Zapateneo","og_description":"Jann-Marc Rouillan 9788492559107 - Virus - 2009 - 191 p\u00e1ginas \/orri.","og_url":"https:\/\/zapateneo.net\/wordpress\/index.php\/producto\/de-memoria-i-los-comienzos-otono-de-1970-en-toulouse\/","og_site_name":"Zapateneo","article_modified_time":"2022-01-03T09:44:06+00:00","og_image":[{"width":201,"height":285,"url":"https:\/\/zapateneo.net\/wordpress\/wp-content\/uploads\/2021\/04\/5929.jpg","type":"image\/jpeg"}],"twitter_card":"summary_large_image","twitter_site":"@zapateneo","twitter_misc":{"Tiempo de lectura":"3 minutos"},"schema":{"@context":"https:\/\/schema.org","@graph":[{"@type":"WebPage","@id":"https:\/\/zapateneo.net\/wordpress\/index.php\/producto\/de-memoria-i-los-comienzos-otono-de-1970-en-toulouse\/","url":"https:\/\/zapateneo.net\/wordpress\/index.php\/producto\/de-memoria-i-los-comienzos-otono-de-1970-en-toulouse\/","name":"De memoria (I) - Los comienzos: oto\u00f1o de 1970 en Toulouse &#8212; Zapateneo","isPartOf":{"@id":"https:\/\/zapateneo.net\/wordpress\/#website"},"primaryImageOfPage":{"@id":"https:\/\/zapateneo.net\/wordpress\/index.php\/producto\/de-memoria-i-los-comienzos-otono-de-1970-en-toulouse\/#primaryimage"},"image":{"@id":"https:\/\/zapateneo.net\/wordpress\/index.php\/producto\/de-memoria-i-los-comienzos-otono-de-1970-en-toulouse\/#primaryimage"},"thumbnailUrl":"https:\/\/zapateneo.net\/wordpress\/wp-content\/uploads\/2021\/04\/5929.jpg","datePublished":"2021-04-08T16:03:42+00:00","dateModified":"2022-01-03T09:44:06+00:00","breadcrumb":{"@id":"https:\/\/zapateneo.net\/wordpress\/index.php\/producto\/de-memoria-i-los-comienzos-otono-de-1970-en-toulouse\/#breadcrumb"},"inLanguage":"es","potentialAction":[{"@type":"ReadAction","target":["https:\/\/zapateneo.net\/wordpress\/index.php\/producto\/de-memoria-i-los-comienzos-otono-de-1970-en-toulouse\/"]}]},{"@type":"ImageObject","inLanguage":"es","@id":"https:\/\/zapateneo.net\/wordpress\/index.php\/producto\/de-memoria-i-los-comienzos-otono-de-1970-en-toulouse\/#primaryimage","url":"https:\/\/zapateneo.net\/wordpress\/wp-content\/uploads\/2021\/04\/5929.jpg","contentUrl":"https:\/\/zapateneo.net\/wordpress\/wp-content\/uploads\/2021\/04\/5929.jpg","width":201,"height":285},{"@type":"BreadcrumbList","@id":"https:\/\/zapateneo.net\/wordpress\/index.php\/producto\/de-memoria-i-los-comienzos-otono-de-1970-en-toulouse\/#breadcrumb","itemListElement":[{"@type":"ListItem","position":1,"name":"Portada","item":"https:\/\/zapateneo.net\/wordpress\/"},{"@type":"ListItem","position":2,"name":"Tienda","item":"https:\/\/zapateneo.net\/wordpress\/"},{"@type":"ListItem","position":3,"name":"De memoria (I) &#8211; Los comienzos: oto\u00f1o de 1970 en Toulouse"}]},{"@type":"WebSite","@id":"https:\/\/zapateneo.net\/wordpress\/#website","url":"https:\/\/zapateneo.net\/wordpress\/","name":"Zapateneo","description":"Zapateneoaren webgunea","publisher":{"@id":"https:\/\/zapateneo.net\/wordpress\/#organization"},"potentialAction":[{"@type":"SearchAction","target":{"@type":"EntryPoint","urlTemplate":"https:\/\/zapateneo.net\/wordpress\/?s={search_term_string}"},"query-input":{"@type":"PropertyValueSpecification","valueRequired":true,"valueName":"search_term_string"}}],"inLanguage":"es"},{"@type":"Organization","@id":"https:\/\/zapateneo.net\/wordpress\/#organization","name":"Zapateneo Kultur Elkartea","url":"https:\/\/zapateneo.net\/wordpress\/","logo":{"@type":"ImageObject","inLanguage":"es","@id":"https:\/\/zapateneo.net\/wordpress\/#\/schema\/logo\/image\/","url":"https:\/\/zapateneo.net\/wordpress\/wp-content\/uploads\/2021\/04\/zap-libu-kolec.jpg","contentUrl":"https:\/\/zapateneo.net\/wordpress\/wp-content\/uploads\/2021\/04\/zap-libu-kolec.jpg","width":2234,"height":398,"caption":"Zapateneo Kultur Elkartea"},"image":{"@id":"https:\/\/zapateneo.net\/wordpress\/#\/schema\/logo\/image\/"},"sameAs":["https:\/\/x.com\/zapateneo"]}]}},"_links":{"self":[{"href":"https:\/\/zapateneo.net\/wordpress\/index.php\/wp-json\/wp\/v2\/product\/5461","targetHints":{"allow":["GET"]}}],"collection":[{"href":"https:\/\/zapateneo.net\/wordpress\/index.php\/wp-json\/wp\/v2\/product"}],"about":[{"href":"https:\/\/zapateneo.net\/wordpress\/index.php\/wp-json\/wp\/v2\/types\/product"}],"wp:featuredmedia":[{"embeddable":true,"href":"https:\/\/zapateneo.net\/wordpress\/index.php\/wp-json\/wp\/v2\/media\/5512"}],"wp:attachment":[{"href":"https:\/\/zapateneo.net\/wordpress\/index.php\/wp-json\/wp\/v2\/media?parent=5461"}],"wp:term":[{"taxonomy":"product_brand","embeddable":true,"href":"https:\/\/zapateneo.net\/wordpress\/index.php\/wp-json\/wp\/v2\/product_brand?post=5461"},{"taxonomy":"product_cat","embeddable":true,"href":"https:\/\/zapateneo.net\/wordpress\/index.php\/wp-json\/wp\/v2\/product_cat?post=5461"},{"taxonomy":"product_tag","embeddable":true,"href":"https:\/\/zapateneo.net\/wordpress\/index.php\/wp-json\/wp\/v2\/product_tag?post=5461"}],"curies":[{"name":"wp","href":"https:\/\/api.w.org\/{rel}","templated":true}]}}