{"id":5432,"date":"2021-04-08T17:03:09","date_gmt":"2021-04-08T16:03:09","guid":{"rendered":"https:\/\/zapateneo.net\/wordpress\/?post_type=product&#038;p=5432"},"modified":"2022-01-03T10:47:11","modified_gmt":"2022-01-03T09:47:11","slug":"insurgencia-libertaria-las-juventudes-libertarias-en-la-lucha-contra-el-franquismo","status":"publish","type":"product","link":"https:\/\/zapateneo.net\/wordpress\/index.php\/producto\/insurgencia-libertaria-las-juventudes-libertarias-en-la-lucha-contra-el-franquismo\/","title":{"rendered":"Insurgencia libertaria. Las Juventudes Libertarias en la lucha contra el franquismo."},"content":{"rendered":"<div>\n<p>Pese a la dispersi\u00f3n de la militancia libertaria tras 1939, el movimiento libertario mantuvo en el exilio el pulso de sus organizaciones, aunque con un pesado lastre de enfrentamientos internos. La colaboraci\u00f3n gubernamental durante la guerra, dio pie a una divisi\u00f3n entre \u00abpuristas\u00bb y \u00abcolaboracionistas\u00bb a menudo m\u00e1s nominal y biogr\u00e1fica que pol\u00edtica, pero que condicion\u00f3 los debates de posguerra. No obstante, entre los n\u00facleos de anarquistas huidos de la Pen\u00ednsula se fue generando una red de contactos, publicaciones, ateneos, encuentros internacionales etc., que la direcci\u00f3n cenetista en Toulouse quiso centralizar jugando, a la larga, un papel entorpecedor y paralizante.<\/p>\n<p>En este contexto, y tras el declive de las tentativas guerrilleras de<br \/>\nSabat\u00e9 y Facer\u00edas, algunos j\u00f3venes crecidos en el exilio y otros llegados del interior, con la ayuda de ciertos veteranos, buscaban un nuevo marco para el movimiento libertario: fortalecer la creaci\u00f3n de grupos en la Pen\u00ednsula y priorizar la acci\u00f3n directa como instrumento para minar el Estado fascista. As\u00ed nacer\u00eda Defensa Interior, organismo destinado a llevar a cabo acciones armadas, aprobado en 1961 por la CNT. Esta decisi\u00f3n promet\u00eda, para los hastiados de la burocracia, una nueva etapa que recuperar\u00eda el sentido y el protagonismo de la acci\u00f3n libertaria. Militantes de Juventudes Libertarias como los hermanos Gurucharri u Octavio Alberola, y viejos luchadores del calibre de Garc\u00eda Oliver o Cipriano Mera apostaron honestamente por el DI; mientras la direcci\u00f3n cenetista lo saboteaba de manera sistem\u00e1tica. Pese a ello, entre 1962 y 1970 se llevaron a cabo una cincuentena de acciones que, despu\u00e9s de la supresi\u00f3n formal del DI en 1965,\u00a0 fueron continuadas por las Juventudes Libertarias y el Grupo Primero de Mayo. Entre estas acciones se encuentran el secuestro del delegado espa\u00f1ol en el Vaticano monse\u00f1or Marcos Uss\u00eda, y varios planes frustrados contra el dictador Francisco Franco.<br \/>\nEl rechazo creciente de la direcci\u00f3n del Movimiento Libertario, en manos de personas como Federica Montseny o Germinal Esgleas, las ejecuciones de Delgado y Granados, las detenciones de importantes militantes en el interior y las propias redadas de las autoridades francesas contra los sectores m\u00e1s activos del exilio acabar\u00edan por asfixiar esta v\u00eda. Se frustraron as\u00ed las ilusiones de una nueva generaci\u00f3n de libertarios que, mientras fracasaba el intento de renovar y relanzar las organizaciones hist\u00f3ricas del anarquismo ib\u00e9rico, encontraban en los movimientos en torno a los que se fragu\u00f3 el Mayo del 68 y en el contacto con otros j\u00f3venes anarquistas europeos la posibilidad de una acci\u00f3n revolucionaria al margen de las viejas estructuras.<\/p>\n<p>&nbsp;<\/p>\n<\/div>\n<div class=\"row\">\n<div class=\"col-12 col-12-small\">\n<p>&nbsp;<\/p>\n<p><strong>Salvador Gurucharri Ochoa<\/strong>\u00a0(Barcelona, 1936) ingres\u00f3 en la secci\u00f3n londinense de la CNT y la FIJL en 1956, desde donde es tableci\u00f3 lazos con las Juventudes Liber ta rias de Par\u00eds. Particip\u00f3 en el proceso de reunificaci\u00f3n de la CNT en 1960 y en las fases preparatorias de Defensa Interior. Como se cre tario de la Comisi\u00f3n de Relaciones de la FIJL participa en la Comisi\u00f3n de Defensa. Fue detenido en 1963, en una macrorredada de las autoridades francesas contra medios libertarios, y asignado a vigilancia en Par\u00eds, donde integr\u00f3 la Comisi\u00f3n de Relaciones clandestina. En 1965 march\u00f3 a Bruselas para constituir la Delegaci\u00f3n Exterior de la FIJL. Tras su vuelta a Espa\u00f1a en 1976 se situ\u00f3 en la corriente oficial sin participar en el desgarrador V Congreso. En los a\u00f1os noventa milita en la CNT de Catalu\u00f1a desconfederada. Dirigi\u00f3 Solidaridad Obrera hasta 1999 y es autor\u00a0<em>Bibliograf\u00eda del anarquismo espa\u00f1ol 1869-1975. Anotaciones para una bibliograf\u00eda razonada<\/em>\u00a0(Barcelona, 2004).<\/p>\n<p><strong>Tom\u00e1s Ib\u00e1\u00f1ez Gracia<\/strong>\u00a0(Zaragoza, 1944) durante los a\u00f1os sesenta particip\u00f3 desde Par\u00eds en el movimiento anarquista franc\u00e9s y en la lucha antifranquista de los j\u00f3venes libertarios espa\u00f1oles en el exilio. Miembro<br \/>\nde la Comisi\u00f3n de Relaciones de la FIJL entre enero de 1966 y abril de 1969, fue desterrado de Par\u00eds y asignado a vigilancia en una remota regi\u00f3n fran ce sa tras participar en los hechos de Mayo del 68. Tras regresar a Barcelona en 1973 se involucr\u00f3, ya muerto Franco, en el re surgir multitudinario de la CNT y del movimiento libertario. Despu\u00e9s del V Congreso abandon\u00f3 la militancia anarcosindicalista hasta el a\u00f1o 2000<br \/>\nen que se afili\u00f3 a CGT. Cofundador de la revista Archipi\u00e9lago, actualmente escribe para revistas libertarias de diversos pa\u00edses. Entre otros libros, es autor de\u00a0<em>\u00bfPor qu\u00e9 A? Fragmentos dispersos para un anarquismo sin dogmas<\/em>\u00a0(2006),\u00a0<em>Poder y Libertad<\/em>\u00a0(1982),\u00a0<em>Municiones para disidentes<\/em>\u00a0(2001) o\u00a0<em>Contra la Dominaci\u00f3n<\/em>\u00a0(2005).<\/p>\n<\/div>\n<\/div>\n<p><a href=\"http:\/\/www.viruseditorial.net\/pags\/noticia.php?id=198\" target=\"_blank\" rel=\"noopener\"><strong>Per evitar que la hist\u00f2ria l&#8217;escriguin sempre els vencedors<\/strong><\/a>\u00a0(Roger Pal\u00e0 a\u00a0<em>La Directa<\/em>)<\/p>\n<p><a href=\"http:\/\/www.viruseditorial.net\/pags\/noticia.php?id=199\"><strong>Una tentativa libertaria de poner en jaque al franquismo<\/strong><\/a>\u00a0(Octavio Alberola,\u00a0<em>Rojo y Negro<\/em>)<\/p>\n<p><a href=\"http:\/\/www.viruseditorial.net\/pags\/noticia.php?id=200\" target=\"_blank\" rel=\"noopener\"><strong>Un libro sobre el pasado \u00fatil para el presente<\/strong><\/a>\u00a0(Frank Mintz, Fondation Pierre Besnard)<\/p>\n<p><a href=\"http:\/\/www.viruseditorial.net\/pags\/noticia.php?id=204\" target=\"_blank\" rel=\"noopener\"><strong>Tom\u00e1s Ib\u00e1\u00f1ez: \u00abSi es vol, es pot. Avui, tamb\u00e9\u00bb<\/strong><\/a>\u00a0(<em>Directa<\/em>)<\/p>\n<p><a href=\"http:\/\/www.viruseditorial.net\/pags\/noticia.php?id=207\" target=\"_blank\" rel=\"noopener\"><strong>Fragments de la hist\u00f2ria ignorada de l&#8217;anarquisme<\/strong><\/a>\u00a0(F\u00e8lix Villagrasa,\u00a0<em>El Triangle<\/em>)<\/p>\n<p><a href=\"http:\/\/www.viruseditorial.net\/pags\/noticia.php?id=230\" target=\"_blank\" rel=\"noopener\"><strong>El testimonio directo de unos libertarios comprometidos y coherentes<\/strong><\/a>\u00a0(Francisco Malcer\u00e1n,\u00a0<em>Libre Pensamiento<\/em>)<\/p>\n<p><a href=\"http:\/\/www.viruseditorial.net\/pags\/noticia.php?id=247\" target=\"_blank\" rel=\"noopener\"><strong>\u00abUna historia escrita por dos viejos luchadores\u00bb<\/strong><\/a>\u00a0(Juantxo Estebaranz,\u00a0<em>TAS TAS<\/em>)<\/p>\n<p><a href=\"http:\/\/www.viruseditorial.net\/pags\/noticia.php?id=301\" target=\"_blank\" rel=\"noopener\"><strong>\u00abEl apasionado y duro viaje de la lucha libertaria contra el franquismo\u00bb<\/strong><\/a>\u00a0(Joan Zambrana,\u00a0<em>Pol\u00e9mica<\/em>)<\/p>\n<hr \/>\n<div>\n<h2><a href=\"https:\/\/www.viruseditorial.net\/es\/editorial\/descargar-pdf\" target=\"_blank\" rel=\"noopener\">Libro en libre descarga de Virus Editorial<\/a><\/h2>\n<\/div>\n","protected":false},"excerpt":{"rendered":"<p><strong>Salvador Gurucharri y Tom\u00e1s Ib\u00e1\u00f1ez<\/strong><br \/>\n9788492559152 &#8211; virus &#8211; 2010 &#8211; 344 p\u00e1ginas \/orri.<\/p>\n","protected":false},"featured_media":5477,"template":"","meta":[],"product_brand":[],"product_cat":[185,16],"product_tag":[4626,5372,3465,5373,57],"class_list":{"0":"post-5432","1":"product","2":"type-product","3":"status-publish","4":"has-post-thumbnail","6":"product_cat-historia","7":"product_cat-libros","8":"product_tag-deskargak","9":"product_tag-salvador-gurucharri","10":"product_tag-salvador-gurucharri-y-tomas-ibanez","11":"product_tag-tomas-ibanez","12":"product_tag-virus","14":"first","15":"instock","16":"sold-individually","17":"shipping-taxable","18":"purchasable","19":"product-type-simple"},"yoast_head":"<!-- This site is optimized with the Yoast SEO plugin v27.3 - https:\/\/yoast.com\/product\/yoast-seo-wordpress\/ -->\n<title>Insurgencia libertaria. Las Juventudes Libertarias en la lucha contra el franquismo. &#8212; Zapateneo<\/title>\n<meta name=\"robots\" content=\"index, follow, max-snippet:-1, max-image-preview:large, max-video-preview:-1\" \/>\n<link rel=\"canonical\" href=\"https:\/\/zapateneo.net\/wordpress\/index.php\/producto\/insurgencia-libertaria-las-juventudes-libertarias-en-la-lucha-contra-el-franquismo\/\" \/>\n<meta property=\"og:locale\" content=\"es_ES\" \/>\n<meta property=\"og:type\" content=\"article\" \/>\n<meta property=\"og:title\" content=\"Insurgencia libertaria. Las Juventudes Libertarias en la lucha contra el franquismo. &#8212; Zapateneo\" \/>\n<meta property=\"og:description\" content=\"Salvador Gurucharri y Tom\u00e1s Ib\u00e1\u00f1ez 9788492559152 - virus - 2010 - 344 p\u00e1ginas \/orri.\" \/>\n<meta property=\"og:url\" content=\"https:\/\/zapateneo.net\/wordpress\/index.php\/producto\/insurgencia-libertaria-las-juventudes-libertarias-en-la-lucha-contra-el-franquismo\/\" \/>\n<meta property=\"og:site_name\" content=\"Zapateneo\" \/>\n<meta property=\"article:modified_time\" content=\"2022-01-03T09:47:11+00:00\" \/>\n<meta property=\"og:image\" content=\"https:\/\/zapateneo.net\/wordpress\/wp-content\/uploads\/2021\/04\/6462.jpg\" \/>\n\t<meta property=\"og:image:width\" content=\"201\" \/>\n\t<meta property=\"og:image:height\" content=\"283\" \/>\n\t<meta property=\"og:image:type\" content=\"image\/jpeg\" \/>\n<meta name=\"twitter:card\" content=\"summary_large_image\" \/>\n<meta name=\"twitter:site\" content=\"@zapateneo\" \/>\n<meta name=\"twitter:label1\" content=\"Tiempo de lectura\" \/>\n\t<meta name=\"twitter:data1\" content=\"4 minutos\" \/>\n<script type=\"application\/ld+json\" class=\"yoast-schema-graph\">{\"@context\":\"https:\\\/\\\/schema.org\",\"@graph\":[{\"@type\":\"WebPage\",\"@id\":\"https:\\\/\\\/zapateneo.net\\\/wordpress\\\/index.php\\\/producto\\\/insurgencia-libertaria-las-juventudes-libertarias-en-la-lucha-contra-el-franquismo\\\/\",\"url\":\"https:\\\/\\\/zapateneo.net\\\/wordpress\\\/index.php\\\/producto\\\/insurgencia-libertaria-las-juventudes-libertarias-en-la-lucha-contra-el-franquismo\\\/\",\"name\":\"Insurgencia libertaria. Las Juventudes Libertarias en la lucha contra el franquismo. &#8212; Zapateneo\",\"isPartOf\":{\"@id\":\"https:\\\/\\\/zapateneo.net\\\/wordpress\\\/#website\"},\"primaryImageOfPage\":{\"@id\":\"https:\\\/\\\/zapateneo.net\\\/wordpress\\\/index.php\\\/producto\\\/insurgencia-libertaria-las-juventudes-libertarias-en-la-lucha-contra-el-franquismo\\\/#primaryimage\"},\"image\":{\"@id\":\"https:\\\/\\\/zapateneo.net\\\/wordpress\\\/index.php\\\/producto\\\/insurgencia-libertaria-las-juventudes-libertarias-en-la-lucha-contra-el-franquismo\\\/#primaryimage\"},\"thumbnailUrl\":\"https:\\\/\\\/zapateneo.net\\\/wordpress\\\/wp-content\\\/uploads\\\/2021\\\/04\\\/6462.jpg\",\"datePublished\":\"2021-04-08T16:03:09+00:00\",\"dateModified\":\"2022-01-03T09:47:11+00:00\",\"breadcrumb\":{\"@id\":\"https:\\\/\\\/zapateneo.net\\\/wordpress\\\/index.php\\\/producto\\\/insurgencia-libertaria-las-juventudes-libertarias-en-la-lucha-contra-el-franquismo\\\/#breadcrumb\"},\"inLanguage\":\"es\",\"potentialAction\":[{\"@type\":\"ReadAction\",\"target\":[\"https:\\\/\\\/zapateneo.net\\\/wordpress\\\/index.php\\\/producto\\\/insurgencia-libertaria-las-juventudes-libertarias-en-la-lucha-contra-el-franquismo\\\/\"]}]},{\"@type\":\"ImageObject\",\"inLanguage\":\"es\",\"@id\":\"https:\\\/\\\/zapateneo.net\\\/wordpress\\\/index.php\\\/producto\\\/insurgencia-libertaria-las-juventudes-libertarias-en-la-lucha-contra-el-franquismo\\\/#primaryimage\",\"url\":\"https:\\\/\\\/zapateneo.net\\\/wordpress\\\/wp-content\\\/uploads\\\/2021\\\/04\\\/6462.jpg\",\"contentUrl\":\"https:\\\/\\\/zapateneo.net\\\/wordpress\\\/wp-content\\\/uploads\\\/2021\\\/04\\\/6462.jpg\",\"width\":201,\"height\":283},{\"@type\":\"BreadcrumbList\",\"@id\":\"https:\\\/\\\/zapateneo.net\\\/wordpress\\\/index.php\\\/producto\\\/insurgencia-libertaria-las-juventudes-libertarias-en-la-lucha-contra-el-franquismo\\\/#breadcrumb\",\"itemListElement\":[{\"@type\":\"ListItem\",\"position\":1,\"name\":\"Portada\",\"item\":\"https:\\\/\\\/zapateneo.net\\\/wordpress\\\/\"},{\"@type\":\"ListItem\",\"position\":2,\"name\":\"Tienda\",\"item\":\"https:\\\/\\\/zapateneo.net\\\/wordpress\\\/\"},{\"@type\":\"ListItem\",\"position\":3,\"name\":\"Insurgencia libertaria. Las Juventudes Libertarias en la lucha contra el franquismo.\"}]},{\"@type\":\"WebSite\",\"@id\":\"https:\\\/\\\/zapateneo.net\\\/wordpress\\\/#website\",\"url\":\"https:\\\/\\\/zapateneo.net\\\/wordpress\\\/\",\"name\":\"Zapateneo\",\"description\":\"Zapateneoaren webgunea\",\"publisher\":{\"@id\":\"https:\\\/\\\/zapateneo.net\\\/wordpress\\\/#organization\"},\"potentialAction\":[{\"@type\":\"SearchAction\",\"target\":{\"@type\":\"EntryPoint\",\"urlTemplate\":\"https:\\\/\\\/zapateneo.net\\\/wordpress\\\/?s={search_term_string}\"},\"query-input\":{\"@type\":\"PropertyValueSpecification\",\"valueRequired\":true,\"valueName\":\"search_term_string\"}}],\"inLanguage\":\"es\"},{\"@type\":\"Organization\",\"@id\":\"https:\\\/\\\/zapateneo.net\\\/wordpress\\\/#organization\",\"name\":\"Zapateneo Kultur Elkartea\",\"url\":\"https:\\\/\\\/zapateneo.net\\\/wordpress\\\/\",\"logo\":{\"@type\":\"ImageObject\",\"inLanguage\":\"es\",\"@id\":\"https:\\\/\\\/zapateneo.net\\\/wordpress\\\/#\\\/schema\\\/logo\\\/image\\\/\",\"url\":\"https:\\\/\\\/zapateneo.net\\\/wordpress\\\/wp-content\\\/uploads\\\/2021\\\/04\\\/zap-libu-kolec.jpg\",\"contentUrl\":\"https:\\\/\\\/zapateneo.net\\\/wordpress\\\/wp-content\\\/uploads\\\/2021\\\/04\\\/zap-libu-kolec.jpg\",\"width\":2234,\"height\":398,\"caption\":\"Zapateneo Kultur Elkartea\"},\"image\":{\"@id\":\"https:\\\/\\\/zapateneo.net\\\/wordpress\\\/#\\\/schema\\\/logo\\\/image\\\/\"},\"sameAs\":[\"https:\\\/\\\/x.com\\\/zapateneo\"]}]}<\/script>\n<!-- \/ Yoast SEO plugin. -->","yoast_head_json":{"title":"Insurgencia libertaria. Las Juventudes Libertarias en la lucha contra el franquismo. &#8212; Zapateneo","robots":{"index":"index","follow":"follow","max-snippet":"max-snippet:-1","max-image-preview":"max-image-preview:large","max-video-preview":"max-video-preview:-1"},"canonical":"https:\/\/zapateneo.net\/wordpress\/index.php\/producto\/insurgencia-libertaria-las-juventudes-libertarias-en-la-lucha-contra-el-franquismo\/","og_locale":"es_ES","og_type":"article","og_title":"Insurgencia libertaria. Las Juventudes Libertarias en la lucha contra el franquismo. &#8212; Zapateneo","og_description":"Salvador Gurucharri y Tom\u00e1s Ib\u00e1\u00f1ez 9788492559152 - virus - 2010 - 344 p\u00e1ginas \/orri.","og_url":"https:\/\/zapateneo.net\/wordpress\/index.php\/producto\/insurgencia-libertaria-las-juventudes-libertarias-en-la-lucha-contra-el-franquismo\/","og_site_name":"Zapateneo","article_modified_time":"2022-01-03T09:47:11+00:00","og_image":[{"width":201,"height":283,"url":"https:\/\/zapateneo.net\/wordpress\/wp-content\/uploads\/2021\/04\/6462.jpg","type":"image\/jpeg"}],"twitter_card":"summary_large_image","twitter_site":"@zapateneo","twitter_misc":{"Tiempo de lectura":"4 minutos"},"schema":{"@context":"https:\/\/schema.org","@graph":[{"@type":"WebPage","@id":"https:\/\/zapateneo.net\/wordpress\/index.php\/producto\/insurgencia-libertaria-las-juventudes-libertarias-en-la-lucha-contra-el-franquismo\/","url":"https:\/\/zapateneo.net\/wordpress\/index.php\/producto\/insurgencia-libertaria-las-juventudes-libertarias-en-la-lucha-contra-el-franquismo\/","name":"Insurgencia libertaria. Las Juventudes Libertarias en la lucha contra el franquismo. &#8212; Zapateneo","isPartOf":{"@id":"https:\/\/zapateneo.net\/wordpress\/#website"},"primaryImageOfPage":{"@id":"https:\/\/zapateneo.net\/wordpress\/index.php\/producto\/insurgencia-libertaria-las-juventudes-libertarias-en-la-lucha-contra-el-franquismo\/#primaryimage"},"image":{"@id":"https:\/\/zapateneo.net\/wordpress\/index.php\/producto\/insurgencia-libertaria-las-juventudes-libertarias-en-la-lucha-contra-el-franquismo\/#primaryimage"},"thumbnailUrl":"https:\/\/zapateneo.net\/wordpress\/wp-content\/uploads\/2021\/04\/6462.jpg","datePublished":"2021-04-08T16:03:09+00:00","dateModified":"2022-01-03T09:47:11+00:00","breadcrumb":{"@id":"https:\/\/zapateneo.net\/wordpress\/index.php\/producto\/insurgencia-libertaria-las-juventudes-libertarias-en-la-lucha-contra-el-franquismo\/#breadcrumb"},"inLanguage":"es","potentialAction":[{"@type":"ReadAction","target":["https:\/\/zapateneo.net\/wordpress\/index.php\/producto\/insurgencia-libertaria-las-juventudes-libertarias-en-la-lucha-contra-el-franquismo\/"]}]},{"@type":"ImageObject","inLanguage":"es","@id":"https:\/\/zapateneo.net\/wordpress\/index.php\/producto\/insurgencia-libertaria-las-juventudes-libertarias-en-la-lucha-contra-el-franquismo\/#primaryimage","url":"https:\/\/zapateneo.net\/wordpress\/wp-content\/uploads\/2021\/04\/6462.jpg","contentUrl":"https:\/\/zapateneo.net\/wordpress\/wp-content\/uploads\/2021\/04\/6462.jpg","width":201,"height":283},{"@type":"BreadcrumbList","@id":"https:\/\/zapateneo.net\/wordpress\/index.php\/producto\/insurgencia-libertaria-las-juventudes-libertarias-en-la-lucha-contra-el-franquismo\/#breadcrumb","itemListElement":[{"@type":"ListItem","position":1,"name":"Portada","item":"https:\/\/zapateneo.net\/wordpress\/"},{"@type":"ListItem","position":2,"name":"Tienda","item":"https:\/\/zapateneo.net\/wordpress\/"},{"@type":"ListItem","position":3,"name":"Insurgencia libertaria. Las Juventudes Libertarias en la lucha contra el franquismo."}]},{"@type":"WebSite","@id":"https:\/\/zapateneo.net\/wordpress\/#website","url":"https:\/\/zapateneo.net\/wordpress\/","name":"Zapateneo","description":"Zapateneoaren webgunea","publisher":{"@id":"https:\/\/zapateneo.net\/wordpress\/#organization"},"potentialAction":[{"@type":"SearchAction","target":{"@type":"EntryPoint","urlTemplate":"https:\/\/zapateneo.net\/wordpress\/?s={search_term_string}"},"query-input":{"@type":"PropertyValueSpecification","valueRequired":true,"valueName":"search_term_string"}}],"inLanguage":"es"},{"@type":"Organization","@id":"https:\/\/zapateneo.net\/wordpress\/#organization","name":"Zapateneo Kultur Elkartea","url":"https:\/\/zapateneo.net\/wordpress\/","logo":{"@type":"ImageObject","inLanguage":"es","@id":"https:\/\/zapateneo.net\/wordpress\/#\/schema\/logo\/image\/","url":"https:\/\/zapateneo.net\/wordpress\/wp-content\/uploads\/2021\/04\/zap-libu-kolec.jpg","contentUrl":"https:\/\/zapateneo.net\/wordpress\/wp-content\/uploads\/2021\/04\/zap-libu-kolec.jpg","width":2234,"height":398,"caption":"Zapateneo Kultur Elkartea"},"image":{"@id":"https:\/\/zapateneo.net\/wordpress\/#\/schema\/logo\/image\/"},"sameAs":["https:\/\/x.com\/zapateneo"]}]}},"_links":{"self":[{"href":"https:\/\/zapateneo.net\/wordpress\/index.php\/wp-json\/wp\/v2\/product\/5432","targetHints":{"allow":["GET"]}}],"collection":[{"href":"https:\/\/zapateneo.net\/wordpress\/index.php\/wp-json\/wp\/v2\/product"}],"about":[{"href":"https:\/\/zapateneo.net\/wordpress\/index.php\/wp-json\/wp\/v2\/types\/product"}],"wp:featuredmedia":[{"embeddable":true,"href":"https:\/\/zapateneo.net\/wordpress\/index.php\/wp-json\/wp\/v2\/media\/5477"}],"wp:attachment":[{"href":"https:\/\/zapateneo.net\/wordpress\/index.php\/wp-json\/wp\/v2\/media?parent=5432"}],"wp:term":[{"taxonomy":"product_brand","embeddable":true,"href":"https:\/\/zapateneo.net\/wordpress\/index.php\/wp-json\/wp\/v2\/product_brand?post=5432"},{"taxonomy":"product_cat","embeddable":true,"href":"https:\/\/zapateneo.net\/wordpress\/index.php\/wp-json\/wp\/v2\/product_cat?post=5432"},{"taxonomy":"product_tag","embeddable":true,"href":"https:\/\/zapateneo.net\/wordpress\/index.php\/wp-json\/wp\/v2\/product_tag?post=5432"}],"curies":[{"name":"wp","href":"https:\/\/api.w.org\/{rel}","templated":true}]}}