{"id":5429,"date":"2021-04-08T17:03:08","date_gmt":"2021-04-08T16:03:08","guid":{"rendered":"https:\/\/zapateneo.net\/wordpress\/?post_type=product&#038;p=5429"},"modified":"2022-01-03T17:51:28","modified_gmt":"2022-01-03T16:51:28","slug":"de-memoria-ii-el-duelo-de-la-inocencia-un-dia-de-septiembre-de-1973-en-barcelona","status":"publish","type":"product","link":"https:\/\/zapateneo.net\/wordpress\/index.php\/producto\/de-memoria-ii-el-duelo-de-la-inocencia-un-dia-de-septiembre-de-1973-en-barcelona\/","title":{"rendered":"De memoria (II) El duelo de la inocencia: un d\u00eda de septiembre de 1973 en Barcelona"},"content":{"rendered":"<p>\u2014\u00bfQu\u00e9 dir\u00e1s delante del pelot\u00f3n?<\/p>\n<p>Nunca me ha gustado hablar de ello. Al igual que nunca hablo de la c\u00e1rcel. No quiero obsesionarme: debes hacer lo que crees justo, sean cuales sean los riesgos.<\/p>\n<p>\u2014\u00a1Porque a ti, cuando te pillen, te fusilan fijo!<\/p>\n<p>Sonr\u00ede se\u00f1al\u00e1ndome con el dedo. Como muchos otros barceloneses, el Metge estaba convencido de ello. S\u00ed, ir\u00e1n a por m\u00ed&#8230; o a por Oriol, evidentemente.<\/p>\n<p>\u2014Ravachol no tuvo tiempo de terminar la frase \u00abViva la rep&#8230;\u00bb, cuando la cuchilla lo decapit\u00f3 \u2014me dice, mientras, con un gesto teatral, se lleva la mano al cuello.<\/p>\n<p>Le devuelvo la patata caliente:<\/p>\n<p>\u2014\u00bfY t\u00fa? \u00bfQu\u00e9 gritar\u00e1s t\u00fa?<\/p>\n<p>\u2014\u00a1Viva la anarqu\u00eda!<\/p>\n<p>\u2014\u00a1Pero si t\u00fa no eres anarquista!<\/p>\n<p>Se hace el sorprendido. Ya nos hemos peleado bastante sobre eso durante las reuniones de la revista como para devolverme esta burla.<\/p>\n<p>\u2014Me da igual \u2014y deja escapar una sonora risotada\u2014. Suena bien, \u00bfno?<\/p>\n<p>A finales de los a\u00f1os sesenta y principios de los setenta, Espa\u00f1a era un hervidero pol\u00edtico en el cual los cuadros de la vieja izquierda y de la ultraizquierda nacida al calor de las movilizaciones obreras y del movimiento estudiantil se preparaban para dar el salto a la legalidad y al nuevo-viejo r\u00e9gimen de democracia mon\u00e1rquica tutelada por los militares. Este iba a recompensar la desmemoria y el colaboracionismo de la oposici\u00f3n domesticada o domesticable con un reparto generoso de cargos en la administraci\u00f3n p\u00fablica y la pol\u00edtica, y con espl\u00e9ndidas subvenciones y chanchullos a los sindicatos \u00abadictos\u00bb al nuevo r\u00e9gimen. El resultado era previsible, pero pocos fueron los que se opusieron de verdad a las traiciones de la Transici\u00f3n.<\/p>\n<p>Jann-Marc Rouillan en esta segunda parte de sus memorias aborda los trepidantes d\u00edas de discusi\u00f3n y acci\u00f3n en Barcelona con sus compa\u00f1eros del MIL, en la \u00faltima etapa de esta organizaci\u00f3n revolucionaria. A la necesidad de recuperar el hilo de la lucha insurreccional iniciado en julio del 36 y continuado tras la guerra por los grupos guerrilleros, se a\u00f1ad\u00eda la intenci\u00f3n de superar los esquemas cl\u00e1sicos del vanguardismo armado, que no hicieran del MIL un fin en s\u00ed mismo. Se trat\u00f3, ciertamente, de uno de los intentos m\u00e1s importantes de renovar las estrategias de confrontaci\u00f3n con el orden econ\u00f3mico y pol\u00edtico en todas sus formas, pero que topar\u00eda tanto con la mezquindad de \u00ablos dem\u00f3cratas\u00bb como con la indecisi\u00f3n de buena parte de la ultraizquierda. Una tentativa ambiciosa y prometedora en muchos sentidos, pero que quedar\u00eda grabada en la memoria colectiva por la detenci\u00f3n de Salvador Puig Antich y su ejecuci\u00f3n el 2 de marzo de 1974, tras una serie de incidentes que se inician \u2014tal como relata el autor\u2014 el 16 de septiembre de 1973 con la ca\u00edda de dos militantes del MIL tras un atraco en Bellver de Cerdanya. Antes de esto, el MIL ya hab\u00eda decidido su autodisoluci\u00f3n, pero no es hasta esta sucesi\u00f3n de acontecimientos que Jann-Marc Rouillan y Jean-Claude Torres se ven obligados a huir a Francia, donde proseguir\u00edan su acci\u00f3n revolucionaria.<\/p>\n<p>\u00abEspero que aix\u00f2 peti aviat\u00bb (El Pesol Negre, novembre de 2012)<\/p>\n<p>De una \u00e9poca en la que cre\u00edan que la revoluci\u00f3n era posible (Ekintza Zuzena, marzo de 2013)<\/p>\n<p>\u00abPerdimos en los &#8217;70 contra el capitalismo. Y el proletariado lo est\u00e1 pagando\u00bb (Diagonal, junio 2013)<\/p>\n<hr \/>\n<h2><a href=\"https:\/\/www.viruseditorial.net\/es\/editorial\/descargar-pdf\" target=\"_blank\" rel=\"noopener\">Libro en libre descarga de Virus Editorial<\/a><\/h2>\n","protected":false},"excerpt":{"rendered":"<p><strong>Jann-Marc Rouillan<\/strong><br \/>\n9788492559213 &#8211; virus &#8211; 2011 &#8211; 186 p\u00e1ginas \/orri.<\/p>\n","protected":false},"featured_media":5474,"template":"","meta":[],"product_brand":[],"product_cat":[185,16],"product_tag":[4626,3461,2842,57],"class_list":{"0":"post-5429","1":"product","2":"type-product","3":"status-publish","4":"has-post-thumbnail","6":"product_cat-historia","7":"product_cat-libros","8":"product_tag-deskargak","9":"product_tag-jann-marc-rouillan","10":"product_tag-rouillan","11":"product_tag-virus","13":"first","14":"instock","15":"sold-individually","16":"shipping-taxable","17":"purchasable","18":"product-type-simple"},"yoast_head":"<!-- This site is optimized with the Yoast SEO plugin v27.3 - https:\/\/yoast.com\/product\/yoast-seo-wordpress\/ -->\n<title>De memoria (II) El duelo de la inocencia: un d\u00eda de septiembre de 1973 en Barcelona &#8212; Zapateneo<\/title>\n<meta name=\"robots\" content=\"index, follow, max-snippet:-1, max-image-preview:large, max-video-preview:-1\" \/>\n<link rel=\"canonical\" href=\"https:\/\/zapateneo.net\/wordpress\/index.php\/producto\/de-memoria-ii-el-duelo-de-la-inocencia-un-dia-de-septiembre-de-1973-en-barcelona\/\" \/>\n<meta property=\"og:locale\" content=\"es_ES\" \/>\n<meta property=\"og:type\" content=\"article\" \/>\n<meta property=\"og:title\" content=\"De memoria (II) El duelo de la inocencia: un d\u00eda de septiembre de 1973 en Barcelona &#8212; Zapateneo\" \/>\n<meta property=\"og:description\" content=\"Jann-Marc Rouillan 9788492559213 - virus - 2011 - 186 p\u00e1ginas \/orri.\" \/>\n<meta property=\"og:url\" content=\"https:\/\/zapateneo.net\/wordpress\/index.php\/producto\/de-memoria-ii-el-duelo-de-la-inocencia-un-dia-de-septiembre-de-1973-en-barcelona\/\" \/>\n<meta property=\"og:site_name\" content=\"Zapateneo\" \/>\n<meta property=\"article:modified_time\" content=\"2022-01-03T16:51:28+00:00\" \/>\n<meta property=\"og:image\" content=\"https:\/\/zapateneo.net\/wordpress\/wp-content\/uploads\/2021\/04\/6640.png\" \/>\n\t<meta property=\"og:image:width\" content=\"354\" \/>\n\t<meta property=\"og:image:height\" content=\"482\" \/>\n\t<meta property=\"og:image:type\" content=\"image\/png\" \/>\n<meta name=\"twitter:card\" content=\"summary_large_image\" \/>\n<meta name=\"twitter:site\" content=\"@zapateneo\" \/>\n<meta name=\"twitter:label1\" content=\"Tiempo de lectura\" \/>\n\t<meta name=\"twitter:data1\" content=\"3 minutos\" \/>\n<script type=\"application\/ld+json\" class=\"yoast-schema-graph\">{\"@context\":\"https:\\\/\\\/schema.org\",\"@graph\":[{\"@type\":\"WebPage\",\"@id\":\"https:\\\/\\\/zapateneo.net\\\/wordpress\\\/index.php\\\/producto\\\/de-memoria-ii-el-duelo-de-la-inocencia-un-dia-de-septiembre-de-1973-en-barcelona\\\/\",\"url\":\"https:\\\/\\\/zapateneo.net\\\/wordpress\\\/index.php\\\/producto\\\/de-memoria-ii-el-duelo-de-la-inocencia-un-dia-de-septiembre-de-1973-en-barcelona\\\/\",\"name\":\"De memoria (II) El duelo de la inocencia: un d\u00eda de septiembre de 1973 en Barcelona &#8212; Zapateneo\",\"isPartOf\":{\"@id\":\"https:\\\/\\\/zapateneo.net\\\/wordpress\\\/#website\"},\"primaryImageOfPage\":{\"@id\":\"https:\\\/\\\/zapateneo.net\\\/wordpress\\\/index.php\\\/producto\\\/de-memoria-ii-el-duelo-de-la-inocencia-un-dia-de-septiembre-de-1973-en-barcelona\\\/#primaryimage\"},\"image\":{\"@id\":\"https:\\\/\\\/zapateneo.net\\\/wordpress\\\/index.php\\\/producto\\\/de-memoria-ii-el-duelo-de-la-inocencia-un-dia-de-septiembre-de-1973-en-barcelona\\\/#primaryimage\"},\"thumbnailUrl\":\"https:\\\/\\\/zapateneo.net\\\/wordpress\\\/wp-content\\\/uploads\\\/2021\\\/04\\\/6640.png\",\"datePublished\":\"2021-04-08T16:03:08+00:00\",\"dateModified\":\"2022-01-03T16:51:28+00:00\",\"breadcrumb\":{\"@id\":\"https:\\\/\\\/zapateneo.net\\\/wordpress\\\/index.php\\\/producto\\\/de-memoria-ii-el-duelo-de-la-inocencia-un-dia-de-septiembre-de-1973-en-barcelona\\\/#breadcrumb\"},\"inLanguage\":\"es\",\"potentialAction\":[{\"@type\":\"ReadAction\",\"target\":[\"https:\\\/\\\/zapateneo.net\\\/wordpress\\\/index.php\\\/producto\\\/de-memoria-ii-el-duelo-de-la-inocencia-un-dia-de-septiembre-de-1973-en-barcelona\\\/\"]}]},{\"@type\":\"ImageObject\",\"inLanguage\":\"es\",\"@id\":\"https:\\\/\\\/zapateneo.net\\\/wordpress\\\/index.php\\\/producto\\\/de-memoria-ii-el-duelo-de-la-inocencia-un-dia-de-septiembre-de-1973-en-barcelona\\\/#primaryimage\",\"url\":\"https:\\\/\\\/zapateneo.net\\\/wordpress\\\/wp-content\\\/uploads\\\/2021\\\/04\\\/6640.png\",\"contentUrl\":\"https:\\\/\\\/zapateneo.net\\\/wordpress\\\/wp-content\\\/uploads\\\/2021\\\/04\\\/6640.png\",\"width\":354,\"height\":482},{\"@type\":\"BreadcrumbList\",\"@id\":\"https:\\\/\\\/zapateneo.net\\\/wordpress\\\/index.php\\\/producto\\\/de-memoria-ii-el-duelo-de-la-inocencia-un-dia-de-septiembre-de-1973-en-barcelona\\\/#breadcrumb\",\"itemListElement\":[{\"@type\":\"ListItem\",\"position\":1,\"name\":\"Portada\",\"item\":\"https:\\\/\\\/zapateneo.net\\\/wordpress\\\/\"},{\"@type\":\"ListItem\",\"position\":2,\"name\":\"Tienda\",\"item\":\"https:\\\/\\\/zapateneo.net\\\/wordpress\\\/\"},{\"@type\":\"ListItem\",\"position\":3,\"name\":\"De memoria (II) El duelo de la inocencia: un d\u00eda de septiembre de 1973 en Barcelona\"}]},{\"@type\":\"WebSite\",\"@id\":\"https:\\\/\\\/zapateneo.net\\\/wordpress\\\/#website\",\"url\":\"https:\\\/\\\/zapateneo.net\\\/wordpress\\\/\",\"name\":\"Zapateneo\",\"description\":\"Zapateneoaren webgunea\",\"publisher\":{\"@id\":\"https:\\\/\\\/zapateneo.net\\\/wordpress\\\/#organization\"},\"potentialAction\":[{\"@type\":\"SearchAction\",\"target\":{\"@type\":\"EntryPoint\",\"urlTemplate\":\"https:\\\/\\\/zapateneo.net\\\/wordpress\\\/?s={search_term_string}\"},\"query-input\":{\"@type\":\"PropertyValueSpecification\",\"valueRequired\":true,\"valueName\":\"search_term_string\"}}],\"inLanguage\":\"es\"},{\"@type\":\"Organization\",\"@id\":\"https:\\\/\\\/zapateneo.net\\\/wordpress\\\/#organization\",\"name\":\"Zapateneo Kultur Elkartea\",\"url\":\"https:\\\/\\\/zapateneo.net\\\/wordpress\\\/\",\"logo\":{\"@type\":\"ImageObject\",\"inLanguage\":\"es\",\"@id\":\"https:\\\/\\\/zapateneo.net\\\/wordpress\\\/#\\\/schema\\\/logo\\\/image\\\/\",\"url\":\"https:\\\/\\\/zapateneo.net\\\/wordpress\\\/wp-content\\\/uploads\\\/2021\\\/04\\\/zap-libu-kolec.jpg\",\"contentUrl\":\"https:\\\/\\\/zapateneo.net\\\/wordpress\\\/wp-content\\\/uploads\\\/2021\\\/04\\\/zap-libu-kolec.jpg\",\"width\":2234,\"height\":398,\"caption\":\"Zapateneo Kultur Elkartea\"},\"image\":{\"@id\":\"https:\\\/\\\/zapateneo.net\\\/wordpress\\\/#\\\/schema\\\/logo\\\/image\\\/\"},\"sameAs\":[\"https:\\\/\\\/x.com\\\/zapateneo\"]}]}<\/script>\n<!-- \/ Yoast SEO plugin. -->","yoast_head_json":{"title":"De memoria (II) El duelo de la inocencia: un d\u00eda de septiembre de 1973 en Barcelona &#8212; Zapateneo","robots":{"index":"index","follow":"follow","max-snippet":"max-snippet:-1","max-image-preview":"max-image-preview:large","max-video-preview":"max-video-preview:-1"},"canonical":"https:\/\/zapateneo.net\/wordpress\/index.php\/producto\/de-memoria-ii-el-duelo-de-la-inocencia-un-dia-de-septiembre-de-1973-en-barcelona\/","og_locale":"es_ES","og_type":"article","og_title":"De memoria (II) El duelo de la inocencia: un d\u00eda de septiembre de 1973 en Barcelona &#8212; Zapateneo","og_description":"Jann-Marc Rouillan 9788492559213 - virus - 2011 - 186 p\u00e1ginas \/orri.","og_url":"https:\/\/zapateneo.net\/wordpress\/index.php\/producto\/de-memoria-ii-el-duelo-de-la-inocencia-un-dia-de-septiembre-de-1973-en-barcelona\/","og_site_name":"Zapateneo","article_modified_time":"2022-01-03T16:51:28+00:00","og_image":[{"width":354,"height":482,"url":"https:\/\/zapateneo.net\/wordpress\/wp-content\/uploads\/2021\/04\/6640.png","type":"image\/png"}],"twitter_card":"summary_large_image","twitter_site":"@zapateneo","twitter_misc":{"Tiempo de lectura":"3 minutos"},"schema":{"@context":"https:\/\/schema.org","@graph":[{"@type":"WebPage","@id":"https:\/\/zapateneo.net\/wordpress\/index.php\/producto\/de-memoria-ii-el-duelo-de-la-inocencia-un-dia-de-septiembre-de-1973-en-barcelona\/","url":"https:\/\/zapateneo.net\/wordpress\/index.php\/producto\/de-memoria-ii-el-duelo-de-la-inocencia-un-dia-de-septiembre-de-1973-en-barcelona\/","name":"De memoria (II) El duelo de la inocencia: un d\u00eda de septiembre de 1973 en Barcelona &#8212; Zapateneo","isPartOf":{"@id":"https:\/\/zapateneo.net\/wordpress\/#website"},"primaryImageOfPage":{"@id":"https:\/\/zapateneo.net\/wordpress\/index.php\/producto\/de-memoria-ii-el-duelo-de-la-inocencia-un-dia-de-septiembre-de-1973-en-barcelona\/#primaryimage"},"image":{"@id":"https:\/\/zapateneo.net\/wordpress\/index.php\/producto\/de-memoria-ii-el-duelo-de-la-inocencia-un-dia-de-septiembre-de-1973-en-barcelona\/#primaryimage"},"thumbnailUrl":"https:\/\/zapateneo.net\/wordpress\/wp-content\/uploads\/2021\/04\/6640.png","datePublished":"2021-04-08T16:03:08+00:00","dateModified":"2022-01-03T16:51:28+00:00","breadcrumb":{"@id":"https:\/\/zapateneo.net\/wordpress\/index.php\/producto\/de-memoria-ii-el-duelo-de-la-inocencia-un-dia-de-septiembre-de-1973-en-barcelona\/#breadcrumb"},"inLanguage":"es","potentialAction":[{"@type":"ReadAction","target":["https:\/\/zapateneo.net\/wordpress\/index.php\/producto\/de-memoria-ii-el-duelo-de-la-inocencia-un-dia-de-septiembre-de-1973-en-barcelona\/"]}]},{"@type":"ImageObject","inLanguage":"es","@id":"https:\/\/zapateneo.net\/wordpress\/index.php\/producto\/de-memoria-ii-el-duelo-de-la-inocencia-un-dia-de-septiembre-de-1973-en-barcelona\/#primaryimage","url":"https:\/\/zapateneo.net\/wordpress\/wp-content\/uploads\/2021\/04\/6640.png","contentUrl":"https:\/\/zapateneo.net\/wordpress\/wp-content\/uploads\/2021\/04\/6640.png","width":354,"height":482},{"@type":"BreadcrumbList","@id":"https:\/\/zapateneo.net\/wordpress\/index.php\/producto\/de-memoria-ii-el-duelo-de-la-inocencia-un-dia-de-septiembre-de-1973-en-barcelona\/#breadcrumb","itemListElement":[{"@type":"ListItem","position":1,"name":"Portada","item":"https:\/\/zapateneo.net\/wordpress\/"},{"@type":"ListItem","position":2,"name":"Tienda","item":"https:\/\/zapateneo.net\/wordpress\/"},{"@type":"ListItem","position":3,"name":"De memoria (II) El duelo de la inocencia: un d\u00eda de septiembre de 1973 en Barcelona"}]},{"@type":"WebSite","@id":"https:\/\/zapateneo.net\/wordpress\/#website","url":"https:\/\/zapateneo.net\/wordpress\/","name":"Zapateneo","description":"Zapateneoaren webgunea","publisher":{"@id":"https:\/\/zapateneo.net\/wordpress\/#organization"},"potentialAction":[{"@type":"SearchAction","target":{"@type":"EntryPoint","urlTemplate":"https:\/\/zapateneo.net\/wordpress\/?s={search_term_string}"},"query-input":{"@type":"PropertyValueSpecification","valueRequired":true,"valueName":"search_term_string"}}],"inLanguage":"es"},{"@type":"Organization","@id":"https:\/\/zapateneo.net\/wordpress\/#organization","name":"Zapateneo Kultur Elkartea","url":"https:\/\/zapateneo.net\/wordpress\/","logo":{"@type":"ImageObject","inLanguage":"es","@id":"https:\/\/zapateneo.net\/wordpress\/#\/schema\/logo\/image\/","url":"https:\/\/zapateneo.net\/wordpress\/wp-content\/uploads\/2021\/04\/zap-libu-kolec.jpg","contentUrl":"https:\/\/zapateneo.net\/wordpress\/wp-content\/uploads\/2021\/04\/zap-libu-kolec.jpg","width":2234,"height":398,"caption":"Zapateneo Kultur Elkartea"},"image":{"@id":"https:\/\/zapateneo.net\/wordpress\/#\/schema\/logo\/image\/"},"sameAs":["https:\/\/x.com\/zapateneo"]}]}},"_links":{"self":[{"href":"https:\/\/zapateneo.net\/wordpress\/index.php\/wp-json\/wp\/v2\/product\/5429","targetHints":{"allow":["GET"]}}],"collection":[{"href":"https:\/\/zapateneo.net\/wordpress\/index.php\/wp-json\/wp\/v2\/product"}],"about":[{"href":"https:\/\/zapateneo.net\/wordpress\/index.php\/wp-json\/wp\/v2\/types\/product"}],"wp:featuredmedia":[{"embeddable":true,"href":"https:\/\/zapateneo.net\/wordpress\/index.php\/wp-json\/wp\/v2\/media\/5474"}],"wp:attachment":[{"href":"https:\/\/zapateneo.net\/wordpress\/index.php\/wp-json\/wp\/v2\/media?parent=5429"}],"wp:term":[{"taxonomy":"product_brand","embeddable":true,"href":"https:\/\/zapateneo.net\/wordpress\/index.php\/wp-json\/wp\/v2\/product_brand?post=5429"},{"taxonomy":"product_cat","embeddable":true,"href":"https:\/\/zapateneo.net\/wordpress\/index.php\/wp-json\/wp\/v2\/product_cat?post=5429"},{"taxonomy":"product_tag","embeddable":true,"href":"https:\/\/zapateneo.net\/wordpress\/index.php\/wp-json\/wp\/v2\/product_tag?post=5429"}],"curies":[{"name":"wp","href":"https:\/\/api.w.org\/{rel}","templated":true}]}}