{"id":5380,"date":"2021-04-08T17:02:08","date_gmt":"2021-04-08T16:02:08","guid":{"rendered":"https:\/\/zapateneo.net\/wordpress\/?post_type=product&#038;p=5380"},"modified":"2022-01-03T18:05:51","modified_gmt":"2022-01-03T17:05:51","slug":"que-lo-sepan-ellos-y-no-lo-olvidemos-nosotros-el-inverosimil-verano-del-36","status":"publish","type":"product","link":"https:\/\/zapateneo.net\/wordpress\/index.php\/producto\/que-lo-sepan-ellos-y-no-lo-olvidemos-nosotros-el-inverosimil-verano-del-36\/","title":{"rendered":"Que lo sepan ellos y no lo olvidemos nosotros. El inveros\u00edmil verano del 36"},"content":{"rendered":"<div>\n<p>Aquel inveros\u00edmil verano del 36 no por esperado result\u00f3 menos sorprendente para toda la sociedad catalana y para los que desde fuera de Catalu\u00f1a pudieron seguir de cerca unos acontecimientos que se desencadenaron de manera trepidante.<\/p>\n<p>El golpe de Estado del general Franco hac\u00eda tiempo que se incubaba. De eso eran conscientes tanto los que de una u otra manera simpatizaban o colaboraron con el mismo, como el movimiento obrero que, organizado principalmente en la CNT, sali\u00f3 a la calle no para defender las conquistas sociales que la Rep\u00fablica no le quiso dar, sino para avanzar hacia una sociedad sin clases y sin desigualdades sociales tras conseguir la derrota del fascismo.<\/p>\n<p>La rabia inicial se transform\u00f3 en furia creadora y, de la noche a la ma\u00f1ana, las convenciones sociales, las formas de producci\u00f3n, las estructuras de decisi\u00f3n y la vida cotidiana anterior saltaron por los aires, y Catalu\u00f1a entera se puso manos a la obra para construir una sociedad sobre las bases de la libertad y la justicia social para todos y todas.<\/p>\n<p>Al contrario de lo que se puede leer en tanta historiograf\u00eda oficial, no fue Barcelona y no fueron los \u00abmurcianos\u00bb los \u00fanicos protagonistas de la revoluci\u00f3n social, fue el conjunto de obreros y campesinos de toda Catalu\u00f1a los que salieron a la calle y tomaron el futuro en sus manos.<\/p>\n<p>La obra colectivizadora en las f\u00e1bricas y el campo, la expropiaci\u00f3n de locales de la burgues\u00eda y de la Iglesia para escuelas, comedores y hospitales \u2014adem\u00e1s de para locales de sindicatos, partidos y asociaciones\u2014, la creaci\u00f3n de comit\u00e9s municipales y de defensa se extendi\u00f3 por toda Catalu\u00f1a, de manera espont\u00e1nea, sobrepasando muchas veces a las propias organizaciones obreras y borrando de un plumazo las relaciones de poder anteriores.<\/p>\n<p>Tambi\u00e9n la represi\u00f3n sobre fascistas, algunos elementos de la burgues\u00eda o sus colaboradores y sobre el clero se dej\u00f3 sentir en todo el pa\u00eds, pero ni \u00e9sta fue tan ciega, ni tan numerosa, ni fue obra s\u00f3lo de incontrolados o de miembros de la CNT. Y, sobre todo, no fue Barcelona donde hubo proporcionalmente m\u00e1s muertos, sino en algunas zonas rurales donde el caciquismo y la Iglesia hab\u00edan jugado un papel especialmente represivo, como nos demuestra Miquel Izard en su abrumador trabajo: una radiograf\u00eda de los seis primeros meses de revoluci\u00f3n social en Catalu\u00f1a, a partir de las noticias de la \u00e9poca y los escritos dejados por sus protagonistas y observadores de todo el espectro pol\u00edtico \u2014tanto los partidarios como los cr\u00edticos\u2014, en aquel lejano y extraordinario verano del 36 que unos se esfuerzan por recordar, mientras otros se empe\u00f1an en enterrar.<\/p>\n<p>&nbsp;<\/p>\n<\/div>\n<div class=\"row\">\n<div class=\"col-12 col-12-small\">\n<p><span class=\"image left autor\"><img decoding=\"async\" class=\"alignleft\" src=\"https:\/\/www.viruseditorial.net\/\/fotos-autor\/miquel_izard.jpg\" alt=\"miquel-izard\" \/><\/span><\/p>\n<p>Si bajo el maestrazgo de Jaume Vicens, Pierre Vilar y Jordi Nadal a <strong>Miquel Izard<\/strong> (Barcelona, 1934) le atrajeron el proletariado y la manufactura algodonera, tras su exilio a Venezuela, 1968, devino americanista. Investig\u00f3 el rechazo a la colonizaci\u00f3n, la forja de \u00e1mbitos cimarrones o denunci\u00f3 la esperp\u00e9ntica, falaz y grotesca Leyenda Apolog\u00e9tica y Legitimadora (LAL) sobre la agresi\u00f3n castellana. Jubilado de la Universidad de Barcelona y sin apoyo institucional para seguir dichas pesquisas, regres\u00f3 al pasado catal\u00e1n y, ahora, a la Guerra y la Dictadura, atrap\u00e1ndole las asombrosas mudanzas del verano de 1936. Sigue indagando sobre la Retirada, enero de 1939, o sobre los chiquillos y mujeres durante los primeros a\u00f1os del franquismo, dos grupos muy perjudicados y ninguneados por tanto cronista. Ense\u00f1\u00f3 tambi\u00e9n en las venezolanas ULA de M\u00e9rida y UCV de Caracas o en la NYU de New York. Entre sus libros destacan <i>El rechazo a la civilizaci\u00f3n<\/i>; <i>Orejanos, cimarrones y arrochelados<\/i>; <i>El miedo a la Revoluci\u00f3n<\/i>; o <i>Patagonia. Cr\u00f3nica de un viaje.<\/i><\/p>\n<\/div>\n<\/div>\n<p><a href=\"http:\/\/www.viruseditorial.net\/pags\/noticia.php?id=364\" target=\"_blank\" rel=\"noopener\">Abel Paz: \u00abLos proletarios espa\u00f1oles hacen la revoluci\u00f3n m\u00e1s profunda, incluso m\u00e1s que la revoluci\u00f3n rusa\u00bb<\/a> (El Viejo Topo, 2001)<\/p>\n<p><a href=\"http:\/\/www.viruseditorial.net\/pags\/noticia.php?id=374\" target=\"_blank\" rel=\"noopener\"><strong>\u00abEns han amagat l&#8217;estiu del 36\u00bb<\/strong><\/a> (Sergi Picazo, Pres\u00e8ncia, agost 2012)<\/p>\n<p><a href=\"http:\/\/www.viruseditorial.net\/pags\/noticia.php?id=376\" target=\"_blank\" rel=\"noopener\">No era tan inversemblant<\/a> (Xavier Ferr\u00e9, Directa, 19\/07\/2012)<\/p>\n<p><strong>\u00c0udio de la presentaci\u00f3 de <em>Que lo sepan ellos y no lo olvidemos nosotros<\/em><\/strong> <strong>a Granollers<\/strong> (28\/09\/2012)<\/p>\n<p><object data=\"http:\/\/www.ivoox.com\/playerivoox_ep_1459914_1.html\" type=\"application\/x-shockwave-flash\" width=\"189\" height=\"189\" data-mce-fragment=\"1\"><embed src=\"http:\/\/www.ivoox.com\/playerivoox_ep_1459914_1.html\" type=\"application\/x-shockwave-flash\" allowfullscreen=\"allowfullscreen\" wmode=\"transparent\" width=\"189\" height=\"189\" \/><\/object><\/p>\n<p><a title=\"Presentaci\u00f3 del llibre Que lo sepan ellos y no lo olvidemos nosotros\" href=\"http:\/\/www.ivoox.com\/presentacio-del-llibre-que-lo-sepan-ellos-y-audios-mp3_rf_1459914_1.html\"> Ir a descargar<\/a><\/p>\n<p><a href=\"http:\/\/www.viruseditorial.net\/pags\/noticia.php?id=421\" target=\"_blank\" rel=\"noopener\"><strong>\u00abLa transici\u00f3n escamote\u00f3 canalladas\u00bb<\/strong><\/a> (Diagonal, 10\/01\/2013)<\/p>\n<h2><a href=\"https:\/\/www.viruseditorial.net\/es\/editorial\/descargar-pdf\" target=\"_blank\" rel=\"noopener\">Libro en libre descarga de Virus Editorial<\/a><\/h2>\n","protected":false},"excerpt":{"rendered":"<p><strong>Miquel Izard<\/strong><br \/>\n9788492559398 &#8211; Virus &#8211; 2012 &#8211; 386 p\u00e1ginas \/orri.<\/p>\n","protected":false},"featured_media":5423,"template":"","meta":[],"product_brand":[],"product_cat":[185,16],"product_tag":[4626,3441,57],"class_list":{"0":"post-5380","1":"product","2":"type-product","3":"status-publish","4":"has-post-thumbnail","6":"product_cat-historia","7":"product_cat-libros","8":"product_tag-deskargak","9":"product_tag-miquel-izard","10":"product_tag-virus","12":"first","13":"instock","14":"sold-individually","15":"shipping-taxable","16":"purchasable","17":"product-type-simple"},"yoast_head":"<!-- This site is optimized with the Yoast SEO plugin v27.4 - https:\/\/yoast.com\/product\/yoast-seo-wordpress\/ -->\n<title>Que lo sepan ellos y no lo olvidemos nosotros. El inveros\u00edmil verano del 36 &#8212; Zapateneo<\/title>\n<meta name=\"robots\" content=\"index, follow, max-snippet:-1, max-image-preview:large, max-video-preview:-1\" \/>\n<link rel=\"canonical\" href=\"https:\/\/zapateneo.net\/wordpress\/index.php\/producto\/que-lo-sepan-ellos-y-no-lo-olvidemos-nosotros-el-inverosimil-verano-del-36\/\" \/>\n<meta property=\"og:locale\" content=\"es_ES\" \/>\n<meta property=\"og:type\" content=\"article\" \/>\n<meta property=\"og:title\" content=\"Que lo sepan ellos y no lo olvidemos nosotros. El inveros\u00edmil verano del 36 &#8212; Zapateneo\" \/>\n<meta property=\"og:description\" content=\"Miquel Izard 9788492559398 - Virus - 2012 - 386 p\u00e1ginas \/orri.\" \/>\n<meta property=\"og:url\" content=\"https:\/\/zapateneo.net\/wordpress\/index.php\/producto\/que-lo-sepan-ellos-y-no-lo-olvidemos-nosotros-el-inverosimil-verano-del-36\/\" \/>\n<meta property=\"og:site_name\" content=\"Zapateneo\" \/>\n<meta property=\"article:modified_time\" content=\"2022-01-03T17:05:51+00:00\" \/>\n<meta property=\"og:image\" content=\"https:\/\/zapateneo.net\/wordpress\/wp-content\/uploads\/2021\/04\/7305.jpg\" \/>\n\t<meta property=\"og:image:width\" content=\"120\" \/>\n\t<meta property=\"og:image:height\" content=\"167\" \/>\n\t<meta property=\"og:image:type\" content=\"image\/jpeg\" \/>\n<meta name=\"twitter:card\" content=\"summary_large_image\" \/>\n<meta name=\"twitter:site\" content=\"@zapateneo\" \/>\n<meta name=\"twitter:label1\" content=\"Tiempo de lectura\" \/>\n\t<meta name=\"twitter:data1\" content=\"4 minutos\" \/>\n<script type=\"application\/ld+json\" class=\"yoast-schema-graph\">{\"@context\":\"https:\\\/\\\/schema.org\",\"@graph\":[{\"@type\":\"WebPage\",\"@id\":\"https:\\\/\\\/zapateneo.net\\\/wordpress\\\/index.php\\\/producto\\\/que-lo-sepan-ellos-y-no-lo-olvidemos-nosotros-el-inverosimil-verano-del-36\\\/\",\"url\":\"https:\\\/\\\/zapateneo.net\\\/wordpress\\\/index.php\\\/producto\\\/que-lo-sepan-ellos-y-no-lo-olvidemos-nosotros-el-inverosimil-verano-del-36\\\/\",\"name\":\"Que lo sepan ellos y no lo olvidemos nosotros. El inveros\u00edmil verano del 36 &#8212; Zapateneo\",\"isPartOf\":{\"@id\":\"https:\\\/\\\/zapateneo.net\\\/wordpress\\\/#website\"},\"primaryImageOfPage\":{\"@id\":\"https:\\\/\\\/zapateneo.net\\\/wordpress\\\/index.php\\\/producto\\\/que-lo-sepan-ellos-y-no-lo-olvidemos-nosotros-el-inverosimil-verano-del-36\\\/#primaryimage\"},\"image\":{\"@id\":\"https:\\\/\\\/zapateneo.net\\\/wordpress\\\/index.php\\\/producto\\\/que-lo-sepan-ellos-y-no-lo-olvidemos-nosotros-el-inverosimil-verano-del-36\\\/#primaryimage\"},\"thumbnailUrl\":\"https:\\\/\\\/zapateneo.net\\\/wordpress\\\/wp-content\\\/uploads\\\/2021\\\/04\\\/7305.jpg\",\"datePublished\":\"2021-04-08T16:02:08+00:00\",\"dateModified\":\"2022-01-03T17:05:51+00:00\",\"breadcrumb\":{\"@id\":\"https:\\\/\\\/zapateneo.net\\\/wordpress\\\/index.php\\\/producto\\\/que-lo-sepan-ellos-y-no-lo-olvidemos-nosotros-el-inverosimil-verano-del-36\\\/#breadcrumb\"},\"inLanguage\":\"es\",\"potentialAction\":[{\"@type\":\"ReadAction\",\"target\":[\"https:\\\/\\\/zapateneo.net\\\/wordpress\\\/index.php\\\/producto\\\/que-lo-sepan-ellos-y-no-lo-olvidemos-nosotros-el-inverosimil-verano-del-36\\\/\"]}]},{\"@type\":\"ImageObject\",\"inLanguage\":\"es\",\"@id\":\"https:\\\/\\\/zapateneo.net\\\/wordpress\\\/index.php\\\/producto\\\/que-lo-sepan-ellos-y-no-lo-olvidemos-nosotros-el-inverosimil-verano-del-36\\\/#primaryimage\",\"url\":\"https:\\\/\\\/zapateneo.net\\\/wordpress\\\/wp-content\\\/uploads\\\/2021\\\/04\\\/7305.jpg\",\"contentUrl\":\"https:\\\/\\\/zapateneo.net\\\/wordpress\\\/wp-content\\\/uploads\\\/2021\\\/04\\\/7305.jpg\",\"width\":120,\"height\":167},{\"@type\":\"BreadcrumbList\",\"@id\":\"https:\\\/\\\/zapateneo.net\\\/wordpress\\\/index.php\\\/producto\\\/que-lo-sepan-ellos-y-no-lo-olvidemos-nosotros-el-inverosimil-verano-del-36\\\/#breadcrumb\",\"itemListElement\":[{\"@type\":\"ListItem\",\"position\":1,\"name\":\"Portada\",\"item\":\"https:\\\/\\\/zapateneo.net\\\/wordpress\\\/\"},{\"@type\":\"ListItem\",\"position\":2,\"name\":\"Tienda\",\"item\":\"https:\\\/\\\/zapateneo.net\\\/wordpress\\\/\"},{\"@type\":\"ListItem\",\"position\":3,\"name\":\"Que lo sepan ellos y no lo olvidemos nosotros. El inveros\u00edmil verano del 36\"}]},{\"@type\":\"WebSite\",\"@id\":\"https:\\\/\\\/zapateneo.net\\\/wordpress\\\/#website\",\"url\":\"https:\\\/\\\/zapateneo.net\\\/wordpress\\\/\",\"name\":\"Zapateneo\",\"description\":\"Zapateneoaren webgunea\",\"publisher\":{\"@id\":\"https:\\\/\\\/zapateneo.net\\\/wordpress\\\/#organization\"},\"potentialAction\":[{\"@type\":\"SearchAction\",\"target\":{\"@type\":\"EntryPoint\",\"urlTemplate\":\"https:\\\/\\\/zapateneo.net\\\/wordpress\\\/?s={search_term_string}\"},\"query-input\":{\"@type\":\"PropertyValueSpecification\",\"valueRequired\":true,\"valueName\":\"search_term_string\"}}],\"inLanguage\":\"es\"},{\"@type\":\"Organization\",\"@id\":\"https:\\\/\\\/zapateneo.net\\\/wordpress\\\/#organization\",\"name\":\"Zapateneo Kultur Elkartea\",\"url\":\"https:\\\/\\\/zapateneo.net\\\/wordpress\\\/\",\"logo\":{\"@type\":\"ImageObject\",\"inLanguage\":\"es\",\"@id\":\"https:\\\/\\\/zapateneo.net\\\/wordpress\\\/#\\\/schema\\\/logo\\\/image\\\/\",\"url\":\"https:\\\/\\\/zapateneo.net\\\/wordpress\\\/wp-content\\\/uploads\\\/2021\\\/04\\\/zap-libu-kolec.jpg\",\"contentUrl\":\"https:\\\/\\\/zapateneo.net\\\/wordpress\\\/wp-content\\\/uploads\\\/2021\\\/04\\\/zap-libu-kolec.jpg\",\"width\":2234,\"height\":398,\"caption\":\"Zapateneo Kultur Elkartea\"},\"image\":{\"@id\":\"https:\\\/\\\/zapateneo.net\\\/wordpress\\\/#\\\/schema\\\/logo\\\/image\\\/\"},\"sameAs\":[\"https:\\\/\\\/x.com\\\/zapateneo\"]}]}<\/script>\n<!-- \/ Yoast SEO plugin. -->","yoast_head_json":{"title":"Que lo sepan ellos y no lo olvidemos nosotros. El inveros\u00edmil verano del 36 &#8212; Zapateneo","robots":{"index":"index","follow":"follow","max-snippet":"max-snippet:-1","max-image-preview":"max-image-preview:large","max-video-preview":"max-video-preview:-1"},"canonical":"https:\/\/zapateneo.net\/wordpress\/index.php\/producto\/que-lo-sepan-ellos-y-no-lo-olvidemos-nosotros-el-inverosimil-verano-del-36\/","og_locale":"es_ES","og_type":"article","og_title":"Que lo sepan ellos y no lo olvidemos nosotros. El inveros\u00edmil verano del 36 &#8212; Zapateneo","og_description":"Miquel Izard 9788492559398 - Virus - 2012 - 386 p\u00e1ginas \/orri.","og_url":"https:\/\/zapateneo.net\/wordpress\/index.php\/producto\/que-lo-sepan-ellos-y-no-lo-olvidemos-nosotros-el-inverosimil-verano-del-36\/","og_site_name":"Zapateneo","article_modified_time":"2022-01-03T17:05:51+00:00","og_image":[{"width":120,"height":167,"url":"https:\/\/zapateneo.net\/wordpress\/wp-content\/uploads\/2021\/04\/7305.jpg","type":"image\/jpeg"}],"twitter_card":"summary_large_image","twitter_site":"@zapateneo","twitter_misc":{"Tiempo de lectura":"4 minutos"},"schema":{"@context":"https:\/\/schema.org","@graph":[{"@type":"WebPage","@id":"https:\/\/zapateneo.net\/wordpress\/index.php\/producto\/que-lo-sepan-ellos-y-no-lo-olvidemos-nosotros-el-inverosimil-verano-del-36\/","url":"https:\/\/zapateneo.net\/wordpress\/index.php\/producto\/que-lo-sepan-ellos-y-no-lo-olvidemos-nosotros-el-inverosimil-verano-del-36\/","name":"Que lo sepan ellos y no lo olvidemos nosotros. El inveros\u00edmil verano del 36 &#8212; Zapateneo","isPartOf":{"@id":"https:\/\/zapateneo.net\/wordpress\/#website"},"primaryImageOfPage":{"@id":"https:\/\/zapateneo.net\/wordpress\/index.php\/producto\/que-lo-sepan-ellos-y-no-lo-olvidemos-nosotros-el-inverosimil-verano-del-36\/#primaryimage"},"image":{"@id":"https:\/\/zapateneo.net\/wordpress\/index.php\/producto\/que-lo-sepan-ellos-y-no-lo-olvidemos-nosotros-el-inverosimil-verano-del-36\/#primaryimage"},"thumbnailUrl":"https:\/\/zapateneo.net\/wordpress\/wp-content\/uploads\/2021\/04\/7305.jpg","datePublished":"2021-04-08T16:02:08+00:00","dateModified":"2022-01-03T17:05:51+00:00","breadcrumb":{"@id":"https:\/\/zapateneo.net\/wordpress\/index.php\/producto\/que-lo-sepan-ellos-y-no-lo-olvidemos-nosotros-el-inverosimil-verano-del-36\/#breadcrumb"},"inLanguage":"es","potentialAction":[{"@type":"ReadAction","target":["https:\/\/zapateneo.net\/wordpress\/index.php\/producto\/que-lo-sepan-ellos-y-no-lo-olvidemos-nosotros-el-inverosimil-verano-del-36\/"]}]},{"@type":"ImageObject","inLanguage":"es","@id":"https:\/\/zapateneo.net\/wordpress\/index.php\/producto\/que-lo-sepan-ellos-y-no-lo-olvidemos-nosotros-el-inverosimil-verano-del-36\/#primaryimage","url":"https:\/\/zapateneo.net\/wordpress\/wp-content\/uploads\/2021\/04\/7305.jpg","contentUrl":"https:\/\/zapateneo.net\/wordpress\/wp-content\/uploads\/2021\/04\/7305.jpg","width":120,"height":167},{"@type":"BreadcrumbList","@id":"https:\/\/zapateneo.net\/wordpress\/index.php\/producto\/que-lo-sepan-ellos-y-no-lo-olvidemos-nosotros-el-inverosimil-verano-del-36\/#breadcrumb","itemListElement":[{"@type":"ListItem","position":1,"name":"Portada","item":"https:\/\/zapateneo.net\/wordpress\/"},{"@type":"ListItem","position":2,"name":"Tienda","item":"https:\/\/zapateneo.net\/wordpress\/"},{"@type":"ListItem","position":3,"name":"Que lo sepan ellos y no lo olvidemos nosotros. El inveros\u00edmil verano del 36"}]},{"@type":"WebSite","@id":"https:\/\/zapateneo.net\/wordpress\/#website","url":"https:\/\/zapateneo.net\/wordpress\/","name":"Zapateneo","description":"Zapateneoaren webgunea","publisher":{"@id":"https:\/\/zapateneo.net\/wordpress\/#organization"},"potentialAction":[{"@type":"SearchAction","target":{"@type":"EntryPoint","urlTemplate":"https:\/\/zapateneo.net\/wordpress\/?s={search_term_string}"},"query-input":{"@type":"PropertyValueSpecification","valueRequired":true,"valueName":"search_term_string"}}],"inLanguage":"es"},{"@type":"Organization","@id":"https:\/\/zapateneo.net\/wordpress\/#organization","name":"Zapateneo Kultur Elkartea","url":"https:\/\/zapateneo.net\/wordpress\/","logo":{"@type":"ImageObject","inLanguage":"es","@id":"https:\/\/zapateneo.net\/wordpress\/#\/schema\/logo\/image\/","url":"https:\/\/zapateneo.net\/wordpress\/wp-content\/uploads\/2021\/04\/zap-libu-kolec.jpg","contentUrl":"https:\/\/zapateneo.net\/wordpress\/wp-content\/uploads\/2021\/04\/zap-libu-kolec.jpg","width":2234,"height":398,"caption":"Zapateneo Kultur Elkartea"},"image":{"@id":"https:\/\/zapateneo.net\/wordpress\/#\/schema\/logo\/image\/"},"sameAs":["https:\/\/x.com\/zapateneo"]}]}},"_links":{"self":[{"href":"https:\/\/zapateneo.net\/wordpress\/index.php\/wp-json\/wp\/v2\/product\/5380","targetHints":{"allow":["GET"]}}],"collection":[{"href":"https:\/\/zapateneo.net\/wordpress\/index.php\/wp-json\/wp\/v2\/product"}],"about":[{"href":"https:\/\/zapateneo.net\/wordpress\/index.php\/wp-json\/wp\/v2\/types\/product"}],"wp:featuredmedia":[{"embeddable":true,"href":"https:\/\/zapateneo.net\/wordpress\/index.php\/wp-json\/wp\/v2\/media\/5423"}],"wp:attachment":[{"href":"https:\/\/zapateneo.net\/wordpress\/index.php\/wp-json\/wp\/v2\/media?parent=5380"}],"wp:term":[{"taxonomy":"product_brand","embeddable":true,"href":"https:\/\/zapateneo.net\/wordpress\/index.php\/wp-json\/wp\/v2\/product_brand?post=5380"},{"taxonomy":"product_cat","embeddable":true,"href":"https:\/\/zapateneo.net\/wordpress\/index.php\/wp-json\/wp\/v2\/product_cat?post=5380"},{"taxonomy":"product_tag","embeddable":true,"href":"https:\/\/zapateneo.net\/wordpress\/index.php\/wp-json\/wp\/v2\/product_tag?post=5380"}],"curies":[{"name":"wp","href":"https:\/\/api.w.org\/{rel}","templated":true}]}}