{"id":5350,"date":"2021-04-08T17:01:41","date_gmt":"2021-04-08T16:01:41","guid":{"rendered":"https:\/\/zapateneo.net\/wordpress\/?post_type=product&#038;p=5350"},"modified":"2023-10-22T10:02:17","modified_gmt":"2023-10-22T09:02:17","slug":"el-1000-y-la-olla-agitacion-armada-formacion-teorica-y-movimiento-obrero-en-la-espana-salvaje","status":"publish","type":"product","link":"https:\/\/zapateneo.net\/wordpress\/index.php\/producto\/el-1000-y-la-olla-agitacion-armada-formacion-teorica-y-movimiento-obrero-en-la-espana-salvaje\/","title":{"rendered":"El 1000 y la OLLA. Agitaci\u00f3n armada, formaci\u00f3n te\u00f3rica y movimiento obrero en la Espa\u00f1a salvaje"},"content":{"rendered":"<p>Breve pero intenso, el MIL, o 1000, una organizaci\u00f3n pol\u00edtico-militar formada por j\u00f3venes tolosanos provenientes del \u00e1mbito libertario y barceloneses m\u00e1s cercanos al marxismo heterodoxo, no pretendi\u00f3 ser la avanzadilla de la revoluci\u00f3n ni el germen de ning\u00fan partido armado. Conscientes de ser un elemento exterior al movimiento obrero que se organizaba en las f\u00e1bricas, no quisieron dirigirlo sino servirle de apoyo, potenciando, a trav\u00e9s de la praxis, la autoorganizaci\u00f3n de la clase obrera y su autonom\u00eda frente a grup\u00fasculos y siglas omnipresentes; una nueva concepci\u00f3n dentro del panorama de la extrema izquierda en la Espa\u00f1a de los a\u00f1os 70, que rompe con el modelo leninista de los partidos marxistas, autoproclamados, aun siendo cuatro, vanguardia del proletariado.<\/p>\n<p align=\"JUSTIFY\">Aunque ya existen otros t\u00edtulos de referencia sobre este grupo, pocos libros pueden presumir de ser autosuficientes a la hora de narrar o analizar un movimiento pol\u00edtico; aunque obviamente esta edici\u00f3n presenta lugares comunes con las anteriores, quiere contribuir a la apertura de perspectivas ausentes en otros textos, colaborando en el esfuerzo por dejar patente el especial inter\u00e9s que despierta este grupo, por su novedad en el \u00e1mbito pol\u00edtico ib\u00e9rico de la \u00e9poca y por la riqueza de sus planteamientos te\u00f3rico-pr\u00e1cticos.<\/p>\n","protected":false},"excerpt":{"rendered":"<p><strong>vvaa<\/strong><br \/>\n2014070800062 &#8211; Klinamen &#8211; 2014 &#8211; 190 p\u00e1ginas \/orri.<\/p>\n","protected":false},"featured_media":5394,"template":"","meta":[],"product_brand":[],"product_cat":[185,16],"product_tag":[934],"class_list":{"0":"post-5350","1":"product","2":"type-product","3":"status-publish","4":"has-post-thumbnail","6":"product_cat-historia","7":"product_cat-libros","8":"product_tag-klinamen","10":"first","11":"outofstock","12":"sold-individually","13":"shipping-taxable","14":"purchasable","15":"product-type-simple"},"yoast_head":"<!-- This site is optimized with the Yoast SEO plugin v27.3 - https:\/\/yoast.com\/product\/yoast-seo-wordpress\/ -->\n<title>El 1000 y la OLLA. Agitaci\u00f3n armada, formaci\u00f3n te\u00f3rica y movimiento obrero en la Espa\u00f1a salvaje &#8212; Zapateneo<\/title>\n<meta name=\"robots\" content=\"index, follow, max-snippet:-1, max-image-preview:large, max-video-preview:-1\" \/>\n<link rel=\"canonical\" href=\"https:\/\/zapateneo.net\/wordpress\/index.php\/producto\/el-1000-y-la-olla-agitacion-armada-formacion-teorica-y-movimiento-obrero-en-la-espana-salvaje\/\" \/>\n<meta property=\"og:locale\" content=\"es_ES\" \/>\n<meta property=\"og:type\" content=\"article\" \/>\n<meta property=\"og:title\" content=\"El 1000 y la OLLA. Agitaci\u00f3n armada, formaci\u00f3n te\u00f3rica y movimiento obrero en la Espa\u00f1a salvaje &#8212; Zapateneo\" \/>\n<meta property=\"og:description\" content=\"vvaa 2014070800062 - Klinamen - 2014 - 190 p\u00e1ginas \/orri.\" \/>\n<meta property=\"og:url\" content=\"https:\/\/zapateneo.net\/wordpress\/index.php\/producto\/el-1000-y-la-olla-agitacion-armada-formacion-teorica-y-movimiento-obrero-en-la-espana-salvaje\/\" \/>\n<meta property=\"og:site_name\" content=\"Zapateneo\" \/>\n<meta property=\"article:modified_time\" content=\"2023-10-22T09:02:17+00:00\" \/>\n<meta property=\"og:image\" content=\"https:\/\/zapateneo.net\/wordpress\/wp-content\/uploads\/2021\/04\/7892.png\" \/>\n\t<meta property=\"og:image:width\" content=\"354\" \/>\n\t<meta property=\"og:image:height\" content=\"560\" \/>\n\t<meta property=\"og:image:type\" content=\"image\/png\" \/>\n<meta name=\"twitter:card\" content=\"summary_large_image\" \/>\n<meta name=\"twitter:site\" content=\"@zapateneo\" \/>\n<meta name=\"twitter:label1\" content=\"Tiempo de lectura\" \/>\n\t<meta name=\"twitter:data1\" content=\"1 minuto\" \/>\n<script type=\"application\/ld+json\" class=\"yoast-schema-graph\">{\"@context\":\"https:\\\/\\\/schema.org\",\"@graph\":[{\"@type\":\"WebPage\",\"@id\":\"https:\\\/\\\/zapateneo.net\\\/wordpress\\\/index.php\\\/producto\\\/el-1000-y-la-olla-agitacion-armada-formacion-teorica-y-movimiento-obrero-en-la-espana-salvaje\\\/\",\"url\":\"https:\\\/\\\/zapateneo.net\\\/wordpress\\\/index.php\\\/producto\\\/el-1000-y-la-olla-agitacion-armada-formacion-teorica-y-movimiento-obrero-en-la-espana-salvaje\\\/\",\"name\":\"El 1000 y la OLLA. Agitaci\u00f3n armada, formaci\u00f3n te\u00f3rica y movimiento obrero en la Espa\u00f1a salvaje &#8212; Zapateneo\",\"isPartOf\":{\"@id\":\"https:\\\/\\\/zapateneo.net\\\/wordpress\\\/#website\"},\"primaryImageOfPage\":{\"@id\":\"https:\\\/\\\/zapateneo.net\\\/wordpress\\\/index.php\\\/producto\\\/el-1000-y-la-olla-agitacion-armada-formacion-teorica-y-movimiento-obrero-en-la-espana-salvaje\\\/#primaryimage\"},\"image\":{\"@id\":\"https:\\\/\\\/zapateneo.net\\\/wordpress\\\/index.php\\\/producto\\\/el-1000-y-la-olla-agitacion-armada-formacion-teorica-y-movimiento-obrero-en-la-espana-salvaje\\\/#primaryimage\"},\"thumbnailUrl\":\"https:\\\/\\\/zapateneo.net\\\/wordpress\\\/wp-content\\\/uploads\\\/2021\\\/04\\\/7892.png\",\"datePublished\":\"2021-04-08T16:01:41+00:00\",\"dateModified\":\"2023-10-22T09:02:17+00:00\",\"breadcrumb\":{\"@id\":\"https:\\\/\\\/zapateneo.net\\\/wordpress\\\/index.php\\\/producto\\\/el-1000-y-la-olla-agitacion-armada-formacion-teorica-y-movimiento-obrero-en-la-espana-salvaje\\\/#breadcrumb\"},\"inLanguage\":\"es\",\"potentialAction\":[{\"@type\":\"ReadAction\",\"target\":[\"https:\\\/\\\/zapateneo.net\\\/wordpress\\\/index.php\\\/producto\\\/el-1000-y-la-olla-agitacion-armada-formacion-teorica-y-movimiento-obrero-en-la-espana-salvaje\\\/\"]}]},{\"@type\":\"ImageObject\",\"inLanguage\":\"es\",\"@id\":\"https:\\\/\\\/zapateneo.net\\\/wordpress\\\/index.php\\\/producto\\\/el-1000-y-la-olla-agitacion-armada-formacion-teorica-y-movimiento-obrero-en-la-espana-salvaje\\\/#primaryimage\",\"url\":\"https:\\\/\\\/zapateneo.net\\\/wordpress\\\/wp-content\\\/uploads\\\/2021\\\/04\\\/7892.png\",\"contentUrl\":\"https:\\\/\\\/zapateneo.net\\\/wordpress\\\/wp-content\\\/uploads\\\/2021\\\/04\\\/7892.png\",\"width\":354,\"height\":560},{\"@type\":\"BreadcrumbList\",\"@id\":\"https:\\\/\\\/zapateneo.net\\\/wordpress\\\/index.php\\\/producto\\\/el-1000-y-la-olla-agitacion-armada-formacion-teorica-y-movimiento-obrero-en-la-espana-salvaje\\\/#breadcrumb\",\"itemListElement\":[{\"@type\":\"ListItem\",\"position\":1,\"name\":\"Portada\",\"item\":\"https:\\\/\\\/zapateneo.net\\\/wordpress\\\/\"},{\"@type\":\"ListItem\",\"position\":2,\"name\":\"Tienda\",\"item\":\"https:\\\/\\\/zapateneo.net\\\/wordpress\\\/\"},{\"@type\":\"ListItem\",\"position\":3,\"name\":\"El 1000 y la OLLA. Agitaci\u00f3n armada, formaci\u00f3n te\u00f3rica y movimiento obrero en la Espa\u00f1a salvaje\"}]},{\"@type\":\"WebSite\",\"@id\":\"https:\\\/\\\/zapateneo.net\\\/wordpress\\\/#website\",\"url\":\"https:\\\/\\\/zapateneo.net\\\/wordpress\\\/\",\"name\":\"Zapateneo\",\"description\":\"Zapateneoaren webgunea\",\"publisher\":{\"@id\":\"https:\\\/\\\/zapateneo.net\\\/wordpress\\\/#organization\"},\"potentialAction\":[{\"@type\":\"SearchAction\",\"target\":{\"@type\":\"EntryPoint\",\"urlTemplate\":\"https:\\\/\\\/zapateneo.net\\\/wordpress\\\/?s={search_term_string}\"},\"query-input\":{\"@type\":\"PropertyValueSpecification\",\"valueRequired\":true,\"valueName\":\"search_term_string\"}}],\"inLanguage\":\"es\"},{\"@type\":\"Organization\",\"@id\":\"https:\\\/\\\/zapateneo.net\\\/wordpress\\\/#organization\",\"name\":\"Zapateneo Kultur Elkartea\",\"url\":\"https:\\\/\\\/zapateneo.net\\\/wordpress\\\/\",\"logo\":{\"@type\":\"ImageObject\",\"inLanguage\":\"es\",\"@id\":\"https:\\\/\\\/zapateneo.net\\\/wordpress\\\/#\\\/schema\\\/logo\\\/image\\\/\",\"url\":\"https:\\\/\\\/zapateneo.net\\\/wordpress\\\/wp-content\\\/uploads\\\/2021\\\/04\\\/zap-libu-kolec.jpg\",\"contentUrl\":\"https:\\\/\\\/zapateneo.net\\\/wordpress\\\/wp-content\\\/uploads\\\/2021\\\/04\\\/zap-libu-kolec.jpg\",\"width\":2234,\"height\":398,\"caption\":\"Zapateneo Kultur Elkartea\"},\"image\":{\"@id\":\"https:\\\/\\\/zapateneo.net\\\/wordpress\\\/#\\\/schema\\\/logo\\\/image\\\/\"},\"sameAs\":[\"https:\\\/\\\/x.com\\\/zapateneo\"]}]}<\/script>\n<!-- \/ Yoast SEO plugin. -->","yoast_head_json":{"title":"El 1000 y la OLLA. Agitaci\u00f3n armada, formaci\u00f3n te\u00f3rica y movimiento obrero en la Espa\u00f1a salvaje &#8212; Zapateneo","robots":{"index":"index","follow":"follow","max-snippet":"max-snippet:-1","max-image-preview":"max-image-preview:large","max-video-preview":"max-video-preview:-1"},"canonical":"https:\/\/zapateneo.net\/wordpress\/index.php\/producto\/el-1000-y-la-olla-agitacion-armada-formacion-teorica-y-movimiento-obrero-en-la-espana-salvaje\/","og_locale":"es_ES","og_type":"article","og_title":"El 1000 y la OLLA. Agitaci\u00f3n armada, formaci\u00f3n te\u00f3rica y movimiento obrero en la Espa\u00f1a salvaje &#8212; Zapateneo","og_description":"vvaa 2014070800062 - Klinamen - 2014 - 190 p\u00e1ginas \/orri.","og_url":"https:\/\/zapateneo.net\/wordpress\/index.php\/producto\/el-1000-y-la-olla-agitacion-armada-formacion-teorica-y-movimiento-obrero-en-la-espana-salvaje\/","og_site_name":"Zapateneo","article_modified_time":"2023-10-22T09:02:17+00:00","og_image":[{"width":354,"height":560,"url":"https:\/\/zapateneo.net\/wordpress\/wp-content\/uploads\/2021\/04\/7892.png","type":"image\/png"}],"twitter_card":"summary_large_image","twitter_site":"@zapateneo","twitter_misc":{"Tiempo de lectura":"1 minuto"},"schema":{"@context":"https:\/\/schema.org","@graph":[{"@type":"WebPage","@id":"https:\/\/zapateneo.net\/wordpress\/index.php\/producto\/el-1000-y-la-olla-agitacion-armada-formacion-teorica-y-movimiento-obrero-en-la-espana-salvaje\/","url":"https:\/\/zapateneo.net\/wordpress\/index.php\/producto\/el-1000-y-la-olla-agitacion-armada-formacion-teorica-y-movimiento-obrero-en-la-espana-salvaje\/","name":"El 1000 y la OLLA. Agitaci\u00f3n armada, formaci\u00f3n te\u00f3rica y movimiento obrero en la Espa\u00f1a salvaje &#8212; Zapateneo","isPartOf":{"@id":"https:\/\/zapateneo.net\/wordpress\/#website"},"primaryImageOfPage":{"@id":"https:\/\/zapateneo.net\/wordpress\/index.php\/producto\/el-1000-y-la-olla-agitacion-armada-formacion-teorica-y-movimiento-obrero-en-la-espana-salvaje\/#primaryimage"},"image":{"@id":"https:\/\/zapateneo.net\/wordpress\/index.php\/producto\/el-1000-y-la-olla-agitacion-armada-formacion-teorica-y-movimiento-obrero-en-la-espana-salvaje\/#primaryimage"},"thumbnailUrl":"https:\/\/zapateneo.net\/wordpress\/wp-content\/uploads\/2021\/04\/7892.png","datePublished":"2021-04-08T16:01:41+00:00","dateModified":"2023-10-22T09:02:17+00:00","breadcrumb":{"@id":"https:\/\/zapateneo.net\/wordpress\/index.php\/producto\/el-1000-y-la-olla-agitacion-armada-formacion-teorica-y-movimiento-obrero-en-la-espana-salvaje\/#breadcrumb"},"inLanguage":"es","potentialAction":[{"@type":"ReadAction","target":["https:\/\/zapateneo.net\/wordpress\/index.php\/producto\/el-1000-y-la-olla-agitacion-armada-formacion-teorica-y-movimiento-obrero-en-la-espana-salvaje\/"]}]},{"@type":"ImageObject","inLanguage":"es","@id":"https:\/\/zapateneo.net\/wordpress\/index.php\/producto\/el-1000-y-la-olla-agitacion-armada-formacion-teorica-y-movimiento-obrero-en-la-espana-salvaje\/#primaryimage","url":"https:\/\/zapateneo.net\/wordpress\/wp-content\/uploads\/2021\/04\/7892.png","contentUrl":"https:\/\/zapateneo.net\/wordpress\/wp-content\/uploads\/2021\/04\/7892.png","width":354,"height":560},{"@type":"BreadcrumbList","@id":"https:\/\/zapateneo.net\/wordpress\/index.php\/producto\/el-1000-y-la-olla-agitacion-armada-formacion-teorica-y-movimiento-obrero-en-la-espana-salvaje\/#breadcrumb","itemListElement":[{"@type":"ListItem","position":1,"name":"Portada","item":"https:\/\/zapateneo.net\/wordpress\/"},{"@type":"ListItem","position":2,"name":"Tienda","item":"https:\/\/zapateneo.net\/wordpress\/"},{"@type":"ListItem","position":3,"name":"El 1000 y la OLLA. Agitaci\u00f3n armada, formaci\u00f3n te\u00f3rica y movimiento obrero en la Espa\u00f1a salvaje"}]},{"@type":"WebSite","@id":"https:\/\/zapateneo.net\/wordpress\/#website","url":"https:\/\/zapateneo.net\/wordpress\/","name":"Zapateneo","description":"Zapateneoaren webgunea","publisher":{"@id":"https:\/\/zapateneo.net\/wordpress\/#organization"},"potentialAction":[{"@type":"SearchAction","target":{"@type":"EntryPoint","urlTemplate":"https:\/\/zapateneo.net\/wordpress\/?s={search_term_string}"},"query-input":{"@type":"PropertyValueSpecification","valueRequired":true,"valueName":"search_term_string"}}],"inLanguage":"es"},{"@type":"Organization","@id":"https:\/\/zapateneo.net\/wordpress\/#organization","name":"Zapateneo Kultur Elkartea","url":"https:\/\/zapateneo.net\/wordpress\/","logo":{"@type":"ImageObject","inLanguage":"es","@id":"https:\/\/zapateneo.net\/wordpress\/#\/schema\/logo\/image\/","url":"https:\/\/zapateneo.net\/wordpress\/wp-content\/uploads\/2021\/04\/zap-libu-kolec.jpg","contentUrl":"https:\/\/zapateneo.net\/wordpress\/wp-content\/uploads\/2021\/04\/zap-libu-kolec.jpg","width":2234,"height":398,"caption":"Zapateneo Kultur Elkartea"},"image":{"@id":"https:\/\/zapateneo.net\/wordpress\/#\/schema\/logo\/image\/"},"sameAs":["https:\/\/x.com\/zapateneo"]}]}},"_links":{"self":[{"href":"https:\/\/zapateneo.net\/wordpress\/index.php\/wp-json\/wp\/v2\/product\/5350","targetHints":{"allow":["GET"]}}],"collection":[{"href":"https:\/\/zapateneo.net\/wordpress\/index.php\/wp-json\/wp\/v2\/product"}],"about":[{"href":"https:\/\/zapateneo.net\/wordpress\/index.php\/wp-json\/wp\/v2\/types\/product"}],"wp:featuredmedia":[{"embeddable":true,"href":"https:\/\/zapateneo.net\/wordpress\/index.php\/wp-json\/wp\/v2\/media\/5394"}],"wp:attachment":[{"href":"https:\/\/zapateneo.net\/wordpress\/index.php\/wp-json\/wp\/v2\/media?parent=5350"}],"wp:term":[{"taxonomy":"product_brand","embeddable":true,"href":"https:\/\/zapateneo.net\/wordpress\/index.php\/wp-json\/wp\/v2\/product_brand?post=5350"},{"taxonomy":"product_cat","embeddable":true,"href":"https:\/\/zapateneo.net\/wordpress\/index.php\/wp-json\/wp\/v2\/product_cat?post=5350"},{"taxonomy":"product_tag","embeddable":true,"href":"https:\/\/zapateneo.net\/wordpress\/index.php\/wp-json\/wp\/v2\/product_tag?post=5350"}],"curies":[{"name":"wp","href":"https:\/\/api.w.org\/{rel}","templated":true}]}}