{"id":5344,"date":"2021-04-08T17:01:39","date_gmt":"2021-04-08T16:01:39","guid":{"rendered":"https:\/\/zapateneo.net\/wordpress\/?post_type=product&#038;p=5344"},"modified":"2022-01-04T08:58:16","modified_gmt":"2022-01-04T07:58:16","slug":"de-memoria-iii-la-breve-etapa-de-los-gari-toulouse-1974","status":"publish","type":"product","link":"https:\/\/zapateneo.net\/wordpress\/index.php\/producto\/de-memoria-iii-la-breve-etapa-de-los-gari-toulouse-1974\/","title":{"rendered":"De memoria (III). La breve etapa de los GARI: Toulouse 1974"},"content":{"rendered":"<div>\n<p><em>\u00abDesde el tiroteo en el metro de Girona en Barcelona en el atardecer no hab\u00edamos hecho ninguna pausa. S\u00f3lo una \u00adr\u00e1pida incursi\u00f3n en el piso de la calle Mare de D\u00e9u del Coll para \u00adrecoger tres o cuatro bolsas de armas y explosivos y tomamos el camino de la monta\u00f1a\u00bb.<\/em><\/p>\n<p>El apresamiento de Salvador Puig Antich hab\u00eda obligado al grupo franc\u00e9s del MIL a alcanzar la frontera en el menor tiempo posible y, casi a la misma velocidad de esa carrera, iba quedando atr\u00e1s la propia organizaci\u00f3n Hab\u00eda pasado apenas un mes desde su autodisoluci\u00f3n y, adem\u00e1s de Puig Antich, hab\u00edan sido detenidos Oriol Sol\u00e9 y Josep Llu\u00eds Pons. Las acciones de solidaridad para evitar la ejecuci\u00f3n del metge \u2013ejecutado apenas seis meses despu\u00e9s- y las condenas a muerte del resto de militantes, ya se llevar\u00edan a cabo bajo otras estructuras que, tras el uso de diferentes siglas, terminar\u00edan por denominarse como Grupos de Acci\u00f3n Revolucionaria Internacionalista (GARI).<\/p>\n<p>A partir de la que hab\u00eda sido la infraestructura de solidaridad asentada en Francia, se intent\u00f3 reconstruir la acci\u00f3n armada, restablecer la colaboraci\u00f3n a ambos lados de la frontera, y llevar a cabo una de las \u00faltimas resoluciones del MIL: el ataque a los intereses internacionales de Espa\u00f1a en Europa. La acci\u00f3n m\u00e1s importante ser\u00eda el secuestro el 3 de mayo de 1974 del director del Banco de Bilbao en Par\u00eds, \u00c1ngel Baltasar Su\u00e1rez, la primera reivindicada formalmente como GARI. La \u00faltima actuaci\u00f3n del grupo se llevar\u00eda a cabo el 16 de enero de 1975, contra el Palacio de Justicia de Par\u00eds,<\/p>\n<p>Para entonces, el franquismo y la oposici\u00f3n pactista ya trazaban las traiciones de la transici\u00f3n. El 20 de noviembre de 1975 Franco mor\u00eda en la cama y el 6 de abril de 1976 Oriol Sol\u00e9 era asesinado de un tiro por la Guardia Civil, tras la fuga de la c\u00e1rcel de Segovia. Poco despu\u00e9s de salir de la c\u00e1rcel, Jann-Marc Rouillan visitaba Barcelona por \u00faltima vez. El final definitivo de una etapa y el comienzo de otra: se impon\u00eda a sangre y fuego la transici\u00f3n espa\u00f1ola y surg\u00eda la autonom\u00eda armada en Europa.<\/p>\n<\/div>\n<div class=\"row\">\n<div class=\"col-12 col-12-small\">\n<p><span class=\"image left autor\"><img decoding=\"async\" class=\"alignleft\" src=\"https:\/\/www.viruseditorial.net\/\/fotos-autor\/jann-marc-rouillan.jpg\" alt=\"jann-marc-rouillan\" \/><\/span><\/p>\n<p><strong>JANN-MARC ROUILLAN<\/strong>\u00a0(Auch, 1952) particip\u00f3 en la constituci\u00f3n del MIL y los GARI, y m\u00e1s tarde de\u00a0 Action Directe. Perseguido en Espa\u00f1a, donde fue amnistiado en 1977, fue procesado y encarcelado en Francia en dos ocasiones (1974-1977 y 1980-1981). En febrero de 1987 volvi\u00f3 a ser detenido acusado de haber participado en varios atentados y asesinatos, siendo condenado a varias cadenas perpetuas. Tras m\u00e1s de veinte a\u00f1os en prisi\u00f3n, once de ellos en c\u00e1rceles de alta seguridad, el 6 de diciembre de 2007 obtiene el tercer grado, que le es retirado tras una entrevista concedida al diario\u00a0<em>L\u2019Express<\/em>. No ser\u00e1 hasta mayo de 2011 cuando acceda a la semilibertad. Rouillan es autor de\u00a0<em>Odio las ma\u00f1anas<\/em>\u00a0(Lla\u00fct) y\u00a0<em>Paul de \u00c9pinettes o la mixomatosis pan\u00f3ptica<\/em>\u00a0(Pepitas de calabaza), adem\u00e1s de los dos primeros vol\u00famenes autobiogr\u00e1ficos\u00a0<em>De memoria (I)<\/em>\u00a0y\u00a0<em>De memoria (II)<\/em>, publicados en Virus.<\/p>\n<\/div>\n<\/div>\n<div>\n<p><iframe loading=\"lazy\" src=\"https:\/\/player.vimeo.com\/video\/121014985\" width=\"500\" height=\"367\" frameborder=\"0\" allowfullscreen=\"allowfullscreen\" data-ruffle-polyfilled=\"\" data-mce-fragment=\"1\"><\/iframe><\/p>\n<div>\n<h2><a href=\"https:\/\/www.viruseditorial.net\/es\/editorial\/descargar-pdf\" target=\"_blank\" rel=\"noopener\">Libro en libre descarga de Virus Editorial<\/a><\/h2>\n<\/div>\n<\/div>\n","protected":false},"excerpt":{"rendered":"<p><strong>Rouillan, Jean-Marc<\/strong><br \/>\n9788492559602 &#8211; Virus &#8211; 2015 &#8211; 290 p\u00e1ginas \/orri.<\/p>\n","protected":false},"featured_media":5388,"template":"","meta":[],"product_brand":[],"product_cat":[185,16],"product_tag":[4626,3461,2842,57],"class_list":{"0":"post-5344","1":"product","2":"type-product","3":"status-publish","4":"has-post-thumbnail","6":"product_cat-historia","7":"product_cat-libros","8":"product_tag-deskargak","9":"product_tag-jann-marc-rouillan","10":"product_tag-rouillan","11":"product_tag-virus","13":"first","14":"instock","15":"sold-individually","16":"shipping-taxable","17":"purchasable","18":"product-type-simple"},"yoast_head":"<!-- This site is optimized with the Yoast SEO plugin v27.3 - https:\/\/yoast.com\/product\/yoast-seo-wordpress\/ -->\n<title>De memoria (III). La breve etapa de los GARI: Toulouse 1974 &#8212; Zapateneo<\/title>\n<meta name=\"robots\" content=\"index, follow, max-snippet:-1, max-image-preview:large, max-video-preview:-1\" \/>\n<link rel=\"canonical\" href=\"https:\/\/zapateneo.net\/wordpress\/index.php\/producto\/de-memoria-iii-la-breve-etapa-de-los-gari-toulouse-1974\/\" \/>\n<meta property=\"og:locale\" content=\"es_ES\" \/>\n<meta property=\"og:type\" content=\"article\" \/>\n<meta property=\"og:title\" content=\"De memoria (III). La breve etapa de los GARI: Toulouse 1974 &#8212; Zapateneo\" \/>\n<meta property=\"og:description\" content=\"Rouillan, Jean-Marc 9788492559602 - Virus - 2015 - 290 p\u00e1ginas \/orri.\" \/>\n<meta property=\"og:url\" content=\"https:\/\/zapateneo.net\/wordpress\/index.php\/producto\/de-memoria-iii-la-breve-etapa-de-los-gari-toulouse-1974\/\" \/>\n<meta property=\"og:site_name\" content=\"Zapateneo\" \/>\n<meta property=\"article:modified_time\" content=\"2022-01-04T07:58:16+00:00\" \/>\n<meta property=\"og:image\" content=\"https:\/\/zapateneo.net\/wordpress\/wp-content\/uploads\/2021\/04\/8139.jpg\" \/>\n\t<meta property=\"og:image:width\" content=\"120\" \/>\n\t<meta property=\"og:image:height\" content=\"175\" \/>\n\t<meta property=\"og:image:type\" content=\"image\/jpeg\" \/>\n<meta name=\"twitter:card\" content=\"summary_large_image\" \/>\n<meta name=\"twitter:site\" content=\"@zapateneo\" \/>\n<meta name=\"twitter:label1\" content=\"Tiempo de lectura\" \/>\n\t<meta name=\"twitter:data1\" content=\"3 minutos\" \/>\n<script type=\"application\/ld+json\" class=\"yoast-schema-graph\">{\"@context\":\"https:\\\/\\\/schema.org\",\"@graph\":[{\"@type\":\"WebPage\",\"@id\":\"https:\\\/\\\/zapateneo.net\\\/wordpress\\\/index.php\\\/producto\\\/de-memoria-iii-la-breve-etapa-de-los-gari-toulouse-1974\\\/\",\"url\":\"https:\\\/\\\/zapateneo.net\\\/wordpress\\\/index.php\\\/producto\\\/de-memoria-iii-la-breve-etapa-de-los-gari-toulouse-1974\\\/\",\"name\":\"De memoria (III). La breve etapa de los GARI: Toulouse 1974 &#8212; Zapateneo\",\"isPartOf\":{\"@id\":\"https:\\\/\\\/zapateneo.net\\\/wordpress\\\/#website\"},\"primaryImageOfPage\":{\"@id\":\"https:\\\/\\\/zapateneo.net\\\/wordpress\\\/index.php\\\/producto\\\/de-memoria-iii-la-breve-etapa-de-los-gari-toulouse-1974\\\/#primaryimage\"},\"image\":{\"@id\":\"https:\\\/\\\/zapateneo.net\\\/wordpress\\\/index.php\\\/producto\\\/de-memoria-iii-la-breve-etapa-de-los-gari-toulouse-1974\\\/#primaryimage\"},\"thumbnailUrl\":\"https:\\\/\\\/zapateneo.net\\\/wordpress\\\/wp-content\\\/uploads\\\/2021\\\/04\\\/8139.jpg\",\"datePublished\":\"2021-04-08T16:01:39+00:00\",\"dateModified\":\"2022-01-04T07:58:16+00:00\",\"breadcrumb\":{\"@id\":\"https:\\\/\\\/zapateneo.net\\\/wordpress\\\/index.php\\\/producto\\\/de-memoria-iii-la-breve-etapa-de-los-gari-toulouse-1974\\\/#breadcrumb\"},\"inLanguage\":\"es\",\"potentialAction\":[{\"@type\":\"ReadAction\",\"target\":[\"https:\\\/\\\/zapateneo.net\\\/wordpress\\\/index.php\\\/producto\\\/de-memoria-iii-la-breve-etapa-de-los-gari-toulouse-1974\\\/\"]}]},{\"@type\":\"ImageObject\",\"inLanguage\":\"es\",\"@id\":\"https:\\\/\\\/zapateneo.net\\\/wordpress\\\/index.php\\\/producto\\\/de-memoria-iii-la-breve-etapa-de-los-gari-toulouse-1974\\\/#primaryimage\",\"url\":\"https:\\\/\\\/zapateneo.net\\\/wordpress\\\/wp-content\\\/uploads\\\/2021\\\/04\\\/8139.jpg\",\"contentUrl\":\"https:\\\/\\\/zapateneo.net\\\/wordpress\\\/wp-content\\\/uploads\\\/2021\\\/04\\\/8139.jpg\",\"width\":120,\"height\":175},{\"@type\":\"BreadcrumbList\",\"@id\":\"https:\\\/\\\/zapateneo.net\\\/wordpress\\\/index.php\\\/producto\\\/de-memoria-iii-la-breve-etapa-de-los-gari-toulouse-1974\\\/#breadcrumb\",\"itemListElement\":[{\"@type\":\"ListItem\",\"position\":1,\"name\":\"Portada\",\"item\":\"https:\\\/\\\/zapateneo.net\\\/wordpress\\\/\"},{\"@type\":\"ListItem\",\"position\":2,\"name\":\"Tienda\",\"item\":\"https:\\\/\\\/zapateneo.net\\\/wordpress\\\/\"},{\"@type\":\"ListItem\",\"position\":3,\"name\":\"De memoria (III). La breve etapa de los GARI: Toulouse 1974\"}]},{\"@type\":\"WebSite\",\"@id\":\"https:\\\/\\\/zapateneo.net\\\/wordpress\\\/#website\",\"url\":\"https:\\\/\\\/zapateneo.net\\\/wordpress\\\/\",\"name\":\"Zapateneo\",\"description\":\"Zapateneoaren webgunea\",\"publisher\":{\"@id\":\"https:\\\/\\\/zapateneo.net\\\/wordpress\\\/#organization\"},\"potentialAction\":[{\"@type\":\"SearchAction\",\"target\":{\"@type\":\"EntryPoint\",\"urlTemplate\":\"https:\\\/\\\/zapateneo.net\\\/wordpress\\\/?s={search_term_string}\"},\"query-input\":{\"@type\":\"PropertyValueSpecification\",\"valueRequired\":true,\"valueName\":\"search_term_string\"}}],\"inLanguage\":\"es\"},{\"@type\":\"Organization\",\"@id\":\"https:\\\/\\\/zapateneo.net\\\/wordpress\\\/#organization\",\"name\":\"Zapateneo Kultur Elkartea\",\"url\":\"https:\\\/\\\/zapateneo.net\\\/wordpress\\\/\",\"logo\":{\"@type\":\"ImageObject\",\"inLanguage\":\"es\",\"@id\":\"https:\\\/\\\/zapateneo.net\\\/wordpress\\\/#\\\/schema\\\/logo\\\/image\\\/\",\"url\":\"https:\\\/\\\/zapateneo.net\\\/wordpress\\\/wp-content\\\/uploads\\\/2021\\\/04\\\/zap-libu-kolec.jpg\",\"contentUrl\":\"https:\\\/\\\/zapateneo.net\\\/wordpress\\\/wp-content\\\/uploads\\\/2021\\\/04\\\/zap-libu-kolec.jpg\",\"width\":2234,\"height\":398,\"caption\":\"Zapateneo Kultur Elkartea\"},\"image\":{\"@id\":\"https:\\\/\\\/zapateneo.net\\\/wordpress\\\/#\\\/schema\\\/logo\\\/image\\\/\"},\"sameAs\":[\"https:\\\/\\\/x.com\\\/zapateneo\"]}]}<\/script>\n<!-- \/ Yoast SEO plugin. -->","yoast_head_json":{"title":"De memoria (III). La breve etapa de los GARI: Toulouse 1974 &#8212; Zapateneo","robots":{"index":"index","follow":"follow","max-snippet":"max-snippet:-1","max-image-preview":"max-image-preview:large","max-video-preview":"max-video-preview:-1"},"canonical":"https:\/\/zapateneo.net\/wordpress\/index.php\/producto\/de-memoria-iii-la-breve-etapa-de-los-gari-toulouse-1974\/","og_locale":"es_ES","og_type":"article","og_title":"De memoria (III). La breve etapa de los GARI: Toulouse 1974 &#8212; Zapateneo","og_description":"Rouillan, Jean-Marc 9788492559602 - Virus - 2015 - 290 p\u00e1ginas \/orri.","og_url":"https:\/\/zapateneo.net\/wordpress\/index.php\/producto\/de-memoria-iii-la-breve-etapa-de-los-gari-toulouse-1974\/","og_site_name":"Zapateneo","article_modified_time":"2022-01-04T07:58:16+00:00","og_image":[{"width":120,"height":175,"url":"https:\/\/zapateneo.net\/wordpress\/wp-content\/uploads\/2021\/04\/8139.jpg","type":"image\/jpeg"}],"twitter_card":"summary_large_image","twitter_site":"@zapateneo","twitter_misc":{"Tiempo de lectura":"3 minutos"},"schema":{"@context":"https:\/\/schema.org","@graph":[{"@type":"WebPage","@id":"https:\/\/zapateneo.net\/wordpress\/index.php\/producto\/de-memoria-iii-la-breve-etapa-de-los-gari-toulouse-1974\/","url":"https:\/\/zapateneo.net\/wordpress\/index.php\/producto\/de-memoria-iii-la-breve-etapa-de-los-gari-toulouse-1974\/","name":"De memoria (III). La breve etapa de los GARI: Toulouse 1974 &#8212; Zapateneo","isPartOf":{"@id":"https:\/\/zapateneo.net\/wordpress\/#website"},"primaryImageOfPage":{"@id":"https:\/\/zapateneo.net\/wordpress\/index.php\/producto\/de-memoria-iii-la-breve-etapa-de-los-gari-toulouse-1974\/#primaryimage"},"image":{"@id":"https:\/\/zapateneo.net\/wordpress\/index.php\/producto\/de-memoria-iii-la-breve-etapa-de-los-gari-toulouse-1974\/#primaryimage"},"thumbnailUrl":"https:\/\/zapateneo.net\/wordpress\/wp-content\/uploads\/2021\/04\/8139.jpg","datePublished":"2021-04-08T16:01:39+00:00","dateModified":"2022-01-04T07:58:16+00:00","breadcrumb":{"@id":"https:\/\/zapateneo.net\/wordpress\/index.php\/producto\/de-memoria-iii-la-breve-etapa-de-los-gari-toulouse-1974\/#breadcrumb"},"inLanguage":"es","potentialAction":[{"@type":"ReadAction","target":["https:\/\/zapateneo.net\/wordpress\/index.php\/producto\/de-memoria-iii-la-breve-etapa-de-los-gari-toulouse-1974\/"]}]},{"@type":"ImageObject","inLanguage":"es","@id":"https:\/\/zapateneo.net\/wordpress\/index.php\/producto\/de-memoria-iii-la-breve-etapa-de-los-gari-toulouse-1974\/#primaryimage","url":"https:\/\/zapateneo.net\/wordpress\/wp-content\/uploads\/2021\/04\/8139.jpg","contentUrl":"https:\/\/zapateneo.net\/wordpress\/wp-content\/uploads\/2021\/04\/8139.jpg","width":120,"height":175},{"@type":"BreadcrumbList","@id":"https:\/\/zapateneo.net\/wordpress\/index.php\/producto\/de-memoria-iii-la-breve-etapa-de-los-gari-toulouse-1974\/#breadcrumb","itemListElement":[{"@type":"ListItem","position":1,"name":"Portada","item":"https:\/\/zapateneo.net\/wordpress\/"},{"@type":"ListItem","position":2,"name":"Tienda","item":"https:\/\/zapateneo.net\/wordpress\/"},{"@type":"ListItem","position":3,"name":"De memoria (III). La breve etapa de los GARI: Toulouse 1974"}]},{"@type":"WebSite","@id":"https:\/\/zapateneo.net\/wordpress\/#website","url":"https:\/\/zapateneo.net\/wordpress\/","name":"Zapateneo","description":"Zapateneoaren webgunea","publisher":{"@id":"https:\/\/zapateneo.net\/wordpress\/#organization"},"potentialAction":[{"@type":"SearchAction","target":{"@type":"EntryPoint","urlTemplate":"https:\/\/zapateneo.net\/wordpress\/?s={search_term_string}"},"query-input":{"@type":"PropertyValueSpecification","valueRequired":true,"valueName":"search_term_string"}}],"inLanguage":"es"},{"@type":"Organization","@id":"https:\/\/zapateneo.net\/wordpress\/#organization","name":"Zapateneo Kultur Elkartea","url":"https:\/\/zapateneo.net\/wordpress\/","logo":{"@type":"ImageObject","inLanguage":"es","@id":"https:\/\/zapateneo.net\/wordpress\/#\/schema\/logo\/image\/","url":"https:\/\/zapateneo.net\/wordpress\/wp-content\/uploads\/2021\/04\/zap-libu-kolec.jpg","contentUrl":"https:\/\/zapateneo.net\/wordpress\/wp-content\/uploads\/2021\/04\/zap-libu-kolec.jpg","width":2234,"height":398,"caption":"Zapateneo Kultur Elkartea"},"image":{"@id":"https:\/\/zapateneo.net\/wordpress\/#\/schema\/logo\/image\/"},"sameAs":["https:\/\/x.com\/zapateneo"]}]}},"_links":{"self":[{"href":"https:\/\/zapateneo.net\/wordpress\/index.php\/wp-json\/wp\/v2\/product\/5344","targetHints":{"allow":["GET"]}}],"collection":[{"href":"https:\/\/zapateneo.net\/wordpress\/index.php\/wp-json\/wp\/v2\/product"}],"about":[{"href":"https:\/\/zapateneo.net\/wordpress\/index.php\/wp-json\/wp\/v2\/types\/product"}],"wp:featuredmedia":[{"embeddable":true,"href":"https:\/\/zapateneo.net\/wordpress\/index.php\/wp-json\/wp\/v2\/media\/5388"}],"wp:attachment":[{"href":"https:\/\/zapateneo.net\/wordpress\/index.php\/wp-json\/wp\/v2\/media?parent=5344"}],"wp:term":[{"taxonomy":"product_brand","embeddable":true,"href":"https:\/\/zapateneo.net\/wordpress\/index.php\/wp-json\/wp\/v2\/product_brand?post=5344"},{"taxonomy":"product_cat","embeddable":true,"href":"https:\/\/zapateneo.net\/wordpress\/index.php\/wp-json\/wp\/v2\/product_cat?post=5344"},{"taxonomy":"product_tag","embeddable":true,"href":"https:\/\/zapateneo.net\/wordpress\/index.php\/wp-json\/wp\/v2\/product_tag?post=5344"}],"curies":[{"name":"wp","href":"https:\/\/api.w.org\/{rel}","templated":true}]}}