{"id":5315,"date":"2021-04-08T17:01:13","date_gmt":"2021-04-08T16:01:13","guid":{"rendered":"https:\/\/zapateneo.net\/wordpress\/?post_type=product&#038;p=5315"},"modified":"2021-04-08T17:01:46","modified_gmt":"2021-04-08T16:01:46","slug":"agarrar-el-tiempo-la-historia-del-black-panther-party-y-huey-p-newton","status":"publish","type":"product","link":"https:\/\/zapateneo.net\/wordpress\/index.php\/producto\/agarrar-el-tiempo-la-historia-del-black-panther-party-y-huey-p-newton\/","title":{"rendered":"Agarrar el tiempo. La historia del Black Panther Party y Huey P. Newton"},"content":{"rendered":"<p>Agarrar el tiempo [Seize the time] se public\u00f3 por primera vez hace m\u00e1s de veinte a\u00f1os. Grab\u00e9 en cintas y escrib\u00ed casi todo el libro bajo la presi\u00f3n de ser un preso pol\u00edtico en la C\u00e1rcel de condado de San Francisco durante 1969 y 1970. En aquel tiempo casi todas las organizaciones de protesta, especialmente los grupos contra la guerra y a favor de los derechos civiles fueron el objetivo de ataques por parte del gobierno a todos los niveles. Seize the time se public\u00f3 mientras yo estaba encarcelado y era uno de los acusados en dos grandes juicios pol\u00edticos ? sucesivos juicios pol\u00edticos y racistas que termin\u00e9 ganando. A menudo me dicen que Seize the time es un cl\u00e1sico de la era de la protesta de los a\u00f1os sesenta.Si es en realidad un cl\u00e1sico o no, eso es algo que desconozco. Sin embargo, de lo que estoy seguro es de que el Black Panther Party for Self-Defense [Partido panteras negras por la autodefensa], como se llam\u00f3 originariamente, fundado en ese momento y descrito en este libro, sigue siendo un ejemplo cl\u00e1sico de la tradici\u00f3n de resistencia de los pueblos africanos y afro-americanos contra la opresi\u00f3n de clase y el racismo. Mirando hacia atr\u00e1s a aquella \u00e9poca y pensando en todos nuestros entregados miembros a lo largo de los a\u00f1os, para m\u00ed est\u00e1 claro que nuestros m\u00e9todos revolucionarios de ?act\u00faa o muere? ofrecieron en la racista Am\u00e9rica un ejemplo de lucha de actualidad para los pueblos oprimidos de todo el mundo. Y lo que es m\u00e1s importante, el Partido de los panteras negras desenmascar\u00f3 el racismo institucionalizado y destap\u00f3 m\u00e1s a\u00fan el hip\u00f3crita y fascista absolutismo de la Am\u00e9rica blanca. De hecho, Empoderarse de este tiempo contin\u00faa teniendo un atractivo universal como relato de la lucha de un pueblo oprimido por la liberaci\u00f3n humana.<\/p>\n","protected":false},"excerpt":{"rendered":"<p><strong>Bobby Seale<\/strong><br \/>\n9788494808869 &#8211; Postmetropolis Editorial &#8211; 2020 &#8211; 435 p\u00e1ginas \/orri.<\/p>\n","protected":false},"featured_media":5358,"template":"","meta":[],"product_brand":[],"product_cat":[185,16],"product_tag":[3409,3410],"class_list":{"0":"post-5315","1":"product","2":"type-product","3":"status-publish","4":"has-post-thumbnail","6":"product_cat-historia","7":"product_cat-libros","8":"product_tag-bobby-seale","9":"product_tag-postmetropolis-editorial","11":"first","12":"instock","13":"sold-individually","14":"shipping-taxable","15":"purchasable","16":"product-type-simple"},"yoast_head":"<!-- This site is optimized with the Yoast SEO plugin v27.4 - https:\/\/yoast.com\/product\/yoast-seo-wordpress\/ -->\n<title>Agarrar el tiempo. La historia del Black Panther Party y Huey P. Newton &#8212; Zapateneo<\/title>\n<meta name=\"robots\" content=\"index, follow, max-snippet:-1, max-image-preview:large, max-video-preview:-1\" \/>\n<link rel=\"canonical\" href=\"https:\/\/zapateneo.net\/wordpress\/index.php\/producto\/agarrar-el-tiempo-la-historia-del-black-panther-party-y-huey-p-newton\/\" \/>\n<meta property=\"og:locale\" content=\"es_ES\" \/>\n<meta property=\"og:type\" content=\"article\" \/>\n<meta property=\"og:title\" content=\"Agarrar el tiempo. La historia del Black Panther Party y Huey P. Newton &#8212; Zapateneo\" \/>\n<meta property=\"og:description\" content=\"Bobby Seale 9788494808869 - Postmetropolis Editorial - 2020 - 435 p\u00e1ginas \/orri.\" \/>\n<meta property=\"og:url\" content=\"https:\/\/zapateneo.net\/wordpress\/index.php\/producto\/agarrar-el-tiempo-la-historia-del-black-panther-party-y-huey-p-newton\/\" \/>\n<meta property=\"og:site_name\" content=\"Zapateneo\" \/>\n<meta property=\"article:modified_time\" content=\"2021-04-08T16:01:46+00:00\" \/>\n<meta property=\"og:image\" content=\"https:\/\/zapateneo.net\/wordpress\/wp-content\/uploads\/2021\/04\/portada-panther.jpg\" \/>\n\t<meta property=\"og:image:width\" content=\"271\" \/>\n\t<meta property=\"og:image:height\" content=\"400\" \/>\n\t<meta property=\"og:image:type\" content=\"image\/jpeg\" \/>\n<meta name=\"twitter:card\" content=\"summary_large_image\" \/>\n<meta name=\"twitter:site\" content=\"@zapateneo\" \/>\n<meta name=\"twitter:label1\" content=\"Tiempo de lectura\" \/>\n\t<meta name=\"twitter:data1\" content=\"2 minutos\" \/>\n<script type=\"application\/ld+json\" class=\"yoast-schema-graph\">{\"@context\":\"https:\\\/\\\/schema.org\",\"@graph\":[{\"@type\":\"WebPage\",\"@id\":\"https:\\\/\\\/zapateneo.net\\\/wordpress\\\/index.php\\\/producto\\\/agarrar-el-tiempo-la-historia-del-black-panther-party-y-huey-p-newton\\\/\",\"url\":\"https:\\\/\\\/zapateneo.net\\\/wordpress\\\/index.php\\\/producto\\\/agarrar-el-tiempo-la-historia-del-black-panther-party-y-huey-p-newton\\\/\",\"name\":\"Agarrar el tiempo. La historia del Black Panther Party y Huey P. Newton &#8212; Zapateneo\",\"isPartOf\":{\"@id\":\"https:\\\/\\\/zapateneo.net\\\/wordpress\\\/#website\"},\"primaryImageOfPage\":{\"@id\":\"https:\\\/\\\/zapateneo.net\\\/wordpress\\\/index.php\\\/producto\\\/agarrar-el-tiempo-la-historia-del-black-panther-party-y-huey-p-newton\\\/#primaryimage\"},\"image\":{\"@id\":\"https:\\\/\\\/zapateneo.net\\\/wordpress\\\/index.php\\\/producto\\\/agarrar-el-tiempo-la-historia-del-black-panther-party-y-huey-p-newton\\\/#primaryimage\"},\"thumbnailUrl\":\"https:\\\/\\\/zapateneo.net\\\/wordpress\\\/wp-content\\\/uploads\\\/2021\\\/04\\\/portada-panther.jpg\",\"datePublished\":\"2021-04-08T16:01:13+00:00\",\"dateModified\":\"2021-04-08T16:01:46+00:00\",\"breadcrumb\":{\"@id\":\"https:\\\/\\\/zapateneo.net\\\/wordpress\\\/index.php\\\/producto\\\/agarrar-el-tiempo-la-historia-del-black-panther-party-y-huey-p-newton\\\/#breadcrumb\"},\"inLanguage\":\"es\",\"potentialAction\":[{\"@type\":\"ReadAction\",\"target\":[\"https:\\\/\\\/zapateneo.net\\\/wordpress\\\/index.php\\\/producto\\\/agarrar-el-tiempo-la-historia-del-black-panther-party-y-huey-p-newton\\\/\"]}]},{\"@type\":\"ImageObject\",\"inLanguage\":\"es\",\"@id\":\"https:\\\/\\\/zapateneo.net\\\/wordpress\\\/index.php\\\/producto\\\/agarrar-el-tiempo-la-historia-del-black-panther-party-y-huey-p-newton\\\/#primaryimage\",\"url\":\"https:\\\/\\\/zapateneo.net\\\/wordpress\\\/wp-content\\\/uploads\\\/2021\\\/04\\\/portada-panther.jpg\",\"contentUrl\":\"https:\\\/\\\/zapateneo.net\\\/wordpress\\\/wp-content\\\/uploads\\\/2021\\\/04\\\/portada-panther.jpg\",\"width\":271,\"height\":400},{\"@type\":\"BreadcrumbList\",\"@id\":\"https:\\\/\\\/zapateneo.net\\\/wordpress\\\/index.php\\\/producto\\\/agarrar-el-tiempo-la-historia-del-black-panther-party-y-huey-p-newton\\\/#breadcrumb\",\"itemListElement\":[{\"@type\":\"ListItem\",\"position\":1,\"name\":\"Portada\",\"item\":\"https:\\\/\\\/zapateneo.net\\\/wordpress\\\/\"},{\"@type\":\"ListItem\",\"position\":2,\"name\":\"Tienda\",\"item\":\"https:\\\/\\\/zapateneo.net\\\/wordpress\\\/\"},{\"@type\":\"ListItem\",\"position\":3,\"name\":\"Agarrar el tiempo. La historia del Black Panther Party y Huey P. Newton\"}]},{\"@type\":\"WebSite\",\"@id\":\"https:\\\/\\\/zapateneo.net\\\/wordpress\\\/#website\",\"url\":\"https:\\\/\\\/zapateneo.net\\\/wordpress\\\/\",\"name\":\"Zapateneo\",\"description\":\"Zapateneoaren webgunea\",\"publisher\":{\"@id\":\"https:\\\/\\\/zapateneo.net\\\/wordpress\\\/#organization\"},\"potentialAction\":[{\"@type\":\"SearchAction\",\"target\":{\"@type\":\"EntryPoint\",\"urlTemplate\":\"https:\\\/\\\/zapateneo.net\\\/wordpress\\\/?s={search_term_string}\"},\"query-input\":{\"@type\":\"PropertyValueSpecification\",\"valueRequired\":true,\"valueName\":\"search_term_string\"}}],\"inLanguage\":\"es\"},{\"@type\":\"Organization\",\"@id\":\"https:\\\/\\\/zapateneo.net\\\/wordpress\\\/#organization\",\"name\":\"Zapateneo Kultur Elkartea\",\"url\":\"https:\\\/\\\/zapateneo.net\\\/wordpress\\\/\",\"logo\":{\"@type\":\"ImageObject\",\"inLanguage\":\"es\",\"@id\":\"https:\\\/\\\/zapateneo.net\\\/wordpress\\\/#\\\/schema\\\/logo\\\/image\\\/\",\"url\":\"https:\\\/\\\/zapateneo.net\\\/wordpress\\\/wp-content\\\/uploads\\\/2021\\\/04\\\/zap-libu-kolec.jpg\",\"contentUrl\":\"https:\\\/\\\/zapateneo.net\\\/wordpress\\\/wp-content\\\/uploads\\\/2021\\\/04\\\/zap-libu-kolec.jpg\",\"width\":2234,\"height\":398,\"caption\":\"Zapateneo Kultur Elkartea\"},\"image\":{\"@id\":\"https:\\\/\\\/zapateneo.net\\\/wordpress\\\/#\\\/schema\\\/logo\\\/image\\\/\"},\"sameAs\":[\"https:\\\/\\\/x.com\\\/zapateneo\"]}]}<\/script>\n<!-- \/ Yoast SEO plugin. -->","yoast_head_json":{"title":"Agarrar el tiempo. La historia del Black Panther Party y Huey P. Newton &#8212; Zapateneo","robots":{"index":"index","follow":"follow","max-snippet":"max-snippet:-1","max-image-preview":"max-image-preview:large","max-video-preview":"max-video-preview:-1"},"canonical":"https:\/\/zapateneo.net\/wordpress\/index.php\/producto\/agarrar-el-tiempo-la-historia-del-black-panther-party-y-huey-p-newton\/","og_locale":"es_ES","og_type":"article","og_title":"Agarrar el tiempo. La historia del Black Panther Party y Huey P. Newton &#8212; Zapateneo","og_description":"Bobby Seale 9788494808869 - Postmetropolis Editorial - 2020 - 435 p\u00e1ginas \/orri.","og_url":"https:\/\/zapateneo.net\/wordpress\/index.php\/producto\/agarrar-el-tiempo-la-historia-del-black-panther-party-y-huey-p-newton\/","og_site_name":"Zapateneo","article_modified_time":"2021-04-08T16:01:46+00:00","og_image":[{"width":271,"height":400,"url":"https:\/\/zapateneo.net\/wordpress\/wp-content\/uploads\/2021\/04\/portada-panther.jpg","type":"image\/jpeg"}],"twitter_card":"summary_large_image","twitter_site":"@zapateneo","twitter_misc":{"Tiempo de lectura":"2 minutos"},"schema":{"@context":"https:\/\/schema.org","@graph":[{"@type":"WebPage","@id":"https:\/\/zapateneo.net\/wordpress\/index.php\/producto\/agarrar-el-tiempo-la-historia-del-black-panther-party-y-huey-p-newton\/","url":"https:\/\/zapateneo.net\/wordpress\/index.php\/producto\/agarrar-el-tiempo-la-historia-del-black-panther-party-y-huey-p-newton\/","name":"Agarrar el tiempo. La historia del Black Panther Party y Huey P. Newton &#8212; Zapateneo","isPartOf":{"@id":"https:\/\/zapateneo.net\/wordpress\/#website"},"primaryImageOfPage":{"@id":"https:\/\/zapateneo.net\/wordpress\/index.php\/producto\/agarrar-el-tiempo-la-historia-del-black-panther-party-y-huey-p-newton\/#primaryimage"},"image":{"@id":"https:\/\/zapateneo.net\/wordpress\/index.php\/producto\/agarrar-el-tiempo-la-historia-del-black-panther-party-y-huey-p-newton\/#primaryimage"},"thumbnailUrl":"https:\/\/zapateneo.net\/wordpress\/wp-content\/uploads\/2021\/04\/portada-panther.jpg","datePublished":"2021-04-08T16:01:13+00:00","dateModified":"2021-04-08T16:01:46+00:00","breadcrumb":{"@id":"https:\/\/zapateneo.net\/wordpress\/index.php\/producto\/agarrar-el-tiempo-la-historia-del-black-panther-party-y-huey-p-newton\/#breadcrumb"},"inLanguage":"es","potentialAction":[{"@type":"ReadAction","target":["https:\/\/zapateneo.net\/wordpress\/index.php\/producto\/agarrar-el-tiempo-la-historia-del-black-panther-party-y-huey-p-newton\/"]}]},{"@type":"ImageObject","inLanguage":"es","@id":"https:\/\/zapateneo.net\/wordpress\/index.php\/producto\/agarrar-el-tiempo-la-historia-del-black-panther-party-y-huey-p-newton\/#primaryimage","url":"https:\/\/zapateneo.net\/wordpress\/wp-content\/uploads\/2021\/04\/portada-panther.jpg","contentUrl":"https:\/\/zapateneo.net\/wordpress\/wp-content\/uploads\/2021\/04\/portada-panther.jpg","width":271,"height":400},{"@type":"BreadcrumbList","@id":"https:\/\/zapateneo.net\/wordpress\/index.php\/producto\/agarrar-el-tiempo-la-historia-del-black-panther-party-y-huey-p-newton\/#breadcrumb","itemListElement":[{"@type":"ListItem","position":1,"name":"Portada","item":"https:\/\/zapateneo.net\/wordpress\/"},{"@type":"ListItem","position":2,"name":"Tienda","item":"https:\/\/zapateneo.net\/wordpress\/"},{"@type":"ListItem","position":3,"name":"Agarrar el tiempo. La historia del Black Panther Party y Huey P. Newton"}]},{"@type":"WebSite","@id":"https:\/\/zapateneo.net\/wordpress\/#website","url":"https:\/\/zapateneo.net\/wordpress\/","name":"Zapateneo","description":"Zapateneoaren webgunea","publisher":{"@id":"https:\/\/zapateneo.net\/wordpress\/#organization"},"potentialAction":[{"@type":"SearchAction","target":{"@type":"EntryPoint","urlTemplate":"https:\/\/zapateneo.net\/wordpress\/?s={search_term_string}"},"query-input":{"@type":"PropertyValueSpecification","valueRequired":true,"valueName":"search_term_string"}}],"inLanguage":"es"},{"@type":"Organization","@id":"https:\/\/zapateneo.net\/wordpress\/#organization","name":"Zapateneo Kultur Elkartea","url":"https:\/\/zapateneo.net\/wordpress\/","logo":{"@type":"ImageObject","inLanguage":"es","@id":"https:\/\/zapateneo.net\/wordpress\/#\/schema\/logo\/image\/","url":"https:\/\/zapateneo.net\/wordpress\/wp-content\/uploads\/2021\/04\/zap-libu-kolec.jpg","contentUrl":"https:\/\/zapateneo.net\/wordpress\/wp-content\/uploads\/2021\/04\/zap-libu-kolec.jpg","width":2234,"height":398,"caption":"Zapateneo Kultur Elkartea"},"image":{"@id":"https:\/\/zapateneo.net\/wordpress\/#\/schema\/logo\/image\/"},"sameAs":["https:\/\/x.com\/zapateneo"]}]}},"_links":{"self":[{"href":"https:\/\/zapateneo.net\/wordpress\/index.php\/wp-json\/wp\/v2\/product\/5315","targetHints":{"allow":["GET"]}}],"collection":[{"href":"https:\/\/zapateneo.net\/wordpress\/index.php\/wp-json\/wp\/v2\/product"}],"about":[{"href":"https:\/\/zapateneo.net\/wordpress\/index.php\/wp-json\/wp\/v2\/types\/product"}],"wp:featuredmedia":[{"embeddable":true,"href":"https:\/\/zapateneo.net\/wordpress\/index.php\/wp-json\/wp\/v2\/media\/5358"}],"wp:attachment":[{"href":"https:\/\/zapateneo.net\/wordpress\/index.php\/wp-json\/wp\/v2\/media?parent=5315"}],"wp:term":[{"taxonomy":"product_brand","embeddable":true,"href":"https:\/\/zapateneo.net\/wordpress\/index.php\/wp-json\/wp\/v2\/product_brand?post=5315"},{"taxonomy":"product_cat","embeddable":true,"href":"https:\/\/zapateneo.net\/wordpress\/index.php\/wp-json\/wp\/v2\/product_cat?post=5315"},{"taxonomy":"product_tag","embeddable":true,"href":"https:\/\/zapateneo.net\/wordpress\/index.php\/wp-json\/wp\/v2\/product_tag?post=5315"}],"curies":[{"name":"wp","href":"https:\/\/api.w.org\/{rel}","templated":true}]}}