{"id":5293,"date":"2021-04-08T17:00:48","date_gmt":"2021-04-08T16:00:48","guid":{"rendered":"https:\/\/zapateneo.net\/wordpress\/?post_type=product&#038;p=5293"},"modified":"2021-04-08T17:01:35","modified_gmt":"2021-04-08T16:01:35","slug":"los-obreros-contra-el-trabajo-barcelona-y-paris-bajo-el-frente-popular","status":"publish","type":"product","link":"https:\/\/zapateneo.net\/wordpress\/index.php\/producto\/los-obreros-contra-el-trabajo-barcelona-y-paris-bajo-el-frente-popular\/","title":{"rendered":"Los obreros contra el trabajo. Barcelona y Par\u00eds bajo el frente popular"},"content":{"rendered":"<p>Este libro constituye un estudio comparado de la historia social y pol\u00edtica durante la revoluci\u00f3n espa\u00f1ola en Barcelona y el gobierno del Frente Popular en Par\u00eds durante el periodo 1936-1939, y se centra en la actitud adoptada por los obreros de ambas ciudades ante el trabajo cuando las organizaciones que pretend\u00edan representarlos ejerc\u00edan responsabilidades gubernamentales en mayor o menor medida.<BR><\/p>\n<p>Fruto de investigaciones realizadas por Michael Seidman en Par\u00eds, Barcelona y Salamanca a comienzos de la d\u00e9cada de 1980, y editado por primera vez en 1991 en Estados Unidos, Los obreros contra el trabajo abunda en documentos e informaci\u00f3n de primera mano sobre las luchas obreras cotidianas, y demuestra que los enfoques productivistas y culturalistas son incapaces de abarcar de forma adecuada aspectos fundamentales del comportamiento de la clase trabajadora. Este volumen, que ofrece un examen de la actividad obrera tanto en contextos revolucionarios como reformistas, pone de manifiesto la persistencia de una resistencia directa e indirecta al trabajo.<\/p>\n","protected":false},"excerpt":{"rendered":"<p><strong>Seidman, Michael<\/strong><br \/>\n9788415862215 &#8211; Pepitas de Calabaza &#8211; 2014 &#8211; 544 p\u00e1ginas \/orri.<\/p>\n","protected":false},"featured_media":5339,"template":"","meta":[],"product_brand":[],"product_cat":[185,16],"product_tag":[47,3406],"class_list":{"0":"post-5293","1":"product","2":"type-product","3":"status-publish","4":"has-post-thumbnail","6":"product_cat-historia","7":"product_cat-libros","8":"product_tag-pepitas-de-calabaza","9":"product_tag-seidman","11":"first","12":"instock","13":"sold-individually","14":"shipping-taxable","15":"purchasable","16":"product-type-simple"},"yoast_head":"<!-- This site is optimized with the Yoast SEO plugin v27.4 - https:\/\/yoast.com\/product\/yoast-seo-wordpress\/ -->\n<title>Los obreros contra el trabajo. Barcelona y Par\u00eds bajo el frente popular &#8212; Zapateneo<\/title>\n<meta name=\"robots\" content=\"index, follow, max-snippet:-1, max-image-preview:large, max-video-preview:-1\" \/>\n<link rel=\"canonical\" href=\"https:\/\/zapateneo.net\/wordpress\/index.php\/producto\/los-obreros-contra-el-trabajo-barcelona-y-paris-bajo-el-frente-popular\/\" \/>\n<meta property=\"og:locale\" content=\"es_ES\" \/>\n<meta property=\"og:type\" content=\"article\" \/>\n<meta property=\"og:title\" content=\"Los obreros contra el trabajo. Barcelona y Par\u00eds bajo el frente popular &#8212; Zapateneo\" \/>\n<meta property=\"og:description\" content=\"Seidman, Michael 9788415862215 - Pepitas de Calabaza - 2014 - 544 p\u00e1ginas \/orri.\" \/>\n<meta property=\"og:url\" content=\"https:\/\/zapateneo.net\/wordpress\/index.php\/producto\/los-obreros-contra-el-trabajo-barcelona-y-paris-bajo-el-frente-popular\/\" \/>\n<meta property=\"og:site_name\" content=\"Zapateneo\" \/>\n<meta property=\"article:modified_time\" content=\"2021-04-08T16:01:35+00:00\" \/>\n<meta property=\"og:image\" content=\"https:\/\/zapateneo.net\/wordpress\/wp-content\/uploads\/2021\/04\/obreros_contra.jpeg\" \/>\n\t<meta property=\"og:image:width\" content=\"200\" \/>\n\t<meta property=\"og:image:height\" content=\"288\" \/>\n\t<meta property=\"og:image:type\" content=\"image\/jpeg\" \/>\n<meta name=\"twitter:card\" content=\"summary_large_image\" \/>\n<meta name=\"twitter:site\" content=\"@zapateneo\" \/>\n<meta name=\"twitter:label1\" content=\"Tiempo de lectura\" \/>\n\t<meta name=\"twitter:data1\" content=\"1 minuto\" \/>\n<script type=\"application\/ld+json\" class=\"yoast-schema-graph\">{\"@context\":\"https:\\\/\\\/schema.org\",\"@graph\":[{\"@type\":\"WebPage\",\"@id\":\"https:\\\/\\\/zapateneo.net\\\/wordpress\\\/index.php\\\/producto\\\/los-obreros-contra-el-trabajo-barcelona-y-paris-bajo-el-frente-popular\\\/\",\"url\":\"https:\\\/\\\/zapateneo.net\\\/wordpress\\\/index.php\\\/producto\\\/los-obreros-contra-el-trabajo-barcelona-y-paris-bajo-el-frente-popular\\\/\",\"name\":\"Los obreros contra el trabajo. Barcelona y Par\u00eds bajo el frente popular &#8212; Zapateneo\",\"isPartOf\":{\"@id\":\"https:\\\/\\\/zapateneo.net\\\/wordpress\\\/#website\"},\"primaryImageOfPage\":{\"@id\":\"https:\\\/\\\/zapateneo.net\\\/wordpress\\\/index.php\\\/producto\\\/los-obreros-contra-el-trabajo-barcelona-y-paris-bajo-el-frente-popular\\\/#primaryimage\"},\"image\":{\"@id\":\"https:\\\/\\\/zapateneo.net\\\/wordpress\\\/index.php\\\/producto\\\/los-obreros-contra-el-trabajo-barcelona-y-paris-bajo-el-frente-popular\\\/#primaryimage\"},\"thumbnailUrl\":\"https:\\\/\\\/zapateneo.net\\\/wordpress\\\/wp-content\\\/uploads\\\/2021\\\/04\\\/obreros_contra.jpeg\",\"datePublished\":\"2021-04-08T16:00:48+00:00\",\"dateModified\":\"2021-04-08T16:01:35+00:00\",\"breadcrumb\":{\"@id\":\"https:\\\/\\\/zapateneo.net\\\/wordpress\\\/index.php\\\/producto\\\/los-obreros-contra-el-trabajo-barcelona-y-paris-bajo-el-frente-popular\\\/#breadcrumb\"},\"inLanguage\":\"es\",\"potentialAction\":[{\"@type\":\"ReadAction\",\"target\":[\"https:\\\/\\\/zapateneo.net\\\/wordpress\\\/index.php\\\/producto\\\/los-obreros-contra-el-trabajo-barcelona-y-paris-bajo-el-frente-popular\\\/\"]}]},{\"@type\":\"ImageObject\",\"inLanguage\":\"es\",\"@id\":\"https:\\\/\\\/zapateneo.net\\\/wordpress\\\/index.php\\\/producto\\\/los-obreros-contra-el-trabajo-barcelona-y-paris-bajo-el-frente-popular\\\/#primaryimage\",\"url\":\"https:\\\/\\\/zapateneo.net\\\/wordpress\\\/wp-content\\\/uploads\\\/2021\\\/04\\\/obreros_contra.jpeg\",\"contentUrl\":\"https:\\\/\\\/zapateneo.net\\\/wordpress\\\/wp-content\\\/uploads\\\/2021\\\/04\\\/obreros_contra.jpeg\",\"width\":200,\"height\":288},{\"@type\":\"BreadcrumbList\",\"@id\":\"https:\\\/\\\/zapateneo.net\\\/wordpress\\\/index.php\\\/producto\\\/los-obreros-contra-el-trabajo-barcelona-y-paris-bajo-el-frente-popular\\\/#breadcrumb\",\"itemListElement\":[{\"@type\":\"ListItem\",\"position\":1,\"name\":\"Portada\",\"item\":\"https:\\\/\\\/zapateneo.net\\\/wordpress\\\/\"},{\"@type\":\"ListItem\",\"position\":2,\"name\":\"Tienda\",\"item\":\"https:\\\/\\\/zapateneo.net\\\/wordpress\\\/\"},{\"@type\":\"ListItem\",\"position\":3,\"name\":\"Los obreros contra el trabajo. Barcelona y Par\u00eds bajo el frente popular\"}]},{\"@type\":\"WebSite\",\"@id\":\"https:\\\/\\\/zapateneo.net\\\/wordpress\\\/#website\",\"url\":\"https:\\\/\\\/zapateneo.net\\\/wordpress\\\/\",\"name\":\"Zapateneo\",\"description\":\"Zapateneoaren webgunea\",\"publisher\":{\"@id\":\"https:\\\/\\\/zapateneo.net\\\/wordpress\\\/#organization\"},\"potentialAction\":[{\"@type\":\"SearchAction\",\"target\":{\"@type\":\"EntryPoint\",\"urlTemplate\":\"https:\\\/\\\/zapateneo.net\\\/wordpress\\\/?s={search_term_string}\"},\"query-input\":{\"@type\":\"PropertyValueSpecification\",\"valueRequired\":true,\"valueName\":\"search_term_string\"}}],\"inLanguage\":\"es\"},{\"@type\":\"Organization\",\"@id\":\"https:\\\/\\\/zapateneo.net\\\/wordpress\\\/#organization\",\"name\":\"Zapateneo Kultur Elkartea\",\"url\":\"https:\\\/\\\/zapateneo.net\\\/wordpress\\\/\",\"logo\":{\"@type\":\"ImageObject\",\"inLanguage\":\"es\",\"@id\":\"https:\\\/\\\/zapateneo.net\\\/wordpress\\\/#\\\/schema\\\/logo\\\/image\\\/\",\"url\":\"https:\\\/\\\/zapateneo.net\\\/wordpress\\\/wp-content\\\/uploads\\\/2021\\\/04\\\/zap-libu-kolec.jpg\",\"contentUrl\":\"https:\\\/\\\/zapateneo.net\\\/wordpress\\\/wp-content\\\/uploads\\\/2021\\\/04\\\/zap-libu-kolec.jpg\",\"width\":2234,\"height\":398,\"caption\":\"Zapateneo Kultur Elkartea\"},\"image\":{\"@id\":\"https:\\\/\\\/zapateneo.net\\\/wordpress\\\/#\\\/schema\\\/logo\\\/image\\\/\"},\"sameAs\":[\"https:\\\/\\\/x.com\\\/zapateneo\"]}]}<\/script>\n<!-- \/ Yoast SEO plugin. -->","yoast_head_json":{"title":"Los obreros contra el trabajo. Barcelona y Par\u00eds bajo el frente popular &#8212; Zapateneo","robots":{"index":"index","follow":"follow","max-snippet":"max-snippet:-1","max-image-preview":"max-image-preview:large","max-video-preview":"max-video-preview:-1"},"canonical":"https:\/\/zapateneo.net\/wordpress\/index.php\/producto\/los-obreros-contra-el-trabajo-barcelona-y-paris-bajo-el-frente-popular\/","og_locale":"es_ES","og_type":"article","og_title":"Los obreros contra el trabajo. Barcelona y Par\u00eds bajo el frente popular &#8212; Zapateneo","og_description":"Seidman, Michael 9788415862215 - Pepitas de Calabaza - 2014 - 544 p\u00e1ginas \/orri.","og_url":"https:\/\/zapateneo.net\/wordpress\/index.php\/producto\/los-obreros-contra-el-trabajo-barcelona-y-paris-bajo-el-frente-popular\/","og_site_name":"Zapateneo","article_modified_time":"2021-04-08T16:01:35+00:00","og_image":[{"width":200,"height":288,"url":"https:\/\/zapateneo.net\/wordpress\/wp-content\/uploads\/2021\/04\/obreros_contra.jpeg","type":"image\/jpeg"}],"twitter_card":"summary_large_image","twitter_site":"@zapateneo","twitter_misc":{"Tiempo de lectura":"1 minuto"},"schema":{"@context":"https:\/\/schema.org","@graph":[{"@type":"WebPage","@id":"https:\/\/zapateneo.net\/wordpress\/index.php\/producto\/los-obreros-contra-el-trabajo-barcelona-y-paris-bajo-el-frente-popular\/","url":"https:\/\/zapateneo.net\/wordpress\/index.php\/producto\/los-obreros-contra-el-trabajo-barcelona-y-paris-bajo-el-frente-popular\/","name":"Los obreros contra el trabajo. Barcelona y Par\u00eds bajo el frente popular &#8212; Zapateneo","isPartOf":{"@id":"https:\/\/zapateneo.net\/wordpress\/#website"},"primaryImageOfPage":{"@id":"https:\/\/zapateneo.net\/wordpress\/index.php\/producto\/los-obreros-contra-el-trabajo-barcelona-y-paris-bajo-el-frente-popular\/#primaryimage"},"image":{"@id":"https:\/\/zapateneo.net\/wordpress\/index.php\/producto\/los-obreros-contra-el-trabajo-barcelona-y-paris-bajo-el-frente-popular\/#primaryimage"},"thumbnailUrl":"https:\/\/zapateneo.net\/wordpress\/wp-content\/uploads\/2021\/04\/obreros_contra.jpeg","datePublished":"2021-04-08T16:00:48+00:00","dateModified":"2021-04-08T16:01:35+00:00","breadcrumb":{"@id":"https:\/\/zapateneo.net\/wordpress\/index.php\/producto\/los-obreros-contra-el-trabajo-barcelona-y-paris-bajo-el-frente-popular\/#breadcrumb"},"inLanguage":"es","potentialAction":[{"@type":"ReadAction","target":["https:\/\/zapateneo.net\/wordpress\/index.php\/producto\/los-obreros-contra-el-trabajo-barcelona-y-paris-bajo-el-frente-popular\/"]}]},{"@type":"ImageObject","inLanguage":"es","@id":"https:\/\/zapateneo.net\/wordpress\/index.php\/producto\/los-obreros-contra-el-trabajo-barcelona-y-paris-bajo-el-frente-popular\/#primaryimage","url":"https:\/\/zapateneo.net\/wordpress\/wp-content\/uploads\/2021\/04\/obreros_contra.jpeg","contentUrl":"https:\/\/zapateneo.net\/wordpress\/wp-content\/uploads\/2021\/04\/obreros_contra.jpeg","width":200,"height":288},{"@type":"BreadcrumbList","@id":"https:\/\/zapateneo.net\/wordpress\/index.php\/producto\/los-obreros-contra-el-trabajo-barcelona-y-paris-bajo-el-frente-popular\/#breadcrumb","itemListElement":[{"@type":"ListItem","position":1,"name":"Portada","item":"https:\/\/zapateneo.net\/wordpress\/"},{"@type":"ListItem","position":2,"name":"Tienda","item":"https:\/\/zapateneo.net\/wordpress\/"},{"@type":"ListItem","position":3,"name":"Los obreros contra el trabajo. Barcelona y Par\u00eds bajo el frente popular"}]},{"@type":"WebSite","@id":"https:\/\/zapateneo.net\/wordpress\/#website","url":"https:\/\/zapateneo.net\/wordpress\/","name":"Zapateneo","description":"Zapateneoaren webgunea","publisher":{"@id":"https:\/\/zapateneo.net\/wordpress\/#organization"},"potentialAction":[{"@type":"SearchAction","target":{"@type":"EntryPoint","urlTemplate":"https:\/\/zapateneo.net\/wordpress\/?s={search_term_string}"},"query-input":{"@type":"PropertyValueSpecification","valueRequired":true,"valueName":"search_term_string"}}],"inLanguage":"es"},{"@type":"Organization","@id":"https:\/\/zapateneo.net\/wordpress\/#organization","name":"Zapateneo Kultur Elkartea","url":"https:\/\/zapateneo.net\/wordpress\/","logo":{"@type":"ImageObject","inLanguage":"es","@id":"https:\/\/zapateneo.net\/wordpress\/#\/schema\/logo\/image\/","url":"https:\/\/zapateneo.net\/wordpress\/wp-content\/uploads\/2021\/04\/zap-libu-kolec.jpg","contentUrl":"https:\/\/zapateneo.net\/wordpress\/wp-content\/uploads\/2021\/04\/zap-libu-kolec.jpg","width":2234,"height":398,"caption":"Zapateneo Kultur Elkartea"},"image":{"@id":"https:\/\/zapateneo.net\/wordpress\/#\/schema\/logo\/image\/"},"sameAs":["https:\/\/x.com\/zapateneo"]}]}},"_links":{"self":[{"href":"https:\/\/zapateneo.net\/wordpress\/index.php\/wp-json\/wp\/v2\/product\/5293","targetHints":{"allow":["GET"]}}],"collection":[{"href":"https:\/\/zapateneo.net\/wordpress\/index.php\/wp-json\/wp\/v2\/product"}],"about":[{"href":"https:\/\/zapateneo.net\/wordpress\/index.php\/wp-json\/wp\/v2\/types\/product"}],"wp:featuredmedia":[{"embeddable":true,"href":"https:\/\/zapateneo.net\/wordpress\/index.php\/wp-json\/wp\/v2\/media\/5339"}],"wp:attachment":[{"href":"https:\/\/zapateneo.net\/wordpress\/index.php\/wp-json\/wp\/v2\/media?parent=5293"}],"wp:term":[{"taxonomy":"product_brand","embeddable":true,"href":"https:\/\/zapateneo.net\/wordpress\/index.php\/wp-json\/wp\/v2\/product_brand?post=5293"},{"taxonomy":"product_cat","embeddable":true,"href":"https:\/\/zapateneo.net\/wordpress\/index.php\/wp-json\/wp\/v2\/product_cat?post=5293"},{"taxonomy":"product_tag","embeddable":true,"href":"https:\/\/zapateneo.net\/wordpress\/index.php\/wp-json\/wp\/v2\/product_tag?post=5293"}],"curies":[{"name":"wp","href":"https:\/\/api.w.org\/{rel}","templated":true}]}}