{"id":5289,"date":"2021-04-08T17:00:47","date_gmt":"2021-04-08T16:00:47","guid":{"rendered":"https:\/\/zapateneo.net\/wordpress\/?post_type=product&#038;p=5289"},"modified":"2021-04-08T17:01:31","modified_gmt":"2021-04-08T16:01:31","slug":"la-vieja-carcel-de-la-calle-amalia-historia-y-vida-cotidiana","status":"publish","type":"product","link":"https:\/\/zapateneo.net\/wordpress\/index.php\/producto\/la-vieja-carcel-de-la-calle-amalia-historia-y-vida-cotidiana\/","title":{"rendered":"La vieja c\u00e1rcel de la Calle Amalia. Historia y vida cotidiana"},"content":{"rendered":"<p>Con esta nueva aparici\u00f3n, seguimos la colecci\u00f3n de relatos, episodios y narraciones hist\u00f3ricas que han tenido como escenario el barrio del Raval.<\/p>\n<p>La presentaci\u00f3n de este nuevo t\u00edtulo supone una excepci\u00f3n respecto al n\u00famero de p\u00e1ginas que ha mantenido hasta ahora la colecci\u00f3n. La justificaci\u00f3n de esta excepcionalidad viene dada por la importancia de este libro que rompe por fin un silencio bibliogr\u00e1fico vergonzoso y nos desvela y da a conocer la s\u00f3rdida historia que durante un siglo se desarroll\u00f3 en aquella c\u00e1rcel de nuestro barrio.<\/p>\n<p>\u201cEl lector que tenga esta obra en sus manos est\u00e1 ante un libro que va m\u00e1s all\u00e1 de los muros que delimitaban los patios de la c\u00e1rcel. No es exagerado afirmar que Elsa Plaza ha escrito una historia de Barcelona a trav\u00e9s de la c\u00e1rcel de Amalia. O, dicho de otro modo, una historia de los mecanismos de intervenci\u00f3n dispuestos por el poder (pol\u00edtico, econ\u00f3mico, eclesi\u00e1stico\u2026) para controlar, encauzar y reprimir a los y las disidentes y los excluidos y las excluidas en el proceso de implantaci\u00f3n y consolidaci\u00f3n del capitalismo industrial en la ciudad condal.(\u2026) un colosal trabajo historiogr\u00e1fico que representa, adem\u00e1s, un acto de justicia para con los miles de hombres, mujeres y ni\u00f1os y ni\u00f1as que malvivieron y penaron a la sombra de los muros del antiguo convento de los pa\u00fales. Que ahora vea la luz como un n\u00famero extraordinario de la colecci\u00f3n Hist\u00f2ries del Raval es, por a\u00f1adidura, una constataci\u00f3n de que se pueden llevar a cabo grandes proyectos de historia y memoria desde la base del tejido social de los barrios con pocas herramientas y presupuestos muy limitados. Los vecinos y vecinas del Distrito V que convivieron durante un siglo con la c\u00e1rcel estar\u00edan orgullosos de esta publicaci\u00f3n.\u201d<\/p>\n<p>Elsa Plaza (Buenos Aires, 1950). Estudi\u00f3 Bellas Artes en su ciudad natal y posteriormente cine en la Universidad de Vincennes. Sus experiencias en Par\u00eds se reflejaron en su novela Rojiza penumbra (2006). En Barcelona concluy\u00f3 su licenciatura en Historia y se doctor\u00f3 con la tesis Acerca del tiempo y la memoria. Hacia una est\u00e9tica de la intuici\u00f3n. Ha participado en numerosos grupos de investigaci\u00f3n dedicados a cuestiones de teor\u00eda feminista y es autora de diversos art\u00edculos y ensayos sobre est\u00e9tica, teor\u00eda de arte, memoria, temporalidad y mujer, publicados en Revista d\u2019Art, Mat\u00e8ria, Histeria, Body-Art y Duoda, entre otras revistas especializadas. Paralelamente, ha trabajado como ilustradora para diversas editoriales francesas y espa\u00f1olas y ha realizado varias exposiciones de su obra pict\u00f3rica. Es autora de El cielo bajo los pi\u00e9s (Marlow, 2009), Desmontando el caso de la vampira del Raval (Icaria, 2014), La calle olvidada. Sant Antoni de P\u00e0dua, en el distrito V (El Lokal, 2017) y La vieja c\u00e1rcel de la calle Amalia (El Lokal, 2020)<\/p>\n","protected":false},"excerpt":{"rendered":"<p><strong>Plaza, Elsa<\/strong><br \/>\n9788412025781 &#8211; El Lokal &#8211; 2020 &#8211; 447 p\u00e1ginas \/orri.<\/p>\n","protected":false},"featured_media":5335,"template":"","meta":[],"product_brand":[],"product_cat":[185,16],"product_tag":[734,3308],"class_list":{"0":"post-5289","1":"product","2":"type-product","3":"status-publish","4":"has-post-thumbnail","6":"product_cat-historia","7":"product_cat-libros","8":"product_tag-el-lokal","9":"product_tag-plaza","11":"first","12":"instock","13":"sold-individually","14":"shipping-taxable","15":"purchasable","16":"product-type-simple"},"yoast_head":"<!-- This site is optimized with the Yoast SEO plugin v27.3 - https:\/\/yoast.com\/product\/yoast-seo-wordpress\/ -->\n<title>La vieja c\u00e1rcel de la Calle Amalia. Historia y vida cotidiana &#8212; Zapateneo<\/title>\n<meta name=\"robots\" content=\"index, follow, max-snippet:-1, max-image-preview:large, max-video-preview:-1\" \/>\n<link rel=\"canonical\" href=\"https:\/\/zapateneo.net\/wordpress\/index.php\/producto\/la-vieja-carcel-de-la-calle-amalia-historia-y-vida-cotidiana\/\" \/>\n<meta property=\"og:locale\" content=\"es_ES\" \/>\n<meta property=\"og:type\" content=\"article\" \/>\n<meta property=\"og:title\" content=\"La vieja c\u00e1rcel de la Calle Amalia. Historia y vida cotidiana &#8212; Zapateneo\" \/>\n<meta property=\"og:description\" content=\"Plaza, Elsa 9788412025781 - El Lokal - 2020 - 447 p\u00e1ginas \/orri.\" \/>\n<meta property=\"og:url\" content=\"https:\/\/zapateneo.net\/wordpress\/index.php\/producto\/la-vieja-carcel-de-la-calle-amalia-historia-y-vida-cotidiana\/\" \/>\n<meta property=\"og:site_name\" content=\"Zapateneo\" \/>\n<meta property=\"article:modified_time\" content=\"2021-04-08T16:01:31+00:00\" \/>\n<meta property=\"og:image\" content=\"https:\/\/zapateneo.net\/wordpress\/wp-content\/uploads\/2021\/04\/la-vieja-carcel-de-la-calle-amalia.png\" \/>\n\t<meta property=\"og:image:width\" content=\"284\" \/>\n\t<meta property=\"og:image:height\" content=\"400\" \/>\n\t<meta property=\"og:image:type\" content=\"image\/png\" \/>\n<meta name=\"twitter:card\" content=\"summary_large_image\" \/>\n<meta name=\"twitter:site\" content=\"@zapateneo\" \/>\n<meta name=\"twitter:label1\" content=\"Tiempo de lectura\" \/>\n\t<meta name=\"twitter:data1\" content=\"2 minutos\" \/>\n<script type=\"application\/ld+json\" class=\"yoast-schema-graph\">{\"@context\":\"https:\\\/\\\/schema.org\",\"@graph\":[{\"@type\":\"WebPage\",\"@id\":\"https:\\\/\\\/zapateneo.net\\\/wordpress\\\/index.php\\\/producto\\\/la-vieja-carcel-de-la-calle-amalia-historia-y-vida-cotidiana\\\/\",\"url\":\"https:\\\/\\\/zapateneo.net\\\/wordpress\\\/index.php\\\/producto\\\/la-vieja-carcel-de-la-calle-amalia-historia-y-vida-cotidiana\\\/\",\"name\":\"La vieja c\u00e1rcel de la Calle Amalia. Historia y vida cotidiana &#8212; Zapateneo\",\"isPartOf\":{\"@id\":\"https:\\\/\\\/zapateneo.net\\\/wordpress\\\/#website\"},\"primaryImageOfPage\":{\"@id\":\"https:\\\/\\\/zapateneo.net\\\/wordpress\\\/index.php\\\/producto\\\/la-vieja-carcel-de-la-calle-amalia-historia-y-vida-cotidiana\\\/#primaryimage\"},\"image\":{\"@id\":\"https:\\\/\\\/zapateneo.net\\\/wordpress\\\/index.php\\\/producto\\\/la-vieja-carcel-de-la-calle-amalia-historia-y-vida-cotidiana\\\/#primaryimage\"},\"thumbnailUrl\":\"https:\\\/\\\/zapateneo.net\\\/wordpress\\\/wp-content\\\/uploads\\\/2021\\\/04\\\/la-vieja-carcel-de-la-calle-amalia.png\",\"datePublished\":\"2021-04-08T16:00:47+00:00\",\"dateModified\":\"2021-04-08T16:01:31+00:00\",\"breadcrumb\":{\"@id\":\"https:\\\/\\\/zapateneo.net\\\/wordpress\\\/index.php\\\/producto\\\/la-vieja-carcel-de-la-calle-amalia-historia-y-vida-cotidiana\\\/#breadcrumb\"},\"inLanguage\":\"es\",\"potentialAction\":[{\"@type\":\"ReadAction\",\"target\":[\"https:\\\/\\\/zapateneo.net\\\/wordpress\\\/index.php\\\/producto\\\/la-vieja-carcel-de-la-calle-amalia-historia-y-vida-cotidiana\\\/\"]}]},{\"@type\":\"ImageObject\",\"inLanguage\":\"es\",\"@id\":\"https:\\\/\\\/zapateneo.net\\\/wordpress\\\/index.php\\\/producto\\\/la-vieja-carcel-de-la-calle-amalia-historia-y-vida-cotidiana\\\/#primaryimage\",\"url\":\"https:\\\/\\\/zapateneo.net\\\/wordpress\\\/wp-content\\\/uploads\\\/2021\\\/04\\\/la-vieja-carcel-de-la-calle-amalia.png\",\"contentUrl\":\"https:\\\/\\\/zapateneo.net\\\/wordpress\\\/wp-content\\\/uploads\\\/2021\\\/04\\\/la-vieja-carcel-de-la-calle-amalia.png\",\"width\":284,\"height\":400},{\"@type\":\"BreadcrumbList\",\"@id\":\"https:\\\/\\\/zapateneo.net\\\/wordpress\\\/index.php\\\/producto\\\/la-vieja-carcel-de-la-calle-amalia-historia-y-vida-cotidiana\\\/#breadcrumb\",\"itemListElement\":[{\"@type\":\"ListItem\",\"position\":1,\"name\":\"Portada\",\"item\":\"https:\\\/\\\/zapateneo.net\\\/wordpress\\\/\"},{\"@type\":\"ListItem\",\"position\":2,\"name\":\"Tienda\",\"item\":\"https:\\\/\\\/zapateneo.net\\\/wordpress\\\/\"},{\"@type\":\"ListItem\",\"position\":3,\"name\":\"La vieja c\u00e1rcel de la Calle Amalia. Historia y vida cotidiana\"}]},{\"@type\":\"WebSite\",\"@id\":\"https:\\\/\\\/zapateneo.net\\\/wordpress\\\/#website\",\"url\":\"https:\\\/\\\/zapateneo.net\\\/wordpress\\\/\",\"name\":\"Zapateneo\",\"description\":\"Zapateneoaren webgunea\",\"publisher\":{\"@id\":\"https:\\\/\\\/zapateneo.net\\\/wordpress\\\/#organization\"},\"potentialAction\":[{\"@type\":\"SearchAction\",\"target\":{\"@type\":\"EntryPoint\",\"urlTemplate\":\"https:\\\/\\\/zapateneo.net\\\/wordpress\\\/?s={search_term_string}\"},\"query-input\":{\"@type\":\"PropertyValueSpecification\",\"valueRequired\":true,\"valueName\":\"search_term_string\"}}],\"inLanguage\":\"es\"},{\"@type\":\"Organization\",\"@id\":\"https:\\\/\\\/zapateneo.net\\\/wordpress\\\/#organization\",\"name\":\"Zapateneo Kultur Elkartea\",\"url\":\"https:\\\/\\\/zapateneo.net\\\/wordpress\\\/\",\"logo\":{\"@type\":\"ImageObject\",\"inLanguage\":\"es\",\"@id\":\"https:\\\/\\\/zapateneo.net\\\/wordpress\\\/#\\\/schema\\\/logo\\\/image\\\/\",\"url\":\"https:\\\/\\\/zapateneo.net\\\/wordpress\\\/wp-content\\\/uploads\\\/2021\\\/04\\\/zap-libu-kolec.jpg\",\"contentUrl\":\"https:\\\/\\\/zapateneo.net\\\/wordpress\\\/wp-content\\\/uploads\\\/2021\\\/04\\\/zap-libu-kolec.jpg\",\"width\":2234,\"height\":398,\"caption\":\"Zapateneo Kultur Elkartea\"},\"image\":{\"@id\":\"https:\\\/\\\/zapateneo.net\\\/wordpress\\\/#\\\/schema\\\/logo\\\/image\\\/\"},\"sameAs\":[\"https:\\\/\\\/x.com\\\/zapateneo\"]}]}<\/script>\n<!-- \/ Yoast SEO plugin. -->","yoast_head_json":{"title":"La vieja c\u00e1rcel de la Calle Amalia. Historia y vida cotidiana &#8212; Zapateneo","robots":{"index":"index","follow":"follow","max-snippet":"max-snippet:-1","max-image-preview":"max-image-preview:large","max-video-preview":"max-video-preview:-1"},"canonical":"https:\/\/zapateneo.net\/wordpress\/index.php\/producto\/la-vieja-carcel-de-la-calle-amalia-historia-y-vida-cotidiana\/","og_locale":"es_ES","og_type":"article","og_title":"La vieja c\u00e1rcel de la Calle Amalia. Historia y vida cotidiana &#8212; Zapateneo","og_description":"Plaza, Elsa 9788412025781 - El Lokal - 2020 - 447 p\u00e1ginas \/orri.","og_url":"https:\/\/zapateneo.net\/wordpress\/index.php\/producto\/la-vieja-carcel-de-la-calle-amalia-historia-y-vida-cotidiana\/","og_site_name":"Zapateneo","article_modified_time":"2021-04-08T16:01:31+00:00","og_image":[{"width":284,"height":400,"url":"https:\/\/zapateneo.net\/wordpress\/wp-content\/uploads\/2021\/04\/la-vieja-carcel-de-la-calle-amalia.png","type":"image\/png"}],"twitter_card":"summary_large_image","twitter_site":"@zapateneo","twitter_misc":{"Tiempo de lectura":"2 minutos"},"schema":{"@context":"https:\/\/schema.org","@graph":[{"@type":"WebPage","@id":"https:\/\/zapateneo.net\/wordpress\/index.php\/producto\/la-vieja-carcel-de-la-calle-amalia-historia-y-vida-cotidiana\/","url":"https:\/\/zapateneo.net\/wordpress\/index.php\/producto\/la-vieja-carcel-de-la-calle-amalia-historia-y-vida-cotidiana\/","name":"La vieja c\u00e1rcel de la Calle Amalia. Historia y vida cotidiana &#8212; Zapateneo","isPartOf":{"@id":"https:\/\/zapateneo.net\/wordpress\/#website"},"primaryImageOfPage":{"@id":"https:\/\/zapateneo.net\/wordpress\/index.php\/producto\/la-vieja-carcel-de-la-calle-amalia-historia-y-vida-cotidiana\/#primaryimage"},"image":{"@id":"https:\/\/zapateneo.net\/wordpress\/index.php\/producto\/la-vieja-carcel-de-la-calle-amalia-historia-y-vida-cotidiana\/#primaryimage"},"thumbnailUrl":"https:\/\/zapateneo.net\/wordpress\/wp-content\/uploads\/2021\/04\/la-vieja-carcel-de-la-calle-amalia.png","datePublished":"2021-04-08T16:00:47+00:00","dateModified":"2021-04-08T16:01:31+00:00","breadcrumb":{"@id":"https:\/\/zapateneo.net\/wordpress\/index.php\/producto\/la-vieja-carcel-de-la-calle-amalia-historia-y-vida-cotidiana\/#breadcrumb"},"inLanguage":"es","potentialAction":[{"@type":"ReadAction","target":["https:\/\/zapateneo.net\/wordpress\/index.php\/producto\/la-vieja-carcel-de-la-calle-amalia-historia-y-vida-cotidiana\/"]}]},{"@type":"ImageObject","inLanguage":"es","@id":"https:\/\/zapateneo.net\/wordpress\/index.php\/producto\/la-vieja-carcel-de-la-calle-amalia-historia-y-vida-cotidiana\/#primaryimage","url":"https:\/\/zapateneo.net\/wordpress\/wp-content\/uploads\/2021\/04\/la-vieja-carcel-de-la-calle-amalia.png","contentUrl":"https:\/\/zapateneo.net\/wordpress\/wp-content\/uploads\/2021\/04\/la-vieja-carcel-de-la-calle-amalia.png","width":284,"height":400},{"@type":"BreadcrumbList","@id":"https:\/\/zapateneo.net\/wordpress\/index.php\/producto\/la-vieja-carcel-de-la-calle-amalia-historia-y-vida-cotidiana\/#breadcrumb","itemListElement":[{"@type":"ListItem","position":1,"name":"Portada","item":"https:\/\/zapateneo.net\/wordpress\/"},{"@type":"ListItem","position":2,"name":"Tienda","item":"https:\/\/zapateneo.net\/wordpress\/"},{"@type":"ListItem","position":3,"name":"La vieja c\u00e1rcel de la Calle Amalia. Historia y vida cotidiana"}]},{"@type":"WebSite","@id":"https:\/\/zapateneo.net\/wordpress\/#website","url":"https:\/\/zapateneo.net\/wordpress\/","name":"Zapateneo","description":"Zapateneoaren webgunea","publisher":{"@id":"https:\/\/zapateneo.net\/wordpress\/#organization"},"potentialAction":[{"@type":"SearchAction","target":{"@type":"EntryPoint","urlTemplate":"https:\/\/zapateneo.net\/wordpress\/?s={search_term_string}"},"query-input":{"@type":"PropertyValueSpecification","valueRequired":true,"valueName":"search_term_string"}}],"inLanguage":"es"},{"@type":"Organization","@id":"https:\/\/zapateneo.net\/wordpress\/#organization","name":"Zapateneo Kultur Elkartea","url":"https:\/\/zapateneo.net\/wordpress\/","logo":{"@type":"ImageObject","inLanguage":"es","@id":"https:\/\/zapateneo.net\/wordpress\/#\/schema\/logo\/image\/","url":"https:\/\/zapateneo.net\/wordpress\/wp-content\/uploads\/2021\/04\/zap-libu-kolec.jpg","contentUrl":"https:\/\/zapateneo.net\/wordpress\/wp-content\/uploads\/2021\/04\/zap-libu-kolec.jpg","width":2234,"height":398,"caption":"Zapateneo Kultur Elkartea"},"image":{"@id":"https:\/\/zapateneo.net\/wordpress\/#\/schema\/logo\/image\/"},"sameAs":["https:\/\/x.com\/zapateneo"]}]}},"_links":{"self":[{"href":"https:\/\/zapateneo.net\/wordpress\/index.php\/wp-json\/wp\/v2\/product\/5289","targetHints":{"allow":["GET"]}}],"collection":[{"href":"https:\/\/zapateneo.net\/wordpress\/index.php\/wp-json\/wp\/v2\/product"}],"about":[{"href":"https:\/\/zapateneo.net\/wordpress\/index.php\/wp-json\/wp\/v2\/types\/product"}],"wp:featuredmedia":[{"embeddable":true,"href":"https:\/\/zapateneo.net\/wordpress\/index.php\/wp-json\/wp\/v2\/media\/5335"}],"wp:attachment":[{"href":"https:\/\/zapateneo.net\/wordpress\/index.php\/wp-json\/wp\/v2\/media?parent=5289"}],"wp:term":[{"taxonomy":"product_brand","embeddable":true,"href":"https:\/\/zapateneo.net\/wordpress\/index.php\/wp-json\/wp\/v2\/product_brand?post=5289"},{"taxonomy":"product_cat","embeddable":true,"href":"https:\/\/zapateneo.net\/wordpress\/index.php\/wp-json\/wp\/v2\/product_cat?post=5289"},{"taxonomy":"product_tag","embeddable":true,"href":"https:\/\/zapateneo.net\/wordpress\/index.php\/wp-json\/wp\/v2\/product_tag?post=5289"}],"curies":[{"name":"wp","href":"https:\/\/api.w.org\/{rel}","templated":true}]}}