{"id":5287,"date":"2021-04-08T17:00:47","date_gmt":"2021-04-08T16:00:47","guid":{"rendered":"https:\/\/zapateneo.net\/wordpress\/?post_type=product&#038;p=5287"},"modified":"2023-04-12T17:50:25","modified_gmt":"2023-04-12T16:50:25","slug":"la-bala-y-la-palabra-francisco-ascaso-1901-1936-vida-accidental-de-un-anarquista","status":"publish","type":"product","link":"https:\/\/zapateneo.net\/wordpress\/index.php\/producto\/la-bala-y-la-palabra-francisco-ascaso-1901-1936-vida-accidental-de-un-anarquista\/","title":{"rendered":"La bala y la palabra: Francisco Ascaso (1901-1936). Vida accidental de un anarquista"},"content":{"rendered":"<p>Francisco Ascaso, sin ning\u00fan g\u00e9nero de dudas, una de las m\u00e1s renombradas, y, a la vez, menos conocidas figuras del universo libertario ib\u00e9rico.<br \/>\nLa informaci\u00f3n sobre su apasionante y desconocida vida siempre ha estado reducida a los escasos y contradictorios datos que pueden entresacarse de las autobiograf\u00edas raramente objetivas de sus compa\u00f1eros de militancia.<br \/>\nEntr\u00f3 en contacto con el poderoso ideario \u00e1crata en la ciudad de Zaragoza, donde fue encarcelado injustamente durante dos a\u00f1os por el asesinato de un periodista en el que no tuvo ninguna participaci\u00f3n.<br \/>\nUna vez en libertad se tom\u00f3 la revancha cuando, ya formando en las filas de Los Solidarios, acab\u00f3 con la vida del cardenal Juan Soldevila, basti\u00f3n de las posturas ultraconservadoras en el seno de la Iglesia espa\u00f1ola.<br \/>\nDetenido al cabo de pocos d\u00edas se fug\u00f3 de la c\u00e1rcel y busc\u00f3 refugio en Francia, pa\u00eds desde el que, junto a Durruti y otros compa\u00f1eros, atraves\u00f3 el Atl\u00e1ntico para emprender un incre\u00edble periplo que a trav\u00e9s de media Am\u00e9rica les llevar\u00eda desde Cuba hasta Argentina, actuando por un igual como agitadores de masas o como expropiadores de bancos.<br \/>\nDe vuelta a Francia, un intento fallido para acabar con la vida de Alfonso XIII les llev\u00f3 a dar con sus huesos en Bruselas, deportados por las autoridades galas tras un tortuoso proceso judicial que no pudo imponerse a una impresionante campa\u00f1a internacional de apoyo.<br \/>\nFrancisco regres\u00f3 a la nueva Espa\u00f1a republicana convertido en una figura pol\u00edtica de primer orden y durante esos a\u00f1os compagin\u00f3 su trabajo en el grupo Nosotros con su cargo de secretario general del Comit\u00e9 Regional de Catalu\u00f1a de la CNT.<br \/>\nSu faceta p\u00fablica nunca le impuls\u00f3 a renunciar a su papel como hombre de acci\u00f3n y no dud\u00f3 en implicarse a fondo en las insurrecciones de enero y diciembre de 1933.<br \/>\nLas autoridades no perdonaron su presente ni olvidaron su pasado, por lo que fue v\u00edctima de torturas, c\u00e1rcel y hasta deportaci\u00f3n en las colonias africanas.<br \/>\nMuri\u00f3 el 20 de julio de 1936 cuando luchaba al frente del pueblo en armas ante el cuartel de Atarazanas, el \u00faltimo obst\u00e1culo que le separaba de la victoria y del inicio de la Revoluci\u00f3n por la que tanto hab\u00eda entregado desde su primera juventud.<br \/>\nEste trabajo, primera monograf\u00eda extensa sobre la formidable aventura de su vida, saca a la luz nuevos detalles en torno a su figura, resuelve algunas contradicciones historiogr\u00e1ficas y arroja luz sobre una personalidad digna del mejor gui\u00f3n cinematrogr\u00e1fico.<\/p>\n","protected":false},"excerpt":{"rendered":"<p><strong>Lu\u00eds Antonio Palacio y Kike Garc\u00eda Franc\u00e9s<\/strong><br \/>\n9788494171291 &#8211; Malatesta &#8211; 2018 &#8211; 454 p\u00e1ginas \/orri.<\/p>\n","protected":false},"featured_media":5333,"template":"","meta":[],"product_brand":[],"product_cat":[185,16],"product_tag":[6142,125,6141],"class_list":{"0":"post-5287","1":"product","2":"type-product","3":"status-publish","4":"has-post-thumbnail","6":"product_cat-historia","7":"product_cat-libros","8":"product_tag-kike-garcia-frances","9":"product_tag-la-malatesta","10":"product_tag-luis-antonio-palacio","12":"first","13":"outofstock","14":"sold-individually","15":"shipping-taxable","16":"purchasable","17":"product-type-simple"},"yoast_head":"<!-- This site is optimized with the Yoast SEO plugin v27.3 - https:\/\/yoast.com\/product\/yoast-seo-wordpress\/ -->\n<title>La bala y la palabra: Francisco Ascaso (1901-1936). Vida accidental de un anarquista &#8212; Zapateneo<\/title>\n<meta name=\"robots\" content=\"index, follow, max-snippet:-1, max-image-preview:large, max-video-preview:-1\" \/>\n<link rel=\"canonical\" href=\"https:\/\/zapateneo.net\/wordpress\/index.php\/producto\/la-bala-y-la-palabra-francisco-ascaso-1901-1936-vida-accidental-de-un-anarquista\/\" \/>\n<meta property=\"og:locale\" content=\"es_ES\" \/>\n<meta property=\"og:type\" content=\"article\" \/>\n<meta property=\"og:title\" content=\"La bala y la palabra: Francisco Ascaso (1901-1936). Vida accidental de un anarquista &#8212; Zapateneo\" \/>\n<meta property=\"og:description\" content=\"Lu\u00eds Antonio Palacio y Kike Garc\u00eda Franc\u00e9s 9788494171291 - Malatesta - 2018 - 454 p\u00e1ginas \/orri.\" \/>\n<meta property=\"og:url\" content=\"https:\/\/zapateneo.net\/wordpress\/index.php\/producto\/la-bala-y-la-palabra-francisco-ascaso-1901-1936-vida-accidental-de-un-anarquista\/\" \/>\n<meta property=\"og:site_name\" content=\"Zapateneo\" \/>\n<meta property=\"article:modified_time\" content=\"2023-04-12T16:50:25+00:00\" \/>\n<meta property=\"og:image\" content=\"https:\/\/zapateneo.net\/wordpress\/wp-content\/uploads\/2021\/04\/la-bala-y-la-palabra.png\" \/>\n\t<meta property=\"og:image:width\" content=\"282\" \/>\n\t<meta property=\"og:image:height\" content=\"400\" \/>\n\t<meta property=\"og:image:type\" content=\"image\/png\" \/>\n<meta name=\"twitter:card\" content=\"summary_large_image\" \/>\n<meta name=\"twitter:site\" content=\"@zapateneo\" \/>\n<meta name=\"twitter:label1\" content=\"Tiempo de lectura\" \/>\n\t<meta name=\"twitter:data1\" content=\"2 minutos\" \/>\n<script type=\"application\/ld+json\" class=\"yoast-schema-graph\">{\"@context\":\"https:\\\/\\\/schema.org\",\"@graph\":[{\"@type\":\"WebPage\",\"@id\":\"https:\\\/\\\/zapateneo.net\\\/wordpress\\\/index.php\\\/producto\\\/la-bala-y-la-palabra-francisco-ascaso-1901-1936-vida-accidental-de-un-anarquista\\\/\",\"url\":\"https:\\\/\\\/zapateneo.net\\\/wordpress\\\/index.php\\\/producto\\\/la-bala-y-la-palabra-francisco-ascaso-1901-1936-vida-accidental-de-un-anarquista\\\/\",\"name\":\"La bala y la palabra: Francisco Ascaso (1901-1936). Vida accidental de un anarquista &#8212; Zapateneo\",\"isPartOf\":{\"@id\":\"https:\\\/\\\/zapateneo.net\\\/wordpress\\\/#website\"},\"primaryImageOfPage\":{\"@id\":\"https:\\\/\\\/zapateneo.net\\\/wordpress\\\/index.php\\\/producto\\\/la-bala-y-la-palabra-francisco-ascaso-1901-1936-vida-accidental-de-un-anarquista\\\/#primaryimage\"},\"image\":{\"@id\":\"https:\\\/\\\/zapateneo.net\\\/wordpress\\\/index.php\\\/producto\\\/la-bala-y-la-palabra-francisco-ascaso-1901-1936-vida-accidental-de-un-anarquista\\\/#primaryimage\"},\"thumbnailUrl\":\"https:\\\/\\\/zapateneo.net\\\/wordpress\\\/wp-content\\\/uploads\\\/2021\\\/04\\\/la-bala-y-la-palabra.png\",\"datePublished\":\"2021-04-08T16:00:47+00:00\",\"dateModified\":\"2023-04-12T16:50:25+00:00\",\"breadcrumb\":{\"@id\":\"https:\\\/\\\/zapateneo.net\\\/wordpress\\\/index.php\\\/producto\\\/la-bala-y-la-palabra-francisco-ascaso-1901-1936-vida-accidental-de-un-anarquista\\\/#breadcrumb\"},\"inLanguage\":\"es\",\"potentialAction\":[{\"@type\":\"ReadAction\",\"target\":[\"https:\\\/\\\/zapateneo.net\\\/wordpress\\\/index.php\\\/producto\\\/la-bala-y-la-palabra-francisco-ascaso-1901-1936-vida-accidental-de-un-anarquista\\\/\"]}]},{\"@type\":\"ImageObject\",\"inLanguage\":\"es\",\"@id\":\"https:\\\/\\\/zapateneo.net\\\/wordpress\\\/index.php\\\/producto\\\/la-bala-y-la-palabra-francisco-ascaso-1901-1936-vida-accidental-de-un-anarquista\\\/#primaryimage\",\"url\":\"https:\\\/\\\/zapateneo.net\\\/wordpress\\\/wp-content\\\/uploads\\\/2021\\\/04\\\/la-bala-y-la-palabra.png\",\"contentUrl\":\"https:\\\/\\\/zapateneo.net\\\/wordpress\\\/wp-content\\\/uploads\\\/2021\\\/04\\\/la-bala-y-la-palabra.png\",\"width\":282,\"height\":400},{\"@type\":\"BreadcrumbList\",\"@id\":\"https:\\\/\\\/zapateneo.net\\\/wordpress\\\/index.php\\\/producto\\\/la-bala-y-la-palabra-francisco-ascaso-1901-1936-vida-accidental-de-un-anarquista\\\/#breadcrumb\",\"itemListElement\":[{\"@type\":\"ListItem\",\"position\":1,\"name\":\"Portada\",\"item\":\"https:\\\/\\\/zapateneo.net\\\/wordpress\\\/\"},{\"@type\":\"ListItem\",\"position\":2,\"name\":\"Tienda\",\"item\":\"https:\\\/\\\/zapateneo.net\\\/wordpress\\\/\"},{\"@type\":\"ListItem\",\"position\":3,\"name\":\"La bala y la palabra: Francisco Ascaso (1901-1936). Vida accidental de un anarquista\"}]},{\"@type\":\"WebSite\",\"@id\":\"https:\\\/\\\/zapateneo.net\\\/wordpress\\\/#website\",\"url\":\"https:\\\/\\\/zapateneo.net\\\/wordpress\\\/\",\"name\":\"Zapateneo\",\"description\":\"Zapateneoaren webgunea\",\"publisher\":{\"@id\":\"https:\\\/\\\/zapateneo.net\\\/wordpress\\\/#organization\"},\"potentialAction\":[{\"@type\":\"SearchAction\",\"target\":{\"@type\":\"EntryPoint\",\"urlTemplate\":\"https:\\\/\\\/zapateneo.net\\\/wordpress\\\/?s={search_term_string}\"},\"query-input\":{\"@type\":\"PropertyValueSpecification\",\"valueRequired\":true,\"valueName\":\"search_term_string\"}}],\"inLanguage\":\"es\"},{\"@type\":\"Organization\",\"@id\":\"https:\\\/\\\/zapateneo.net\\\/wordpress\\\/#organization\",\"name\":\"Zapateneo Kultur Elkartea\",\"url\":\"https:\\\/\\\/zapateneo.net\\\/wordpress\\\/\",\"logo\":{\"@type\":\"ImageObject\",\"inLanguage\":\"es\",\"@id\":\"https:\\\/\\\/zapateneo.net\\\/wordpress\\\/#\\\/schema\\\/logo\\\/image\\\/\",\"url\":\"https:\\\/\\\/zapateneo.net\\\/wordpress\\\/wp-content\\\/uploads\\\/2021\\\/04\\\/zap-libu-kolec.jpg\",\"contentUrl\":\"https:\\\/\\\/zapateneo.net\\\/wordpress\\\/wp-content\\\/uploads\\\/2021\\\/04\\\/zap-libu-kolec.jpg\",\"width\":2234,\"height\":398,\"caption\":\"Zapateneo Kultur Elkartea\"},\"image\":{\"@id\":\"https:\\\/\\\/zapateneo.net\\\/wordpress\\\/#\\\/schema\\\/logo\\\/image\\\/\"},\"sameAs\":[\"https:\\\/\\\/x.com\\\/zapateneo\"]}]}<\/script>\n<!-- \/ Yoast SEO plugin. -->","yoast_head_json":{"title":"La bala y la palabra: Francisco Ascaso (1901-1936). Vida accidental de un anarquista &#8212; Zapateneo","robots":{"index":"index","follow":"follow","max-snippet":"max-snippet:-1","max-image-preview":"max-image-preview:large","max-video-preview":"max-video-preview:-1"},"canonical":"https:\/\/zapateneo.net\/wordpress\/index.php\/producto\/la-bala-y-la-palabra-francisco-ascaso-1901-1936-vida-accidental-de-un-anarquista\/","og_locale":"es_ES","og_type":"article","og_title":"La bala y la palabra: Francisco Ascaso (1901-1936). Vida accidental de un anarquista &#8212; Zapateneo","og_description":"Lu\u00eds Antonio Palacio y Kike Garc\u00eda Franc\u00e9s 9788494171291 - Malatesta - 2018 - 454 p\u00e1ginas \/orri.","og_url":"https:\/\/zapateneo.net\/wordpress\/index.php\/producto\/la-bala-y-la-palabra-francisco-ascaso-1901-1936-vida-accidental-de-un-anarquista\/","og_site_name":"Zapateneo","article_modified_time":"2023-04-12T16:50:25+00:00","og_image":[{"width":282,"height":400,"url":"https:\/\/zapateneo.net\/wordpress\/wp-content\/uploads\/2021\/04\/la-bala-y-la-palabra.png","type":"image\/png"}],"twitter_card":"summary_large_image","twitter_site":"@zapateneo","twitter_misc":{"Tiempo de lectura":"2 minutos"},"schema":{"@context":"https:\/\/schema.org","@graph":[{"@type":"WebPage","@id":"https:\/\/zapateneo.net\/wordpress\/index.php\/producto\/la-bala-y-la-palabra-francisco-ascaso-1901-1936-vida-accidental-de-un-anarquista\/","url":"https:\/\/zapateneo.net\/wordpress\/index.php\/producto\/la-bala-y-la-palabra-francisco-ascaso-1901-1936-vida-accidental-de-un-anarquista\/","name":"La bala y la palabra: Francisco Ascaso (1901-1936). Vida accidental de un anarquista &#8212; Zapateneo","isPartOf":{"@id":"https:\/\/zapateneo.net\/wordpress\/#website"},"primaryImageOfPage":{"@id":"https:\/\/zapateneo.net\/wordpress\/index.php\/producto\/la-bala-y-la-palabra-francisco-ascaso-1901-1936-vida-accidental-de-un-anarquista\/#primaryimage"},"image":{"@id":"https:\/\/zapateneo.net\/wordpress\/index.php\/producto\/la-bala-y-la-palabra-francisco-ascaso-1901-1936-vida-accidental-de-un-anarquista\/#primaryimage"},"thumbnailUrl":"https:\/\/zapateneo.net\/wordpress\/wp-content\/uploads\/2021\/04\/la-bala-y-la-palabra.png","datePublished":"2021-04-08T16:00:47+00:00","dateModified":"2023-04-12T16:50:25+00:00","breadcrumb":{"@id":"https:\/\/zapateneo.net\/wordpress\/index.php\/producto\/la-bala-y-la-palabra-francisco-ascaso-1901-1936-vida-accidental-de-un-anarquista\/#breadcrumb"},"inLanguage":"es","potentialAction":[{"@type":"ReadAction","target":["https:\/\/zapateneo.net\/wordpress\/index.php\/producto\/la-bala-y-la-palabra-francisco-ascaso-1901-1936-vida-accidental-de-un-anarquista\/"]}]},{"@type":"ImageObject","inLanguage":"es","@id":"https:\/\/zapateneo.net\/wordpress\/index.php\/producto\/la-bala-y-la-palabra-francisco-ascaso-1901-1936-vida-accidental-de-un-anarquista\/#primaryimage","url":"https:\/\/zapateneo.net\/wordpress\/wp-content\/uploads\/2021\/04\/la-bala-y-la-palabra.png","contentUrl":"https:\/\/zapateneo.net\/wordpress\/wp-content\/uploads\/2021\/04\/la-bala-y-la-palabra.png","width":282,"height":400},{"@type":"BreadcrumbList","@id":"https:\/\/zapateneo.net\/wordpress\/index.php\/producto\/la-bala-y-la-palabra-francisco-ascaso-1901-1936-vida-accidental-de-un-anarquista\/#breadcrumb","itemListElement":[{"@type":"ListItem","position":1,"name":"Portada","item":"https:\/\/zapateneo.net\/wordpress\/"},{"@type":"ListItem","position":2,"name":"Tienda","item":"https:\/\/zapateneo.net\/wordpress\/"},{"@type":"ListItem","position":3,"name":"La bala y la palabra: Francisco Ascaso (1901-1936). Vida accidental de un anarquista"}]},{"@type":"WebSite","@id":"https:\/\/zapateneo.net\/wordpress\/#website","url":"https:\/\/zapateneo.net\/wordpress\/","name":"Zapateneo","description":"Zapateneoaren webgunea","publisher":{"@id":"https:\/\/zapateneo.net\/wordpress\/#organization"},"potentialAction":[{"@type":"SearchAction","target":{"@type":"EntryPoint","urlTemplate":"https:\/\/zapateneo.net\/wordpress\/?s={search_term_string}"},"query-input":{"@type":"PropertyValueSpecification","valueRequired":true,"valueName":"search_term_string"}}],"inLanguage":"es"},{"@type":"Organization","@id":"https:\/\/zapateneo.net\/wordpress\/#organization","name":"Zapateneo Kultur Elkartea","url":"https:\/\/zapateneo.net\/wordpress\/","logo":{"@type":"ImageObject","inLanguage":"es","@id":"https:\/\/zapateneo.net\/wordpress\/#\/schema\/logo\/image\/","url":"https:\/\/zapateneo.net\/wordpress\/wp-content\/uploads\/2021\/04\/zap-libu-kolec.jpg","contentUrl":"https:\/\/zapateneo.net\/wordpress\/wp-content\/uploads\/2021\/04\/zap-libu-kolec.jpg","width":2234,"height":398,"caption":"Zapateneo Kultur Elkartea"},"image":{"@id":"https:\/\/zapateneo.net\/wordpress\/#\/schema\/logo\/image\/"},"sameAs":["https:\/\/x.com\/zapateneo"]}]}},"_links":{"self":[{"href":"https:\/\/zapateneo.net\/wordpress\/index.php\/wp-json\/wp\/v2\/product\/5287","targetHints":{"allow":["GET"]}}],"collection":[{"href":"https:\/\/zapateneo.net\/wordpress\/index.php\/wp-json\/wp\/v2\/product"}],"about":[{"href":"https:\/\/zapateneo.net\/wordpress\/index.php\/wp-json\/wp\/v2\/types\/product"}],"wp:featuredmedia":[{"embeddable":true,"href":"https:\/\/zapateneo.net\/wordpress\/index.php\/wp-json\/wp\/v2\/media\/5333"}],"wp:attachment":[{"href":"https:\/\/zapateneo.net\/wordpress\/index.php\/wp-json\/wp\/v2\/media?parent=5287"}],"wp:term":[{"taxonomy":"product_brand","embeddable":true,"href":"https:\/\/zapateneo.net\/wordpress\/index.php\/wp-json\/wp\/v2\/product_brand?post=5287"},{"taxonomy":"product_cat","embeddable":true,"href":"https:\/\/zapateneo.net\/wordpress\/index.php\/wp-json\/wp\/v2\/product_cat?post=5287"},{"taxonomy":"product_tag","embeddable":true,"href":"https:\/\/zapateneo.net\/wordpress\/index.php\/wp-json\/wp\/v2\/product_tag?post=5287"}],"curies":[{"name":"wp","href":"https:\/\/api.w.org\/{rel}","templated":true}]}}