{"id":5285,"date":"2021-04-08T17:00:46","date_gmt":"2021-04-08T16:00:46","guid":{"rendered":"https:\/\/zapateneo.net\/wordpress\/?post_type=product&#038;p=5285"},"modified":"2021-04-08T17:01:25","modified_gmt":"2021-04-08T16:01:25","slug":"la-represion-contra-la-cnt-y-los-revolucionarios-hambre-y-violencia-en-la-barcelona-revolucionaria","status":"publish","type":"product","link":"https:\/\/zapateneo.net\/wordpress\/index.php\/producto\/la-represion-contra-la-cnt-y-los-revolucionarios-hambre-y-violencia-en-la-barcelona-revolucionaria\/","title":{"rendered":"LA REPRESI\u00d3N CONTRA LA CNT Y LOS REVOLUCIONARIOS. HAMBRE Y VIOLENCIA EN LA BARCELONA REVOLUCIONARIA"},"content":{"rendered":"<p>Durante las sangrientas jornadas de mayo de 1937 los comit\u00e9s revolucionarios desbordaron a los comit\u00e9s superiores cenetistas. La insurrecci\u00f3n de los trabajadores no fue derrotada militarmente, sino pol\u00edticamente, cuando los l\u00edderes anarcosindicalistas dieron la orden de alto el fuego.<\/p>\n<p>El hambre y el desarme eran los dos objetivos necesarios para el inicio del proceso contrarrevolucionario, que desencaden\u00f3 toda su fuerza represiva contra los militantes cenetistas y las minor\u00edas revolucionarias en el verano de 1937.<\/p>\n<p>La represi\u00f3n de los estalinistas y de \u00a1ajusticia republicana fue de car\u00e1cter SELECTIVO: intent\u00f3 integrar a los comit\u00e9s superiores en el aparato estatal, al mismo tiempo que desencadenaba una feroz represi\u00f3n contra los revolucionarios y encarcelaba a los dirigentes que hab\u00edan tenido cargos de responsabilidad en Orden P\u00fablico.<\/p>\n<p>Esa represi\u00f3n del anarcosindicalismo fue acompa\u00f1ada por una actitud pasiva de los comit\u00e9s superiores, que optaron por una defensa individual y jur\u00eddica de los presos, en lugar de una defensa colectiva y pol\u00edtica. Los millares de presos anarcosindicalistas exigieron a los comit\u00e9s superiores un mayor compromiso y solidaridad, que s\u00f3lo consigui\u00f3 una campa\u00f1a de prensa clandestina en favor de los presos, sin renunciar nunca al colaboracionismo. Los presos cenetistas anunciaron una huelga de hambre para obtener esa solidaridad, denegada al principio por los comit\u00e9s superiores en nombre de la lealtad institucional al gobierno De la violencia revolucionaria de los comit\u00e9s contra la burgues\u00eda y los fascistas, caracter\u00edstica de julio de 7 936, se hab\u00eda pasado a la violencia represiva de las fuerzas burguesas del orden capitalista y de \u00a1ajusticia republicana contra la CNT y los revolucionarios. En el seno de la CNT esa represi\u00f3n de la oposici\u00f3n revolucionaria interna era simult\u00e1nea a la integraci\u00f3n de los comit\u00e9s superiores en el aparato estatal. No se trataba de ninguna &#8216;traici\u00f3n\u00bb de los dirigentes, sino de las dos vertientes necesarias y complementarias de un mismo proceso contrarrevolucionario: represi\u00f3n y persecuci\u00f3n de los revolucionarios e institucionalizaci\u00f3n de los comit\u00e9s superiores.<\/p>\n<p>El orden p\u00fablico burgu\u00e9s se fundamentaba en la unidad antifascista de todas las organizaciones, con el objetivo \u00fanico de ganar la guerra. Ese objetivo supon\u00eda la plena sumisi\u00f3n de la CNT a un Estado fuerte, as\u00ed como la extensi\u00f3n de la militarizaci\u00f3n al trabajo, a la econom\u00eda y a todas las relaciones sociales y pol\u00edticas.<\/p>\n<p>En junio de 1937 se cre\u00f3 la CAP, recuperaci\u00f3n de un ejecutivo fuerte y \u00e1gil de la CNT (como hab\u00eda sido el Comit\u00e9 de comit\u00e9s de julio de 1936) capaz de impedir un nuevo desbordamiento de la militancia, como hab\u00eda sucedido en mayo. Juan Garc\u00eda Oliver y los comit\u00e9s superiores repitieron el 20 de septiembre de 1937 su papel de bomberos e impidieron la resistencia contra el asalto del PSUC y las fuerzas de orden de la Generalidad al edificio de los Escolapios, sede del sindicato de la alimentaci\u00f3n, de diversos grupos anarquistas y del \u00faltimo comit\u00e9 de defensa de barriada a\u00fan existente.<\/p>\n<p>En octubre de 1937 la guerra y la constante dejaci\u00f3n de principios hab\u00edan devorado ya a la revoluci\u00f3n.<\/p>\n","protected":false},"excerpt":{"rendered":"<p><strong>GUILLAM\u00d3N IBORRA, AGUST\u00cdN<\/strong><br \/>\n978-84-16553-10-5 &#8211; Descontrol &#8211; 2015 &#8211; 485 p\u00e1ginas \/orri.<\/p>\n","protected":false},"featured_media":5331,"template":"","meta":[],"product_brand":[],"product_cat":[185,16],"product_tag":[53,3403],"class_list":{"0":"post-5285","1":"product","2":"type-product","3":"status-publish","4":"has-post-thumbnail","6":"product_cat-historia","7":"product_cat-libros","8":"product_tag-descontrol","9":"product_tag-guillamon-iborra","11":"first","12":"instock","13":"sold-individually","14":"shipping-taxable","15":"purchasable","16":"product-type-simple"},"yoast_head":"<!-- This site is optimized with the Yoast SEO plugin v27.4 - https:\/\/yoast.com\/product\/yoast-seo-wordpress\/ -->\n<title>LA REPRESI\u00d3N CONTRA LA CNT Y LOS REVOLUCIONARIOS. HAMBRE Y VIOLENCIA EN LA BARCELONA REVOLUCIONARIA &#8212; Zapateneo<\/title>\n<meta name=\"robots\" content=\"index, follow, max-snippet:-1, max-image-preview:large, max-video-preview:-1\" \/>\n<link rel=\"canonical\" href=\"https:\/\/zapateneo.net\/wordpress\/index.php\/producto\/la-represion-contra-la-cnt-y-los-revolucionarios-hambre-y-violencia-en-la-barcelona-revolucionaria\/\" \/>\n<meta property=\"og:locale\" content=\"es_ES\" \/>\n<meta property=\"og:type\" content=\"article\" \/>\n<meta property=\"og:title\" content=\"LA REPRESI\u00d3N CONTRA LA CNT Y LOS REVOLUCIONARIOS. HAMBRE Y VIOLENCIA EN LA BARCELONA REVOLUCIONARIA &#8212; Zapateneo\" \/>\n<meta property=\"og:description\" content=\"GUILLAM\u00d3N IBORRA, AGUST\u00cdN 978-84-16553-10-5 - Descontrol - 2015 - 485 p\u00e1ginas \/orri.\" \/>\n<meta property=\"og:url\" content=\"https:\/\/zapateneo.net\/wordpress\/index.php\/producto\/la-represion-contra-la-cnt-y-los-revolucionarios-hambre-y-violencia-en-la-barcelona-revolucionaria\/\" \/>\n<meta property=\"og:site_name\" content=\"Zapateneo\" \/>\n<meta property=\"article:modified_time\" content=\"2021-04-08T16:01:25+00:00\" \/>\n<meta property=\"og:image\" content=\"https:\/\/zapateneo.net\/wordpress\/wp-content\/uploads\/2021\/04\/la_represion.gif\" \/>\n\t<meta property=\"og:image:width\" content=\"201\" \/>\n\t<meta property=\"og:image:height\" content=\"315\" \/>\n\t<meta property=\"og:image:type\" content=\"image\/gif\" \/>\n<meta name=\"twitter:card\" content=\"summary_large_image\" \/>\n<meta name=\"twitter:site\" content=\"@zapateneo\" \/>\n<meta name=\"twitter:label1\" content=\"Tiempo de lectura\" \/>\n\t<meta name=\"twitter:data1\" content=\"3 minutos\" \/>\n<script type=\"application\/ld+json\" class=\"yoast-schema-graph\">{\"@context\":\"https:\\\/\\\/schema.org\",\"@graph\":[{\"@type\":\"WebPage\",\"@id\":\"https:\\\/\\\/zapateneo.net\\\/wordpress\\\/index.php\\\/producto\\\/la-represion-contra-la-cnt-y-los-revolucionarios-hambre-y-violencia-en-la-barcelona-revolucionaria\\\/\",\"url\":\"https:\\\/\\\/zapateneo.net\\\/wordpress\\\/index.php\\\/producto\\\/la-represion-contra-la-cnt-y-los-revolucionarios-hambre-y-violencia-en-la-barcelona-revolucionaria\\\/\",\"name\":\"LA REPRESI\u00d3N CONTRA LA CNT Y LOS REVOLUCIONARIOS. HAMBRE Y VIOLENCIA EN LA BARCELONA REVOLUCIONARIA &#8212; Zapateneo\",\"isPartOf\":{\"@id\":\"https:\\\/\\\/zapateneo.net\\\/wordpress\\\/#website\"},\"primaryImageOfPage\":{\"@id\":\"https:\\\/\\\/zapateneo.net\\\/wordpress\\\/index.php\\\/producto\\\/la-represion-contra-la-cnt-y-los-revolucionarios-hambre-y-violencia-en-la-barcelona-revolucionaria\\\/#primaryimage\"},\"image\":{\"@id\":\"https:\\\/\\\/zapateneo.net\\\/wordpress\\\/index.php\\\/producto\\\/la-represion-contra-la-cnt-y-los-revolucionarios-hambre-y-violencia-en-la-barcelona-revolucionaria\\\/#primaryimage\"},\"thumbnailUrl\":\"https:\\\/\\\/zapateneo.net\\\/wordpress\\\/wp-content\\\/uploads\\\/2021\\\/04\\\/la_represion.gif\",\"datePublished\":\"2021-04-08T16:00:46+00:00\",\"dateModified\":\"2021-04-08T16:01:25+00:00\",\"breadcrumb\":{\"@id\":\"https:\\\/\\\/zapateneo.net\\\/wordpress\\\/index.php\\\/producto\\\/la-represion-contra-la-cnt-y-los-revolucionarios-hambre-y-violencia-en-la-barcelona-revolucionaria\\\/#breadcrumb\"},\"inLanguage\":\"es\",\"potentialAction\":[{\"@type\":\"ReadAction\",\"target\":[\"https:\\\/\\\/zapateneo.net\\\/wordpress\\\/index.php\\\/producto\\\/la-represion-contra-la-cnt-y-los-revolucionarios-hambre-y-violencia-en-la-barcelona-revolucionaria\\\/\"]}]},{\"@type\":\"ImageObject\",\"inLanguage\":\"es\",\"@id\":\"https:\\\/\\\/zapateneo.net\\\/wordpress\\\/index.php\\\/producto\\\/la-represion-contra-la-cnt-y-los-revolucionarios-hambre-y-violencia-en-la-barcelona-revolucionaria\\\/#primaryimage\",\"url\":\"https:\\\/\\\/zapateneo.net\\\/wordpress\\\/wp-content\\\/uploads\\\/2021\\\/04\\\/la_represion.gif\",\"contentUrl\":\"https:\\\/\\\/zapateneo.net\\\/wordpress\\\/wp-content\\\/uploads\\\/2021\\\/04\\\/la_represion.gif\",\"width\":201,\"height\":315},{\"@type\":\"BreadcrumbList\",\"@id\":\"https:\\\/\\\/zapateneo.net\\\/wordpress\\\/index.php\\\/producto\\\/la-represion-contra-la-cnt-y-los-revolucionarios-hambre-y-violencia-en-la-barcelona-revolucionaria\\\/#breadcrumb\",\"itemListElement\":[{\"@type\":\"ListItem\",\"position\":1,\"name\":\"Portada\",\"item\":\"https:\\\/\\\/zapateneo.net\\\/wordpress\\\/\"},{\"@type\":\"ListItem\",\"position\":2,\"name\":\"Tienda\",\"item\":\"https:\\\/\\\/zapateneo.net\\\/wordpress\\\/\"},{\"@type\":\"ListItem\",\"position\":3,\"name\":\"LA REPRESI\u00d3N CONTRA LA CNT Y LOS REVOLUCIONARIOS. HAMBRE Y VIOLENCIA EN LA BARCELONA REVOLUCIONARIA\"}]},{\"@type\":\"WebSite\",\"@id\":\"https:\\\/\\\/zapateneo.net\\\/wordpress\\\/#website\",\"url\":\"https:\\\/\\\/zapateneo.net\\\/wordpress\\\/\",\"name\":\"Zapateneo\",\"description\":\"Zapateneoaren webgunea\",\"publisher\":{\"@id\":\"https:\\\/\\\/zapateneo.net\\\/wordpress\\\/#organization\"},\"potentialAction\":[{\"@type\":\"SearchAction\",\"target\":{\"@type\":\"EntryPoint\",\"urlTemplate\":\"https:\\\/\\\/zapateneo.net\\\/wordpress\\\/?s={search_term_string}\"},\"query-input\":{\"@type\":\"PropertyValueSpecification\",\"valueRequired\":true,\"valueName\":\"search_term_string\"}}],\"inLanguage\":\"es\"},{\"@type\":\"Organization\",\"@id\":\"https:\\\/\\\/zapateneo.net\\\/wordpress\\\/#organization\",\"name\":\"Zapateneo Kultur Elkartea\",\"url\":\"https:\\\/\\\/zapateneo.net\\\/wordpress\\\/\",\"logo\":{\"@type\":\"ImageObject\",\"inLanguage\":\"es\",\"@id\":\"https:\\\/\\\/zapateneo.net\\\/wordpress\\\/#\\\/schema\\\/logo\\\/image\\\/\",\"url\":\"https:\\\/\\\/zapateneo.net\\\/wordpress\\\/wp-content\\\/uploads\\\/2021\\\/04\\\/zap-libu-kolec.jpg\",\"contentUrl\":\"https:\\\/\\\/zapateneo.net\\\/wordpress\\\/wp-content\\\/uploads\\\/2021\\\/04\\\/zap-libu-kolec.jpg\",\"width\":2234,\"height\":398,\"caption\":\"Zapateneo Kultur Elkartea\"},\"image\":{\"@id\":\"https:\\\/\\\/zapateneo.net\\\/wordpress\\\/#\\\/schema\\\/logo\\\/image\\\/\"},\"sameAs\":[\"https:\\\/\\\/x.com\\\/zapateneo\"]}]}<\/script>\n<!-- \/ Yoast SEO plugin. -->","yoast_head_json":{"title":"LA REPRESI\u00d3N CONTRA LA CNT Y LOS REVOLUCIONARIOS. HAMBRE Y VIOLENCIA EN LA BARCELONA REVOLUCIONARIA &#8212; Zapateneo","robots":{"index":"index","follow":"follow","max-snippet":"max-snippet:-1","max-image-preview":"max-image-preview:large","max-video-preview":"max-video-preview:-1"},"canonical":"https:\/\/zapateneo.net\/wordpress\/index.php\/producto\/la-represion-contra-la-cnt-y-los-revolucionarios-hambre-y-violencia-en-la-barcelona-revolucionaria\/","og_locale":"es_ES","og_type":"article","og_title":"LA REPRESI\u00d3N CONTRA LA CNT Y LOS REVOLUCIONARIOS. HAMBRE Y VIOLENCIA EN LA BARCELONA REVOLUCIONARIA &#8212; Zapateneo","og_description":"GUILLAM\u00d3N IBORRA, AGUST\u00cdN 978-84-16553-10-5 - Descontrol - 2015 - 485 p\u00e1ginas \/orri.","og_url":"https:\/\/zapateneo.net\/wordpress\/index.php\/producto\/la-represion-contra-la-cnt-y-los-revolucionarios-hambre-y-violencia-en-la-barcelona-revolucionaria\/","og_site_name":"Zapateneo","article_modified_time":"2021-04-08T16:01:25+00:00","og_image":[{"width":201,"height":315,"url":"https:\/\/zapateneo.net\/wordpress\/wp-content\/uploads\/2021\/04\/la_represion.gif","type":"image\/gif"}],"twitter_card":"summary_large_image","twitter_site":"@zapateneo","twitter_misc":{"Tiempo de lectura":"3 minutos"},"schema":{"@context":"https:\/\/schema.org","@graph":[{"@type":"WebPage","@id":"https:\/\/zapateneo.net\/wordpress\/index.php\/producto\/la-represion-contra-la-cnt-y-los-revolucionarios-hambre-y-violencia-en-la-barcelona-revolucionaria\/","url":"https:\/\/zapateneo.net\/wordpress\/index.php\/producto\/la-represion-contra-la-cnt-y-los-revolucionarios-hambre-y-violencia-en-la-barcelona-revolucionaria\/","name":"LA REPRESI\u00d3N CONTRA LA CNT Y LOS REVOLUCIONARIOS. HAMBRE Y VIOLENCIA EN LA BARCELONA REVOLUCIONARIA &#8212; Zapateneo","isPartOf":{"@id":"https:\/\/zapateneo.net\/wordpress\/#website"},"primaryImageOfPage":{"@id":"https:\/\/zapateneo.net\/wordpress\/index.php\/producto\/la-represion-contra-la-cnt-y-los-revolucionarios-hambre-y-violencia-en-la-barcelona-revolucionaria\/#primaryimage"},"image":{"@id":"https:\/\/zapateneo.net\/wordpress\/index.php\/producto\/la-represion-contra-la-cnt-y-los-revolucionarios-hambre-y-violencia-en-la-barcelona-revolucionaria\/#primaryimage"},"thumbnailUrl":"https:\/\/zapateneo.net\/wordpress\/wp-content\/uploads\/2021\/04\/la_represion.gif","datePublished":"2021-04-08T16:00:46+00:00","dateModified":"2021-04-08T16:01:25+00:00","breadcrumb":{"@id":"https:\/\/zapateneo.net\/wordpress\/index.php\/producto\/la-represion-contra-la-cnt-y-los-revolucionarios-hambre-y-violencia-en-la-barcelona-revolucionaria\/#breadcrumb"},"inLanguage":"es","potentialAction":[{"@type":"ReadAction","target":["https:\/\/zapateneo.net\/wordpress\/index.php\/producto\/la-represion-contra-la-cnt-y-los-revolucionarios-hambre-y-violencia-en-la-barcelona-revolucionaria\/"]}]},{"@type":"ImageObject","inLanguage":"es","@id":"https:\/\/zapateneo.net\/wordpress\/index.php\/producto\/la-represion-contra-la-cnt-y-los-revolucionarios-hambre-y-violencia-en-la-barcelona-revolucionaria\/#primaryimage","url":"https:\/\/zapateneo.net\/wordpress\/wp-content\/uploads\/2021\/04\/la_represion.gif","contentUrl":"https:\/\/zapateneo.net\/wordpress\/wp-content\/uploads\/2021\/04\/la_represion.gif","width":201,"height":315},{"@type":"BreadcrumbList","@id":"https:\/\/zapateneo.net\/wordpress\/index.php\/producto\/la-represion-contra-la-cnt-y-los-revolucionarios-hambre-y-violencia-en-la-barcelona-revolucionaria\/#breadcrumb","itemListElement":[{"@type":"ListItem","position":1,"name":"Portada","item":"https:\/\/zapateneo.net\/wordpress\/"},{"@type":"ListItem","position":2,"name":"Tienda","item":"https:\/\/zapateneo.net\/wordpress\/"},{"@type":"ListItem","position":3,"name":"LA REPRESI\u00d3N CONTRA LA CNT Y LOS REVOLUCIONARIOS. HAMBRE Y VIOLENCIA EN LA BARCELONA REVOLUCIONARIA"}]},{"@type":"WebSite","@id":"https:\/\/zapateneo.net\/wordpress\/#website","url":"https:\/\/zapateneo.net\/wordpress\/","name":"Zapateneo","description":"Zapateneoaren webgunea","publisher":{"@id":"https:\/\/zapateneo.net\/wordpress\/#organization"},"potentialAction":[{"@type":"SearchAction","target":{"@type":"EntryPoint","urlTemplate":"https:\/\/zapateneo.net\/wordpress\/?s={search_term_string}"},"query-input":{"@type":"PropertyValueSpecification","valueRequired":true,"valueName":"search_term_string"}}],"inLanguage":"es"},{"@type":"Organization","@id":"https:\/\/zapateneo.net\/wordpress\/#organization","name":"Zapateneo Kultur Elkartea","url":"https:\/\/zapateneo.net\/wordpress\/","logo":{"@type":"ImageObject","inLanguage":"es","@id":"https:\/\/zapateneo.net\/wordpress\/#\/schema\/logo\/image\/","url":"https:\/\/zapateneo.net\/wordpress\/wp-content\/uploads\/2021\/04\/zap-libu-kolec.jpg","contentUrl":"https:\/\/zapateneo.net\/wordpress\/wp-content\/uploads\/2021\/04\/zap-libu-kolec.jpg","width":2234,"height":398,"caption":"Zapateneo Kultur Elkartea"},"image":{"@id":"https:\/\/zapateneo.net\/wordpress\/#\/schema\/logo\/image\/"},"sameAs":["https:\/\/x.com\/zapateneo"]}]}},"_links":{"self":[{"href":"https:\/\/zapateneo.net\/wordpress\/index.php\/wp-json\/wp\/v2\/product\/5285","targetHints":{"allow":["GET"]}}],"collection":[{"href":"https:\/\/zapateneo.net\/wordpress\/index.php\/wp-json\/wp\/v2\/product"}],"about":[{"href":"https:\/\/zapateneo.net\/wordpress\/index.php\/wp-json\/wp\/v2\/types\/product"}],"wp:featuredmedia":[{"embeddable":true,"href":"https:\/\/zapateneo.net\/wordpress\/index.php\/wp-json\/wp\/v2\/media\/5331"}],"wp:attachment":[{"href":"https:\/\/zapateneo.net\/wordpress\/index.php\/wp-json\/wp\/v2\/media?parent=5285"}],"wp:term":[{"taxonomy":"product_brand","embeddable":true,"href":"https:\/\/zapateneo.net\/wordpress\/index.php\/wp-json\/wp\/v2\/product_brand?post=5285"},{"taxonomy":"product_cat","embeddable":true,"href":"https:\/\/zapateneo.net\/wordpress\/index.php\/wp-json\/wp\/v2\/product_cat?post=5285"},{"taxonomy":"product_tag","embeddable":true,"href":"https:\/\/zapateneo.net\/wordpress\/index.php\/wp-json\/wp\/v2\/product_tag?post=5285"}],"curies":[{"name":"wp","href":"https:\/\/api.w.org\/{rel}","templated":true}]}}