{"id":5283,"date":"2021-04-08T17:00:45","date_gmt":"2021-04-08T16:00:45","guid":{"rendered":"https:\/\/zapateneo.net\/wordpress\/?post_type=product&#038;p=5283"},"modified":"2022-01-05T18:03:18","modified_gmt":"2022-01-05T17:03:18","slug":"la-comuna-de-paris-diario-del-sitio-y-la-comuna-del-paris-1870-1871","status":"publish","type":"product","link":"https:\/\/zapateneo.net\/wordpress\/index.php\/producto\/la-comuna-de-paris-diario-del-sitio-y-la-comuna-del-paris-1870-1871\/","title":{"rendered":"La comuna de Par\u00eds. Diario del sitio y la Comuna del Par\u00eds. 1870 &#8211; 1871"},"content":{"rendered":"<p>Los hermanos Goncourt, Edmond y Jules, crearon algunas de las obras literarias m\u00e1s representativas de la escuela naturalista francesa. Pero tambi\u00e9n, cada noche, en secreto, escribieron al alim\u00f3n sus aclamados Diarios, en los que dejaron constancia de las glorias y miserias de los c\u00edrculos intelectuales y art\u00edsticos del Par\u00eds del siglo xix. En 1870, justo antes del comienzo de la guerra con Prusia, del sitio de Par\u00eds y de la posterior proclamaci\u00f3n de la Comuna, la muerte de Jules obligar\u00eda a Edmond a continuar la tarea en solitario.<\/p>\n<p>En el marco del Par\u00eds revolucionario de 1870 y 1871, ese gran reaccionario que fue Edmond de Goncourt recorri\u00f3 incansablemente las calles, habl\u00f3 con todo el mundo, asisti\u00f3 a reuniones pol\u00edticas, entr\u00f3 en hospitales, atraves\u00f3 fortificaciones, visit\u00f3 barricadas, presenci\u00f3 combates y luego volvi\u00f3 cada noche a su habitaci\u00f3n para forjar algunas de las m\u00e1s bellas p\u00e1ginas que se hayan escrito sobre estos momentos cruciales de la historia, cuya significaci\u00f3n contin\u00faa hoy siendo de tan alta importancia para todos nosotros.<\/p>\n<p>En septiembre de 1870, tras la abrumadora derrota del ej\u00e9rcito franc\u00e9s, las tropas prusianas al mando de Bismarck sitian Par\u00eds. Despu\u00e9s de siete meses, y a pesar de la resistencia y el coraje del pueblo parisino, las autoridades deciden rendir la ciudad a las tropas prusianas en contra de la opini\u00f3n de gran parte de sus habitantes. Es entonces cuando los disturbios de protesta por esta decisi\u00f3n conducen a la proclamaci\u00f3n de la Comuna. El proletariado de Par\u00eds toma el control de la ciudad y pone en marcha uno de los m\u00e1s apasionantes procesos revolucionarios de la historia. Por su parte, el gobierno burgu\u00e9s, refugiado en Versalles, pactar\u00e1 con el enemigo para destruir a la Comuna, cosa que finalmente conseguir\u00e1 y que culminar\u00e1 en la inaudita represi\u00f3n de mayo de 1871, en la que se calcula que fueron ejecutadas unas treinta mil personas entre hombres, mujeres y ni\u00f1os.<\/p>\n","protected":false},"excerpt":{"rendered":"<p><strong>De Goncourt, Edmond<\/strong><br \/>\n9788417386511 &#8211; Pepitas &#8211; 2020 &#8211; 304 p\u00e1ginas \/orri.<\/p>\n","protected":false},"featured_media":5329,"template":"","meta":[],"product_brand":[],"product_cat":[185,16],"product_tag":[3400,47],"class_list":{"0":"post-5283","1":"product","2":"type-product","3":"status-publish","4":"has-post-thumbnail","6":"product_cat-historia","7":"product_cat-libros","8":"product_tag-de-goncourt","9":"product_tag-pepitas-de-calabaza","11":"first","12":"instock","13":"sold-individually","14":"shipping-taxable","15":"purchasable","16":"product-type-simple"},"yoast_head":"<!-- This site is optimized with the Yoast SEO plugin v27.4 - https:\/\/yoast.com\/product\/yoast-seo-wordpress\/ -->\n<title>La comuna de Par\u00eds. Diario del sitio y la Comuna del Par\u00eds. 1870 - 1871 &#8212; Zapateneo<\/title>\n<meta name=\"robots\" content=\"index, follow, max-snippet:-1, max-image-preview:large, max-video-preview:-1\" \/>\n<link rel=\"canonical\" href=\"https:\/\/zapateneo.net\/wordpress\/index.php\/producto\/la-comuna-de-paris-diario-del-sitio-y-la-comuna-del-paris-1870-1871\/\" \/>\n<meta property=\"og:locale\" content=\"es_ES\" \/>\n<meta property=\"og:type\" content=\"article\" \/>\n<meta property=\"og:title\" content=\"La comuna de Par\u00eds. Diario del sitio y la Comuna del Par\u00eds. 1870 - 1871 &#8212; Zapateneo\" \/>\n<meta property=\"og:description\" content=\"De Goncourt, Edmond 9788417386511 - Pepitas - 2020 - 304 p\u00e1ginas \/orri.\" \/>\n<meta property=\"og:url\" content=\"https:\/\/zapateneo.net\/wordpress\/index.php\/producto\/la-comuna-de-paris-diario-del-sitio-y-la-comuna-del-paris-1870-1871\/\" \/>\n<meta property=\"og:site_name\" content=\"Zapateneo\" \/>\n<meta property=\"article:modified_time\" content=\"2022-01-05T17:03:18+00:00\" \/>\n<meta property=\"og:image\" content=\"https:\/\/zapateneo.net\/wordpress\/wp-content\/uploads\/2021\/04\/la_comuna.jpeg\" \/>\n\t<meta property=\"og:image:width\" content=\"200\" \/>\n\t<meta property=\"og:image:height\" content=\"279\" \/>\n\t<meta property=\"og:image:type\" content=\"image\/jpeg\" \/>\n<meta name=\"twitter:card\" content=\"summary_large_image\" \/>\n<meta name=\"twitter:site\" content=\"@zapateneo\" \/>\n<meta name=\"twitter:label1\" content=\"Tiempo de lectura\" \/>\n\t<meta name=\"twitter:data1\" content=\"2 minutos\" \/>\n<script type=\"application\/ld+json\" class=\"yoast-schema-graph\">{\"@context\":\"https:\\\/\\\/schema.org\",\"@graph\":[{\"@type\":\"WebPage\",\"@id\":\"https:\\\/\\\/zapateneo.net\\\/wordpress\\\/index.php\\\/producto\\\/la-comuna-de-paris-diario-del-sitio-y-la-comuna-del-paris-1870-1871\\\/\",\"url\":\"https:\\\/\\\/zapateneo.net\\\/wordpress\\\/index.php\\\/producto\\\/la-comuna-de-paris-diario-del-sitio-y-la-comuna-del-paris-1870-1871\\\/\",\"name\":\"La comuna de Par\u00eds. Diario del sitio y la Comuna del Par\u00eds. 1870 - 1871 &#8212; Zapateneo\",\"isPartOf\":{\"@id\":\"https:\\\/\\\/zapateneo.net\\\/wordpress\\\/#website\"},\"primaryImageOfPage\":{\"@id\":\"https:\\\/\\\/zapateneo.net\\\/wordpress\\\/index.php\\\/producto\\\/la-comuna-de-paris-diario-del-sitio-y-la-comuna-del-paris-1870-1871\\\/#primaryimage\"},\"image\":{\"@id\":\"https:\\\/\\\/zapateneo.net\\\/wordpress\\\/index.php\\\/producto\\\/la-comuna-de-paris-diario-del-sitio-y-la-comuna-del-paris-1870-1871\\\/#primaryimage\"},\"thumbnailUrl\":\"https:\\\/\\\/zapateneo.net\\\/wordpress\\\/wp-content\\\/uploads\\\/2021\\\/04\\\/la_comuna.jpeg\",\"datePublished\":\"2021-04-08T16:00:45+00:00\",\"dateModified\":\"2022-01-05T17:03:18+00:00\",\"breadcrumb\":{\"@id\":\"https:\\\/\\\/zapateneo.net\\\/wordpress\\\/index.php\\\/producto\\\/la-comuna-de-paris-diario-del-sitio-y-la-comuna-del-paris-1870-1871\\\/#breadcrumb\"},\"inLanguage\":\"es\",\"potentialAction\":[{\"@type\":\"ReadAction\",\"target\":[\"https:\\\/\\\/zapateneo.net\\\/wordpress\\\/index.php\\\/producto\\\/la-comuna-de-paris-diario-del-sitio-y-la-comuna-del-paris-1870-1871\\\/\"]}]},{\"@type\":\"ImageObject\",\"inLanguage\":\"es\",\"@id\":\"https:\\\/\\\/zapateneo.net\\\/wordpress\\\/index.php\\\/producto\\\/la-comuna-de-paris-diario-del-sitio-y-la-comuna-del-paris-1870-1871\\\/#primaryimage\",\"url\":\"https:\\\/\\\/zapateneo.net\\\/wordpress\\\/wp-content\\\/uploads\\\/2021\\\/04\\\/la_comuna.jpeg\",\"contentUrl\":\"https:\\\/\\\/zapateneo.net\\\/wordpress\\\/wp-content\\\/uploads\\\/2021\\\/04\\\/la_comuna.jpeg\",\"width\":200,\"height\":279},{\"@type\":\"BreadcrumbList\",\"@id\":\"https:\\\/\\\/zapateneo.net\\\/wordpress\\\/index.php\\\/producto\\\/la-comuna-de-paris-diario-del-sitio-y-la-comuna-del-paris-1870-1871\\\/#breadcrumb\",\"itemListElement\":[{\"@type\":\"ListItem\",\"position\":1,\"name\":\"Portada\",\"item\":\"https:\\\/\\\/zapateneo.net\\\/wordpress\\\/\"},{\"@type\":\"ListItem\",\"position\":2,\"name\":\"Tienda\",\"item\":\"https:\\\/\\\/zapateneo.net\\\/wordpress\\\/\"},{\"@type\":\"ListItem\",\"position\":3,\"name\":\"La comuna de Par\u00eds. Diario del sitio y la Comuna del Par\u00eds. 1870 &#8211; 1871\"}]},{\"@type\":\"WebSite\",\"@id\":\"https:\\\/\\\/zapateneo.net\\\/wordpress\\\/#website\",\"url\":\"https:\\\/\\\/zapateneo.net\\\/wordpress\\\/\",\"name\":\"Zapateneo\",\"description\":\"Zapateneoaren webgunea\",\"publisher\":{\"@id\":\"https:\\\/\\\/zapateneo.net\\\/wordpress\\\/#organization\"},\"potentialAction\":[{\"@type\":\"SearchAction\",\"target\":{\"@type\":\"EntryPoint\",\"urlTemplate\":\"https:\\\/\\\/zapateneo.net\\\/wordpress\\\/?s={search_term_string}\"},\"query-input\":{\"@type\":\"PropertyValueSpecification\",\"valueRequired\":true,\"valueName\":\"search_term_string\"}}],\"inLanguage\":\"es\"},{\"@type\":\"Organization\",\"@id\":\"https:\\\/\\\/zapateneo.net\\\/wordpress\\\/#organization\",\"name\":\"Zapateneo Kultur Elkartea\",\"url\":\"https:\\\/\\\/zapateneo.net\\\/wordpress\\\/\",\"logo\":{\"@type\":\"ImageObject\",\"inLanguage\":\"es\",\"@id\":\"https:\\\/\\\/zapateneo.net\\\/wordpress\\\/#\\\/schema\\\/logo\\\/image\\\/\",\"url\":\"https:\\\/\\\/zapateneo.net\\\/wordpress\\\/wp-content\\\/uploads\\\/2021\\\/04\\\/zap-libu-kolec.jpg\",\"contentUrl\":\"https:\\\/\\\/zapateneo.net\\\/wordpress\\\/wp-content\\\/uploads\\\/2021\\\/04\\\/zap-libu-kolec.jpg\",\"width\":2234,\"height\":398,\"caption\":\"Zapateneo Kultur Elkartea\"},\"image\":{\"@id\":\"https:\\\/\\\/zapateneo.net\\\/wordpress\\\/#\\\/schema\\\/logo\\\/image\\\/\"},\"sameAs\":[\"https:\\\/\\\/x.com\\\/zapateneo\"]}]}<\/script>\n<!-- \/ Yoast SEO plugin. -->","yoast_head_json":{"title":"La comuna de Par\u00eds. Diario del sitio y la Comuna del Par\u00eds. 1870 - 1871 &#8212; Zapateneo","robots":{"index":"index","follow":"follow","max-snippet":"max-snippet:-1","max-image-preview":"max-image-preview:large","max-video-preview":"max-video-preview:-1"},"canonical":"https:\/\/zapateneo.net\/wordpress\/index.php\/producto\/la-comuna-de-paris-diario-del-sitio-y-la-comuna-del-paris-1870-1871\/","og_locale":"es_ES","og_type":"article","og_title":"La comuna de Par\u00eds. Diario del sitio y la Comuna del Par\u00eds. 1870 - 1871 &#8212; Zapateneo","og_description":"De Goncourt, Edmond 9788417386511 - Pepitas - 2020 - 304 p\u00e1ginas \/orri.","og_url":"https:\/\/zapateneo.net\/wordpress\/index.php\/producto\/la-comuna-de-paris-diario-del-sitio-y-la-comuna-del-paris-1870-1871\/","og_site_name":"Zapateneo","article_modified_time":"2022-01-05T17:03:18+00:00","og_image":[{"width":200,"height":279,"url":"https:\/\/zapateneo.net\/wordpress\/wp-content\/uploads\/2021\/04\/la_comuna.jpeg","type":"image\/jpeg"}],"twitter_card":"summary_large_image","twitter_site":"@zapateneo","twitter_misc":{"Tiempo de lectura":"2 minutos"},"schema":{"@context":"https:\/\/schema.org","@graph":[{"@type":"WebPage","@id":"https:\/\/zapateneo.net\/wordpress\/index.php\/producto\/la-comuna-de-paris-diario-del-sitio-y-la-comuna-del-paris-1870-1871\/","url":"https:\/\/zapateneo.net\/wordpress\/index.php\/producto\/la-comuna-de-paris-diario-del-sitio-y-la-comuna-del-paris-1870-1871\/","name":"La comuna de Par\u00eds. Diario del sitio y la Comuna del Par\u00eds. 1870 - 1871 &#8212; Zapateneo","isPartOf":{"@id":"https:\/\/zapateneo.net\/wordpress\/#website"},"primaryImageOfPage":{"@id":"https:\/\/zapateneo.net\/wordpress\/index.php\/producto\/la-comuna-de-paris-diario-del-sitio-y-la-comuna-del-paris-1870-1871\/#primaryimage"},"image":{"@id":"https:\/\/zapateneo.net\/wordpress\/index.php\/producto\/la-comuna-de-paris-diario-del-sitio-y-la-comuna-del-paris-1870-1871\/#primaryimage"},"thumbnailUrl":"https:\/\/zapateneo.net\/wordpress\/wp-content\/uploads\/2021\/04\/la_comuna.jpeg","datePublished":"2021-04-08T16:00:45+00:00","dateModified":"2022-01-05T17:03:18+00:00","breadcrumb":{"@id":"https:\/\/zapateneo.net\/wordpress\/index.php\/producto\/la-comuna-de-paris-diario-del-sitio-y-la-comuna-del-paris-1870-1871\/#breadcrumb"},"inLanguage":"es","potentialAction":[{"@type":"ReadAction","target":["https:\/\/zapateneo.net\/wordpress\/index.php\/producto\/la-comuna-de-paris-diario-del-sitio-y-la-comuna-del-paris-1870-1871\/"]}]},{"@type":"ImageObject","inLanguage":"es","@id":"https:\/\/zapateneo.net\/wordpress\/index.php\/producto\/la-comuna-de-paris-diario-del-sitio-y-la-comuna-del-paris-1870-1871\/#primaryimage","url":"https:\/\/zapateneo.net\/wordpress\/wp-content\/uploads\/2021\/04\/la_comuna.jpeg","contentUrl":"https:\/\/zapateneo.net\/wordpress\/wp-content\/uploads\/2021\/04\/la_comuna.jpeg","width":200,"height":279},{"@type":"BreadcrumbList","@id":"https:\/\/zapateneo.net\/wordpress\/index.php\/producto\/la-comuna-de-paris-diario-del-sitio-y-la-comuna-del-paris-1870-1871\/#breadcrumb","itemListElement":[{"@type":"ListItem","position":1,"name":"Portada","item":"https:\/\/zapateneo.net\/wordpress\/"},{"@type":"ListItem","position":2,"name":"Tienda","item":"https:\/\/zapateneo.net\/wordpress\/"},{"@type":"ListItem","position":3,"name":"La comuna de Par\u00eds. Diario del sitio y la Comuna del Par\u00eds. 1870 &#8211; 1871"}]},{"@type":"WebSite","@id":"https:\/\/zapateneo.net\/wordpress\/#website","url":"https:\/\/zapateneo.net\/wordpress\/","name":"Zapateneo","description":"Zapateneoaren webgunea","publisher":{"@id":"https:\/\/zapateneo.net\/wordpress\/#organization"},"potentialAction":[{"@type":"SearchAction","target":{"@type":"EntryPoint","urlTemplate":"https:\/\/zapateneo.net\/wordpress\/?s={search_term_string}"},"query-input":{"@type":"PropertyValueSpecification","valueRequired":true,"valueName":"search_term_string"}}],"inLanguage":"es"},{"@type":"Organization","@id":"https:\/\/zapateneo.net\/wordpress\/#organization","name":"Zapateneo Kultur Elkartea","url":"https:\/\/zapateneo.net\/wordpress\/","logo":{"@type":"ImageObject","inLanguage":"es","@id":"https:\/\/zapateneo.net\/wordpress\/#\/schema\/logo\/image\/","url":"https:\/\/zapateneo.net\/wordpress\/wp-content\/uploads\/2021\/04\/zap-libu-kolec.jpg","contentUrl":"https:\/\/zapateneo.net\/wordpress\/wp-content\/uploads\/2021\/04\/zap-libu-kolec.jpg","width":2234,"height":398,"caption":"Zapateneo Kultur Elkartea"},"image":{"@id":"https:\/\/zapateneo.net\/wordpress\/#\/schema\/logo\/image\/"},"sameAs":["https:\/\/x.com\/zapateneo"]}]}},"_links":{"self":[{"href":"https:\/\/zapateneo.net\/wordpress\/index.php\/wp-json\/wp\/v2\/product\/5283","targetHints":{"allow":["GET"]}}],"collection":[{"href":"https:\/\/zapateneo.net\/wordpress\/index.php\/wp-json\/wp\/v2\/product"}],"about":[{"href":"https:\/\/zapateneo.net\/wordpress\/index.php\/wp-json\/wp\/v2\/types\/product"}],"wp:featuredmedia":[{"embeddable":true,"href":"https:\/\/zapateneo.net\/wordpress\/index.php\/wp-json\/wp\/v2\/media\/5329"}],"wp:attachment":[{"href":"https:\/\/zapateneo.net\/wordpress\/index.php\/wp-json\/wp\/v2\/media?parent=5283"}],"wp:term":[{"taxonomy":"product_brand","embeddable":true,"href":"https:\/\/zapateneo.net\/wordpress\/index.php\/wp-json\/wp\/v2\/product_brand?post=5283"},{"taxonomy":"product_cat","embeddable":true,"href":"https:\/\/zapateneo.net\/wordpress\/index.php\/wp-json\/wp\/v2\/product_cat?post=5283"},{"taxonomy":"product_tag","embeddable":true,"href":"https:\/\/zapateneo.net\/wordpress\/index.php\/wp-json\/wp\/v2\/product_tag?post=5283"}],"curies":[{"name":"wp","href":"https:\/\/api.w.org\/{rel}","templated":true}]}}