{"id":5256,"date":"2021-04-08T17:00:19","date_gmt":"2021-04-08T16:00:19","guid":{"rendered":"https:\/\/zapateneo.net\/wordpress\/?post_type=product&#038;p=5256"},"modified":"2021-04-08T17:01:00","modified_gmt":"2021-04-08T16:01:00","slug":"los-diggers-revolucion-y-contracultura-en-san-francisco-1966-1968","status":"publish","type":"product","link":"https:\/\/zapateneo.net\/wordpress\/index.php\/producto\/los-diggers-revolucion-y-contracultura-en-san-francisco-1966-1968\/","title":{"rendered":"Los Diggers. Revoluci\u00f3n y contracultura en san Francisco 1966-1968"},"content":{"rendered":"<p>Septiembre de 1966, los Diggers de San Francisco entran en escena. Con su teatro de calle, se apropian del peque\u00f1o barrio de Haight Ashbury, transformando a la juventud all\u00ed reunida, gracias a la fuerza atractiva de sus actuaciones y al verbo contestatario de sus octavillas, en una multitud activa ganada para la subversi\u00f3n. Hippies porque viven entre los hippies, consumidores, como ellos, de drogas alucin\u00f3genas como v\u00eda de emancipaci\u00f3n, los Diggers, camellos de \u00ab\u00e1cido social\u00bb, escupen vitriolo sobre esta comunidad mitificada por los medios, maldiciendo su apoliticismo y el individualismo ext\u00e1tico de su llamada revoluci\u00f3n psicod\u00e9lica.<BR><\/p>\n<p>En su teatro, los Diggers invitan a \u00abcualquier loco de la calle\u00bb a venir a tomar un estofado caliente, a liberar las mercanc\u00edas en sus tiendas gratuitas, a celebrar la Muerte del Dinero, etc. El teatro de los Diggers borra las fronteras entre el arte y la vida, entre el espectador y el actor, entre lo p\u00fablico y lo privado. Socava la autoridad bajo todas sus formas, sabotea la \u00abidentidad mental institucionalizada y fija\u00bb de cada uno y combina, en una palabra \u00fanica y m\u00e1gica, Free, el rechazo a la sociedad consumista y los deseos de liberaci\u00f3n personal. [\u2026]<br \/>\n<BR><br \/>\n* * *<\/p>\n<p>Si lo que fundamenta la humanidad es el intercambio, desmontar las bases del intercambio alienado (y alienante) ser\u00e1 el punto de partida de la revoluci\u00f3n por venir. En este sentido la experiencia Digger tiene mucho que aportar, dado que con su \u00ab\u00a1Todo es gratis porque es vuestro!\u00bb pusieron en marcha, a trav\u00e9s de multitud de iniciativas, la anulaci\u00f3n del dinero.<BR><\/p>\n<p>Convertidos en una leyenda con el paso de los a\u00f1os, los Diggers \u2014que tomaron su nombre de un grupo de campesinos pobres ingleses del siglo xvii que se reapropiaron de tierras bald\u00edas con la idea de \u00abque los ricos trabajen solos por su lado y que los pobres lo hagan juntos por el suyo\u00bb\u2014 fueron la sal arrojada a la herida hippie, en el momento que m\u00e1s sangraba, adem\u00e1s de la mala conciencia de aquella comunidad que surgi\u00f3 en el barrio de Haight Ashbury (San Francisco, California).<\/p>\n","protected":false},"excerpt":{"rendered":"<p><strong>Gaillard, Alice<\/strong><br \/>\n9788493767167 &#8211; Pepitas de Calabaza &#8211; 2010 &#8211; 252 p\u00e1ginas \/orri.<\/p>\n","protected":false},"featured_media":5302,"template":"","meta":[],"product_brand":[],"product_cat":[185,16],"product_tag":[3388,47],"class_list":{"0":"post-5256","1":"product","2":"type-product","3":"status-publish","4":"has-post-thumbnail","6":"product_cat-historia","7":"product_cat-libros","8":"product_tag-gaillard","9":"product_tag-pepitas-de-calabaza","11":"first","12":"instock","13":"sold-individually","14":"shipping-taxable","15":"purchasable","16":"product-type-simple"},"yoast_head":"<!-- This site is optimized with the Yoast SEO plugin v27.3 - https:\/\/yoast.com\/product\/yoast-seo-wordpress\/ -->\n<title>Los Diggers. Revoluci\u00f3n y contracultura en san Francisco 1966-1968 &#8212; Zapateneo<\/title>\n<meta name=\"robots\" content=\"index, follow, max-snippet:-1, max-image-preview:large, max-video-preview:-1\" \/>\n<link rel=\"canonical\" href=\"https:\/\/zapateneo.net\/wordpress\/index.php\/producto\/los-diggers-revolucion-y-contracultura-en-san-francisco-1966-1968\/\" \/>\n<meta property=\"og:locale\" content=\"es_ES\" \/>\n<meta property=\"og:type\" content=\"article\" \/>\n<meta property=\"og:title\" content=\"Los Diggers. Revoluci\u00f3n y contracultura en san Francisco 1966-1968 &#8212; Zapateneo\" \/>\n<meta property=\"og:description\" content=\"Gaillard, Alice 9788493767167 - Pepitas de Calabaza - 2010 - 252 p\u00e1ginas \/orri.\" \/>\n<meta property=\"og:url\" content=\"https:\/\/zapateneo.net\/wordpress\/index.php\/producto\/los-diggers-revolucion-y-contracultura-en-san-francisco-1966-1968\/\" \/>\n<meta property=\"og:site_name\" content=\"Zapateneo\" \/>\n<meta property=\"article:modified_time\" content=\"2021-04-08T16:01:00+00:00\" \/>\n<meta property=\"og:image\" content=\"https:\/\/zapateneo.net\/wordpress\/wp-content\/uploads\/2021\/04\/dig.jpeg\" \/>\n\t<meta property=\"og:image:width\" content=\"200\" \/>\n\t<meta property=\"og:image:height\" content=\"274\" \/>\n\t<meta property=\"og:image:type\" content=\"image\/jpeg\" \/>\n<meta name=\"twitter:card\" content=\"summary_large_image\" \/>\n<meta name=\"twitter:site\" content=\"@zapateneo\" \/>\n<meta name=\"twitter:label1\" content=\"Tiempo de lectura\" \/>\n\t<meta name=\"twitter:data1\" content=\"2 minutos\" \/>\n<script type=\"application\/ld+json\" class=\"yoast-schema-graph\">{\"@context\":\"https:\\\/\\\/schema.org\",\"@graph\":[{\"@type\":\"WebPage\",\"@id\":\"https:\\\/\\\/zapateneo.net\\\/wordpress\\\/index.php\\\/producto\\\/los-diggers-revolucion-y-contracultura-en-san-francisco-1966-1968\\\/\",\"url\":\"https:\\\/\\\/zapateneo.net\\\/wordpress\\\/index.php\\\/producto\\\/los-diggers-revolucion-y-contracultura-en-san-francisco-1966-1968\\\/\",\"name\":\"Los Diggers. Revoluci\u00f3n y contracultura en san Francisco 1966-1968 &#8212; Zapateneo\",\"isPartOf\":{\"@id\":\"https:\\\/\\\/zapateneo.net\\\/wordpress\\\/#website\"},\"primaryImageOfPage\":{\"@id\":\"https:\\\/\\\/zapateneo.net\\\/wordpress\\\/index.php\\\/producto\\\/los-diggers-revolucion-y-contracultura-en-san-francisco-1966-1968\\\/#primaryimage\"},\"image\":{\"@id\":\"https:\\\/\\\/zapateneo.net\\\/wordpress\\\/index.php\\\/producto\\\/los-diggers-revolucion-y-contracultura-en-san-francisco-1966-1968\\\/#primaryimage\"},\"thumbnailUrl\":\"https:\\\/\\\/zapateneo.net\\\/wordpress\\\/wp-content\\\/uploads\\\/2021\\\/04\\\/dig.jpeg\",\"datePublished\":\"2021-04-08T16:00:19+00:00\",\"dateModified\":\"2021-04-08T16:01:00+00:00\",\"breadcrumb\":{\"@id\":\"https:\\\/\\\/zapateneo.net\\\/wordpress\\\/index.php\\\/producto\\\/los-diggers-revolucion-y-contracultura-en-san-francisco-1966-1968\\\/#breadcrumb\"},\"inLanguage\":\"es\",\"potentialAction\":[{\"@type\":\"ReadAction\",\"target\":[\"https:\\\/\\\/zapateneo.net\\\/wordpress\\\/index.php\\\/producto\\\/los-diggers-revolucion-y-contracultura-en-san-francisco-1966-1968\\\/\"]}]},{\"@type\":\"ImageObject\",\"inLanguage\":\"es\",\"@id\":\"https:\\\/\\\/zapateneo.net\\\/wordpress\\\/index.php\\\/producto\\\/los-diggers-revolucion-y-contracultura-en-san-francisco-1966-1968\\\/#primaryimage\",\"url\":\"https:\\\/\\\/zapateneo.net\\\/wordpress\\\/wp-content\\\/uploads\\\/2021\\\/04\\\/dig.jpeg\",\"contentUrl\":\"https:\\\/\\\/zapateneo.net\\\/wordpress\\\/wp-content\\\/uploads\\\/2021\\\/04\\\/dig.jpeg\",\"width\":200,\"height\":274},{\"@type\":\"BreadcrumbList\",\"@id\":\"https:\\\/\\\/zapateneo.net\\\/wordpress\\\/index.php\\\/producto\\\/los-diggers-revolucion-y-contracultura-en-san-francisco-1966-1968\\\/#breadcrumb\",\"itemListElement\":[{\"@type\":\"ListItem\",\"position\":1,\"name\":\"Portada\",\"item\":\"https:\\\/\\\/zapateneo.net\\\/wordpress\\\/\"},{\"@type\":\"ListItem\",\"position\":2,\"name\":\"Tienda\",\"item\":\"https:\\\/\\\/zapateneo.net\\\/wordpress\\\/\"},{\"@type\":\"ListItem\",\"position\":3,\"name\":\"Los Diggers. Revoluci\u00f3n y contracultura en san Francisco 1966-1968\"}]},{\"@type\":\"WebSite\",\"@id\":\"https:\\\/\\\/zapateneo.net\\\/wordpress\\\/#website\",\"url\":\"https:\\\/\\\/zapateneo.net\\\/wordpress\\\/\",\"name\":\"Zapateneo\",\"description\":\"Zapateneoaren webgunea\",\"publisher\":{\"@id\":\"https:\\\/\\\/zapateneo.net\\\/wordpress\\\/#organization\"},\"potentialAction\":[{\"@type\":\"SearchAction\",\"target\":{\"@type\":\"EntryPoint\",\"urlTemplate\":\"https:\\\/\\\/zapateneo.net\\\/wordpress\\\/?s={search_term_string}\"},\"query-input\":{\"@type\":\"PropertyValueSpecification\",\"valueRequired\":true,\"valueName\":\"search_term_string\"}}],\"inLanguage\":\"es\"},{\"@type\":\"Organization\",\"@id\":\"https:\\\/\\\/zapateneo.net\\\/wordpress\\\/#organization\",\"name\":\"Zapateneo Kultur Elkartea\",\"url\":\"https:\\\/\\\/zapateneo.net\\\/wordpress\\\/\",\"logo\":{\"@type\":\"ImageObject\",\"inLanguage\":\"es\",\"@id\":\"https:\\\/\\\/zapateneo.net\\\/wordpress\\\/#\\\/schema\\\/logo\\\/image\\\/\",\"url\":\"https:\\\/\\\/zapateneo.net\\\/wordpress\\\/wp-content\\\/uploads\\\/2021\\\/04\\\/zap-libu-kolec.jpg\",\"contentUrl\":\"https:\\\/\\\/zapateneo.net\\\/wordpress\\\/wp-content\\\/uploads\\\/2021\\\/04\\\/zap-libu-kolec.jpg\",\"width\":2234,\"height\":398,\"caption\":\"Zapateneo Kultur Elkartea\"},\"image\":{\"@id\":\"https:\\\/\\\/zapateneo.net\\\/wordpress\\\/#\\\/schema\\\/logo\\\/image\\\/\"},\"sameAs\":[\"https:\\\/\\\/x.com\\\/zapateneo\"]}]}<\/script>\n<!-- \/ Yoast SEO plugin. -->","yoast_head_json":{"title":"Los Diggers. Revoluci\u00f3n y contracultura en san Francisco 1966-1968 &#8212; Zapateneo","robots":{"index":"index","follow":"follow","max-snippet":"max-snippet:-1","max-image-preview":"max-image-preview:large","max-video-preview":"max-video-preview:-1"},"canonical":"https:\/\/zapateneo.net\/wordpress\/index.php\/producto\/los-diggers-revolucion-y-contracultura-en-san-francisco-1966-1968\/","og_locale":"es_ES","og_type":"article","og_title":"Los Diggers. Revoluci\u00f3n y contracultura en san Francisco 1966-1968 &#8212; Zapateneo","og_description":"Gaillard, Alice 9788493767167 - Pepitas de Calabaza - 2010 - 252 p\u00e1ginas \/orri.","og_url":"https:\/\/zapateneo.net\/wordpress\/index.php\/producto\/los-diggers-revolucion-y-contracultura-en-san-francisco-1966-1968\/","og_site_name":"Zapateneo","article_modified_time":"2021-04-08T16:01:00+00:00","og_image":[{"width":200,"height":274,"url":"https:\/\/zapateneo.net\/wordpress\/wp-content\/uploads\/2021\/04\/dig.jpeg","type":"image\/jpeg"}],"twitter_card":"summary_large_image","twitter_site":"@zapateneo","twitter_misc":{"Tiempo de lectura":"2 minutos"},"schema":{"@context":"https:\/\/schema.org","@graph":[{"@type":"WebPage","@id":"https:\/\/zapateneo.net\/wordpress\/index.php\/producto\/los-diggers-revolucion-y-contracultura-en-san-francisco-1966-1968\/","url":"https:\/\/zapateneo.net\/wordpress\/index.php\/producto\/los-diggers-revolucion-y-contracultura-en-san-francisco-1966-1968\/","name":"Los Diggers. Revoluci\u00f3n y contracultura en san Francisco 1966-1968 &#8212; Zapateneo","isPartOf":{"@id":"https:\/\/zapateneo.net\/wordpress\/#website"},"primaryImageOfPage":{"@id":"https:\/\/zapateneo.net\/wordpress\/index.php\/producto\/los-diggers-revolucion-y-contracultura-en-san-francisco-1966-1968\/#primaryimage"},"image":{"@id":"https:\/\/zapateneo.net\/wordpress\/index.php\/producto\/los-diggers-revolucion-y-contracultura-en-san-francisco-1966-1968\/#primaryimage"},"thumbnailUrl":"https:\/\/zapateneo.net\/wordpress\/wp-content\/uploads\/2021\/04\/dig.jpeg","datePublished":"2021-04-08T16:00:19+00:00","dateModified":"2021-04-08T16:01:00+00:00","breadcrumb":{"@id":"https:\/\/zapateneo.net\/wordpress\/index.php\/producto\/los-diggers-revolucion-y-contracultura-en-san-francisco-1966-1968\/#breadcrumb"},"inLanguage":"es","potentialAction":[{"@type":"ReadAction","target":["https:\/\/zapateneo.net\/wordpress\/index.php\/producto\/los-diggers-revolucion-y-contracultura-en-san-francisco-1966-1968\/"]}]},{"@type":"ImageObject","inLanguage":"es","@id":"https:\/\/zapateneo.net\/wordpress\/index.php\/producto\/los-diggers-revolucion-y-contracultura-en-san-francisco-1966-1968\/#primaryimage","url":"https:\/\/zapateneo.net\/wordpress\/wp-content\/uploads\/2021\/04\/dig.jpeg","contentUrl":"https:\/\/zapateneo.net\/wordpress\/wp-content\/uploads\/2021\/04\/dig.jpeg","width":200,"height":274},{"@type":"BreadcrumbList","@id":"https:\/\/zapateneo.net\/wordpress\/index.php\/producto\/los-diggers-revolucion-y-contracultura-en-san-francisco-1966-1968\/#breadcrumb","itemListElement":[{"@type":"ListItem","position":1,"name":"Portada","item":"https:\/\/zapateneo.net\/wordpress\/"},{"@type":"ListItem","position":2,"name":"Tienda","item":"https:\/\/zapateneo.net\/wordpress\/"},{"@type":"ListItem","position":3,"name":"Los Diggers. Revoluci\u00f3n y contracultura en san Francisco 1966-1968"}]},{"@type":"WebSite","@id":"https:\/\/zapateneo.net\/wordpress\/#website","url":"https:\/\/zapateneo.net\/wordpress\/","name":"Zapateneo","description":"Zapateneoaren webgunea","publisher":{"@id":"https:\/\/zapateneo.net\/wordpress\/#organization"},"potentialAction":[{"@type":"SearchAction","target":{"@type":"EntryPoint","urlTemplate":"https:\/\/zapateneo.net\/wordpress\/?s={search_term_string}"},"query-input":{"@type":"PropertyValueSpecification","valueRequired":true,"valueName":"search_term_string"}}],"inLanguage":"es"},{"@type":"Organization","@id":"https:\/\/zapateneo.net\/wordpress\/#organization","name":"Zapateneo Kultur Elkartea","url":"https:\/\/zapateneo.net\/wordpress\/","logo":{"@type":"ImageObject","inLanguage":"es","@id":"https:\/\/zapateneo.net\/wordpress\/#\/schema\/logo\/image\/","url":"https:\/\/zapateneo.net\/wordpress\/wp-content\/uploads\/2021\/04\/zap-libu-kolec.jpg","contentUrl":"https:\/\/zapateneo.net\/wordpress\/wp-content\/uploads\/2021\/04\/zap-libu-kolec.jpg","width":2234,"height":398,"caption":"Zapateneo Kultur Elkartea"},"image":{"@id":"https:\/\/zapateneo.net\/wordpress\/#\/schema\/logo\/image\/"},"sameAs":["https:\/\/x.com\/zapateneo"]}]}},"_links":{"self":[{"href":"https:\/\/zapateneo.net\/wordpress\/index.php\/wp-json\/wp\/v2\/product\/5256","targetHints":{"allow":["GET"]}}],"collection":[{"href":"https:\/\/zapateneo.net\/wordpress\/index.php\/wp-json\/wp\/v2\/product"}],"about":[{"href":"https:\/\/zapateneo.net\/wordpress\/index.php\/wp-json\/wp\/v2\/types\/product"}],"wp:featuredmedia":[{"embeddable":true,"href":"https:\/\/zapateneo.net\/wordpress\/index.php\/wp-json\/wp\/v2\/media\/5302"}],"wp:attachment":[{"href":"https:\/\/zapateneo.net\/wordpress\/index.php\/wp-json\/wp\/v2\/media?parent=5256"}],"wp:term":[{"taxonomy":"product_brand","embeddable":true,"href":"https:\/\/zapateneo.net\/wordpress\/index.php\/wp-json\/wp\/v2\/product_brand?post=5256"},{"taxonomy":"product_cat","embeddable":true,"href":"https:\/\/zapateneo.net\/wordpress\/index.php\/wp-json\/wp\/v2\/product_cat?post=5256"},{"taxonomy":"product_tag","embeddable":true,"href":"https:\/\/zapateneo.net\/wordpress\/index.php\/wp-json\/wp\/v2\/product_tag?post=5256"}],"curies":[{"name":"wp","href":"https:\/\/api.w.org\/{rel}","templated":true}]}}