{"id":5255,"date":"2021-04-08T17:00:19","date_gmt":"2021-04-08T16:00:19","guid":{"rendered":"https:\/\/zapateneo.net\/wordpress\/?post_type=product&#038;p=5255"},"modified":"2021-04-08T17:00:59","modified_gmt":"2021-04-08T16:00:59","slug":"llegara-un-dia-tan-maravilloso-como-hoy-el-movimineto-2-de-junio-y-la-lucha-armada-en-alemania-197","status":"publish","type":"product","link":"https:\/\/zapateneo.net\/wordpress\/index.php\/producto\/llegara-un-dia-tan-maravilloso-como-hoy-el-movimineto-2-de-junio-y-la-lucha-armada-en-alemania-197\/","title":{"rendered":"Llegar\u00e1 un d\u00eda tan maravilloso como hoy. El movimineto 2 de Junio y la lucha armada en alemania. 197"},"content":{"rendered":"<p>COMUNICADO n\u00b0 1-28 de febrero de 1975<\/p>\n<p>Esta ma\u00f1ana mujeres y hombres armados del Movimiento 2 de Junio han hecho prisionero a Peter Lorenz, presidente de la CDU berlinesa y cabeza de lista del partido a las elecciones del 2 de marzo a la asamblea de Berl\u00edn. El secuestro se ha llevado a cabo por compa\u00f1eros armados, Lorenz ya estaba preparado para tal eventualidad: su ch\u00f3fer y guardaespaldas iban armados. Peter Lorenz es prisionero del Movimiento 2 de Junio. Como tal no sufre torturas o tratos inhumanos, a diferencia de los m\u00e1s de 60.000 presos que se encuentran en las c\u00e1rceles de la REA y de Berl\u00edn Oeste. Como prisionero nuestro gozar\u00e1 siempre de mejores condiciones que los presos de las c\u00e1rceles del Estado, aunque sin duda alguna no disfrutar\u00e1 de todas las comodidades de su chalet en Zehlendorf. Peter Lorenz ser\u00e1 sometido a interrogatorio. Tendr\u00e1 que dar cuenta de sus relaciones con el poder econ\u00f3mico, los poderosos y los reg\u00edmenes fascistas.<\/p>\n<p>Ples Invicta, Barcelona 2016<br \/>\n176 p\u00e1gs. R\u00fastica 21&#215;14 cm<\/p>\n","protected":false},"excerpt":{"rendered":"<p><strong>Sergio Rossi<\/strong><br \/>\n201707260041 &#8211; Plebs Invicta &#8211; 2016 &#8211; 176 p\u00e1ginas \/orri.<\/p>\n","protected":false},"featured_media":5301,"template":"","meta":[],"product_brand":[],"product_cat":[185,16],"product_tag":[1844,3387],"class_list":{"0":"post-5255","1":"product","2":"type-product","3":"status-publish","4":"has-post-thumbnail","6":"product_cat-historia","7":"product_cat-libros","8":"product_tag-plebs-invicta","9":"product_tag-sergio-rossi","11":"first","12":"instock","13":"sold-individually","14":"shipping-taxable","15":"purchasable","16":"product-type-simple"},"yoast_head":"<!-- This site is optimized with the Yoast SEO plugin v27.4 - https:\/\/yoast.com\/product\/yoast-seo-wordpress\/ -->\n<title>Llegar\u00e1 un d\u00eda tan maravilloso como hoy. El movimineto 2 de Junio y la lucha armada en alemania. 197 &#8212; Zapateneo<\/title>\n<meta name=\"robots\" content=\"index, follow, max-snippet:-1, max-image-preview:large, max-video-preview:-1\" \/>\n<link rel=\"canonical\" href=\"https:\/\/zapateneo.net\/wordpress\/index.php\/producto\/llegara-un-dia-tan-maravilloso-como-hoy-el-movimineto-2-de-junio-y-la-lucha-armada-en-alemania-197\/\" \/>\n<meta property=\"og:locale\" content=\"es_ES\" \/>\n<meta property=\"og:type\" content=\"article\" \/>\n<meta property=\"og:title\" content=\"Llegar\u00e1 un d\u00eda tan maravilloso como hoy. El movimineto 2 de Junio y la lucha armada en alemania. 197 &#8212; Zapateneo\" \/>\n<meta property=\"og:description\" content=\"Sergio Rossi 201707260041 - Plebs Invicta - 2016 - 176 p\u00e1ginas \/orri.\" \/>\n<meta property=\"og:url\" content=\"https:\/\/zapateneo.net\/wordpress\/index.php\/producto\/llegara-un-dia-tan-maravilloso-como-hoy-el-movimineto-2-de-junio-y-la-lucha-armada-en-alemania-197\/\" \/>\n<meta property=\"og:site_name\" content=\"Zapateneo\" \/>\n<meta property=\"article:modified_time\" content=\"2021-04-08T16:00:59+00:00\" \/>\n<meta property=\"og:image\" content=\"https:\/\/zapateneo.net\/wordpress\/wp-content\/uploads\/2021\/04\/diatanmarav.jpg\" \/>\n\t<meta property=\"og:image:width\" content=\"201\" \/>\n\t<meta property=\"og:image:height\" content=\"307\" \/>\n\t<meta property=\"og:image:type\" content=\"image\/jpeg\" \/>\n<meta name=\"twitter:card\" content=\"summary_large_image\" \/>\n<meta name=\"twitter:site\" content=\"@zapateneo\" \/>\n<meta name=\"twitter:label1\" content=\"Tiempo de lectura\" \/>\n\t<meta name=\"twitter:data1\" content=\"1 minuto\" \/>\n<script type=\"application\/ld+json\" class=\"yoast-schema-graph\">{\"@context\":\"https:\\\/\\\/schema.org\",\"@graph\":[{\"@type\":\"WebPage\",\"@id\":\"https:\\\/\\\/zapateneo.net\\\/wordpress\\\/index.php\\\/producto\\\/llegara-un-dia-tan-maravilloso-como-hoy-el-movimineto-2-de-junio-y-la-lucha-armada-en-alemania-197\\\/\",\"url\":\"https:\\\/\\\/zapateneo.net\\\/wordpress\\\/index.php\\\/producto\\\/llegara-un-dia-tan-maravilloso-como-hoy-el-movimineto-2-de-junio-y-la-lucha-armada-en-alemania-197\\\/\",\"name\":\"Llegar\u00e1 un d\u00eda tan maravilloso como hoy. El movimineto 2 de Junio y la lucha armada en alemania. 197 &#8212; Zapateneo\",\"isPartOf\":{\"@id\":\"https:\\\/\\\/zapateneo.net\\\/wordpress\\\/#website\"},\"primaryImageOfPage\":{\"@id\":\"https:\\\/\\\/zapateneo.net\\\/wordpress\\\/index.php\\\/producto\\\/llegara-un-dia-tan-maravilloso-como-hoy-el-movimineto-2-de-junio-y-la-lucha-armada-en-alemania-197\\\/#primaryimage\"},\"image\":{\"@id\":\"https:\\\/\\\/zapateneo.net\\\/wordpress\\\/index.php\\\/producto\\\/llegara-un-dia-tan-maravilloso-como-hoy-el-movimineto-2-de-junio-y-la-lucha-armada-en-alemania-197\\\/#primaryimage\"},\"thumbnailUrl\":\"https:\\\/\\\/zapateneo.net\\\/wordpress\\\/wp-content\\\/uploads\\\/2021\\\/04\\\/diatanmarav.jpg\",\"datePublished\":\"2021-04-08T16:00:19+00:00\",\"dateModified\":\"2021-04-08T16:00:59+00:00\",\"breadcrumb\":{\"@id\":\"https:\\\/\\\/zapateneo.net\\\/wordpress\\\/index.php\\\/producto\\\/llegara-un-dia-tan-maravilloso-como-hoy-el-movimineto-2-de-junio-y-la-lucha-armada-en-alemania-197\\\/#breadcrumb\"},\"inLanguage\":\"es\",\"potentialAction\":[{\"@type\":\"ReadAction\",\"target\":[\"https:\\\/\\\/zapateneo.net\\\/wordpress\\\/index.php\\\/producto\\\/llegara-un-dia-tan-maravilloso-como-hoy-el-movimineto-2-de-junio-y-la-lucha-armada-en-alemania-197\\\/\"]}]},{\"@type\":\"ImageObject\",\"inLanguage\":\"es\",\"@id\":\"https:\\\/\\\/zapateneo.net\\\/wordpress\\\/index.php\\\/producto\\\/llegara-un-dia-tan-maravilloso-como-hoy-el-movimineto-2-de-junio-y-la-lucha-armada-en-alemania-197\\\/#primaryimage\",\"url\":\"https:\\\/\\\/zapateneo.net\\\/wordpress\\\/wp-content\\\/uploads\\\/2021\\\/04\\\/diatanmarav.jpg\",\"contentUrl\":\"https:\\\/\\\/zapateneo.net\\\/wordpress\\\/wp-content\\\/uploads\\\/2021\\\/04\\\/diatanmarav.jpg\",\"width\":201,\"height\":307},{\"@type\":\"BreadcrumbList\",\"@id\":\"https:\\\/\\\/zapateneo.net\\\/wordpress\\\/index.php\\\/producto\\\/llegara-un-dia-tan-maravilloso-como-hoy-el-movimineto-2-de-junio-y-la-lucha-armada-en-alemania-197\\\/#breadcrumb\",\"itemListElement\":[{\"@type\":\"ListItem\",\"position\":1,\"name\":\"Portada\",\"item\":\"https:\\\/\\\/zapateneo.net\\\/wordpress\\\/\"},{\"@type\":\"ListItem\",\"position\":2,\"name\":\"Tienda\",\"item\":\"https:\\\/\\\/zapateneo.net\\\/wordpress\\\/\"},{\"@type\":\"ListItem\",\"position\":3,\"name\":\"Llegar\u00e1 un d\u00eda tan maravilloso como hoy. El movimineto 2 de Junio y la lucha armada en alemania. 197\"}]},{\"@type\":\"WebSite\",\"@id\":\"https:\\\/\\\/zapateneo.net\\\/wordpress\\\/#website\",\"url\":\"https:\\\/\\\/zapateneo.net\\\/wordpress\\\/\",\"name\":\"Zapateneo\",\"description\":\"Zapateneoaren webgunea\",\"publisher\":{\"@id\":\"https:\\\/\\\/zapateneo.net\\\/wordpress\\\/#organization\"},\"potentialAction\":[{\"@type\":\"SearchAction\",\"target\":{\"@type\":\"EntryPoint\",\"urlTemplate\":\"https:\\\/\\\/zapateneo.net\\\/wordpress\\\/?s={search_term_string}\"},\"query-input\":{\"@type\":\"PropertyValueSpecification\",\"valueRequired\":true,\"valueName\":\"search_term_string\"}}],\"inLanguage\":\"es\"},{\"@type\":\"Organization\",\"@id\":\"https:\\\/\\\/zapateneo.net\\\/wordpress\\\/#organization\",\"name\":\"Zapateneo Kultur Elkartea\",\"url\":\"https:\\\/\\\/zapateneo.net\\\/wordpress\\\/\",\"logo\":{\"@type\":\"ImageObject\",\"inLanguage\":\"es\",\"@id\":\"https:\\\/\\\/zapateneo.net\\\/wordpress\\\/#\\\/schema\\\/logo\\\/image\\\/\",\"url\":\"https:\\\/\\\/zapateneo.net\\\/wordpress\\\/wp-content\\\/uploads\\\/2021\\\/04\\\/zap-libu-kolec.jpg\",\"contentUrl\":\"https:\\\/\\\/zapateneo.net\\\/wordpress\\\/wp-content\\\/uploads\\\/2021\\\/04\\\/zap-libu-kolec.jpg\",\"width\":2234,\"height\":398,\"caption\":\"Zapateneo Kultur Elkartea\"},\"image\":{\"@id\":\"https:\\\/\\\/zapateneo.net\\\/wordpress\\\/#\\\/schema\\\/logo\\\/image\\\/\"},\"sameAs\":[\"https:\\\/\\\/x.com\\\/zapateneo\"]}]}<\/script>\n<!-- \/ Yoast SEO plugin. -->","yoast_head_json":{"title":"Llegar\u00e1 un d\u00eda tan maravilloso como hoy. El movimineto 2 de Junio y la lucha armada en alemania. 197 &#8212; Zapateneo","robots":{"index":"index","follow":"follow","max-snippet":"max-snippet:-1","max-image-preview":"max-image-preview:large","max-video-preview":"max-video-preview:-1"},"canonical":"https:\/\/zapateneo.net\/wordpress\/index.php\/producto\/llegara-un-dia-tan-maravilloso-como-hoy-el-movimineto-2-de-junio-y-la-lucha-armada-en-alemania-197\/","og_locale":"es_ES","og_type":"article","og_title":"Llegar\u00e1 un d\u00eda tan maravilloso como hoy. El movimineto 2 de Junio y la lucha armada en alemania. 197 &#8212; Zapateneo","og_description":"Sergio Rossi 201707260041 - Plebs Invicta - 2016 - 176 p\u00e1ginas \/orri.","og_url":"https:\/\/zapateneo.net\/wordpress\/index.php\/producto\/llegara-un-dia-tan-maravilloso-como-hoy-el-movimineto-2-de-junio-y-la-lucha-armada-en-alemania-197\/","og_site_name":"Zapateneo","article_modified_time":"2021-04-08T16:00:59+00:00","og_image":[{"width":201,"height":307,"url":"https:\/\/zapateneo.net\/wordpress\/wp-content\/uploads\/2021\/04\/diatanmarav.jpg","type":"image\/jpeg"}],"twitter_card":"summary_large_image","twitter_site":"@zapateneo","twitter_misc":{"Tiempo de lectura":"1 minuto"},"schema":{"@context":"https:\/\/schema.org","@graph":[{"@type":"WebPage","@id":"https:\/\/zapateneo.net\/wordpress\/index.php\/producto\/llegara-un-dia-tan-maravilloso-como-hoy-el-movimineto-2-de-junio-y-la-lucha-armada-en-alemania-197\/","url":"https:\/\/zapateneo.net\/wordpress\/index.php\/producto\/llegara-un-dia-tan-maravilloso-como-hoy-el-movimineto-2-de-junio-y-la-lucha-armada-en-alemania-197\/","name":"Llegar\u00e1 un d\u00eda tan maravilloso como hoy. El movimineto 2 de Junio y la lucha armada en alemania. 197 &#8212; Zapateneo","isPartOf":{"@id":"https:\/\/zapateneo.net\/wordpress\/#website"},"primaryImageOfPage":{"@id":"https:\/\/zapateneo.net\/wordpress\/index.php\/producto\/llegara-un-dia-tan-maravilloso-como-hoy-el-movimineto-2-de-junio-y-la-lucha-armada-en-alemania-197\/#primaryimage"},"image":{"@id":"https:\/\/zapateneo.net\/wordpress\/index.php\/producto\/llegara-un-dia-tan-maravilloso-como-hoy-el-movimineto-2-de-junio-y-la-lucha-armada-en-alemania-197\/#primaryimage"},"thumbnailUrl":"https:\/\/zapateneo.net\/wordpress\/wp-content\/uploads\/2021\/04\/diatanmarav.jpg","datePublished":"2021-04-08T16:00:19+00:00","dateModified":"2021-04-08T16:00:59+00:00","breadcrumb":{"@id":"https:\/\/zapateneo.net\/wordpress\/index.php\/producto\/llegara-un-dia-tan-maravilloso-como-hoy-el-movimineto-2-de-junio-y-la-lucha-armada-en-alemania-197\/#breadcrumb"},"inLanguage":"es","potentialAction":[{"@type":"ReadAction","target":["https:\/\/zapateneo.net\/wordpress\/index.php\/producto\/llegara-un-dia-tan-maravilloso-como-hoy-el-movimineto-2-de-junio-y-la-lucha-armada-en-alemania-197\/"]}]},{"@type":"ImageObject","inLanguage":"es","@id":"https:\/\/zapateneo.net\/wordpress\/index.php\/producto\/llegara-un-dia-tan-maravilloso-como-hoy-el-movimineto-2-de-junio-y-la-lucha-armada-en-alemania-197\/#primaryimage","url":"https:\/\/zapateneo.net\/wordpress\/wp-content\/uploads\/2021\/04\/diatanmarav.jpg","contentUrl":"https:\/\/zapateneo.net\/wordpress\/wp-content\/uploads\/2021\/04\/diatanmarav.jpg","width":201,"height":307},{"@type":"BreadcrumbList","@id":"https:\/\/zapateneo.net\/wordpress\/index.php\/producto\/llegara-un-dia-tan-maravilloso-como-hoy-el-movimineto-2-de-junio-y-la-lucha-armada-en-alemania-197\/#breadcrumb","itemListElement":[{"@type":"ListItem","position":1,"name":"Portada","item":"https:\/\/zapateneo.net\/wordpress\/"},{"@type":"ListItem","position":2,"name":"Tienda","item":"https:\/\/zapateneo.net\/wordpress\/"},{"@type":"ListItem","position":3,"name":"Llegar\u00e1 un d\u00eda tan maravilloso como hoy. El movimineto 2 de Junio y la lucha armada en alemania. 197"}]},{"@type":"WebSite","@id":"https:\/\/zapateneo.net\/wordpress\/#website","url":"https:\/\/zapateneo.net\/wordpress\/","name":"Zapateneo","description":"Zapateneoaren webgunea","publisher":{"@id":"https:\/\/zapateneo.net\/wordpress\/#organization"},"potentialAction":[{"@type":"SearchAction","target":{"@type":"EntryPoint","urlTemplate":"https:\/\/zapateneo.net\/wordpress\/?s={search_term_string}"},"query-input":{"@type":"PropertyValueSpecification","valueRequired":true,"valueName":"search_term_string"}}],"inLanguage":"es"},{"@type":"Organization","@id":"https:\/\/zapateneo.net\/wordpress\/#organization","name":"Zapateneo Kultur Elkartea","url":"https:\/\/zapateneo.net\/wordpress\/","logo":{"@type":"ImageObject","inLanguage":"es","@id":"https:\/\/zapateneo.net\/wordpress\/#\/schema\/logo\/image\/","url":"https:\/\/zapateneo.net\/wordpress\/wp-content\/uploads\/2021\/04\/zap-libu-kolec.jpg","contentUrl":"https:\/\/zapateneo.net\/wordpress\/wp-content\/uploads\/2021\/04\/zap-libu-kolec.jpg","width":2234,"height":398,"caption":"Zapateneo Kultur Elkartea"},"image":{"@id":"https:\/\/zapateneo.net\/wordpress\/#\/schema\/logo\/image\/"},"sameAs":["https:\/\/x.com\/zapateneo"]}]}},"_links":{"self":[{"href":"https:\/\/zapateneo.net\/wordpress\/index.php\/wp-json\/wp\/v2\/product\/5255","targetHints":{"allow":["GET"]}}],"collection":[{"href":"https:\/\/zapateneo.net\/wordpress\/index.php\/wp-json\/wp\/v2\/product"}],"about":[{"href":"https:\/\/zapateneo.net\/wordpress\/index.php\/wp-json\/wp\/v2\/types\/product"}],"wp:featuredmedia":[{"embeddable":true,"href":"https:\/\/zapateneo.net\/wordpress\/index.php\/wp-json\/wp\/v2\/media\/5301"}],"wp:attachment":[{"href":"https:\/\/zapateneo.net\/wordpress\/index.php\/wp-json\/wp\/v2\/media?parent=5255"}],"wp:term":[{"taxonomy":"product_brand","embeddable":true,"href":"https:\/\/zapateneo.net\/wordpress\/index.php\/wp-json\/wp\/v2\/product_brand?post=5255"},{"taxonomy":"product_cat","embeddable":true,"href":"https:\/\/zapateneo.net\/wordpress\/index.php\/wp-json\/wp\/v2\/product_cat?post=5255"},{"taxonomy":"product_tag","embeddable":true,"href":"https:\/\/zapateneo.net\/wordpress\/index.php\/wp-json\/wp\/v2\/product_tag?post=5255"}],"curies":[{"name":"wp","href":"https:\/\/api.w.org\/{rel}","templated":true}]}}