{"id":5214,"date":"2021-04-08T16:59:52","date_gmt":"2021-04-08T15:59:52","guid":{"rendered":"https:\/\/zapateneo.net\/wordpress\/?post_type=product&#038;p=5214"},"modified":"2023-04-12T17:15:14","modified_gmt":"2023-04-12T16:15:14","slug":"anos-de-plomo-la-excepcionalidad-vasco-navarra-en-la-transicion","status":"publish","type":"product","link":"https:\/\/zapateneo.net\/wordpress\/index.php\/producto\/anos-de-plomo-la-excepcionalidad-vasco-navarra-en-la-transicion\/","title":{"rendered":"A\u00f1os de plomo. La excepcionalidad vasco-navarra en la transici\u00f3n"},"content":{"rendered":"<p>La transici\u00f3n de la dictadura a la democracia no fue ni id\u00edlica, ni ejemplar, ni consensuada, tampoco fue un simple proceso de maquillaje del franquismo. No se dieron las condiciones para la ruptura total con el r\u00e9gimen. No fueron suficientes ni el respaldo social, ni la fuerza, ni la unidad, ni la disposici\u00f3n de la heterog\u00e9nea oposici\u00f3n antifranquista para conseguir llevar a cabo la ruptura democr\u00e1tica.<\/p>\n<p>Entre los que pertenecen a la generaci\u00f3n de aquella controvertida transici\u00f3n quedan personas capaces de remover los rescoldos del pasado y buscar la verdad, por incomoda que sea, m\u00e1s all\u00e1 de los mitos construidos. Este es el caso del libro que nos presenta Kepa Bilbao, que vivi\u00f3 intensa y comprometidamente la \u00e9poca que nos relata. Su mirada cr\u00edtica, alejada de la autocomplacencia y el conformismo, invita a reflexionar sobre el pasado y a aprender de los errores.<\/p>\n<p>La violencia ocupa todo el per\u00edodo que abarca el libro e inspira su t\u00edtulo. A\u00d1OS DE PLOMO es un documentado estudio de consulta obligada que trata con rigor hechos relevantes de una d\u00e9cada trascendental de nuestra historia (1975-1985). Un tiempo de una gran intensidad ideol\u00f3gica, repleta de ilusiones revolucionarias y fanatismos, de acontecimientos tr\u00e1gicos, de luces y sombras. Aborda el papel determinante que jug\u00f3 el movimiento obrero en la crisis del franquismo, el surgimiento de los nuevos movimientos sociales (feminista, gay, euskaltzale, antinuclear, antimilitarista) y el an\u00e1lisis de las fuerzas antifranquistas que apoyaron el marco de la reforma pol\u00edtica propuesta por la fracci\u00f3n reformista del franquismo. Dedica una especial atenci\u00f3n a las distintas fuerzas rupturistas, sin escatimar las cr\u00edticas. Como dice el autor: \u201cSe vivi\u00f3 un momento de euforia por la utop\u00eda hasta el punto que el sector m\u00e1s radical crey\u00f3 que lo deseable era posible y bueno para la mayor\u00eda social, posibilidad que pasaba por una ruptura a trav\u00e9s de la violencia\u201d.<\/p>\n<p>Kepa Bilbao Ariztimu\u00f1o (Bermeo [Bizkaia], 1952) curs\u00f3 estudios de econom\u00eda en la facultad de Ciencias Econ\u00f3micas y Empresariales (Sarriko). Es Licenciado en Ciencias de la Informaci\u00f3n y profesor en ense\u00f1anzas medias en Bilbao. Ha publicado La Modernidad en la encrucijada. La crisis del pensamiento ut\u00f3pico en el siglo XX: el marxismo de Marx (Gakoa, 1997), Cr\u00f3nica de una izquierda singular (de ETA-berri a EMK\/MC y a Zutik-Batzarre). Naciones, nacionalismos y otros ensayos (1991-2006) en edici\u00f3n electr\u00f3nica; Capitalismo. Cr\u00edtica de la ideoloig\u00eda capitalista del \u00ablibre\u00bb mercado. El futuro del Capitalismo (Talasa, 2013); La Revoluci\u00f3n Cubana 1952-1976. Una mirada cr\u00edtica (Gakoa, 2017); A\u00f1os de plomo. La excepcionalidad vasco-navarra en la transici\u00f3n (1975-1985) [Gakoa, 2020)]<\/p>\n","protected":false},"excerpt":{"rendered":"<p><strong>Kepa Bilbao Ariztimu\u00f1o<\/strong><br \/>\n9788496993679 &#8211; Gakoa Liburuak &#8211; 2020 &#8211; 297 p\u00e1ginas \/orri.<\/p>\n","protected":false},"featured_media":5264,"template":"","meta":[],"product_brand":[],"product_cat":[185,16],"product_tag":[1123,3371],"class_list":{"0":"post-5214","1":"product","2":"type-product","3":"status-publish","4":"has-post-thumbnail","6":"product_cat-historia","7":"product_cat-libros","8":"product_tag-gakoa","9":"product_tag-kepa-bilbao-ariztimuno","11":"first","12":"instock","13":"sold-individually","14":"shipping-taxable","15":"purchasable","16":"product-type-simple"},"yoast_head":"<!-- This site is optimized with the Yoast SEO plugin v27.3 - https:\/\/yoast.com\/product\/yoast-seo-wordpress\/ -->\n<title>A\u00f1os de plomo. La excepcionalidad vasco-navarra en la transici\u00f3n &#8212; Zapateneo<\/title>\n<meta name=\"robots\" content=\"index, follow, max-snippet:-1, max-image-preview:large, max-video-preview:-1\" \/>\n<link rel=\"canonical\" href=\"https:\/\/zapateneo.net\/wordpress\/index.php\/producto\/anos-de-plomo-la-excepcionalidad-vasco-navarra-en-la-transicion\/\" \/>\n<meta property=\"og:locale\" content=\"es_ES\" \/>\n<meta property=\"og:type\" content=\"article\" \/>\n<meta property=\"og:title\" content=\"A\u00f1os de plomo. La excepcionalidad vasco-navarra en la transici\u00f3n &#8212; Zapateneo\" \/>\n<meta property=\"og:description\" content=\"Kepa Bilbao Ariztimu\u00f1o 9788496993679 - Gakoa Liburuak - 2020 - 297 p\u00e1ginas \/orri.\" \/>\n<meta property=\"og:url\" content=\"https:\/\/zapateneo.net\/wordpress\/index.php\/producto\/anos-de-plomo-la-excepcionalidad-vasco-navarra-en-la-transicion\/\" \/>\n<meta property=\"og:site_name\" content=\"Zapateneo\" \/>\n<meta property=\"article:modified_time\" content=\"2023-04-12T16:15:14+00:00\" \/>\n<meta property=\"og:image\" content=\"https:\/\/zapateneo.net\/wordpress\/wp-content\/uploads\/2021\/04\/anos-de-plomo.png\" \/>\n\t<meta property=\"og:image:width\" content=\"244\" \/>\n\t<meta property=\"og:image:height\" content=\"400\" \/>\n\t<meta property=\"og:image:type\" content=\"image\/png\" \/>\n<meta name=\"twitter:card\" content=\"summary_large_image\" \/>\n<meta name=\"twitter:site\" content=\"@zapateneo\" \/>\n<meta name=\"twitter:label1\" content=\"Tiempo de lectura\" \/>\n\t<meta name=\"twitter:data1\" content=\"2 minutos\" \/>\n<script type=\"application\/ld+json\" class=\"yoast-schema-graph\">{\"@context\":\"https:\\\/\\\/schema.org\",\"@graph\":[{\"@type\":\"WebPage\",\"@id\":\"https:\\\/\\\/zapateneo.net\\\/wordpress\\\/index.php\\\/producto\\\/anos-de-plomo-la-excepcionalidad-vasco-navarra-en-la-transicion\\\/\",\"url\":\"https:\\\/\\\/zapateneo.net\\\/wordpress\\\/index.php\\\/producto\\\/anos-de-plomo-la-excepcionalidad-vasco-navarra-en-la-transicion\\\/\",\"name\":\"A\u00f1os de plomo. La excepcionalidad vasco-navarra en la transici\u00f3n &#8212; Zapateneo\",\"isPartOf\":{\"@id\":\"https:\\\/\\\/zapateneo.net\\\/wordpress\\\/#website\"},\"primaryImageOfPage\":{\"@id\":\"https:\\\/\\\/zapateneo.net\\\/wordpress\\\/index.php\\\/producto\\\/anos-de-plomo-la-excepcionalidad-vasco-navarra-en-la-transicion\\\/#primaryimage\"},\"image\":{\"@id\":\"https:\\\/\\\/zapateneo.net\\\/wordpress\\\/index.php\\\/producto\\\/anos-de-plomo-la-excepcionalidad-vasco-navarra-en-la-transicion\\\/#primaryimage\"},\"thumbnailUrl\":\"https:\\\/\\\/zapateneo.net\\\/wordpress\\\/wp-content\\\/uploads\\\/2021\\\/04\\\/anos-de-plomo.png\",\"datePublished\":\"2021-04-08T15:59:52+00:00\",\"dateModified\":\"2023-04-12T16:15:14+00:00\",\"breadcrumb\":{\"@id\":\"https:\\\/\\\/zapateneo.net\\\/wordpress\\\/index.php\\\/producto\\\/anos-de-plomo-la-excepcionalidad-vasco-navarra-en-la-transicion\\\/#breadcrumb\"},\"inLanguage\":\"es\",\"potentialAction\":[{\"@type\":\"ReadAction\",\"target\":[\"https:\\\/\\\/zapateneo.net\\\/wordpress\\\/index.php\\\/producto\\\/anos-de-plomo-la-excepcionalidad-vasco-navarra-en-la-transicion\\\/\"]}]},{\"@type\":\"ImageObject\",\"inLanguage\":\"es\",\"@id\":\"https:\\\/\\\/zapateneo.net\\\/wordpress\\\/index.php\\\/producto\\\/anos-de-plomo-la-excepcionalidad-vasco-navarra-en-la-transicion\\\/#primaryimage\",\"url\":\"https:\\\/\\\/zapateneo.net\\\/wordpress\\\/wp-content\\\/uploads\\\/2021\\\/04\\\/anos-de-plomo.png\",\"contentUrl\":\"https:\\\/\\\/zapateneo.net\\\/wordpress\\\/wp-content\\\/uploads\\\/2021\\\/04\\\/anos-de-plomo.png\",\"width\":244,\"height\":400},{\"@type\":\"BreadcrumbList\",\"@id\":\"https:\\\/\\\/zapateneo.net\\\/wordpress\\\/index.php\\\/producto\\\/anos-de-plomo-la-excepcionalidad-vasco-navarra-en-la-transicion\\\/#breadcrumb\",\"itemListElement\":[{\"@type\":\"ListItem\",\"position\":1,\"name\":\"Portada\",\"item\":\"https:\\\/\\\/zapateneo.net\\\/wordpress\\\/\"},{\"@type\":\"ListItem\",\"position\":2,\"name\":\"Tienda\",\"item\":\"https:\\\/\\\/zapateneo.net\\\/wordpress\\\/\"},{\"@type\":\"ListItem\",\"position\":3,\"name\":\"A\u00f1os de plomo. La excepcionalidad vasco-navarra en la transici\u00f3n\"}]},{\"@type\":\"WebSite\",\"@id\":\"https:\\\/\\\/zapateneo.net\\\/wordpress\\\/#website\",\"url\":\"https:\\\/\\\/zapateneo.net\\\/wordpress\\\/\",\"name\":\"Zapateneo\",\"description\":\"Zapateneoaren webgunea\",\"publisher\":{\"@id\":\"https:\\\/\\\/zapateneo.net\\\/wordpress\\\/#organization\"},\"potentialAction\":[{\"@type\":\"SearchAction\",\"target\":{\"@type\":\"EntryPoint\",\"urlTemplate\":\"https:\\\/\\\/zapateneo.net\\\/wordpress\\\/?s={search_term_string}\"},\"query-input\":{\"@type\":\"PropertyValueSpecification\",\"valueRequired\":true,\"valueName\":\"search_term_string\"}}],\"inLanguage\":\"es\"},{\"@type\":\"Organization\",\"@id\":\"https:\\\/\\\/zapateneo.net\\\/wordpress\\\/#organization\",\"name\":\"Zapateneo Kultur Elkartea\",\"url\":\"https:\\\/\\\/zapateneo.net\\\/wordpress\\\/\",\"logo\":{\"@type\":\"ImageObject\",\"inLanguage\":\"es\",\"@id\":\"https:\\\/\\\/zapateneo.net\\\/wordpress\\\/#\\\/schema\\\/logo\\\/image\\\/\",\"url\":\"https:\\\/\\\/zapateneo.net\\\/wordpress\\\/wp-content\\\/uploads\\\/2021\\\/04\\\/zap-libu-kolec.jpg\",\"contentUrl\":\"https:\\\/\\\/zapateneo.net\\\/wordpress\\\/wp-content\\\/uploads\\\/2021\\\/04\\\/zap-libu-kolec.jpg\",\"width\":2234,\"height\":398,\"caption\":\"Zapateneo Kultur Elkartea\"},\"image\":{\"@id\":\"https:\\\/\\\/zapateneo.net\\\/wordpress\\\/#\\\/schema\\\/logo\\\/image\\\/\"},\"sameAs\":[\"https:\\\/\\\/x.com\\\/zapateneo\"]}]}<\/script>\n<!-- \/ Yoast SEO plugin. -->","yoast_head_json":{"title":"A\u00f1os de plomo. La excepcionalidad vasco-navarra en la transici\u00f3n &#8212; Zapateneo","robots":{"index":"index","follow":"follow","max-snippet":"max-snippet:-1","max-image-preview":"max-image-preview:large","max-video-preview":"max-video-preview:-1"},"canonical":"https:\/\/zapateneo.net\/wordpress\/index.php\/producto\/anos-de-plomo-la-excepcionalidad-vasco-navarra-en-la-transicion\/","og_locale":"es_ES","og_type":"article","og_title":"A\u00f1os de plomo. La excepcionalidad vasco-navarra en la transici\u00f3n &#8212; Zapateneo","og_description":"Kepa Bilbao Ariztimu\u00f1o 9788496993679 - Gakoa Liburuak - 2020 - 297 p\u00e1ginas \/orri.","og_url":"https:\/\/zapateneo.net\/wordpress\/index.php\/producto\/anos-de-plomo-la-excepcionalidad-vasco-navarra-en-la-transicion\/","og_site_name":"Zapateneo","article_modified_time":"2023-04-12T16:15:14+00:00","og_image":[{"width":244,"height":400,"url":"https:\/\/zapateneo.net\/wordpress\/wp-content\/uploads\/2021\/04\/anos-de-plomo.png","type":"image\/png"}],"twitter_card":"summary_large_image","twitter_site":"@zapateneo","twitter_misc":{"Tiempo de lectura":"2 minutos"},"schema":{"@context":"https:\/\/schema.org","@graph":[{"@type":"WebPage","@id":"https:\/\/zapateneo.net\/wordpress\/index.php\/producto\/anos-de-plomo-la-excepcionalidad-vasco-navarra-en-la-transicion\/","url":"https:\/\/zapateneo.net\/wordpress\/index.php\/producto\/anos-de-plomo-la-excepcionalidad-vasco-navarra-en-la-transicion\/","name":"A\u00f1os de plomo. La excepcionalidad vasco-navarra en la transici\u00f3n &#8212; Zapateneo","isPartOf":{"@id":"https:\/\/zapateneo.net\/wordpress\/#website"},"primaryImageOfPage":{"@id":"https:\/\/zapateneo.net\/wordpress\/index.php\/producto\/anos-de-plomo-la-excepcionalidad-vasco-navarra-en-la-transicion\/#primaryimage"},"image":{"@id":"https:\/\/zapateneo.net\/wordpress\/index.php\/producto\/anos-de-plomo-la-excepcionalidad-vasco-navarra-en-la-transicion\/#primaryimage"},"thumbnailUrl":"https:\/\/zapateneo.net\/wordpress\/wp-content\/uploads\/2021\/04\/anos-de-plomo.png","datePublished":"2021-04-08T15:59:52+00:00","dateModified":"2023-04-12T16:15:14+00:00","breadcrumb":{"@id":"https:\/\/zapateneo.net\/wordpress\/index.php\/producto\/anos-de-plomo-la-excepcionalidad-vasco-navarra-en-la-transicion\/#breadcrumb"},"inLanguage":"es","potentialAction":[{"@type":"ReadAction","target":["https:\/\/zapateneo.net\/wordpress\/index.php\/producto\/anos-de-plomo-la-excepcionalidad-vasco-navarra-en-la-transicion\/"]}]},{"@type":"ImageObject","inLanguage":"es","@id":"https:\/\/zapateneo.net\/wordpress\/index.php\/producto\/anos-de-plomo-la-excepcionalidad-vasco-navarra-en-la-transicion\/#primaryimage","url":"https:\/\/zapateneo.net\/wordpress\/wp-content\/uploads\/2021\/04\/anos-de-plomo.png","contentUrl":"https:\/\/zapateneo.net\/wordpress\/wp-content\/uploads\/2021\/04\/anos-de-plomo.png","width":244,"height":400},{"@type":"BreadcrumbList","@id":"https:\/\/zapateneo.net\/wordpress\/index.php\/producto\/anos-de-plomo-la-excepcionalidad-vasco-navarra-en-la-transicion\/#breadcrumb","itemListElement":[{"@type":"ListItem","position":1,"name":"Portada","item":"https:\/\/zapateneo.net\/wordpress\/"},{"@type":"ListItem","position":2,"name":"Tienda","item":"https:\/\/zapateneo.net\/wordpress\/"},{"@type":"ListItem","position":3,"name":"A\u00f1os de plomo. La excepcionalidad vasco-navarra en la transici\u00f3n"}]},{"@type":"WebSite","@id":"https:\/\/zapateneo.net\/wordpress\/#website","url":"https:\/\/zapateneo.net\/wordpress\/","name":"Zapateneo","description":"Zapateneoaren webgunea","publisher":{"@id":"https:\/\/zapateneo.net\/wordpress\/#organization"},"potentialAction":[{"@type":"SearchAction","target":{"@type":"EntryPoint","urlTemplate":"https:\/\/zapateneo.net\/wordpress\/?s={search_term_string}"},"query-input":{"@type":"PropertyValueSpecification","valueRequired":true,"valueName":"search_term_string"}}],"inLanguage":"es"},{"@type":"Organization","@id":"https:\/\/zapateneo.net\/wordpress\/#organization","name":"Zapateneo Kultur Elkartea","url":"https:\/\/zapateneo.net\/wordpress\/","logo":{"@type":"ImageObject","inLanguage":"es","@id":"https:\/\/zapateneo.net\/wordpress\/#\/schema\/logo\/image\/","url":"https:\/\/zapateneo.net\/wordpress\/wp-content\/uploads\/2021\/04\/zap-libu-kolec.jpg","contentUrl":"https:\/\/zapateneo.net\/wordpress\/wp-content\/uploads\/2021\/04\/zap-libu-kolec.jpg","width":2234,"height":398,"caption":"Zapateneo Kultur Elkartea"},"image":{"@id":"https:\/\/zapateneo.net\/wordpress\/#\/schema\/logo\/image\/"},"sameAs":["https:\/\/x.com\/zapateneo"]}]}},"_links":{"self":[{"href":"https:\/\/zapateneo.net\/wordpress\/index.php\/wp-json\/wp\/v2\/product\/5214","targetHints":{"allow":["GET"]}}],"collection":[{"href":"https:\/\/zapateneo.net\/wordpress\/index.php\/wp-json\/wp\/v2\/product"}],"about":[{"href":"https:\/\/zapateneo.net\/wordpress\/index.php\/wp-json\/wp\/v2\/types\/product"}],"wp:featuredmedia":[{"embeddable":true,"href":"https:\/\/zapateneo.net\/wordpress\/index.php\/wp-json\/wp\/v2\/media\/5264"}],"wp:attachment":[{"href":"https:\/\/zapateneo.net\/wordpress\/index.php\/wp-json\/wp\/v2\/media?parent=5214"}],"wp:term":[{"taxonomy":"product_brand","embeddable":true,"href":"https:\/\/zapateneo.net\/wordpress\/index.php\/wp-json\/wp\/v2\/product_brand?post=5214"},{"taxonomy":"product_cat","embeddable":true,"href":"https:\/\/zapateneo.net\/wordpress\/index.php\/wp-json\/wp\/v2\/product_cat?post=5214"},{"taxonomy":"product_tag","embeddable":true,"href":"https:\/\/zapateneo.net\/wordpress\/index.php\/wp-json\/wp\/v2\/product_tag?post=5214"}],"curies":[{"name":"wp","href":"https:\/\/api.w.org\/{rel}","templated":true}]}}