{"id":5204,"date":"2021-04-08T16:59:49","date_gmt":"2021-04-08T15:59:49","guid":{"rendered":"https:\/\/zapateneo.net\/wordpress\/?post_type=product&#038;p=5204"},"modified":"2022-09-05T17:27:56","modified_gmt":"2022-09-05T16:27:56","slug":"diario-del-asedio-a-duma-2013","status":"publish","type":"product","link":"https:\/\/zapateneo.net\/wordpress\/index.php\/producto\/diario-del-asedio-a-duma-2013\/","title":{"rendered":"Diario del asedio a Duma, 2013"},"content":{"rendered":"<p>\u00abEn el mundo hay un apag\u00f3n general. Se llama Siria. Hace seis a\u00f1os una revoluci\u00f3n democr\u00e1tica planetaria que empez\u00f3 en T\u00fanez, pero que tuvo sus met\u00e1stasis de salud en Espa\u00f1a, en Grecia, en Turqu\u00eda, en EE.UU., lleg\u00f3 tambi\u00e9n a Siria, el lugar m\u00e1s improbable y tambi\u00e9n el m\u00e1s necesitado. All\u00ed se concentraron todas las esperanzas de cambio, y all\u00ed se concentraron, por eso mismo, todos los esfuerzos para impedirlo. Siria tiene algo de emblema y de m\u00f3nada, de s\u00edmbolo y de revelaci\u00f3n. Todas las fuerzas que, por separado, frenaron o voltearon las \u00abrevoluciones \u00e1rabes\u00bb, se lanzaron juntas contra la revoluci\u00f3n siria: decenas de pa\u00edses, de milicias sectarias extranjeras, de grupos yihadistas internacionales. Por eso su derrota expresa, mejor que ninguna otra, el estado del mundo, su nueva composici\u00f3n geopol\u00edtica y las nuevas amenazas que se ciernen sobre todos. Podemos decir, con una imagen apenas hiperb\u00f3lica, que para impedir el cambio en Siria ha hecho falta cambiar el mundo entero.\u00bb<\/p>\n<p>Santiago Alba<\/p>\n<p>\u00abSiria es el pa\u00eds en el que ha reca\u00eddo el mayor peso de la connivencia de los tres monstruos u ogros: el despotismo asesino asadiano \u0097que mat\u00f3 a decenas de miles de sirios a principios de los ochenta\u0097, las formaciones nihilistas salvajes, como Daesh, Al-Qaeda y el Ej\u00e9rcito del Islam \u0097la formaci\u00f3n que secuestr\u00f3 a Samira, Razan, Wael y Nazem\u0097, y la \u00abadministraci\u00f3n de la crisis siria\u00bb por parte de EE.UU., para que Asad se quedara, provocando la destrucci\u00f3n del pa\u00eds y facilitando (a trav\u00e9s de la ret\u00f3rica de la guerra elitista contra el terrorismo) que el pa\u00eds cayera bajo la ocupaci\u00f3n rusa e iran\u00ed. Del mismo modo, ha facilitado el ascenso internacional de la derecha nacionalista securitaria, el retorno de la pol\u00edtica de fronteras y la inclusi\u00f3n de temas como la inmigraci\u00f3n, la concesi\u00f3n de asilo y el terrorismo de forma prioritaria en las agendas de las \u00e9lites pol\u00edticas de los pa\u00edses occidentales.\u00bb<\/p>\n<p>Yassin al-Haj Saleh<\/p>\n<p>\u00abEs una guerra real, no un juego de disfraces importado.<br \/>\nEs una guerra real para la que varios Estados han exportado sus instrumentos de muerte.<br \/>\nEs una guerra cuya inmoralidad es insuperable, mientras el mundo mira los restos de las personas: carne y sangre que saltan por los aires a trav\u00e9s de las pantallas.<br \/>\nNo es un juego de disfraces: la gente muere a diario de hambre, enfermedad y violencia\u0085<br \/>\nMueren a causa de los proyectiles que atraviesan sus casas\u0085 Mueren mientras preparan la comida de sus hijos y piensan qu\u00e9 har\u00e1n para cenar. El proyectil llega para darles un descanso del sufrimiento diario.\u00bb<\/p>\n<p>Samira Khalil<\/p>\n","protected":false},"excerpt":{"rendered":"<p><strong>Khalil, Samir<\/strong><br \/>\n9788494656408 &#8211; Oriente y Mediterr\u00e1neo &#8211; 2017 &#8211; 172 p\u00e1ginas \/orri.<\/p>\n","protected":false},"featured_media":5232,"template":"","meta":[],"product_brand":[],"product_cat":[185,16],"product_tag":[3361,668,897],"class_list":{"0":"post-5204","1":"product","2":"type-product","3":"status-publish","4":"has-post-thumbnail","6":"product_cat-historia","7":"product_cat-libros","8":"product_tag-khalil","9":"product_tag-oriente-y-mediterraneo","10":"product_tag-samir","12":"first","13":"onbackorder","14":"sold-individually","15":"shipping-taxable","16":"purchasable","17":"product-type-simple"},"yoast_head":"<!-- This site is optimized with the Yoast SEO plugin v27.3 - https:\/\/yoast.com\/product\/yoast-seo-wordpress\/ -->\n<title>Diario del asedio a Duma, 2013 &#8212; Zapateneo<\/title>\n<meta name=\"robots\" content=\"index, follow, max-snippet:-1, max-image-preview:large, max-video-preview:-1\" \/>\n<link rel=\"canonical\" href=\"https:\/\/zapateneo.net\/wordpress\/index.php\/producto\/diario-del-asedio-a-duma-2013\/\" \/>\n<meta property=\"og:locale\" content=\"es_ES\" \/>\n<meta property=\"og:type\" content=\"article\" \/>\n<meta property=\"og:title\" content=\"Diario del asedio a Duma, 2013 &#8212; Zapateneo\" \/>\n<meta property=\"og:description\" content=\"Khalil, Samir 9788494656408 - Oriente y Mediterr\u00e1neo - 2017 - 172 p\u00e1ginas \/orri.\" \/>\n<meta property=\"og:url\" content=\"https:\/\/zapateneo.net\/wordpress\/index.php\/producto\/diario-del-asedio-a-duma-2013\/\" \/>\n<meta property=\"og:site_name\" content=\"Zapateneo\" \/>\n<meta property=\"article:modified_time\" content=\"2022-09-05T16:27:56+00:00\" \/>\n<meta property=\"og:image\" content=\"https:\/\/zapateneo.net\/wordpress\/wp-content\/uploads\/2021\/04\/9788494656408.jpg\" \/>\n\t<meta property=\"og:image:width\" content=\"120\" \/>\n\t<meta property=\"og:image:height\" content=\"202\" \/>\n\t<meta property=\"og:image:type\" content=\"image\/jpeg\" \/>\n<meta name=\"twitter:card\" content=\"summary_large_image\" \/>\n<meta name=\"twitter:site\" content=\"@zapateneo\" \/>\n<meta name=\"twitter:label1\" content=\"Tiempo de lectura\" \/>\n\t<meta name=\"twitter:data1\" content=\"2 minutos\" \/>\n<script type=\"application\/ld+json\" class=\"yoast-schema-graph\">{\"@context\":\"https:\\\/\\\/schema.org\",\"@graph\":[{\"@type\":\"WebPage\",\"@id\":\"https:\\\/\\\/zapateneo.net\\\/wordpress\\\/index.php\\\/producto\\\/diario-del-asedio-a-duma-2013\\\/\",\"url\":\"https:\\\/\\\/zapateneo.net\\\/wordpress\\\/index.php\\\/producto\\\/diario-del-asedio-a-duma-2013\\\/\",\"name\":\"Diario del asedio a Duma, 2013 &#8212; Zapateneo\",\"isPartOf\":{\"@id\":\"https:\\\/\\\/zapateneo.net\\\/wordpress\\\/#website\"},\"primaryImageOfPage\":{\"@id\":\"https:\\\/\\\/zapateneo.net\\\/wordpress\\\/index.php\\\/producto\\\/diario-del-asedio-a-duma-2013\\\/#primaryimage\"},\"image\":{\"@id\":\"https:\\\/\\\/zapateneo.net\\\/wordpress\\\/index.php\\\/producto\\\/diario-del-asedio-a-duma-2013\\\/#primaryimage\"},\"thumbnailUrl\":\"https:\\\/\\\/zapateneo.net\\\/wordpress\\\/wp-content\\\/uploads\\\/2021\\\/04\\\/9788494656408.jpg\",\"datePublished\":\"2021-04-08T15:59:49+00:00\",\"dateModified\":\"2022-09-05T16:27:56+00:00\",\"breadcrumb\":{\"@id\":\"https:\\\/\\\/zapateneo.net\\\/wordpress\\\/index.php\\\/producto\\\/diario-del-asedio-a-duma-2013\\\/#breadcrumb\"},\"inLanguage\":\"es\",\"potentialAction\":[{\"@type\":\"ReadAction\",\"target\":[\"https:\\\/\\\/zapateneo.net\\\/wordpress\\\/index.php\\\/producto\\\/diario-del-asedio-a-duma-2013\\\/\"]}]},{\"@type\":\"ImageObject\",\"inLanguage\":\"es\",\"@id\":\"https:\\\/\\\/zapateneo.net\\\/wordpress\\\/index.php\\\/producto\\\/diario-del-asedio-a-duma-2013\\\/#primaryimage\",\"url\":\"https:\\\/\\\/zapateneo.net\\\/wordpress\\\/wp-content\\\/uploads\\\/2021\\\/04\\\/9788494656408.jpg\",\"contentUrl\":\"https:\\\/\\\/zapateneo.net\\\/wordpress\\\/wp-content\\\/uploads\\\/2021\\\/04\\\/9788494656408.jpg\",\"width\":120,\"height\":202},{\"@type\":\"BreadcrumbList\",\"@id\":\"https:\\\/\\\/zapateneo.net\\\/wordpress\\\/index.php\\\/producto\\\/diario-del-asedio-a-duma-2013\\\/#breadcrumb\",\"itemListElement\":[{\"@type\":\"ListItem\",\"position\":1,\"name\":\"Portada\",\"item\":\"https:\\\/\\\/zapateneo.net\\\/wordpress\\\/\"},{\"@type\":\"ListItem\",\"position\":2,\"name\":\"Tienda\",\"item\":\"https:\\\/\\\/zapateneo.net\\\/wordpress\\\/\"},{\"@type\":\"ListItem\",\"position\":3,\"name\":\"Diario del asedio a Duma, 2013\"}]},{\"@type\":\"WebSite\",\"@id\":\"https:\\\/\\\/zapateneo.net\\\/wordpress\\\/#website\",\"url\":\"https:\\\/\\\/zapateneo.net\\\/wordpress\\\/\",\"name\":\"Zapateneo\",\"description\":\"Zapateneoaren webgunea\",\"publisher\":{\"@id\":\"https:\\\/\\\/zapateneo.net\\\/wordpress\\\/#organization\"},\"potentialAction\":[{\"@type\":\"SearchAction\",\"target\":{\"@type\":\"EntryPoint\",\"urlTemplate\":\"https:\\\/\\\/zapateneo.net\\\/wordpress\\\/?s={search_term_string}\"},\"query-input\":{\"@type\":\"PropertyValueSpecification\",\"valueRequired\":true,\"valueName\":\"search_term_string\"}}],\"inLanguage\":\"es\"},{\"@type\":\"Organization\",\"@id\":\"https:\\\/\\\/zapateneo.net\\\/wordpress\\\/#organization\",\"name\":\"Zapateneo Kultur Elkartea\",\"url\":\"https:\\\/\\\/zapateneo.net\\\/wordpress\\\/\",\"logo\":{\"@type\":\"ImageObject\",\"inLanguage\":\"es\",\"@id\":\"https:\\\/\\\/zapateneo.net\\\/wordpress\\\/#\\\/schema\\\/logo\\\/image\\\/\",\"url\":\"https:\\\/\\\/zapateneo.net\\\/wordpress\\\/wp-content\\\/uploads\\\/2021\\\/04\\\/zap-libu-kolec.jpg\",\"contentUrl\":\"https:\\\/\\\/zapateneo.net\\\/wordpress\\\/wp-content\\\/uploads\\\/2021\\\/04\\\/zap-libu-kolec.jpg\",\"width\":2234,\"height\":398,\"caption\":\"Zapateneo Kultur Elkartea\"},\"image\":{\"@id\":\"https:\\\/\\\/zapateneo.net\\\/wordpress\\\/#\\\/schema\\\/logo\\\/image\\\/\"},\"sameAs\":[\"https:\\\/\\\/x.com\\\/zapateneo\"]}]}<\/script>\n<!-- \/ Yoast SEO plugin. -->","yoast_head_json":{"title":"Diario del asedio a Duma, 2013 &#8212; Zapateneo","robots":{"index":"index","follow":"follow","max-snippet":"max-snippet:-1","max-image-preview":"max-image-preview:large","max-video-preview":"max-video-preview:-1"},"canonical":"https:\/\/zapateneo.net\/wordpress\/index.php\/producto\/diario-del-asedio-a-duma-2013\/","og_locale":"es_ES","og_type":"article","og_title":"Diario del asedio a Duma, 2013 &#8212; Zapateneo","og_description":"Khalil, Samir 9788494656408 - Oriente y Mediterr\u00e1neo - 2017 - 172 p\u00e1ginas \/orri.","og_url":"https:\/\/zapateneo.net\/wordpress\/index.php\/producto\/diario-del-asedio-a-duma-2013\/","og_site_name":"Zapateneo","article_modified_time":"2022-09-05T16:27:56+00:00","og_image":[{"width":120,"height":202,"url":"https:\/\/zapateneo.net\/wordpress\/wp-content\/uploads\/2021\/04\/9788494656408.jpg","type":"image\/jpeg"}],"twitter_card":"summary_large_image","twitter_site":"@zapateneo","twitter_misc":{"Tiempo de lectura":"2 minutos"},"schema":{"@context":"https:\/\/schema.org","@graph":[{"@type":"WebPage","@id":"https:\/\/zapateneo.net\/wordpress\/index.php\/producto\/diario-del-asedio-a-duma-2013\/","url":"https:\/\/zapateneo.net\/wordpress\/index.php\/producto\/diario-del-asedio-a-duma-2013\/","name":"Diario del asedio a Duma, 2013 &#8212; Zapateneo","isPartOf":{"@id":"https:\/\/zapateneo.net\/wordpress\/#website"},"primaryImageOfPage":{"@id":"https:\/\/zapateneo.net\/wordpress\/index.php\/producto\/diario-del-asedio-a-duma-2013\/#primaryimage"},"image":{"@id":"https:\/\/zapateneo.net\/wordpress\/index.php\/producto\/diario-del-asedio-a-duma-2013\/#primaryimage"},"thumbnailUrl":"https:\/\/zapateneo.net\/wordpress\/wp-content\/uploads\/2021\/04\/9788494656408.jpg","datePublished":"2021-04-08T15:59:49+00:00","dateModified":"2022-09-05T16:27:56+00:00","breadcrumb":{"@id":"https:\/\/zapateneo.net\/wordpress\/index.php\/producto\/diario-del-asedio-a-duma-2013\/#breadcrumb"},"inLanguage":"es","potentialAction":[{"@type":"ReadAction","target":["https:\/\/zapateneo.net\/wordpress\/index.php\/producto\/diario-del-asedio-a-duma-2013\/"]}]},{"@type":"ImageObject","inLanguage":"es","@id":"https:\/\/zapateneo.net\/wordpress\/index.php\/producto\/diario-del-asedio-a-duma-2013\/#primaryimage","url":"https:\/\/zapateneo.net\/wordpress\/wp-content\/uploads\/2021\/04\/9788494656408.jpg","contentUrl":"https:\/\/zapateneo.net\/wordpress\/wp-content\/uploads\/2021\/04\/9788494656408.jpg","width":120,"height":202},{"@type":"BreadcrumbList","@id":"https:\/\/zapateneo.net\/wordpress\/index.php\/producto\/diario-del-asedio-a-duma-2013\/#breadcrumb","itemListElement":[{"@type":"ListItem","position":1,"name":"Portada","item":"https:\/\/zapateneo.net\/wordpress\/"},{"@type":"ListItem","position":2,"name":"Tienda","item":"https:\/\/zapateneo.net\/wordpress\/"},{"@type":"ListItem","position":3,"name":"Diario del asedio a Duma, 2013"}]},{"@type":"WebSite","@id":"https:\/\/zapateneo.net\/wordpress\/#website","url":"https:\/\/zapateneo.net\/wordpress\/","name":"Zapateneo","description":"Zapateneoaren webgunea","publisher":{"@id":"https:\/\/zapateneo.net\/wordpress\/#organization"},"potentialAction":[{"@type":"SearchAction","target":{"@type":"EntryPoint","urlTemplate":"https:\/\/zapateneo.net\/wordpress\/?s={search_term_string}"},"query-input":{"@type":"PropertyValueSpecification","valueRequired":true,"valueName":"search_term_string"}}],"inLanguage":"es"},{"@type":"Organization","@id":"https:\/\/zapateneo.net\/wordpress\/#organization","name":"Zapateneo Kultur Elkartea","url":"https:\/\/zapateneo.net\/wordpress\/","logo":{"@type":"ImageObject","inLanguage":"es","@id":"https:\/\/zapateneo.net\/wordpress\/#\/schema\/logo\/image\/","url":"https:\/\/zapateneo.net\/wordpress\/wp-content\/uploads\/2021\/04\/zap-libu-kolec.jpg","contentUrl":"https:\/\/zapateneo.net\/wordpress\/wp-content\/uploads\/2021\/04\/zap-libu-kolec.jpg","width":2234,"height":398,"caption":"Zapateneo Kultur Elkartea"},"image":{"@id":"https:\/\/zapateneo.net\/wordpress\/#\/schema\/logo\/image\/"},"sameAs":["https:\/\/x.com\/zapateneo"]}]}},"_links":{"self":[{"href":"https:\/\/zapateneo.net\/wordpress\/index.php\/wp-json\/wp\/v2\/product\/5204","targetHints":{"allow":["GET"]}}],"collection":[{"href":"https:\/\/zapateneo.net\/wordpress\/index.php\/wp-json\/wp\/v2\/product"}],"about":[{"href":"https:\/\/zapateneo.net\/wordpress\/index.php\/wp-json\/wp\/v2\/types\/product"}],"wp:featuredmedia":[{"embeddable":true,"href":"https:\/\/zapateneo.net\/wordpress\/index.php\/wp-json\/wp\/v2\/media\/5232"}],"wp:attachment":[{"href":"https:\/\/zapateneo.net\/wordpress\/index.php\/wp-json\/wp\/v2\/media?parent=5204"}],"wp:term":[{"taxonomy":"product_brand","embeddable":true,"href":"https:\/\/zapateneo.net\/wordpress\/index.php\/wp-json\/wp\/v2\/product_brand?post=5204"},{"taxonomy":"product_cat","embeddable":true,"href":"https:\/\/zapateneo.net\/wordpress\/index.php\/wp-json\/wp\/v2\/product_cat?post=5204"},{"taxonomy":"product_tag","embeddable":true,"href":"https:\/\/zapateneo.net\/wordpress\/index.php\/wp-json\/wp\/v2\/product_tag?post=5204"}],"curies":[{"name":"wp","href":"https:\/\/api.w.org\/{rel}","templated":true}]}}