{"id":5174,"date":"2021-04-08T16:59:24","date_gmt":"2021-04-08T15:59:24","guid":{"rendered":"https:\/\/zapateneo.net\/wordpress\/?post_type=product&#038;p=5174"},"modified":"2023-07-26T15:18:47","modified_gmt":"2023-07-26T14:18:47","slug":"cuaderno-rojo-de-la-guerra-de-espana","status":"publish","type":"product","link":"https:\/\/zapateneo.net\/wordpress\/index.php\/producto\/cuaderno-rojo-de-la-guerra-de-espana\/","title":{"rendered":"Cuaderno rojo de la guerra de Espa\u00f1a"},"content":{"rendered":"<div>\n<p>En estos diarios, Mary Low y Juan Bre\u00e1 nos ofrecen la oportunidad de vivir las ansias de libertad de los primeros meses de la revoluci\u00f3n social tras el golpe de Estado fascista, cuando la burocracia y el conflicto b\u00e9lico no hab\u00edan ahogado a\u00fan los anhelos de transformaci\u00f3n.<\/p>\n<p>A trav\u00e9s de una serie de estampas \u00edntimas del d\u00eda a d\u00eda, Low y Bre\u00e1 nos muestran c\u00f3mo podemos ser cuando tratamos de comportarnos como seres humanos y no como engranajes de una m\u00e1quina capitalista. Los caf\u00e9s abren de madrugada; los cines y teatros siguen programando irreverentes; los soguillas se mueven fren\u00e9ticos por la estaci\u00f3n de Francia; las vecinas salen poderosas a charlar a la calle; se agilizan los divorcios y matrimonios; incluso hay quien se echa la siesta. Este contraste rompe con el relato de la historiograf\u00eda oficial que impone que la vida cotidiana desapareci\u00f3 durante la Guerra Civil. Y completa la narrativa sobre la expropiaci\u00f3n y la colectivizaci\u00f3n en f\u00e1bricas y campos.<\/p>\n<p>Este \u00abcuaderno rojo\u00bb re\u00fane, por primera vez, la traducci\u00f3n \u00edntegra de Red Spanish Notebook \u2014completando el trabajo iniciado por Alikornio con Cuaderno rojo de Barcelona\u2014 y contribuye as\u00ed a llenar el vac\u00edo todav\u00eda existente sobre el per\u00edodo revolucionario de la Guerra Civil, antes de que la Rep\u00fablica quedase atrapada entre la reacci\u00f3n burguesa y el chantaje estalinista.<\/p>\n<p><em>\u00abDurante varios meses, mucha gente crey\u00f3 que las personas eran iguales y deb\u00edan actuar seg\u00fan su creencia. El resultado fue una sensaci\u00f3n de liberaci\u00f3n y una esperanza dif\u00edciles de concebir en nuestra atm\u00f3sfera contaminada por el dinero. Es aqu\u00ed donde reside el valor de Cuaderno rojo de la guerra de Espa\u00f1a.\u00bb<\/em>\u00a0\u2014George Orwell,\u00a0<em>Time &amp; Tide<\/em><\/p>\n<p>&nbsp;<\/p>\n<p>&nbsp;<\/p>\n<\/div>\n<div class=\"row\">\n<div class=\"col-12 col-12-small\">\n<p><span class=\"image left autor\"><img loading=\"lazy\" decoding=\"async\" class=\"alignleft\" src=\"https:\/\/www.viruseditorial.net\/\/fotos-autor\/brea-low2.jpg\" alt=\"mary-low-y-juan-brea\" width=\"444\" height=\"307\" \/><\/span><\/p>\n<p><strong>Mary Low<\/strong>\u00a0(1912-2007) fue una poeta y militante trotskista anglo-australiana. Cautivada desde la infancia por la figura hist\u00f3rica de Julio C\u00e9sar, fue profesora de lat\u00edn y una viajera impenitente. Ingres\u00f3 en el POUM en 1936 y coordin\u00f3 su bolet\u00edn en ingl\u00e9s\u00a0<em>Spanish Revolution<\/em>. Asimismo, ejerci\u00f3 como representante del partido en la consejer\u00eda de propaganda de la Generalitat dirigida por Jaume Miravitlles, lo que le permiti\u00f3 escribir el magn\u00edfico cap\u00edtulo relativo a este funcionario catalanista burgu\u00e9s. Durante m\u00e1s de quince a\u00f1os, edit\u00f3\u00a0<em>Classics Chronicle<\/em>, revista semestral dedicada al lat\u00edn y a la historia de Roma e intervino activamente en el movimiento surrealista europeo.<\/p>\n<p><strong>Juan Bre\u00e1<\/strong>\u00a0(1905-1941) fue un escritor cubano de ascendencia india-siboney y francesa, vinculado desde joven a la vanguardia revolucionaria y surrealista. Autodidacta con vasta cultura, constituy\u00f3 el Grupo H, la \u00fanica agrupaci\u00f3n surrealista cubana de la d\u00e9cada de 1920. Tras ser detenido por su oposici\u00f3n a la dictadura del general Machado, se exili\u00f3 en M\u00e9xico. En enero de 1931, march\u00f3 a Espa\u00f1a, donde fue encarcelado nuevamente. En la prisi\u00f3n Modelo de Barcelona coincidi\u00f3 con Andreu Nin, que le introdujo a las tesis trotskistas. Y, durante la guerra, estuvo en los frentes de Arag\u00f3n, Toledo y Sig\u00fcenza, como parte de la Columna Internacional Lenin del POUM.<\/p>\n<\/div>\n<\/div>\n<div>\n<p><a href=\"http:\/\/www.viruseditorial.net\/file\/mailing-cuaderno-rojo-DEF.pdf\">Ficha<\/a><\/p>\n<\/div>\n","protected":false},"excerpt":{"rendered":"<p><strong>Mary Low<\/strong><br \/>\n9788492559930 &#8211; Virus &#8211; 2019 &#8211; 253 p\u00e1ginas \/orri.<\/p>\n","protected":false},"featured_media":5221,"template":"","meta":[],"product_brand":[],"product_cat":[185,16],"product_tag":[5380,3349,57],"class_list":{"0":"post-5174","1":"product","2":"type-product","3":"status-publish","4":"has-post-thumbnail","6":"product_cat-historia","7":"product_cat-libros","8":"product_tag-juan-brea","9":"product_tag-mary-low","10":"product_tag-virus","12":"first","13":"outofstock","14":"sold-individually","15":"shipping-taxable","16":"purchasable","17":"product-type-simple"},"yoast_head":"<!-- This site is optimized with the Yoast SEO plugin v27.4 - https:\/\/yoast.com\/product\/yoast-seo-wordpress\/ -->\n<title>Cuaderno rojo de la guerra de Espa\u00f1a &#8212; Zapateneo<\/title>\n<meta name=\"robots\" content=\"index, follow, max-snippet:-1, max-image-preview:large, max-video-preview:-1\" \/>\n<link rel=\"canonical\" href=\"https:\/\/zapateneo.net\/wordpress\/index.php\/producto\/cuaderno-rojo-de-la-guerra-de-espana\/\" \/>\n<meta property=\"og:locale\" content=\"es_ES\" \/>\n<meta property=\"og:type\" content=\"article\" \/>\n<meta property=\"og:title\" content=\"Cuaderno rojo de la guerra de Espa\u00f1a &#8212; Zapateneo\" \/>\n<meta property=\"og:description\" content=\"Mary Low 9788492559930 - Virus - 2019 - 253 p\u00e1ginas \/orri.\" \/>\n<meta property=\"og:url\" content=\"https:\/\/zapateneo.net\/wordpress\/index.php\/producto\/cuaderno-rojo-de-la-guerra-de-espana\/\" \/>\n<meta property=\"og:site_name\" content=\"Zapateneo\" \/>\n<meta property=\"article:modified_time\" content=\"2023-07-26T14:18:47+00:00\" \/>\n<meta property=\"og:image\" content=\"https:\/\/zapateneo.net\/wordpress\/wp-content\/uploads\/2021\/04\/9788492559930.jpg\" \/>\n\t<meta property=\"og:image:width\" content=\"120\" \/>\n\t<meta property=\"og:image:height\" content=\"120\" \/>\n\t<meta property=\"og:image:type\" content=\"image\/jpeg\" \/>\n<meta name=\"twitter:card\" content=\"summary_large_image\" \/>\n<meta name=\"twitter:site\" content=\"@zapateneo\" \/>\n<meta name=\"twitter:label1\" content=\"Tiempo de lectura\" \/>\n\t<meta name=\"twitter:data1\" content=\"3 minutos\" \/>\n<script type=\"application\/ld+json\" class=\"yoast-schema-graph\">{\"@context\":\"https:\\\/\\\/schema.org\",\"@graph\":[{\"@type\":\"WebPage\",\"@id\":\"https:\\\/\\\/zapateneo.net\\\/wordpress\\\/index.php\\\/producto\\\/cuaderno-rojo-de-la-guerra-de-espana\\\/\",\"url\":\"https:\\\/\\\/zapateneo.net\\\/wordpress\\\/index.php\\\/producto\\\/cuaderno-rojo-de-la-guerra-de-espana\\\/\",\"name\":\"Cuaderno rojo de la guerra de Espa\u00f1a &#8212; Zapateneo\",\"isPartOf\":{\"@id\":\"https:\\\/\\\/zapateneo.net\\\/wordpress\\\/#website\"},\"primaryImageOfPage\":{\"@id\":\"https:\\\/\\\/zapateneo.net\\\/wordpress\\\/index.php\\\/producto\\\/cuaderno-rojo-de-la-guerra-de-espana\\\/#primaryimage\"},\"image\":{\"@id\":\"https:\\\/\\\/zapateneo.net\\\/wordpress\\\/index.php\\\/producto\\\/cuaderno-rojo-de-la-guerra-de-espana\\\/#primaryimage\"},\"thumbnailUrl\":\"https:\\\/\\\/zapateneo.net\\\/wordpress\\\/wp-content\\\/uploads\\\/2021\\\/04\\\/9788492559930.jpg\",\"datePublished\":\"2021-04-08T15:59:24+00:00\",\"dateModified\":\"2023-07-26T14:18:47+00:00\",\"breadcrumb\":{\"@id\":\"https:\\\/\\\/zapateneo.net\\\/wordpress\\\/index.php\\\/producto\\\/cuaderno-rojo-de-la-guerra-de-espana\\\/#breadcrumb\"},\"inLanguage\":\"es\",\"potentialAction\":[{\"@type\":\"ReadAction\",\"target\":[\"https:\\\/\\\/zapateneo.net\\\/wordpress\\\/index.php\\\/producto\\\/cuaderno-rojo-de-la-guerra-de-espana\\\/\"]}]},{\"@type\":\"ImageObject\",\"inLanguage\":\"es\",\"@id\":\"https:\\\/\\\/zapateneo.net\\\/wordpress\\\/index.php\\\/producto\\\/cuaderno-rojo-de-la-guerra-de-espana\\\/#primaryimage\",\"url\":\"https:\\\/\\\/zapateneo.net\\\/wordpress\\\/wp-content\\\/uploads\\\/2021\\\/04\\\/9788492559930.jpg\",\"contentUrl\":\"https:\\\/\\\/zapateneo.net\\\/wordpress\\\/wp-content\\\/uploads\\\/2021\\\/04\\\/9788492559930.jpg\",\"width\":120,\"height\":120},{\"@type\":\"BreadcrumbList\",\"@id\":\"https:\\\/\\\/zapateneo.net\\\/wordpress\\\/index.php\\\/producto\\\/cuaderno-rojo-de-la-guerra-de-espana\\\/#breadcrumb\",\"itemListElement\":[{\"@type\":\"ListItem\",\"position\":1,\"name\":\"Portada\",\"item\":\"https:\\\/\\\/zapateneo.net\\\/wordpress\\\/\"},{\"@type\":\"ListItem\",\"position\":2,\"name\":\"Tienda\",\"item\":\"https:\\\/\\\/zapateneo.net\\\/wordpress\\\/\"},{\"@type\":\"ListItem\",\"position\":3,\"name\":\"Cuaderno rojo de la guerra de Espa\u00f1a\"}]},{\"@type\":\"WebSite\",\"@id\":\"https:\\\/\\\/zapateneo.net\\\/wordpress\\\/#website\",\"url\":\"https:\\\/\\\/zapateneo.net\\\/wordpress\\\/\",\"name\":\"Zapateneo\",\"description\":\"Zapateneoaren webgunea\",\"publisher\":{\"@id\":\"https:\\\/\\\/zapateneo.net\\\/wordpress\\\/#organization\"},\"potentialAction\":[{\"@type\":\"SearchAction\",\"target\":{\"@type\":\"EntryPoint\",\"urlTemplate\":\"https:\\\/\\\/zapateneo.net\\\/wordpress\\\/?s={search_term_string}\"},\"query-input\":{\"@type\":\"PropertyValueSpecification\",\"valueRequired\":true,\"valueName\":\"search_term_string\"}}],\"inLanguage\":\"es\"},{\"@type\":\"Organization\",\"@id\":\"https:\\\/\\\/zapateneo.net\\\/wordpress\\\/#organization\",\"name\":\"Zapateneo Kultur Elkartea\",\"url\":\"https:\\\/\\\/zapateneo.net\\\/wordpress\\\/\",\"logo\":{\"@type\":\"ImageObject\",\"inLanguage\":\"es\",\"@id\":\"https:\\\/\\\/zapateneo.net\\\/wordpress\\\/#\\\/schema\\\/logo\\\/image\\\/\",\"url\":\"https:\\\/\\\/zapateneo.net\\\/wordpress\\\/wp-content\\\/uploads\\\/2021\\\/04\\\/zap-libu-kolec.jpg\",\"contentUrl\":\"https:\\\/\\\/zapateneo.net\\\/wordpress\\\/wp-content\\\/uploads\\\/2021\\\/04\\\/zap-libu-kolec.jpg\",\"width\":2234,\"height\":398,\"caption\":\"Zapateneo Kultur Elkartea\"},\"image\":{\"@id\":\"https:\\\/\\\/zapateneo.net\\\/wordpress\\\/#\\\/schema\\\/logo\\\/image\\\/\"},\"sameAs\":[\"https:\\\/\\\/x.com\\\/zapateneo\"]}]}<\/script>\n<!-- \/ Yoast SEO plugin. -->","yoast_head_json":{"title":"Cuaderno rojo de la guerra de Espa\u00f1a &#8212; Zapateneo","robots":{"index":"index","follow":"follow","max-snippet":"max-snippet:-1","max-image-preview":"max-image-preview:large","max-video-preview":"max-video-preview:-1"},"canonical":"https:\/\/zapateneo.net\/wordpress\/index.php\/producto\/cuaderno-rojo-de-la-guerra-de-espana\/","og_locale":"es_ES","og_type":"article","og_title":"Cuaderno rojo de la guerra de Espa\u00f1a &#8212; Zapateneo","og_description":"Mary Low 9788492559930 - Virus - 2019 - 253 p\u00e1ginas \/orri.","og_url":"https:\/\/zapateneo.net\/wordpress\/index.php\/producto\/cuaderno-rojo-de-la-guerra-de-espana\/","og_site_name":"Zapateneo","article_modified_time":"2023-07-26T14:18:47+00:00","og_image":[{"width":120,"height":120,"url":"https:\/\/zapateneo.net\/wordpress\/wp-content\/uploads\/2021\/04\/9788492559930.jpg","type":"image\/jpeg"}],"twitter_card":"summary_large_image","twitter_site":"@zapateneo","twitter_misc":{"Tiempo de lectura":"3 minutos"},"schema":{"@context":"https:\/\/schema.org","@graph":[{"@type":"WebPage","@id":"https:\/\/zapateneo.net\/wordpress\/index.php\/producto\/cuaderno-rojo-de-la-guerra-de-espana\/","url":"https:\/\/zapateneo.net\/wordpress\/index.php\/producto\/cuaderno-rojo-de-la-guerra-de-espana\/","name":"Cuaderno rojo de la guerra de Espa\u00f1a &#8212; Zapateneo","isPartOf":{"@id":"https:\/\/zapateneo.net\/wordpress\/#website"},"primaryImageOfPage":{"@id":"https:\/\/zapateneo.net\/wordpress\/index.php\/producto\/cuaderno-rojo-de-la-guerra-de-espana\/#primaryimage"},"image":{"@id":"https:\/\/zapateneo.net\/wordpress\/index.php\/producto\/cuaderno-rojo-de-la-guerra-de-espana\/#primaryimage"},"thumbnailUrl":"https:\/\/zapateneo.net\/wordpress\/wp-content\/uploads\/2021\/04\/9788492559930.jpg","datePublished":"2021-04-08T15:59:24+00:00","dateModified":"2023-07-26T14:18:47+00:00","breadcrumb":{"@id":"https:\/\/zapateneo.net\/wordpress\/index.php\/producto\/cuaderno-rojo-de-la-guerra-de-espana\/#breadcrumb"},"inLanguage":"es","potentialAction":[{"@type":"ReadAction","target":["https:\/\/zapateneo.net\/wordpress\/index.php\/producto\/cuaderno-rojo-de-la-guerra-de-espana\/"]}]},{"@type":"ImageObject","inLanguage":"es","@id":"https:\/\/zapateneo.net\/wordpress\/index.php\/producto\/cuaderno-rojo-de-la-guerra-de-espana\/#primaryimage","url":"https:\/\/zapateneo.net\/wordpress\/wp-content\/uploads\/2021\/04\/9788492559930.jpg","contentUrl":"https:\/\/zapateneo.net\/wordpress\/wp-content\/uploads\/2021\/04\/9788492559930.jpg","width":120,"height":120},{"@type":"BreadcrumbList","@id":"https:\/\/zapateneo.net\/wordpress\/index.php\/producto\/cuaderno-rojo-de-la-guerra-de-espana\/#breadcrumb","itemListElement":[{"@type":"ListItem","position":1,"name":"Portada","item":"https:\/\/zapateneo.net\/wordpress\/"},{"@type":"ListItem","position":2,"name":"Tienda","item":"https:\/\/zapateneo.net\/wordpress\/"},{"@type":"ListItem","position":3,"name":"Cuaderno rojo de la guerra de Espa\u00f1a"}]},{"@type":"WebSite","@id":"https:\/\/zapateneo.net\/wordpress\/#website","url":"https:\/\/zapateneo.net\/wordpress\/","name":"Zapateneo","description":"Zapateneoaren webgunea","publisher":{"@id":"https:\/\/zapateneo.net\/wordpress\/#organization"},"potentialAction":[{"@type":"SearchAction","target":{"@type":"EntryPoint","urlTemplate":"https:\/\/zapateneo.net\/wordpress\/?s={search_term_string}"},"query-input":{"@type":"PropertyValueSpecification","valueRequired":true,"valueName":"search_term_string"}}],"inLanguage":"es"},{"@type":"Organization","@id":"https:\/\/zapateneo.net\/wordpress\/#organization","name":"Zapateneo Kultur Elkartea","url":"https:\/\/zapateneo.net\/wordpress\/","logo":{"@type":"ImageObject","inLanguage":"es","@id":"https:\/\/zapateneo.net\/wordpress\/#\/schema\/logo\/image\/","url":"https:\/\/zapateneo.net\/wordpress\/wp-content\/uploads\/2021\/04\/zap-libu-kolec.jpg","contentUrl":"https:\/\/zapateneo.net\/wordpress\/wp-content\/uploads\/2021\/04\/zap-libu-kolec.jpg","width":2234,"height":398,"caption":"Zapateneo Kultur Elkartea"},"image":{"@id":"https:\/\/zapateneo.net\/wordpress\/#\/schema\/logo\/image\/"},"sameAs":["https:\/\/x.com\/zapateneo"]}]}},"_links":{"self":[{"href":"https:\/\/zapateneo.net\/wordpress\/index.php\/wp-json\/wp\/v2\/product\/5174","targetHints":{"allow":["GET"]}}],"collection":[{"href":"https:\/\/zapateneo.net\/wordpress\/index.php\/wp-json\/wp\/v2\/product"}],"about":[{"href":"https:\/\/zapateneo.net\/wordpress\/index.php\/wp-json\/wp\/v2\/types\/product"}],"wp:featuredmedia":[{"embeddable":true,"href":"https:\/\/zapateneo.net\/wordpress\/index.php\/wp-json\/wp\/v2\/media\/5221"}],"wp:attachment":[{"href":"https:\/\/zapateneo.net\/wordpress\/index.php\/wp-json\/wp\/v2\/media?parent=5174"}],"wp:term":[{"taxonomy":"product_brand","embeddable":true,"href":"https:\/\/zapateneo.net\/wordpress\/index.php\/wp-json\/wp\/v2\/product_brand?post=5174"},{"taxonomy":"product_cat","embeddable":true,"href":"https:\/\/zapateneo.net\/wordpress\/index.php\/wp-json\/wp\/v2\/product_cat?post=5174"},{"taxonomy":"product_tag","embeddable":true,"href":"https:\/\/zapateneo.net\/wordpress\/index.php\/wp-json\/wp\/v2\/product_tag?post=5174"}],"curies":[{"name":"wp","href":"https:\/\/api.w.org\/{rel}","templated":true}]}}