{"id":5173,"date":"2021-04-08T16:59:24","date_gmt":"2021-04-08T15:59:24","guid":{"rendered":"https:\/\/zapateneo.net\/wordpress\/?post_type=product&#038;p=5173"},"modified":"2022-01-04T09:53:37","modified_gmt":"2022-01-04T08:53:37","slug":"la-guerra-social","status":"publish","type":"product","link":"https:\/\/zapateneo.net\/wordpress\/index.php\/producto\/la-guerra-social\/","title":{"rendered":"La guerra social"},"content":{"rendered":"<div>\n<p><em>\u00ab&#8230; cuanto m\u00e1s haya matado el asesino, m\u00e1s indignado se muestra contra cada asesinado; que cuanto m\u00e1s haya traicionado, m\u00e1s toma como testigo a la santa verdad; que cuanto m\u00e1s haya abusado de los fondos p\u00fablicos, m\u00e1s sobre las nubes muestra su frente serena.\u00bb<\/em><\/p>\n<p>Andr\u00e9 L\u00e9o, una de las mujeres m\u00e1s destacadas de la Comuna de Par\u00eds y estrecha compa\u00f1era de Louise Michel, es un personaje poco conocido en nuestras latitudes aunque su trayectoria resulta de un inter\u00e9s indudable. Novelista, escritora y activista pol\u00edtica, no s\u00f3lo se enfrent\u00f3 al machismo imperante en su \u00e9poca sino que tambi\u00e9n lo hizo sin complejos dentro de los ambientes izquierdistas.<\/p>\n<p>En\u00a0<em>La guerra social<\/em>\u00a0ofrece su testimonio directo sobre la experiencia de la Comuna, los \u00faltimos d\u00edas de resistencia y la represi\u00f3n posterior a la derrota, describiendo con una honestidad electrizante los logros y los errores de la revoluci\u00f3n de 1871. Asimismo, denuncia las manipulaciones realizadas por sus enemigos y el apoyo desleal de los intelectuales supuestamente progresistas que acabaron abandon\u00e1ndola.<\/p>\n<p>Desde una defensa profunda de la relaci\u00f3n entre libertad e igualdad, Andr\u00e9 L\u00e9o desmonta en pocas palabras la falsas nociones liberales del orden burgu\u00e9s: \u00abSi la igualdad decretada por ustedes ofende a mi conciencia, ordena mis gustos, mata mis iniciativas, no soy libre; ustedes son mi rey y mi papa\u00bb. La guerra social es el testimonio subversivo de una mujer que detest\u00f3 profundamente la (doble) moral de su tiempo y supo construir su propia \u00e9tica en la vida y en el pensamiento.<\/p>\n<p>&nbsp;<\/p>\n<\/div>\n<div class=\"row\">\n<div class=\"col-12 col-12-small\">\n<p><span class=\"image left autor\"><img loading=\"lazy\" decoding=\"async\" class=\"alignleft\" src=\"https:\/\/www.viruseditorial.net\/\/fotos-autor\/andre-leo-web.png\" alt=\"andre-leo\" width=\"245\" height=\"353\" \/><\/span><\/p>\n<p><strong>Victoire L\u00e9odile B\u00e9ra<\/strong>\u00a0(1824-1900). Bajo el pseud\u00f3nimo de Andr\u00e9 L\u00e9o, fue una de las escritoras m\u00e1s destacadas y pol\u00edticamente comprometidas de su tiempo. Autora de veintid\u00f3s obras entre novelas y ensayos, emple\u00f3 desde el principio una mirada netamente feminista y abiertamente cr\u00edtica con el clasismo y las convenciones morales y sociales del momento. Pero la actividad de L\u00e9o no fue exclusivamente intelectual: cofundadora de la Soci\u00e9t\u00e9 de revendication des droits de la femme, particip\u00f3 en la Comuna de Par\u00eds defendi\u00e9ndola con las armas en la mano, y form\u00f3 parte de la bakuninista Alianza por la Democracia Socialista (pese a las diferencias que la distanciaban de Bakunin). L\u00e9o defendi\u00f3 siempre posiciones feministas y antiautoritarias, y por ello es una figura que debe ser recuperada y reivindicada.<\/p>\n<p>&nbsp;<\/p>\n<\/div>\n<\/div>\n<p>&nbsp;<\/p>\n<p>&nbsp;<\/p>\n<div>\n<p><strong><img loading=\"lazy\" decoding=\"async\" src=\"http:\/\/www.viruseditorial.net\/imagenes_subidas\/alhama-molina-web.png\" alt=\"\" width=\"100\" height=\"119\" align=\"left\" \/>Alhama Molina<\/strong>. Ilustradora y dise\u00f1adora feminista, se ha acercado en los \u00faltimos a\u00f1os a diferentes disciplinas, desde la ilustraci\u00f3n hasta la cer\u00e1mica, entrelazando en su trabajo las herramientas m\u00e1s artesanales con el conocimiento de las tecnolog\u00edas digitales. Colaboradora habitual de Virus editorial en el dise\u00f1o de portadas y<br \/>\ncolecciones, tambi\u00e9n ha aportado su buen hacer en dise\u00f1o editorial y de vestuario a proyectos como La Ciutat Invisible o El Partisano.<\/p>\n<p><a href=\"http:\/\/www.viruseditorial.net\/file\/mailing-la-guerra-social.pdf\">Ficha<\/a><\/p>\n<div>\n<h2><a href=\"https:\/\/www.viruseditorial.net\/es\/editorial\/descargar-pdf\" target=\"_blank\" rel=\"noopener\">Libro en libre descarga de Virus Editorial<\/a><\/h2>\n<\/div>\n<p>&nbsp;<\/p>\n<\/div>\n<p>&nbsp;<\/p>\n<p><a href=\"http:\/\/viruseditorial.net\/libreria\/noticia\/681\" target=\"_blank\" rel=\"noopener\">Quatre lectures feministes (i no s\u00f3n assajos): biografies, periodisme, poesia<\/a>\u00a0(<em>Llibres de Contraban<\/em>, bloc de\u00a0<em>Cr\u00edtic<\/em>)<\/p>\n","protected":false},"excerpt":{"rendered":"<p><strong>L\u00e9o, Andr\u00e9<\/strong><br \/>\n9788492559718 &#8211; Virus &#8211; 2016 &#8211; 192 p\u00e1ginas \/orri.<\/p>\n","protected":false},"featured_media":5220,"template":"","meta":[],"product_brand":[],"product_cat":[185,16],"product_tag":[5381,4626,2193,57],"class_list":{"0":"post-5173","1":"product","2":"type-product","3":"status-publish","4":"has-post-thumbnail","6":"product_cat-historia","7":"product_cat-libros","8":"product_tag-andre-leo","9":"product_tag-deskargak","10":"product_tag-leo","11":"product_tag-virus","13":"first","14":"instock","15":"sold-individually","16":"shipping-taxable","17":"purchasable","18":"product-type-simple"},"yoast_head":"<!-- This site is optimized with the Yoast SEO plugin v27.3 - https:\/\/yoast.com\/product\/yoast-seo-wordpress\/ -->\n<title>La guerra social &#8212; Zapateneo<\/title>\n<meta name=\"robots\" content=\"index, follow, max-snippet:-1, max-image-preview:large, max-video-preview:-1\" \/>\n<link rel=\"canonical\" href=\"https:\/\/zapateneo.net\/wordpress\/index.php\/producto\/la-guerra-social\/\" \/>\n<meta property=\"og:locale\" content=\"es_ES\" \/>\n<meta property=\"og:type\" content=\"article\" \/>\n<meta property=\"og:title\" content=\"La guerra social &#8212; Zapateneo\" \/>\n<meta property=\"og:description\" content=\"L\u00e9o, Andr\u00e9 9788492559718 - Virus - 2016 - 192 p\u00e1ginas \/orri.\" \/>\n<meta property=\"og:url\" content=\"https:\/\/zapateneo.net\/wordpress\/index.php\/producto\/la-guerra-social\/\" \/>\n<meta property=\"og:site_name\" content=\"Zapateneo\" \/>\n<meta property=\"article:modified_time\" content=\"2022-01-04T08:53:37+00:00\" \/>\n<meta property=\"og:image\" content=\"https:\/\/zapateneo.net\/wordpress\/wp-content\/uploads\/2021\/04\/9788492559718.jpg\" \/>\n\t<meta property=\"og:image:width\" content=\"120\" \/>\n\t<meta property=\"og:image:height\" content=\"82\" \/>\n\t<meta property=\"og:image:type\" content=\"image\/jpeg\" \/>\n<meta name=\"twitter:card\" content=\"summary_large_image\" \/>\n<meta name=\"twitter:site\" content=\"@zapateneo\" \/>\n<meta name=\"twitter:label1\" content=\"Tiempo de lectura\" \/>\n\t<meta name=\"twitter:data1\" content=\"3 minutos\" \/>\n<script type=\"application\/ld+json\" class=\"yoast-schema-graph\">{\"@context\":\"https:\\\/\\\/schema.org\",\"@graph\":[{\"@type\":\"WebPage\",\"@id\":\"https:\\\/\\\/zapateneo.net\\\/wordpress\\\/index.php\\\/producto\\\/la-guerra-social\\\/\",\"url\":\"https:\\\/\\\/zapateneo.net\\\/wordpress\\\/index.php\\\/producto\\\/la-guerra-social\\\/\",\"name\":\"La guerra social &#8212; Zapateneo\",\"isPartOf\":{\"@id\":\"https:\\\/\\\/zapateneo.net\\\/wordpress\\\/#website\"},\"primaryImageOfPage\":{\"@id\":\"https:\\\/\\\/zapateneo.net\\\/wordpress\\\/index.php\\\/producto\\\/la-guerra-social\\\/#primaryimage\"},\"image\":{\"@id\":\"https:\\\/\\\/zapateneo.net\\\/wordpress\\\/index.php\\\/producto\\\/la-guerra-social\\\/#primaryimage\"},\"thumbnailUrl\":\"https:\\\/\\\/zapateneo.net\\\/wordpress\\\/wp-content\\\/uploads\\\/2021\\\/04\\\/9788492559718.jpg\",\"datePublished\":\"2021-04-08T15:59:24+00:00\",\"dateModified\":\"2022-01-04T08:53:37+00:00\",\"breadcrumb\":{\"@id\":\"https:\\\/\\\/zapateneo.net\\\/wordpress\\\/index.php\\\/producto\\\/la-guerra-social\\\/#breadcrumb\"},\"inLanguage\":\"es\",\"potentialAction\":[{\"@type\":\"ReadAction\",\"target\":[\"https:\\\/\\\/zapateneo.net\\\/wordpress\\\/index.php\\\/producto\\\/la-guerra-social\\\/\"]}]},{\"@type\":\"ImageObject\",\"inLanguage\":\"es\",\"@id\":\"https:\\\/\\\/zapateneo.net\\\/wordpress\\\/index.php\\\/producto\\\/la-guerra-social\\\/#primaryimage\",\"url\":\"https:\\\/\\\/zapateneo.net\\\/wordpress\\\/wp-content\\\/uploads\\\/2021\\\/04\\\/9788492559718.jpg\",\"contentUrl\":\"https:\\\/\\\/zapateneo.net\\\/wordpress\\\/wp-content\\\/uploads\\\/2021\\\/04\\\/9788492559718.jpg\",\"width\":120,\"height\":82},{\"@type\":\"BreadcrumbList\",\"@id\":\"https:\\\/\\\/zapateneo.net\\\/wordpress\\\/index.php\\\/producto\\\/la-guerra-social\\\/#breadcrumb\",\"itemListElement\":[{\"@type\":\"ListItem\",\"position\":1,\"name\":\"Portada\",\"item\":\"https:\\\/\\\/zapateneo.net\\\/wordpress\\\/\"},{\"@type\":\"ListItem\",\"position\":2,\"name\":\"Tienda\",\"item\":\"https:\\\/\\\/zapateneo.net\\\/wordpress\\\/\"},{\"@type\":\"ListItem\",\"position\":3,\"name\":\"La guerra social\"}]},{\"@type\":\"WebSite\",\"@id\":\"https:\\\/\\\/zapateneo.net\\\/wordpress\\\/#website\",\"url\":\"https:\\\/\\\/zapateneo.net\\\/wordpress\\\/\",\"name\":\"Zapateneo\",\"description\":\"Zapateneoaren webgunea\",\"publisher\":{\"@id\":\"https:\\\/\\\/zapateneo.net\\\/wordpress\\\/#organization\"},\"potentialAction\":[{\"@type\":\"SearchAction\",\"target\":{\"@type\":\"EntryPoint\",\"urlTemplate\":\"https:\\\/\\\/zapateneo.net\\\/wordpress\\\/?s={search_term_string}\"},\"query-input\":{\"@type\":\"PropertyValueSpecification\",\"valueRequired\":true,\"valueName\":\"search_term_string\"}}],\"inLanguage\":\"es\"},{\"@type\":\"Organization\",\"@id\":\"https:\\\/\\\/zapateneo.net\\\/wordpress\\\/#organization\",\"name\":\"Zapateneo Kultur Elkartea\",\"url\":\"https:\\\/\\\/zapateneo.net\\\/wordpress\\\/\",\"logo\":{\"@type\":\"ImageObject\",\"inLanguage\":\"es\",\"@id\":\"https:\\\/\\\/zapateneo.net\\\/wordpress\\\/#\\\/schema\\\/logo\\\/image\\\/\",\"url\":\"https:\\\/\\\/zapateneo.net\\\/wordpress\\\/wp-content\\\/uploads\\\/2021\\\/04\\\/zap-libu-kolec.jpg\",\"contentUrl\":\"https:\\\/\\\/zapateneo.net\\\/wordpress\\\/wp-content\\\/uploads\\\/2021\\\/04\\\/zap-libu-kolec.jpg\",\"width\":2234,\"height\":398,\"caption\":\"Zapateneo Kultur Elkartea\"},\"image\":{\"@id\":\"https:\\\/\\\/zapateneo.net\\\/wordpress\\\/#\\\/schema\\\/logo\\\/image\\\/\"},\"sameAs\":[\"https:\\\/\\\/x.com\\\/zapateneo\"]}]}<\/script>\n<!-- \/ Yoast SEO plugin. -->","yoast_head_json":{"title":"La guerra social &#8212; Zapateneo","robots":{"index":"index","follow":"follow","max-snippet":"max-snippet:-1","max-image-preview":"max-image-preview:large","max-video-preview":"max-video-preview:-1"},"canonical":"https:\/\/zapateneo.net\/wordpress\/index.php\/producto\/la-guerra-social\/","og_locale":"es_ES","og_type":"article","og_title":"La guerra social &#8212; Zapateneo","og_description":"L\u00e9o, Andr\u00e9 9788492559718 - Virus - 2016 - 192 p\u00e1ginas \/orri.","og_url":"https:\/\/zapateneo.net\/wordpress\/index.php\/producto\/la-guerra-social\/","og_site_name":"Zapateneo","article_modified_time":"2022-01-04T08:53:37+00:00","og_image":[{"width":120,"height":82,"url":"https:\/\/zapateneo.net\/wordpress\/wp-content\/uploads\/2021\/04\/9788492559718.jpg","type":"image\/jpeg"}],"twitter_card":"summary_large_image","twitter_site":"@zapateneo","twitter_misc":{"Tiempo de lectura":"3 minutos"},"schema":{"@context":"https:\/\/schema.org","@graph":[{"@type":"WebPage","@id":"https:\/\/zapateneo.net\/wordpress\/index.php\/producto\/la-guerra-social\/","url":"https:\/\/zapateneo.net\/wordpress\/index.php\/producto\/la-guerra-social\/","name":"La guerra social &#8212; Zapateneo","isPartOf":{"@id":"https:\/\/zapateneo.net\/wordpress\/#website"},"primaryImageOfPage":{"@id":"https:\/\/zapateneo.net\/wordpress\/index.php\/producto\/la-guerra-social\/#primaryimage"},"image":{"@id":"https:\/\/zapateneo.net\/wordpress\/index.php\/producto\/la-guerra-social\/#primaryimage"},"thumbnailUrl":"https:\/\/zapateneo.net\/wordpress\/wp-content\/uploads\/2021\/04\/9788492559718.jpg","datePublished":"2021-04-08T15:59:24+00:00","dateModified":"2022-01-04T08:53:37+00:00","breadcrumb":{"@id":"https:\/\/zapateneo.net\/wordpress\/index.php\/producto\/la-guerra-social\/#breadcrumb"},"inLanguage":"es","potentialAction":[{"@type":"ReadAction","target":["https:\/\/zapateneo.net\/wordpress\/index.php\/producto\/la-guerra-social\/"]}]},{"@type":"ImageObject","inLanguage":"es","@id":"https:\/\/zapateneo.net\/wordpress\/index.php\/producto\/la-guerra-social\/#primaryimage","url":"https:\/\/zapateneo.net\/wordpress\/wp-content\/uploads\/2021\/04\/9788492559718.jpg","contentUrl":"https:\/\/zapateneo.net\/wordpress\/wp-content\/uploads\/2021\/04\/9788492559718.jpg","width":120,"height":82},{"@type":"BreadcrumbList","@id":"https:\/\/zapateneo.net\/wordpress\/index.php\/producto\/la-guerra-social\/#breadcrumb","itemListElement":[{"@type":"ListItem","position":1,"name":"Portada","item":"https:\/\/zapateneo.net\/wordpress\/"},{"@type":"ListItem","position":2,"name":"Tienda","item":"https:\/\/zapateneo.net\/wordpress\/"},{"@type":"ListItem","position":3,"name":"La guerra social"}]},{"@type":"WebSite","@id":"https:\/\/zapateneo.net\/wordpress\/#website","url":"https:\/\/zapateneo.net\/wordpress\/","name":"Zapateneo","description":"Zapateneoaren webgunea","publisher":{"@id":"https:\/\/zapateneo.net\/wordpress\/#organization"},"potentialAction":[{"@type":"SearchAction","target":{"@type":"EntryPoint","urlTemplate":"https:\/\/zapateneo.net\/wordpress\/?s={search_term_string}"},"query-input":{"@type":"PropertyValueSpecification","valueRequired":true,"valueName":"search_term_string"}}],"inLanguage":"es"},{"@type":"Organization","@id":"https:\/\/zapateneo.net\/wordpress\/#organization","name":"Zapateneo Kultur Elkartea","url":"https:\/\/zapateneo.net\/wordpress\/","logo":{"@type":"ImageObject","inLanguage":"es","@id":"https:\/\/zapateneo.net\/wordpress\/#\/schema\/logo\/image\/","url":"https:\/\/zapateneo.net\/wordpress\/wp-content\/uploads\/2021\/04\/zap-libu-kolec.jpg","contentUrl":"https:\/\/zapateneo.net\/wordpress\/wp-content\/uploads\/2021\/04\/zap-libu-kolec.jpg","width":2234,"height":398,"caption":"Zapateneo Kultur Elkartea"},"image":{"@id":"https:\/\/zapateneo.net\/wordpress\/#\/schema\/logo\/image\/"},"sameAs":["https:\/\/x.com\/zapateneo"]}]}},"_links":{"self":[{"href":"https:\/\/zapateneo.net\/wordpress\/index.php\/wp-json\/wp\/v2\/product\/5173","targetHints":{"allow":["GET"]}}],"collection":[{"href":"https:\/\/zapateneo.net\/wordpress\/index.php\/wp-json\/wp\/v2\/product"}],"about":[{"href":"https:\/\/zapateneo.net\/wordpress\/index.php\/wp-json\/wp\/v2\/types\/product"}],"wp:featuredmedia":[{"embeddable":true,"href":"https:\/\/zapateneo.net\/wordpress\/index.php\/wp-json\/wp\/v2\/media\/5220"}],"wp:attachment":[{"href":"https:\/\/zapateneo.net\/wordpress\/index.php\/wp-json\/wp\/v2\/media?parent=5173"}],"wp:term":[{"taxonomy":"product_brand","embeddable":true,"href":"https:\/\/zapateneo.net\/wordpress\/index.php\/wp-json\/wp\/v2\/product_brand?post=5173"},{"taxonomy":"product_cat","embeddable":true,"href":"https:\/\/zapateneo.net\/wordpress\/index.php\/wp-json\/wp\/v2\/product_cat?post=5173"},{"taxonomy":"product_tag","embeddable":true,"href":"https:\/\/zapateneo.net\/wordpress\/index.php\/wp-json\/wp\/v2\/product_tag?post=5173"}],"curies":[{"name":"wp","href":"https:\/\/api.w.org\/{rel}","templated":true}]}}