{"id":5107,"date":"2021-04-08T16:58:28","date_gmt":"2021-04-08T15:58:28","guid":{"rendered":"https:\/\/zapateneo.net\/wordpress\/?post_type=product&#038;p=5107"},"modified":"2021-04-08T16:59:06","modified_gmt":"2021-04-08T15:59:06","slug":"cambiar-la-vida-cambiar-la-historia","status":"publish","type":"product","link":"https:\/\/zapateneo.net\/wordpress\/index.php\/producto\/cambiar-la-vida-cambiar-la-historia\/","title":{"rendered":"Cambiar la vida, cambiar la historia"},"content":{"rendered":"<p>La editorial Atrapasue\u00f1os lanza de forma anticipada la promoci\u00f3n de un libro que no es un libro cualquiera para la editorial, por dos razones muy fundamentales este libro es excepcional:<br \/>\nLa primera porque surge del compromiso con el Archivo Hist\u00f3rico del PCE, todo un tesoro de la historia del siglo XX que conserva una gran parte de fuentes hist\u00f3ricas y culturales muy importantes para su conocimiento y difusi\u00f3n por la ciudadan\u00eda. De este compromiso ya surgi\u00f3 un anterior t\u00edtulo Caja 128 de Juan Rejano, que recoge todo lo relacionado con el gran poeta cordob\u00e9s exiliado en M\u00e9xico y dirigente internacional del PCE en el exilio. Ahora sin duda le toca la edici\u00f3n a un maestro de la narrativa, a un gigante del periodismo total, a Manuel V\u00e1zquez Montalb\u00e1n.<br \/>\nLa segunda raz\u00f3n que hace excepcional este libro es en el momento en que va a surgir a la luz. Un contexto donde no hay ferias del libro de abril y mayo, donde el D\u00eda de Sant Jordi ha sido cancelado&#8230; donde los libros no van a ocupar las calles y plazas por culpa de la pandemia del virus COVID-19. Por eso este lanzamiento es especial, porque es una pre-venta del libro para hacer posible su lanzamiento en estos momentos econ\u00f3micamente duros para la editorial. La editorial pone en marcha por primera este tipo de estrategia de venta de libros en sus 20 a\u00f1os de vida y en unos d\u00edas anunciar\u00e1 tambi\u00e9n otras medidas para poder hacer frente a esta situaci\u00f3n cr\u00edtica del sector.<br \/>\nEl libro Cambiar la vida, cambiar la historia (textos clandestinos o no tanto) de Manuel V\u00e1zquez Montalb\u00e1n es el fruto de un trabajo colectivo. En primer lugar del editor y escritor Joaqu\u00edn Recio, que ha desarrollado el trabajo de investigaci\u00f3n y compilaci\u00f3n de la memoria de MVM en el Archivo Hist\u00f3rico del PCE, que ha dado lugar a un \u00edndice con 60 art\u00edculos de Mundo Obrero de su secci\u00f3n Cambiar la vida, cambiar la historia, que van desde 1976 a 1979 y que hac\u00eda junto al dibujante El Zurdo (nombre por aquel entonces del gran dibujante Juste de Nin, que gentilmente tambi\u00e9n ha cedido todos sus dibujos a la edici\u00f3n). A\u00f1adir a \u00e9stos tambi\u00e9n 6 art\u00edculos m\u00e1s publicados en Nuestra Bandera, Mundo Obrero y publicaciones de la FIM. El fondo gr\u00e1fico tambi\u00e9n tiene una parte especial en la publicaci\u00f3n pues hay fotograf\u00edas in\u00e9ditas de MVM realizadas por el diario comunista.<br \/>\nUn libro que es colectivo porque la escritora Rosa Reg\u00e0s, gran amiga y compa\u00f1era de MVM, nos ofrece un entusiasta pr\u00f3logo que nos abre los sentidos a sus contenidos.La introducci\u00f3n del libro corre a cargo del periodista y actual director de Mundo Obrero, Jos\u00e9 Manuel Mart\u00edn Medem, con un t\u00edtulo que sit\u00faa bien lo que signific\u00f3 Manolo: \u00abEl primero que nos inform\u00f3 sobre la informaci\u00f3n\u00bb.<br \/>\nEl estudio introductorio lo desarrolla el propio Joaqu\u00edn Recio bajo el t\u00edtulo de \u00abNunca regal\u00f3 una palaba al poder. Manuel V\u00e1zquez Montalb\u00e1n en sus textos clandestinos de Mundo Obrero y en otras publicaciones del PCE\u00bb. El libro lo cierra un ep\u00edlogo de Juste de Nin donde se sincera frente a Manolo y la historia.\u00e1g<br \/>\nLa editorial Atrapasue\u00f1os lanza de forma anticipada la promoci\u00f3n de un libro que no es un libro cualquiera para la editorial, por dos razones muy fundamentales este libro es excepcional:<\/p>\n<p>La primera porque surge del compromiso con el Archivo Hist\u00f3rico del PCE, todo un tesoro de la historia del siglo XX que conserva una gran parte de fuentes hist\u00f3ricas y culturales muy importantes para su conocimiento y difusi\u00f3n por la ciudadan\u00eda. De este compromiso ya surgi\u00f3 un anterior t\u00edtulo Caja 128 de Juan Rejano, que recoge todo lo relacionado con el gran poeta cordob\u00e9s exiliado en M\u00e9xico y dirigente internacional del PCE en el exilio. Ahora sin duda le toca la edici\u00f3n a un maestro de la narrativa, a un gigante del periodismo total, a Manuel V\u00e1zquez Montalb\u00e1n.<\/p>\n","protected":false},"excerpt":{"rendered":"<p><strong>V\u00e1zquez Montalb\u00e1n, Manuel<\/strong><br \/>\n9788412199314 &#8211; Atrapasue\u00f1os &#8211; 2020 &#8211;  p\u00e1ginas \/orri.<\/p>\n","protected":false},"featured_media":5148,"template":"","meta":[],"product_brand":[],"product_cat":[185,16],"product_tag":[416,3306],"class_list":{"0":"post-5107","1":"product","2":"type-product","3":"status-publish","4":"has-post-thumbnail","6":"product_cat-historia","7":"product_cat-libros","8":"product_tag-atrapasuenos","9":"product_tag-vazquez-montalban","11":"first","12":"instock","13":"sold-individually","14":"shipping-taxable","15":"purchasable","16":"product-type-simple"},"yoast_head":"<!-- This site is optimized with the Yoast SEO plugin v27.3 - https:\/\/yoast.com\/product\/yoast-seo-wordpress\/ -->\n<title>Cambiar la vida, cambiar la historia &#8212; Zapateneo<\/title>\n<meta name=\"robots\" content=\"index, follow, max-snippet:-1, max-image-preview:large, max-video-preview:-1\" \/>\n<link rel=\"canonical\" href=\"https:\/\/zapateneo.net\/wordpress\/index.php\/producto\/cambiar-la-vida-cambiar-la-historia\/\" \/>\n<meta property=\"og:locale\" content=\"es_ES\" \/>\n<meta property=\"og:type\" content=\"article\" \/>\n<meta property=\"og:title\" content=\"Cambiar la vida, cambiar la historia &#8212; Zapateneo\" \/>\n<meta property=\"og:description\" content=\"V\u00e1zquez Montalb\u00e1n, Manuel 9788412199314 - Atrapasue\u00f1os - 2020 - p\u00e1ginas \/orri.\" \/>\n<meta property=\"og:url\" content=\"https:\/\/zapateneo.net\/wordpress\/index.php\/producto\/cambiar-la-vida-cambiar-la-historia\/\" \/>\n<meta property=\"og:site_name\" content=\"Zapateneo\" \/>\n<meta property=\"article:modified_time\" content=\"2021-04-08T15:59:06+00:00\" \/>\n<meta property=\"og:image\" content=\"https:\/\/zapateneo.net\/wordpress\/wp-content\/uploads\/2021\/04\/9788412199314.gif\" \/>\n\t<meta property=\"og:image:width\" content=\"175\" \/>\n\t<meta property=\"og:image:height\" content=\"175\" \/>\n\t<meta property=\"og:image:type\" content=\"image\/gif\" \/>\n<meta name=\"twitter:card\" content=\"summary_large_image\" \/>\n<meta name=\"twitter:site\" content=\"@zapateneo\" \/>\n<meta name=\"twitter:label1\" content=\"Tiempo de lectura\" \/>\n\t<meta name=\"twitter:data1\" content=\"4 minutos\" \/>\n<script type=\"application\/ld+json\" class=\"yoast-schema-graph\">{\"@context\":\"https:\\\/\\\/schema.org\",\"@graph\":[{\"@type\":\"WebPage\",\"@id\":\"https:\\\/\\\/zapateneo.net\\\/wordpress\\\/index.php\\\/producto\\\/cambiar-la-vida-cambiar-la-historia\\\/\",\"url\":\"https:\\\/\\\/zapateneo.net\\\/wordpress\\\/index.php\\\/producto\\\/cambiar-la-vida-cambiar-la-historia\\\/\",\"name\":\"Cambiar la vida, cambiar la historia &#8212; Zapateneo\",\"isPartOf\":{\"@id\":\"https:\\\/\\\/zapateneo.net\\\/wordpress\\\/#website\"},\"primaryImageOfPage\":{\"@id\":\"https:\\\/\\\/zapateneo.net\\\/wordpress\\\/index.php\\\/producto\\\/cambiar-la-vida-cambiar-la-historia\\\/#primaryimage\"},\"image\":{\"@id\":\"https:\\\/\\\/zapateneo.net\\\/wordpress\\\/index.php\\\/producto\\\/cambiar-la-vida-cambiar-la-historia\\\/#primaryimage\"},\"thumbnailUrl\":\"https:\\\/\\\/zapateneo.net\\\/wordpress\\\/wp-content\\\/uploads\\\/2021\\\/04\\\/9788412199314.gif\",\"datePublished\":\"2021-04-08T15:58:28+00:00\",\"dateModified\":\"2021-04-08T15:59:06+00:00\",\"breadcrumb\":{\"@id\":\"https:\\\/\\\/zapateneo.net\\\/wordpress\\\/index.php\\\/producto\\\/cambiar-la-vida-cambiar-la-historia\\\/#breadcrumb\"},\"inLanguage\":\"es\",\"potentialAction\":[{\"@type\":\"ReadAction\",\"target\":[\"https:\\\/\\\/zapateneo.net\\\/wordpress\\\/index.php\\\/producto\\\/cambiar-la-vida-cambiar-la-historia\\\/\"]}]},{\"@type\":\"ImageObject\",\"inLanguage\":\"es\",\"@id\":\"https:\\\/\\\/zapateneo.net\\\/wordpress\\\/index.php\\\/producto\\\/cambiar-la-vida-cambiar-la-historia\\\/#primaryimage\",\"url\":\"https:\\\/\\\/zapateneo.net\\\/wordpress\\\/wp-content\\\/uploads\\\/2021\\\/04\\\/9788412199314.gif\",\"contentUrl\":\"https:\\\/\\\/zapateneo.net\\\/wordpress\\\/wp-content\\\/uploads\\\/2021\\\/04\\\/9788412199314.gif\",\"width\":175,\"height\":175},{\"@type\":\"BreadcrumbList\",\"@id\":\"https:\\\/\\\/zapateneo.net\\\/wordpress\\\/index.php\\\/producto\\\/cambiar-la-vida-cambiar-la-historia\\\/#breadcrumb\",\"itemListElement\":[{\"@type\":\"ListItem\",\"position\":1,\"name\":\"Portada\",\"item\":\"https:\\\/\\\/zapateneo.net\\\/wordpress\\\/\"},{\"@type\":\"ListItem\",\"position\":2,\"name\":\"Tienda\",\"item\":\"https:\\\/\\\/zapateneo.net\\\/wordpress\\\/\"},{\"@type\":\"ListItem\",\"position\":3,\"name\":\"Cambiar la vida, cambiar la historia\"}]},{\"@type\":\"WebSite\",\"@id\":\"https:\\\/\\\/zapateneo.net\\\/wordpress\\\/#website\",\"url\":\"https:\\\/\\\/zapateneo.net\\\/wordpress\\\/\",\"name\":\"Zapateneo\",\"description\":\"Zapateneoaren webgunea\",\"publisher\":{\"@id\":\"https:\\\/\\\/zapateneo.net\\\/wordpress\\\/#organization\"},\"potentialAction\":[{\"@type\":\"SearchAction\",\"target\":{\"@type\":\"EntryPoint\",\"urlTemplate\":\"https:\\\/\\\/zapateneo.net\\\/wordpress\\\/?s={search_term_string}\"},\"query-input\":{\"@type\":\"PropertyValueSpecification\",\"valueRequired\":true,\"valueName\":\"search_term_string\"}}],\"inLanguage\":\"es\"},{\"@type\":\"Organization\",\"@id\":\"https:\\\/\\\/zapateneo.net\\\/wordpress\\\/#organization\",\"name\":\"Zapateneo Kultur Elkartea\",\"url\":\"https:\\\/\\\/zapateneo.net\\\/wordpress\\\/\",\"logo\":{\"@type\":\"ImageObject\",\"inLanguage\":\"es\",\"@id\":\"https:\\\/\\\/zapateneo.net\\\/wordpress\\\/#\\\/schema\\\/logo\\\/image\\\/\",\"url\":\"https:\\\/\\\/zapateneo.net\\\/wordpress\\\/wp-content\\\/uploads\\\/2021\\\/04\\\/zap-libu-kolec.jpg\",\"contentUrl\":\"https:\\\/\\\/zapateneo.net\\\/wordpress\\\/wp-content\\\/uploads\\\/2021\\\/04\\\/zap-libu-kolec.jpg\",\"width\":2234,\"height\":398,\"caption\":\"Zapateneo Kultur Elkartea\"},\"image\":{\"@id\":\"https:\\\/\\\/zapateneo.net\\\/wordpress\\\/#\\\/schema\\\/logo\\\/image\\\/\"},\"sameAs\":[\"https:\\\/\\\/x.com\\\/zapateneo\"]}]}<\/script>\n<!-- \/ Yoast SEO plugin. -->","yoast_head_json":{"title":"Cambiar la vida, cambiar la historia &#8212; Zapateneo","robots":{"index":"index","follow":"follow","max-snippet":"max-snippet:-1","max-image-preview":"max-image-preview:large","max-video-preview":"max-video-preview:-1"},"canonical":"https:\/\/zapateneo.net\/wordpress\/index.php\/producto\/cambiar-la-vida-cambiar-la-historia\/","og_locale":"es_ES","og_type":"article","og_title":"Cambiar la vida, cambiar la historia &#8212; Zapateneo","og_description":"V\u00e1zquez Montalb\u00e1n, Manuel 9788412199314 - Atrapasue\u00f1os - 2020 - p\u00e1ginas \/orri.","og_url":"https:\/\/zapateneo.net\/wordpress\/index.php\/producto\/cambiar-la-vida-cambiar-la-historia\/","og_site_name":"Zapateneo","article_modified_time":"2021-04-08T15:59:06+00:00","og_image":[{"width":175,"height":175,"url":"https:\/\/zapateneo.net\/wordpress\/wp-content\/uploads\/2021\/04\/9788412199314.gif","type":"image\/gif"}],"twitter_card":"summary_large_image","twitter_site":"@zapateneo","twitter_misc":{"Tiempo de lectura":"4 minutos"},"schema":{"@context":"https:\/\/schema.org","@graph":[{"@type":"WebPage","@id":"https:\/\/zapateneo.net\/wordpress\/index.php\/producto\/cambiar-la-vida-cambiar-la-historia\/","url":"https:\/\/zapateneo.net\/wordpress\/index.php\/producto\/cambiar-la-vida-cambiar-la-historia\/","name":"Cambiar la vida, cambiar la historia &#8212; Zapateneo","isPartOf":{"@id":"https:\/\/zapateneo.net\/wordpress\/#website"},"primaryImageOfPage":{"@id":"https:\/\/zapateneo.net\/wordpress\/index.php\/producto\/cambiar-la-vida-cambiar-la-historia\/#primaryimage"},"image":{"@id":"https:\/\/zapateneo.net\/wordpress\/index.php\/producto\/cambiar-la-vida-cambiar-la-historia\/#primaryimage"},"thumbnailUrl":"https:\/\/zapateneo.net\/wordpress\/wp-content\/uploads\/2021\/04\/9788412199314.gif","datePublished":"2021-04-08T15:58:28+00:00","dateModified":"2021-04-08T15:59:06+00:00","breadcrumb":{"@id":"https:\/\/zapateneo.net\/wordpress\/index.php\/producto\/cambiar-la-vida-cambiar-la-historia\/#breadcrumb"},"inLanguage":"es","potentialAction":[{"@type":"ReadAction","target":["https:\/\/zapateneo.net\/wordpress\/index.php\/producto\/cambiar-la-vida-cambiar-la-historia\/"]}]},{"@type":"ImageObject","inLanguage":"es","@id":"https:\/\/zapateneo.net\/wordpress\/index.php\/producto\/cambiar-la-vida-cambiar-la-historia\/#primaryimage","url":"https:\/\/zapateneo.net\/wordpress\/wp-content\/uploads\/2021\/04\/9788412199314.gif","contentUrl":"https:\/\/zapateneo.net\/wordpress\/wp-content\/uploads\/2021\/04\/9788412199314.gif","width":175,"height":175},{"@type":"BreadcrumbList","@id":"https:\/\/zapateneo.net\/wordpress\/index.php\/producto\/cambiar-la-vida-cambiar-la-historia\/#breadcrumb","itemListElement":[{"@type":"ListItem","position":1,"name":"Portada","item":"https:\/\/zapateneo.net\/wordpress\/"},{"@type":"ListItem","position":2,"name":"Tienda","item":"https:\/\/zapateneo.net\/wordpress\/"},{"@type":"ListItem","position":3,"name":"Cambiar la vida, cambiar la historia"}]},{"@type":"WebSite","@id":"https:\/\/zapateneo.net\/wordpress\/#website","url":"https:\/\/zapateneo.net\/wordpress\/","name":"Zapateneo","description":"Zapateneoaren webgunea","publisher":{"@id":"https:\/\/zapateneo.net\/wordpress\/#organization"},"potentialAction":[{"@type":"SearchAction","target":{"@type":"EntryPoint","urlTemplate":"https:\/\/zapateneo.net\/wordpress\/?s={search_term_string}"},"query-input":{"@type":"PropertyValueSpecification","valueRequired":true,"valueName":"search_term_string"}}],"inLanguage":"es"},{"@type":"Organization","@id":"https:\/\/zapateneo.net\/wordpress\/#organization","name":"Zapateneo Kultur Elkartea","url":"https:\/\/zapateneo.net\/wordpress\/","logo":{"@type":"ImageObject","inLanguage":"es","@id":"https:\/\/zapateneo.net\/wordpress\/#\/schema\/logo\/image\/","url":"https:\/\/zapateneo.net\/wordpress\/wp-content\/uploads\/2021\/04\/zap-libu-kolec.jpg","contentUrl":"https:\/\/zapateneo.net\/wordpress\/wp-content\/uploads\/2021\/04\/zap-libu-kolec.jpg","width":2234,"height":398,"caption":"Zapateneo Kultur Elkartea"},"image":{"@id":"https:\/\/zapateneo.net\/wordpress\/#\/schema\/logo\/image\/"},"sameAs":["https:\/\/x.com\/zapateneo"]}]}},"_links":{"self":[{"href":"https:\/\/zapateneo.net\/wordpress\/index.php\/wp-json\/wp\/v2\/product\/5107","targetHints":{"allow":["GET"]}}],"collection":[{"href":"https:\/\/zapateneo.net\/wordpress\/index.php\/wp-json\/wp\/v2\/product"}],"about":[{"href":"https:\/\/zapateneo.net\/wordpress\/index.php\/wp-json\/wp\/v2\/types\/product"}],"wp:featuredmedia":[{"embeddable":true,"href":"https:\/\/zapateneo.net\/wordpress\/index.php\/wp-json\/wp\/v2\/media\/5148"}],"wp:attachment":[{"href":"https:\/\/zapateneo.net\/wordpress\/index.php\/wp-json\/wp\/v2\/media?parent=5107"}],"wp:term":[{"taxonomy":"product_brand","embeddable":true,"href":"https:\/\/zapateneo.net\/wordpress\/index.php\/wp-json\/wp\/v2\/product_brand?post=5107"},{"taxonomy":"product_cat","embeddable":true,"href":"https:\/\/zapateneo.net\/wordpress\/index.php\/wp-json\/wp\/v2\/product_cat?post=5107"},{"taxonomy":"product_tag","embeddable":true,"href":"https:\/\/zapateneo.net\/wordpress\/index.php\/wp-json\/wp\/v2\/product_tag?post=5107"}],"curies":[{"name":"wp","href":"https:\/\/api.w.org\/{rel}","templated":true}]}}