{"id":5097,"date":"2021-04-08T16:58:24","date_gmt":"2021-04-08T15:58:24","guid":{"rendered":"https:\/\/zapateneo.net\/wordpress\/?post_type=product&#038;p=5097"},"modified":"2023-05-05T15:53:56","modified_gmt":"2023-05-05T14:53:56","slug":"dinero-y-militarismo-del-franquismo-a-la-democracia-1939-2018","status":"publish","type":"product","link":"https:\/\/zapateneo.net\/wordpress\/index.php\/producto\/dinero-y-militarismo-del-franquismo-a-la-democracia-1939-2018\/","title":{"rendered":"Dinero y militarismo. del franquismo a la democracia (1939-2018)"},"content":{"rendered":"<p>Este es, sin duda, un libro ambicioso. Por un lado, tiene el obst\u00e1culo derivado de la escasa bibliograf\u00eda y documentaci\u00f3n sobre una materia, el gasto militar en Espa\u00f1a, en el que las cuestiones relacionadas con la defensa no son transparentes. Y, por otro, porque busca criterios unificadores para dar una visi\u00f3n de conjunto que permita delimitar el militarismo existente en Espa\u00f1a, tanto bajo la dictadura franquista, desde 1939, como en la etapa democr\u00e1tica, hasta la actualidad. Y no s\u00f3lo desde el an\u00e1lisis, que lo hay y mucho, sino tambi\u00e9n desde una clara posici\u00f3n en favor del desarme, la desmilitarizaci\u00f3n y la construcci\u00f3n de la paz desde la perspectiva de la transformaci\u00f3n de los conflictos por medios no violentos. Un gasto militar que es fundamental conocer, pues detr\u00e1s del enorme sufrimiento y destrucci\u00f3n que producen las guerras, es imprescindible conocer que, a su vez, son un negocio.<\/p>\n<p>Pere Ortega, a la vez, aborda el papel que jug\u00f3 la estructura militar dentro de los diferentes per\u00edodos pol\u00edticos estudiados. Y, de paso, se detallan los acontecimientos pol\u00edticos m\u00e1s importantes en su relaci\u00f3n con la paz y la seguridad de Espa\u00f1a de esas etapas. A la vez que lanza una cr\u00edtica severa al mantra ideol\u00f3gico que sostiene que los ej\u00e9rcitos y las armas equivalen a m\u00e1s seguridad<\/p>\n","protected":false},"excerpt":{"rendered":"<p><strong>Ortega Grasa, Pere<\/strong><br \/>\n9788498889376 &#8211; Icaria Editorial &#8211; 2019 &#8211; 208 p\u00e1ginas \/orri.<\/p>\n","protected":false},"featured_media":5127,"template":"","meta":[],"product_brand":[],"product_cat":[185,16],"product_tag":[5076,643,5972],"class_list":{"0":"post-5097","1":"product","2":"type-product","3":"status-publish","4":"has-post-thumbnail","6":"product_cat-historia","7":"product_cat-libros","8":"product_tag-antimilitarismo","9":"product_tag-icaria","10":"product_tag-pere-ortega-grasa","12":"first","13":"instock","14":"sold-individually","15":"shipping-taxable","16":"purchasable","17":"product-type-simple"},"yoast_head":"<!-- This site is optimized with the Yoast SEO plugin v27.3 - https:\/\/yoast.com\/product\/yoast-seo-wordpress\/ -->\n<title>Dinero y militarismo. del franquismo a la democracia (1939-2018) &#8212; Zapateneo<\/title>\n<meta name=\"robots\" content=\"index, follow, max-snippet:-1, max-image-preview:large, max-video-preview:-1\" \/>\n<link rel=\"canonical\" href=\"https:\/\/zapateneo.net\/wordpress\/index.php\/producto\/dinero-y-militarismo-del-franquismo-a-la-democracia-1939-2018\/\" \/>\n<meta property=\"og:locale\" content=\"es_ES\" \/>\n<meta property=\"og:type\" content=\"article\" \/>\n<meta property=\"og:title\" content=\"Dinero y militarismo. del franquismo a la democracia (1939-2018) &#8212; Zapateneo\" \/>\n<meta property=\"og:description\" content=\"Ortega Grasa, Pere 9788498889376 - Icaria Editorial - 2019 - 208 p\u00e1ginas \/orri.\" \/>\n<meta property=\"og:url\" content=\"https:\/\/zapateneo.net\/wordpress\/index.php\/producto\/dinero-y-militarismo-del-franquismo-a-la-democracia-1939-2018\/\" \/>\n<meta property=\"og:site_name\" content=\"Zapateneo\" \/>\n<meta property=\"article:modified_time\" content=\"2023-05-05T14:53:56+00:00\" \/>\n<meta property=\"og:image\" content=\"https:\/\/zapateneo.net\/wordpress\/wp-content\/uploads\/2021\/04\/var_www_webhontzanet_public_html_es_imagenes_9788498_978849888937.gif\" \/>\n\t<meta property=\"og:image:width\" content=\"185\" \/>\n\t<meta property=\"og:image:height\" content=\"300\" \/>\n\t<meta property=\"og:image:type\" content=\"image\/gif\" \/>\n<meta name=\"twitter:card\" content=\"summary_large_image\" \/>\n<meta name=\"twitter:site\" content=\"@zapateneo\" \/>\n<meta name=\"twitter:label1\" content=\"Tiempo de lectura\" \/>\n\t<meta name=\"twitter:data1\" content=\"1 minuto\" \/>\n<script type=\"application\/ld+json\" class=\"yoast-schema-graph\">{\"@context\":\"https:\\\/\\\/schema.org\",\"@graph\":[{\"@type\":\"WebPage\",\"@id\":\"https:\\\/\\\/zapateneo.net\\\/wordpress\\\/index.php\\\/producto\\\/dinero-y-militarismo-del-franquismo-a-la-democracia-1939-2018\\\/\",\"url\":\"https:\\\/\\\/zapateneo.net\\\/wordpress\\\/index.php\\\/producto\\\/dinero-y-militarismo-del-franquismo-a-la-democracia-1939-2018\\\/\",\"name\":\"Dinero y militarismo. del franquismo a la democracia (1939-2018) &#8212; Zapateneo\",\"isPartOf\":{\"@id\":\"https:\\\/\\\/zapateneo.net\\\/wordpress\\\/#website\"},\"primaryImageOfPage\":{\"@id\":\"https:\\\/\\\/zapateneo.net\\\/wordpress\\\/index.php\\\/producto\\\/dinero-y-militarismo-del-franquismo-a-la-democracia-1939-2018\\\/#primaryimage\"},\"image\":{\"@id\":\"https:\\\/\\\/zapateneo.net\\\/wordpress\\\/index.php\\\/producto\\\/dinero-y-militarismo-del-franquismo-a-la-democracia-1939-2018\\\/#primaryimage\"},\"thumbnailUrl\":\"https:\\\/\\\/zapateneo.net\\\/wordpress\\\/wp-content\\\/uploads\\\/2021\\\/04\\\/var_www_webhontzanet_public_html_es_imagenes_9788498_978849888937.gif\",\"datePublished\":\"2021-04-08T15:58:24+00:00\",\"dateModified\":\"2023-05-05T14:53:56+00:00\",\"breadcrumb\":{\"@id\":\"https:\\\/\\\/zapateneo.net\\\/wordpress\\\/index.php\\\/producto\\\/dinero-y-militarismo-del-franquismo-a-la-democracia-1939-2018\\\/#breadcrumb\"},\"inLanguage\":\"es\",\"potentialAction\":[{\"@type\":\"ReadAction\",\"target\":[\"https:\\\/\\\/zapateneo.net\\\/wordpress\\\/index.php\\\/producto\\\/dinero-y-militarismo-del-franquismo-a-la-democracia-1939-2018\\\/\"]}]},{\"@type\":\"ImageObject\",\"inLanguage\":\"es\",\"@id\":\"https:\\\/\\\/zapateneo.net\\\/wordpress\\\/index.php\\\/producto\\\/dinero-y-militarismo-del-franquismo-a-la-democracia-1939-2018\\\/#primaryimage\",\"url\":\"https:\\\/\\\/zapateneo.net\\\/wordpress\\\/wp-content\\\/uploads\\\/2021\\\/04\\\/var_www_webhontzanet_public_html_es_imagenes_9788498_978849888937.gif\",\"contentUrl\":\"https:\\\/\\\/zapateneo.net\\\/wordpress\\\/wp-content\\\/uploads\\\/2021\\\/04\\\/var_www_webhontzanet_public_html_es_imagenes_9788498_978849888937.gif\",\"width\":185,\"height\":300},{\"@type\":\"BreadcrumbList\",\"@id\":\"https:\\\/\\\/zapateneo.net\\\/wordpress\\\/index.php\\\/producto\\\/dinero-y-militarismo-del-franquismo-a-la-democracia-1939-2018\\\/#breadcrumb\",\"itemListElement\":[{\"@type\":\"ListItem\",\"position\":1,\"name\":\"Portada\",\"item\":\"https:\\\/\\\/zapateneo.net\\\/wordpress\\\/\"},{\"@type\":\"ListItem\",\"position\":2,\"name\":\"Tienda\",\"item\":\"https:\\\/\\\/zapateneo.net\\\/wordpress\\\/\"},{\"@type\":\"ListItem\",\"position\":3,\"name\":\"Dinero y militarismo. del franquismo a la democracia (1939-2018)\"}]},{\"@type\":\"WebSite\",\"@id\":\"https:\\\/\\\/zapateneo.net\\\/wordpress\\\/#website\",\"url\":\"https:\\\/\\\/zapateneo.net\\\/wordpress\\\/\",\"name\":\"Zapateneo\",\"description\":\"Zapateneoaren webgunea\",\"publisher\":{\"@id\":\"https:\\\/\\\/zapateneo.net\\\/wordpress\\\/#organization\"},\"potentialAction\":[{\"@type\":\"SearchAction\",\"target\":{\"@type\":\"EntryPoint\",\"urlTemplate\":\"https:\\\/\\\/zapateneo.net\\\/wordpress\\\/?s={search_term_string}\"},\"query-input\":{\"@type\":\"PropertyValueSpecification\",\"valueRequired\":true,\"valueName\":\"search_term_string\"}}],\"inLanguage\":\"es\"},{\"@type\":\"Organization\",\"@id\":\"https:\\\/\\\/zapateneo.net\\\/wordpress\\\/#organization\",\"name\":\"Zapateneo Kultur Elkartea\",\"url\":\"https:\\\/\\\/zapateneo.net\\\/wordpress\\\/\",\"logo\":{\"@type\":\"ImageObject\",\"inLanguage\":\"es\",\"@id\":\"https:\\\/\\\/zapateneo.net\\\/wordpress\\\/#\\\/schema\\\/logo\\\/image\\\/\",\"url\":\"https:\\\/\\\/zapateneo.net\\\/wordpress\\\/wp-content\\\/uploads\\\/2021\\\/04\\\/zap-libu-kolec.jpg\",\"contentUrl\":\"https:\\\/\\\/zapateneo.net\\\/wordpress\\\/wp-content\\\/uploads\\\/2021\\\/04\\\/zap-libu-kolec.jpg\",\"width\":2234,\"height\":398,\"caption\":\"Zapateneo Kultur Elkartea\"},\"image\":{\"@id\":\"https:\\\/\\\/zapateneo.net\\\/wordpress\\\/#\\\/schema\\\/logo\\\/image\\\/\"},\"sameAs\":[\"https:\\\/\\\/x.com\\\/zapateneo\"]}]}<\/script>\n<!-- \/ Yoast SEO plugin. -->","yoast_head_json":{"title":"Dinero y militarismo. del franquismo a la democracia (1939-2018) &#8212; Zapateneo","robots":{"index":"index","follow":"follow","max-snippet":"max-snippet:-1","max-image-preview":"max-image-preview:large","max-video-preview":"max-video-preview:-1"},"canonical":"https:\/\/zapateneo.net\/wordpress\/index.php\/producto\/dinero-y-militarismo-del-franquismo-a-la-democracia-1939-2018\/","og_locale":"es_ES","og_type":"article","og_title":"Dinero y militarismo. del franquismo a la democracia (1939-2018) &#8212; Zapateneo","og_description":"Ortega Grasa, Pere 9788498889376 - Icaria Editorial - 2019 - 208 p\u00e1ginas \/orri.","og_url":"https:\/\/zapateneo.net\/wordpress\/index.php\/producto\/dinero-y-militarismo-del-franquismo-a-la-democracia-1939-2018\/","og_site_name":"Zapateneo","article_modified_time":"2023-05-05T14:53:56+00:00","og_image":[{"width":185,"height":300,"url":"https:\/\/zapateneo.net\/wordpress\/wp-content\/uploads\/2021\/04\/var_www_webhontzanet_public_html_es_imagenes_9788498_978849888937.gif","type":"image\/gif"}],"twitter_card":"summary_large_image","twitter_site":"@zapateneo","twitter_misc":{"Tiempo de lectura":"1 minuto"},"schema":{"@context":"https:\/\/schema.org","@graph":[{"@type":"WebPage","@id":"https:\/\/zapateneo.net\/wordpress\/index.php\/producto\/dinero-y-militarismo-del-franquismo-a-la-democracia-1939-2018\/","url":"https:\/\/zapateneo.net\/wordpress\/index.php\/producto\/dinero-y-militarismo-del-franquismo-a-la-democracia-1939-2018\/","name":"Dinero y militarismo. del franquismo a la democracia (1939-2018) &#8212; Zapateneo","isPartOf":{"@id":"https:\/\/zapateneo.net\/wordpress\/#website"},"primaryImageOfPage":{"@id":"https:\/\/zapateneo.net\/wordpress\/index.php\/producto\/dinero-y-militarismo-del-franquismo-a-la-democracia-1939-2018\/#primaryimage"},"image":{"@id":"https:\/\/zapateneo.net\/wordpress\/index.php\/producto\/dinero-y-militarismo-del-franquismo-a-la-democracia-1939-2018\/#primaryimage"},"thumbnailUrl":"https:\/\/zapateneo.net\/wordpress\/wp-content\/uploads\/2021\/04\/var_www_webhontzanet_public_html_es_imagenes_9788498_978849888937.gif","datePublished":"2021-04-08T15:58:24+00:00","dateModified":"2023-05-05T14:53:56+00:00","breadcrumb":{"@id":"https:\/\/zapateneo.net\/wordpress\/index.php\/producto\/dinero-y-militarismo-del-franquismo-a-la-democracia-1939-2018\/#breadcrumb"},"inLanguage":"es","potentialAction":[{"@type":"ReadAction","target":["https:\/\/zapateneo.net\/wordpress\/index.php\/producto\/dinero-y-militarismo-del-franquismo-a-la-democracia-1939-2018\/"]}]},{"@type":"ImageObject","inLanguage":"es","@id":"https:\/\/zapateneo.net\/wordpress\/index.php\/producto\/dinero-y-militarismo-del-franquismo-a-la-democracia-1939-2018\/#primaryimage","url":"https:\/\/zapateneo.net\/wordpress\/wp-content\/uploads\/2021\/04\/var_www_webhontzanet_public_html_es_imagenes_9788498_978849888937.gif","contentUrl":"https:\/\/zapateneo.net\/wordpress\/wp-content\/uploads\/2021\/04\/var_www_webhontzanet_public_html_es_imagenes_9788498_978849888937.gif","width":185,"height":300},{"@type":"BreadcrumbList","@id":"https:\/\/zapateneo.net\/wordpress\/index.php\/producto\/dinero-y-militarismo-del-franquismo-a-la-democracia-1939-2018\/#breadcrumb","itemListElement":[{"@type":"ListItem","position":1,"name":"Portada","item":"https:\/\/zapateneo.net\/wordpress\/"},{"@type":"ListItem","position":2,"name":"Tienda","item":"https:\/\/zapateneo.net\/wordpress\/"},{"@type":"ListItem","position":3,"name":"Dinero y militarismo. del franquismo a la democracia (1939-2018)"}]},{"@type":"WebSite","@id":"https:\/\/zapateneo.net\/wordpress\/#website","url":"https:\/\/zapateneo.net\/wordpress\/","name":"Zapateneo","description":"Zapateneoaren webgunea","publisher":{"@id":"https:\/\/zapateneo.net\/wordpress\/#organization"},"potentialAction":[{"@type":"SearchAction","target":{"@type":"EntryPoint","urlTemplate":"https:\/\/zapateneo.net\/wordpress\/?s={search_term_string}"},"query-input":{"@type":"PropertyValueSpecification","valueRequired":true,"valueName":"search_term_string"}}],"inLanguage":"es"},{"@type":"Organization","@id":"https:\/\/zapateneo.net\/wordpress\/#organization","name":"Zapateneo Kultur Elkartea","url":"https:\/\/zapateneo.net\/wordpress\/","logo":{"@type":"ImageObject","inLanguage":"es","@id":"https:\/\/zapateneo.net\/wordpress\/#\/schema\/logo\/image\/","url":"https:\/\/zapateneo.net\/wordpress\/wp-content\/uploads\/2021\/04\/zap-libu-kolec.jpg","contentUrl":"https:\/\/zapateneo.net\/wordpress\/wp-content\/uploads\/2021\/04\/zap-libu-kolec.jpg","width":2234,"height":398,"caption":"Zapateneo Kultur Elkartea"},"image":{"@id":"https:\/\/zapateneo.net\/wordpress\/#\/schema\/logo\/image\/"},"sameAs":["https:\/\/x.com\/zapateneo"]}]}},"_links":{"self":[{"href":"https:\/\/zapateneo.net\/wordpress\/index.php\/wp-json\/wp\/v2\/product\/5097","targetHints":{"allow":["GET"]}}],"collection":[{"href":"https:\/\/zapateneo.net\/wordpress\/index.php\/wp-json\/wp\/v2\/product"}],"about":[{"href":"https:\/\/zapateneo.net\/wordpress\/index.php\/wp-json\/wp\/v2\/types\/product"}],"wp:featuredmedia":[{"embeddable":true,"href":"https:\/\/zapateneo.net\/wordpress\/index.php\/wp-json\/wp\/v2\/media\/5127"}],"wp:attachment":[{"href":"https:\/\/zapateneo.net\/wordpress\/index.php\/wp-json\/wp\/v2\/media?parent=5097"}],"wp:term":[{"taxonomy":"product_brand","embeddable":true,"href":"https:\/\/zapateneo.net\/wordpress\/index.php\/wp-json\/wp\/v2\/product_brand?post=5097"},{"taxonomy":"product_cat","embeddable":true,"href":"https:\/\/zapateneo.net\/wordpress\/index.php\/wp-json\/wp\/v2\/product_cat?post=5097"},{"taxonomy":"product_tag","embeddable":true,"href":"https:\/\/zapateneo.net\/wordpress\/index.php\/wp-json\/wp\/v2\/product_tag?post=5097"}],"curies":[{"name":"wp","href":"https:\/\/api.w.org\/{rel}","templated":true}]}}