{"id":5047,"date":"2021-04-08T16:48:37","date_gmt":"2021-04-08T15:48:37","guid":{"rendered":"https:\/\/zapateneo.net\/wordpress\/?post_type=product&#038;p=5047"},"modified":"2022-09-11T11:52:08","modified_gmt":"2022-09-11T10:52:08","slug":"telestreet-maquina-imaginativa-no-homologada","status":"publish","type":"product","link":"https:\/\/zapateneo.net\/wordpress\/index.php\/producto\/telestreet-maquina-imaginativa-no-homologada\/","title":{"rendered":"TELESTREET. M\u00e1quina imaginativa no homologada"},"content":{"rendered":"<p>El dominio de los grandes colosos de la comunicaci\u00f3n ha inundado de canales televisivos el paisaje medi\u00e1tico. Consecuencia de ello ha sido una inmensa sobrecarga informativa que coexiste con la proliferaci\u00f3n de la ch\u00e1chara y la banalizaci\u00f3n. Frente a la colonizaci\u00f3n de la esfera comunicativa por parte de los grandes grupos privados, es necesario afirmar un nuevo principio, sin el cual cualquier discurso acerca de la democracia corre el riesgo de perder consistencia: el de que la comunicaci\u00f3n es un espacio p\u00fablico. Los ciudadanos tienen derecho a utilizar los espacios comunicativos como usuarios, pero tambi\u00e9n como productores. Por ello las instituciones p\u00fablicas (ayuntamientos, gobiernos auton\u00f3micos y gobierno central) deben garantizar el derecho a tener acceso al \u00e9ter y a la banda ancha digital a los grupos que quieran acceder a ellos. Evidentemente, no es un asunto f\u00e1cil: los grandes grupos han conseguido que los sistemas de licencias y concesiones reviertan casi exclusivamente en su beneficio. Pero la experiencia italiana, donde en los m\u00e1rgenes del sistema oficial de comunicaci\u00f3n comenz\u00f3, durante la segunda mitad de 2002, a extenderse el fen\u00f3meno nuevo de las televisiones de calle, ha puesto en marcha un proceso de escape. Un n\u00famero creciente de personas est\u00e1 utilizando las tecnolog\u00edas de la comunicaci\u00f3n como instrumentos para crear espacios compartidos. Lo que sucedi\u00f3 con Internet en la segunda mitad de los a\u00f1os noventa podr\u00eda repetirse en el conjunto del paisaje medi\u00e1tico. El dominio centralizado de las grandes empresas puede combatirse no mediante la oposici\u00f3n, sino mediante la proliferaci\u00f3n. Estas televisiones, denominadas ya gen\u00e9ricamente Telestreet, est\u00e1n construyendo las condiciones sociales a partir de las que ser\u00e1 posible pedir a las instituciones p\u00fablicas que cumplan<br \/>\ncon su deber democr\u00e1tico, que no es el de hablar en lugar de los ciudadanos ni, menos a\u00fan, admitir que grupos de prepotentes invadan y privaticen el espacio p\u00fablico, sino el de permitir que los ciudadanos se expresen, se comuniquen, intercambien mensajes y creen puntos de atenci\u00f3n. Telestreet es una experiencia nueva que propone un modelo de comunicaci\u00f3n horizontal, fuertemente ligado a la dimensi\u00f3n territorial, pero abierto, al mismo tiempo, al paradigma de la red.<\/p>\n","protected":false},"excerpt":{"rendered":"<p><strong>Berardi, Franco<\/strong><br \/>\n9788496356009 &#8211; El viejo topo &#8211; &#8211; 208 p\u00e1ginas \/orri.<\/p>\n","protected":false},"featured_media":5076,"template":"","meta":[],"product_brand":[],"product_cat":[184,16],"product_tag":[661,111],"class_list":{"0":"post-5047","1":"product","2":"type-product","3":"status-publish","4":"has-post-thumbnail","6":"product_cat-komunikazioa-comunicacion","7":"product_cat-libros","8":"product_tag-berardi","9":"product_tag-el-viejo-topo","11":"first","12":"onbackorder","13":"sold-individually","14":"shipping-taxable","15":"purchasable","16":"product-type-simple"},"yoast_head":"<!-- This site is optimized with the Yoast SEO plugin v27.3 - https:\/\/yoast.com\/product\/yoast-seo-wordpress\/ -->\n<title>TELESTREET. M\u00e1quina imaginativa no homologada &#8212; Zapateneo<\/title>\n<meta name=\"robots\" content=\"index, follow, max-snippet:-1, max-image-preview:large, max-video-preview:-1\" \/>\n<link rel=\"canonical\" href=\"https:\/\/zapateneo.net\/wordpress\/index.php\/producto\/telestreet-maquina-imaginativa-no-homologada\/\" \/>\n<meta property=\"og:locale\" content=\"es_ES\" \/>\n<meta property=\"og:type\" content=\"article\" \/>\n<meta property=\"og:title\" content=\"TELESTREET. M\u00e1quina imaginativa no homologada &#8212; Zapateneo\" \/>\n<meta property=\"og:description\" content=\"Berardi, Franco 9788496356009 - El viejo topo - - 208 p\u00e1ginas \/orri.\" \/>\n<meta property=\"og:url\" content=\"https:\/\/zapateneo.net\/wordpress\/index.php\/producto\/telestreet-maquina-imaginativa-no-homologada\/\" \/>\n<meta property=\"og:site_name\" content=\"Zapateneo\" \/>\n<meta property=\"article:modified_time\" content=\"2022-09-11T10:52:08+00:00\" \/>\n<meta property=\"og:image\" content=\"https:\/\/zapateneo.net\/wordpress\/wp-content\/uploads\/2021\/04\/3827.jpg\" \/>\n\t<meta property=\"og:image:width\" content=\"100\" \/>\n\t<meta property=\"og:image:height\" content=\"150\" \/>\n\t<meta property=\"og:image:type\" content=\"image\/jpeg\" \/>\n<meta name=\"twitter:card\" content=\"summary_large_image\" \/>\n<meta name=\"twitter:site\" content=\"@zapateneo\" \/>\n<meta name=\"twitter:label1\" content=\"Tiempo de lectura\" \/>\n\t<meta name=\"twitter:data1\" content=\"2 minutos\" \/>\n<script type=\"application\/ld+json\" class=\"yoast-schema-graph\">{\"@context\":\"https:\\\/\\\/schema.org\",\"@graph\":[{\"@type\":\"WebPage\",\"@id\":\"https:\\\/\\\/zapateneo.net\\\/wordpress\\\/index.php\\\/producto\\\/telestreet-maquina-imaginativa-no-homologada\\\/\",\"url\":\"https:\\\/\\\/zapateneo.net\\\/wordpress\\\/index.php\\\/producto\\\/telestreet-maquina-imaginativa-no-homologada\\\/\",\"name\":\"TELESTREET. M\u00e1quina imaginativa no homologada &#8212; Zapateneo\",\"isPartOf\":{\"@id\":\"https:\\\/\\\/zapateneo.net\\\/wordpress\\\/#website\"},\"primaryImageOfPage\":{\"@id\":\"https:\\\/\\\/zapateneo.net\\\/wordpress\\\/index.php\\\/producto\\\/telestreet-maquina-imaginativa-no-homologada\\\/#primaryimage\"},\"image\":{\"@id\":\"https:\\\/\\\/zapateneo.net\\\/wordpress\\\/index.php\\\/producto\\\/telestreet-maquina-imaginativa-no-homologada\\\/#primaryimage\"},\"thumbnailUrl\":\"https:\\\/\\\/zapateneo.net\\\/wordpress\\\/wp-content\\\/uploads\\\/2021\\\/04\\\/3827.jpg\",\"datePublished\":\"2021-04-08T15:48:37+00:00\",\"dateModified\":\"2022-09-11T10:52:08+00:00\",\"breadcrumb\":{\"@id\":\"https:\\\/\\\/zapateneo.net\\\/wordpress\\\/index.php\\\/producto\\\/telestreet-maquina-imaginativa-no-homologada\\\/#breadcrumb\"},\"inLanguage\":\"es\",\"potentialAction\":[{\"@type\":\"ReadAction\",\"target\":[\"https:\\\/\\\/zapateneo.net\\\/wordpress\\\/index.php\\\/producto\\\/telestreet-maquina-imaginativa-no-homologada\\\/\"]}]},{\"@type\":\"ImageObject\",\"inLanguage\":\"es\",\"@id\":\"https:\\\/\\\/zapateneo.net\\\/wordpress\\\/index.php\\\/producto\\\/telestreet-maquina-imaginativa-no-homologada\\\/#primaryimage\",\"url\":\"https:\\\/\\\/zapateneo.net\\\/wordpress\\\/wp-content\\\/uploads\\\/2021\\\/04\\\/3827.jpg\",\"contentUrl\":\"https:\\\/\\\/zapateneo.net\\\/wordpress\\\/wp-content\\\/uploads\\\/2021\\\/04\\\/3827.jpg\",\"width\":100,\"height\":150},{\"@type\":\"BreadcrumbList\",\"@id\":\"https:\\\/\\\/zapateneo.net\\\/wordpress\\\/index.php\\\/producto\\\/telestreet-maquina-imaginativa-no-homologada\\\/#breadcrumb\",\"itemListElement\":[{\"@type\":\"ListItem\",\"position\":1,\"name\":\"Portada\",\"item\":\"https:\\\/\\\/zapateneo.net\\\/wordpress\\\/\"},{\"@type\":\"ListItem\",\"position\":2,\"name\":\"Tienda\",\"item\":\"https:\\\/\\\/zapateneo.net\\\/wordpress\\\/\"},{\"@type\":\"ListItem\",\"position\":3,\"name\":\"TELESTREET. M\u00e1quina imaginativa no homologada\"}]},{\"@type\":\"WebSite\",\"@id\":\"https:\\\/\\\/zapateneo.net\\\/wordpress\\\/#website\",\"url\":\"https:\\\/\\\/zapateneo.net\\\/wordpress\\\/\",\"name\":\"Zapateneo\",\"description\":\"Zapateneoaren webgunea\",\"publisher\":{\"@id\":\"https:\\\/\\\/zapateneo.net\\\/wordpress\\\/#organization\"},\"potentialAction\":[{\"@type\":\"SearchAction\",\"target\":{\"@type\":\"EntryPoint\",\"urlTemplate\":\"https:\\\/\\\/zapateneo.net\\\/wordpress\\\/?s={search_term_string}\"},\"query-input\":{\"@type\":\"PropertyValueSpecification\",\"valueRequired\":true,\"valueName\":\"search_term_string\"}}],\"inLanguage\":\"es\"},{\"@type\":\"Organization\",\"@id\":\"https:\\\/\\\/zapateneo.net\\\/wordpress\\\/#organization\",\"name\":\"Zapateneo Kultur Elkartea\",\"url\":\"https:\\\/\\\/zapateneo.net\\\/wordpress\\\/\",\"logo\":{\"@type\":\"ImageObject\",\"inLanguage\":\"es\",\"@id\":\"https:\\\/\\\/zapateneo.net\\\/wordpress\\\/#\\\/schema\\\/logo\\\/image\\\/\",\"url\":\"https:\\\/\\\/zapateneo.net\\\/wordpress\\\/wp-content\\\/uploads\\\/2021\\\/04\\\/zap-libu-kolec.jpg\",\"contentUrl\":\"https:\\\/\\\/zapateneo.net\\\/wordpress\\\/wp-content\\\/uploads\\\/2021\\\/04\\\/zap-libu-kolec.jpg\",\"width\":2234,\"height\":398,\"caption\":\"Zapateneo Kultur Elkartea\"},\"image\":{\"@id\":\"https:\\\/\\\/zapateneo.net\\\/wordpress\\\/#\\\/schema\\\/logo\\\/image\\\/\"},\"sameAs\":[\"https:\\\/\\\/x.com\\\/zapateneo\"]}]}<\/script>\n<!-- \/ Yoast SEO plugin. -->","yoast_head_json":{"title":"TELESTREET. M\u00e1quina imaginativa no homologada &#8212; Zapateneo","robots":{"index":"index","follow":"follow","max-snippet":"max-snippet:-1","max-image-preview":"max-image-preview:large","max-video-preview":"max-video-preview:-1"},"canonical":"https:\/\/zapateneo.net\/wordpress\/index.php\/producto\/telestreet-maquina-imaginativa-no-homologada\/","og_locale":"es_ES","og_type":"article","og_title":"TELESTREET. M\u00e1quina imaginativa no homologada &#8212; Zapateneo","og_description":"Berardi, Franco 9788496356009 - El viejo topo - - 208 p\u00e1ginas \/orri.","og_url":"https:\/\/zapateneo.net\/wordpress\/index.php\/producto\/telestreet-maquina-imaginativa-no-homologada\/","og_site_name":"Zapateneo","article_modified_time":"2022-09-11T10:52:08+00:00","og_image":[{"width":100,"height":150,"url":"https:\/\/zapateneo.net\/wordpress\/wp-content\/uploads\/2021\/04\/3827.jpg","type":"image\/jpeg"}],"twitter_card":"summary_large_image","twitter_site":"@zapateneo","twitter_misc":{"Tiempo de lectura":"2 minutos"},"schema":{"@context":"https:\/\/schema.org","@graph":[{"@type":"WebPage","@id":"https:\/\/zapateneo.net\/wordpress\/index.php\/producto\/telestreet-maquina-imaginativa-no-homologada\/","url":"https:\/\/zapateneo.net\/wordpress\/index.php\/producto\/telestreet-maquina-imaginativa-no-homologada\/","name":"TELESTREET. M\u00e1quina imaginativa no homologada &#8212; Zapateneo","isPartOf":{"@id":"https:\/\/zapateneo.net\/wordpress\/#website"},"primaryImageOfPage":{"@id":"https:\/\/zapateneo.net\/wordpress\/index.php\/producto\/telestreet-maquina-imaginativa-no-homologada\/#primaryimage"},"image":{"@id":"https:\/\/zapateneo.net\/wordpress\/index.php\/producto\/telestreet-maquina-imaginativa-no-homologada\/#primaryimage"},"thumbnailUrl":"https:\/\/zapateneo.net\/wordpress\/wp-content\/uploads\/2021\/04\/3827.jpg","datePublished":"2021-04-08T15:48:37+00:00","dateModified":"2022-09-11T10:52:08+00:00","breadcrumb":{"@id":"https:\/\/zapateneo.net\/wordpress\/index.php\/producto\/telestreet-maquina-imaginativa-no-homologada\/#breadcrumb"},"inLanguage":"es","potentialAction":[{"@type":"ReadAction","target":["https:\/\/zapateneo.net\/wordpress\/index.php\/producto\/telestreet-maquina-imaginativa-no-homologada\/"]}]},{"@type":"ImageObject","inLanguage":"es","@id":"https:\/\/zapateneo.net\/wordpress\/index.php\/producto\/telestreet-maquina-imaginativa-no-homologada\/#primaryimage","url":"https:\/\/zapateneo.net\/wordpress\/wp-content\/uploads\/2021\/04\/3827.jpg","contentUrl":"https:\/\/zapateneo.net\/wordpress\/wp-content\/uploads\/2021\/04\/3827.jpg","width":100,"height":150},{"@type":"BreadcrumbList","@id":"https:\/\/zapateneo.net\/wordpress\/index.php\/producto\/telestreet-maquina-imaginativa-no-homologada\/#breadcrumb","itemListElement":[{"@type":"ListItem","position":1,"name":"Portada","item":"https:\/\/zapateneo.net\/wordpress\/"},{"@type":"ListItem","position":2,"name":"Tienda","item":"https:\/\/zapateneo.net\/wordpress\/"},{"@type":"ListItem","position":3,"name":"TELESTREET. M\u00e1quina imaginativa no homologada"}]},{"@type":"WebSite","@id":"https:\/\/zapateneo.net\/wordpress\/#website","url":"https:\/\/zapateneo.net\/wordpress\/","name":"Zapateneo","description":"Zapateneoaren webgunea","publisher":{"@id":"https:\/\/zapateneo.net\/wordpress\/#organization"},"potentialAction":[{"@type":"SearchAction","target":{"@type":"EntryPoint","urlTemplate":"https:\/\/zapateneo.net\/wordpress\/?s={search_term_string}"},"query-input":{"@type":"PropertyValueSpecification","valueRequired":true,"valueName":"search_term_string"}}],"inLanguage":"es"},{"@type":"Organization","@id":"https:\/\/zapateneo.net\/wordpress\/#organization","name":"Zapateneo Kultur Elkartea","url":"https:\/\/zapateneo.net\/wordpress\/","logo":{"@type":"ImageObject","inLanguage":"es","@id":"https:\/\/zapateneo.net\/wordpress\/#\/schema\/logo\/image\/","url":"https:\/\/zapateneo.net\/wordpress\/wp-content\/uploads\/2021\/04\/zap-libu-kolec.jpg","contentUrl":"https:\/\/zapateneo.net\/wordpress\/wp-content\/uploads\/2021\/04\/zap-libu-kolec.jpg","width":2234,"height":398,"caption":"Zapateneo Kultur Elkartea"},"image":{"@id":"https:\/\/zapateneo.net\/wordpress\/#\/schema\/logo\/image\/"},"sameAs":["https:\/\/x.com\/zapateneo"]}]}},"_links":{"self":[{"href":"https:\/\/zapateneo.net\/wordpress\/index.php\/wp-json\/wp\/v2\/product\/5047","targetHints":{"allow":["GET"]}}],"collection":[{"href":"https:\/\/zapateneo.net\/wordpress\/index.php\/wp-json\/wp\/v2\/product"}],"about":[{"href":"https:\/\/zapateneo.net\/wordpress\/index.php\/wp-json\/wp\/v2\/types\/product"}],"wp:featuredmedia":[{"embeddable":true,"href":"https:\/\/zapateneo.net\/wordpress\/index.php\/wp-json\/wp\/v2\/media\/5076"}],"wp:attachment":[{"href":"https:\/\/zapateneo.net\/wordpress\/index.php\/wp-json\/wp\/v2\/media?parent=5047"}],"wp:term":[{"taxonomy":"product_brand","embeddable":true,"href":"https:\/\/zapateneo.net\/wordpress\/index.php\/wp-json\/wp\/v2\/product_brand?post=5047"},{"taxonomy":"product_cat","embeddable":true,"href":"https:\/\/zapateneo.net\/wordpress\/index.php\/wp-json\/wp\/v2\/product_cat?post=5047"},{"taxonomy":"product_tag","embeddable":true,"href":"https:\/\/zapateneo.net\/wordpress\/index.php\/wp-json\/wp\/v2\/product_tag?post=5047"}],"curies":[{"name":"wp","href":"https:\/\/api.w.org\/{rel}","templated":true}]}}