{"id":5029,"date":"2021-04-08T16:48:05","date_gmt":"2021-04-08T15:48:05","guid":{"rendered":"https:\/\/zapateneo.net\/wordpress\/?post_type=product&#038;p=5029"},"modified":"2023-04-12T17:24:37","modified_gmt":"2023-04-12T16:24:37","slug":"periodismo-de-investigacion-y-pseudoperiodismo","status":"publish","type":"product","link":"https:\/\/zapateneo.net\/wordpress\/index.php\/producto\/periodismo-de-investigacion-y-pseudoperiodismo\/","title":{"rendered":"Periodismo de investigaci\u00f3n y pseudoperiodismo"},"content":{"rendered":"<p>No todo lo que se presenta ante los ojos del espectador se puede llamar periodismo de investigaci\u00f3n. Para poder interpretar correctamente los grandes esc\u00e1ndalos que airea la prensa, el profesor de la Universidad de Sevilla Ram\u00f3n Reig realiza en esta obra un recorrido por el periodismo de investigaci\u00f3n, recogiendo casos que, a su juicio, pueden considerarse investigaci\u00f3n period\u00edstica y enfrent\u00e1ndolos a otros que son meros reportajes promocionales o de escasa profundidad. Para ello, el autor ha dividido la obra en tres bloques. En el primero de ellos, Realidades, realiza una breve introducci\u00f3n sobre la realidad del periodismo y en concreto del periodismo de investigaci\u00f3n. Reig recalca la idea de la dependencia que los medios de comunicaci\u00f3n mantienen respecto a una econom\u00eda cada vez m\u00e1s concentrada. Seg\u00fan sus propias palabras, \u00abel periodista se halla en la actualidad m\u00e1s inmerso que nunca en una din\u00e1mica estructural que lo sit\u00faa en el seno de una red de interconexiones empresariales de todo tipo\u00bb. Este factor propicia que muchos medios de comunicaci\u00f3n no potencien el periodismo de investigaci\u00f3n y que en muchos casos censuren al periodista en la publicaci\u00f3n de una informaci\u00f3n de inter\u00e9s para la sociedad, pero perjudicial para estos grupos medi\u00e1ticos. Despu\u00e9s de esta breve introducci\u00f3n, el autor pasa a delimitar lo que se entiende por periodismo de investigaci\u00f3n. Son muchas las definiciones que se dan al respecto, pero todas ellas comparten varios puntos en com\u00fan: para que un periodismo de investigaci\u00f3n se considere tal, la idea tiene que partir del periodista, que debe conducir en todo momento su labor y adoptar un car\u00e1cter de hermetismo en torno al tema estudiado; las fuentes de informaci\u00f3n deben ser numerosas para as\u00ed poder contrastar las opiniones; y, por supuesto, la investigaci\u00f3n debe descubrir algo novedoso que hasta entonces le era desconocido a la sociedad. De esta forma, Ram\u00f3n Reig nos aproxima a los fundamentos cient\u00edficos-te\u00f3ricos de un tipo de periodismo que en la actualidad se encuentra en v\u00edas de extinci\u00f3n, siendo sustituido por lo que el autor denomina una suerte de pseudoperiodismo que, desde la d\u00e9cada de los noventa en Espa\u00f1a, nos permite hacer un paralelismo entre el llamado periodismo de filtraciones y el periodismo de investigaci\u00f3n, cuando son realidades distintas. En cualquier caso, Reig insiste en que el periodismo de investigaci\u00f3n es bastante complicado y requiere demasiado trabajo como para poder producir uno o m\u00e1s reportajes semanales, que es lo que determinados programas de televisi\u00f3n pretenden hacer creer al telespectador. En principio, todo periodismo deber\u00eda ser o tener un porcentaje alto de investigaci\u00f3n, pero las rutinas de trabajo y los factores estructurales ya citados, empujan al periodista \u00aby a la empresa- a ofrecer una informaci\u00f3n que llega ya configurada: comunicados de prensa, dossieres, despachos de agencia&#8230; El periodista no se molesta en buscar otras fuentes, en indagar, en contrastar, convirti\u00e9ndose en esclavo de un sistema y una estructura de poder. Esto hace necesaria \u00aby a la vez dif\u00edcil- la existencia del llamado periodismo de investigaci\u00f3n, que como analiza Jos\u00e9 Manuel de Pablos Coello, y recoge Ram\u00f3n Reig, consta de cinco posibles pasos en su estado digamos m\u00e1s \u00abortodoxo\u00bb: Pista, Pesquisa, Publicaci\u00f3n, Presi\u00f3n y Prisi\u00f3n. Un periodismo que no s\u00f3lo se reduce al papel escrito, sino tambi\u00e9n al audiovisual, donde las t\u00e9cnicas de investigaci\u00f3n siguen siendo las mismas. No obstante, Reig aboga tambi\u00e9n por un periodismo indagatorio que dignifique la profesi\u00f3n period\u00edstica y que no tiene por qu\u00e9 conducir a los riesgos que expone De Pablos. Sencillamente, se trata de elaborar informaciones propias, transgresoras o no, que impriman personalidad a un medio de comunicaci\u00f3n. Esta primera parte incluye, adem\u00e1s, varios ejemplos de periodismo de investigaci\u00f3n realizados por alumnos del profesor Reig, todos del \u00faltimo curso de la licenciatura de Periodismo, lo que demuestra que uno de los objetivos del libro es did\u00e1ctico. El autor viene a decirnos: si alumnos que a\u00fan no son periodistas son capaces de \u00abdestapar\u00bb casos como los que aqu\u00ed se recogen, \u00bfpor qu\u00e9 no lo hacen con asiduidad los profesionales del periodismo? La segunda parte de la obra, Deseos, tiene el prop\u00f3sito de convertir la informaci\u00f3n superficial y rutinaria en investigaci\u00f3n, es decir, frente al pseudoperiodismo vigente, la originalidad y el trabajo constante. Pero para ello el periodista debe enfrentarse a muchos obst\u00e1culos y romper muchos muros y campos vedados en una sociedad que se define como democr\u00e1tica. De este modo, el periodismo se convierte en el portavoz de una estructura de poder, en una especie de esclavo de un sistema y de unas rutinas. (Sirva para comprender esto el ejemplo que sobre el estudio de las marcas de coches poco seguras fue rechazado en su d\u00eda en alg\u00fan medio de comunicaci\u00f3n al existir relaciones comerciales \u00abpublicidad- entre el mundo del autom\u00f3vil y el de la Comunicaci\u00f3n. Otros campos tambi\u00e9n vedados para los periodistas son la seguridad de las centrales nucleares, las actividades del Ej\u00e9rcito, las finanzas de la iglesia y la casa real, entre otras). Estas presiones y las ya citadas de tipo estructural, que dan lugar al recelo o temor de las fuentes a hablar con el periodista, originan una paradoja, una aparente contradicci\u00f3n en la democracia que el profesor Reig define como una Ley de Silencio, por supuesto no escrita. Finalmente, la obra se cierra con el bloque Falacias. A trav\u00e9s de varios ejemplos que sucedieron en el contexto espa\u00f1ol de los a\u00f1os noventa, el autor hace un comentario cr\u00edtico a la utilizaci\u00f3n de la moda del periodismo de investigaci\u00f3n por los medios de comunicaci\u00f3n y de algunas personas para desarrollar sus propias campa\u00f1as de propaganda y persecuci\u00f3n, algo que se mostr\u00f3 a la opini\u00f3n p\u00fablica como verdadero periodismo de investigaci\u00f3n y que no han sido m\u00e1s que filtraciones y denuncias interesadas. Adem\u00e1s, en esta parte se retoma la denominada Ley del Silencio, en esta ocasi\u00f3n para referirse a c\u00f3mo se pretenden ocultar en Espa\u00f1a determinados asuntos, como el caso GAL, neg\u00e1ndole al receptor su derecho a ser informado. En definitiva, estamos ante un interesante y pr\u00e1ctico libro que muestra los entresijos del periodismo de investigaci\u00f3n, sus caracter\u00edsticas y objetivos, las t\u00e9cnicas que utiliza, as\u00ed como los problemas que plantea en la actualidad. Una vez m\u00e1s, la estructura macroecon\u00f3mica que envuelve nuestro mundo hace acto de presencia en el sector de las comunicaciones, donde el<br \/>\nperiodismo parece una marioneta que se mueve al son de los intereses comerciales de los grandes grupos de comunicaci\u00f3n. Mar\u00eda Jos\u00e9 Garc\u00eda Orta.<\/p>\n","protected":false},"excerpt":{"rendered":"<p><strong>Reig, Ram\u00f3n<\/strong><br \/>\n9788479545581 &#8211; ediciones libertarias &#8211; 2000 &#8211; 160 p\u00e1ginas \/orri.<\/p>\n","protected":false},"featured_media":5073,"template":"","meta":[],"product_brand":[],"product_cat":[184,16],"product_tag":[410,6132],"class_list":{"0":"post-5029","1":"product","2":"type-product","3":"status-publish","4":"has-post-thumbnail","6":"product_cat-komunikazioa-comunicacion","7":"product_cat-libros","8":"product_tag-libertarias","9":"product_tag-ramon-reig","11":"first","12":"onbackorder","13":"sold-individually","14":"shipping-taxable","15":"purchasable","16":"product-type-simple"},"yoast_head":"<!-- This site is optimized with the Yoast SEO plugin v27.3 - https:\/\/yoast.com\/product\/yoast-seo-wordpress\/ -->\n<title>Periodismo de investigaci\u00f3n y pseudoperiodismo &#8212; Zapateneo<\/title>\n<meta name=\"robots\" content=\"index, follow, max-snippet:-1, max-image-preview:large, max-video-preview:-1\" \/>\n<link rel=\"canonical\" href=\"https:\/\/zapateneo.net\/wordpress\/index.php\/producto\/periodismo-de-investigacion-y-pseudoperiodismo\/\" \/>\n<meta property=\"og:locale\" content=\"es_ES\" \/>\n<meta property=\"og:type\" content=\"article\" \/>\n<meta property=\"og:title\" content=\"Periodismo de investigaci\u00f3n y pseudoperiodismo &#8212; Zapateneo\" \/>\n<meta property=\"og:description\" content=\"Reig, Ram\u00f3n 9788479545581 - ediciones libertarias - 2000 - 160 p\u00e1ginas \/orri.\" \/>\n<meta property=\"og:url\" content=\"https:\/\/zapateneo.net\/wordpress\/index.php\/producto\/periodismo-de-investigacion-y-pseudoperiodismo\/\" \/>\n<meta property=\"og:site_name\" content=\"Zapateneo\" \/>\n<meta property=\"article:modified_time\" content=\"2023-04-12T16:24:37+00:00\" \/>\n<meta property=\"og:image\" content=\"https:\/\/zapateneo.net\/wordpress\/wp-content\/uploads\/2021\/04\/4398.png\" \/>\n\t<meta property=\"og:image:width\" content=\"111\" \/>\n\t<meta property=\"og:image:height\" content=\"172\" \/>\n\t<meta property=\"og:image:type\" content=\"image\/png\" \/>\n<meta name=\"twitter:card\" content=\"summary_large_image\" \/>\n<meta name=\"twitter:site\" content=\"@zapateneo\" \/>\n<meta name=\"twitter:label1\" content=\"Tiempo de lectura\" \/>\n\t<meta name=\"twitter:data1\" content=\"6 minutos\" \/>\n<script type=\"application\/ld+json\" class=\"yoast-schema-graph\">{\"@context\":\"https:\\\/\\\/schema.org\",\"@graph\":[{\"@type\":\"WebPage\",\"@id\":\"https:\\\/\\\/zapateneo.net\\\/wordpress\\\/index.php\\\/producto\\\/periodismo-de-investigacion-y-pseudoperiodismo\\\/\",\"url\":\"https:\\\/\\\/zapateneo.net\\\/wordpress\\\/index.php\\\/producto\\\/periodismo-de-investigacion-y-pseudoperiodismo\\\/\",\"name\":\"Periodismo de investigaci\u00f3n y pseudoperiodismo &#8212; Zapateneo\",\"isPartOf\":{\"@id\":\"https:\\\/\\\/zapateneo.net\\\/wordpress\\\/#website\"},\"primaryImageOfPage\":{\"@id\":\"https:\\\/\\\/zapateneo.net\\\/wordpress\\\/index.php\\\/producto\\\/periodismo-de-investigacion-y-pseudoperiodismo\\\/#primaryimage\"},\"image\":{\"@id\":\"https:\\\/\\\/zapateneo.net\\\/wordpress\\\/index.php\\\/producto\\\/periodismo-de-investigacion-y-pseudoperiodismo\\\/#primaryimage\"},\"thumbnailUrl\":\"https:\\\/\\\/zapateneo.net\\\/wordpress\\\/wp-content\\\/uploads\\\/2021\\\/04\\\/4398.png\",\"datePublished\":\"2021-04-08T15:48:05+00:00\",\"dateModified\":\"2023-04-12T16:24:37+00:00\",\"breadcrumb\":{\"@id\":\"https:\\\/\\\/zapateneo.net\\\/wordpress\\\/index.php\\\/producto\\\/periodismo-de-investigacion-y-pseudoperiodismo\\\/#breadcrumb\"},\"inLanguage\":\"es\",\"potentialAction\":[{\"@type\":\"ReadAction\",\"target\":[\"https:\\\/\\\/zapateneo.net\\\/wordpress\\\/index.php\\\/producto\\\/periodismo-de-investigacion-y-pseudoperiodismo\\\/\"]}]},{\"@type\":\"ImageObject\",\"inLanguage\":\"es\",\"@id\":\"https:\\\/\\\/zapateneo.net\\\/wordpress\\\/index.php\\\/producto\\\/periodismo-de-investigacion-y-pseudoperiodismo\\\/#primaryimage\",\"url\":\"https:\\\/\\\/zapateneo.net\\\/wordpress\\\/wp-content\\\/uploads\\\/2021\\\/04\\\/4398.png\",\"contentUrl\":\"https:\\\/\\\/zapateneo.net\\\/wordpress\\\/wp-content\\\/uploads\\\/2021\\\/04\\\/4398.png\",\"width\":111,\"height\":172},{\"@type\":\"BreadcrumbList\",\"@id\":\"https:\\\/\\\/zapateneo.net\\\/wordpress\\\/index.php\\\/producto\\\/periodismo-de-investigacion-y-pseudoperiodismo\\\/#breadcrumb\",\"itemListElement\":[{\"@type\":\"ListItem\",\"position\":1,\"name\":\"Portada\",\"item\":\"https:\\\/\\\/zapateneo.net\\\/wordpress\\\/\"},{\"@type\":\"ListItem\",\"position\":2,\"name\":\"Tienda\",\"item\":\"https:\\\/\\\/zapateneo.net\\\/wordpress\\\/\"},{\"@type\":\"ListItem\",\"position\":3,\"name\":\"Periodismo de investigaci\u00f3n y pseudoperiodismo\"}]},{\"@type\":\"WebSite\",\"@id\":\"https:\\\/\\\/zapateneo.net\\\/wordpress\\\/#website\",\"url\":\"https:\\\/\\\/zapateneo.net\\\/wordpress\\\/\",\"name\":\"Zapateneo\",\"description\":\"Zapateneoaren webgunea\",\"publisher\":{\"@id\":\"https:\\\/\\\/zapateneo.net\\\/wordpress\\\/#organization\"},\"potentialAction\":[{\"@type\":\"SearchAction\",\"target\":{\"@type\":\"EntryPoint\",\"urlTemplate\":\"https:\\\/\\\/zapateneo.net\\\/wordpress\\\/?s={search_term_string}\"},\"query-input\":{\"@type\":\"PropertyValueSpecification\",\"valueRequired\":true,\"valueName\":\"search_term_string\"}}],\"inLanguage\":\"es\"},{\"@type\":\"Organization\",\"@id\":\"https:\\\/\\\/zapateneo.net\\\/wordpress\\\/#organization\",\"name\":\"Zapateneo Kultur Elkartea\",\"url\":\"https:\\\/\\\/zapateneo.net\\\/wordpress\\\/\",\"logo\":{\"@type\":\"ImageObject\",\"inLanguage\":\"es\",\"@id\":\"https:\\\/\\\/zapateneo.net\\\/wordpress\\\/#\\\/schema\\\/logo\\\/image\\\/\",\"url\":\"https:\\\/\\\/zapateneo.net\\\/wordpress\\\/wp-content\\\/uploads\\\/2021\\\/04\\\/zap-libu-kolec.jpg\",\"contentUrl\":\"https:\\\/\\\/zapateneo.net\\\/wordpress\\\/wp-content\\\/uploads\\\/2021\\\/04\\\/zap-libu-kolec.jpg\",\"width\":2234,\"height\":398,\"caption\":\"Zapateneo Kultur Elkartea\"},\"image\":{\"@id\":\"https:\\\/\\\/zapateneo.net\\\/wordpress\\\/#\\\/schema\\\/logo\\\/image\\\/\"},\"sameAs\":[\"https:\\\/\\\/x.com\\\/zapateneo\"]}]}<\/script>\n<!-- \/ Yoast SEO plugin. -->","yoast_head_json":{"title":"Periodismo de investigaci\u00f3n y pseudoperiodismo &#8212; Zapateneo","robots":{"index":"index","follow":"follow","max-snippet":"max-snippet:-1","max-image-preview":"max-image-preview:large","max-video-preview":"max-video-preview:-1"},"canonical":"https:\/\/zapateneo.net\/wordpress\/index.php\/producto\/periodismo-de-investigacion-y-pseudoperiodismo\/","og_locale":"es_ES","og_type":"article","og_title":"Periodismo de investigaci\u00f3n y pseudoperiodismo &#8212; Zapateneo","og_description":"Reig, Ram\u00f3n 9788479545581 - ediciones libertarias - 2000 - 160 p\u00e1ginas \/orri.","og_url":"https:\/\/zapateneo.net\/wordpress\/index.php\/producto\/periodismo-de-investigacion-y-pseudoperiodismo\/","og_site_name":"Zapateneo","article_modified_time":"2023-04-12T16:24:37+00:00","og_image":[{"width":111,"height":172,"url":"https:\/\/zapateneo.net\/wordpress\/wp-content\/uploads\/2021\/04\/4398.png","type":"image\/png"}],"twitter_card":"summary_large_image","twitter_site":"@zapateneo","twitter_misc":{"Tiempo de lectura":"6 minutos"},"schema":{"@context":"https:\/\/schema.org","@graph":[{"@type":"WebPage","@id":"https:\/\/zapateneo.net\/wordpress\/index.php\/producto\/periodismo-de-investigacion-y-pseudoperiodismo\/","url":"https:\/\/zapateneo.net\/wordpress\/index.php\/producto\/periodismo-de-investigacion-y-pseudoperiodismo\/","name":"Periodismo de investigaci\u00f3n y pseudoperiodismo &#8212; Zapateneo","isPartOf":{"@id":"https:\/\/zapateneo.net\/wordpress\/#website"},"primaryImageOfPage":{"@id":"https:\/\/zapateneo.net\/wordpress\/index.php\/producto\/periodismo-de-investigacion-y-pseudoperiodismo\/#primaryimage"},"image":{"@id":"https:\/\/zapateneo.net\/wordpress\/index.php\/producto\/periodismo-de-investigacion-y-pseudoperiodismo\/#primaryimage"},"thumbnailUrl":"https:\/\/zapateneo.net\/wordpress\/wp-content\/uploads\/2021\/04\/4398.png","datePublished":"2021-04-08T15:48:05+00:00","dateModified":"2023-04-12T16:24:37+00:00","breadcrumb":{"@id":"https:\/\/zapateneo.net\/wordpress\/index.php\/producto\/periodismo-de-investigacion-y-pseudoperiodismo\/#breadcrumb"},"inLanguage":"es","potentialAction":[{"@type":"ReadAction","target":["https:\/\/zapateneo.net\/wordpress\/index.php\/producto\/periodismo-de-investigacion-y-pseudoperiodismo\/"]}]},{"@type":"ImageObject","inLanguage":"es","@id":"https:\/\/zapateneo.net\/wordpress\/index.php\/producto\/periodismo-de-investigacion-y-pseudoperiodismo\/#primaryimage","url":"https:\/\/zapateneo.net\/wordpress\/wp-content\/uploads\/2021\/04\/4398.png","contentUrl":"https:\/\/zapateneo.net\/wordpress\/wp-content\/uploads\/2021\/04\/4398.png","width":111,"height":172},{"@type":"BreadcrumbList","@id":"https:\/\/zapateneo.net\/wordpress\/index.php\/producto\/periodismo-de-investigacion-y-pseudoperiodismo\/#breadcrumb","itemListElement":[{"@type":"ListItem","position":1,"name":"Portada","item":"https:\/\/zapateneo.net\/wordpress\/"},{"@type":"ListItem","position":2,"name":"Tienda","item":"https:\/\/zapateneo.net\/wordpress\/"},{"@type":"ListItem","position":3,"name":"Periodismo de investigaci\u00f3n y pseudoperiodismo"}]},{"@type":"WebSite","@id":"https:\/\/zapateneo.net\/wordpress\/#website","url":"https:\/\/zapateneo.net\/wordpress\/","name":"Zapateneo","description":"Zapateneoaren webgunea","publisher":{"@id":"https:\/\/zapateneo.net\/wordpress\/#organization"},"potentialAction":[{"@type":"SearchAction","target":{"@type":"EntryPoint","urlTemplate":"https:\/\/zapateneo.net\/wordpress\/?s={search_term_string}"},"query-input":{"@type":"PropertyValueSpecification","valueRequired":true,"valueName":"search_term_string"}}],"inLanguage":"es"},{"@type":"Organization","@id":"https:\/\/zapateneo.net\/wordpress\/#organization","name":"Zapateneo Kultur Elkartea","url":"https:\/\/zapateneo.net\/wordpress\/","logo":{"@type":"ImageObject","inLanguage":"es","@id":"https:\/\/zapateneo.net\/wordpress\/#\/schema\/logo\/image\/","url":"https:\/\/zapateneo.net\/wordpress\/wp-content\/uploads\/2021\/04\/zap-libu-kolec.jpg","contentUrl":"https:\/\/zapateneo.net\/wordpress\/wp-content\/uploads\/2021\/04\/zap-libu-kolec.jpg","width":2234,"height":398,"caption":"Zapateneo Kultur Elkartea"},"image":{"@id":"https:\/\/zapateneo.net\/wordpress\/#\/schema\/logo\/image\/"},"sameAs":["https:\/\/x.com\/zapateneo"]}]}},"_links":{"self":[{"href":"https:\/\/zapateneo.net\/wordpress\/index.php\/wp-json\/wp\/v2\/product\/5029","targetHints":{"allow":["GET"]}}],"collection":[{"href":"https:\/\/zapateneo.net\/wordpress\/index.php\/wp-json\/wp\/v2\/product"}],"about":[{"href":"https:\/\/zapateneo.net\/wordpress\/index.php\/wp-json\/wp\/v2\/types\/product"}],"wp:featuredmedia":[{"embeddable":true,"href":"https:\/\/zapateneo.net\/wordpress\/index.php\/wp-json\/wp\/v2\/media\/5073"}],"wp:attachment":[{"href":"https:\/\/zapateneo.net\/wordpress\/index.php\/wp-json\/wp\/v2\/media?parent=5029"}],"wp:term":[{"taxonomy":"product_brand","embeddable":true,"href":"https:\/\/zapateneo.net\/wordpress\/index.php\/wp-json\/wp\/v2\/product_brand?post=5029"},{"taxonomy":"product_cat","embeddable":true,"href":"https:\/\/zapateneo.net\/wordpress\/index.php\/wp-json\/wp\/v2\/product_cat?post=5029"},{"taxonomy":"product_tag","embeddable":true,"href":"https:\/\/zapateneo.net\/wordpress\/index.php\/wp-json\/wp\/v2\/product_tag?post=5029"}],"curies":[{"name":"wp","href":"https:\/\/api.w.org\/{rel}","templated":true}]}}