{"id":5013,"date":"2021-04-08T16:48:01","date_gmt":"2021-04-08T15:48:01","guid":{"rendered":"https:\/\/zapateneo.net\/wordpress\/?post_type=product&#038;p=5013"},"modified":"2022-01-05T09:34:46","modified_gmt":"2022-01-05T08:34:46","slug":"el-lado-oscuro-de-google-historia-y-futuro-de-la-industria-de-los-metadatos","status":"publish","type":"product","link":"https:\/\/zapateneo.net\/wordpress\/index.php\/producto\/el-lado-oscuro-de-google-historia-y-futuro-de-la-industria-de-los-metadatos\/","title":{"rendered":"El lado oscuro de google. Historia y futuro de la industria de los metadatos"},"content":{"rendered":"<div>\n<p>Entre las bondades que Google difunde de s\u00ed misma no est\u00e1n las 133 webs censuradas en Europa, el sometimiento a las presiones censoras del Gobierno chino o la cancelaci\u00f3n de la publicidad del grupo ecologista Oceana 36 para evitar problemas con uno de sus inversores: la Royal Caribbean Cruise Lines. Solo tres ejemplos de como Google Corporation viola los principios de neutralidad y libertad de acceso y expresi\u00f3n en la Red para salvaguardar sus propios intereses.<\/p>\n<p>La imagen sobria y luminosa de su p\u00e1gina principal oculta un reverso m\u00e1s prosaico y turbio en el que se adentra\u00a0<em>El lado oscuro de Google<\/em>. \u00abDon\u2019t be evil\u00bb (no seas malo), el lema de cabecera de la multinacional que quiso ser un \u00abgigante bueno\u00bb, entra en abierta contradicci\u00f3n con la agresividad de su pol\u00edtica empresarial. El fichaje multimillonario del directivo de Microsoft Kai Fu-Lee, depositario de importantes secretos industriales, o la oferta de 50 millones de d\u00f3lares a AOL a cambio de romper su contrato con Yahoo!, muestran hasta qu\u00e9 punto Google ha asimilado las reglas de juego de las grandes corporaciones.<\/p>\n<p>Pero en su estrategia de expansi\u00f3n, Google tambi\u00e9n se aprovecha de la filosof\u00eda del software libre para su propio beneficio. Hace un uso selectivo del c\u00f3digo abierto para modificar programas cuyas mejoras no hace p\u00fablicas, pone a disposici\u00f3n libre de los programadores herramientas que le permiten controlar y apropiarse del trabajo realizado con ellas, y ofrece a sus trabajadores un 20% del tiempo de trabajo para investigaciones propias, que pasan a ser propiedad exclusiva de la empresa.<\/p>\n<p>Desde que en 1996 Larry Page y Sergei Brin desarrollaron uno de los algoritmos m\u00e1s famosos y mejor guardados del mundo, el Page Rank(TM), Google ha consolidado su car\u00e1cter de gran empresa hasta convertirse en el principal aspirante al monopolio de la informaci\u00f3n en la era digital. Esto, en parte, ha sido posible gracias a los gigantescos ingresos proporcionados por un modelo de publicidad personalizada, basada en los perfiles que la m\u00e1quina Google dibuja de los usuarios, utilizando el rastro que \u00e9stos dejan con el empleo diario del buscador y otros servicios de uso gratuito. El colectivo Ippolita muestra la clara ambici\u00f3n hegem\u00f3nica de Google y, con ella, uno de los principales peligros de nuestra era: la concentraci\u00f3n en unas pocas manos del acceso a la informaci\u00f3n y la tecnolog\u00eda, poniendo en riesgo un sinf\u00edn de derechos ya coartados en el mundo material y seriamente amenazados en el espacio virtual.<\/p>\n<p>&nbsp;<\/p>\n<\/div>\n<div class=\"row\">\n<div class=\"col-12 col-12-small\">\n<p>&nbsp;<\/p>\n<p><strong>Ippolita<\/strong>\u00a0es un grupo de investigaci\u00f3n compuesto por hackers y activistas so\u00adciales, un servidor y una comunidad de \u00abescribientes\u00bb, una encrucijada para compartir instrumentos y conocimientos entre el lenguaje del mundo digital y el lenguaje de la escritura. Su trabajo es un modo de acci\u00f3n directa, un lla\u00admamiento a no quedarse mirando, sino a intervenir en el torbellino de la tec\u00adnocultura, desarrollando formas de autoformaci\u00f3n y de puesta en com\u00fan de competencias a trav\u00e9s de pr\u00e1cticas comunitarias de escritura como modelo de autodefensa digital.<\/p>\n<p>Ippolita como colectivo tiene en su haber otro libro, Open non \u00e8 Free (Eleuthera, 2005), y adem\u00e1s gestiona un servidor independiente con el fin de dotarse de instrumentos independientes para elaborar proyectos y compartir informaci\u00f3n.<\/p>\n<p>Ippolita.net quiere ser un mapa en continua evoluci\u00f3n y transformaci\u00f3n capaz de enlazar universos diferentes, en la b\u00fasqueda permanente de todos los enlaces posibles, no solo en la Red. Tanto para elaborar El lado oscuro de Google co\u00admo Open non \u00e8 Free se han valido de Riso, un wiki y CMS (sistema de gesti\u00f3n de contenidos) de creaci\u00f3n propia que sirve para proyectos web de escritura colectiva.<br \/>\n&nbsp;<\/p>\n<\/div>\n<\/div>\n<p>&nbsp;<\/p>\n<p><a href=\"http:\/\/www.viruseditorial.net\/pags\/noticia.php?id=210\"><strong>\u00abClaus de l\u2019estrat\u00e8gia de domini cultural de Google\u00bb<\/strong><\/a>\u00a0(David Bou,\u00a0<em>Directa<\/em>)<\/p>\n<p><a href=\"http:\/\/www.viruseditorial.net\/pags\/noticia.php?id=211\" target=\"_blank\" rel=\"noopener\"><strong>\u00abEs mejor reflexionar antes de poner algo online. Debe ser algo que realmente merezca la pena compartir\u00bb<\/strong><\/a>\u00a0(L&#8217;Internauta,\u00a0<em>Vilaweb<\/em>)<\/p>\n<p><a href=\"http:\/\/www.viruseditorial.net\/pags\/noticia.php?id=212\" target=\"_blank\" rel=\"noopener\"><strong>\u00abNo acepten nada de extra\u00f1os. Nada es gratis, tampoco Google\u00bb<\/strong><\/a>\u00a0(Tatiana de la O,\u00a0<em>El Cabaret El\u00e8ctric<\/em>)<\/p>\n<p><a href=\"http:\/\/www.viruseditorial.net\/pags\/noticia.php?id=214\" target=\"_blank\" rel=\"noopener\"><strong>La otra cara del omnipresente Google<\/strong><\/a>\u00a0(<em>Noticias de Navarra<\/em>)<\/p>\n<p><a href=\"http:\/\/www.viruseditorial.net\/pags\/noticia.php?id=215\" target=\"_blank\" rel=\"noopener\"><strong>\u00abEsp\u00edritus y fantasmas. En eso parece que nos convertimos cuando empezamos a ser utensilios de la m\u00e1quina o de Google\u00bb<\/strong><\/a>\u00a0(Javier Gallego \u00abcrudo\u00bb, Carne Cruda,\u00a0<em>Radio 3<\/em>)<\/p>\n<p><a href=\"http:\/\/www.viruseditorial.net\/pags\/noticia.php?id=217\"><strong>\u00abMe espanta ese bot\u00f3n de Google que dice voy a tener suerte\u00bb<\/strong><\/a>\u00a0(Gara)<\/p>\n<p><a href=\"http:\/\/www.viruseditorial.net\/pags\/noticia.php?id=226\" target=\"_blank\" rel=\"noopener\"><strong><em>El lado oscuro de Google<\/em>\u00a0hace evidentes los atributos menos simp\u00e1ticos de la multinacional<\/strong><\/a>\u00a0(Javier Rodr\u00edguez Hidalgo,\u00a0<em>Le Monde Diplomatique<\/em>)<\/p>\n<p><a href=\"http:\/\/www.viruseditorial.net\/pags\/noticia.php?id=233\" target=\"_blank\" rel=\"noopener\"><strong>\u00abUna brillante presentaci\u00f3n de la historia y la arquitectura empresarial de Google\u00bb<\/strong><\/a>\u00a0(Bernab\u00e9 Sarabia,\u00a0<em>El Cultural<\/em>)<\/p>\n<p><a href=\"http:\/\/www.viruseditorial.net\/pags\/noticia.php?id=235\" target=\"_blank\" rel=\"noopener\"><strong>\u00abUn an\u00e1lisis riguroso y cr\u00edtico sobre los entresijos de Google\u00bb<\/strong><\/a>\u00a0(Luis Roca Jusmet,\u00a0<em>El Viejo Topo<\/em>)<\/p>\n<p><a href=\"http:\/\/www.viruseditorial.net\/pags\/noticia.php?id=243\" target=\"_blank\" rel=\"noopener\"><strong>\u00abUna revisi\u00f3n rigurosa de una de las corporaciones mundiales que controla el espacio de las comunicaciones digitales\u00bb<\/strong><\/a>\u00a0(Antonio Fern\u00e1ndez Vicente,\u00a0<em>Revista Latina de Comunicaci\u00f3n Social<\/em>)<\/p>\n<p><a href=\"http:\/\/www.viruseditorial.net\/pags\/noticia.php?id=255\" target=\"_blank\" rel=\"noopener\"><strong>\u00abEls ulls que tot ho veuen\u00bb<\/strong><\/a>\u00a0(Mois\u00e8s de Pablo,\u00a0<em>Diari de Girona<\/em>)<\/p>\n<p><a href=\"http:\/\/www.viruseditorial.net\/pags\/noticia.php?id=260\" target=\"_blank\" rel=\"noopener\"><strong>Perspectivas desconocidas sobre Google<\/strong><\/a>\u00a0(<em>SIC, revista de seguridad inform\u00e1tica<\/em>)<\/p>\n<hr \/>\n<div>\n<h2><a href=\"https:\/\/www.viruseditorial.net\/es\/editorial\/descargar-pdf\" target=\"_blank\" rel=\"noopener\">Libro en libre descarga de Virus Editorial<\/a><\/h2>\n<\/div>\n","protected":false},"excerpt":{"rendered":"<p><strong>Ippolita<\/strong><br \/>\n9788492559237 &#8211; Virus &#8211; 2010 &#8211; 208 p\u00e1ginas \/orri.<\/p>\n","protected":false},"featured_media":5043,"template":"","meta":[],"product_brand":[],"product_cat":[184,16],"product_tag":[4626,3230,57],"class_list":{"0":"post-5013","1":"product","2":"type-product","3":"status-publish","4":"has-post-thumbnail","6":"product_cat-komunikazioa-comunicacion","7":"product_cat-libros","8":"product_tag-deskargak","9":"product_tag-ippolita","10":"product_tag-virus","12":"first","13":"instock","14":"sold-individually","15":"shipping-taxable","16":"purchasable","17":"product-type-simple"},"yoast_head":"<!-- This site is optimized with the Yoast SEO plugin v27.3 - https:\/\/yoast.com\/product\/yoast-seo-wordpress\/ -->\n<title>El lado oscuro de google. Historia y futuro de la industria de los metadatos &#8212; Zapateneo<\/title>\n<meta name=\"robots\" content=\"index, follow, max-snippet:-1, max-image-preview:large, max-video-preview:-1\" \/>\n<link rel=\"canonical\" href=\"https:\/\/zapateneo.net\/wordpress\/index.php\/producto\/el-lado-oscuro-de-google-historia-y-futuro-de-la-industria-de-los-metadatos\/\" \/>\n<meta property=\"og:locale\" content=\"es_ES\" \/>\n<meta property=\"og:type\" content=\"article\" \/>\n<meta property=\"og:title\" content=\"El lado oscuro de google. Historia y futuro de la industria de los metadatos &#8212; Zapateneo\" \/>\n<meta property=\"og:description\" content=\"Ippolita 9788492559237 - Virus - 2010 - 208 p\u00e1ginas \/orri.\" \/>\n<meta property=\"og:url\" content=\"https:\/\/zapateneo.net\/wordpress\/index.php\/producto\/el-lado-oscuro-de-google-historia-y-futuro-de-la-industria-de-los-metadatos\/\" \/>\n<meta property=\"og:site_name\" content=\"Zapateneo\" \/>\n<meta property=\"article:modified_time\" content=\"2022-01-05T08:34:46+00:00\" \/>\n<meta property=\"og:image\" content=\"https:\/\/zapateneo.net\/wordpress\/wp-content\/uploads\/2021\/04\/6616.png\" \/>\n\t<meta property=\"og:image:width\" content=\"154\" \/>\n\t<meta property=\"og:image:height\" content=\"231\" \/>\n\t<meta property=\"og:image:type\" content=\"image\/png\" \/>\n<meta name=\"twitter:card\" content=\"summary_large_image\" \/>\n<meta name=\"twitter:site\" content=\"@zapateneo\" \/>\n<meta name=\"twitter:label1\" content=\"Tiempo de lectura\" \/>\n\t<meta name=\"twitter:data1\" content=\"4 minutos\" \/>\n<script type=\"application\/ld+json\" class=\"yoast-schema-graph\">{\"@context\":\"https:\\\/\\\/schema.org\",\"@graph\":[{\"@type\":\"WebPage\",\"@id\":\"https:\\\/\\\/zapateneo.net\\\/wordpress\\\/index.php\\\/producto\\\/el-lado-oscuro-de-google-historia-y-futuro-de-la-industria-de-los-metadatos\\\/\",\"url\":\"https:\\\/\\\/zapateneo.net\\\/wordpress\\\/index.php\\\/producto\\\/el-lado-oscuro-de-google-historia-y-futuro-de-la-industria-de-los-metadatos\\\/\",\"name\":\"El lado oscuro de google. Historia y futuro de la industria de los metadatos &#8212; Zapateneo\",\"isPartOf\":{\"@id\":\"https:\\\/\\\/zapateneo.net\\\/wordpress\\\/#website\"},\"primaryImageOfPage\":{\"@id\":\"https:\\\/\\\/zapateneo.net\\\/wordpress\\\/index.php\\\/producto\\\/el-lado-oscuro-de-google-historia-y-futuro-de-la-industria-de-los-metadatos\\\/#primaryimage\"},\"image\":{\"@id\":\"https:\\\/\\\/zapateneo.net\\\/wordpress\\\/index.php\\\/producto\\\/el-lado-oscuro-de-google-historia-y-futuro-de-la-industria-de-los-metadatos\\\/#primaryimage\"},\"thumbnailUrl\":\"https:\\\/\\\/zapateneo.net\\\/wordpress\\\/wp-content\\\/uploads\\\/2021\\\/04\\\/6616.png\",\"datePublished\":\"2021-04-08T15:48:01+00:00\",\"dateModified\":\"2022-01-05T08:34:46+00:00\",\"breadcrumb\":{\"@id\":\"https:\\\/\\\/zapateneo.net\\\/wordpress\\\/index.php\\\/producto\\\/el-lado-oscuro-de-google-historia-y-futuro-de-la-industria-de-los-metadatos\\\/#breadcrumb\"},\"inLanguage\":\"es\",\"potentialAction\":[{\"@type\":\"ReadAction\",\"target\":[\"https:\\\/\\\/zapateneo.net\\\/wordpress\\\/index.php\\\/producto\\\/el-lado-oscuro-de-google-historia-y-futuro-de-la-industria-de-los-metadatos\\\/\"]}]},{\"@type\":\"ImageObject\",\"inLanguage\":\"es\",\"@id\":\"https:\\\/\\\/zapateneo.net\\\/wordpress\\\/index.php\\\/producto\\\/el-lado-oscuro-de-google-historia-y-futuro-de-la-industria-de-los-metadatos\\\/#primaryimage\",\"url\":\"https:\\\/\\\/zapateneo.net\\\/wordpress\\\/wp-content\\\/uploads\\\/2021\\\/04\\\/6616.png\",\"contentUrl\":\"https:\\\/\\\/zapateneo.net\\\/wordpress\\\/wp-content\\\/uploads\\\/2021\\\/04\\\/6616.png\",\"width\":154,\"height\":231},{\"@type\":\"BreadcrumbList\",\"@id\":\"https:\\\/\\\/zapateneo.net\\\/wordpress\\\/index.php\\\/producto\\\/el-lado-oscuro-de-google-historia-y-futuro-de-la-industria-de-los-metadatos\\\/#breadcrumb\",\"itemListElement\":[{\"@type\":\"ListItem\",\"position\":1,\"name\":\"Portada\",\"item\":\"https:\\\/\\\/zapateneo.net\\\/wordpress\\\/\"},{\"@type\":\"ListItem\",\"position\":2,\"name\":\"Tienda\",\"item\":\"https:\\\/\\\/zapateneo.net\\\/wordpress\\\/\"},{\"@type\":\"ListItem\",\"position\":3,\"name\":\"El lado oscuro de google. Historia y futuro de la industria de los metadatos\"}]},{\"@type\":\"WebSite\",\"@id\":\"https:\\\/\\\/zapateneo.net\\\/wordpress\\\/#website\",\"url\":\"https:\\\/\\\/zapateneo.net\\\/wordpress\\\/\",\"name\":\"Zapateneo\",\"description\":\"Zapateneoaren webgunea\",\"publisher\":{\"@id\":\"https:\\\/\\\/zapateneo.net\\\/wordpress\\\/#organization\"},\"potentialAction\":[{\"@type\":\"SearchAction\",\"target\":{\"@type\":\"EntryPoint\",\"urlTemplate\":\"https:\\\/\\\/zapateneo.net\\\/wordpress\\\/?s={search_term_string}\"},\"query-input\":{\"@type\":\"PropertyValueSpecification\",\"valueRequired\":true,\"valueName\":\"search_term_string\"}}],\"inLanguage\":\"es\"},{\"@type\":\"Organization\",\"@id\":\"https:\\\/\\\/zapateneo.net\\\/wordpress\\\/#organization\",\"name\":\"Zapateneo Kultur Elkartea\",\"url\":\"https:\\\/\\\/zapateneo.net\\\/wordpress\\\/\",\"logo\":{\"@type\":\"ImageObject\",\"inLanguage\":\"es\",\"@id\":\"https:\\\/\\\/zapateneo.net\\\/wordpress\\\/#\\\/schema\\\/logo\\\/image\\\/\",\"url\":\"https:\\\/\\\/zapateneo.net\\\/wordpress\\\/wp-content\\\/uploads\\\/2021\\\/04\\\/zap-libu-kolec.jpg\",\"contentUrl\":\"https:\\\/\\\/zapateneo.net\\\/wordpress\\\/wp-content\\\/uploads\\\/2021\\\/04\\\/zap-libu-kolec.jpg\",\"width\":2234,\"height\":398,\"caption\":\"Zapateneo Kultur Elkartea\"},\"image\":{\"@id\":\"https:\\\/\\\/zapateneo.net\\\/wordpress\\\/#\\\/schema\\\/logo\\\/image\\\/\"},\"sameAs\":[\"https:\\\/\\\/x.com\\\/zapateneo\"]}]}<\/script>\n<!-- \/ Yoast SEO plugin. -->","yoast_head_json":{"title":"El lado oscuro de google. Historia y futuro de la industria de los metadatos &#8212; Zapateneo","robots":{"index":"index","follow":"follow","max-snippet":"max-snippet:-1","max-image-preview":"max-image-preview:large","max-video-preview":"max-video-preview:-1"},"canonical":"https:\/\/zapateneo.net\/wordpress\/index.php\/producto\/el-lado-oscuro-de-google-historia-y-futuro-de-la-industria-de-los-metadatos\/","og_locale":"es_ES","og_type":"article","og_title":"El lado oscuro de google. Historia y futuro de la industria de los metadatos &#8212; Zapateneo","og_description":"Ippolita 9788492559237 - Virus - 2010 - 208 p\u00e1ginas \/orri.","og_url":"https:\/\/zapateneo.net\/wordpress\/index.php\/producto\/el-lado-oscuro-de-google-historia-y-futuro-de-la-industria-de-los-metadatos\/","og_site_name":"Zapateneo","article_modified_time":"2022-01-05T08:34:46+00:00","og_image":[{"width":154,"height":231,"url":"https:\/\/zapateneo.net\/wordpress\/wp-content\/uploads\/2021\/04\/6616.png","type":"image\/png"}],"twitter_card":"summary_large_image","twitter_site":"@zapateneo","twitter_misc":{"Tiempo de lectura":"4 minutos"},"schema":{"@context":"https:\/\/schema.org","@graph":[{"@type":"WebPage","@id":"https:\/\/zapateneo.net\/wordpress\/index.php\/producto\/el-lado-oscuro-de-google-historia-y-futuro-de-la-industria-de-los-metadatos\/","url":"https:\/\/zapateneo.net\/wordpress\/index.php\/producto\/el-lado-oscuro-de-google-historia-y-futuro-de-la-industria-de-los-metadatos\/","name":"El lado oscuro de google. Historia y futuro de la industria de los metadatos &#8212; Zapateneo","isPartOf":{"@id":"https:\/\/zapateneo.net\/wordpress\/#website"},"primaryImageOfPage":{"@id":"https:\/\/zapateneo.net\/wordpress\/index.php\/producto\/el-lado-oscuro-de-google-historia-y-futuro-de-la-industria-de-los-metadatos\/#primaryimage"},"image":{"@id":"https:\/\/zapateneo.net\/wordpress\/index.php\/producto\/el-lado-oscuro-de-google-historia-y-futuro-de-la-industria-de-los-metadatos\/#primaryimage"},"thumbnailUrl":"https:\/\/zapateneo.net\/wordpress\/wp-content\/uploads\/2021\/04\/6616.png","datePublished":"2021-04-08T15:48:01+00:00","dateModified":"2022-01-05T08:34:46+00:00","breadcrumb":{"@id":"https:\/\/zapateneo.net\/wordpress\/index.php\/producto\/el-lado-oscuro-de-google-historia-y-futuro-de-la-industria-de-los-metadatos\/#breadcrumb"},"inLanguage":"es","potentialAction":[{"@type":"ReadAction","target":["https:\/\/zapateneo.net\/wordpress\/index.php\/producto\/el-lado-oscuro-de-google-historia-y-futuro-de-la-industria-de-los-metadatos\/"]}]},{"@type":"ImageObject","inLanguage":"es","@id":"https:\/\/zapateneo.net\/wordpress\/index.php\/producto\/el-lado-oscuro-de-google-historia-y-futuro-de-la-industria-de-los-metadatos\/#primaryimage","url":"https:\/\/zapateneo.net\/wordpress\/wp-content\/uploads\/2021\/04\/6616.png","contentUrl":"https:\/\/zapateneo.net\/wordpress\/wp-content\/uploads\/2021\/04\/6616.png","width":154,"height":231},{"@type":"BreadcrumbList","@id":"https:\/\/zapateneo.net\/wordpress\/index.php\/producto\/el-lado-oscuro-de-google-historia-y-futuro-de-la-industria-de-los-metadatos\/#breadcrumb","itemListElement":[{"@type":"ListItem","position":1,"name":"Portada","item":"https:\/\/zapateneo.net\/wordpress\/"},{"@type":"ListItem","position":2,"name":"Tienda","item":"https:\/\/zapateneo.net\/wordpress\/"},{"@type":"ListItem","position":3,"name":"El lado oscuro de google. Historia y futuro de la industria de los metadatos"}]},{"@type":"WebSite","@id":"https:\/\/zapateneo.net\/wordpress\/#website","url":"https:\/\/zapateneo.net\/wordpress\/","name":"Zapateneo","description":"Zapateneoaren webgunea","publisher":{"@id":"https:\/\/zapateneo.net\/wordpress\/#organization"},"potentialAction":[{"@type":"SearchAction","target":{"@type":"EntryPoint","urlTemplate":"https:\/\/zapateneo.net\/wordpress\/?s={search_term_string}"},"query-input":{"@type":"PropertyValueSpecification","valueRequired":true,"valueName":"search_term_string"}}],"inLanguage":"es"},{"@type":"Organization","@id":"https:\/\/zapateneo.net\/wordpress\/#organization","name":"Zapateneo Kultur Elkartea","url":"https:\/\/zapateneo.net\/wordpress\/","logo":{"@type":"ImageObject","inLanguage":"es","@id":"https:\/\/zapateneo.net\/wordpress\/#\/schema\/logo\/image\/","url":"https:\/\/zapateneo.net\/wordpress\/wp-content\/uploads\/2021\/04\/zap-libu-kolec.jpg","contentUrl":"https:\/\/zapateneo.net\/wordpress\/wp-content\/uploads\/2021\/04\/zap-libu-kolec.jpg","width":2234,"height":398,"caption":"Zapateneo Kultur Elkartea"},"image":{"@id":"https:\/\/zapateneo.net\/wordpress\/#\/schema\/logo\/image\/"},"sameAs":["https:\/\/x.com\/zapateneo"]}]}},"_links":{"self":[{"href":"https:\/\/zapateneo.net\/wordpress\/index.php\/wp-json\/wp\/v2\/product\/5013","targetHints":{"allow":["GET"]}}],"collection":[{"href":"https:\/\/zapateneo.net\/wordpress\/index.php\/wp-json\/wp\/v2\/product"}],"about":[{"href":"https:\/\/zapateneo.net\/wordpress\/index.php\/wp-json\/wp\/v2\/types\/product"}],"wp:featuredmedia":[{"embeddable":true,"href":"https:\/\/zapateneo.net\/wordpress\/index.php\/wp-json\/wp\/v2\/media\/5043"}],"wp:attachment":[{"href":"https:\/\/zapateneo.net\/wordpress\/index.php\/wp-json\/wp\/v2\/media?parent=5013"}],"wp:term":[{"taxonomy":"product_brand","embeddable":true,"href":"https:\/\/zapateneo.net\/wordpress\/index.php\/wp-json\/wp\/v2\/product_brand?post=5013"},{"taxonomy":"product_cat","embeddable":true,"href":"https:\/\/zapateneo.net\/wordpress\/index.php\/wp-json\/wp\/v2\/product_cat?post=5013"},{"taxonomy":"product_tag","embeddable":true,"href":"https:\/\/zapateneo.net\/wordpress\/index.php\/wp-json\/wp\/v2\/product_tag?post=5013"}],"curies":[{"name":"wp","href":"https:\/\/api.w.org\/{rel}","templated":true}]}}